{"id":17494,"date":"2019-07-04T19:13:01","date_gmt":"2019-07-04T17:13:01","guid":{"rendered":"https:\/\/atdb-production.studiograft.dev\/es\/?post_type=product&#038;p=17494"},"modified":"2026-02-19T14:55:49","modified_gmt":"2026-02-19T13:55:49","slug":"sx212","status":"publish","type":"product","link":"https:\/\/distribution.audio-technica.eu\/es-es\/productos\/sx212\/","title":{"rendered":"SX212"},"content":{"rendered":"<h2>SX212<\/h2>\n<h3>Subgrave compacto de radiaci\u00f3n directa 2&#215;12&#8243;<\/h3>\n<p>Equipado con dos transductores de alta eficiencia de 12&#8243; (300mm) \/ bobina de 3&#8243; (75mm) y gran proyecci\u00f3n, y puertos r\u00e9flex de tama\u00f1o optimizado para minimizar el ruido, el SX212 es el subgrave perfecto para aquellas situaciones en las que se requiere una amplia respuesta en graves y un sonido impactante a partir de un recinto compacto y discreto.<\/p>\n<p>El SX212 ha sido dise\u00f1ado para ser utilizado con sistemas de altavoces de gama complete, ampliando la gama de graves del sistema combinado hasta 40 Hz. El recinto est\u00e1 construido con madera laminada y est\u00e1 reforzado internamente para reducir la transmisi\u00f3n de energ\u00eda a los paneles del recinto. Su rejilla perforada ha sido pre curvada para evitar da\u00f1os; puede ser suministrado con puntos de volado opcionales.<\/p>\n<p>Como est\u00e1ndar, se presenta acabado en negro (RAL9005) o blanco (RAL9016), con puntos de volado integrados; bajo pedido, tambi\u00e9n puede suministrarse en cualquier color RAL. Cuando se utiliza en sistemas de gama completa, las funciones de crossover y EQ pueden ser realizadas por los controladores DX0.5 o DX4.0.<\/p>\n<p>&nbsp;<\/p>\n<p><strong>Caracter\u00edsticas Principales<\/strong><\/p>\n<ul>\n<li>Subgrave compacto de radiaci\u00f3n directa<\/li>\n<li>2 transductores de 12&#8243; (300mm) con bobina de 3&#8243; (75mm)<\/li>\n<li>Conos resistentes al agua<\/li>\n<li>Estilizado y compacto<\/li>\n<li>Grandes puertos para reducir el ruido del aire<\/li>\n<li>Rejilla de acero perforado<\/li>\n<li>Colores est\u00e1ndar: negro o blanco<\/li>\n<li>Puntos de volado integrados<\/li>\n<\/ul>\n<p>&nbsp;<\/p>\n<p><strong>Aplicaciones<\/strong><\/p>\n<ul>\n<li>Clubs de m\u00fasica en directo<\/li>\n<li>Clubs nocturnos<\/li>\n<li>Bares y restaurantes<\/li>\n<li>Museos y espacios AV<\/li>\n<li>Centros de convenciones<\/li>\n<li>Hoteles<\/li>\n<li>Tiendas<\/li>\n<li>Centros de ocio<\/li>\n<li>Templos<\/li>\n<\/ul>\n","protected":false},"excerpt":{"rendered":"<h3>Subgrave compacto de radiaci\u00f3n directa 2&#215;12&#8243;<\/h3>\n<ul>\n<li>Subgrave compacto de radiaci\u00f3n directa<\/li>\n<li>2 transductores de 12&#8243; (300mm) con bobina de 3&#8243; (75mm)<\/li>\n<li>Potencia: 800W AES, 3200W pico<\/li>\n<\/ul>\n","protected":false},"featured_media":17496,"template":"","meta":{"_acf_changed":false},"product_brand":[],"product_cat":[2083,2091,2084,2100,2085,2111],"product_tag":[],"class_list":{"0":"post-17494","1":"product","2":"type-product","3":"status-publish","4":"has-post-thumbnail","6":"product_cat-sistemas-sonido-directo","7":"product_cat-subgraves-sistemas-sonido-directo","8":"product_cat-sistemas-instalacion","9":"product_cat-subgraves-sistemas-instalacion","10":"product_cat-por-series-martin-audio","11":"product_cat-serie-sx-por-series-martin-audio","12":"product_series-serie-sx","14":"first","15":"instock","16":"shipping-taxable","17":"product-type-simple"},"acf":[],"yoast_head":"<!-- This site is optimized with the Yoast SEO plugin v27.1.1 - https:\/\/yoast.com\/product\/yoast-seo-wordpress\/ -->\n<title>SX212 - Audio-Technica Iberia<\/title>\n<meta name=\"robots\" content=\"index, follow, max-snippet:-1, max-image-preview:large, max-video-preview:-1\" \/>\n<link rel=\"canonical\" href=\"https:\/\/distribution.audio-technica.eu\/es-es\/productos\/sx212\/\" \/>\n<meta property=\"og:locale\" content=\"es_ES\" \/>\n<meta property=\"og:type\" content=\"article\" \/>\n<meta property=\"og:title\" content=\"SX212 - Audio-Technica Iberia\" \/>\n<meta property=\"og:description\" content=\"Subgrave compacto de radiaci\u00f3n directa 2x12&quot;   Subgrave compacto de radiaci\u00f3n directa  2 transductores de 12&quot; (300mm) con bobina de 3&quot; (75mm)  Potencia: 800W AES, 3200W pico\" \/>\n<meta property=\"og:url\" content=\"https:\/\/distribution.audio-technica.eu\/es-es\/productos\/sx212\/\" \/>\n<meta property=\"og:site_name\" content=\"Audio-Technica Iberia\" \/>\n<meta property=\"article:modified_time\" content=\"2026-02-19T13:55:49+00:00\" \/>\n<meta property=\"og:image\" content=\"https:\/\/distribution.audio-technica.eu\/app\/uploads\/sites\/2\/SX212.jpg\" \/>\n\t<meta property=\"og:image:width\" content=\"1024\" \/>\n\t<meta property=\"og:image:height\" content=\"1024\" \/>\n\t<meta property=\"og:image:type\" content=\"image\/jpeg\" \/>\n<meta name=\"twitter:card\" content=\"summary_large_image\" \/>\n<meta name=\"twitter:label1\" content=\"Tiempo de lectura\" \/>\n\t<meta name=\"twitter:data1\" content=\"2 minutos\" \/>\n<script type=\"application\/ld+json\" class=\"yoast-schema-graph\">{\"@context\":\"https:\/\/schema.org\",\"@graph\":[{\"@type\":\"WebPage\",\"@id\":\"https:\/\/distribution.audio-technica.eu\/es-es\/productos\/sx212\/\",\"url\":\"https:\/\/distribution.audio-technica.eu\/es-es\/productos\/sx212\/\",\"name\":\"SX212 - Audio-Technica Iberia\",\"isPartOf\":{\"@id\":\"https:\/\/distribution.audio-technica.eu\/es-es\/#website\"},\"primaryImageOfPage\":{\"@id\":\"https:\/\/distribution.audio-technica.eu\/es-es\/productos\/sx212\/#primaryimage\"},\"image\":{\"@id\":\"https:\/\/distribution.audio-technica.eu\/es-es\/productos\/sx212\/#primaryimage\"},\"thumbnailUrl\":\"\/app\/uploads\/sites\/2\/SX212.jpg\",\"datePublished\":\"2019-07-04T17:13:01+00:00\",\"dateModified\":\"2026-02-19T13:55:49+00:00\",\"breadcrumb\":{\"@id\":\"https:\/\/distribution.audio-technica.eu\/es-es\/productos\/sx212\/#breadcrumb\"},\"inLanguage\":\"es\",\"potentialAction\":[{\"@type\":\"ReadAction\",\"target\":[\"https:\/\/distribution.audio-technica.eu\/es-es\/productos\/sx212\/\"]}]},{\"@type\":\"ImageObject\",\"inLanguage\":\"es\",\"@id\":\"https:\/\/distribution.audio-technica.eu\/es-es\/productos\/sx212\/#primaryimage\",\"url\":\"\/app\/uploads\/sites\/2\/SX212.jpg\",\"contentUrl\":\"\/app\/uploads\/sites\/2\/SX212.jpg\",\"width\":1024,\"height\":1024},{\"@type\":\"BreadcrumbList\",\"@id\":\"https:\/\/distribution.audio-technica.eu\/es-es\/productos\/sx212\/#breadcrumb\",\"itemListElement\":[{\"@type\":\"ListItem\",\"position\":1,\"name\":\"Products\",\"item\":\"https:\/\/distribution.audio-technica.eu\/es-es\/\"},{\"@type\":\"ListItem\",\"position\":2,\"name\":\"Productos\",\"item\":\"https:\/\/distribution.audio-technica.eu\/es-es\/productos\/\"},{\"@type\":\"ListItem\",\"position\":3,\"name\":\"SX212\"}]},{\"@type\":\"WebSite\",\"@id\":\"https:\/\/distribution.audio-technica.eu\/es-es\/#website\",\"url\":\"https:\/\/distribution.audio-technica.eu\/es-es\/\",\"name\":\"Audio-Technica Iberia\",\"description\":\"Distribuci\u00f3n\",\"potentialAction\":[{\"@type\":\"SearchAction\",\"target\":{\"@type\":\"EntryPoint\",\"urlTemplate\":\"https:\/\/distribution.audio-technica.eu\/es-es\/?s={search_term_string}\"},\"query-input\":{\"@type\":\"PropertyValueSpecification\",\"valueRequired\":true,\"valueName\":\"search_term_string\"}}],\"inLanguage\":\"es\"}]}<\/script>\n<!-- \/ Yoast SEO plugin. -->","yoast_head_json":{"title":"SX212 - Audio-Technica Iberia","robots":{"index":"index","follow":"follow","max-snippet":"max-snippet:-1","max-image-preview":"max-image-preview:large","max-video-preview":"max-video-preview:-1"},"canonical":"https:\/\/distribution.audio-technica.eu\/es-es\/productos\/sx212\/","og_locale":"es_ES","og_type":"article","og_title":"SX212 - Audio-Technica Iberia","og_description":"Subgrave compacto de radiaci\u00f3n directa 2x12\"   Subgrave compacto de radiaci\u00f3n directa  2 transductores de 12\" (300mm) con bobina de 3\" (75mm)  Potencia: 800W AES, 3200W pico","og_url":"https:\/\/distribution.audio-technica.eu\/es-es\/productos\/sx212\/","og_site_name":"Audio-Technica Iberia","article_modified_time":"2026-02-19T13:55:49+00:00","og_image":[{"width":1024,"height":1024,"url":"https:\/\/distribution.audio-technica.eu\/app\/uploads\/sites\/2\/SX212.jpg","type":"image\/jpeg"}],"twitter_card":"summary_large_image","twitter_misc":{"Tiempo de lectura":"2 minutos"},"schema":{"@context":"https:\/\/schema.org","@graph":[{"@type":"WebPage","@id":"https:\/\/distribution.audio-technica.eu\/es-es\/productos\/sx212\/","url":"https:\/\/distribution.audio-technica.eu\/es-es\/productos\/sx212\/","name":"SX212 - Audio-Technica Iberia","isPartOf":{"@id":"https:\/\/distribution.audio-technica.eu\/es-es\/#website"},"primaryImageOfPage":{"@id":"https:\/\/distribution.audio-technica.eu\/es-es\/productos\/sx212\/#primaryimage"},"image":{"@id":"https:\/\/distribution.audio-technica.eu\/es-es\/productos\/sx212\/#primaryimage"},"thumbnailUrl":"\/app\/uploads\/sites\/2\/SX212.jpg","datePublished":"2019-07-04T17:13:01+00:00","dateModified":"2026-02-19T13:55:49+00:00","breadcrumb":{"@id":"https:\/\/distribution.audio-technica.eu\/es-es\/productos\/sx212\/#breadcrumb"},"inLanguage":"es","potentialAction":[{"@type":"ReadAction","target":["https:\/\/distribution.audio-technica.eu\/es-es\/productos\/sx212\/"]}]},{"@type":"ImageObject","inLanguage":"es","@id":"https:\/\/distribution.audio-technica.eu\/es-es\/productos\/sx212\/#primaryimage","url":"\/app\/uploads\/sites\/2\/SX212.jpg","contentUrl":"\/app\/uploads\/sites\/2\/SX212.jpg","width":1024,"height":1024},{"@type":"BreadcrumbList","@id":"https:\/\/distribution.audio-technica.eu\/es-es\/productos\/sx212\/#breadcrumb","itemListElement":[{"@type":"ListItem","position":1,"name":"Products","item":"https:\/\/distribution.audio-technica.eu\/es-es\/"},{"@type":"ListItem","position":2,"name":"Productos","item":"https:\/\/distribution.audio-technica.eu\/es-es\/productos\/"},{"@type":"ListItem","position":3,"name":"SX212"}]},{"@type":"WebSite","@id":"https:\/\/distribution.audio-technica.eu\/es-es\/#website","url":"https:\/\/distribution.audio-technica.eu\/es-es\/","name":"Audio-Technica Iberia","description":"Distribuci\u00f3n","potentialAction":[{"@type":"SearchAction","target":{"@type":"EntryPoint","urlTemplate":"https:\/\/distribution.audio-technica.eu\/es-es\/?s={search_term_string}"},"query-input":{"@type":"PropertyValueSpecification","valueRequired":true,"valueName":"search_term_string"}}],"inLanguage":"es"}]}},"_links":{"self":[{"href":"https:\/\/distribution.audio-technica.eu\/es-es\/wp-json\/wp\/v2\/product\/17494","targetHints":{"allow":["GET"]}}],"collection":[{"href":"https:\/\/distribution.audio-technica.eu\/es-es\/wp-json\/wp\/v2\/product"}],"about":[{"href":"https:\/\/distribution.audio-technica.eu\/es-es\/wp-json\/wp\/v2\/types\/product"}],"wp:featuredmedia":[{"embeddable":true,"href":"https:\/\/distribution.audio-technica.eu\/es-es\/wp-json\/wp\/v2\/media\/17496"}],"wp:attachment":[{"href":"https:\/\/distribution.audio-technica.eu\/es-es\/wp-json\/wp\/v2\/media?parent=17494"}],"wp:term":[{"taxonomy":"product_brand","embeddable":true,"href":"https:\/\/distribution.audio-technica.eu\/es-es\/wp-json\/wp\/v2\/product_brand?post=17494"},{"taxonomy":"product_cat","embeddable":true,"href":"https:\/\/distribution.audio-technica.eu\/es-es\/wp-json\/wp\/v2\/product_cat?post=17494"},{"taxonomy":"product_tag","embeddable":true,"href":"https:\/\/distribution.audio-technica.eu\/es-es\/wp-json\/wp\/v2\/product_tag?post=17494"}],"curies":[{"name":"wp","href":"https:\/\/api.w.org\/{rel}","templated":true}]}}