{"id":17497,"date":"2019-07-04T19:18:25","date_gmt":"2019-07-04T17:18:25","guid":{"rendered":"https:\/\/atdb-production.studiograft.dev\/es\/?post_type=product&#038;p=17497"},"modified":"2026-02-19T14:56:18","modified_gmt":"2026-02-19T13:56:18","slug":"sx218","status":"publish","type":"product","link":"https:\/\/distribution.audio-technica.eu\/es-es\/productos\/sx218\/","title":{"rendered":"SX218"},"content":{"rendered":"<h2>SX218<\/h2>\n<h3>Subgrave de radiaci\u00f3n directa 2&#215;18&#8243;<\/h3>\n<p>El SX218 consigue el m\u00e1ximo rendimiento para las aplicaciones m\u00e1s exigentes, proporcionando niveles de salida excepcionalmente altos y un ofreciendo un comportamiento excelente frente a los transitorios, con una m\u00ednima distorsi\u00f3n.<\/p>\n<p>Con una gama operativa de 35Hz-150Hz \u00b1 3dB, incorpora dos transductores de 18&#8243; de gran excusi\u00f3n (460mm) \/ bobina de 4&#8243; (100mm), con cono resistente al agua y triple contorno. Cada transductor puede manejar 1000 W AES, y cuenta con una estructura magn\u00e9tica y un sistema de suspensi\u00f3n dise\u00f1ado para conseguir la m\u00e1xima excursi\u00f3n lineal.<\/p>\n<p>El recinto est\u00e1 construido con laminado de abedul y acabado con un duradero recubrimiento de poliurea. Ocho puertos r\u00e9flex proporcionan una gran \u00e1rea frontal que reduce el ruido producido por las turbulencias del aire, y una rejilla de acero perforado protege a los transductores frente a cualquier da\u00f1o. La unidad incluye tambi\u00e9n un punto M20 para inserci\u00f3n de m\u00e1stiles, lo que a\u00f1ade versatilidad a su despliegue.<\/p>\n<p>Como est\u00e1ndar, este producto se suministra sin ruedas, pero \u00e9stas est\u00e1n disponibles como accesorio. Al agregar el accesorio de la cubierta de la placa de entrada, el SX218 es totalmente resistente a la intemperie y es adecuado para uso permanente en exteriores.<\/p>\n<p>&nbsp;<\/p>\n<p><strong>Caracter\u00edsticas Principales<\/strong><\/p>\n<ul>\n<li>Subgrave de radiaci\u00f3n directa, dos transductores<\/li>\n<li>2 transductores de 18\u201d (460mm) \/ bobina de 4\u201d (100mm), gran excursi\u00f3n, im\u00e1n de ferrita, cono impermeable<\/li>\n<li>Alta potencia de salida<\/li>\n<li>Recinto de laminado de madera, preparado para soportar giras, con puntos de volado<\/li>\n<\/ul>\n<p>&nbsp;<\/p>\n<p><strong>Aplicaciones<\/strong><\/p>\n<ul>\n<li>Sonorizaci\u00f3n en giras, para recintos de tama\u00f1o medio o peque\u00f1o<\/li>\n<li>Instalaciones fijas en salas de conciertos, teatros, salas de baile y templos<\/li>\n<li>Instalaciones en estadios, arenas<\/li>\n<li>Eventos AV corporativos<\/li>\n<li>Restaurantes en el exterior, bares, y zonas de entretenimiento en hoteles<\/li>\n<li>Concursos y parques tem\u00e1ticos<\/li>\n<\/ul>\n","protected":false},"excerpt":{"rendered":"<h3>Subgrave de radiaci\u00f3n directa 2&#215;18&#8243;<\/h3>\n<ul>\n<li>Subgrave de radiaci\u00f3n directa, dos transductores<\/li>\n<li>2 transductores de 18&#8243; (460mm) \/ bobina de 4&#8243; (100mm), gran excursi\u00f3n, im\u00e1n de ferrita, cono impermeable<\/li>\n<li>Potencia: 2000W AES, 8000W pico<\/li>\n<\/ul>\n","protected":false},"featured_media":17499,"template":"","meta":{"_acf_changed":false},"product_brand":[],"product_cat":[2083,2091,2084,2100,2085,2111],"product_tag":[],"class_list":{"0":"post-17497","1":"product","2":"type-product","3":"status-publish","4":"has-post-thumbnail","6":"product_cat-sistemas-sonido-directo","7":"product_cat-subgraves-sistemas-sonido-directo","8":"product_cat-sistemas-instalacion","9":"product_cat-subgraves-sistemas-instalacion","10":"product_cat-por-series-martin-audio","11":"product_cat-serie-sx-por-series-martin-audio","12":"product_series-serie-sx","14":"first","15":"instock","16":"shipping-taxable","17":"product-type-simple"},"acf":[],"yoast_head":"<!-- This site is optimized with the Yoast SEO plugin v27.1.1 - https:\/\/yoast.com\/product\/yoast-seo-wordpress\/ -->\n<title>SX218 - Audio-Technica Iberia<\/title>\n<meta name=\"robots\" content=\"index, follow, max-snippet:-1, max-image-preview:large, max-video-preview:-1\" \/>\n<link rel=\"canonical\" href=\"https:\/\/distribution.audio-technica.eu\/es-es\/productos\/sx218\/\" \/>\n<meta property=\"og:locale\" content=\"es_ES\" \/>\n<meta property=\"og:type\" content=\"article\" \/>\n<meta property=\"og:title\" content=\"SX218 - Audio-Technica Iberia\" \/>\n<meta property=\"og:description\" content=\"Subgrave de radiaci\u00f3n directa 2x18&quot;   Subgrave de radiaci\u00f3n directa, dos transductores  2 transductores de 18&quot; (460mm) \/ bobina de 4&quot; (100mm), gran excursi\u00f3n, im\u00e1n de ferrita, cono impermeable  Potencia: 2000W AES, 8000W pico\" \/>\n<meta property=\"og:url\" content=\"https:\/\/distribution.audio-technica.eu\/es-es\/productos\/sx218\/\" \/>\n<meta property=\"og:site_name\" content=\"Audio-Technica Iberia\" \/>\n<meta property=\"article:modified_time\" content=\"2026-02-19T13:56:18+00:00\" \/>\n<meta property=\"og:image\" content=\"https:\/\/distribution.audio-technica.eu\/app\/uploads\/sites\/2\/SX218.jpg\" \/>\n\t<meta property=\"og:image:width\" content=\"1024\" \/>\n\t<meta property=\"og:image:height\" content=\"1024\" \/>\n\t<meta property=\"og:image:type\" content=\"image\/jpeg\" \/>\n<meta name=\"twitter:card\" content=\"summary_large_image\" \/>\n<meta name=\"twitter:label1\" content=\"Tiempo de lectura\" \/>\n\t<meta name=\"twitter:data1\" content=\"2 minutos\" \/>\n<script type=\"application\/ld+json\" class=\"yoast-schema-graph\">{\"@context\":\"https:\/\/schema.org\",\"@graph\":[{\"@type\":\"WebPage\",\"@id\":\"https:\/\/distribution.audio-technica.eu\/es-es\/productos\/sx218\/\",\"url\":\"https:\/\/distribution.audio-technica.eu\/es-es\/productos\/sx218\/\",\"name\":\"SX218 - Audio-Technica Iberia\",\"isPartOf\":{\"@id\":\"https:\/\/distribution.audio-technica.eu\/es-es\/#website\"},\"primaryImageOfPage\":{\"@id\":\"https:\/\/distribution.audio-technica.eu\/es-es\/productos\/sx218\/#primaryimage\"},\"image\":{\"@id\":\"https:\/\/distribution.audio-technica.eu\/es-es\/productos\/sx218\/#primaryimage\"},\"thumbnailUrl\":\"\/app\/uploads\/sites\/2\/SX218.jpg\",\"datePublished\":\"2019-07-04T17:18:25+00:00\",\"dateModified\":\"2026-02-19T13:56:18+00:00\",\"breadcrumb\":{\"@id\":\"https:\/\/distribution.audio-technica.eu\/es-es\/productos\/sx218\/#breadcrumb\"},\"inLanguage\":\"es\",\"potentialAction\":[{\"@type\":\"ReadAction\",\"target\":[\"https:\/\/distribution.audio-technica.eu\/es-es\/productos\/sx218\/\"]}]},{\"@type\":\"ImageObject\",\"inLanguage\":\"es\",\"@id\":\"https:\/\/distribution.audio-technica.eu\/es-es\/productos\/sx218\/#primaryimage\",\"url\":\"\/app\/uploads\/sites\/2\/SX218.jpg\",\"contentUrl\":\"\/app\/uploads\/sites\/2\/SX218.jpg\",\"width\":1024,\"height\":1024},{\"@type\":\"BreadcrumbList\",\"@id\":\"https:\/\/distribution.audio-technica.eu\/es-es\/productos\/sx218\/#breadcrumb\",\"itemListElement\":[{\"@type\":\"ListItem\",\"position\":1,\"name\":\"Products\",\"item\":\"https:\/\/distribution.audio-technica.eu\/es-es\/\"},{\"@type\":\"ListItem\",\"position\":2,\"name\":\"Productos\",\"item\":\"https:\/\/distribution.audio-technica.eu\/es-es\/productos\/\"},{\"@type\":\"ListItem\",\"position\":3,\"name\":\"SX218\"}]},{\"@type\":\"WebSite\",\"@id\":\"https:\/\/distribution.audio-technica.eu\/es-es\/#website\",\"url\":\"https:\/\/distribution.audio-technica.eu\/es-es\/\",\"name\":\"Audio-Technica Iberia\",\"description\":\"Distribuci\u00f3n\",\"potentialAction\":[{\"@type\":\"SearchAction\",\"target\":{\"@type\":\"EntryPoint\",\"urlTemplate\":\"https:\/\/distribution.audio-technica.eu\/es-es\/?s={search_term_string}\"},\"query-input\":{\"@type\":\"PropertyValueSpecification\",\"valueRequired\":true,\"valueName\":\"search_term_string\"}}],\"inLanguage\":\"es\"}]}<\/script>\n<!-- \/ Yoast SEO plugin. -->","yoast_head_json":{"title":"SX218 - Audio-Technica Iberia","robots":{"index":"index","follow":"follow","max-snippet":"max-snippet:-1","max-image-preview":"max-image-preview:large","max-video-preview":"max-video-preview:-1"},"canonical":"https:\/\/distribution.audio-technica.eu\/es-es\/productos\/sx218\/","og_locale":"es_ES","og_type":"article","og_title":"SX218 - Audio-Technica Iberia","og_description":"Subgrave de radiaci\u00f3n directa 2x18\"   Subgrave de radiaci\u00f3n directa, dos transductores  2 transductores de 18\" (460mm) \/ bobina de 4\" (100mm), gran excursi\u00f3n, im\u00e1n de ferrita, cono impermeable  Potencia: 2000W AES, 8000W pico","og_url":"https:\/\/distribution.audio-technica.eu\/es-es\/productos\/sx218\/","og_site_name":"Audio-Technica Iberia","article_modified_time":"2026-02-19T13:56:18+00:00","og_image":[{"width":1024,"height":1024,"url":"https:\/\/distribution.audio-technica.eu\/app\/uploads\/sites\/2\/SX218.jpg","type":"image\/jpeg"}],"twitter_card":"summary_large_image","twitter_misc":{"Tiempo de lectura":"2 minutos"},"schema":{"@context":"https:\/\/schema.org","@graph":[{"@type":"WebPage","@id":"https:\/\/distribution.audio-technica.eu\/es-es\/productos\/sx218\/","url":"https:\/\/distribution.audio-technica.eu\/es-es\/productos\/sx218\/","name":"SX218 - Audio-Technica Iberia","isPartOf":{"@id":"https:\/\/distribution.audio-technica.eu\/es-es\/#website"},"primaryImageOfPage":{"@id":"https:\/\/distribution.audio-technica.eu\/es-es\/productos\/sx218\/#primaryimage"},"image":{"@id":"https:\/\/distribution.audio-technica.eu\/es-es\/productos\/sx218\/#primaryimage"},"thumbnailUrl":"\/app\/uploads\/sites\/2\/SX218.jpg","datePublished":"2019-07-04T17:18:25+00:00","dateModified":"2026-02-19T13:56:18+00:00","breadcrumb":{"@id":"https:\/\/distribution.audio-technica.eu\/es-es\/productos\/sx218\/#breadcrumb"},"inLanguage":"es","potentialAction":[{"@type":"ReadAction","target":["https:\/\/distribution.audio-technica.eu\/es-es\/productos\/sx218\/"]}]},{"@type":"ImageObject","inLanguage":"es","@id":"https:\/\/distribution.audio-technica.eu\/es-es\/productos\/sx218\/#primaryimage","url":"\/app\/uploads\/sites\/2\/SX218.jpg","contentUrl":"\/app\/uploads\/sites\/2\/SX218.jpg","width":1024,"height":1024},{"@type":"BreadcrumbList","@id":"https:\/\/distribution.audio-technica.eu\/es-es\/productos\/sx218\/#breadcrumb","itemListElement":[{"@type":"ListItem","position":1,"name":"Products","item":"https:\/\/distribution.audio-technica.eu\/es-es\/"},{"@type":"ListItem","position":2,"name":"Productos","item":"https:\/\/distribution.audio-technica.eu\/es-es\/productos\/"},{"@type":"ListItem","position":3,"name":"SX218"}]},{"@type":"WebSite","@id":"https:\/\/distribution.audio-technica.eu\/es-es\/#website","url":"https:\/\/distribution.audio-technica.eu\/es-es\/","name":"Audio-Technica Iberia","description":"Distribuci\u00f3n","potentialAction":[{"@type":"SearchAction","target":{"@type":"EntryPoint","urlTemplate":"https:\/\/distribution.audio-technica.eu\/es-es\/?s={search_term_string}"},"query-input":{"@type":"PropertyValueSpecification","valueRequired":true,"valueName":"search_term_string"}}],"inLanguage":"es"}]}},"_links":{"self":[{"href":"https:\/\/distribution.audio-technica.eu\/es-es\/wp-json\/wp\/v2\/product\/17497","targetHints":{"allow":["GET"]}}],"collection":[{"href":"https:\/\/distribution.audio-technica.eu\/es-es\/wp-json\/wp\/v2\/product"}],"about":[{"href":"https:\/\/distribution.audio-technica.eu\/es-es\/wp-json\/wp\/v2\/types\/product"}],"wp:featuredmedia":[{"embeddable":true,"href":"https:\/\/distribution.audio-technica.eu\/es-es\/wp-json\/wp\/v2\/media\/17499"}],"wp:attachment":[{"href":"https:\/\/distribution.audio-technica.eu\/es-es\/wp-json\/wp\/v2\/media?parent=17497"}],"wp:term":[{"taxonomy":"product_brand","embeddable":true,"href":"https:\/\/distribution.audio-technica.eu\/es-es\/wp-json\/wp\/v2\/product_brand?post=17497"},{"taxonomy":"product_cat","embeddable":true,"href":"https:\/\/distribution.audio-technica.eu\/es-es\/wp-json\/wp\/v2\/product_cat?post=17497"},{"taxonomy":"product_tag","embeddable":true,"href":"https:\/\/distribution.audio-technica.eu\/es-es\/wp-json\/wp\/v2\/product_tag?post=17497"}],"curies":[{"name":"wp","href":"https:\/\/api.w.org\/{rel}","templated":true}]}}