{"id":17500,"date":"2019-07-04T19:25:52","date_gmt":"2019-07-04T17:25:52","guid":{"rendered":"https:\/\/atdb-production.studiograft.dev\/es\/?post_type=product&#038;p=17500"},"modified":"2026-02-19T14:56:48","modified_gmt":"2026-02-19T13:56:48","slug":"sxc118","status":"publish","type":"product","link":"https:\/\/distribution.audio-technica.eu\/es-es\/productos\/sxc118\/","title":{"rendered":"SXC118"},"content":{"rendered":"<h2>SXC118<\/h2>\n<h3>Subgrave cardioide compacto de altas prestaciones 18&#8243;<\/h3>\n<p>Dise\u00f1ado para ser utilizado en sonorizaci\u00f3n de giras e instalaciones, el SXC118 es un subgrave cardioide compacto. Incorpora un transductor de 18&#8243; (460mm) orientado hacia adelante, y un transductor de 14&#8243; (356mm) orientado hacia detr\u00e1s, cada uno de ellos alimentado de forma independiente por su propio canal de amplificaci\u00f3n y DSP.<\/p>\n<p>Cada transductor cuenta con su propia c\u00e1mara con puertos r\u00e9flex optimizados. Esta configuraci\u00f3n produce una patr\u00f3n de dispersi\u00f3n cardioide que maximiza la radiaci\u00f3n frontal y reduce la radiaci\u00f3n indeseable detr\u00e1s del subgrave.<\/p>\n<p>Se recomienda utilizar el amplificador iK42, que optimiza los par\u00e1metros DSP para la transductores frontal y posterior para maximizar el rechazo posterior, entre 21dB a 43Hz y 28dB a 75Hz. Esto mantiene los graves alejados de los escenarios, giradiscos y paredes, adem\u00e1s de reducir la energ\u00eda reverberante en la sala, mejorando considerablemente la respuesta en graves, respuesta e impacto de la totalidad del sistema.<\/p>\n<p>En la parte frontal del recinto, la salida de ambos transductores es aditiva, proporcionando 2 dB extras de salida, cuando se compara con un subgrave de 1 x 18&#8243; convencional.<\/p>\n<p>El recinto est\u00e1 construido con laminado de madera y est\u00e1 acabado con una s\u00f3lida pintura texturizada. Est\u00e1 equipado con asas y las rejillas de acero con recubrimiento posterior de espuma se encargan de proteger el transductor frontal y el posterior. Puede ser utilizado de forma aut\u00f3noma, agrupado o volado de forma individual, por medio de los puntos roscados de volado.<\/p>\n<p>El SXC118 es el complemento ideal para los line arrays WPM, o para la l\u00ednea de altavoces de fuente puntual, donde se requiere de capacidad de control sobre el patr\u00f3n de respuesta en graves. Los patines entrelazables previenen movimientos no deseados cuando son apiladas varias unidades, y el punto de inserci\u00f3n roscado para m\u00e1stiles facilita el montaje de hasta 4 recintos WPM o un recinto de fuente puntual. Como est\u00e1ndar, este producto se entrega sin ruedas; sin embargo, \u00e9stas pueden ser adquiridas aparte, como accesorio.<br \/>\nSi se a\u00f1ade la cubierta para las entradas, el subgrave se vuelve resistente a las inclemencias del tiempo y puede ser destinado a un uso continuado en el exterior.<\/p>\n<p>&nbsp;<\/p>\n<p><strong>Caracter\u00edsticas Principales<\/strong><\/p>\n<ul>\n<li>Subgrave cardioide compacto<\/li>\n<li>Transductor frontal de 18&#8243; (460mm) \/ bobina de 4&#8243; (100mm)<\/li>\n<li>Transductor posterior de 14&#8243; (356mm) \/ bobina de 3.5&#8243; (88mm)<\/li>\n<li>Patr\u00f3n de dispersi\u00f3n cardioide<\/li>\n<li>28dB de rechazo posterior a 75Hz<\/li>\n<li>Alta potencia de salida<\/li>\n<li>Recinto construido con laminado de madera, apto para giras, con punto para volado<\/li>\n<\/ul>\n<p>&nbsp;<\/p>\n<p><strong>Aplicaciones<\/strong><\/p>\n<ul>\n<li>Sonorizaci\u00f3n en directo<\/li>\n<li>Instalaciones fijas, incluidas salas de conciertos en vivo y clubs nocturnos<\/li>\n<li>Sonido en teatros<\/li>\n<li>Eventos AV corporativos<\/li>\n<li>Recintos s\u00f3nicamente complejos<\/li>\n<li>Restaurantes en el exterior, bares y \u00e1reas de entretenimiento en hoteles<\/li>\n<li>Parques tem\u00e1ticos<\/li>\n<\/ul>\n","protected":false},"excerpt":{"rendered":"<h3>Subgrave cardioide compacto de altas prestaciones 18&#8243;<\/h3>\n<ul>\n<li>Subgrave cardioide compacto<\/li>\n<li>Transductor frontal de 18&#8243; (460mm) \/ bobina de 4&#8243; (100mm)<\/li>\n<li>Transductor posterior de 14&#8243; (356mm) \/ bobina de 3.5&#8243; (88mm)<\/li>\n<li>Patr\u00f3n de dispersi\u00f3n cardioide<\/li>\n<li>Potencia: 18&#8243;: 1000W AES, 4000W pico; 14&#8243;: 800W AES, 3200W pico<\/li>\n<\/ul>\n","protected":false},"featured_media":17501,"template":"","meta":{"_acf_changed":false},"product_brand":[],"product_cat":[2083,2091,2084,2100,2085,2111],"product_tag":[],"class_list":{"0":"post-17500","1":"product","2":"type-product","3":"status-publish","4":"has-post-thumbnail","6":"product_cat-sistemas-sonido-directo","7":"product_cat-subgraves-sistemas-sonido-directo","8":"product_cat-sistemas-instalacion","9":"product_cat-subgraves-sistemas-instalacion","10":"product_cat-por-series-martin-audio","11":"product_cat-serie-sx-por-series-martin-audio","12":"product_series-serie-sx","14":"first","15":"instock","16":"shipping-taxable","17":"product-type-simple"},"acf":[],"yoast_head":"<!-- This site is optimized with the Yoast SEO plugin v27.1.1 - https:\/\/yoast.com\/product\/yoast-seo-wordpress\/ -->\n<title>SXC118 - Audio-Technica Iberia<\/title>\n<meta name=\"robots\" content=\"index, follow, max-snippet:-1, max-image-preview:large, max-video-preview:-1\" \/>\n<link rel=\"canonical\" href=\"https:\/\/distribution.audio-technica.eu\/es-es\/productos\/sxc118\/\" \/>\n<meta property=\"og:locale\" content=\"es_ES\" \/>\n<meta property=\"og:type\" content=\"article\" \/>\n<meta property=\"og:title\" content=\"SXC118 - Audio-Technica Iberia\" \/>\n<meta property=\"og:description\" content=\"Subgrave cardioide compacto de altas prestaciones 18&quot;   Subgrave cardioide compacto  Transductor frontal de 18&quot; (460mm) \/ bobina de 4&quot; (100mm)  Transductor posterior de 14&quot; (356mm) \/ bobina de 3.5&quot; (88mm)  Patr\u00f3n de dispersi\u00f3n cardioide  Potencia: 18&quot;: 1000W AES, 4000W pico; 14&quot;: 800W AES, 3200W pico\" \/>\n<meta property=\"og:url\" content=\"https:\/\/distribution.audio-technica.eu\/es-es\/productos\/sxc118\/\" \/>\n<meta property=\"og:site_name\" content=\"Audio-Technica Iberia\" \/>\n<meta property=\"article:modified_time\" content=\"2026-02-19T13:56:48+00:00\" \/>\n<meta property=\"og:image\" content=\"https:\/\/distribution.audio-technica.eu\/app\/uploads\/sites\/2\/SXC118-1.jpg\" \/>\n\t<meta property=\"og:image:width\" content=\"1024\" \/>\n\t<meta property=\"og:image:height\" content=\"1024\" \/>\n\t<meta property=\"og:image:type\" content=\"image\/jpeg\" \/>\n<meta name=\"twitter:card\" content=\"summary_large_image\" \/>\n<meta name=\"twitter:label1\" content=\"Tiempo de lectura\" \/>\n\t<meta name=\"twitter:data1\" content=\"3 minutos\" \/>\n<script type=\"application\/ld+json\" class=\"yoast-schema-graph\">{\"@context\":\"https:\/\/schema.org\",\"@graph\":[{\"@type\":\"WebPage\",\"@id\":\"https:\/\/distribution.audio-technica.eu\/es-es\/productos\/sxc118\/\",\"url\":\"https:\/\/distribution.audio-technica.eu\/es-es\/productos\/sxc118\/\",\"name\":\"SXC118 - Audio-Technica Iberia\",\"isPartOf\":{\"@id\":\"https:\/\/distribution.audio-technica.eu\/es-es\/#website\"},\"primaryImageOfPage\":{\"@id\":\"https:\/\/distribution.audio-technica.eu\/es-es\/productos\/sxc118\/#primaryimage\"},\"image\":{\"@id\":\"https:\/\/distribution.audio-technica.eu\/es-es\/productos\/sxc118\/#primaryimage\"},\"thumbnailUrl\":\"\/app\/uploads\/sites\/2\/SXC118-1.jpg\",\"datePublished\":\"2019-07-04T17:25:52+00:00\",\"dateModified\":\"2026-02-19T13:56:48+00:00\",\"breadcrumb\":{\"@id\":\"https:\/\/distribution.audio-technica.eu\/es-es\/productos\/sxc118\/#breadcrumb\"},\"inLanguage\":\"es\",\"potentialAction\":[{\"@type\":\"ReadAction\",\"target\":[\"https:\/\/distribution.audio-technica.eu\/es-es\/productos\/sxc118\/\"]}]},{\"@type\":\"ImageObject\",\"inLanguage\":\"es\",\"@id\":\"https:\/\/distribution.audio-technica.eu\/es-es\/productos\/sxc118\/#primaryimage\",\"url\":\"\/app\/uploads\/sites\/2\/SXC118-1.jpg\",\"contentUrl\":\"\/app\/uploads\/sites\/2\/SXC118-1.jpg\",\"width\":1024,\"height\":1024},{\"@type\":\"BreadcrumbList\",\"@id\":\"https:\/\/distribution.audio-technica.eu\/es-es\/productos\/sxc118\/#breadcrumb\",\"itemListElement\":[{\"@type\":\"ListItem\",\"position\":1,\"name\":\"Products\",\"item\":\"https:\/\/distribution.audio-technica.eu\/es-es\/\"},{\"@type\":\"ListItem\",\"position\":2,\"name\":\"Productos\",\"item\":\"https:\/\/distribution.audio-technica.eu\/es-es\/productos\/\"},{\"@type\":\"ListItem\",\"position\":3,\"name\":\"SXC118\"}]},{\"@type\":\"WebSite\",\"@id\":\"https:\/\/distribution.audio-technica.eu\/es-es\/#website\",\"url\":\"https:\/\/distribution.audio-technica.eu\/es-es\/\",\"name\":\"Audio-Technica Iberia\",\"description\":\"Distribuci\u00f3n\",\"potentialAction\":[{\"@type\":\"SearchAction\",\"target\":{\"@type\":\"EntryPoint\",\"urlTemplate\":\"https:\/\/distribution.audio-technica.eu\/es-es\/?s={search_term_string}\"},\"query-input\":{\"@type\":\"PropertyValueSpecification\",\"valueRequired\":true,\"valueName\":\"search_term_string\"}}],\"inLanguage\":\"es\"}]}<\/script>\n<!-- \/ Yoast SEO plugin. -->","yoast_head_json":{"title":"SXC118 - Audio-Technica Iberia","robots":{"index":"index","follow":"follow","max-snippet":"max-snippet:-1","max-image-preview":"max-image-preview:large","max-video-preview":"max-video-preview:-1"},"canonical":"https:\/\/distribution.audio-technica.eu\/es-es\/productos\/sxc118\/","og_locale":"es_ES","og_type":"article","og_title":"SXC118 - Audio-Technica Iberia","og_description":"Subgrave cardioide compacto de altas prestaciones 18\"   Subgrave cardioide compacto  Transductor frontal de 18\" (460mm) \/ bobina de 4\" (100mm)  Transductor posterior de 14\" (356mm) \/ bobina de 3.5\" (88mm)  Patr\u00f3n de dispersi\u00f3n cardioide  Potencia: 18\": 1000W AES, 4000W pico; 14\": 800W AES, 3200W pico","og_url":"https:\/\/distribution.audio-technica.eu\/es-es\/productos\/sxc118\/","og_site_name":"Audio-Technica Iberia","article_modified_time":"2026-02-19T13:56:48+00:00","og_image":[{"width":1024,"height":1024,"url":"https:\/\/distribution.audio-technica.eu\/app\/uploads\/sites\/2\/SXC118-1.jpg","type":"image\/jpeg"}],"twitter_card":"summary_large_image","twitter_misc":{"Tiempo de lectura":"3 minutos"},"schema":{"@context":"https:\/\/schema.org","@graph":[{"@type":"WebPage","@id":"https:\/\/distribution.audio-technica.eu\/es-es\/productos\/sxc118\/","url":"https:\/\/distribution.audio-technica.eu\/es-es\/productos\/sxc118\/","name":"SXC118 - Audio-Technica Iberia","isPartOf":{"@id":"https:\/\/distribution.audio-technica.eu\/es-es\/#website"},"primaryImageOfPage":{"@id":"https:\/\/distribution.audio-technica.eu\/es-es\/productos\/sxc118\/#primaryimage"},"image":{"@id":"https:\/\/distribution.audio-technica.eu\/es-es\/productos\/sxc118\/#primaryimage"},"thumbnailUrl":"\/app\/uploads\/sites\/2\/SXC118-1.jpg","datePublished":"2019-07-04T17:25:52+00:00","dateModified":"2026-02-19T13:56:48+00:00","breadcrumb":{"@id":"https:\/\/distribution.audio-technica.eu\/es-es\/productos\/sxc118\/#breadcrumb"},"inLanguage":"es","potentialAction":[{"@type":"ReadAction","target":["https:\/\/distribution.audio-technica.eu\/es-es\/productos\/sxc118\/"]}]},{"@type":"ImageObject","inLanguage":"es","@id":"https:\/\/distribution.audio-technica.eu\/es-es\/productos\/sxc118\/#primaryimage","url":"\/app\/uploads\/sites\/2\/SXC118-1.jpg","contentUrl":"\/app\/uploads\/sites\/2\/SXC118-1.jpg","width":1024,"height":1024},{"@type":"BreadcrumbList","@id":"https:\/\/distribution.audio-technica.eu\/es-es\/productos\/sxc118\/#breadcrumb","itemListElement":[{"@type":"ListItem","position":1,"name":"Products","item":"https:\/\/distribution.audio-technica.eu\/es-es\/"},{"@type":"ListItem","position":2,"name":"Productos","item":"https:\/\/distribution.audio-technica.eu\/es-es\/productos\/"},{"@type":"ListItem","position":3,"name":"SXC118"}]},{"@type":"WebSite","@id":"https:\/\/distribution.audio-technica.eu\/es-es\/#website","url":"https:\/\/distribution.audio-technica.eu\/es-es\/","name":"Audio-Technica Iberia","description":"Distribuci\u00f3n","potentialAction":[{"@type":"SearchAction","target":{"@type":"EntryPoint","urlTemplate":"https:\/\/distribution.audio-technica.eu\/es-es\/?s={search_term_string}"},"query-input":{"@type":"PropertyValueSpecification","valueRequired":true,"valueName":"search_term_string"}}],"inLanguage":"es"}]}},"_links":{"self":[{"href":"https:\/\/distribution.audio-technica.eu\/es-es\/wp-json\/wp\/v2\/product\/17500","targetHints":{"allow":["GET"]}}],"collection":[{"href":"https:\/\/distribution.audio-technica.eu\/es-es\/wp-json\/wp\/v2\/product"}],"about":[{"href":"https:\/\/distribution.audio-technica.eu\/es-es\/wp-json\/wp\/v2\/types\/product"}],"wp:featuredmedia":[{"embeddable":true,"href":"https:\/\/distribution.audio-technica.eu\/es-es\/wp-json\/wp\/v2\/media\/17501"}],"wp:attachment":[{"href":"https:\/\/distribution.audio-technica.eu\/es-es\/wp-json\/wp\/v2\/media?parent=17500"}],"wp:term":[{"taxonomy":"product_brand","embeddable":true,"href":"https:\/\/distribution.audio-technica.eu\/es-es\/wp-json\/wp\/v2\/product_brand?post=17500"},{"taxonomy":"product_cat","embeddable":true,"href":"https:\/\/distribution.audio-technica.eu\/es-es\/wp-json\/wp\/v2\/product_cat?post=17500"},{"taxonomy":"product_tag","embeddable":true,"href":"https:\/\/distribution.audio-technica.eu\/es-es\/wp-json\/wp\/v2\/product_tag?post=17500"}],"curies":[{"name":"wp","href":"https:\/\/api.w.org\/{rel}","templated":true}]}}