{"id":17509,"date":"2019-07-04T19:37:18","date_gmt":"2019-07-04T17:37:18","guid":{"rendered":"https:\/\/atdb-production.studiograft.dev\/es\/?post_type=product&#038;p=17509"},"modified":"2026-03-03T15:15:05","modified_gmt":"2026-03-03T14:15:05","slug":"sxh218","status":"publish","type":"product","link":"https:\/\/distribution.audio-technica.eu\/es-es\/productos\/sxh218\/","title":{"rendered":"SXH218"},"content":{"rendered":"<h2>SXH218<\/h2>\n<h3>Subgrave Hybrid\u00ae Bocina\/R\u00e9flex 2&#215;18&#8243;<\/h3>\n<p>El SXH218 es un subgrave extremadamente potente, capaz de generar 148 dB pico a 1 m. Es el complemento ideal para los arrays Wavefront Precision WPC y WPL cuando se requiere el m\u00e1ximo nivel de salida en graves, as\u00ed como una soluci\u00f3n aut\u00f3noma para instalaciones permanentes de alto nivel, como discotecas.<\/p>\n<p>Su carga h\u00edbrida Hybrid\u00ae de bocina\/bass-reflex combina la eficiencia ac\u00fastica y el impacto de la tecnolog\u00eda de bocina para graves con la extensi\u00f3n en bajas frecuencias de un dise\u00f1o bass-reflex, permiti\u00e9ndole alcanzar niveles de salida significativamente superiores a los de un subgrave bass-reflex tradicional.<\/p>\n<p>Con una gama operativa de 32\u2013150 Hz \u00b1 3 dB, incorpora dos transductores de 18\u201d (460 mm) de gran excursi\u00f3n con bobinas m\u00f3viles de 4,5\u201d (115 mm) y motor de neodimio, equipados con conos resistentes al agua y suspensi\u00f3n de triple pliegue.<\/p>\n<p>Tambi\u00e9n est\u00e1 disponible el SXHF218, versi\u00f3n del SXH218 con herrajes para volado. Puede integrarse en la parte superior de un array WPL o, m\u00e1s habitualmente, volarse como un array independiente adyacente. Al igual que la versi\u00f3n para apilado en suelo, es posible configurar combinaciones de recintos orientados hacia delante y hacia atr\u00e1s para obtener propiedades direccionales espec\u00edficas.<\/p>\n<p>Tanto el SXH218 como el SXHF218 pueden alimentarse mediante un \u00fanico canal de un amplificador Martin Audio iK42 de cuatro canales, o mediante un par de canales en modo puente si se requiere el m\u00e1ximo rendimiento. Las tomas de conexi\u00f3n est\u00e1n cableadas de modo que un \u00fanico cable de cuatro conductores procedente del amplificador pueda alimentar dos subgraves.<\/p>\n<p>Los ajustes del subgrave se determinan mediante un conjunto de par\u00e1metros preconfigurado en Vu-Net cuando se utiliza con el iK42, o pueden descargarse desde el sitio web de Martin Audio cuando se emplean amplificadores alternativos.<\/p>\n<p>El subgrave se suministra con un juego de cuatro ruedas. La funda de transporte est\u00e1 disponible como accesorio opcional.<\/p>\n<p>El SXH218 incorpora indicadores LED frontales y posteriores, y a\u00f1ade un conector de entrada NL4 en el frontal, alcanzando un total de tres conectores NL4 (incluidos los dos traseros). Una nueva rejilla y conectores actualizados permiten que esta versi\u00f3n cumpla exigentes est\u00e1ndares de ensayo ambiental.<\/p>\n<p>Puede activar los indicadores LED mediante el software Vu-Net para identificar cada recinto dentro del circuito. El LED posterior est\u00e1 previsto para configuraciones cardioides.<\/p>\n<p>El tercer conector NL4 frontal mejora el cableado en configuraciones cardioides. Para uso en exteriores ya no es necesario un WRKIT, pero debe sellar los tres conectores NL4. Utilice los conectores adecuados (NLT4FX o NLT4FX-BAG) en las tomas en uso e instale tapones de sellado NL4 impermeables de Martin Audio en las tomas no utilizadas. De este modo se garantiza un grado de protecci\u00f3n IP54 en las conexiones.<\/p>\n<p>&nbsp;<\/p>\n<p><strong>Caracter\u00edsticas Principales<\/strong><\/p>\n<ul>\n<li>Subgrave de salida ultra alta, para apilado en tierra<\/li>\n<li>Carga Hybrid\u00ae bocina \/ r\u00e9flex para conseguir la m\u00e1xima eficiencia ac\u00fastica y m\u00e1s extensi\u00f3n en las bajas frecuencias<\/li>\n<li>Doble transductor de gran excursi\u00f3n de 18&#8243; (460mm) \/ bobina de 4.5&#8243; (115mm), neodimio<\/li>\n<li>Funcionamiento orientado hacia adelante o hacia atr\u00e1s<\/li>\n<li>Potencia: 3,400W AES, 13,600W pico<\/li>\n<\/ul>\n<p>&nbsp;<\/p>\n<p><strong>Aplicaciones<\/strong><\/p>\n<ul>\n<li>Festivales al aire libre<\/li>\n<li>Estadios, arenas y teatros<\/li>\n<li>Salas de conciertos<\/li>\n<li>Clubs nocturnos<\/li>\n<li>Restaurantes en el exterior, bares y \u00e1reas de entretenimiento en hoteles<\/li>\n<li>Concursos y parques tem\u00e1ticos<\/li>\n<\/ul>\n","protected":false},"excerpt":{"rendered":"<h3>Subgrave Hybrid\u00ae Bocina\/R\u00e9flex 2&#215;18&#8243;<\/h3>\n<ul>\n<li>Subgrave de apilado en suelo de ultra alta potencia<\/li>\n<li>Carga h\u00edbrida Hybrid\u00ae de bocina\/bass-reflex para m\u00e1xima eficiencia ac\u00fastica y extensi\u00f3n en bajas frecuencias<\/li>\n<li>Doble transductor de 18\u201d (460 mm) de larga excursi\u00f3n con bobina m\u00f3vil de 4,5\u201d (115 mm) y motor de neodimio<\/li>\n<li>Funcionamiento con orientaci\u00f3n frontal o posterior<\/li>\n<li>Potencia: 3,400W AES, 13,600W pico<\/li>\n<\/ul>\n","protected":false},"featured_media":42203,"template":"","meta":{"_acf_changed":false},"product_brand":[],"product_cat":[2083,2091,2084,2100,2085,2111],"product_tag":[],"class_list":{"0":"post-17509","1":"product","2":"type-product","3":"status-publish","4":"has-post-thumbnail","6":"product_cat-sistemas-sonido-directo","7":"product_cat-subgraves-sistemas-sonido-directo","8":"product_cat-sistemas-instalacion","9":"product_cat-subgraves-sistemas-instalacion","10":"product_cat-por-series-martin-audio","11":"product_cat-serie-sx-por-series-martin-audio","12":"product_series-serie-sx","14":"first","15":"instock","16":"shipping-taxable","17":"product-type-simple"},"acf":[],"yoast_head":"<!-- This site is optimized with the Yoast SEO plugin v27.1.1 - https:\/\/yoast.com\/product\/yoast-seo-wordpress\/ -->\n<title>SXH218 - Audio-Technica Iberia<\/title>\n<meta name=\"robots\" content=\"index, follow, max-snippet:-1, max-image-preview:large, max-video-preview:-1\" \/>\n<link rel=\"canonical\" href=\"https:\/\/distribution.audio-technica.eu\/es-es\/productos\/sxh218\/\" \/>\n<meta property=\"og:locale\" content=\"es_ES\" \/>\n<meta property=\"og:type\" content=\"article\" \/>\n<meta property=\"og:title\" content=\"SXH218 - Audio-Technica Iberia\" \/>\n<meta property=\"og:description\" content=\"Subgrave Hybrid\u00ae Bocina\/R\u00e9flex 2x18&quot;   Subgrave de apilado en suelo de ultra alta potencia  Carga h\u00edbrida Hybrid\u00ae de bocina\/bass-reflex para m\u00e1xima eficiencia ac\u00fastica y extensi\u00f3n en bajas frecuencias  Doble transductor de 18\u201d (460 mm) de larga excursi\u00f3n con bobina m\u00f3vil de 4,5\u201d (115 mm) y motor de neodimio  Funcionamiento con orientaci\u00f3n frontal o posterior  Potencia: 3,400W AES, 13,600W pico\" \/>\n<meta property=\"og:url\" content=\"https:\/\/distribution.audio-technica.eu\/es-es\/productos\/sxh218\/\" \/>\n<meta property=\"og:site_name\" content=\"Audio-Technica Iberia\" \/>\n<meta property=\"article:modified_time\" content=\"2026-03-03T14:15:05+00:00\" \/>\n<meta property=\"og:image\" content=\"https:\/\/distribution.audio-technica.eu\/app\/uploads\/sites\/2\/SXH218-quarter-left.jpg\" \/>\n\t<meta property=\"og:image:width\" content=\"2000\" \/>\n\t<meta property=\"og:image:height\" content=\"2000\" \/>\n\t<meta property=\"og:image:type\" content=\"image\/jpeg\" \/>\n<meta name=\"twitter:card\" content=\"summary_large_image\" \/>\n<meta name=\"twitter:label1\" content=\"Tiempo de lectura\" \/>\n\t<meta name=\"twitter:data1\" content=\"3 minutos\" \/>\n<script type=\"application\/ld+json\" class=\"yoast-schema-graph\">{\"@context\":\"https:\/\/schema.org\",\"@graph\":[{\"@type\":\"WebPage\",\"@id\":\"https:\/\/distribution.audio-technica.eu\/es-es\/productos\/sxh218\/\",\"url\":\"https:\/\/distribution.audio-technica.eu\/es-es\/productos\/sxh218\/\",\"name\":\"SXH218 - Audio-Technica Iberia\",\"isPartOf\":{\"@id\":\"https:\/\/distribution.audio-technica.eu\/es-es\/#website\"},\"primaryImageOfPage\":{\"@id\":\"https:\/\/distribution.audio-technica.eu\/es-es\/productos\/sxh218\/#primaryimage\"},\"image\":{\"@id\":\"https:\/\/distribution.audio-technica.eu\/es-es\/productos\/sxh218\/#primaryimage\"},\"thumbnailUrl\":\"\/app\/uploads\/sites\/2\/SXH218-quarter-left.jpg\",\"datePublished\":\"2019-07-04T17:37:18+00:00\",\"dateModified\":\"2026-03-03T14:15:05+00:00\",\"breadcrumb\":{\"@id\":\"https:\/\/distribution.audio-technica.eu\/es-es\/productos\/sxh218\/#breadcrumb\"},\"inLanguage\":\"es\",\"potentialAction\":[{\"@type\":\"ReadAction\",\"target\":[\"https:\/\/distribution.audio-technica.eu\/es-es\/productos\/sxh218\/\"]}]},{\"@type\":\"ImageObject\",\"inLanguage\":\"es\",\"@id\":\"https:\/\/distribution.audio-technica.eu\/es-es\/productos\/sxh218\/#primaryimage\",\"url\":\"\/app\/uploads\/sites\/2\/SXH218-quarter-left.jpg\",\"contentUrl\":\"\/app\/uploads\/sites\/2\/SXH218-quarter-left.jpg\",\"width\":2000,\"height\":2000},{\"@type\":\"BreadcrumbList\",\"@id\":\"https:\/\/distribution.audio-technica.eu\/es-es\/productos\/sxh218\/#breadcrumb\",\"itemListElement\":[{\"@type\":\"ListItem\",\"position\":1,\"name\":\"Products\",\"item\":\"https:\/\/distribution.audio-technica.eu\/es-es\/\"},{\"@type\":\"ListItem\",\"position\":2,\"name\":\"Productos\",\"item\":\"https:\/\/distribution.audio-technica.eu\/es-es\/productos\/\"},{\"@type\":\"ListItem\",\"position\":3,\"name\":\"SXH218\"}]},{\"@type\":\"WebSite\",\"@id\":\"https:\/\/distribution.audio-technica.eu\/es-es\/#website\",\"url\":\"https:\/\/distribution.audio-technica.eu\/es-es\/\",\"name\":\"Audio-Technica Iberia\",\"description\":\"Distribuci\u00f3n\",\"potentialAction\":[{\"@type\":\"SearchAction\",\"target\":{\"@type\":\"EntryPoint\",\"urlTemplate\":\"https:\/\/distribution.audio-technica.eu\/es-es\/?s={search_term_string}\"},\"query-input\":{\"@type\":\"PropertyValueSpecification\",\"valueRequired\":true,\"valueName\":\"search_term_string\"}}],\"inLanguage\":\"es\"}]}<\/script>\n<!-- \/ Yoast SEO plugin. -->","yoast_head_json":{"title":"SXH218 - Audio-Technica Iberia","robots":{"index":"index","follow":"follow","max-snippet":"max-snippet:-1","max-image-preview":"max-image-preview:large","max-video-preview":"max-video-preview:-1"},"canonical":"https:\/\/distribution.audio-technica.eu\/es-es\/productos\/sxh218\/","og_locale":"es_ES","og_type":"article","og_title":"SXH218 - Audio-Technica Iberia","og_description":"Subgrave Hybrid\u00ae Bocina\/R\u00e9flex 2x18\"   Subgrave de apilado en suelo de ultra alta potencia  Carga h\u00edbrida Hybrid\u00ae de bocina\/bass-reflex para m\u00e1xima eficiencia ac\u00fastica y extensi\u00f3n en bajas frecuencias  Doble transductor de 18\u201d (460 mm) de larga excursi\u00f3n con bobina m\u00f3vil de 4,5\u201d (115 mm) y motor de neodimio  Funcionamiento con orientaci\u00f3n frontal o posterior  Potencia: 3,400W AES, 13,600W pico","og_url":"https:\/\/distribution.audio-technica.eu\/es-es\/productos\/sxh218\/","og_site_name":"Audio-Technica Iberia","article_modified_time":"2026-03-03T14:15:05+00:00","og_image":[{"width":2000,"height":2000,"url":"https:\/\/distribution.audio-technica.eu\/app\/uploads\/sites\/2\/SXH218-quarter-left.jpg","type":"image\/jpeg"}],"twitter_card":"summary_large_image","twitter_misc":{"Tiempo de lectura":"3 minutos"},"schema":{"@context":"https:\/\/schema.org","@graph":[{"@type":"WebPage","@id":"https:\/\/distribution.audio-technica.eu\/es-es\/productos\/sxh218\/","url":"https:\/\/distribution.audio-technica.eu\/es-es\/productos\/sxh218\/","name":"SXH218 - Audio-Technica Iberia","isPartOf":{"@id":"https:\/\/distribution.audio-technica.eu\/es-es\/#website"},"primaryImageOfPage":{"@id":"https:\/\/distribution.audio-technica.eu\/es-es\/productos\/sxh218\/#primaryimage"},"image":{"@id":"https:\/\/distribution.audio-technica.eu\/es-es\/productos\/sxh218\/#primaryimage"},"thumbnailUrl":"\/app\/uploads\/sites\/2\/SXH218-quarter-left.jpg","datePublished":"2019-07-04T17:37:18+00:00","dateModified":"2026-03-03T14:15:05+00:00","breadcrumb":{"@id":"https:\/\/distribution.audio-technica.eu\/es-es\/productos\/sxh218\/#breadcrumb"},"inLanguage":"es","potentialAction":[{"@type":"ReadAction","target":["https:\/\/distribution.audio-technica.eu\/es-es\/productos\/sxh218\/"]}]},{"@type":"ImageObject","inLanguage":"es","@id":"https:\/\/distribution.audio-technica.eu\/es-es\/productos\/sxh218\/#primaryimage","url":"\/app\/uploads\/sites\/2\/SXH218-quarter-left.jpg","contentUrl":"\/app\/uploads\/sites\/2\/SXH218-quarter-left.jpg","width":2000,"height":2000},{"@type":"BreadcrumbList","@id":"https:\/\/distribution.audio-technica.eu\/es-es\/productos\/sxh218\/#breadcrumb","itemListElement":[{"@type":"ListItem","position":1,"name":"Products","item":"https:\/\/distribution.audio-technica.eu\/es-es\/"},{"@type":"ListItem","position":2,"name":"Productos","item":"https:\/\/distribution.audio-technica.eu\/es-es\/productos\/"},{"@type":"ListItem","position":3,"name":"SXH218"}]},{"@type":"WebSite","@id":"https:\/\/distribution.audio-technica.eu\/es-es\/#website","url":"https:\/\/distribution.audio-technica.eu\/es-es\/","name":"Audio-Technica Iberia","description":"Distribuci\u00f3n","potentialAction":[{"@type":"SearchAction","target":{"@type":"EntryPoint","urlTemplate":"https:\/\/distribution.audio-technica.eu\/es-es\/?s={search_term_string}"},"query-input":{"@type":"PropertyValueSpecification","valueRequired":true,"valueName":"search_term_string"}}],"inLanguage":"es"}]}},"_links":{"self":[{"href":"https:\/\/distribution.audio-technica.eu\/es-es\/wp-json\/wp\/v2\/product\/17509","targetHints":{"allow":["GET"]}}],"collection":[{"href":"https:\/\/distribution.audio-technica.eu\/es-es\/wp-json\/wp\/v2\/product"}],"about":[{"href":"https:\/\/distribution.audio-technica.eu\/es-es\/wp-json\/wp\/v2\/types\/product"}],"wp:featuredmedia":[{"embeddable":true,"href":"https:\/\/distribution.audio-technica.eu\/es-es\/wp-json\/wp\/v2\/media\/42203"}],"wp:attachment":[{"href":"https:\/\/distribution.audio-technica.eu\/es-es\/wp-json\/wp\/v2\/media?parent=17509"}],"wp:term":[{"taxonomy":"product_brand","embeddable":true,"href":"https:\/\/distribution.audio-technica.eu\/es-es\/wp-json\/wp\/v2\/product_brand?post=17509"},{"taxonomy":"product_cat","embeddable":true,"href":"https:\/\/distribution.audio-technica.eu\/es-es\/wp-json\/wp\/v2\/product_cat?post=17509"},{"taxonomy":"product_tag","embeddable":true,"href":"https:\/\/distribution.audio-technica.eu\/es-es\/wp-json\/wp\/v2\/product_tag?post=17509"}],"curies":[{"name":"wp","href":"https:\/\/api.w.org\/{rel}","templated":true}]}}