{"id":17512,"date":"2019-07-04T19:43:38","date_gmt":"2019-07-04T17:43:38","guid":{"rendered":"https:\/\/atdb-production.studiograft.dev\/es\/?post_type=product&#038;p=17512"},"modified":"2026-02-19T14:57:37","modified_gmt":"2026-02-19T13:57:37","slug":"sxhf218","status":"publish","type":"product","link":"https:\/\/distribution.audio-technica.eu\/es-es\/productos\/sxhf218\/","title":{"rendered":"SXHF218"},"content":{"rendered":"<h2>SXHF218<\/h2>\n<h3>Subgrave Hybrid\u00ae Bocina\/R\u00e9flex para volado 2&#215;18&#8243;<\/h3>\n<p>El SXHF218 es un subgrave extremadamente potente, capaz de producir niveles de salida de 148 dB a 1 m. Esencialmente, es una versi\u00f3n del SXH218 especialmente dise\u00f1ada para volado, convirti\u00e9ndose as\u00ed en el complemento ideal de los arrays Wavefront Precision WPL, en los que se requieren grandes niveles de graves.<\/p>\n<p>Su carga Hybrid\u00ae bocina \/ r\u00e9flex combina la eficiencia ac\u00fastica y el impacto de la tecnolog\u00eda de bocina con la amplitud en la respuesta en graves del dise\u00f1o r\u00e9flex, permiti\u00e9ndole generar un nivel significativamente m\u00e1s alto que un subgrave de carga r\u00e9flex tradicional.<\/p>\n<p>Con una gama operativa de 32-150Hz + 3dB, incorpora un doble transductor de gran excursi\u00f3n de 18&#8243; (460mm) \/ bobina de 4.5&#8243; (115mm), de neodimio, con conos resistentes al agua y triple contorno.<\/p>\n<p>El recinto est\u00e1 construido con multi laminado de madera, con un robusto recubrimiento de poliurea negra texturizada. Un rejilla r\u00edgida de acero perforado protege el frontal del recinto, mientras que la presencia de herrajes de volado permite su incorporaci\u00f3n en la parte superior de un array WPL, o tambi\u00e9n puede ser volado en un array lateral. Al igual que la versi\u00f3n destinada para ser apilada en el suelo, es posible realizar combinaciones de unidades orientas hacia adelante y hacia atr\u00e1s para configurar propiedades direccionales espec\u00edficas.<\/p>\n<p>E SXHF218 puede ser amplificado por un \u00fanico canal del amplificador de 4 canales iK42 de Martin Audio, o por un par en configuraci\u00f3n puente si se precisa m\u00e1s potencia. Sus conectores han sido cableados de forma que un \u00fanico cable con cuatro conductores, procedente del amplificador, pueda alimentar a los dos subgraves. Los ajustes del subgrave son determinados por un grupo de par\u00e1metros predeterminados en Vu-Net, cuando se utiliza en combinaci\u00f3n con iK42; tambi\u00e9n est\u00e1n disponibles, a trav\u00e9s de la p\u00e1gina web de Martin Audio, diferentes ajustes, para cuando se utiliza con otros amplificadores.<\/p>\n<p>A\u00f1adiendo la tapa para el panel de conexiones, suministrada como accesorio, el subgrave se convertir\u00e1 en una unidad totalmente resistente a las inclemencias del tiempo, adecuada para su uso permanente en el exterior.<\/p>\n<p>&nbsp;<\/p>\n<p><strong>Caracter\u00edsticas Principales<\/strong><\/p>\n<ul>\n<li>Subgrave para volado, con nivel de salida ultra alto<\/li>\n<li>Carga Hybrid\u00ae bocina \/ r\u00e9flex para conseguir la m\u00e1xima eficiencia ac\u00fastica y la m\u00e1xima extensi\u00f3n en graves<\/li>\n<li>Doble transductor de gran excursi\u00f3n de 18&#8243; (460mm) \/ bobina de 4.5&#8243; (115mm), de neodimio<\/li>\n<li>Funcionamiento orientado hacia adelante o hacia atr\u00e1s<\/li>\n<\/ul>\n<p>&nbsp;<\/p>\n<p><strong>Aplicaciones<\/strong><\/p>\n<ul>\n<li>Festivales al aire libre<\/li>\n<li>Estadios, arenas y teatros<\/li>\n<li>Salas de conciertos<\/li>\n<li>Clubs nocturnos<\/li>\n<\/ul>\n","protected":false},"excerpt":{"rendered":"<h3>Subgrave Hybrid\u00ae Bocina\/R\u00e9flex para volado 2&#215;18&#8243;<\/h3>\n<ul>\n<li>Subgrave para volado<\/li>\n<li>Carga Hybrid\u00ae bocina \/ r\u00e9flex<\/li>\n<li>Doble transductor de gran excursi\u00f3n de 18&#8243; (460mm) \/ bobina de 4.5&#8243; (115mm), de neodimio<\/li>\n<li>SPL m\u00e1ximo: 148 dB pico<\/li>\n<\/ul>\n","protected":false},"featured_media":17513,"template":"","meta":{"_acf_changed":false},"product_brand":[],"product_cat":[2083,2091,2084,2100,2085,2111],"product_tag":[],"class_list":{"0":"post-17512","1":"product","2":"type-product","3":"status-publish","4":"has-post-thumbnail","6":"product_cat-sistemas-sonido-directo","7":"product_cat-subgraves-sistemas-sonido-directo","8":"product_cat-sistemas-instalacion","9":"product_cat-subgraves-sistemas-instalacion","10":"product_cat-por-series-martin-audio","11":"product_cat-serie-sx-por-series-martin-audio","12":"product_series-serie-sx","14":"first","15":"instock","16":"shipping-taxable","17":"product-type-simple"},"acf":[],"yoast_head":"<!-- This site is optimized with the Yoast SEO plugin v27.1.1 - https:\/\/yoast.com\/product\/yoast-seo-wordpress\/ -->\n<title>SXHF218 - Audio-Technica Iberia<\/title>\n<meta name=\"robots\" content=\"index, follow, max-snippet:-1, max-image-preview:large, max-video-preview:-1\" \/>\n<link rel=\"canonical\" href=\"https:\/\/distribution.audio-technica.eu\/es-es\/productos\/sxhf218\/\" \/>\n<meta property=\"og:locale\" content=\"es_ES\" \/>\n<meta property=\"og:type\" content=\"article\" \/>\n<meta property=\"og:title\" content=\"SXHF218 - Audio-Technica Iberia\" \/>\n<meta property=\"og:description\" content=\"Subgrave Hybrid\u00ae Bocina\/R\u00e9flex para volado 2x18&quot;   Subgrave para volado  Carga Hybrid\u00ae bocina \/ r\u00e9flex  Doble transductor de gran excursi\u00f3n de 18&quot; (460mm) \/ bobina de 4.5&quot; (115mm), de neodimio  SPL m\u00e1ximo: 148 dB pico\" \/>\n<meta property=\"og:url\" content=\"https:\/\/distribution.audio-technica.eu\/es-es\/productos\/sxhf218\/\" \/>\n<meta property=\"og:site_name\" content=\"Audio-Technica Iberia\" \/>\n<meta property=\"article:modified_time\" content=\"2026-02-19T13:57:37+00:00\" \/>\n<meta property=\"og:image\" content=\"https:\/\/distribution.audio-technica.eu\/app\/uploads\/sites\/2\/SXHF218.jpg\" \/>\n\t<meta property=\"og:image:width\" content=\"1024\" \/>\n\t<meta property=\"og:image:height\" content=\"1024\" \/>\n\t<meta property=\"og:image:type\" content=\"image\/jpeg\" \/>\n<meta name=\"twitter:card\" content=\"summary_large_image\" \/>\n<meta name=\"twitter:label1\" content=\"Tiempo de lectura\" \/>\n\t<meta name=\"twitter:data1\" content=\"3 minutos\" \/>\n<script type=\"application\/ld+json\" class=\"yoast-schema-graph\">{\"@context\":\"https:\/\/schema.org\",\"@graph\":[{\"@type\":\"WebPage\",\"@id\":\"https:\/\/distribution.audio-technica.eu\/es-es\/productos\/sxhf218\/\",\"url\":\"https:\/\/distribution.audio-technica.eu\/es-es\/productos\/sxhf218\/\",\"name\":\"SXHF218 - Audio-Technica Iberia\",\"isPartOf\":{\"@id\":\"https:\/\/distribution.audio-technica.eu\/es-es\/#website\"},\"primaryImageOfPage\":{\"@id\":\"https:\/\/distribution.audio-technica.eu\/es-es\/productos\/sxhf218\/#primaryimage\"},\"image\":{\"@id\":\"https:\/\/distribution.audio-technica.eu\/es-es\/productos\/sxhf218\/#primaryimage\"},\"thumbnailUrl\":\"\/app\/uploads\/sites\/2\/SXHF218.jpg\",\"datePublished\":\"2019-07-04T17:43:38+00:00\",\"dateModified\":\"2026-02-19T13:57:37+00:00\",\"breadcrumb\":{\"@id\":\"https:\/\/distribution.audio-technica.eu\/es-es\/productos\/sxhf218\/#breadcrumb\"},\"inLanguage\":\"es\",\"potentialAction\":[{\"@type\":\"ReadAction\",\"target\":[\"https:\/\/distribution.audio-technica.eu\/es-es\/productos\/sxhf218\/\"]}]},{\"@type\":\"ImageObject\",\"inLanguage\":\"es\",\"@id\":\"https:\/\/distribution.audio-technica.eu\/es-es\/productos\/sxhf218\/#primaryimage\",\"url\":\"\/app\/uploads\/sites\/2\/SXHF218.jpg\",\"contentUrl\":\"\/app\/uploads\/sites\/2\/SXHF218.jpg\",\"width\":1024,\"height\":1024},{\"@type\":\"BreadcrumbList\",\"@id\":\"https:\/\/distribution.audio-technica.eu\/es-es\/productos\/sxhf218\/#breadcrumb\",\"itemListElement\":[{\"@type\":\"ListItem\",\"position\":1,\"name\":\"Products\",\"item\":\"https:\/\/distribution.audio-technica.eu\/es-es\/\"},{\"@type\":\"ListItem\",\"position\":2,\"name\":\"Productos\",\"item\":\"https:\/\/distribution.audio-technica.eu\/es-es\/productos\/\"},{\"@type\":\"ListItem\",\"position\":3,\"name\":\"SXHF218\"}]},{\"@type\":\"WebSite\",\"@id\":\"https:\/\/distribution.audio-technica.eu\/es-es\/#website\",\"url\":\"https:\/\/distribution.audio-technica.eu\/es-es\/\",\"name\":\"Audio-Technica Iberia\",\"description\":\"Distribuci\u00f3n\",\"potentialAction\":[{\"@type\":\"SearchAction\",\"target\":{\"@type\":\"EntryPoint\",\"urlTemplate\":\"https:\/\/distribution.audio-technica.eu\/es-es\/?s={search_term_string}\"},\"query-input\":{\"@type\":\"PropertyValueSpecification\",\"valueRequired\":true,\"valueName\":\"search_term_string\"}}],\"inLanguage\":\"es\"}]}<\/script>\n<!-- \/ Yoast SEO plugin. -->","yoast_head_json":{"title":"SXHF218 - Audio-Technica Iberia","robots":{"index":"index","follow":"follow","max-snippet":"max-snippet:-1","max-image-preview":"max-image-preview:large","max-video-preview":"max-video-preview:-1"},"canonical":"https:\/\/distribution.audio-technica.eu\/es-es\/productos\/sxhf218\/","og_locale":"es_ES","og_type":"article","og_title":"SXHF218 - Audio-Technica Iberia","og_description":"Subgrave Hybrid\u00ae Bocina\/R\u00e9flex para volado 2x18\"   Subgrave para volado  Carga Hybrid\u00ae bocina \/ r\u00e9flex  Doble transductor de gran excursi\u00f3n de 18\" (460mm) \/ bobina de 4.5\" (115mm), de neodimio  SPL m\u00e1ximo: 148 dB pico","og_url":"https:\/\/distribution.audio-technica.eu\/es-es\/productos\/sxhf218\/","og_site_name":"Audio-Technica Iberia","article_modified_time":"2026-02-19T13:57:37+00:00","og_image":[{"width":1024,"height":1024,"url":"https:\/\/distribution.audio-technica.eu\/app\/uploads\/sites\/2\/SXHF218.jpg","type":"image\/jpeg"}],"twitter_card":"summary_large_image","twitter_misc":{"Tiempo de lectura":"3 minutos"},"schema":{"@context":"https:\/\/schema.org","@graph":[{"@type":"WebPage","@id":"https:\/\/distribution.audio-technica.eu\/es-es\/productos\/sxhf218\/","url":"https:\/\/distribution.audio-technica.eu\/es-es\/productos\/sxhf218\/","name":"SXHF218 - Audio-Technica Iberia","isPartOf":{"@id":"https:\/\/distribution.audio-technica.eu\/es-es\/#website"},"primaryImageOfPage":{"@id":"https:\/\/distribution.audio-technica.eu\/es-es\/productos\/sxhf218\/#primaryimage"},"image":{"@id":"https:\/\/distribution.audio-technica.eu\/es-es\/productos\/sxhf218\/#primaryimage"},"thumbnailUrl":"\/app\/uploads\/sites\/2\/SXHF218.jpg","datePublished":"2019-07-04T17:43:38+00:00","dateModified":"2026-02-19T13:57:37+00:00","breadcrumb":{"@id":"https:\/\/distribution.audio-technica.eu\/es-es\/productos\/sxhf218\/#breadcrumb"},"inLanguage":"es","potentialAction":[{"@type":"ReadAction","target":["https:\/\/distribution.audio-technica.eu\/es-es\/productos\/sxhf218\/"]}]},{"@type":"ImageObject","inLanguage":"es","@id":"https:\/\/distribution.audio-technica.eu\/es-es\/productos\/sxhf218\/#primaryimage","url":"\/app\/uploads\/sites\/2\/SXHF218.jpg","contentUrl":"\/app\/uploads\/sites\/2\/SXHF218.jpg","width":1024,"height":1024},{"@type":"BreadcrumbList","@id":"https:\/\/distribution.audio-technica.eu\/es-es\/productos\/sxhf218\/#breadcrumb","itemListElement":[{"@type":"ListItem","position":1,"name":"Products","item":"https:\/\/distribution.audio-technica.eu\/es-es\/"},{"@type":"ListItem","position":2,"name":"Productos","item":"https:\/\/distribution.audio-technica.eu\/es-es\/productos\/"},{"@type":"ListItem","position":3,"name":"SXHF218"}]},{"@type":"WebSite","@id":"https:\/\/distribution.audio-technica.eu\/es-es\/#website","url":"https:\/\/distribution.audio-technica.eu\/es-es\/","name":"Audio-Technica Iberia","description":"Distribuci\u00f3n","potentialAction":[{"@type":"SearchAction","target":{"@type":"EntryPoint","urlTemplate":"https:\/\/distribution.audio-technica.eu\/es-es\/?s={search_term_string}"},"query-input":{"@type":"PropertyValueSpecification","valueRequired":true,"valueName":"search_term_string"}}],"inLanguage":"es"}]}},"_links":{"self":[{"href":"https:\/\/distribution.audio-technica.eu\/es-es\/wp-json\/wp\/v2\/product\/17512","targetHints":{"allow":["GET"]}}],"collection":[{"href":"https:\/\/distribution.audio-technica.eu\/es-es\/wp-json\/wp\/v2\/product"}],"about":[{"href":"https:\/\/distribution.audio-technica.eu\/es-es\/wp-json\/wp\/v2\/types\/product"}],"wp:featuredmedia":[{"embeddable":true,"href":"https:\/\/distribution.audio-technica.eu\/es-es\/wp-json\/wp\/v2\/media\/17513"}],"wp:attachment":[{"href":"https:\/\/distribution.audio-technica.eu\/es-es\/wp-json\/wp\/v2\/media?parent=17512"}],"wp:term":[{"taxonomy":"product_brand","embeddable":true,"href":"https:\/\/distribution.audio-technica.eu\/es-es\/wp-json\/wp\/v2\/product_brand?post=17512"},{"taxonomy":"product_cat","embeddable":true,"href":"https:\/\/distribution.audio-technica.eu\/es-es\/wp-json\/wp\/v2\/product_cat?post=17512"},{"taxonomy":"product_tag","embeddable":true,"href":"https:\/\/distribution.audio-technica.eu\/es-es\/wp-json\/wp\/v2\/product_tag?post=17512"}],"curies":[{"name":"wp","href":"https:\/\/api.w.org\/{rel}","templated":true}]}}