{"id":17517,"date":"2019-07-04T19:52:12","date_gmt":"2019-07-04T17:52:12","guid":{"rendered":"https:\/\/atdb-production.studiograft.dev\/es\/?post_type=product&#038;p=17517"},"modified":"2026-02-19T14:57:59","modified_gmt":"2026-02-19T13:57:59","slug":"sxp218","status":"publish","type":"product","link":"https:\/\/distribution.audio-technica.eu\/es-es\/productos\/sxp218\/","title":{"rendered":"SXP218"},"content":{"rendered":"<h2>SXP218<\/h2>\n<h3>Subgrave compacto autoamplificado, de radiaci\u00f3n directa, 2&#215;18&#8243;<\/h3>\n<p>El SXP218 consigue el m\u00e1ximo rendimiento de un subgrave, haci\u00e9ndolo adecuado para ser utilizado en las aplicaciones profesionales m\u00e1s exigentes, proporcionando niveles de salida muy elevados, y ofreciendo una soberbia respuesta a los transitorios, con la m\u00ednima distorsi\u00f3n.<\/p>\n<p>Con una gama operativa de 35Hz-150Hz \u00b1 3dB, incorpora dos transductores de gran excursi\u00f3n de 18&#8243; (460mm) \/ bobina de 4&#8243; (100mm), con conos resistentes al agua y triple contorno. El dise\u00f1o de los transductores de 18&#8243; maximiza el nivel de salida, al tiempo que minimiza la compresi\u00f3n y la distorsi\u00f3n, mientras que sus ocho puertos r\u00e9flex disponen de una gran \u00e1rea frontal que reducen el ruido provocado por las turbulencias del aire a niveles muy elevados.<\/p>\n<p>Con una prodigiosa capacidad de entregar niveles tan elevados de SPL de hasta 143dB de pico a 1 metro, el SXP218 es el subgrave ideal para sonorizaci\u00f3n en giras, teatros y otras sistemas de sonorizaci\u00f3n m\u00f3vil, as\u00ed como en instalaciones de alta gama, donde se precisan grandes niveles de graves sin distorsi\u00f3n.<\/p>\n<p>Como sistema autoamplificado, el SXP218 incorpora un amplificador clase D, DSP y conectividad para audio digital en red Dante, simplificando su configuraci\u00f3n, reforzando su capacidad de control y eliminando los racks de amplificaci\u00f3n. El amplificador interno entrega una potencia total de salida de pico de 4000 W, y su fuente de alimentaci\u00f3n conmutada selecciona de forma autom\u00e1tica la tensi\u00f3n de red entre 100 y 240V 50\/60Hz. Las funciones DSP, que incluyen EQ param\u00e9trica, retardo, enmudecimiento, ganancia y selecci\u00f3n de presets, pueden ser controladas a trav\u00e9s de Ethernet desde una tablet PC o Windows a trav\u00e9s del intuitivo software VU-NET.<\/p>\n<p>En configuraciones simples, es posible seleccionar, a trav\u00e9s del panel posterior, presets de tipo \u2018plug-and-play\u2019 para trabajar con CDD-LIVE 8, CDD-LIVE 12 o CDD-LIVE 15, en lugar de utilizar el control desde el ordenador. Otros presets adicionales proporcionan los ajustes adecuados para el subgrave orientado hacia atr\u00e1s en un par cardioide.<\/p>\n<p>Como alternativa a sus entradas anal\u00f3gicas, el SXP218 es compatible con Dante lo que permite la distribuci\u00f3n y control de audio digital a trav\u00e9s de un \u00fanico cable CAT5, manteniendo la calidad del sonido, incluso cuando se utilizan distancias de cableado muy largas.<\/p>\n<p>El recinto est\u00e1 construido con multi laminado de madera, recubierto de una duradera capa de poliurea, y est\u00e1 equipado con una rejilla perforada de Zintec, asas de transporte, patines, puntos de volado M10 y punto de inserci\u00f3n roscado para m\u00e1stiles.<\/p>\n<p>Como est\u00e1ndar, este producto se suministra sin ruedas para el recinto, pero \u00e9stas se encuentran disponibles como accesorio.<\/p>\n<p>A\u00f1adiendo la cubierta para la placa de entrada, el subgrave se convierte en una unidad totalmente resistente a las inclemencias del tiempo, y por lo tanto adecuada para un uso permanente en el exterior.<\/p>\n<p>&nbsp;<\/p>\n<p><strong>Caracter\u00edsticas Principales<\/strong><\/p>\n<ul>\n<li>Subgrave autoamplificado, con 2 transductores<\/li>\n<li>2 transductores de 18&#8243; (460mm) con bobinas de 4&#8243; (100mm)<\/li>\n<li>Alta potencia de salida<\/li>\n<li>Amplificaci\u00f3n clase D y DSP incorporados<\/li>\n<li>Audio digital en red Dante<\/li>\n<li>Funcionamiento con tensi\u00f3n de red global, con Factor de Correcci\u00f3n de Potencia<\/li>\n<li>Recinto de laminado de madera, apto para giras, con puntos de volado integrados<\/li>\n<li>Opci\u00f3n IP24 con funda anti lluvia<\/li>\n<\/ul>\n<p><strong>Aplicaciones<\/strong><\/p>\n<ul>\n<li>Sonorizaci\u00f3n en directo<\/li>\n<li>Sonido en teatro<\/li>\n<li>Eventos AV corporativos<\/li>\n<li>Instalaciones fijas en salas de conciertos, salas de baile y templos<\/li>\n<li>Bares y clubs<\/li>\n<li>Restaurantes en el exterior, bares y \u00e1reas de entretenimiento en hoteles<\/li>\n<li>Concursos y parques tem\u00e1ticos<\/li>\n<\/ul>\n","protected":false},"excerpt":{"rendered":"<h3>Subgrave compacto autoamplificado, de radiaci\u00f3n directa, 2&#215;18&#8243;<\/h3>\n<ul>\n<li>Subgrave autoamplificado, con 2 transductores de 18&#8243; (460mm) con bobinas de 4&#8243; (100mm)<\/li>\n<li>Amplificaci\u00f3n clase D y DSP incorporados<\/li>\n<li>Audio digital en red Dante<\/li>\n<li>SPL m\u00e1ximo: 140dB continuos \/ 143dB pico<\/li>\n<li>Potencia de pico m\u00f3dulo amplificador: 4000 W<\/li>\n<\/ul>\n","protected":false},"featured_media":17515,"template":"","meta":{"_acf_changed":false},"product_brand":[],"product_cat":[2083,2091,2084,2100,2085,2111],"product_tag":[],"class_list":{"0":"post-17517","1":"product","2":"type-product","3":"status-publish","4":"has-post-thumbnail","6":"product_cat-sistemas-sonido-directo","7":"product_cat-subgraves-sistemas-sonido-directo","8":"product_cat-sistemas-instalacion","9":"product_cat-subgraves-sistemas-instalacion","10":"product_cat-por-series-martin-audio","11":"product_cat-serie-sx-por-series-martin-audio","12":"product_series-serie-sx","14":"first","15":"instock","16":"shipping-taxable","17":"product-type-simple"},"acf":[],"yoast_head":"<!-- This site is optimized with the Yoast SEO plugin v27.1.1 - https:\/\/yoast.com\/product\/yoast-seo-wordpress\/ -->\n<title>SXP218 - Audio-Technica Iberia<\/title>\n<meta name=\"robots\" content=\"index, follow, max-snippet:-1, max-image-preview:large, max-video-preview:-1\" \/>\n<link rel=\"canonical\" href=\"https:\/\/distribution.audio-technica.eu\/es-es\/productos\/sxp218\/\" \/>\n<meta property=\"og:locale\" content=\"es_ES\" \/>\n<meta property=\"og:type\" content=\"article\" \/>\n<meta property=\"og:title\" content=\"SXP218 - Audio-Technica Iberia\" \/>\n<meta property=\"og:description\" content=\"Subgrave compacto autoamplificado, de radiaci\u00f3n directa, 2x18&quot;   Subgrave autoamplificado, con 2 transductores de 18&quot; (460mm) con bobinas de 4&quot; (100mm)  Amplificaci\u00f3n clase D y DSP incorporados  Audio digital en red Dante  SPL m\u00e1ximo: 140dB continuos \/ 143dB pico  Potencia de pico m\u00f3dulo amplificador: 4000 W\" \/>\n<meta property=\"og:url\" content=\"https:\/\/distribution.audio-technica.eu\/es-es\/productos\/sxp218\/\" \/>\n<meta property=\"og:site_name\" content=\"Audio-Technica Iberia\" \/>\n<meta property=\"article:modified_time\" content=\"2026-02-19T13:57:59+00:00\" \/>\n<meta property=\"og:image\" content=\"https:\/\/distribution.audio-technica.eu\/app\/uploads\/sites\/2\/SXP218.jpg\" \/>\n\t<meta property=\"og:image:width\" content=\"1024\" \/>\n\t<meta property=\"og:image:height\" content=\"1024\" \/>\n\t<meta property=\"og:image:type\" content=\"image\/jpeg\" \/>\n<meta name=\"twitter:card\" content=\"summary_large_image\" \/>\n<meta name=\"twitter:label1\" content=\"Tiempo de lectura\" \/>\n\t<meta name=\"twitter:data1\" content=\"3 minutos\" \/>\n<script type=\"application\/ld+json\" class=\"yoast-schema-graph\">{\"@context\":\"https:\/\/schema.org\",\"@graph\":[{\"@type\":\"WebPage\",\"@id\":\"https:\/\/distribution.audio-technica.eu\/es-es\/productos\/sxp218\/\",\"url\":\"https:\/\/distribution.audio-technica.eu\/es-es\/productos\/sxp218\/\",\"name\":\"SXP218 - Audio-Technica Iberia\",\"isPartOf\":{\"@id\":\"https:\/\/distribution.audio-technica.eu\/es-es\/#website\"},\"primaryImageOfPage\":{\"@id\":\"https:\/\/distribution.audio-technica.eu\/es-es\/productos\/sxp218\/#primaryimage\"},\"image\":{\"@id\":\"https:\/\/distribution.audio-technica.eu\/es-es\/productos\/sxp218\/#primaryimage\"},\"thumbnailUrl\":\"\/app\/uploads\/sites\/2\/SXP218.jpg\",\"datePublished\":\"2019-07-04T17:52:12+00:00\",\"dateModified\":\"2026-02-19T13:57:59+00:00\",\"breadcrumb\":{\"@id\":\"https:\/\/distribution.audio-technica.eu\/es-es\/productos\/sxp218\/#breadcrumb\"},\"inLanguage\":\"es\",\"potentialAction\":[{\"@type\":\"ReadAction\",\"target\":[\"https:\/\/distribution.audio-technica.eu\/es-es\/productos\/sxp218\/\"]}]},{\"@type\":\"ImageObject\",\"inLanguage\":\"es\",\"@id\":\"https:\/\/distribution.audio-technica.eu\/es-es\/productos\/sxp218\/#primaryimage\",\"url\":\"\/app\/uploads\/sites\/2\/SXP218.jpg\",\"contentUrl\":\"\/app\/uploads\/sites\/2\/SXP218.jpg\",\"width\":1024,\"height\":1024},{\"@type\":\"BreadcrumbList\",\"@id\":\"https:\/\/distribution.audio-technica.eu\/es-es\/productos\/sxp218\/#breadcrumb\",\"itemListElement\":[{\"@type\":\"ListItem\",\"position\":1,\"name\":\"Products\",\"item\":\"https:\/\/distribution.audio-technica.eu\/es-es\/\"},{\"@type\":\"ListItem\",\"position\":2,\"name\":\"Productos\",\"item\":\"https:\/\/distribution.audio-technica.eu\/es-es\/productos\/\"},{\"@type\":\"ListItem\",\"position\":3,\"name\":\"SXP218\"}]},{\"@type\":\"WebSite\",\"@id\":\"https:\/\/distribution.audio-technica.eu\/es-es\/#website\",\"url\":\"https:\/\/distribution.audio-technica.eu\/es-es\/\",\"name\":\"Audio-Technica Iberia\",\"description\":\"Distribuci\u00f3n\",\"potentialAction\":[{\"@type\":\"SearchAction\",\"target\":{\"@type\":\"EntryPoint\",\"urlTemplate\":\"https:\/\/distribution.audio-technica.eu\/es-es\/?s={search_term_string}\"},\"query-input\":{\"@type\":\"PropertyValueSpecification\",\"valueRequired\":true,\"valueName\":\"search_term_string\"}}],\"inLanguage\":\"es\"}]}<\/script>\n<!-- \/ Yoast SEO plugin. -->","yoast_head_json":{"title":"SXP218 - Audio-Technica Iberia","robots":{"index":"index","follow":"follow","max-snippet":"max-snippet:-1","max-image-preview":"max-image-preview:large","max-video-preview":"max-video-preview:-1"},"canonical":"https:\/\/distribution.audio-technica.eu\/es-es\/productos\/sxp218\/","og_locale":"es_ES","og_type":"article","og_title":"SXP218 - Audio-Technica Iberia","og_description":"Subgrave compacto autoamplificado, de radiaci\u00f3n directa, 2x18\"   Subgrave autoamplificado, con 2 transductores de 18\" (460mm) con bobinas de 4\" (100mm)  Amplificaci\u00f3n clase D y DSP incorporados  Audio digital en red Dante  SPL m\u00e1ximo: 140dB continuos \/ 143dB pico  Potencia de pico m\u00f3dulo amplificador: 4000 W","og_url":"https:\/\/distribution.audio-technica.eu\/es-es\/productos\/sxp218\/","og_site_name":"Audio-Technica Iberia","article_modified_time":"2026-02-19T13:57:59+00:00","og_image":[{"width":1024,"height":1024,"url":"https:\/\/distribution.audio-technica.eu\/app\/uploads\/sites\/2\/SXP218.jpg","type":"image\/jpeg"}],"twitter_card":"summary_large_image","twitter_misc":{"Tiempo de lectura":"3 minutos"},"schema":{"@context":"https:\/\/schema.org","@graph":[{"@type":"WebPage","@id":"https:\/\/distribution.audio-technica.eu\/es-es\/productos\/sxp218\/","url":"https:\/\/distribution.audio-technica.eu\/es-es\/productos\/sxp218\/","name":"SXP218 - Audio-Technica Iberia","isPartOf":{"@id":"https:\/\/distribution.audio-technica.eu\/es-es\/#website"},"primaryImageOfPage":{"@id":"https:\/\/distribution.audio-technica.eu\/es-es\/productos\/sxp218\/#primaryimage"},"image":{"@id":"https:\/\/distribution.audio-technica.eu\/es-es\/productos\/sxp218\/#primaryimage"},"thumbnailUrl":"\/app\/uploads\/sites\/2\/SXP218.jpg","datePublished":"2019-07-04T17:52:12+00:00","dateModified":"2026-02-19T13:57:59+00:00","breadcrumb":{"@id":"https:\/\/distribution.audio-technica.eu\/es-es\/productos\/sxp218\/#breadcrumb"},"inLanguage":"es","potentialAction":[{"@type":"ReadAction","target":["https:\/\/distribution.audio-technica.eu\/es-es\/productos\/sxp218\/"]}]},{"@type":"ImageObject","inLanguage":"es","@id":"https:\/\/distribution.audio-technica.eu\/es-es\/productos\/sxp218\/#primaryimage","url":"\/app\/uploads\/sites\/2\/SXP218.jpg","contentUrl":"\/app\/uploads\/sites\/2\/SXP218.jpg","width":1024,"height":1024},{"@type":"BreadcrumbList","@id":"https:\/\/distribution.audio-technica.eu\/es-es\/productos\/sxp218\/#breadcrumb","itemListElement":[{"@type":"ListItem","position":1,"name":"Products","item":"https:\/\/distribution.audio-technica.eu\/es-es\/"},{"@type":"ListItem","position":2,"name":"Productos","item":"https:\/\/distribution.audio-technica.eu\/es-es\/productos\/"},{"@type":"ListItem","position":3,"name":"SXP218"}]},{"@type":"WebSite","@id":"https:\/\/distribution.audio-technica.eu\/es-es\/#website","url":"https:\/\/distribution.audio-technica.eu\/es-es\/","name":"Audio-Technica Iberia","description":"Distribuci\u00f3n","potentialAction":[{"@type":"SearchAction","target":{"@type":"EntryPoint","urlTemplate":"https:\/\/distribution.audio-technica.eu\/es-es\/?s={search_term_string}"},"query-input":{"@type":"PropertyValueSpecification","valueRequired":true,"valueName":"search_term_string"}}],"inLanguage":"es"}]}},"_links":{"self":[{"href":"https:\/\/distribution.audio-technica.eu\/es-es\/wp-json\/wp\/v2\/product\/17517","targetHints":{"allow":["GET"]}}],"collection":[{"href":"https:\/\/distribution.audio-technica.eu\/es-es\/wp-json\/wp\/v2\/product"}],"about":[{"href":"https:\/\/distribution.audio-technica.eu\/es-es\/wp-json\/wp\/v2\/types\/product"}],"wp:featuredmedia":[{"embeddable":true,"href":"https:\/\/distribution.audio-technica.eu\/es-es\/wp-json\/wp\/v2\/media\/17515"}],"wp:attachment":[{"href":"https:\/\/distribution.audio-technica.eu\/es-es\/wp-json\/wp\/v2\/media?parent=17517"}],"wp:term":[{"taxonomy":"product_brand","embeddable":true,"href":"https:\/\/distribution.audio-technica.eu\/es-es\/wp-json\/wp\/v2\/product_brand?post=17517"},{"taxonomy":"product_cat","embeddable":true,"href":"https:\/\/distribution.audio-technica.eu\/es-es\/wp-json\/wp\/v2\/product_cat?post=17517"},{"taxonomy":"product_tag","embeddable":true,"href":"https:\/\/distribution.audio-technica.eu\/es-es\/wp-json\/wp\/v2\/product_tag?post=17517"}],"curies":[{"name":"wp","href":"https:\/\/api.w.org\/{rel}","templated":true}]}}