{"id":17520,"date":"2019-07-05T07:40:17","date_gmt":"2019-07-05T05:40:17","guid":{"rendered":"https:\/\/atdb-production.studiograft.dev\/es\/?post_type=product&#038;p=17520"},"modified":"2026-02-19T14:48:14","modified_gmt":"2026-02-19T13:48:14","slug":"le100","status":"publish","type":"product","link":"https:\/\/distribution.audio-technica.eu\/es-es\/productos\/le100\/","title":{"rendered":"LE100"},"content":{"rendered":"<h2>LE100<\/h2>\n<h3>Monitor de escenario 2 v\u00edas pasivo, 12&#8243; coaxial de dispersi\u00f3n diferencial<\/h3>\n<p>El LE100 es monitor pasivo de dos v\u00edas para escenario. Incorpora un transductor coaxial de dispersi\u00f3n diferencial LF 12&#8243;(300mm) \/ HF 1&#8243;(25mm), capaz de distribuir el sonido de forma uniforme sobre el plano de escucha. La secci\u00f3n de transductor LF dispone de una bobina de 2.5&#8243;(65mm) y un eficiente motor equipado de una anillo demodulador de aluminio que minimiza la distorsi\u00f3n. El transductor coaxial HF utiliza una c\u00fapula de poliamida de 1.75&#8243;(44mm) y dispone de un corrector de fase de baja compresi\u00f3n para reducir la falta de linealidad asociados a elevadas relaciones de compresi\u00f3n.<\/p>\n<p>La exclusiva tecnolog\u00eda coaxial de dispersi\u00f3n diferencial empleada en el LE100 produce un patr\u00f3n de cobertura horizontal que var\u00eda desde un ancho de 110 \u00b0 directamente sobre el monitor, reduci\u00e9ndose a 60 \u00b0 m\u00e1s atr\u00e1s. Este estrechamiento produce un plano de cobertura casi rectangular a la altura de la cabeza para mantener el nivel de sonido y el balance independientemente de la distancia del monitor.<\/p>\n<p>El recinto del LE100 est\u00e1 construido con un duradero laminado de madera, acabado con pintura negra texturizada. Sus ergon\u00f3micas asas ayudan en su transporte y una s\u00f3lida rejilla perforada, equipada con una tela s\u00f3nicamente transparente, protege al transductor. Sus patas moldeadas evitan que se mueva en el escenario y protegen su base frente a rayaduras.<\/p>\n<p>Adem\u00e1s de c\u00f3mo monitor de escenario, el LE100 ofrece otras opciones de uso. Puede ser invertido y montado, con un m\u00e1stil, como side fill, como sistema de sonorizaci\u00f3n o, combinado con un subgrave de Martin Audio, como drumfill. El punto de inserci\u00f3n para m\u00e1stil cuenta con un tap\u00f3n desmontable que lo oculta cuando se usa como monitor de escenario, y un total de cinco conectores NL4 satisfacen cualquier necesidad de configuraci\u00f3n.<\/p>\n<p>&nbsp;<\/p>\n<p><strong>Caracter\u00edsticas Principales<\/strong><\/p>\n<ul>\n<li>Compacto monitor de escenario, de dos v\u00edas<\/li>\n<li>Funcionamiento coaxial \u2018fuente puntual\u2019<\/li>\n<li>Tecnolog\u00eda Differential Dispersion\u2122 para ofrecer una cobertura uniforme<\/li>\n<li>Plano de cobertura definido, casi rectangular, a la altura de la cabeza.<\/li>\n<li>Compacto recinto de laminado de madera<\/li>\n<li>Punto de inserci\u00f3n de m\u00e1stiles, con tap\u00f3n extra\u00edble<\/li>\n<li>Puntos M8<\/li>\n<li>Varios conectores, para facilitar su despliegue<\/li>\n<\/ul>\n<p>&nbsp;<\/p>\n<p><strong>Aplicaciones<\/strong><\/p>\n<ul>\n<li>Monitor de escenario<\/li>\n<li>Sistema fill\/PA montado en m\u00e1stil<\/li>\n<\/ul>\n","protected":false},"excerpt":{"rendered":"<h3>Monitor de escenario 2 v\u00edas pasivo, 12&#8243; coaxial de dispersi\u00f3n diferencial<\/h3>\n<ul>\n<li>Compacto monitor de escenario, de dos v\u00edas<\/li>\n<li>Tecnolog\u00eda Differential Dispersion para ofrecer una cobertura uniforme<\/li>\n<li>Plano de cobertura definido, casi rectangular, a la altura de la cabeza.<\/li>\n<li>Potencia: 300W AES, 1200W pico<\/li>\n<\/ul>\n","protected":false},"featured_media":17522,"template":"","meta":{"_acf_changed":false},"product_brand":[],"product_cat":[2083,2090,2085,2115],"product_tag":[],"class_list":{"0":"post-17520","1":"product","2":"type-product","3":"status-publish","4":"has-post-thumbnail","6":"product_cat-sistemas-sonido-directo","7":"product_cat-monitores-escenario","8":"product_cat-por-series-martin-audio","9":"product_cat-serie-le","10":"product_series-serie-le","12":"first","13":"instock","14":"shipping-taxable","15":"product-type-simple"},"acf":[],"yoast_head":"<!-- This site is optimized with the Yoast SEO plugin v27.1.1 - https:\/\/yoast.com\/product\/yoast-seo-wordpress\/ -->\n<title>LE100 - Audio-Technica Iberia<\/title>\n<meta name=\"robots\" content=\"index, follow, max-snippet:-1, max-image-preview:large, max-video-preview:-1\" \/>\n<link rel=\"canonical\" href=\"https:\/\/distribution.audio-technica.eu\/es-es\/productos\/le100\/\" \/>\n<meta property=\"og:locale\" content=\"es_ES\" \/>\n<meta property=\"og:type\" content=\"article\" \/>\n<meta property=\"og:title\" content=\"LE100 - Audio-Technica Iberia\" \/>\n<meta property=\"og:description\" content=\"Monitor de escenario 2 v\u00edas pasivo, 12&quot; coaxial de dispersi\u00f3n diferencial   Compacto monitor de escenario, de dos v\u00edas  Tecnolog\u00eda Differential Dispersion para ofrecer una cobertura uniforme  Plano de cobertura definido, casi rectangular, a la altura de la cabeza.  Potencia: 300W AES, 1200W pico\" \/>\n<meta property=\"og:url\" content=\"https:\/\/distribution.audio-technica.eu\/es-es\/productos\/le100\/\" \/>\n<meta property=\"og:site_name\" content=\"Audio-Technica Iberia\" \/>\n<meta property=\"article:modified_time\" content=\"2026-02-19T13:48:14+00:00\" \/>\n<meta property=\"og:image\" content=\"https:\/\/distribution.audio-technica.eu\/app\/uploads\/sites\/2\/LE100.jpg\" \/>\n\t<meta property=\"og:image:width\" content=\"1024\" \/>\n\t<meta property=\"og:image:height\" content=\"1024\" \/>\n\t<meta property=\"og:image:type\" content=\"image\/jpeg\" \/>\n<meta name=\"twitter:card\" content=\"summary_large_image\" \/>\n<meta name=\"twitter:label1\" content=\"Tiempo de lectura\" \/>\n\t<meta name=\"twitter:data1\" content=\"2 minutos\" \/>\n<script type=\"application\/ld+json\" class=\"yoast-schema-graph\">{\"@context\":\"https:\/\/schema.org\",\"@graph\":[{\"@type\":\"WebPage\",\"@id\":\"https:\/\/distribution.audio-technica.eu\/es-es\/productos\/le100\/\",\"url\":\"https:\/\/distribution.audio-technica.eu\/es-es\/productos\/le100\/\",\"name\":\"LE100 - Audio-Technica Iberia\",\"isPartOf\":{\"@id\":\"https:\/\/distribution.audio-technica.eu\/es-es\/#website\"},\"primaryImageOfPage\":{\"@id\":\"https:\/\/distribution.audio-technica.eu\/es-es\/productos\/le100\/#primaryimage\"},\"image\":{\"@id\":\"https:\/\/distribution.audio-technica.eu\/es-es\/productos\/le100\/#primaryimage\"},\"thumbnailUrl\":\"\/app\/uploads\/sites\/2\/LE100.jpg\",\"datePublished\":\"2019-07-05T05:40:17+00:00\",\"dateModified\":\"2026-02-19T13:48:14+00:00\",\"breadcrumb\":{\"@id\":\"https:\/\/distribution.audio-technica.eu\/es-es\/productos\/le100\/#breadcrumb\"},\"inLanguage\":\"es\",\"potentialAction\":[{\"@type\":\"ReadAction\",\"target\":[\"https:\/\/distribution.audio-technica.eu\/es-es\/productos\/le100\/\"]}]},{\"@type\":\"ImageObject\",\"inLanguage\":\"es\",\"@id\":\"https:\/\/distribution.audio-technica.eu\/es-es\/productos\/le100\/#primaryimage\",\"url\":\"\/app\/uploads\/sites\/2\/LE100.jpg\",\"contentUrl\":\"\/app\/uploads\/sites\/2\/LE100.jpg\",\"width\":1024,\"height\":1024},{\"@type\":\"BreadcrumbList\",\"@id\":\"https:\/\/distribution.audio-technica.eu\/es-es\/productos\/le100\/#breadcrumb\",\"itemListElement\":[{\"@type\":\"ListItem\",\"position\":1,\"name\":\"Products\",\"item\":\"https:\/\/distribution.audio-technica.eu\/es-es\/\"},{\"@type\":\"ListItem\",\"position\":2,\"name\":\"Productos\",\"item\":\"https:\/\/distribution.audio-technica.eu\/es-es\/productos\/\"},{\"@type\":\"ListItem\",\"position\":3,\"name\":\"LE100\"}]},{\"@type\":\"WebSite\",\"@id\":\"https:\/\/distribution.audio-technica.eu\/es-es\/#website\",\"url\":\"https:\/\/distribution.audio-technica.eu\/es-es\/\",\"name\":\"Audio-Technica Iberia\",\"description\":\"Distribuci\u00f3n\",\"potentialAction\":[{\"@type\":\"SearchAction\",\"target\":{\"@type\":\"EntryPoint\",\"urlTemplate\":\"https:\/\/distribution.audio-technica.eu\/es-es\/?s={search_term_string}\"},\"query-input\":{\"@type\":\"PropertyValueSpecification\",\"valueRequired\":true,\"valueName\":\"search_term_string\"}}],\"inLanguage\":\"es\"}]}<\/script>\n<!-- \/ Yoast SEO plugin. -->","yoast_head_json":{"title":"LE100 - Audio-Technica Iberia","robots":{"index":"index","follow":"follow","max-snippet":"max-snippet:-1","max-image-preview":"max-image-preview:large","max-video-preview":"max-video-preview:-1"},"canonical":"https:\/\/distribution.audio-technica.eu\/es-es\/productos\/le100\/","og_locale":"es_ES","og_type":"article","og_title":"LE100 - Audio-Technica Iberia","og_description":"Monitor de escenario 2 v\u00edas pasivo, 12\" coaxial de dispersi\u00f3n diferencial   Compacto monitor de escenario, de dos v\u00edas  Tecnolog\u00eda Differential Dispersion para ofrecer una cobertura uniforme  Plano de cobertura definido, casi rectangular, a la altura de la cabeza.  Potencia: 300W AES, 1200W pico","og_url":"https:\/\/distribution.audio-technica.eu\/es-es\/productos\/le100\/","og_site_name":"Audio-Technica Iberia","article_modified_time":"2026-02-19T13:48:14+00:00","og_image":[{"width":1024,"height":1024,"url":"https:\/\/distribution.audio-technica.eu\/app\/uploads\/sites\/2\/LE100.jpg","type":"image\/jpeg"}],"twitter_card":"summary_large_image","twitter_misc":{"Tiempo de lectura":"2 minutos"},"schema":{"@context":"https:\/\/schema.org","@graph":[{"@type":"WebPage","@id":"https:\/\/distribution.audio-technica.eu\/es-es\/productos\/le100\/","url":"https:\/\/distribution.audio-technica.eu\/es-es\/productos\/le100\/","name":"LE100 - Audio-Technica Iberia","isPartOf":{"@id":"https:\/\/distribution.audio-technica.eu\/es-es\/#website"},"primaryImageOfPage":{"@id":"https:\/\/distribution.audio-technica.eu\/es-es\/productos\/le100\/#primaryimage"},"image":{"@id":"https:\/\/distribution.audio-technica.eu\/es-es\/productos\/le100\/#primaryimage"},"thumbnailUrl":"\/app\/uploads\/sites\/2\/LE100.jpg","datePublished":"2019-07-05T05:40:17+00:00","dateModified":"2026-02-19T13:48:14+00:00","breadcrumb":{"@id":"https:\/\/distribution.audio-technica.eu\/es-es\/productos\/le100\/#breadcrumb"},"inLanguage":"es","potentialAction":[{"@type":"ReadAction","target":["https:\/\/distribution.audio-technica.eu\/es-es\/productos\/le100\/"]}]},{"@type":"ImageObject","inLanguage":"es","@id":"https:\/\/distribution.audio-technica.eu\/es-es\/productos\/le100\/#primaryimage","url":"\/app\/uploads\/sites\/2\/LE100.jpg","contentUrl":"\/app\/uploads\/sites\/2\/LE100.jpg","width":1024,"height":1024},{"@type":"BreadcrumbList","@id":"https:\/\/distribution.audio-technica.eu\/es-es\/productos\/le100\/#breadcrumb","itemListElement":[{"@type":"ListItem","position":1,"name":"Products","item":"https:\/\/distribution.audio-technica.eu\/es-es\/"},{"@type":"ListItem","position":2,"name":"Productos","item":"https:\/\/distribution.audio-technica.eu\/es-es\/productos\/"},{"@type":"ListItem","position":3,"name":"LE100"}]},{"@type":"WebSite","@id":"https:\/\/distribution.audio-technica.eu\/es-es\/#website","url":"https:\/\/distribution.audio-technica.eu\/es-es\/","name":"Audio-Technica Iberia","description":"Distribuci\u00f3n","potentialAction":[{"@type":"SearchAction","target":{"@type":"EntryPoint","urlTemplate":"https:\/\/distribution.audio-technica.eu\/es-es\/?s={search_term_string}"},"query-input":{"@type":"PropertyValueSpecification","valueRequired":true,"valueName":"search_term_string"}}],"inLanguage":"es"}]}},"_links":{"self":[{"href":"https:\/\/distribution.audio-technica.eu\/es-es\/wp-json\/wp\/v2\/product\/17520","targetHints":{"allow":["GET"]}}],"collection":[{"href":"https:\/\/distribution.audio-technica.eu\/es-es\/wp-json\/wp\/v2\/product"}],"about":[{"href":"https:\/\/distribution.audio-technica.eu\/es-es\/wp-json\/wp\/v2\/types\/product"}],"wp:featuredmedia":[{"embeddable":true,"href":"https:\/\/distribution.audio-technica.eu\/es-es\/wp-json\/wp\/v2\/media\/17522"}],"wp:attachment":[{"href":"https:\/\/distribution.audio-technica.eu\/es-es\/wp-json\/wp\/v2\/media?parent=17520"}],"wp:term":[{"taxonomy":"product_brand","embeddable":true,"href":"https:\/\/distribution.audio-technica.eu\/es-es\/wp-json\/wp\/v2\/product_brand?post=17520"},{"taxonomy":"product_cat","embeddable":true,"href":"https:\/\/distribution.audio-technica.eu\/es-es\/wp-json\/wp\/v2\/product_cat?post=17520"},{"taxonomy":"product_tag","embeddable":true,"href":"https:\/\/distribution.audio-technica.eu\/es-es\/wp-json\/wp\/v2\/product_tag?post=17520"}],"curies":[{"name":"wp","href":"https:\/\/api.w.org\/{rel}","templated":true}]}}