{"id":17525,"date":"2019-07-05T07:48:50","date_gmt":"2019-07-05T05:48:50","guid":{"rendered":"https:\/\/atdb-production.studiograft.dev\/es\/?post_type=product&#038;p=17525"},"modified":"2026-02-19T14:48:27","modified_gmt":"2026-02-19T13:48:27","slug":"le200","status":"publish","type":"product","link":"https:\/\/distribution.audio-technica.eu\/es-es\/productos\/le200\/","title":{"rendered":"LE200"},"content":{"rendered":"<h2>LE200<\/h2>\n<h3>Monitor de escenario 2 v\u00edas bi-amplificado\/pasivo, 15&#8243; coaxial con dispersi\u00f3n diferencial<\/h3>\n<p>Combinando su elevada capacidad de salida con el sonido caracter\u00edstico de Martin Audio y una excelente cobertura, el LE200 es el monitor profesional definitivo. Su transductor coaxial de dispersi\u00f3n diferencial incluye un potente transductor LF de 15&#8243;(380mm) \/ bobina de 3&#8243;(75mm) y un transductor de compresi\u00f3n HF de 1.4&#8243;(35mm) con un diafragma de 3&#8243;(75mm), de titanio puro.<\/p>\n<p>Utilizando la tecnolog\u00eda Coaxial Differential Dispersion, la cobertura horizontal del LE200 var\u00eda entre 100\u00b0, directamente sobre el monitor, estrech\u00e1ndose posteriormente hasta 60\u00b0 m\u00e1s atr\u00e1s. Esto mantiene el nivel sonoro y el balance, independientemente de la distancia al monitor, y produce un consistente campo casi rectangular a la altura de la cabeza.<\/p>\n<p>El recinto del LE200 est\u00e1 construido con un duradero laminado de madera, acabado con pintura negra texturizada. Sus ergon\u00f3micas asas ayudan en su transporte y una s\u00f3lida rejilla perforada, equipada con una tela s\u00f3nicamente transparente, protege al transductor. Sus patas moldeadas evitan que se mueva en el escenario y protegen su base frente a rayaduras.<\/p>\n<p>Su modo de funcionamiento puede ser conmutado entre pasivo y biamplificado, e incorpora un crossover pasivo interno de 1.6 kHz.<\/p>\n<p>Compacto y f\u00e1cil de manejar, su excepcional rendimiento, alta potencia y excelente cobertura lo convierten en el monitor profesional definitivo, apto para una amplia gama de aplicaciones.<\/p>\n<p>&nbsp;<\/p>\n<p><strong>Caracter\u00edsticas Principales<\/strong><\/p>\n<ul>\n<li>Compacto monitor de escenario, de 2 v\u00edas<\/li>\n<li>Funcionamiento coaxial \u2018fuente puntual\u2019<\/li>\n<li>Tecnolog\u00eda Differential Dispersion\u2122para conseguir una cobertura excelente<\/li>\n<li>Plano de cobertura definido, casi rectangular, a la altura de la cabeza.<\/li>\n<li>Funcionamiento conmutable entre activo \/ pasivo<\/li>\n<li>Compacto recinto de madera laminada<\/li>\n<li>Puntos M8<\/li>\n<li>M\u00faltiples conectores para mayor flexibilidad<\/li>\n<\/ul>\n<p>&nbsp;<\/p>\n<p><strong>Aplicaciones<\/strong><\/p>\n<ul>\n<li>Monitor de escenario<\/li>\n<\/ul>\n","protected":false},"excerpt":{"rendered":"<h3>Monitor de escenario 2 v\u00edas bi-amplificado\/pasivo, 15&#8243; coaxial con dispersi\u00f3n diferencial<\/h3>\n<ul>\n<li>Compacto monitor de escenario, de 2 v\u00edas<\/li>\n<li>Tecnolog\u00eda Differential Dispersion para conseguir una cobertura excelente<\/li>\n<li>Plano de cobertura definido, casi rectangular, a la altura de la cabeza<\/li>\n<li>Potencia: 400W AES, 1600W pico<\/li>\n<\/ul>\n","protected":false},"featured_media":17529,"template":"","meta":{"_acf_changed":false},"product_brand":[],"product_cat":[2083,2090,2085,2115],"product_tag":[],"class_list":{"0":"post-17525","1":"product","2":"type-product","3":"status-publish","4":"has-post-thumbnail","6":"product_cat-sistemas-sonido-directo","7":"product_cat-monitores-escenario","8":"product_cat-por-series-martin-audio","9":"product_cat-serie-le","10":"product_series-serie-le","12":"first","13":"instock","14":"shipping-taxable","15":"product-type-simple"},"acf":[],"yoast_head":"<!-- This site is optimized with the Yoast SEO plugin v27.1.1 - https:\/\/yoast.com\/product\/yoast-seo-wordpress\/ -->\n<title>LE200 - Audio-Technica Iberia<\/title>\n<meta name=\"robots\" content=\"index, follow, max-snippet:-1, max-image-preview:large, max-video-preview:-1\" \/>\n<link rel=\"canonical\" href=\"https:\/\/distribution.audio-technica.eu\/es-es\/productos\/le200\/\" \/>\n<meta property=\"og:locale\" content=\"es_ES\" \/>\n<meta property=\"og:type\" content=\"article\" \/>\n<meta property=\"og:title\" content=\"LE200 - Audio-Technica Iberia\" \/>\n<meta property=\"og:description\" content=\"Monitor de escenario 2 v\u00edas bi-amplificado\/pasivo, 15&quot; coaxial con dispersi\u00f3n diferencial   Compacto monitor de escenario, de 2 v\u00edas  Tecnolog\u00eda Differential Dispersion para conseguir una cobertura excelente  Plano de cobertura definido, casi rectangular, a la altura de la cabeza  Potencia: 400W AES, 1600W pico\" \/>\n<meta property=\"og:url\" content=\"https:\/\/distribution.audio-technica.eu\/es-es\/productos\/le200\/\" \/>\n<meta property=\"og:site_name\" content=\"Audio-Technica Iberia\" \/>\n<meta property=\"article:modified_time\" content=\"2026-02-19T13:48:27+00:00\" \/>\n<meta property=\"og:image\" content=\"https:\/\/distribution.audio-technica.eu\/app\/uploads\/sites\/2\/LE200-sin-rejilla.jpg\" \/>\n\t<meta property=\"og:image:width\" content=\"1024\" \/>\n\t<meta property=\"og:image:height\" content=\"1024\" \/>\n\t<meta property=\"og:image:type\" content=\"image\/jpeg\" \/>\n<meta name=\"twitter:card\" content=\"summary_large_image\" \/>\n<meta name=\"twitter:label1\" content=\"Tiempo de lectura\" \/>\n\t<meta name=\"twitter:data1\" content=\"2 minutos\" \/>\n<script type=\"application\/ld+json\" class=\"yoast-schema-graph\">{\"@context\":\"https:\/\/schema.org\",\"@graph\":[{\"@type\":\"WebPage\",\"@id\":\"https:\/\/distribution.audio-technica.eu\/es-es\/productos\/le200\/\",\"url\":\"https:\/\/distribution.audio-technica.eu\/es-es\/productos\/le200\/\",\"name\":\"LE200 - Audio-Technica Iberia\",\"isPartOf\":{\"@id\":\"https:\/\/distribution.audio-technica.eu\/es-es\/#website\"},\"primaryImageOfPage\":{\"@id\":\"https:\/\/distribution.audio-technica.eu\/es-es\/productos\/le200\/#primaryimage\"},\"image\":{\"@id\":\"https:\/\/distribution.audio-technica.eu\/es-es\/productos\/le200\/#primaryimage\"},\"thumbnailUrl\":\"\/app\/uploads\/sites\/2\/LE200-sin-rejilla.jpg\",\"datePublished\":\"2019-07-05T05:48:50+00:00\",\"dateModified\":\"2026-02-19T13:48:27+00:00\",\"breadcrumb\":{\"@id\":\"https:\/\/distribution.audio-technica.eu\/es-es\/productos\/le200\/#breadcrumb\"},\"inLanguage\":\"es\",\"potentialAction\":[{\"@type\":\"ReadAction\",\"target\":[\"https:\/\/distribution.audio-technica.eu\/es-es\/productos\/le200\/\"]}]},{\"@type\":\"ImageObject\",\"inLanguage\":\"es\",\"@id\":\"https:\/\/distribution.audio-technica.eu\/es-es\/productos\/le200\/#primaryimage\",\"url\":\"\/app\/uploads\/sites\/2\/LE200-sin-rejilla.jpg\",\"contentUrl\":\"\/app\/uploads\/sites\/2\/LE200-sin-rejilla.jpg\",\"width\":1024,\"height\":1024},{\"@type\":\"BreadcrumbList\",\"@id\":\"https:\/\/distribution.audio-technica.eu\/es-es\/productos\/le200\/#breadcrumb\",\"itemListElement\":[{\"@type\":\"ListItem\",\"position\":1,\"name\":\"Products\",\"item\":\"https:\/\/distribution.audio-technica.eu\/es-es\/\"},{\"@type\":\"ListItem\",\"position\":2,\"name\":\"Productos\",\"item\":\"https:\/\/distribution.audio-technica.eu\/es-es\/productos\/\"},{\"@type\":\"ListItem\",\"position\":3,\"name\":\"LE200\"}]},{\"@type\":\"WebSite\",\"@id\":\"https:\/\/distribution.audio-technica.eu\/es-es\/#website\",\"url\":\"https:\/\/distribution.audio-technica.eu\/es-es\/\",\"name\":\"Audio-Technica Iberia\",\"description\":\"Distribuci\u00f3n\",\"potentialAction\":[{\"@type\":\"SearchAction\",\"target\":{\"@type\":\"EntryPoint\",\"urlTemplate\":\"https:\/\/distribution.audio-technica.eu\/es-es\/?s={search_term_string}\"},\"query-input\":{\"@type\":\"PropertyValueSpecification\",\"valueRequired\":true,\"valueName\":\"search_term_string\"}}],\"inLanguage\":\"es\"}]}<\/script>\n<!-- \/ Yoast SEO plugin. -->","yoast_head_json":{"title":"LE200 - Audio-Technica Iberia","robots":{"index":"index","follow":"follow","max-snippet":"max-snippet:-1","max-image-preview":"max-image-preview:large","max-video-preview":"max-video-preview:-1"},"canonical":"https:\/\/distribution.audio-technica.eu\/es-es\/productos\/le200\/","og_locale":"es_ES","og_type":"article","og_title":"LE200 - Audio-Technica Iberia","og_description":"Monitor de escenario 2 v\u00edas bi-amplificado\/pasivo, 15\" coaxial con dispersi\u00f3n diferencial   Compacto monitor de escenario, de 2 v\u00edas  Tecnolog\u00eda Differential Dispersion para conseguir una cobertura excelente  Plano de cobertura definido, casi rectangular, a la altura de la cabeza  Potencia: 400W AES, 1600W pico","og_url":"https:\/\/distribution.audio-technica.eu\/es-es\/productos\/le200\/","og_site_name":"Audio-Technica Iberia","article_modified_time":"2026-02-19T13:48:27+00:00","og_image":[{"width":1024,"height":1024,"url":"https:\/\/distribution.audio-technica.eu\/app\/uploads\/sites\/2\/LE200-sin-rejilla.jpg","type":"image\/jpeg"}],"twitter_card":"summary_large_image","twitter_misc":{"Tiempo de lectura":"2 minutos"},"schema":{"@context":"https:\/\/schema.org","@graph":[{"@type":"WebPage","@id":"https:\/\/distribution.audio-technica.eu\/es-es\/productos\/le200\/","url":"https:\/\/distribution.audio-technica.eu\/es-es\/productos\/le200\/","name":"LE200 - Audio-Technica Iberia","isPartOf":{"@id":"https:\/\/distribution.audio-technica.eu\/es-es\/#website"},"primaryImageOfPage":{"@id":"https:\/\/distribution.audio-technica.eu\/es-es\/productos\/le200\/#primaryimage"},"image":{"@id":"https:\/\/distribution.audio-technica.eu\/es-es\/productos\/le200\/#primaryimage"},"thumbnailUrl":"\/app\/uploads\/sites\/2\/LE200-sin-rejilla.jpg","datePublished":"2019-07-05T05:48:50+00:00","dateModified":"2026-02-19T13:48:27+00:00","breadcrumb":{"@id":"https:\/\/distribution.audio-technica.eu\/es-es\/productos\/le200\/#breadcrumb"},"inLanguage":"es","potentialAction":[{"@type":"ReadAction","target":["https:\/\/distribution.audio-technica.eu\/es-es\/productos\/le200\/"]}]},{"@type":"ImageObject","inLanguage":"es","@id":"https:\/\/distribution.audio-technica.eu\/es-es\/productos\/le200\/#primaryimage","url":"\/app\/uploads\/sites\/2\/LE200-sin-rejilla.jpg","contentUrl":"\/app\/uploads\/sites\/2\/LE200-sin-rejilla.jpg","width":1024,"height":1024},{"@type":"BreadcrumbList","@id":"https:\/\/distribution.audio-technica.eu\/es-es\/productos\/le200\/#breadcrumb","itemListElement":[{"@type":"ListItem","position":1,"name":"Products","item":"https:\/\/distribution.audio-technica.eu\/es-es\/"},{"@type":"ListItem","position":2,"name":"Productos","item":"https:\/\/distribution.audio-technica.eu\/es-es\/productos\/"},{"@type":"ListItem","position":3,"name":"LE200"}]},{"@type":"WebSite","@id":"https:\/\/distribution.audio-technica.eu\/es-es\/#website","url":"https:\/\/distribution.audio-technica.eu\/es-es\/","name":"Audio-Technica Iberia","description":"Distribuci\u00f3n","potentialAction":[{"@type":"SearchAction","target":{"@type":"EntryPoint","urlTemplate":"https:\/\/distribution.audio-technica.eu\/es-es\/?s={search_term_string}"},"query-input":{"@type":"PropertyValueSpecification","valueRequired":true,"valueName":"search_term_string"}}],"inLanguage":"es"}]}},"_links":{"self":[{"href":"https:\/\/distribution.audio-technica.eu\/es-es\/wp-json\/wp\/v2\/product\/17525","targetHints":{"allow":["GET"]}}],"collection":[{"href":"https:\/\/distribution.audio-technica.eu\/es-es\/wp-json\/wp\/v2\/product"}],"about":[{"href":"https:\/\/distribution.audio-technica.eu\/es-es\/wp-json\/wp\/v2\/types\/product"}],"wp:featuredmedia":[{"embeddable":true,"href":"https:\/\/distribution.audio-technica.eu\/es-es\/wp-json\/wp\/v2\/media\/17529"}],"wp:attachment":[{"href":"https:\/\/distribution.audio-technica.eu\/es-es\/wp-json\/wp\/v2\/media?parent=17525"}],"wp:term":[{"taxonomy":"product_brand","embeddable":true,"href":"https:\/\/distribution.audio-technica.eu\/es-es\/wp-json\/wp\/v2\/product_brand?post=17525"},{"taxonomy":"product_cat","embeddable":true,"href":"https:\/\/distribution.audio-technica.eu\/es-es\/wp-json\/wp\/v2\/product_cat?post=17525"},{"taxonomy":"product_tag","embeddable":true,"href":"https:\/\/distribution.audio-technica.eu\/es-es\/wp-json\/wp\/v2\/product_tag?post=17525"}],"curies":[{"name":"wp","href":"https:\/\/api.w.org\/{rel}","templated":true}]}}