{"id":17531,"date":"2019-07-05T08:43:48","date_gmt":"2019-07-05T06:43:48","guid":{"rendered":"https:\/\/atdb-production.studiograft.dev\/es\/?post_type=product&#038;p=17531"},"modified":"2023-07-13T13:15:46","modified_gmt":"2023-07-13T11:15:46","slug":"xe300","status":"publish","type":"product","link":"https:\/\/distribution.audio-technica.eu\/es-es\/productos\/xe300\/","title":{"rendered":"XE300"},"content":{"rendered":"<h2>XE300<\/h2>\n<h3>Monitor de escenario 2 vias biamplificado\/pasivo, 12&#8243; coaxial con dispersi\u00f3n diferencial<\/h3>\n<p>El XE300 es el monitor compacto de altas prestaciones definitivo. Incorpora un transductor de alta calidad de 12&#8243; (300mm) LF \/ transductor HF coaxial de dispersi\u00f3n diferencial de 1.4&#8243; para proporcionar un sonido sobre todo el plano de audici\u00f3n del artista. La secci\u00f3n LF del transductor dispone de una bobina de 3&#8243; (75mm) y de un eficiente motor equipado con anillos demoduladores de aluminio que minimizan la distorsi\u00f3n, mientras que la secci\u00f3n HF utiliza un transductor de compresi\u00f3n de 1.4&#8243; (35mm) con un diafragma de titanio puro de 3&#8243; (75mm).<\/p>\n<p>Su exclusiva tecnolog\u00eda Coaxial de Dispersi\u00f3n Diferencial produce un patr\u00f3n de cobertura horizontal que var\u00eda desde 60\u00b0 cuando el int\u00e9rprete se encuentra directamente sobre el monitor, estrech\u00e1ndose hasta 30\u00b0 cuando se aleja. Este estrechamiento proporciona un plano de cobertura pr\u00e1cticamente rectangular a la altura de la cabeza para mantener el nivel sonoro y el balance independientemente de la distancia al monitor.<\/p>\n<p>El recinto del XE300 est\u00e1 construido de multi laminado de abedul, dispone de asas ergon\u00f3micas integradas, y est\u00e1 acabado con pintura muy resistente. Una robusta rejilla de acero perforado y una tela posterior ac\u00fasticamente transparente proporcionan la protecci\u00f3n adecuada al transductor Coaxial de Dispersi\u00f3n Diferencial, mientras que los pies moldeados situados en la base previenen movimientos sobre el escenario; cuenta tambi\u00e9n con pies de goma adicionales en los laterales.<\/p>\n<p>Los puertos r\u00e9flex frontales se acoplan con el suelo para incrementar la salida LF, y los elevadores incorporados pueden ser utilizados para aumentar el \u00e1ngulo del monitor para aplicaciones que requieran mayor distancia de proyecci\u00f3n.<\/p>\n<p>Los monitores de la serie XE han sido dise\u00f1ados como un sistema completo con el amplificador clase D de 4 canales iK42, ofreciendo una combinaci\u00f3n \u00fanica de potencia y calidad de sonido, combinado con un avanzado DSP, el exclusivo software de control VU-NET y conexi\u00f3n de audio digital en red Dante. La combinaci\u00f3n de los m\u00e1s avanzados componentes y un cuidado dise\u00f1o dan como resultado una generosa reserva de potencia que asegura un sonido de calidad pr\u00edstina, incluso bajo las condiciones m\u00e1s extremas. Adem\u00e1s de maximizar las capacidades del monitor, esto asegura tambi\u00e9n que el ingeniero de monitores y el artista podr\u00e1 confiar en tener el mismo alto nivel de calidad proporcionado por un monitor XE en cualquier parte del mundo.<\/p>\n<p>&nbsp;<\/p>\n<p><strong>Caracter\u00edsticas Principales<\/strong><\/p>\n<ul>\n<li>Monitor compacto de escenario, de alto SPL, dos v\u00edas<\/li>\n<li>Funcionamiento coaxial (fuente puntual)<\/li>\n<li>Tecnolog\u00eda Differential Dispersion para una excelente cobertura<\/li>\n<li>Plano de cobertura definido, rectangular, a la altura de la cabeza<\/li>\n<li>Sistema completo con iK42 para un alto rendimiento<\/li>\n<li>Recinto de madera laminada, visualmente atractivo<\/li>\n<li>Elevadores incorporados para un \u00e1ngulo de monitor m\u00e1s pronunciado cuando sea necesario<\/li>\n<li>Patas de goma en el panel lateral para una protecci\u00f3n adicional cuando est\u00e1 de lado<\/li>\n<li>F\u00e1cil de transportar<\/li>\n<li>Puntos de volado M8<\/li>\n<\/ul>\n<p>&nbsp;<\/p>\n<p><strong>Aplicaciones<\/strong><\/p>\n<ul>\n<li>Monitor de escenario<\/li>\n<\/ul>\n","protected":false},"excerpt":{"rendered":"<h3>Monitor de escenario 2 vias biamplificado\/pasivo, 12&#8243; coaxial con dispersi\u00f3n diferencial<\/h3>\n<ul>\n<li>Monitor compacto de escenario, de alto SPL, dos v\u00edas<\/li>\n<li>Tecnolog\u00eda Differential Dispersion para una excelente cobertura<\/li>\n<li>Plano de cobertura definido, rectangular, a la altura de la cabeza<\/li>\n<li>Potencia: LF: 350W AES, 1400W pico; HF: 80W AES, 320W pico<br \/>\nSPL m\u00e1ximo: Bi-amp: 140dB pico. Pasivo: 139dB pico<\/li>\n<\/ul>\n","protected":false},"featured_media":17539,"template":"","meta":{"_acf_changed":false},"product_brand":[],"product_cat":[2083,2090,2085,2105],"product_tag":[],"class_list":{"0":"post-17531","1":"product","2":"type-product","3":"status-publish","4":"has-post-thumbnail","6":"product_cat-sistemas-sonido-directo","7":"product_cat-monitores-escenario","8":"product_cat-por-series-martin-audio","9":"product_cat-serie-xe","10":"product_series-serie-xe","12":"first","13":"instock","14":"shipping-taxable","15":"product-type-simple"},"acf":[],"yoast_head":"<!-- This site is optimized with the Yoast SEO plugin v27.1.1 - https:\/\/yoast.com\/product\/yoast-seo-wordpress\/ -->\n<title>XE300 - Audio-Technica Iberia<\/title>\n<meta name=\"robots\" content=\"index, follow, max-snippet:-1, max-image-preview:large, max-video-preview:-1\" \/>\n<link rel=\"canonical\" href=\"https:\/\/distribution.audio-technica.eu\/es-es\/productos\/xe300\/\" \/>\n<meta property=\"og:locale\" content=\"es_ES\" \/>\n<meta property=\"og:type\" content=\"article\" \/>\n<meta property=\"og:title\" content=\"XE300 - Audio-Technica Iberia\" \/>\n<meta property=\"og:description\" content=\"Monitor de escenario 2 vias biamplificado\/pasivo, 12&quot; coaxial con dispersi\u00f3n diferencial  Monitor compacto de escenario, de alto SPL, dos v\u00edas  Tecnolog\u00eda Differential Dispersion para una excelente cobertura  Plano de cobertura definido, rectangular, a la altura de la cabeza  Potencia: LF: 350W AES, 1400W pico; HF: 80W AES, 320W pico SPL m\u00e1ximo: Bi-amp: 140dB pico. Pasivo: 139dB pico\" \/>\n<meta property=\"og:url\" content=\"https:\/\/distribution.audio-technica.eu\/es-es\/productos\/xe300\/\" \/>\n<meta property=\"og:site_name\" content=\"Audio-Technica Iberia\" \/>\n<meta property=\"article:modified_time\" content=\"2023-07-13T11:15:46+00:00\" \/>\n<meta property=\"og:image\" content=\"https:\/\/distribution.audio-technica.eu\/app\/uploads\/sites\/2\/XE300-3-cut-out.jpg\" \/>\n\t<meta property=\"og:image:width\" content=\"1024\" \/>\n\t<meta property=\"og:image:height\" content=\"1024\" \/>\n\t<meta property=\"og:image:type\" content=\"image\/jpeg\" \/>\n<meta name=\"twitter:card\" content=\"summary_large_image\" \/>\n<meta name=\"twitter:label1\" content=\"Tiempo de lectura\" \/>\n\t<meta name=\"twitter:data1\" content=\"3 minutos\" \/>\n<script type=\"application\/ld+json\" class=\"yoast-schema-graph\">{\"@context\":\"https:\/\/schema.org\",\"@graph\":[{\"@type\":\"WebPage\",\"@id\":\"https:\/\/distribution.audio-technica.eu\/es-es\/productos\/xe300\/\",\"url\":\"https:\/\/distribution.audio-technica.eu\/es-es\/productos\/xe300\/\",\"name\":\"XE300 - Audio-Technica Iberia\",\"isPartOf\":{\"@id\":\"https:\/\/distribution.audio-technica.eu\/es-es\/#website\"},\"primaryImageOfPage\":{\"@id\":\"https:\/\/distribution.audio-technica.eu\/es-es\/productos\/xe300\/#primaryimage\"},\"image\":{\"@id\":\"https:\/\/distribution.audio-technica.eu\/es-es\/productos\/xe300\/#primaryimage\"},\"thumbnailUrl\":\"\/app\/uploads\/sites\/2\/XE300-3-cut-out.jpg\",\"datePublished\":\"2019-07-05T06:43:48+00:00\",\"dateModified\":\"2023-07-13T11:15:46+00:00\",\"breadcrumb\":{\"@id\":\"https:\/\/distribution.audio-technica.eu\/es-es\/productos\/xe300\/#breadcrumb\"},\"inLanguage\":\"es\",\"potentialAction\":[{\"@type\":\"ReadAction\",\"target\":[\"https:\/\/distribution.audio-technica.eu\/es-es\/productos\/xe300\/\"]}]},{\"@type\":\"ImageObject\",\"inLanguage\":\"es\",\"@id\":\"https:\/\/distribution.audio-technica.eu\/es-es\/productos\/xe300\/#primaryimage\",\"url\":\"\/app\/uploads\/sites\/2\/XE300-3-cut-out.jpg\",\"contentUrl\":\"\/app\/uploads\/sites\/2\/XE300-3-cut-out.jpg\",\"width\":1024,\"height\":1024},{\"@type\":\"BreadcrumbList\",\"@id\":\"https:\/\/distribution.audio-technica.eu\/es-es\/productos\/xe300\/#breadcrumb\",\"itemListElement\":[{\"@type\":\"ListItem\",\"position\":1,\"name\":\"Products\",\"item\":\"https:\/\/distribution.audio-technica.eu\/es-es\/\"},{\"@type\":\"ListItem\",\"position\":2,\"name\":\"Productos\",\"item\":\"https:\/\/distribution.audio-technica.eu\/es-es\/productos\/\"},{\"@type\":\"ListItem\",\"position\":3,\"name\":\"XE300\"}]},{\"@type\":\"WebSite\",\"@id\":\"https:\/\/distribution.audio-technica.eu\/es-es\/#website\",\"url\":\"https:\/\/distribution.audio-technica.eu\/es-es\/\",\"name\":\"Audio-Technica Iberia\",\"description\":\"Distribuci\u00f3n\",\"potentialAction\":[{\"@type\":\"SearchAction\",\"target\":{\"@type\":\"EntryPoint\",\"urlTemplate\":\"https:\/\/distribution.audio-technica.eu\/es-es\/?s={search_term_string}\"},\"query-input\":{\"@type\":\"PropertyValueSpecification\",\"valueRequired\":true,\"valueName\":\"search_term_string\"}}],\"inLanguage\":\"es\"}]}<\/script>\n<!-- \/ Yoast SEO plugin. -->","yoast_head_json":{"title":"XE300 - Audio-Technica Iberia","robots":{"index":"index","follow":"follow","max-snippet":"max-snippet:-1","max-image-preview":"max-image-preview:large","max-video-preview":"max-video-preview:-1"},"canonical":"https:\/\/distribution.audio-technica.eu\/es-es\/productos\/xe300\/","og_locale":"es_ES","og_type":"article","og_title":"XE300 - Audio-Technica Iberia","og_description":"Monitor de escenario 2 vias biamplificado\/pasivo, 12\" coaxial con dispersi\u00f3n diferencial  Monitor compacto de escenario, de alto SPL, dos v\u00edas  Tecnolog\u00eda Differential Dispersion para una excelente cobertura  Plano de cobertura definido, rectangular, a la altura de la cabeza  Potencia: LF: 350W AES, 1400W pico; HF: 80W AES, 320W pico SPL m\u00e1ximo: Bi-amp: 140dB pico. Pasivo: 139dB pico","og_url":"https:\/\/distribution.audio-technica.eu\/es-es\/productos\/xe300\/","og_site_name":"Audio-Technica Iberia","article_modified_time":"2023-07-13T11:15:46+00:00","og_image":[{"width":1024,"height":1024,"url":"https:\/\/distribution.audio-technica.eu\/app\/uploads\/sites\/2\/XE300-3-cut-out.jpg","type":"image\/jpeg"}],"twitter_card":"summary_large_image","twitter_misc":{"Tiempo de lectura":"3 minutos"},"schema":{"@context":"https:\/\/schema.org","@graph":[{"@type":"WebPage","@id":"https:\/\/distribution.audio-technica.eu\/es-es\/productos\/xe300\/","url":"https:\/\/distribution.audio-technica.eu\/es-es\/productos\/xe300\/","name":"XE300 - Audio-Technica Iberia","isPartOf":{"@id":"https:\/\/distribution.audio-technica.eu\/es-es\/#website"},"primaryImageOfPage":{"@id":"https:\/\/distribution.audio-technica.eu\/es-es\/productos\/xe300\/#primaryimage"},"image":{"@id":"https:\/\/distribution.audio-technica.eu\/es-es\/productos\/xe300\/#primaryimage"},"thumbnailUrl":"\/app\/uploads\/sites\/2\/XE300-3-cut-out.jpg","datePublished":"2019-07-05T06:43:48+00:00","dateModified":"2023-07-13T11:15:46+00:00","breadcrumb":{"@id":"https:\/\/distribution.audio-technica.eu\/es-es\/productos\/xe300\/#breadcrumb"},"inLanguage":"es","potentialAction":[{"@type":"ReadAction","target":["https:\/\/distribution.audio-technica.eu\/es-es\/productos\/xe300\/"]}]},{"@type":"ImageObject","inLanguage":"es","@id":"https:\/\/distribution.audio-technica.eu\/es-es\/productos\/xe300\/#primaryimage","url":"\/app\/uploads\/sites\/2\/XE300-3-cut-out.jpg","contentUrl":"\/app\/uploads\/sites\/2\/XE300-3-cut-out.jpg","width":1024,"height":1024},{"@type":"BreadcrumbList","@id":"https:\/\/distribution.audio-technica.eu\/es-es\/productos\/xe300\/#breadcrumb","itemListElement":[{"@type":"ListItem","position":1,"name":"Products","item":"https:\/\/distribution.audio-technica.eu\/es-es\/"},{"@type":"ListItem","position":2,"name":"Productos","item":"https:\/\/distribution.audio-technica.eu\/es-es\/productos\/"},{"@type":"ListItem","position":3,"name":"XE300"}]},{"@type":"WebSite","@id":"https:\/\/distribution.audio-technica.eu\/es-es\/#website","url":"https:\/\/distribution.audio-technica.eu\/es-es\/","name":"Audio-Technica Iberia","description":"Distribuci\u00f3n","potentialAction":[{"@type":"SearchAction","target":{"@type":"EntryPoint","urlTemplate":"https:\/\/distribution.audio-technica.eu\/es-es\/?s={search_term_string}"},"query-input":{"@type":"PropertyValueSpecification","valueRequired":true,"valueName":"search_term_string"}}],"inLanguage":"es"}]}},"_links":{"self":[{"href":"https:\/\/distribution.audio-technica.eu\/es-es\/wp-json\/wp\/v2\/product\/17531","targetHints":{"allow":["GET"]}}],"collection":[{"href":"https:\/\/distribution.audio-technica.eu\/es-es\/wp-json\/wp\/v2\/product"}],"about":[{"href":"https:\/\/distribution.audio-technica.eu\/es-es\/wp-json\/wp\/v2\/types\/product"}],"wp:featuredmedia":[{"embeddable":true,"href":"https:\/\/distribution.audio-technica.eu\/es-es\/wp-json\/wp\/v2\/media\/17539"}],"wp:attachment":[{"href":"https:\/\/distribution.audio-technica.eu\/es-es\/wp-json\/wp\/v2\/media?parent=17531"}],"wp:term":[{"taxonomy":"product_brand","embeddable":true,"href":"https:\/\/distribution.audio-technica.eu\/es-es\/wp-json\/wp\/v2\/product_brand?post=17531"},{"taxonomy":"product_cat","embeddable":true,"href":"https:\/\/distribution.audio-technica.eu\/es-es\/wp-json\/wp\/v2\/product_cat?post=17531"},{"taxonomy":"product_tag","embeddable":true,"href":"https:\/\/distribution.audio-technica.eu\/es-es\/wp-json\/wp\/v2\/product_tag?post=17531"}],"curies":[{"name":"wp","href":"https:\/\/api.w.org\/{rel}","templated":true}]}}