{"id":17542,"date":"2019-07-05T08:53:43","date_gmt":"2019-07-05T06:53:43","guid":{"rendered":"https:\/\/atdb-production.studiograft.dev\/es\/?post_type=product&#038;p=17542"},"modified":"2023-07-13T13:15:46","modified_gmt":"2023-07-13T11:15:46","slug":"xe500","status":"publish","type":"product","link":"https:\/\/distribution.audio-technica.eu\/es-es\/productos\/xe500\/","title":{"rendered":"XE500"},"content":{"rendered":"<h2>XE500<\/h2>\n<h3>Monitor de escenario 2 vias biamplificado\/pasivo, 15&#8243; coaxial con dispersi\u00f3n diferencial<\/h3>\n<p>Combinando una muy alta potencia con un sonido excepcional, control de la cobertura y consistencia, el XE500 es el monitor de escenario de alto SPL definitivo. Su transductor coaxial de dispersi\u00f3n diferencial est\u00e1 formado por un potente transductor LF de 15&#8243; (380mm) con una bobina de 3.5&#8243; (89mm), y un transductor de compresi\u00f3n de 1.4&#8243; (35mm) con un diafragma de titanio puro de 3&#8243; (75mm). Ambos transductores incorporan potentes imanes de neodimio para magnificar su rendimiento y reducir peso.<\/p>\n<p>Utilizando la tecnolog\u00eda Coaxial Differential Dispersion, la cobertura horizontal del XE500 var\u00eda desde 60\u00b0 directamente sobre el monitor, estrech\u00e1ndose hasta 30\u00b0 cuando se aleja. Esto no solo mantiene el nivel de sonido y el balance, independientemente de la distancia al monito, sino que tambi\u00e9n produce un \u00abpasillo\u00bb contenedor de la cobertura a la altura de la cabeza. Una tercera gu\u00eda ondas est\u00e1tica de contorno moldeado (pendiente de patente) aumenta mucho el tama\u00f1o efectivo de la boca de la bocina para extender el control del patr\u00f3n hasta 500 Hz, reduciendo la fuga de sonido hacia afuera del \u00abpasillo\u00bb.<\/p>\n<p>El recinto del XE500 est\u00e1 construido con multi laminado de abedul, incluye asas ergon\u00f3micas integradas y est\u00e1 acabado son una duradera pintura. Una robusta rejilla de acero perforado, que dispone de una tela posterior ac\u00fasticamente transparente, proporciona protecci\u00f3n para el transductor Coaxial de Dispersi\u00f3n Diferencial, mientras que los pies moldeados situados en su base previenen los movimientos sobre el escenario; dispone tambi\u00e9n de pies de goma adicionales en los laterales, que proporcionan una protecci\u00f3n adicional cuando el monitor es transportado.<\/p>\n<p>Los puertos r\u00e9flex frontales se acoplan con el suelo para incrementar la salida LF, y los elevadores incorporados pueden ser utilizados para aumentar el \u00e1ngulo del monitor para aplicaciones que requieran mayor distancia de proyecci\u00f3n. Su facilidad de manejo, su excepcional rendimiento y la cobertura en forma de \u00abpasillo\u00bb, hace del XE500 el monitor de escenario de alto SPL definitivo.<\/p>\n<p>Los monitores de la serie XE han sido dise\u00f1ados como un sistema completo con el amplificador clase D de 4 canales iK42, ofreciendo una combinaci\u00f3n \u00fanica de potencia y calidad de sonido, combinado con un avanzado DSP, el exclusivo software de control VU-NET y conexi\u00f3n de audio digital en red Dante. La combinaci\u00f3n de los m\u00e1s avanzados componentes y un cuidado dise\u00f1o dan como resultado una generosa reserva de potencia que asegura un sonido de calidad pr\u00edstina, incluso bajo las condiciones m\u00e1s extremas. Adem\u00e1s de maximizar las capacidades del monitor, esto asegura tambi\u00e9n que el ingeniero de monitores y el artista podr\u00e1 confiar en tener el mismo alto nivel de calidad proporcionado por un monitor XE en cualquier parte del mundo.<\/p>\n<p>&nbsp;<\/p>\n<p><strong>Caracter\u00edsticas Principales<\/strong><\/p>\n<ul>\n<li>Compacto monitor de escenario, de muy alto SPL<\/li>\n<li>Funcionamiento coaxial \u00abfuente puntual\u00bb<\/li>\n<li>Tecnolog\u00eda Differential Dispersion para conseguir la mejor cobertura<\/li>\n<li>Plano de cobertura definido, rectangular, a la altura de la cabeza<\/li>\n<li>Sistema completo con iK42 para obtener el mejor rendimiento<\/li>\n<li>Recinto visualmente atractivo, compacto, fabricado con madera laminada<\/li>\n<li>Elevadores incorporados para un \u00e1ngulo de monitor m\u00e1s pronunciado cuando sea necesario<\/li>\n<li>Patas de goma en el panel lateral para una protecci\u00f3n adicional cuando est\u00e1 de lado<\/li>\n<li>F\u00e1cil de transportar<\/li>\n<li>Puntos de volado M8<\/li>\n<\/ul>\n<p>&nbsp;<\/p>\n<p><strong>Aplicaciones<\/strong><\/p>\n<ul>\n<li>Monitor de escenario<\/li>\n<\/ul>\n","protected":false},"excerpt":{"rendered":"<h3>Monitor de escenario 2 vias biamplificado\/pasivo, 15&#8243; coaxial con dispersi\u00f3n diferencial<\/h3>\n<ul>\n<li>Compacto monitor de escenario, de muy alto SPL<\/li>\n<li>Tecnolog\u00eda Differential Dispersion para conseguir la mejor cobertura<\/li>\n<li>Plano de cobertura definido, rectangular, a la altura de la cabeza<\/li>\n<li>Potencia: LF: 550W AES, 2200W pico; HF: 80W AES, 320W pico<\/li>\n<li>SPL m\u00e1ximo: 143 dB pico<\/li>\n<\/ul>\n","protected":false},"featured_media":17541,"template":"","meta":{"_acf_changed":false},"product_brand":[],"product_cat":[2083,2090,2085,2105],"product_tag":[],"class_list":{"0":"post-17542","1":"product","2":"type-product","3":"status-publish","4":"has-post-thumbnail","6":"product_cat-sistemas-sonido-directo","7":"product_cat-monitores-escenario","8":"product_cat-por-series-martin-audio","9":"product_cat-serie-xe","10":"product_series-serie-xe","12":"first","13":"instock","14":"shipping-taxable","15":"product-type-simple"},"acf":[],"yoast_head":"<!-- This site is optimized with the Yoast SEO plugin v27.1.1 - https:\/\/yoast.com\/product\/yoast-seo-wordpress\/ -->\n<title>XE500 - Audio-Technica Iberia<\/title>\n<meta name=\"robots\" content=\"index, follow, max-snippet:-1, max-image-preview:large, max-video-preview:-1\" \/>\n<link rel=\"canonical\" href=\"https:\/\/distribution.audio-technica.eu\/es-es\/productos\/xe500\/\" \/>\n<meta property=\"og:locale\" content=\"es_ES\" \/>\n<meta property=\"og:type\" content=\"article\" \/>\n<meta property=\"og:title\" content=\"XE500 - Audio-Technica Iberia\" \/>\n<meta property=\"og:description\" content=\"Monitor de escenario 2 vias biamplificado\/pasivo, 15&quot; coaxial con dispersi\u00f3n diferencial  Compacto monitor de escenario, de muy alto SPL  Tecnolog\u00eda Differential Dispersion para conseguir la mejor cobertura  Plano de cobertura definido, rectangular, a la altura de la cabeza  Potencia: LF: 550W AES, 2200W pico; HF: 80W AES, 320W pico  SPL m\u00e1ximo: 143 dB pico\" \/>\n<meta property=\"og:url\" content=\"https:\/\/distribution.audio-technica.eu\/es-es\/productos\/xe500\/\" \/>\n<meta property=\"og:site_name\" content=\"Audio-Technica Iberia\" \/>\n<meta property=\"article:modified_time\" content=\"2023-07-13T11:15:46+00:00\" \/>\n<meta property=\"og:image\" content=\"https:\/\/distribution.audio-technica.eu\/app\/uploads\/sites\/2\/XE500-2-cut-out.jpg\" \/>\n\t<meta property=\"og:image:width\" content=\"1024\" \/>\n\t<meta property=\"og:image:height\" content=\"1024\" \/>\n\t<meta property=\"og:image:type\" content=\"image\/jpeg\" \/>\n<meta name=\"twitter:card\" content=\"summary_large_image\" \/>\n<meta name=\"twitter:label1\" content=\"Tiempo de lectura\" \/>\n\t<meta name=\"twitter:data1\" content=\"3 minutos\" \/>\n<script type=\"application\/ld+json\" class=\"yoast-schema-graph\">{\"@context\":\"https:\/\/schema.org\",\"@graph\":[{\"@type\":\"WebPage\",\"@id\":\"https:\/\/distribution.audio-technica.eu\/es-es\/productos\/xe500\/\",\"url\":\"https:\/\/distribution.audio-technica.eu\/es-es\/productos\/xe500\/\",\"name\":\"XE500 - Audio-Technica Iberia\",\"isPartOf\":{\"@id\":\"https:\/\/distribution.audio-technica.eu\/es-es\/#website\"},\"primaryImageOfPage\":{\"@id\":\"https:\/\/distribution.audio-technica.eu\/es-es\/productos\/xe500\/#primaryimage\"},\"image\":{\"@id\":\"https:\/\/distribution.audio-technica.eu\/es-es\/productos\/xe500\/#primaryimage\"},\"thumbnailUrl\":\"\/app\/uploads\/sites\/2\/XE500-2-cut-out.jpg\",\"datePublished\":\"2019-07-05T06:53:43+00:00\",\"dateModified\":\"2023-07-13T11:15:46+00:00\",\"breadcrumb\":{\"@id\":\"https:\/\/distribution.audio-technica.eu\/es-es\/productos\/xe500\/#breadcrumb\"},\"inLanguage\":\"es\",\"potentialAction\":[{\"@type\":\"ReadAction\",\"target\":[\"https:\/\/distribution.audio-technica.eu\/es-es\/productos\/xe500\/\"]}]},{\"@type\":\"ImageObject\",\"inLanguage\":\"es\",\"@id\":\"https:\/\/distribution.audio-technica.eu\/es-es\/productos\/xe500\/#primaryimage\",\"url\":\"\/app\/uploads\/sites\/2\/XE500-2-cut-out.jpg\",\"contentUrl\":\"\/app\/uploads\/sites\/2\/XE500-2-cut-out.jpg\",\"width\":1024,\"height\":1024},{\"@type\":\"BreadcrumbList\",\"@id\":\"https:\/\/distribution.audio-technica.eu\/es-es\/productos\/xe500\/#breadcrumb\",\"itemListElement\":[{\"@type\":\"ListItem\",\"position\":1,\"name\":\"Products\",\"item\":\"https:\/\/distribution.audio-technica.eu\/es-es\/\"},{\"@type\":\"ListItem\",\"position\":2,\"name\":\"Productos\",\"item\":\"https:\/\/distribution.audio-technica.eu\/es-es\/productos\/\"},{\"@type\":\"ListItem\",\"position\":3,\"name\":\"XE500\"}]},{\"@type\":\"WebSite\",\"@id\":\"https:\/\/distribution.audio-technica.eu\/es-es\/#website\",\"url\":\"https:\/\/distribution.audio-technica.eu\/es-es\/\",\"name\":\"Audio-Technica Iberia\",\"description\":\"Distribuci\u00f3n\",\"potentialAction\":[{\"@type\":\"SearchAction\",\"target\":{\"@type\":\"EntryPoint\",\"urlTemplate\":\"https:\/\/distribution.audio-technica.eu\/es-es\/?s={search_term_string}\"},\"query-input\":{\"@type\":\"PropertyValueSpecification\",\"valueRequired\":true,\"valueName\":\"search_term_string\"}}],\"inLanguage\":\"es\"}]}<\/script>\n<!-- \/ Yoast SEO plugin. -->","yoast_head_json":{"title":"XE500 - Audio-Technica Iberia","robots":{"index":"index","follow":"follow","max-snippet":"max-snippet:-1","max-image-preview":"max-image-preview:large","max-video-preview":"max-video-preview:-1"},"canonical":"https:\/\/distribution.audio-technica.eu\/es-es\/productos\/xe500\/","og_locale":"es_ES","og_type":"article","og_title":"XE500 - Audio-Technica Iberia","og_description":"Monitor de escenario 2 vias biamplificado\/pasivo, 15\" coaxial con dispersi\u00f3n diferencial  Compacto monitor de escenario, de muy alto SPL  Tecnolog\u00eda Differential Dispersion para conseguir la mejor cobertura  Plano de cobertura definido, rectangular, a la altura de la cabeza  Potencia: LF: 550W AES, 2200W pico; HF: 80W AES, 320W pico  SPL m\u00e1ximo: 143 dB pico","og_url":"https:\/\/distribution.audio-technica.eu\/es-es\/productos\/xe500\/","og_site_name":"Audio-Technica Iberia","article_modified_time":"2023-07-13T11:15:46+00:00","og_image":[{"width":1024,"height":1024,"url":"https:\/\/distribution.audio-technica.eu\/app\/uploads\/sites\/2\/XE500-2-cut-out.jpg","type":"image\/jpeg"}],"twitter_card":"summary_large_image","twitter_misc":{"Tiempo de lectura":"3 minutos"},"schema":{"@context":"https:\/\/schema.org","@graph":[{"@type":"WebPage","@id":"https:\/\/distribution.audio-technica.eu\/es-es\/productos\/xe500\/","url":"https:\/\/distribution.audio-technica.eu\/es-es\/productos\/xe500\/","name":"XE500 - Audio-Technica Iberia","isPartOf":{"@id":"https:\/\/distribution.audio-technica.eu\/es-es\/#website"},"primaryImageOfPage":{"@id":"https:\/\/distribution.audio-technica.eu\/es-es\/productos\/xe500\/#primaryimage"},"image":{"@id":"https:\/\/distribution.audio-technica.eu\/es-es\/productos\/xe500\/#primaryimage"},"thumbnailUrl":"\/app\/uploads\/sites\/2\/XE500-2-cut-out.jpg","datePublished":"2019-07-05T06:53:43+00:00","dateModified":"2023-07-13T11:15:46+00:00","breadcrumb":{"@id":"https:\/\/distribution.audio-technica.eu\/es-es\/productos\/xe500\/#breadcrumb"},"inLanguage":"es","potentialAction":[{"@type":"ReadAction","target":["https:\/\/distribution.audio-technica.eu\/es-es\/productos\/xe500\/"]}]},{"@type":"ImageObject","inLanguage":"es","@id":"https:\/\/distribution.audio-technica.eu\/es-es\/productos\/xe500\/#primaryimage","url":"\/app\/uploads\/sites\/2\/XE500-2-cut-out.jpg","contentUrl":"\/app\/uploads\/sites\/2\/XE500-2-cut-out.jpg","width":1024,"height":1024},{"@type":"BreadcrumbList","@id":"https:\/\/distribution.audio-technica.eu\/es-es\/productos\/xe500\/#breadcrumb","itemListElement":[{"@type":"ListItem","position":1,"name":"Products","item":"https:\/\/distribution.audio-technica.eu\/es-es\/"},{"@type":"ListItem","position":2,"name":"Productos","item":"https:\/\/distribution.audio-technica.eu\/es-es\/productos\/"},{"@type":"ListItem","position":3,"name":"XE500"}]},{"@type":"WebSite","@id":"https:\/\/distribution.audio-technica.eu\/es-es\/#website","url":"https:\/\/distribution.audio-technica.eu\/es-es\/","name":"Audio-Technica Iberia","description":"Distribuci\u00f3n","potentialAction":[{"@type":"SearchAction","target":{"@type":"EntryPoint","urlTemplate":"https:\/\/distribution.audio-technica.eu\/es-es\/?s={search_term_string}"},"query-input":{"@type":"PropertyValueSpecification","valueRequired":true,"valueName":"search_term_string"}}],"inLanguage":"es"}]}},"_links":{"self":[{"href":"https:\/\/distribution.audio-technica.eu\/es-es\/wp-json\/wp\/v2\/product\/17542","targetHints":{"allow":["GET"]}}],"collection":[{"href":"https:\/\/distribution.audio-technica.eu\/es-es\/wp-json\/wp\/v2\/product"}],"about":[{"href":"https:\/\/distribution.audio-technica.eu\/es-es\/wp-json\/wp\/v2\/types\/product"}],"wp:featuredmedia":[{"embeddable":true,"href":"https:\/\/distribution.audio-technica.eu\/es-es\/wp-json\/wp\/v2\/media\/17541"}],"wp:attachment":[{"href":"https:\/\/distribution.audio-technica.eu\/es-es\/wp-json\/wp\/v2\/media?parent=17542"}],"wp:term":[{"taxonomy":"product_brand","embeddable":true,"href":"https:\/\/distribution.audio-technica.eu\/es-es\/wp-json\/wp\/v2\/product_brand?post=17542"},{"taxonomy":"product_cat","embeddable":true,"href":"https:\/\/distribution.audio-technica.eu\/es-es\/wp-json\/wp\/v2\/product_cat?post=17542"},{"taxonomy":"product_tag","embeddable":true,"href":"https:\/\/distribution.audio-technica.eu\/es-es\/wp-json\/wp\/v2\/product_tag?post=17542"}],"curies":[{"name":"wp","href":"https:\/\/api.w.org\/{rel}","templated":true}]}}