{"id":17543,"date":"2019-07-05T11:57:20","date_gmt":"2019-07-05T09:57:20","guid":{"rendered":"https:\/\/atdb-production.studiograft.dev\/es\/?post_type=product&#038;p=17543"},"modified":"2026-02-19T14:48:47","modified_gmt":"2026-02-19T13:48:47","slug":"o-line","status":"publish","type":"product","link":"https:\/\/distribution.audio-technica.eu\/es-es\/productos\/o-line\/","title":{"rendered":"O-Line"},"content":{"rendered":"<h2>O-Line<\/h2>\n<h3>Micro-line array con resoluci\u00f3n escalable<\/h3>\n<p>O-Line es un premiado, y est\u00e9ticamente agradable, Micro Line array modular, dise\u00f1ado para ser utilizado en una amplia variedad de aplicaciones arquitecturales, tales como templos o terminales de transporte. Combina un innovador dise\u00f1o ac\u00fastico con un potente software de optimizaci\u00f3n, para ofrecer una cobertura \u00f3ptima, con una precisi\u00f3n sin precedentes, sobre un \u00e1rea predefinida.<\/p>\n<p>En muchas aplicaciones, el array O-Line puede ser alimentado utilizando un canal de amplificaci\u00f3n, con una EQ simple y limitaci\u00f3n como \u00fanico procesado necesario. Ofrece tambi\u00e9n una nueva dimensi\u00f3n en cuanto a cobertura, consistencia y control cuando se utiliza con un amplificador iK81, o con una combinaci\u00f3n de amplificador VIA2004 y controlador DX4.0, para controlar y amplificar cada recinto de forma independiente. Esto permite desarrollar todo el potencial de O-Line, redefiniendo la capacidad de cobertura y aumentando la posibilidad de controlar la influencia del recinto, accediendo a la capacidad de DISPLAY para definir zonas \u2018de dif\u00edcil acceso\u2019 y a una cobertura ajustable electr\u00f3nicamente.<\/p>\n<p>A diferencia de otras muchas columnas controladas por DSP, el array O-Line no produce los indeseables l\u00f3bulos laterales verticales. Esto es fundamental en entornos reverberantes, ya que los l\u00f3bulos laterales que se producen por encima y por debajo del array simplemente se suman a la energ\u00eda reverberante, lo que repercute en la inteligibilidad. La capacidad de O-Line de reproducir frecuencias muy elevadas sin que se generen los l\u00f3bulos laterales lo convierten en la soluci\u00f3n ideal para reproducci\u00f3n tanto de locuciones como de m\u00fasica con banda completa en espacios reverberantes.<\/p>\n<p>El array O-Line se presenta acabado en un color gris neutro, que combina perfectamente con cualquier entorno arquitect\u00f3nico, con un dise\u00f1o modular en m\u00faltiplos de cuatro recintos. Ofrece un sonido limpio y musical, con unos niveles de salida sorprendentemente altos dado su reducido tama\u00f1o; 16 recintos son capaces de entregar unos sorprendentes 134 dB de pico con una distancia de proyecci\u00f3n de hasta 40 metros.<\/p>\n<p>&nbsp;<\/p>\n<p><strong>Caracter\u00edsticas Principales<\/strong><\/p>\n<ul>\n<li>Micro line array modular, que ofrece la m\u00e1xima flexibilidad en su despliegue<\/li>\n<li>Configuraci\u00f3n del array optimizado por software, capaz de focalizar la energ\u00eda sonora<\/li>\n<li>Funcionalidad DSP adicional para aumentar la cobertura, consistencia y control<\/li>\n<li>Dispersi\u00f3n vertical sin l\u00f3bulos laterales en la secci\u00f3n de agudos<\/li>\n<li>Ideal para reproducci\u00f3n musical de alta calidad, as\u00ed como para difundir locuciones<\/li>\n<li>Dise\u00f1o compatible arquitect\u00f3nicamente, para una instalaci\u00f3n discreta<\/li>\n<\/ul>\n<p>&nbsp;<\/p>\n<p><strong>Aplicaciones<\/strong><\/p>\n<ul>\n<li>Templos<\/li>\n<li>Museos<\/li>\n<li>Centros de conferencias, auditorios y teatros<\/li>\n<li>Terminales de transporte, centros comerciales y recintos deportivos<\/li>\n<li>Bares y restaurantes<\/li>\n<\/ul>\n","protected":false},"excerpt":{"rendered":"<h3>Micro line array con resoluci\u00f3n escalable<\/h3>\n<ul>\n<li>Micro line array modular<\/li>\n<li>Configuraci\u00f3n del array optimizado por software<\/li>\n<li>Funcionalidad DSP<\/li>\n<\/ul>\n","protected":false},"featured_media":17546,"template":"","meta":{"_acf_changed":false},"product_brand":[],"product_cat":[2084,2095,2085,2113],"product_tag":[],"class_list":{"0":"post-17543","1":"product","2":"type-product","3":"status-publish","4":"has-post-thumbnail","6":"product_cat-sistemas-instalacion","7":"product_cat-line-arrays-pasivos-sistemas-instalacion","8":"product_cat-por-series-martin-audio","9":"product_cat-serie-o-line","10":"product_series-serie-o-line","12":"first","13":"instock","14":"shipping-taxable","15":"product-type-simple"},"acf":[],"yoast_head":"<!-- This site is optimized with the Yoast SEO plugin v27.1.1 - https:\/\/yoast.com\/product\/yoast-seo-wordpress\/ -->\n<title>O-Line - Audio-Technica Iberia<\/title>\n<meta name=\"robots\" content=\"index, follow, max-snippet:-1, max-image-preview:large, max-video-preview:-1\" \/>\n<link rel=\"canonical\" href=\"https:\/\/distribution.audio-technica.eu\/es-es\/productos\/o-line\/\" \/>\n<meta property=\"og:locale\" content=\"es_ES\" \/>\n<meta property=\"og:type\" content=\"article\" \/>\n<meta property=\"og:title\" content=\"O-Line - Audio-Technica Iberia\" \/>\n<meta property=\"og:description\" content=\"Micro line array con resoluci\u00f3n escalable   Micro line array modular  Configuraci\u00f3n del array optimizado por software  Funcionalidad DSP\" \/>\n<meta property=\"og:url\" content=\"https:\/\/distribution.audio-technica.eu\/es-es\/productos\/o-line\/\" \/>\n<meta property=\"og:site_name\" content=\"Audio-Technica Iberia\" \/>\n<meta property=\"article:modified_time\" content=\"2026-02-19T13:48:47+00:00\" \/>\n<meta property=\"og:image\" content=\"https:\/\/distribution.audio-technica.eu\/app\/uploads\/sites\/2\/O-Line-9.jpg\" \/>\n\t<meta property=\"og:image:width\" content=\"1024\" \/>\n\t<meta property=\"og:image:height\" content=\"1024\" \/>\n\t<meta property=\"og:image:type\" content=\"image\/jpeg\" \/>\n<meta name=\"twitter:card\" content=\"summary_large_image\" \/>\n<meta name=\"twitter:label1\" content=\"Tiempo de lectura\" \/>\n\t<meta name=\"twitter:data1\" content=\"3 minutos\" \/>\n<script type=\"application\/ld+json\" class=\"yoast-schema-graph\">{\"@context\":\"https:\/\/schema.org\",\"@graph\":[{\"@type\":\"WebPage\",\"@id\":\"https:\/\/distribution.audio-technica.eu\/es-es\/productos\/o-line\/\",\"url\":\"https:\/\/distribution.audio-technica.eu\/es-es\/productos\/o-line\/\",\"name\":\"O-Line - Audio-Technica Iberia\",\"isPartOf\":{\"@id\":\"https:\/\/distribution.audio-technica.eu\/es-es\/#website\"},\"primaryImageOfPage\":{\"@id\":\"https:\/\/distribution.audio-technica.eu\/es-es\/productos\/o-line\/#primaryimage\"},\"image\":{\"@id\":\"https:\/\/distribution.audio-technica.eu\/es-es\/productos\/o-line\/#primaryimage\"},\"thumbnailUrl\":\"\/app\/uploads\/sites\/2\/O-Line-9.jpg\",\"datePublished\":\"2019-07-05T09:57:20+00:00\",\"dateModified\":\"2026-02-19T13:48:47+00:00\",\"breadcrumb\":{\"@id\":\"https:\/\/distribution.audio-technica.eu\/es-es\/productos\/o-line\/#breadcrumb\"},\"inLanguage\":\"es\",\"potentialAction\":[{\"@type\":\"ReadAction\",\"target\":[\"https:\/\/distribution.audio-technica.eu\/es-es\/productos\/o-line\/\"]}]},{\"@type\":\"ImageObject\",\"inLanguage\":\"es\",\"@id\":\"https:\/\/distribution.audio-technica.eu\/es-es\/productos\/o-line\/#primaryimage\",\"url\":\"\/app\/uploads\/sites\/2\/O-Line-9.jpg\",\"contentUrl\":\"\/app\/uploads\/sites\/2\/O-Line-9.jpg\",\"width\":1024,\"height\":1024},{\"@type\":\"BreadcrumbList\",\"@id\":\"https:\/\/distribution.audio-technica.eu\/es-es\/productos\/o-line\/#breadcrumb\",\"itemListElement\":[{\"@type\":\"ListItem\",\"position\":1,\"name\":\"Products\",\"item\":\"https:\/\/distribution.audio-technica.eu\/es-es\/\"},{\"@type\":\"ListItem\",\"position\":2,\"name\":\"Productos\",\"item\":\"https:\/\/distribution.audio-technica.eu\/es-es\/productos\/\"},{\"@type\":\"ListItem\",\"position\":3,\"name\":\"O-Line\"}]},{\"@type\":\"WebSite\",\"@id\":\"https:\/\/distribution.audio-technica.eu\/es-es\/#website\",\"url\":\"https:\/\/distribution.audio-technica.eu\/es-es\/\",\"name\":\"Audio-Technica Iberia\",\"description\":\"Distribuci\u00f3n\",\"potentialAction\":[{\"@type\":\"SearchAction\",\"target\":{\"@type\":\"EntryPoint\",\"urlTemplate\":\"https:\/\/distribution.audio-technica.eu\/es-es\/?s={search_term_string}\"},\"query-input\":{\"@type\":\"PropertyValueSpecification\",\"valueRequired\":true,\"valueName\":\"search_term_string\"}}],\"inLanguage\":\"es\"}]}<\/script>\n<!-- \/ Yoast SEO plugin. -->","yoast_head_json":{"title":"O-Line - Audio-Technica Iberia","robots":{"index":"index","follow":"follow","max-snippet":"max-snippet:-1","max-image-preview":"max-image-preview:large","max-video-preview":"max-video-preview:-1"},"canonical":"https:\/\/distribution.audio-technica.eu\/es-es\/productos\/o-line\/","og_locale":"es_ES","og_type":"article","og_title":"O-Line - Audio-Technica Iberia","og_description":"Micro line array con resoluci\u00f3n escalable   Micro line array modular  Configuraci\u00f3n del array optimizado por software  Funcionalidad DSP","og_url":"https:\/\/distribution.audio-technica.eu\/es-es\/productos\/o-line\/","og_site_name":"Audio-Technica Iberia","article_modified_time":"2026-02-19T13:48:47+00:00","og_image":[{"width":1024,"height":1024,"url":"https:\/\/distribution.audio-technica.eu\/app\/uploads\/sites\/2\/O-Line-9.jpg","type":"image\/jpeg"}],"twitter_card":"summary_large_image","twitter_misc":{"Tiempo de lectura":"3 minutos"},"schema":{"@context":"https:\/\/schema.org","@graph":[{"@type":"WebPage","@id":"https:\/\/distribution.audio-technica.eu\/es-es\/productos\/o-line\/","url":"https:\/\/distribution.audio-technica.eu\/es-es\/productos\/o-line\/","name":"O-Line - Audio-Technica Iberia","isPartOf":{"@id":"https:\/\/distribution.audio-technica.eu\/es-es\/#website"},"primaryImageOfPage":{"@id":"https:\/\/distribution.audio-technica.eu\/es-es\/productos\/o-line\/#primaryimage"},"image":{"@id":"https:\/\/distribution.audio-technica.eu\/es-es\/productos\/o-line\/#primaryimage"},"thumbnailUrl":"\/app\/uploads\/sites\/2\/O-Line-9.jpg","datePublished":"2019-07-05T09:57:20+00:00","dateModified":"2026-02-19T13:48:47+00:00","breadcrumb":{"@id":"https:\/\/distribution.audio-technica.eu\/es-es\/productos\/o-line\/#breadcrumb"},"inLanguage":"es","potentialAction":[{"@type":"ReadAction","target":["https:\/\/distribution.audio-technica.eu\/es-es\/productos\/o-line\/"]}]},{"@type":"ImageObject","inLanguage":"es","@id":"https:\/\/distribution.audio-technica.eu\/es-es\/productos\/o-line\/#primaryimage","url":"\/app\/uploads\/sites\/2\/O-Line-9.jpg","contentUrl":"\/app\/uploads\/sites\/2\/O-Line-9.jpg","width":1024,"height":1024},{"@type":"BreadcrumbList","@id":"https:\/\/distribution.audio-technica.eu\/es-es\/productos\/o-line\/#breadcrumb","itemListElement":[{"@type":"ListItem","position":1,"name":"Products","item":"https:\/\/distribution.audio-technica.eu\/es-es\/"},{"@type":"ListItem","position":2,"name":"Productos","item":"https:\/\/distribution.audio-technica.eu\/es-es\/productos\/"},{"@type":"ListItem","position":3,"name":"O-Line"}]},{"@type":"WebSite","@id":"https:\/\/distribution.audio-technica.eu\/es-es\/#website","url":"https:\/\/distribution.audio-technica.eu\/es-es\/","name":"Audio-Technica Iberia","description":"Distribuci\u00f3n","potentialAction":[{"@type":"SearchAction","target":{"@type":"EntryPoint","urlTemplate":"https:\/\/distribution.audio-technica.eu\/es-es\/?s={search_term_string}"},"query-input":{"@type":"PropertyValueSpecification","valueRequired":true,"valueName":"search_term_string"}}],"inLanguage":"es"}]}},"_links":{"self":[{"href":"https:\/\/distribution.audio-technica.eu\/es-es\/wp-json\/wp\/v2\/product\/17543","targetHints":{"allow":["GET"]}}],"collection":[{"href":"https:\/\/distribution.audio-technica.eu\/es-es\/wp-json\/wp\/v2\/product"}],"about":[{"href":"https:\/\/distribution.audio-technica.eu\/es-es\/wp-json\/wp\/v2\/types\/product"}],"wp:featuredmedia":[{"embeddable":true,"href":"https:\/\/distribution.audio-technica.eu\/es-es\/wp-json\/wp\/v2\/media\/17546"}],"wp:attachment":[{"href":"https:\/\/distribution.audio-technica.eu\/es-es\/wp-json\/wp\/v2\/media?parent=17543"}],"wp:term":[{"taxonomy":"product_brand","embeddable":true,"href":"https:\/\/distribution.audio-technica.eu\/es-es\/wp-json\/wp\/v2\/product_brand?post=17543"},{"taxonomy":"product_cat","embeddable":true,"href":"https:\/\/distribution.audio-technica.eu\/es-es\/wp-json\/wp\/v2\/product_cat?post=17543"},{"taxonomy":"product_tag","embeddable":true,"href":"https:\/\/distribution.audio-technica.eu\/es-es\/wp-json\/wp\/v2\/product_tag?post=17543"}],"curies":[{"name":"wp","href":"https:\/\/api.w.org\/{rel}","templated":true}]}}