{"id":17553,"date":"2019-07-05T12:30:24","date_gmt":"2019-07-05T10:30:24","guid":{"rendered":"https:\/\/atdb-production.studiograft.dev\/es\/?post_type=product&#038;p=17553"},"modified":"2026-02-19T14:34:23","modified_gmt":"2026-02-19T13:34:23","slug":"blackline-xp12","status":"publish","type":"product","link":"https:\/\/distribution.audio-technica.eu\/es-es\/productos\/blackline-xp12\/","title":{"rendered":"Blackline XP12"},"content":{"rendered":"<h2>Blackline XP12<\/h2>\n<h3>Sistema de 2 v\u00edas compacto autoamplificado 12&#8243;<\/h3>\n<p>El XP12 es un compacto sistema de dos v\u00edas autoamplificado, dise\u00f1ado para satisfacer las necesidades de los ingenieros m\u00e1s exigentes. Puede ser utilizado como sistema aut\u00f3nomo, como monitor de escenario, o en combinaci\u00f3n con el subgrave autoamplificado XP118.<\/p>\n<p>Las bocinas de alta frecuencia optimizadas de 80\u00b0 x 50\u00b0 tienen las mismas dimensiones de boca horizontal y vertical, para permitir un control del patr\u00f3n por debajo de la frecuencia de cruce en ambos planos, proporcionando un balance tonal consistente. Las bocinas pueden ser rotadas por el usuario para colocar el recinto en posici\u00f3n vertical u horizontal.<\/p>\n<p>Las opciones de montaje incluyen soporte para pared, suspensi\u00f3n por medio de pernos y montaje en m\u00e1stil. Sus asas ergon\u00f3micas ayudan a facilitar su transporte y los recintos sim\u00e9tricos, multi \u00e1ngulo, han sido dise\u00f1ados para presentar el \u00e1ngulo \u00f3ptimo cuando se utiliza como monitor de escenario.<\/p>\n<p>Incorporando un transductor LF de 12&#8243; (300mm) y un transductor de compresi\u00f3n de 1&#8243; (25mm) montado en una bocina rotable de 80\u00b0 x 50\u00b0, es ideal para ser utilizado en recintos interiores de tama\u00f1o medio o peque\u00f1o que requieran un sonido de la m\u00e1xima calidad a partir de un recinto extremadamente compacto. El transductor LF dispone de una bobina de 2.5&#8243; (65mm) y un potente im\u00e1n para ofrecer unos graves espectaculares, mientras que el transductor HF de compresi\u00f3n utiliza un diafragma de poliamida de 1.75&#8243; (44mm) para conseguir una respuesta en agudos sin distorsi\u00f3n<\/p>\n<p>Un m\u00f3dulo amplificador en clase D incorporado proporciona una potencia de pico de 1000W LF + 300W HF, y las sofisticadas funciones DSP son controladas por un controlador rotatorio y una display en color situado en el panel posterior. Las funciones DSP incluyen crossover, mezclador de tres canales con EQ de tres bandas en cada canal de entrada y selecci\u00f3n de tres presets y modos operativos, que permiten un uso flexible sin necesidad de procesado externo. Los transductores LF y HF est\u00e1n protegidos de forma independiente por limitadores de pico y RMS.<\/p>\n<p>El XP12 est\u00e1 preparado para soportar los rigores de la carretera. Construido con s\u00f3lida madera laminada, cuanta tambi\u00e9n con una s\u00f3lida rejilla protectora, con tela posterior, que protege a los transductores frente a los golpes y el polvo, sin interrumpir el flujo de aire durante la reproducci\u00f3n de graves. El recinto dispone de puntos M8 para ser suspendido con la ayuda de pernos, y un punto para la inserci\u00f3n de un m\u00e1stil con una tapa desmontable. Est\u00e1 acabado con pintura negra texturizada.<\/p>\n<p>Una app Bluetooth\u00ae opcional proporciona streaming de audio y control desde tel\u00e9fonos y tabletas Android e iOS. Adem\u00e1s de la capacidad de streaming, la opci\u00f3n Bluetooth ofrece control sobre el DSP interno, el mezclador y los modos de funcionamiento, permitiendo el acceso al EQ, enmudecimiento y nivel para optimizar la configuraci\u00f3n de la unidad de forma remota. Tambi\u00e9n permite enlazar dos unidades para funcionamiento en est\u00e9reo.<\/p>\n<p>&nbsp;<\/p>\n<p><strong>Caracter\u00edsticas Principales<\/strong><\/p>\n<ul>\n<li>Compacto sistema de dos v\u00edas autoamplificado, port\u00e1til<\/li>\n<li>1300W de amplificaci\u00f3n clase D<\/li>\n<li>Funcionamiento con tensi\u00f3n de red el\u00e9ctrica global, con PFC (Power Factor Correction)<\/li>\n<li>DSP incorporado, con interface con control rotativo<\/li>\n<li>Display multi funci\u00f3n para medici\u00f3n, control y selecci\u00f3n de funciones<\/li>\n<li>Mezclador de tres canales<\/li>\n<li>EQ de canal de tres bandas, m\u00e1s HPF (Canales 1\/2)<\/li>\n<li>Limitadores RMS y pico independientes para LF y HF<\/li>\n<li>Modo para tres altavoces y presets de sonido<\/li>\n<li>Control Bluetooth\u00ae y opci\u00f3n streaming<\/li>\n<li>S\u00f3lido recinto de madera laminada<\/li>\n<li>Bocina HF 80\u00b0 x 50\u00b0 rotable por el usuario<\/li>\n<li>Opciones de montaje vertical y horizontal<\/li>\n<li>Recinto multi \u00e1ngulo sim\u00e9trico para ser utilizado como PA o como monitor de escenario<\/li>\n<li>Rejilla de acero sin tornillos, con tela posterior<\/li>\n<li>Asas ergon\u00f3micas integradas<\/li>\n<li>Las opciones de montaje incluyen: m\u00e1stil, soporte de pared y pernos de elevaci\u00f3n<\/li>\n<\/ul>\n<p>&nbsp;<\/p>\n<p><strong>Aplicaciones<\/strong><\/p>\n<ul>\n<li>Sonorizaciones m\u00f3viles<\/li>\n<li>Clubs de m\u00fasica en directo<\/li>\n<li>Clubs nocturnos, bares y restaurantes<\/li>\n<li>Eventos AV corporativos<\/li>\n<li>Hoteles y casinos<\/li>\n<li>DJs m\u00f3viles<\/li>\n<li>Bodas y fiestas<\/li>\n<li>Instalaciones en templos<\/li>\n<li>Salas de ensayo<\/li>\n<\/ul>\n<p>&nbsp;<\/p>\n","protected":false},"excerpt":{"rendered":"<h3>Sistema de 2 v\u00edas compacto autoamplificado 12&#8243;<\/h3>\n<ul>\n<li>Compacto sistema de dos v\u00edas autoamplificado, port\u00e1til<\/li>\n<li>1300W de amplificaci\u00f3n clase D<\/li>\n<li>DSP incorporado<\/li>\n<li>Mezclador de tres canales<\/li>\n<li>EQ de canal de tres bandas, m\u00e1s HPF (Canales 1\/2)<\/li>\n<li>Limitadores RMS y pico independientes para LF y HF<\/li>\n<\/ul>\n","protected":false},"featured_media":17561,"template":"","meta":{"_acf_changed":false},"product_brand":[],"product_cat":[2083,2088,2084,2096,2085,2124],"product_tag":[],"class_list":{"0":"post-17553","1":"product","2":"type-product","3":"status-publish","4":"has-post-thumbnail","6":"product_cat-sistemas-sonido-directo","7":"product_cat-autoamplificados-portatiles","8":"product_cat-sistemas-instalacion","9":"product_cat-activos-fuente-puntual","10":"product_cat-por-series-martin-audio","11":"product_cat-serie-blackline-x-powered","12":"product_series-serie-blackline-x-powered","14":"first","15":"instock","16":"featured","17":"shipping-taxable","18":"product-type-simple"},"acf":[],"yoast_head":"<!-- This site is optimized with the Yoast SEO plugin v27.1.1 - https:\/\/yoast.com\/product\/yoast-seo-wordpress\/ -->\n<title>Blackline XP12 - Audio-Technica Iberia<\/title>\n<meta name=\"robots\" content=\"index, follow, max-snippet:-1, max-image-preview:large, max-video-preview:-1\" \/>\n<link rel=\"canonical\" href=\"https:\/\/distribution.audio-technica.eu\/es-es\/productos\/blackline-xp12\/\" \/>\n<meta property=\"og:locale\" content=\"es_ES\" \/>\n<meta property=\"og:type\" content=\"article\" \/>\n<meta property=\"og:title\" content=\"Blackline XP12 - Audio-Technica Iberia\" \/>\n<meta property=\"og:description\" content=\"Sistema de 2 v\u00edas compacto autoamplificado 12&quot;   Compacto sistema de dos v\u00edas autoamplificado, port\u00e1til  1300W de amplificaci\u00f3n clase D  DSP incorporado  Mezclador de tres canales  EQ de canal de tres bandas, m\u00e1s HPF (Canales 1\/2)  Limitadores RMS y pico independientes para LF y HF\" \/>\n<meta property=\"og:url\" content=\"https:\/\/distribution.audio-technica.eu\/es-es\/productos\/blackline-xp12\/\" \/>\n<meta property=\"og:site_name\" content=\"Audio-Technica Iberia\" \/>\n<meta property=\"article:modified_time\" content=\"2026-02-19T13:34:23+00:00\" \/>\n<meta property=\"og:image\" content=\"https:\/\/distribution.audio-technica.eu\/app\/uploads\/sites\/2\/XP12-1.jpg\" \/>\n\t<meta property=\"og:image:width\" content=\"1024\" \/>\n\t<meta property=\"og:image:height\" content=\"1024\" \/>\n\t<meta property=\"og:image:type\" content=\"image\/jpeg\" \/>\n<meta name=\"twitter:card\" content=\"summary_large_image\" \/>\n<meta name=\"twitter:label1\" content=\"Tiempo de lectura\" \/>\n\t<meta name=\"twitter:data1\" content=\"4 minutos\" \/>\n<script type=\"application\/ld+json\" class=\"yoast-schema-graph\">{\"@context\":\"https:\/\/schema.org\",\"@graph\":[{\"@type\":\"WebPage\",\"@id\":\"https:\/\/distribution.audio-technica.eu\/es-es\/productos\/blackline-xp12\/\",\"url\":\"https:\/\/distribution.audio-technica.eu\/es-es\/productos\/blackline-xp12\/\",\"name\":\"Blackline XP12 - Audio-Technica Iberia\",\"isPartOf\":{\"@id\":\"https:\/\/distribution.audio-technica.eu\/es-es\/#website\"},\"primaryImageOfPage\":{\"@id\":\"https:\/\/distribution.audio-technica.eu\/es-es\/productos\/blackline-xp12\/#primaryimage\"},\"image\":{\"@id\":\"https:\/\/distribution.audio-technica.eu\/es-es\/productos\/blackline-xp12\/#primaryimage\"},\"thumbnailUrl\":\"\/app\/uploads\/sites\/2\/XP12-1.jpg\",\"datePublished\":\"2019-07-05T10:30:24+00:00\",\"dateModified\":\"2026-02-19T13:34:23+00:00\",\"breadcrumb\":{\"@id\":\"https:\/\/distribution.audio-technica.eu\/es-es\/productos\/blackline-xp12\/#breadcrumb\"},\"inLanguage\":\"es\",\"potentialAction\":[{\"@type\":\"ReadAction\",\"target\":[\"https:\/\/distribution.audio-technica.eu\/es-es\/productos\/blackline-xp12\/\"]}]},{\"@type\":\"ImageObject\",\"inLanguage\":\"es\",\"@id\":\"https:\/\/distribution.audio-technica.eu\/es-es\/productos\/blackline-xp12\/#primaryimage\",\"url\":\"\/app\/uploads\/sites\/2\/XP12-1.jpg\",\"contentUrl\":\"\/app\/uploads\/sites\/2\/XP12-1.jpg\",\"width\":1024,\"height\":1024},{\"@type\":\"BreadcrumbList\",\"@id\":\"https:\/\/distribution.audio-technica.eu\/es-es\/productos\/blackline-xp12\/#breadcrumb\",\"itemListElement\":[{\"@type\":\"ListItem\",\"position\":1,\"name\":\"Products\",\"item\":\"https:\/\/distribution.audio-technica.eu\/es-es\/\"},{\"@type\":\"ListItem\",\"position\":2,\"name\":\"Productos\",\"item\":\"https:\/\/distribution.audio-technica.eu\/es-es\/productos\/\"},{\"@type\":\"ListItem\",\"position\":3,\"name\":\"Blackline XP12\"}]},{\"@type\":\"WebSite\",\"@id\":\"https:\/\/distribution.audio-technica.eu\/es-es\/#website\",\"url\":\"https:\/\/distribution.audio-technica.eu\/es-es\/\",\"name\":\"Audio-Technica Iberia\",\"description\":\"Distribuci\u00f3n\",\"potentialAction\":[{\"@type\":\"SearchAction\",\"target\":{\"@type\":\"EntryPoint\",\"urlTemplate\":\"https:\/\/distribution.audio-technica.eu\/es-es\/?s={search_term_string}\"},\"query-input\":{\"@type\":\"PropertyValueSpecification\",\"valueRequired\":true,\"valueName\":\"search_term_string\"}}],\"inLanguage\":\"es\"}]}<\/script>\n<!-- \/ Yoast SEO plugin. -->","yoast_head_json":{"title":"Blackline XP12 - Audio-Technica Iberia","robots":{"index":"index","follow":"follow","max-snippet":"max-snippet:-1","max-image-preview":"max-image-preview:large","max-video-preview":"max-video-preview:-1"},"canonical":"https:\/\/distribution.audio-technica.eu\/es-es\/productos\/blackline-xp12\/","og_locale":"es_ES","og_type":"article","og_title":"Blackline XP12 - Audio-Technica Iberia","og_description":"Sistema de 2 v\u00edas compacto autoamplificado 12\"   Compacto sistema de dos v\u00edas autoamplificado, port\u00e1til  1300W de amplificaci\u00f3n clase D  DSP incorporado  Mezclador de tres canales  EQ de canal de tres bandas, m\u00e1s HPF (Canales 1\/2)  Limitadores RMS y pico independientes para LF y HF","og_url":"https:\/\/distribution.audio-technica.eu\/es-es\/productos\/blackline-xp12\/","og_site_name":"Audio-Technica Iberia","article_modified_time":"2026-02-19T13:34:23+00:00","og_image":[{"width":1024,"height":1024,"url":"https:\/\/distribution.audio-technica.eu\/app\/uploads\/sites\/2\/XP12-1.jpg","type":"image\/jpeg"}],"twitter_card":"summary_large_image","twitter_misc":{"Tiempo de lectura":"4 minutos"},"schema":{"@context":"https:\/\/schema.org","@graph":[{"@type":"WebPage","@id":"https:\/\/distribution.audio-technica.eu\/es-es\/productos\/blackline-xp12\/","url":"https:\/\/distribution.audio-technica.eu\/es-es\/productos\/blackline-xp12\/","name":"Blackline XP12 - Audio-Technica Iberia","isPartOf":{"@id":"https:\/\/distribution.audio-technica.eu\/es-es\/#website"},"primaryImageOfPage":{"@id":"https:\/\/distribution.audio-technica.eu\/es-es\/productos\/blackline-xp12\/#primaryimage"},"image":{"@id":"https:\/\/distribution.audio-technica.eu\/es-es\/productos\/blackline-xp12\/#primaryimage"},"thumbnailUrl":"\/app\/uploads\/sites\/2\/XP12-1.jpg","datePublished":"2019-07-05T10:30:24+00:00","dateModified":"2026-02-19T13:34:23+00:00","breadcrumb":{"@id":"https:\/\/distribution.audio-technica.eu\/es-es\/productos\/blackline-xp12\/#breadcrumb"},"inLanguage":"es","potentialAction":[{"@type":"ReadAction","target":["https:\/\/distribution.audio-technica.eu\/es-es\/productos\/blackline-xp12\/"]}]},{"@type":"ImageObject","inLanguage":"es","@id":"https:\/\/distribution.audio-technica.eu\/es-es\/productos\/blackline-xp12\/#primaryimage","url":"\/app\/uploads\/sites\/2\/XP12-1.jpg","contentUrl":"\/app\/uploads\/sites\/2\/XP12-1.jpg","width":1024,"height":1024},{"@type":"BreadcrumbList","@id":"https:\/\/distribution.audio-technica.eu\/es-es\/productos\/blackline-xp12\/#breadcrumb","itemListElement":[{"@type":"ListItem","position":1,"name":"Products","item":"https:\/\/distribution.audio-technica.eu\/es-es\/"},{"@type":"ListItem","position":2,"name":"Productos","item":"https:\/\/distribution.audio-technica.eu\/es-es\/productos\/"},{"@type":"ListItem","position":3,"name":"Blackline XP12"}]},{"@type":"WebSite","@id":"https:\/\/distribution.audio-technica.eu\/es-es\/#website","url":"https:\/\/distribution.audio-technica.eu\/es-es\/","name":"Audio-Technica Iberia","description":"Distribuci\u00f3n","potentialAction":[{"@type":"SearchAction","target":{"@type":"EntryPoint","urlTemplate":"https:\/\/distribution.audio-technica.eu\/es-es\/?s={search_term_string}"},"query-input":{"@type":"PropertyValueSpecification","valueRequired":true,"valueName":"search_term_string"}}],"inLanguage":"es"}]}},"_links":{"self":[{"href":"https:\/\/distribution.audio-technica.eu\/es-es\/wp-json\/wp\/v2\/product\/17553","targetHints":{"allow":["GET"]}}],"collection":[{"href":"https:\/\/distribution.audio-technica.eu\/es-es\/wp-json\/wp\/v2\/product"}],"about":[{"href":"https:\/\/distribution.audio-technica.eu\/es-es\/wp-json\/wp\/v2\/types\/product"}],"wp:featuredmedia":[{"embeddable":true,"href":"https:\/\/distribution.audio-technica.eu\/es-es\/wp-json\/wp\/v2\/media\/17561"}],"wp:attachment":[{"href":"https:\/\/distribution.audio-technica.eu\/es-es\/wp-json\/wp\/v2\/media?parent=17553"}],"wp:term":[{"taxonomy":"product_brand","embeddable":true,"href":"https:\/\/distribution.audio-technica.eu\/es-es\/wp-json\/wp\/v2\/product_brand?post=17553"},{"taxonomy":"product_cat","embeddable":true,"href":"https:\/\/distribution.audio-technica.eu\/es-es\/wp-json\/wp\/v2\/product_cat?post=17553"},{"taxonomy":"product_tag","embeddable":true,"href":"https:\/\/distribution.audio-technica.eu\/es-es\/wp-json\/wp\/v2\/product_tag?post=17553"}],"curies":[{"name":"wp","href":"https:\/\/api.w.org\/{rel}","templated":true}]}}