{"id":17563,"date":"2019-07-05T13:54:41","date_gmt":"2019-07-05T11:54:41","guid":{"rendered":"https:\/\/atdb-production.studiograft.dev\/es\/?post_type=product&#038;p=17563"},"modified":"2026-02-19T14:34:14","modified_gmt":"2026-02-19T13:34:14","slug":"blackline-xp118","status":"publish","type":"product","link":"https:\/\/distribution.audio-technica.eu\/es-es\/productos\/blackline-xp118\/","title":{"rendered":"Blackline XP118"},"content":{"rendered":"<h2>Blackline XP118<\/h2>\n<h3>Subgrave autoamplificado compacto 18&#8243;<\/h3>\n<p>El XP118 es un compacto subgrave autoamplificado de altas prestaciones, adecuado para ser utilizado en combinaci\u00f3n con los altavoces de gama completa XP12 y XP15. Este sistema combinado aumenta su respuesta en graves hasta 42 Hz. Este subgrave puede ser utilizado de forma aut\u00f3noma, en grupos o en modo omnidireccional o cardioide, o volado con la ayuda de los puntos M10 que incluye.<\/p>\n<p>Incorpora un transductor de gran excursi\u00f3n de 18&#8243; (460mm) \/ bobina de 4&#8243; (100mm), alojado en un compacto recinto que dispone de cuatro puertos r\u00e9flex con una amplia \u00e1rea frontal para reducir el ruido de las turbulencias del aire a niveles muy altos.<\/p>\n<p>Un m\u00f3dulo de amplificaci\u00f3n clase D, refrigerado por convecci\u00f3n, proporciona una potencia de salida de 2000 W de pico, consiguiendo una gran extensi\u00f3n y pegada en los graves. El DSP interno proporciona funciones de Crossover, EQ, medici\u00f3n y control, accesibles por medio de un codificador rotatorio; tambi\u00e9n dispone de un display multi funci\u00f3n en color, situado en el panel posterior.<\/p>\n<p>El XP118 ha sido construido para soportar los rigores de la carretera, con un robusto laminado de madera, acabado con pintura negra texturizada. Una rejilla de acero perforado se encarga de proteger el transductor, y el recinto cuenta tambi\u00e9n con un punto de inserci\u00f3n de 35 mm para un m\u00e1stil, y dos asas ergon\u00f3micas.<\/p>\n<p>&nbsp;<\/p>\n<p><strong>Caracter\u00edsticas Principales<\/strong><\/p>\n<ul>\n<li>Subgrave compacto autoamplificado<\/li>\n<li>1 transductor de 18&#8243; (460mm) con bobina de 4&#8243; (100mm)<\/li>\n<li>2000W de amplificaci\u00f3n clase D<\/li>\n<li>Fuente de alimentaci\u00f3n global con PFC (Power Factor Correction)<\/li>\n<li>DSP interno con interface a trav\u00e9s de control rotatorio<\/li>\n<li>Display multi funci\u00f3n para medici\u00f3n, control y selecci\u00f3n de funci\u00f3n<\/li>\n<li>Limitadores de pico y RMS<\/li>\n<li>Opci\u00f3n de control y streaming Bluetooth\u00ae<\/li>\n<li>Robusto recinto de madera laminada<\/li>\n<li>Rejilla de acero perforado, sin tornillos<\/li>\n<li>Asas ergon\u00f3micas integradas<\/li>\n<li>Punto de inserci\u00f3n de 35 mm para m\u00e1stil<\/li>\n<\/ul>\n<p>&nbsp;<\/p>\n<p><strong>Aplicaciones<\/strong><\/p>\n<ul>\n<li>Clubs de m\u00fasica en directo<\/li>\n<li>Clubs nocturnos, bares y restaurantes<\/li>\n<li>Eventos AV corporativos<\/li>\n<li>Hoteles y casinos<\/li>\n<li>DJs m\u00f3viles<\/li>\n<li>Bodas y fiestas<\/li>\n<li>Instalaciones en templos<\/li>\n<\/ul>\n","protected":false},"excerpt":{"rendered":"<h3>Subgrave autoamplificado compacto 18&#8243;<\/h3>\n<ul>\n<li>Subgrave compacto autoamplificado<\/li>\n<li>1 transductor de 18&#8243; (460mm) con bobina de 4&#8243; (100mm)<\/li>\n<li>2000W de amplificaci\u00f3n clase D<\/li>\n<li>DSP interno con interface a trav\u00e9s de control rotatorio<\/li>\n<li>SPL m\u00e1ximo: 131dB continuos, 137dB pico (medio espacio)<\/li>\n<\/ul>\n","protected":false},"featured_media":17565,"template":"","meta":{"_acf_changed":false},"product_brand":[],"product_cat":[2083,2088,2084,2096,2085,2124],"product_tag":[],"class_list":{"0":"post-17563","1":"product","2":"type-product","3":"status-publish","4":"has-post-thumbnail","6":"product_cat-sistemas-sonido-directo","7":"product_cat-autoamplificados-portatiles","8":"product_cat-sistemas-instalacion","9":"product_cat-activos-fuente-puntual","10":"product_cat-por-series-martin-audio","11":"product_cat-serie-blackline-x-powered","12":"product_series-serie-blackline-x-powered","14":"first","15":"instock","16":"shipping-taxable","17":"product-type-simple"},"acf":[],"yoast_head":"<!-- This site is optimized with the Yoast SEO plugin v27.1.1 - https:\/\/yoast.com\/product\/yoast-seo-wordpress\/ -->\n<title>Blackline XP118 - Audio-Technica Iberia<\/title>\n<meta name=\"robots\" content=\"index, follow, max-snippet:-1, max-image-preview:large, max-video-preview:-1\" \/>\n<link rel=\"canonical\" href=\"https:\/\/distribution.audio-technica.eu\/es-es\/productos\/blackline-xp118\/\" \/>\n<meta property=\"og:locale\" content=\"es_ES\" \/>\n<meta property=\"og:type\" content=\"article\" \/>\n<meta property=\"og:title\" content=\"Blackline XP118 - Audio-Technica Iberia\" \/>\n<meta property=\"og:description\" content=\"Subgrave autoamplificado compacto 18&quot;   Subgrave compacto autoamplificado  1 transductor de 18&quot; (460mm) con bobina de 4&quot; (100mm)  2000W de amplificaci\u00f3n clase D  DSP interno con interface a trav\u00e9s de control rotatorio  SPL m\u00e1ximo: 131dB continuos, 137dB pico (medio espacio)\" \/>\n<meta property=\"og:url\" content=\"https:\/\/distribution.audio-technica.eu\/es-es\/productos\/blackline-xp118\/\" \/>\n<meta property=\"og:site_name\" content=\"Audio-Technica Iberia\" \/>\n<meta property=\"article:modified_time\" content=\"2026-02-19T13:34:14+00:00\" \/>\n<meta property=\"og:image\" content=\"https:\/\/distribution.audio-technica.eu\/app\/uploads\/sites\/2\/XP118-1.jpg\" \/>\n\t<meta property=\"og:image:width\" content=\"1024\" \/>\n\t<meta property=\"og:image:height\" content=\"1024\" \/>\n\t<meta property=\"og:image:type\" content=\"image\/jpeg\" \/>\n<meta name=\"twitter:card\" content=\"summary_large_image\" \/>\n<meta name=\"twitter:label1\" content=\"Tiempo de lectura\" \/>\n\t<meta name=\"twitter:data1\" content=\"2 minutos\" \/>\n<script type=\"application\/ld+json\" class=\"yoast-schema-graph\">{\"@context\":\"https:\/\/schema.org\",\"@graph\":[{\"@type\":\"WebPage\",\"@id\":\"https:\/\/distribution.audio-technica.eu\/es-es\/productos\/blackline-xp118\/\",\"url\":\"https:\/\/distribution.audio-technica.eu\/es-es\/productos\/blackline-xp118\/\",\"name\":\"Blackline XP118 - Audio-Technica Iberia\",\"isPartOf\":{\"@id\":\"https:\/\/distribution.audio-technica.eu\/es-es\/#website\"},\"primaryImageOfPage\":{\"@id\":\"https:\/\/distribution.audio-technica.eu\/es-es\/productos\/blackline-xp118\/#primaryimage\"},\"image\":{\"@id\":\"https:\/\/distribution.audio-technica.eu\/es-es\/productos\/blackline-xp118\/#primaryimage\"},\"thumbnailUrl\":\"\/app\/uploads\/sites\/2\/XP118-1.jpg\",\"datePublished\":\"2019-07-05T11:54:41+00:00\",\"dateModified\":\"2026-02-19T13:34:14+00:00\",\"breadcrumb\":{\"@id\":\"https:\/\/distribution.audio-technica.eu\/es-es\/productos\/blackline-xp118\/#breadcrumb\"},\"inLanguage\":\"es\",\"potentialAction\":[{\"@type\":\"ReadAction\",\"target\":[\"https:\/\/distribution.audio-technica.eu\/es-es\/productos\/blackline-xp118\/\"]}]},{\"@type\":\"ImageObject\",\"inLanguage\":\"es\",\"@id\":\"https:\/\/distribution.audio-technica.eu\/es-es\/productos\/blackline-xp118\/#primaryimage\",\"url\":\"\/app\/uploads\/sites\/2\/XP118-1.jpg\",\"contentUrl\":\"\/app\/uploads\/sites\/2\/XP118-1.jpg\",\"width\":1024,\"height\":1024},{\"@type\":\"BreadcrumbList\",\"@id\":\"https:\/\/distribution.audio-technica.eu\/es-es\/productos\/blackline-xp118\/#breadcrumb\",\"itemListElement\":[{\"@type\":\"ListItem\",\"position\":1,\"name\":\"Products\",\"item\":\"https:\/\/distribution.audio-technica.eu\/es-es\/\"},{\"@type\":\"ListItem\",\"position\":2,\"name\":\"Productos\",\"item\":\"https:\/\/distribution.audio-technica.eu\/es-es\/productos\/\"},{\"@type\":\"ListItem\",\"position\":3,\"name\":\"Blackline XP118\"}]},{\"@type\":\"WebSite\",\"@id\":\"https:\/\/distribution.audio-technica.eu\/es-es\/#website\",\"url\":\"https:\/\/distribution.audio-technica.eu\/es-es\/\",\"name\":\"Audio-Technica Iberia\",\"description\":\"Distribuci\u00f3n\",\"potentialAction\":[{\"@type\":\"SearchAction\",\"target\":{\"@type\":\"EntryPoint\",\"urlTemplate\":\"https:\/\/distribution.audio-technica.eu\/es-es\/?s={search_term_string}\"},\"query-input\":{\"@type\":\"PropertyValueSpecification\",\"valueRequired\":true,\"valueName\":\"search_term_string\"}}],\"inLanguage\":\"es\"}]}<\/script>\n<!-- \/ Yoast SEO plugin. -->","yoast_head_json":{"title":"Blackline XP118 - Audio-Technica Iberia","robots":{"index":"index","follow":"follow","max-snippet":"max-snippet:-1","max-image-preview":"max-image-preview:large","max-video-preview":"max-video-preview:-1"},"canonical":"https:\/\/distribution.audio-technica.eu\/es-es\/productos\/blackline-xp118\/","og_locale":"es_ES","og_type":"article","og_title":"Blackline XP118 - Audio-Technica Iberia","og_description":"Subgrave autoamplificado compacto 18\"   Subgrave compacto autoamplificado  1 transductor de 18\" (460mm) con bobina de 4\" (100mm)  2000W de amplificaci\u00f3n clase D  DSP interno con interface a trav\u00e9s de control rotatorio  SPL m\u00e1ximo: 131dB continuos, 137dB pico (medio espacio)","og_url":"https:\/\/distribution.audio-technica.eu\/es-es\/productos\/blackline-xp118\/","og_site_name":"Audio-Technica Iberia","article_modified_time":"2026-02-19T13:34:14+00:00","og_image":[{"width":1024,"height":1024,"url":"https:\/\/distribution.audio-technica.eu\/app\/uploads\/sites\/2\/XP118-1.jpg","type":"image\/jpeg"}],"twitter_card":"summary_large_image","twitter_misc":{"Tiempo de lectura":"2 minutos"},"schema":{"@context":"https:\/\/schema.org","@graph":[{"@type":"WebPage","@id":"https:\/\/distribution.audio-technica.eu\/es-es\/productos\/blackline-xp118\/","url":"https:\/\/distribution.audio-technica.eu\/es-es\/productos\/blackline-xp118\/","name":"Blackline XP118 - Audio-Technica Iberia","isPartOf":{"@id":"https:\/\/distribution.audio-technica.eu\/es-es\/#website"},"primaryImageOfPage":{"@id":"https:\/\/distribution.audio-technica.eu\/es-es\/productos\/blackline-xp118\/#primaryimage"},"image":{"@id":"https:\/\/distribution.audio-technica.eu\/es-es\/productos\/blackline-xp118\/#primaryimage"},"thumbnailUrl":"\/app\/uploads\/sites\/2\/XP118-1.jpg","datePublished":"2019-07-05T11:54:41+00:00","dateModified":"2026-02-19T13:34:14+00:00","breadcrumb":{"@id":"https:\/\/distribution.audio-technica.eu\/es-es\/productos\/blackline-xp118\/#breadcrumb"},"inLanguage":"es","potentialAction":[{"@type":"ReadAction","target":["https:\/\/distribution.audio-technica.eu\/es-es\/productos\/blackline-xp118\/"]}]},{"@type":"ImageObject","inLanguage":"es","@id":"https:\/\/distribution.audio-technica.eu\/es-es\/productos\/blackline-xp118\/#primaryimage","url":"\/app\/uploads\/sites\/2\/XP118-1.jpg","contentUrl":"\/app\/uploads\/sites\/2\/XP118-1.jpg","width":1024,"height":1024},{"@type":"BreadcrumbList","@id":"https:\/\/distribution.audio-technica.eu\/es-es\/productos\/blackline-xp118\/#breadcrumb","itemListElement":[{"@type":"ListItem","position":1,"name":"Products","item":"https:\/\/distribution.audio-technica.eu\/es-es\/"},{"@type":"ListItem","position":2,"name":"Productos","item":"https:\/\/distribution.audio-technica.eu\/es-es\/productos\/"},{"@type":"ListItem","position":3,"name":"Blackline XP118"}]},{"@type":"WebSite","@id":"https:\/\/distribution.audio-technica.eu\/es-es\/#website","url":"https:\/\/distribution.audio-technica.eu\/es-es\/","name":"Audio-Technica Iberia","description":"Distribuci\u00f3n","potentialAction":[{"@type":"SearchAction","target":{"@type":"EntryPoint","urlTemplate":"https:\/\/distribution.audio-technica.eu\/es-es\/?s={search_term_string}"},"query-input":{"@type":"PropertyValueSpecification","valueRequired":true,"valueName":"search_term_string"}}],"inLanguage":"es"}]}},"_links":{"self":[{"href":"https:\/\/distribution.audio-technica.eu\/es-es\/wp-json\/wp\/v2\/product\/17563","targetHints":{"allow":["GET"]}}],"collection":[{"href":"https:\/\/distribution.audio-technica.eu\/es-es\/wp-json\/wp\/v2\/product"}],"about":[{"href":"https:\/\/distribution.audio-technica.eu\/es-es\/wp-json\/wp\/v2\/types\/product"}],"wp:featuredmedia":[{"embeddable":true,"href":"https:\/\/distribution.audio-technica.eu\/es-es\/wp-json\/wp\/v2\/media\/17565"}],"wp:attachment":[{"href":"https:\/\/distribution.audio-technica.eu\/es-es\/wp-json\/wp\/v2\/media?parent=17563"}],"wp:term":[{"taxonomy":"product_brand","embeddable":true,"href":"https:\/\/distribution.audio-technica.eu\/es-es\/wp-json\/wp\/v2\/product_brand?post=17563"},{"taxonomy":"product_cat","embeddable":true,"href":"https:\/\/distribution.audio-technica.eu\/es-es\/wp-json\/wp\/v2\/product_cat?post=17563"},{"taxonomy":"product_tag","embeddable":true,"href":"https:\/\/distribution.audio-technica.eu\/es-es\/wp-json\/wp\/v2\/product_tag?post=17563"}],"curies":[{"name":"wp","href":"https:\/\/api.w.org\/{rel}","templated":true}]}}