{"id":17567,"date":"2019-07-05T14:05:21","date_gmt":"2019-07-05T12:05:21","guid":{"rendered":"https:\/\/atdb-production.studiograft.dev\/es\/?post_type=product&#038;p=17567"},"modified":"2026-02-19T14:34:31","modified_gmt":"2026-02-19T13:34:31","slug":"blackline-xp15","status":"publish","type":"product","link":"https:\/\/distribution.audio-technica.eu\/es-es\/productos\/blackline-xp15\/","title":{"rendered":"Blackline XP15"},"content":{"rendered":"<h2>Blackline XP15<\/h2>\n<h3>Sistema de 2 v\u00edas autoamplificado de alta potencia, 15&#8243;<\/h3>\n<p>El XP15 es un sistema autoamplificado de 2 v\u00edas, dise\u00f1ado para satisfacer las necesidades de aplicaciones en interiores que requieren una elevado potencia a partir de un \u00fanico recinto, f\u00e1cilmente transportable.<\/p>\n<p>Las bocinas de alta frecuencia optimizadas de 80\u00b0 x 50\u00b0 tienen las mismas dimensiones de boca horizontal y vertical, para permitir un control del patr\u00f3n por debajo de la frecuencia de cruce en ambos planos, proporcionando un balance tonal consistente. Las bocinas pueden ser rotadas por el usuario para colocar el recinto en posici\u00f3n vertical u horizontal.<\/p>\n<p>Las opciones de montaje incluyen soporte para pared, suspensi\u00f3n por medio de pernos y montaje en m\u00e1stil. Sus asas ergon\u00f3micas ayudan a facilitar su transporte y los recintos sim\u00e9tricos, multi \u00e1ngulo, han sido dise\u00f1ados para presentar el \u00e1ngulo \u00f3ptimo cuando se utiliza como monitor de escenario.<\/p>\n<p>Incorpora un transductor LF de 15&#8243; (380mm) \/ bobina de 3&#8243; (75mm), y un transductor HF de compresi\u00f3n de 1&#8243; (25mm) con un diafragma de 1.75&#8243; (44mm) de poliamida. Con un patr\u00f3n de cobertura de 80\u00b0 x 50\u00b0 definido con toda precisi\u00f3n, combina su alta potencia con una calidad sonora excepcional y unos graves impactantes.<\/p>\n<p>Un m\u00f3dulo amplificador en clase D incorporado proporciona una potencia de pico de 1000W LF + 300W HF a los transductores, que son protegidos de forma independiente por limitadores de pico y RMS. Las sofisticadas funciones DSP incorporadas son controladas por un controlador rotatorio y una display en color situado en el panel posterior. Las funciones DSP incluyen crossover, mezclador de tres canales con EQ de tres bandas en cada canal de entrada y selecci\u00f3n de tres presets y modos operativos, que permiten un uso flexible sin necesidad de procesado externo.<\/p>\n<p>Su recinto sim\u00e9trico multi \u00e1ngulo est\u00e1 fabricado con laminado de abedul y \u00e1lamo, y est\u00e1 acabado con pintura negra texturizada. Dispone de puntos M8 para facilitar su suspensi\u00f3n con la ayuda de pernos, y cuenta tambi\u00e9n con un punto para la inserci\u00f3n de un m\u00e1stil, que dispone de una tapa para ocultarlo cuando no se utiliza. Su rejilla protectora de acero perforado dispone de una tela posterior para evitar la entrada de polvo, y se fija por medio de muelles al recinto, permitiendo un f\u00e1cil acceso para rotar la bocina HF.<\/p>\n<p>Una app Bluetooth\u00ae opcional proporciona streaming de audio y control desde tel\u00e9fonos y tabletas Android e iOS. Adem\u00e1s de la capacidad de streaming, la opci\u00f3n Bluetooth ofrece control sobre el DSP interno, el mezclador y los modos de funcionamiento, permitiendo el acceso al EQ, enmudecimiento y nivel para optimizar la configuraci\u00f3n de la unidad de forma remota. Tambi\u00e9n permite enlazar dos unidades para funcionamiento en est\u00e9reo.<\/p>\n<p>&nbsp;<\/p>\n<p><strong>Caracter\u00edsticas Principales<\/strong><\/p>\n<ul>\n<li>Sistema port\u00e1til de dos v\u00edas autoamplificado, de alta potencia<\/li>\n<li>1300 W de amplificaci\u00f3n clase D<\/li>\n<li>Funcionamiento con tensi\u00f3n de red global, con FPC (Power Factor Correction)<\/li>\n<li>DSP incorporado, con interface con control rotativo<\/li>\n<li>Display multi funci\u00f3n para medici\u00f3n, control y selecci\u00f3n de funciones<\/li>\n<li>Mezclador de tres canales<\/li>\n<li>EQ de canal de tres bandas, m\u00e1s HPF (Canales 1\/2)<\/li>\n<li>Limitadores RMS y pico independientes para LF y HF<\/li>\n<li>Modo para tres altavoces y presets de sonido<\/li>\n<li>Control Bluetooth\u00ae y opci\u00f3n streaming<\/li>\n<li>S\u00f3lido recinto de madera laminada<\/li>\n<li>Bocina HF 80\u00b0 x 50\u00b0 rotable por el usuario<\/li>\n<li>Opciones de montaje vertical y horizontal<\/li>\n<li>Recinto multi \u00e1ngulo sim\u00e9trico para ser utilizado como PA o como monitor de escenario<\/li>\n<li>Rejilla de acero sin tornillos, con tela posterior<\/li>\n<li>Asas ergon\u00f3micas integradas<\/li>\n<li>Las opciones de montaje incluyen: m\u00e1stil, soporte de pared y pernos de elevaci\u00f3n<\/li>\n<\/ul>\n<p>&nbsp;<\/p>\n<p><strong>Aplicaciones<\/strong><\/p>\n<ul>\n<li>Clubs de m\u00fasica en directo<\/li>\n<li>Clubs nocturnos, bares y restaurantes<\/li>\n<li>Eventos AV corporativos<\/li>\n<li>Hoteles y casinos<\/li>\n<\/ul>\n","protected":false},"excerpt":{"rendered":"<p><strong>Sistema de 2 v\u00edas autoamplificado de alta potencia, 15&#8243;<\/strong><\/p>\n<ul>\n<li>Sistema port\u00e1til de dos v\u00edas autoamplificado, de alta potencia<\/li>\n<li>1300 W de amplificaci\u00f3n clase D<\/li>\n<li>SPL m\u00e1ximo: 125dB continuos \/ 131dB pico<\/li>\n<li>DSP incorporado<\/li>\n<\/ul>\n","protected":false},"featured_media":17569,"template":"","meta":{"_acf_changed":false},"product_brand":[],"product_cat":[2083,2088,2084,2096,2085,2124],"product_tag":[],"class_list":{"0":"post-17567","1":"product","2":"type-product","3":"status-publish","4":"has-post-thumbnail","6":"product_cat-sistemas-sonido-directo","7":"product_cat-autoamplificados-portatiles","8":"product_cat-sistemas-instalacion","9":"product_cat-activos-fuente-puntual","10":"product_cat-por-series-martin-audio","11":"product_cat-serie-blackline-x-powered","12":"product_series-serie-blackline-x-powered","14":"first","15":"instock","16":"shipping-taxable","17":"product-type-simple"},"acf":[],"yoast_head":"<!-- This site is optimized with the Yoast SEO plugin v27.1.1 - https:\/\/yoast.com\/product\/yoast-seo-wordpress\/ -->\n<title>Blackline XP15 - Audio-Technica Iberia<\/title>\n<meta name=\"robots\" content=\"index, follow, max-snippet:-1, max-image-preview:large, max-video-preview:-1\" \/>\n<link rel=\"canonical\" href=\"https:\/\/distribution.audio-technica.eu\/es-es\/productos\/blackline-xp15\/\" \/>\n<meta property=\"og:locale\" content=\"es_ES\" \/>\n<meta property=\"og:type\" content=\"article\" \/>\n<meta property=\"og:title\" content=\"Blackline XP15 - Audio-Technica Iberia\" \/>\n<meta property=\"og:description\" content=\"Sistema de 2 v\u00edas autoamplificado de alta potencia, 15&quot;   Sistema port\u00e1til de dos v\u00edas autoamplificado, de alta potencia  1300 W de amplificaci\u00f3n clase D  SPL m\u00e1ximo: 125dB continuos \/ 131dB pico  DSP incorporado\" \/>\n<meta property=\"og:url\" content=\"https:\/\/distribution.audio-technica.eu\/es-es\/productos\/blackline-xp15\/\" \/>\n<meta property=\"og:site_name\" content=\"Audio-Technica Iberia\" \/>\n<meta property=\"article:modified_time\" content=\"2026-02-19T13:34:31+00:00\" \/>\n<meta property=\"og:image\" content=\"https:\/\/distribution.audio-technica.eu\/app\/uploads\/sites\/2\/XP15-1.jpg\" \/>\n\t<meta property=\"og:image:width\" content=\"1024\" \/>\n\t<meta property=\"og:image:height\" content=\"1024\" \/>\n\t<meta property=\"og:image:type\" content=\"image\/jpeg\" \/>\n<meta name=\"twitter:card\" content=\"summary_large_image\" \/>\n<meta name=\"twitter:label1\" content=\"Tiempo de lectura\" \/>\n\t<meta name=\"twitter:data1\" content=\"3 minutos\" \/>\n<script type=\"application\/ld+json\" class=\"yoast-schema-graph\">{\"@context\":\"https:\/\/schema.org\",\"@graph\":[{\"@type\":\"WebPage\",\"@id\":\"https:\/\/distribution.audio-technica.eu\/es-es\/productos\/blackline-xp15\/\",\"url\":\"https:\/\/distribution.audio-technica.eu\/es-es\/productos\/blackline-xp15\/\",\"name\":\"Blackline XP15 - Audio-Technica Iberia\",\"isPartOf\":{\"@id\":\"https:\/\/distribution.audio-technica.eu\/es-es\/#website\"},\"primaryImageOfPage\":{\"@id\":\"https:\/\/distribution.audio-technica.eu\/es-es\/productos\/blackline-xp15\/#primaryimage\"},\"image\":{\"@id\":\"https:\/\/distribution.audio-technica.eu\/es-es\/productos\/blackline-xp15\/#primaryimage\"},\"thumbnailUrl\":\"\/app\/uploads\/sites\/2\/XP15-1.jpg\",\"datePublished\":\"2019-07-05T12:05:21+00:00\",\"dateModified\":\"2026-02-19T13:34:31+00:00\",\"breadcrumb\":{\"@id\":\"https:\/\/distribution.audio-technica.eu\/es-es\/productos\/blackline-xp15\/#breadcrumb\"},\"inLanguage\":\"es\",\"potentialAction\":[{\"@type\":\"ReadAction\",\"target\":[\"https:\/\/distribution.audio-technica.eu\/es-es\/productos\/blackline-xp15\/\"]}]},{\"@type\":\"ImageObject\",\"inLanguage\":\"es\",\"@id\":\"https:\/\/distribution.audio-technica.eu\/es-es\/productos\/blackline-xp15\/#primaryimage\",\"url\":\"\/app\/uploads\/sites\/2\/XP15-1.jpg\",\"contentUrl\":\"\/app\/uploads\/sites\/2\/XP15-1.jpg\",\"width\":1024,\"height\":1024},{\"@type\":\"BreadcrumbList\",\"@id\":\"https:\/\/distribution.audio-technica.eu\/es-es\/productos\/blackline-xp15\/#breadcrumb\",\"itemListElement\":[{\"@type\":\"ListItem\",\"position\":1,\"name\":\"Products\",\"item\":\"https:\/\/distribution.audio-technica.eu\/es-es\/\"},{\"@type\":\"ListItem\",\"position\":2,\"name\":\"Productos\",\"item\":\"https:\/\/distribution.audio-technica.eu\/es-es\/productos\/\"},{\"@type\":\"ListItem\",\"position\":3,\"name\":\"Blackline XP15\"}]},{\"@type\":\"WebSite\",\"@id\":\"https:\/\/distribution.audio-technica.eu\/es-es\/#website\",\"url\":\"https:\/\/distribution.audio-technica.eu\/es-es\/\",\"name\":\"Audio-Technica Iberia\",\"description\":\"Distribuci\u00f3n\",\"potentialAction\":[{\"@type\":\"SearchAction\",\"target\":{\"@type\":\"EntryPoint\",\"urlTemplate\":\"https:\/\/distribution.audio-technica.eu\/es-es\/?s={search_term_string}\"},\"query-input\":{\"@type\":\"PropertyValueSpecification\",\"valueRequired\":true,\"valueName\":\"search_term_string\"}}],\"inLanguage\":\"es\"}]}<\/script>\n<!-- \/ Yoast SEO plugin. -->","yoast_head_json":{"title":"Blackline XP15 - Audio-Technica Iberia","robots":{"index":"index","follow":"follow","max-snippet":"max-snippet:-1","max-image-preview":"max-image-preview:large","max-video-preview":"max-video-preview:-1"},"canonical":"https:\/\/distribution.audio-technica.eu\/es-es\/productos\/blackline-xp15\/","og_locale":"es_ES","og_type":"article","og_title":"Blackline XP15 - Audio-Technica Iberia","og_description":"Sistema de 2 v\u00edas autoamplificado de alta potencia, 15\"   Sistema port\u00e1til de dos v\u00edas autoamplificado, de alta potencia  1300 W de amplificaci\u00f3n clase D  SPL m\u00e1ximo: 125dB continuos \/ 131dB pico  DSP incorporado","og_url":"https:\/\/distribution.audio-technica.eu\/es-es\/productos\/blackline-xp15\/","og_site_name":"Audio-Technica Iberia","article_modified_time":"2026-02-19T13:34:31+00:00","og_image":[{"width":1024,"height":1024,"url":"https:\/\/distribution.audio-technica.eu\/app\/uploads\/sites\/2\/XP15-1.jpg","type":"image\/jpeg"}],"twitter_card":"summary_large_image","twitter_misc":{"Tiempo de lectura":"3 minutos"},"schema":{"@context":"https:\/\/schema.org","@graph":[{"@type":"WebPage","@id":"https:\/\/distribution.audio-technica.eu\/es-es\/productos\/blackline-xp15\/","url":"https:\/\/distribution.audio-technica.eu\/es-es\/productos\/blackline-xp15\/","name":"Blackline XP15 - Audio-Technica Iberia","isPartOf":{"@id":"https:\/\/distribution.audio-technica.eu\/es-es\/#website"},"primaryImageOfPage":{"@id":"https:\/\/distribution.audio-technica.eu\/es-es\/productos\/blackline-xp15\/#primaryimage"},"image":{"@id":"https:\/\/distribution.audio-technica.eu\/es-es\/productos\/blackline-xp15\/#primaryimage"},"thumbnailUrl":"\/app\/uploads\/sites\/2\/XP15-1.jpg","datePublished":"2019-07-05T12:05:21+00:00","dateModified":"2026-02-19T13:34:31+00:00","breadcrumb":{"@id":"https:\/\/distribution.audio-technica.eu\/es-es\/productos\/blackline-xp15\/#breadcrumb"},"inLanguage":"es","potentialAction":[{"@type":"ReadAction","target":["https:\/\/distribution.audio-technica.eu\/es-es\/productos\/blackline-xp15\/"]}]},{"@type":"ImageObject","inLanguage":"es","@id":"https:\/\/distribution.audio-technica.eu\/es-es\/productos\/blackline-xp15\/#primaryimage","url":"\/app\/uploads\/sites\/2\/XP15-1.jpg","contentUrl":"\/app\/uploads\/sites\/2\/XP15-1.jpg","width":1024,"height":1024},{"@type":"BreadcrumbList","@id":"https:\/\/distribution.audio-technica.eu\/es-es\/productos\/blackline-xp15\/#breadcrumb","itemListElement":[{"@type":"ListItem","position":1,"name":"Products","item":"https:\/\/distribution.audio-technica.eu\/es-es\/"},{"@type":"ListItem","position":2,"name":"Productos","item":"https:\/\/distribution.audio-technica.eu\/es-es\/productos\/"},{"@type":"ListItem","position":3,"name":"Blackline XP15"}]},{"@type":"WebSite","@id":"https:\/\/distribution.audio-technica.eu\/es-es\/#website","url":"https:\/\/distribution.audio-technica.eu\/es-es\/","name":"Audio-Technica Iberia","description":"Distribuci\u00f3n","potentialAction":[{"@type":"SearchAction","target":{"@type":"EntryPoint","urlTemplate":"https:\/\/distribution.audio-technica.eu\/es-es\/?s={search_term_string}"},"query-input":{"@type":"PropertyValueSpecification","valueRequired":true,"valueName":"search_term_string"}}],"inLanguage":"es"}]}},"_links":{"self":[{"href":"https:\/\/distribution.audio-technica.eu\/es-es\/wp-json\/wp\/v2\/product\/17567","targetHints":{"allow":["GET"]}}],"collection":[{"href":"https:\/\/distribution.audio-technica.eu\/es-es\/wp-json\/wp\/v2\/product"}],"about":[{"href":"https:\/\/distribution.audio-technica.eu\/es-es\/wp-json\/wp\/v2\/types\/product"}],"wp:featuredmedia":[{"embeddable":true,"href":"https:\/\/distribution.audio-technica.eu\/es-es\/wp-json\/wp\/v2\/media\/17569"}],"wp:attachment":[{"href":"https:\/\/distribution.audio-technica.eu\/es-es\/wp-json\/wp\/v2\/media?parent=17567"}],"wp:term":[{"taxonomy":"product_brand","embeddable":true,"href":"https:\/\/distribution.audio-technica.eu\/es-es\/wp-json\/wp\/v2\/product_brand?post=17567"},{"taxonomy":"product_cat","embeddable":true,"href":"https:\/\/distribution.audio-technica.eu\/es-es\/wp-json\/wp\/v2\/product_cat?post=17567"},{"taxonomy":"product_tag","embeddable":true,"href":"https:\/\/distribution.audio-technica.eu\/es-es\/wp-json\/wp\/v2\/product_tag?post=17567"}],"curies":[{"name":"wp","href":"https:\/\/api.w.org\/{rel}","templated":true}]}}