{"id":17612,"date":"2019-07-05T16:19:56","date_gmt":"2019-07-05T14:19:56","guid":{"rendered":"https:\/\/atdb-production.studiograft.dev\/es\/?post_type=product&#038;p=17612"},"modified":"2026-02-19T14:58:19","modified_gmt":"2026-02-19T13:58:19","slug":"thh","status":"publish","type":"product","link":"https:\/\/distribution.audio-technica.eu\/es-es\/productos\/thh\/","title":{"rendered":"THH"},"content":{"rendered":"<h2>THH<\/h2>\n<h3>Sistema de 3 v\u00edas biamplificado trapezoidal horizontal 15&#8243; con bocinas Hybrid\u00ae<\/h3>\n<p>THH es un sistema de 3 v\u00edas de altas prestaciones, totalmente basado en bocinas, alojado en un \u00fanico recinto de banda ancha de formato horizontal.\u00a0Los transductores han sido dise\u00f1ados para conseguir un rendimiento ejemplar en todas las bandas.<\/p>\n<p>La secci\u00f3n de graves Hybrid\u00ae dispone de un transductor de 15&#8243; (380mm) \/ bobina de 4&#8243; (100mm) montado en una bocina, con carga r\u00e9flex para ampliar la salida en graves m\u00e1s all\u00e1 del punto de corte natural de la bocina. El transductor LF incorpora un cono resistente al agua y un triple contorno para aumentar su grado de excursi\u00f3n.<\/p>\n<p>La bocina de medios del THH dispone del exclusivo dispositivo de carga \u2018phase-ball\u2019, que mantiene constante la caracter\u00edstica de direccionalidad de la bocina en la parte superior de su gama. Dispone de un transductor de medios de 10&#8243; (250mm) equipado con un anillo demodulador de aluminio para mejorar la claridad en los medios y reducir la distorsi\u00f3n a niveles elevados. La secci\u00f3n HF del THH, que ofrece una dispersi\u00f3n de 70\u02da x 40\u02da, incorpora un transductor de compresi\u00f3n de neodimio de 1&#8243; (25mm) con un diafragma Kapton para aportar mayor sensibilidad y aumentar la respuesta en agudos.<\/p>\n<p>El crossover pasivo interno medios \/ agudos permite que este sistema de tres v\u00edas pueda trabajar con una configuraci\u00f3n biamplificada.<\/p>\n<p>El THH ha sido configurado para un formato horizontal, con un recinto trapezoidal fabricado con laminado de abedul, y equipado con puntos M10 para facilitar su montaje. El recinto dispone de asas y ruedas posteriores.<\/p>\n<p>Se recomienda el uso de los amplificadores iKON42, VIA5002 o VIA5004; tambi\u00e9n es compatible con los controladores de la serie DX.<\/p>\n<p>&nbsp;<\/p>\n<p><strong>Caracter\u00edsticas Principales<\/strong><\/p>\n<ul>\n<li>Sistema de tres v\u00edas, totalmente basado en bocinas<\/li>\n<li>Transductor de medios con sistema \u2018Phase-ball\u2019<\/li>\n<li>Secci\u00f3n LF Hybrid\u00ae<\/li>\n<li>Equipado con asas y ruedas<\/li>\n<li>Formato horizontal<\/li>\n<li>Garant\u00eda de cinco a\u00f1os<\/li>\n<\/ul>\n<p>&nbsp;<\/p>\n<p><strong>Aplicaciones<\/strong><\/p>\n<ul>\n<li>Grandes clubs<\/li>\n<li>Grandes instalaciones<\/li>\n<\/ul>\n","protected":false},"excerpt":{"rendered":"<h3>Sistema de 3 v\u00edas biamplificado trapezoidal horizontal 15&#8243; con bocinas Hybrid\u00ae<\/h3>\n<ul>\n<li>Sistema de tres v\u00edas, totalmente basado en bocinas<\/li>\n<li>Transductor de medios con sistema \u2018Phase-ball\u2019<\/li>\n<li>Secci\u00f3n LF Hybrid\u00ae<\/li>\n<li>Potencia: LF: 750W AES, 3000W pico; MF + HF: 300W AES, 1200W pico<\/li>\n<li>Formato horizontal<\/li>\n<\/ul>\n","protected":false},"featured_media":17613,"template":"","meta":{"_acf_changed":false},"product_brand":[],"product_cat":[2084,2097,2085,2110],"product_tag":[],"class_list":{"0":"post-17612","1":"product","2":"type-product","3":"status-publish","4":"has-post-thumbnail","6":"product_cat-sistemas-instalacion","7":"product_cat-pasivos-fuente-puntual","8":"product_cat-por-series-martin-audio","9":"product_cat-serie-th","10":"product_series-serie-th","12":"first","13":"instock","14":"shipping-taxable","15":"product-type-simple"},"acf":[],"yoast_head":"<!-- This site is optimized with the Yoast SEO plugin v27.1.1 - https:\/\/yoast.com\/product\/yoast-seo-wordpress\/ -->\n<title>THH - Audio-Technica Iberia<\/title>\n<meta name=\"robots\" content=\"index, follow, max-snippet:-1, max-image-preview:large, max-video-preview:-1\" \/>\n<link rel=\"canonical\" href=\"https:\/\/distribution.audio-technica.eu\/es-es\/productos\/thh\/\" \/>\n<meta property=\"og:locale\" content=\"es_ES\" \/>\n<meta property=\"og:type\" content=\"article\" \/>\n<meta property=\"og:title\" content=\"THH - Audio-Technica Iberia\" \/>\n<meta property=\"og:description\" content=\"Sistema de 3 v\u00edas biamplificado trapezoidal horizontal 15&quot; con bocinas Hybrid\u00ae   Sistema de tres v\u00edas, totalmente basado en bocinas  Transductor de medios con sistema \u2018Phase-ball\u2019  Secci\u00f3n LF Hybrid\u00ae  Potencia: LF: 750W AES, 3000W pico; MF + HF: 300W AES, 1200W pico  Formato horizontal\" \/>\n<meta property=\"og:url\" content=\"https:\/\/distribution.audio-technica.eu\/es-es\/productos\/thh\/\" \/>\n<meta property=\"og:site_name\" content=\"Audio-Technica Iberia\" \/>\n<meta property=\"article:modified_time\" content=\"2026-02-19T13:58:19+00:00\" \/>\n<meta property=\"og:image\" content=\"https:\/\/distribution.audio-technica.eu\/app\/uploads\/sites\/2\/THH-cut-out.jpg\" \/>\n\t<meta property=\"og:image:width\" content=\"1024\" \/>\n\t<meta property=\"og:image:height\" content=\"1024\" \/>\n\t<meta property=\"og:image:type\" content=\"image\/jpeg\" \/>\n<meta name=\"twitter:card\" content=\"summary_large_image\" \/>\n<meta name=\"twitter:label1\" content=\"Tiempo de lectura\" \/>\n\t<meta name=\"twitter:data1\" content=\"2 minutos\" \/>\n<script type=\"application\/ld+json\" class=\"yoast-schema-graph\">{\"@context\":\"https:\/\/schema.org\",\"@graph\":[{\"@type\":\"WebPage\",\"@id\":\"https:\/\/distribution.audio-technica.eu\/es-es\/productos\/thh\/\",\"url\":\"https:\/\/distribution.audio-technica.eu\/es-es\/productos\/thh\/\",\"name\":\"THH - Audio-Technica Iberia\",\"isPartOf\":{\"@id\":\"https:\/\/distribution.audio-technica.eu\/es-es\/#website\"},\"primaryImageOfPage\":{\"@id\":\"https:\/\/distribution.audio-technica.eu\/es-es\/productos\/thh\/#primaryimage\"},\"image\":{\"@id\":\"https:\/\/distribution.audio-technica.eu\/es-es\/productos\/thh\/#primaryimage\"},\"thumbnailUrl\":\"\/app\/uploads\/sites\/2\/THH-cut-out.jpg\",\"datePublished\":\"2019-07-05T14:19:56+00:00\",\"dateModified\":\"2026-02-19T13:58:19+00:00\",\"breadcrumb\":{\"@id\":\"https:\/\/distribution.audio-technica.eu\/es-es\/productos\/thh\/#breadcrumb\"},\"inLanguage\":\"es\",\"potentialAction\":[{\"@type\":\"ReadAction\",\"target\":[\"https:\/\/distribution.audio-technica.eu\/es-es\/productos\/thh\/\"]}]},{\"@type\":\"ImageObject\",\"inLanguage\":\"es\",\"@id\":\"https:\/\/distribution.audio-technica.eu\/es-es\/productos\/thh\/#primaryimage\",\"url\":\"\/app\/uploads\/sites\/2\/THH-cut-out.jpg\",\"contentUrl\":\"\/app\/uploads\/sites\/2\/THH-cut-out.jpg\",\"width\":1024,\"height\":1024},{\"@type\":\"BreadcrumbList\",\"@id\":\"https:\/\/distribution.audio-technica.eu\/es-es\/productos\/thh\/#breadcrumb\",\"itemListElement\":[{\"@type\":\"ListItem\",\"position\":1,\"name\":\"Products\",\"item\":\"https:\/\/distribution.audio-technica.eu\/es-es\/\"},{\"@type\":\"ListItem\",\"position\":2,\"name\":\"Productos\",\"item\":\"https:\/\/distribution.audio-technica.eu\/es-es\/productos\/\"},{\"@type\":\"ListItem\",\"position\":3,\"name\":\"THH\"}]},{\"@type\":\"WebSite\",\"@id\":\"https:\/\/distribution.audio-technica.eu\/es-es\/#website\",\"url\":\"https:\/\/distribution.audio-technica.eu\/es-es\/\",\"name\":\"Audio-Technica Iberia\",\"description\":\"Distribuci\u00f3n\",\"potentialAction\":[{\"@type\":\"SearchAction\",\"target\":{\"@type\":\"EntryPoint\",\"urlTemplate\":\"https:\/\/distribution.audio-technica.eu\/es-es\/?s={search_term_string}\"},\"query-input\":{\"@type\":\"PropertyValueSpecification\",\"valueRequired\":true,\"valueName\":\"search_term_string\"}}],\"inLanguage\":\"es\"}]}<\/script>\n<!-- \/ Yoast SEO plugin. -->","yoast_head_json":{"title":"THH - Audio-Technica Iberia","robots":{"index":"index","follow":"follow","max-snippet":"max-snippet:-1","max-image-preview":"max-image-preview:large","max-video-preview":"max-video-preview:-1"},"canonical":"https:\/\/distribution.audio-technica.eu\/es-es\/productos\/thh\/","og_locale":"es_ES","og_type":"article","og_title":"THH - Audio-Technica Iberia","og_description":"Sistema de 3 v\u00edas biamplificado trapezoidal horizontal 15\" con bocinas Hybrid\u00ae   Sistema de tres v\u00edas, totalmente basado en bocinas  Transductor de medios con sistema \u2018Phase-ball\u2019  Secci\u00f3n LF Hybrid\u00ae  Potencia: LF: 750W AES, 3000W pico; MF + HF: 300W AES, 1200W pico  Formato horizontal","og_url":"https:\/\/distribution.audio-technica.eu\/es-es\/productos\/thh\/","og_site_name":"Audio-Technica Iberia","article_modified_time":"2026-02-19T13:58:19+00:00","og_image":[{"width":1024,"height":1024,"url":"https:\/\/distribution.audio-technica.eu\/app\/uploads\/sites\/2\/THH-cut-out.jpg","type":"image\/jpeg"}],"twitter_card":"summary_large_image","twitter_misc":{"Tiempo de lectura":"2 minutos"},"schema":{"@context":"https:\/\/schema.org","@graph":[{"@type":"WebPage","@id":"https:\/\/distribution.audio-technica.eu\/es-es\/productos\/thh\/","url":"https:\/\/distribution.audio-technica.eu\/es-es\/productos\/thh\/","name":"THH - Audio-Technica Iberia","isPartOf":{"@id":"https:\/\/distribution.audio-technica.eu\/es-es\/#website"},"primaryImageOfPage":{"@id":"https:\/\/distribution.audio-technica.eu\/es-es\/productos\/thh\/#primaryimage"},"image":{"@id":"https:\/\/distribution.audio-technica.eu\/es-es\/productos\/thh\/#primaryimage"},"thumbnailUrl":"\/app\/uploads\/sites\/2\/THH-cut-out.jpg","datePublished":"2019-07-05T14:19:56+00:00","dateModified":"2026-02-19T13:58:19+00:00","breadcrumb":{"@id":"https:\/\/distribution.audio-technica.eu\/es-es\/productos\/thh\/#breadcrumb"},"inLanguage":"es","potentialAction":[{"@type":"ReadAction","target":["https:\/\/distribution.audio-technica.eu\/es-es\/productos\/thh\/"]}]},{"@type":"ImageObject","inLanguage":"es","@id":"https:\/\/distribution.audio-technica.eu\/es-es\/productos\/thh\/#primaryimage","url":"\/app\/uploads\/sites\/2\/THH-cut-out.jpg","contentUrl":"\/app\/uploads\/sites\/2\/THH-cut-out.jpg","width":1024,"height":1024},{"@type":"BreadcrumbList","@id":"https:\/\/distribution.audio-technica.eu\/es-es\/productos\/thh\/#breadcrumb","itemListElement":[{"@type":"ListItem","position":1,"name":"Products","item":"https:\/\/distribution.audio-technica.eu\/es-es\/"},{"@type":"ListItem","position":2,"name":"Productos","item":"https:\/\/distribution.audio-technica.eu\/es-es\/productos\/"},{"@type":"ListItem","position":3,"name":"THH"}]},{"@type":"WebSite","@id":"https:\/\/distribution.audio-technica.eu\/es-es\/#website","url":"https:\/\/distribution.audio-technica.eu\/es-es\/","name":"Audio-Technica Iberia","description":"Distribuci\u00f3n","potentialAction":[{"@type":"SearchAction","target":{"@type":"EntryPoint","urlTemplate":"https:\/\/distribution.audio-technica.eu\/es-es\/?s={search_term_string}"},"query-input":{"@type":"PropertyValueSpecification","valueRequired":true,"valueName":"search_term_string"}}],"inLanguage":"es"}]}},"_links":{"self":[{"href":"https:\/\/distribution.audio-technica.eu\/es-es\/wp-json\/wp\/v2\/product\/17612","targetHints":{"allow":["GET"]}}],"collection":[{"href":"https:\/\/distribution.audio-technica.eu\/es-es\/wp-json\/wp\/v2\/product"}],"about":[{"href":"https:\/\/distribution.audio-technica.eu\/es-es\/wp-json\/wp\/v2\/types\/product"}],"wp:featuredmedia":[{"embeddable":true,"href":"https:\/\/distribution.audio-technica.eu\/es-es\/wp-json\/wp\/v2\/media\/17613"}],"wp:attachment":[{"href":"https:\/\/distribution.audio-technica.eu\/es-es\/wp-json\/wp\/v2\/media?parent=17612"}],"wp:term":[{"taxonomy":"product_brand","embeddable":true,"href":"https:\/\/distribution.audio-technica.eu\/es-es\/wp-json\/wp\/v2\/product_brand?post=17612"},{"taxonomy":"product_cat","embeddable":true,"href":"https:\/\/distribution.audio-technica.eu\/es-es\/wp-json\/wp\/v2\/product_cat?post=17612"},{"taxonomy":"product_tag","embeddable":true,"href":"https:\/\/distribution.audio-technica.eu\/es-es\/wp-json\/wp\/v2\/product_tag?post=17612"}],"curies":[{"name":"wp","href":"https:\/\/api.w.org\/{rel}","templated":true}]}}