{"id":17669,"date":"2019-07-08T10:43:45","date_gmt":"2019-07-08T08:43:45","guid":{"rendered":"https:\/\/atdb-production.studiograft.dev\/es\/?post_type=product&#038;p=17669"},"modified":"2023-07-13T13:01:20","modified_gmt":"2023-07-13T11:01:20","slug":"c6-8t","status":"publish","type":"product","link":"https:\/\/distribution.audio-technica.eu\/es-es\/productos\/c6-8t\/","title":{"rendered":"C6.8T"},"content":{"rendered":"<h2>C6.8T<\/h2>\n<h3>Altavoz 2 v\u00edas 6,5&#8243; abierto, para montaje en techo<\/h3>\n<p>Incorporando un transductor de graves de 6.5&#8243; (165mm) y un tweeter de c\u00fapula de 0.8&#8243; (19mm), el C6.8T es ideal para montaje en superficie en situaciones en las que se precisa de una respuesta en frecuencia completa y una amplia dispersi\u00f3n, en un recinto ventilado muy compacto.<\/p>\n<p>La disposici\u00f3n lado a lado de los transductores mantiene una respuesta uniforme de hasta 75\u00b0 fuera del eje, lo que lo convierte en una elecci\u00f3n perfecta para utilizar en locales de techos bajos, donde una amplia cobertura se traduce en una reducci\u00f3n del n\u00famero necesario de unidades para proporcionar un sonido de la m\u00e1xima calidad sobre el \u00e1rea de audici\u00f3n. El C6.8T ofrece un sistema de montaje de 4 puntos que facilita su instalaci\u00f3n, y su conector de pinza elevable permite un f\u00e1cil precableado, con cables de hasta 2.5 mm.<\/p>\n<p>Estos productos cumplen con las normas UL2043 para Incendios y liberaci\u00f3n de humo y calor y con la de Accesorios instalados en espacios de ventilaci\u00f3n. Listado UL1480 Altavoces de se\u00f1alizaci\u00f3n general. Adecuado para ser utilizado en espacios de ventilaci\u00f3n.<\/p>\n<p>&nbsp;<\/p>\n<p><strong>Caracter\u00edsticas Principales<\/strong><\/p>\n<ul>\n<li>Altavoz de dos v\u00edas de altas prestaciones, para montaje en techo<\/li>\n<li>Transductor de graves de 4&#8243; (100mm) UL94V-0 con cono de polipropileno combinado con carbono<\/li>\n<li>Dispersi\u00f3n muy amplia @ 180\u00b0 hasta 10kHz<\/li>\n<li>Funcionamiento en alta y baja impedancia, incluye transformador<\/li>\n<li>Enchufe y z\u00f3calo de abrazadera ign\u00edfugos para un f\u00e1cil cableado previo<\/li>\n<li>SPL @ 1 metro m\u00e1ximo de 100dB continuos<\/li>\n<li>Recinto posterior de acero<\/li>\n<li>Incluye rieles para azulejos y soporte C<\/li>\n<li>UL2043 y UL1480<\/li>\n<\/ul>\n<p>&nbsp;<\/p>\n<p><strong>Aplicaciones<\/strong><\/p>\n<ul>\n<li>Instalaci\u00f3n fija en techos y paredes<\/li>\n<li>Entornos de techos bajos<\/li>\n<\/ul>\n","protected":false},"excerpt":{"rendered":"<h3>Altavoz 2 v\u00edas 6,5&#8243; abierto, para montaje en techo<\/h3>\n<ul>\n<li>Altavoz de dos v\u00edas de altas prestaciones, para montaje en techo<\/li>\n<li>Transductor de graves de 6.5&#8243; (165mm) UL94V-0 con cono de polipropileno combinado con carbono<\/li>\n<li>Amplia dispersi\u00f3n &#8211; 150\u00b0 c\u00f3nica hasta 7kHz<\/li>\n<li>Potencia de 75W &#8211; 16 ohm (transformador 40W)<\/li>\n<li>UL2043 y UL1480<\/li>\n<\/ul>\n","protected":false},"featured_media":17666,"template":"","meta":{"_acf_changed":false},"product_brand":[],"product_cat":[2084,2099,2085,2120],"product_tag":[],"class_list":{"0":"post-17669","1":"product","2":"type-product","3":"status-publish","4":"has-post-thumbnail","6":"product_cat-sistemas-instalacion","7":"product_cat-altavoces-techo","8":"product_cat-por-series-martin-audio","9":"product_cat-serie-ceiling","10":"product_series-serie-ceiling","12":"first","13":"instock","14":"shipping-taxable","15":"product-type-simple"},"acf":[],"yoast_head":"<!-- This site is optimized with the Yoast SEO plugin v27.1.1 - https:\/\/yoast.com\/product\/yoast-seo-wordpress\/ -->\n<title>C6.8T - Audio-Technica Iberia<\/title>\n<meta name=\"robots\" content=\"index, follow, max-snippet:-1, max-image-preview:large, max-video-preview:-1\" \/>\n<link rel=\"canonical\" href=\"https:\/\/distribution.audio-technica.eu\/es-es\/productos\/c6-8t\/\" \/>\n<meta property=\"og:locale\" content=\"es_ES\" \/>\n<meta property=\"og:type\" content=\"article\" \/>\n<meta property=\"og:title\" content=\"C6.8T - Audio-Technica Iberia\" \/>\n<meta property=\"og:description\" content=\"Altavoz 2 v\u00edas 6,5&quot; abierto, para montaje en techo  Altavoz de dos v\u00edas de altas prestaciones, para montaje en techo  Transductor de graves de 6.5&quot; (165mm) UL94V-0 con cono de polipropileno combinado con carbono  Amplia dispersi\u00f3n - 150\u00b0 c\u00f3nica hasta 7kHz  Potencia de 75W - 16 ohm (transformador 40W)  UL2043 y UL1480\" \/>\n<meta property=\"og:url\" content=\"https:\/\/distribution.audio-technica.eu\/es-es\/productos\/c6-8t\/\" \/>\n<meta property=\"og:site_name\" content=\"Audio-Technica Iberia\" \/>\n<meta property=\"article:modified_time\" content=\"2023-07-13T11:01:20+00:00\" \/>\n<meta property=\"og:image\" content=\"https:\/\/distribution.audio-technica.eu\/app\/uploads\/sites\/2\/C8.1.jpg\" \/>\n\t<meta property=\"og:image:width\" content=\"1024\" \/>\n\t<meta property=\"og:image:height\" content=\"1024\" \/>\n\t<meta property=\"og:image:type\" content=\"image\/jpeg\" \/>\n<meta name=\"twitter:card\" content=\"summary_large_image\" \/>\n<meta name=\"twitter:label1\" content=\"Tiempo de lectura\" \/>\n\t<meta name=\"twitter:data1\" content=\"1 minuto\" \/>\n<script type=\"application\/ld+json\" class=\"yoast-schema-graph\">{\"@context\":\"https:\/\/schema.org\",\"@graph\":[{\"@type\":\"WebPage\",\"@id\":\"https:\/\/distribution.audio-technica.eu\/es-es\/productos\/c6-8t\/\",\"url\":\"https:\/\/distribution.audio-technica.eu\/es-es\/productos\/c6-8t\/\",\"name\":\"C6.8T - Audio-Technica Iberia\",\"isPartOf\":{\"@id\":\"https:\/\/distribution.audio-technica.eu\/es-es\/#website\"},\"primaryImageOfPage\":{\"@id\":\"https:\/\/distribution.audio-technica.eu\/es-es\/productos\/c6-8t\/#primaryimage\"},\"image\":{\"@id\":\"https:\/\/distribution.audio-technica.eu\/es-es\/productos\/c6-8t\/#primaryimage\"},\"thumbnailUrl\":\"\/app\/uploads\/sites\/2\/C8.1.jpg\",\"datePublished\":\"2019-07-08T08:43:45+00:00\",\"dateModified\":\"2023-07-13T11:01:20+00:00\",\"breadcrumb\":{\"@id\":\"https:\/\/distribution.audio-technica.eu\/es-es\/productos\/c6-8t\/#breadcrumb\"},\"inLanguage\":\"es\",\"potentialAction\":[{\"@type\":\"ReadAction\",\"target\":[\"https:\/\/distribution.audio-technica.eu\/es-es\/productos\/c6-8t\/\"]}]},{\"@type\":\"ImageObject\",\"inLanguage\":\"es\",\"@id\":\"https:\/\/distribution.audio-technica.eu\/es-es\/productos\/c6-8t\/#primaryimage\",\"url\":\"\/app\/uploads\/sites\/2\/C8.1.jpg\",\"contentUrl\":\"\/app\/uploads\/sites\/2\/C8.1.jpg\",\"width\":1024,\"height\":1024},{\"@type\":\"BreadcrumbList\",\"@id\":\"https:\/\/distribution.audio-technica.eu\/es-es\/productos\/c6-8t\/#breadcrumb\",\"itemListElement\":[{\"@type\":\"ListItem\",\"position\":1,\"name\":\"Products\",\"item\":\"https:\/\/distribution.audio-technica.eu\/es-es\/\"},{\"@type\":\"ListItem\",\"position\":2,\"name\":\"Productos\",\"item\":\"https:\/\/distribution.audio-technica.eu\/es-es\/productos\/\"},{\"@type\":\"ListItem\",\"position\":3,\"name\":\"C6.8T\"}]},{\"@type\":\"WebSite\",\"@id\":\"https:\/\/distribution.audio-technica.eu\/es-es\/#website\",\"url\":\"https:\/\/distribution.audio-technica.eu\/es-es\/\",\"name\":\"Audio-Technica Iberia\",\"description\":\"Distribuci\u00f3n\",\"potentialAction\":[{\"@type\":\"SearchAction\",\"target\":{\"@type\":\"EntryPoint\",\"urlTemplate\":\"https:\/\/distribution.audio-technica.eu\/es-es\/?s={search_term_string}\"},\"query-input\":{\"@type\":\"PropertyValueSpecification\",\"valueRequired\":true,\"valueName\":\"search_term_string\"}}],\"inLanguage\":\"es\"}]}<\/script>\n<!-- \/ Yoast SEO plugin. -->","yoast_head_json":{"title":"C6.8T - Audio-Technica Iberia","robots":{"index":"index","follow":"follow","max-snippet":"max-snippet:-1","max-image-preview":"max-image-preview:large","max-video-preview":"max-video-preview:-1"},"canonical":"https:\/\/distribution.audio-technica.eu\/es-es\/productos\/c6-8t\/","og_locale":"es_ES","og_type":"article","og_title":"C6.8T - Audio-Technica Iberia","og_description":"Altavoz 2 v\u00edas 6,5\" abierto, para montaje en techo  Altavoz de dos v\u00edas de altas prestaciones, para montaje en techo  Transductor de graves de 6.5\" (165mm) UL94V-0 con cono de polipropileno combinado con carbono  Amplia dispersi\u00f3n - 150\u00b0 c\u00f3nica hasta 7kHz  Potencia de 75W - 16 ohm (transformador 40W)  UL2043 y UL1480","og_url":"https:\/\/distribution.audio-technica.eu\/es-es\/productos\/c6-8t\/","og_site_name":"Audio-Technica Iberia","article_modified_time":"2023-07-13T11:01:20+00:00","og_image":[{"width":1024,"height":1024,"url":"https:\/\/distribution.audio-technica.eu\/app\/uploads\/sites\/2\/C8.1.jpg","type":"image\/jpeg"}],"twitter_card":"summary_large_image","twitter_misc":{"Tiempo de lectura":"1 minuto"},"schema":{"@context":"https:\/\/schema.org","@graph":[{"@type":"WebPage","@id":"https:\/\/distribution.audio-technica.eu\/es-es\/productos\/c6-8t\/","url":"https:\/\/distribution.audio-technica.eu\/es-es\/productos\/c6-8t\/","name":"C6.8T - Audio-Technica Iberia","isPartOf":{"@id":"https:\/\/distribution.audio-technica.eu\/es-es\/#website"},"primaryImageOfPage":{"@id":"https:\/\/distribution.audio-technica.eu\/es-es\/productos\/c6-8t\/#primaryimage"},"image":{"@id":"https:\/\/distribution.audio-technica.eu\/es-es\/productos\/c6-8t\/#primaryimage"},"thumbnailUrl":"\/app\/uploads\/sites\/2\/C8.1.jpg","datePublished":"2019-07-08T08:43:45+00:00","dateModified":"2023-07-13T11:01:20+00:00","breadcrumb":{"@id":"https:\/\/distribution.audio-technica.eu\/es-es\/productos\/c6-8t\/#breadcrumb"},"inLanguage":"es","potentialAction":[{"@type":"ReadAction","target":["https:\/\/distribution.audio-technica.eu\/es-es\/productos\/c6-8t\/"]}]},{"@type":"ImageObject","inLanguage":"es","@id":"https:\/\/distribution.audio-technica.eu\/es-es\/productos\/c6-8t\/#primaryimage","url":"\/app\/uploads\/sites\/2\/C8.1.jpg","contentUrl":"\/app\/uploads\/sites\/2\/C8.1.jpg","width":1024,"height":1024},{"@type":"BreadcrumbList","@id":"https:\/\/distribution.audio-technica.eu\/es-es\/productos\/c6-8t\/#breadcrumb","itemListElement":[{"@type":"ListItem","position":1,"name":"Products","item":"https:\/\/distribution.audio-technica.eu\/es-es\/"},{"@type":"ListItem","position":2,"name":"Productos","item":"https:\/\/distribution.audio-technica.eu\/es-es\/productos\/"},{"@type":"ListItem","position":3,"name":"C6.8T"}]},{"@type":"WebSite","@id":"https:\/\/distribution.audio-technica.eu\/es-es\/#website","url":"https:\/\/distribution.audio-technica.eu\/es-es\/","name":"Audio-Technica Iberia","description":"Distribuci\u00f3n","potentialAction":[{"@type":"SearchAction","target":{"@type":"EntryPoint","urlTemplate":"https:\/\/distribution.audio-technica.eu\/es-es\/?s={search_term_string}"},"query-input":{"@type":"PropertyValueSpecification","valueRequired":true,"valueName":"search_term_string"}}],"inLanguage":"es"}]}},"_links":{"self":[{"href":"https:\/\/distribution.audio-technica.eu\/es-es\/wp-json\/wp\/v2\/product\/17669","targetHints":{"allow":["GET"]}}],"collection":[{"href":"https:\/\/distribution.audio-technica.eu\/es-es\/wp-json\/wp\/v2\/product"}],"about":[{"href":"https:\/\/distribution.audio-technica.eu\/es-es\/wp-json\/wp\/v2\/types\/product"}],"wp:featuredmedia":[{"embeddable":true,"href":"https:\/\/distribution.audio-technica.eu\/es-es\/wp-json\/wp\/v2\/media\/17666"}],"wp:attachment":[{"href":"https:\/\/distribution.audio-technica.eu\/es-es\/wp-json\/wp\/v2\/media?parent=17669"}],"wp:term":[{"taxonomy":"product_brand","embeddable":true,"href":"https:\/\/distribution.audio-technica.eu\/es-es\/wp-json\/wp\/v2\/product_brand?post=17669"},{"taxonomy":"product_cat","embeddable":true,"href":"https:\/\/distribution.audio-technica.eu\/es-es\/wp-json\/wp\/v2\/product_cat?post=17669"},{"taxonomy":"product_tag","embeddable":true,"href":"https:\/\/distribution.audio-technica.eu\/es-es\/wp-json\/wp\/v2\/product_tag?post=17669"}],"curies":[{"name":"wp","href":"https:\/\/api.w.org\/{rel}","templated":true}]}}