{"id":17671,"date":"2019-07-08T11:40:17","date_gmt":"2019-07-08T09:40:17","guid":{"rendered":"https:\/\/atdb-production.studiograft.dev\/es\/?post_type=product&#038;p=17671"},"modified":"2026-02-19T14:25:06","modified_gmt":"2026-02-19T13:25:06","slug":"a40","status":"publish","type":"product","link":"https:\/\/distribution.audio-technica.eu\/es-es\/productos\/a40\/","title":{"rendered":"A40"},"content":{"rendered":"<h2>A40<\/h2>\n<h3>Recinto compacto pasivo 2 v\u00edas, 4&#8243;, para montaje en pared<\/h3>\n<p>El ADORN A40 es un altavoz pasivo de dos v\u00edas, perfecto para entornos arquitecturales que requieren sonido en alta fidelidad con un recinto de dise\u00f1o elegante y ultracompacto. Proporciona un funcionamiento impecable, fiabilidad y rentabilidad para una amplia variedad de aplicaciones de sonorizaci\u00f3n comercial, desde tiendas, bares y restaurantes, a oficinas corporativas y centros de convenciones.<\/p>\n<p>El A40 es la elecci\u00f3n perfecta para sistemas que ofrecen tanto m\u00fasica ambiental como en primer plano, y que requieren de un funcionamiento \u00f3ptimo. Su t\u00edpico sonido al estilo de Martin Audio proporciona tambi\u00e9n una transici\u00f3n s\u00f3nica uniforme dentro de complejos entono multizona en los que se utilicen sistemas Martin Audio m\u00e1s grandes, tales como CDD o BlacklineX.<\/p>\n<p>Incorpora un transductor LF de 4&#8243; (100mm) y un transductor HF de 0.75&#8243; (19mm) con c\u00fapula de seda montado en una bocina de 110\u00b0 x 80\u00b0, es capaz de manejar 40W AES, 160W de pico, y proporciona una salida de pico de 109dB a 1 metro. Ofrece una respuesta en frecuencia uniforme y unos potentes graves que se extienden hasta los 70 Hz.<\/p>\n<p>Con una impedancia nominal de 16 ohms, permite la conexi\u00f3n en paralelo de m\u00faltiples altavoces desde un \u00fanico canal de un amplificador de baja impedancia, como por ejemplo el VIA2004 de Martin Audio, lo que permite maximizar la eficiencia y minimizar los costes. Para ofrecer una protecci\u00f3n de banda completa, la secciones de graves y agudos cuentan con protecciones independientes frente a las sobrecargas.<\/p>\n<p>Disponible en color blanco o negro como est\u00e1ndar, puede ser repintado a voluntad para encajar con cualquier decoraci\u00f3n, y puede ser instalado sobre una pared de forma vertical u horizontal, utilizando para ello el soporte de pared suministrado.<\/p>\n<p>El amplificador VIA2004 combinado con el controlador DX0.5 forman la combinaci\u00f3n perfecta para conseguir instalaciones eficientes a peque\u00f1a escala. Si se combina con el controlador DX4.0 ser\u00e1 posible abordar instalaciones m\u00e1s grandes y complejas; en ese caso, la instalaci\u00f3n tambi\u00e9n podr\u00e1 ser gestionada a trav\u00e9s de la plataforma de software VU-NET de Martin Audio.<\/p>\n<p>El subgrave SX110 de Martin Audio permitir\u00e1 ampliar el ancho de banda de los altavoces de montaje en pared ADORN, lo cual resulta ideal para aplicaciones de m\u00fasica en primer plano que requieren de un alto impacto y rendimiento en graves.<\/p>\n<p>&nbsp;<\/p>\n<p><strong>Caracter\u00edsticas Principales<\/strong><\/p>\n<ul>\n<li>Dise\u00f1o compacto contempor\u00e1neo y discreto<\/li>\n<li>Alta potencia de salida<\/li>\n<li>Sonido en alta fidelidad<\/li>\n<li>Protecci\u00f3n frente a sobrecargas, en graves y agudos<\/li>\n<li>Orientaci\u00f3n vertical u horizontal<\/li>\n<li>Amplia cobertura de 110\u00b0 x 80\u00b0<\/li>\n<li>Incluye soporte<\/li>\n<li>Garant\u00eda de 5 a\u00f1os<\/li>\n<\/ul>\n<p>&nbsp;<\/p>\n<p><strong>Aplicaciones<\/strong><\/p>\n<ul>\n<li>Tiendas<\/li>\n<li>Cafes, bares y restaurantes<\/li>\n<li>Hoteles y centros de convenciones<\/li>\n<li>Centros educativos<\/li>\n<li>Oficinas<\/li>\n<\/ul>\n","protected":false},"excerpt":{"rendered":"<h3>Recinto compacto pasivo 2 v\u00edas, 4&#8243;, para montaje en pared<\/h3>\n<ul>\n<li>Dise\u00f1o compacto contempor\u00e1neo y discreto<\/li>\n<li>Alta potencia de salida<\/li>\n<li>Sonido en alta fidelidad<\/li>\n<li>Orientaci\u00f3n vertical u horizontal<\/li>\n<li>Amplia cobertura de 110\u00b0 x 80\u00b0<\/li>\n<\/ul>\n","protected":false},"featured_media":17686,"template":"","meta":{"_acf_changed":false},"product_brand":[],"product_cat":[2084,2097,2085,2103],"product_tag":[],"class_list":{"0":"post-17671","1":"product","2":"type-product","3":"status-publish","4":"has-post-thumbnail","6":"product_cat-sistemas-instalacion","7":"product_cat-pasivos-fuente-puntual","8":"product_cat-por-series-martin-audio","9":"product_cat-serie-adorn","10":"product_series-serie-adorn","12":"first","13":"instock","14":"shipping-taxable","15":"product-type-simple"},"acf":[],"yoast_head":"<!-- This site is optimized with the Yoast SEO plugin v27.1.1 - https:\/\/yoast.com\/product\/yoast-seo-wordpress\/ -->\n<title>A40 - Audio-Technica Iberia<\/title>\n<meta name=\"robots\" content=\"index, follow, max-snippet:-1, max-image-preview:large, max-video-preview:-1\" \/>\n<link rel=\"canonical\" href=\"https:\/\/distribution.audio-technica.eu\/es-es\/productos\/a40\/\" \/>\n<meta property=\"og:locale\" content=\"es_ES\" \/>\n<meta property=\"og:type\" content=\"article\" \/>\n<meta property=\"og:title\" content=\"A40 - Audio-Technica Iberia\" \/>\n<meta property=\"og:description\" content=\"Recinto compacto pasivo 2 v\u00edas, 4&quot;, para montaje en pared   Dise\u00f1o compacto contempor\u00e1neo y discreto  Alta potencia de salida  Sonido en alta fidelidad  Orientaci\u00f3n vertical u horizontal  Amplia cobertura de 110\u00b0 x 80\u00b0\" \/>\n<meta property=\"og:url\" content=\"https:\/\/distribution.audio-technica.eu\/es-es\/productos\/a40\/\" \/>\n<meta property=\"og:site_name\" content=\"Audio-Technica Iberia\" \/>\n<meta property=\"article:modified_time\" content=\"2026-02-19T13:25:06+00:00\" \/>\n<meta property=\"og:image\" content=\"https:\/\/distribution.audio-technica.eu\/app\/uploads\/sites\/2\/ADORN-A40-black-1-cutout.jpg\" \/>\n\t<meta property=\"og:image:width\" content=\"1024\" \/>\n\t<meta property=\"og:image:height\" content=\"1024\" \/>\n\t<meta property=\"og:image:type\" content=\"image\/jpeg\" \/>\n<meta name=\"twitter:card\" content=\"summary_large_image\" \/>\n<meta name=\"twitter:label1\" content=\"Tiempo de lectura\" \/>\n\t<meta name=\"twitter:data1\" content=\"3 minutos\" \/>\n<script type=\"application\/ld+json\" class=\"yoast-schema-graph\">{\"@context\":\"https:\/\/schema.org\",\"@graph\":[{\"@type\":\"WebPage\",\"@id\":\"https:\/\/distribution.audio-technica.eu\/es-es\/productos\/a40\/\",\"url\":\"https:\/\/distribution.audio-technica.eu\/es-es\/productos\/a40\/\",\"name\":\"A40 - Audio-Technica Iberia\",\"isPartOf\":{\"@id\":\"https:\/\/distribution.audio-technica.eu\/es-es\/#website\"},\"primaryImageOfPage\":{\"@id\":\"https:\/\/distribution.audio-technica.eu\/es-es\/productos\/a40\/#primaryimage\"},\"image\":{\"@id\":\"https:\/\/distribution.audio-technica.eu\/es-es\/productos\/a40\/#primaryimage\"},\"thumbnailUrl\":\"\/app\/uploads\/sites\/2\/ADORN-A40-black-1-cutout.jpg\",\"datePublished\":\"2019-07-08T09:40:17+00:00\",\"dateModified\":\"2026-02-19T13:25:06+00:00\",\"breadcrumb\":{\"@id\":\"https:\/\/distribution.audio-technica.eu\/es-es\/productos\/a40\/#breadcrumb\"},\"inLanguage\":\"es\",\"potentialAction\":[{\"@type\":\"ReadAction\",\"target\":[\"https:\/\/distribution.audio-technica.eu\/es-es\/productos\/a40\/\"]}]},{\"@type\":\"ImageObject\",\"inLanguage\":\"es\",\"@id\":\"https:\/\/distribution.audio-technica.eu\/es-es\/productos\/a40\/#primaryimage\",\"url\":\"\/app\/uploads\/sites\/2\/ADORN-A40-black-1-cutout.jpg\",\"contentUrl\":\"\/app\/uploads\/sites\/2\/ADORN-A40-black-1-cutout.jpg\",\"width\":1024,\"height\":1024},{\"@type\":\"BreadcrumbList\",\"@id\":\"https:\/\/distribution.audio-technica.eu\/es-es\/productos\/a40\/#breadcrumb\",\"itemListElement\":[{\"@type\":\"ListItem\",\"position\":1,\"name\":\"Products\",\"item\":\"https:\/\/distribution.audio-technica.eu\/es-es\/\"},{\"@type\":\"ListItem\",\"position\":2,\"name\":\"Productos\",\"item\":\"https:\/\/distribution.audio-technica.eu\/es-es\/productos\/\"},{\"@type\":\"ListItem\",\"position\":3,\"name\":\"A40\"}]},{\"@type\":\"WebSite\",\"@id\":\"https:\/\/distribution.audio-technica.eu\/es-es\/#website\",\"url\":\"https:\/\/distribution.audio-technica.eu\/es-es\/\",\"name\":\"Audio-Technica Iberia\",\"description\":\"Distribuci\u00f3n\",\"potentialAction\":[{\"@type\":\"SearchAction\",\"target\":{\"@type\":\"EntryPoint\",\"urlTemplate\":\"https:\/\/distribution.audio-technica.eu\/es-es\/?s={search_term_string}\"},\"query-input\":{\"@type\":\"PropertyValueSpecification\",\"valueRequired\":true,\"valueName\":\"search_term_string\"}}],\"inLanguage\":\"es\"}]}<\/script>\n<!-- \/ Yoast SEO plugin. -->","yoast_head_json":{"title":"A40 - Audio-Technica Iberia","robots":{"index":"index","follow":"follow","max-snippet":"max-snippet:-1","max-image-preview":"max-image-preview:large","max-video-preview":"max-video-preview:-1"},"canonical":"https:\/\/distribution.audio-technica.eu\/es-es\/productos\/a40\/","og_locale":"es_ES","og_type":"article","og_title":"A40 - Audio-Technica Iberia","og_description":"Recinto compacto pasivo 2 v\u00edas, 4\", para montaje en pared   Dise\u00f1o compacto contempor\u00e1neo y discreto  Alta potencia de salida  Sonido en alta fidelidad  Orientaci\u00f3n vertical u horizontal  Amplia cobertura de 110\u00b0 x 80\u00b0","og_url":"https:\/\/distribution.audio-technica.eu\/es-es\/productos\/a40\/","og_site_name":"Audio-Technica Iberia","article_modified_time":"2026-02-19T13:25:06+00:00","og_image":[{"width":1024,"height":1024,"url":"https:\/\/distribution.audio-technica.eu\/app\/uploads\/sites\/2\/ADORN-A40-black-1-cutout.jpg","type":"image\/jpeg"}],"twitter_card":"summary_large_image","twitter_misc":{"Tiempo de lectura":"3 minutos"},"schema":{"@context":"https:\/\/schema.org","@graph":[{"@type":"WebPage","@id":"https:\/\/distribution.audio-technica.eu\/es-es\/productos\/a40\/","url":"https:\/\/distribution.audio-technica.eu\/es-es\/productos\/a40\/","name":"A40 - Audio-Technica Iberia","isPartOf":{"@id":"https:\/\/distribution.audio-technica.eu\/es-es\/#website"},"primaryImageOfPage":{"@id":"https:\/\/distribution.audio-technica.eu\/es-es\/productos\/a40\/#primaryimage"},"image":{"@id":"https:\/\/distribution.audio-technica.eu\/es-es\/productos\/a40\/#primaryimage"},"thumbnailUrl":"\/app\/uploads\/sites\/2\/ADORN-A40-black-1-cutout.jpg","datePublished":"2019-07-08T09:40:17+00:00","dateModified":"2026-02-19T13:25:06+00:00","breadcrumb":{"@id":"https:\/\/distribution.audio-technica.eu\/es-es\/productos\/a40\/#breadcrumb"},"inLanguage":"es","potentialAction":[{"@type":"ReadAction","target":["https:\/\/distribution.audio-technica.eu\/es-es\/productos\/a40\/"]}]},{"@type":"ImageObject","inLanguage":"es","@id":"https:\/\/distribution.audio-technica.eu\/es-es\/productos\/a40\/#primaryimage","url":"\/app\/uploads\/sites\/2\/ADORN-A40-black-1-cutout.jpg","contentUrl":"\/app\/uploads\/sites\/2\/ADORN-A40-black-1-cutout.jpg","width":1024,"height":1024},{"@type":"BreadcrumbList","@id":"https:\/\/distribution.audio-technica.eu\/es-es\/productos\/a40\/#breadcrumb","itemListElement":[{"@type":"ListItem","position":1,"name":"Products","item":"https:\/\/distribution.audio-technica.eu\/es-es\/"},{"@type":"ListItem","position":2,"name":"Productos","item":"https:\/\/distribution.audio-technica.eu\/es-es\/productos\/"},{"@type":"ListItem","position":3,"name":"A40"}]},{"@type":"WebSite","@id":"https:\/\/distribution.audio-technica.eu\/es-es\/#website","url":"https:\/\/distribution.audio-technica.eu\/es-es\/","name":"Audio-Technica Iberia","description":"Distribuci\u00f3n","potentialAction":[{"@type":"SearchAction","target":{"@type":"EntryPoint","urlTemplate":"https:\/\/distribution.audio-technica.eu\/es-es\/?s={search_term_string}"},"query-input":{"@type":"PropertyValueSpecification","valueRequired":true,"valueName":"search_term_string"}}],"inLanguage":"es"}]}},"_links":{"self":[{"href":"https:\/\/distribution.audio-technica.eu\/es-es\/wp-json\/wp\/v2\/product\/17671","targetHints":{"allow":["GET"]}}],"collection":[{"href":"https:\/\/distribution.audio-technica.eu\/es-es\/wp-json\/wp\/v2\/product"}],"about":[{"href":"https:\/\/distribution.audio-technica.eu\/es-es\/wp-json\/wp\/v2\/types\/product"}],"wp:featuredmedia":[{"embeddable":true,"href":"https:\/\/distribution.audio-technica.eu\/es-es\/wp-json\/wp\/v2\/media\/17686"}],"wp:attachment":[{"href":"https:\/\/distribution.audio-technica.eu\/es-es\/wp-json\/wp\/v2\/media?parent=17671"}],"wp:term":[{"taxonomy":"product_brand","embeddable":true,"href":"https:\/\/distribution.audio-technica.eu\/es-es\/wp-json\/wp\/v2\/product_brand?post=17671"},{"taxonomy":"product_cat","embeddable":true,"href":"https:\/\/distribution.audio-technica.eu\/es-es\/wp-json\/wp\/v2\/product_cat?post=17671"},{"taxonomy":"product_tag","embeddable":true,"href":"https:\/\/distribution.audio-technica.eu\/es-es\/wp-json\/wp\/v2\/product_tag?post=17671"}],"curies":[{"name":"wp","href":"https:\/\/api.w.org\/{rel}","templated":true}]}}