{"id":17691,"date":"2019-07-08T11:55:42","date_gmt":"2019-07-08T09:55:42","guid":{"rendered":"https:\/\/atdb-production.studiograft.dev\/es\/?post_type=product&#038;p=17691"},"modified":"2026-02-19T14:25:45","modified_gmt":"2026-02-19T13:25:45","slug":"a55t","status":"publish","type":"product","link":"https:\/\/distribution.audio-technica.eu\/es-es\/productos\/a55t\/","title":{"rendered":"A55T"},"content":{"rendered":"<h2>A55T<\/h2>\n<h3>Recinto compacto pasivo 2 v\u00edas, 5,25&#8243;, l\u00ednea de 100V, para montaje en pared<\/h3>\n<p>El ADORN A55T es un altavoz pasivo de dos v\u00edas que presenta un elegante dise\u00f1o, perfecto para entornos arquitect\u00f3nicos que requieren de un sonido en alta fidelidad, con un recinto compacto y discreto. Ofrece un sonido de calidad excepcional, aplicable a una amplia variedad de aplicaciones de sonorizaci\u00f3n, desde tiendas, bares y restaurantes, a oficinas o centros de convenciones, ofreciendo una soluci\u00f3n perfecta para sonorizaci\u00f3n, tanto de m\u00fasica ambiental como en primer plano, en las que es capital gozar de la m\u00e1xima calidad. Su caracter\u00edstico sonido Martin Audio proporciona tambi\u00e9n una transici\u00f3n s\u00f3nica uniforme en complejos entornos multizona en los que se utilizan sistemas Martin Audio m\u00e1s grandes, tales como CDD o BlacklineX.<\/p>\n<p>Incorpora un transductor LF de 5.25&#8243; (135mm) y un transductor HF de 0.75&#8243; (19mm) con c\u00fapula de seda, montado en una bocina de 110\u00b0 x 80\u00b0. Es capaz de manejar una potencia de 50W AES, 200W pico, y puede producir un nivel de presi\u00f3n de 113 dB de pico a 1 metro. Ofrece una respuesta en frecuencia uniforme, con unos potentes graves que se extienden hasta 65Hz.<\/p>\n<p>Incorpora un transformador de alta calidad para trabajar con l\u00edneas de 70V\/100V, con tomas seleccionables por medio de un conmutador rotativo. Se recomienda utilizar un amplificador VIA5002 en combinaci\u00f3n con el transformador de l\u00ednea adecuado. Las secciones de graves y agudos se encuentran protegidas de forma independiente frente a las sobrecargas.<\/p>\n<p>Disponible en negro o blanco como est\u00e1ndar, tambi\u00e9n puede ser pintado en cualquier otro color para que combine con cualquier decoraci\u00f3n. Puede ser montado sobre la pared tanto en forma vertical como horizontal, con la ayuda del soporte suministrado.<\/p>\n<p>El amplificador VIA5002 combinado con el controlador DX0.5 son el equipo perfecto para peque\u00f1as pero eficientes instalaciones. Si se combina con el controlador DX4.0 ser\u00e1 posible abordar instalaciones m\u00e1s grandes y complejas; en ese caso, la instalaci\u00f3n tambi\u00e9n podr\u00e1 ser gestionada a trav\u00e9s de la plataforma de software VU-NET de Martin Audio.<\/p>\n<p>El subgrave SX110 de Martin Audio permitir\u00e1 ampliar el ancho de banda de los altavoces de montaje en pared ADORN, lo cual resulta ideal para aplicaciones de m\u00fasica en primer plano que requieren de un alto impacto y rendimiento en graves.<\/p>\n<p>&nbsp;<\/p>\n<p><strong>Caracter\u00edsticas Principales<\/strong><\/p>\n<ul>\n<li>Dise\u00f1o contempor\u00e1neo y discreto<\/li>\n<li>Alta potencia de salida<\/li>\n<li>Sonido en alta fidelidad<\/li>\n<li>Protecci\u00f3n frente a sobrecargas para graves y agudos<\/li>\n<li>Transformador l\u00ednea 70V\/100V<\/li>\n<li>Orientaci\u00f3n vertical u horizontal<\/li>\n<li>Amplia cobertura de 110\u00b0 x 80\u00b0<\/li>\n<li>Incluye soporte para pared<\/li>\n<li>5 a\u00f1os de garant\u00eda<\/li>\n<\/ul>\n<p>&nbsp;<\/p>\n<p><strong>Aplicaciones<\/strong><\/p>\n<ul>\n<li>Tiendas<\/li>\n<li>Caf\u00e9s, bares y restaurantes<\/li>\n<li>Hoteles y centros de convenciones<\/li>\n<li>Centros educativos<\/li>\n<li>Oficinas<\/li>\n<\/ul>\n","protected":false},"excerpt":{"rendered":"<h3>Recinto compacto pasivo 2 v\u00edas, 5,25&#8243;, l\u00ednea de 100V, para montaje en pared<\/h3>\n<ul>\n<li>Dise\u00f1o contempor\u00e1neo y discreto<\/li>\n<li>Alta potencia de salida<\/li>\n<li>Sonido en alta fidelidad<\/li>\n<li>Amplia cobertura de 110\u00b0 x 80\u00b0<\/li>\n<li>Transformador l\u00ednea 70V\/100V<\/li>\n<\/ul>\n","protected":false},"featured_media":17682,"template":"","meta":{"_acf_changed":false},"product_brand":[],"product_cat":[2084,2097,2085,2103],"product_tag":[],"class_list":{"0":"post-17691","1":"product","2":"type-product","3":"status-publish","4":"has-post-thumbnail","6":"product_cat-sistemas-instalacion","7":"product_cat-pasivos-fuente-puntual","8":"product_cat-por-series-martin-audio","9":"product_cat-serie-adorn","10":"product_series-serie-adorn","12":"first","13":"instock","14":"shipping-taxable","15":"product-type-simple"},"acf":[],"yoast_head":"<!-- This site is optimized with the Yoast SEO plugin v27.1.1 - https:\/\/yoast.com\/product\/yoast-seo-wordpress\/ -->\n<title>A55T - Audio-Technica Iberia<\/title>\n<meta name=\"robots\" content=\"index, follow, max-snippet:-1, max-image-preview:large, max-video-preview:-1\" \/>\n<link rel=\"canonical\" href=\"https:\/\/distribution.audio-technica.eu\/es-es\/productos\/a55t\/\" \/>\n<meta property=\"og:locale\" content=\"es_ES\" \/>\n<meta property=\"og:type\" content=\"article\" \/>\n<meta property=\"og:title\" content=\"A55T - Audio-Technica Iberia\" \/>\n<meta property=\"og:description\" content=\"Recinto compacto pasivo 2 v\u00edas, 5,25&quot;, l\u00ednea de 100V, para montaje en pared   Dise\u00f1o contempor\u00e1neo y discreto  Alta potencia de salida  Sonido en alta fidelidad  Amplia cobertura de 110\u00b0 x 80\u00b0  Transformador l\u00ednea 70V\/100V\" \/>\n<meta property=\"og:url\" content=\"https:\/\/distribution.audio-technica.eu\/es-es\/productos\/a55t\/\" \/>\n<meta property=\"og:site_name\" content=\"Audio-Technica Iberia\" \/>\n<meta property=\"article:modified_time\" content=\"2026-02-19T13:25:45+00:00\" \/>\n<meta property=\"og:image\" content=\"https:\/\/distribution.audio-technica.eu\/app\/uploads\/sites\/2\/ADORN-A55T-white.jpg\" \/>\n\t<meta property=\"og:image:width\" content=\"1024\" \/>\n\t<meta property=\"og:image:height\" content=\"1024\" \/>\n\t<meta property=\"og:image:type\" content=\"image\/jpeg\" \/>\n<meta name=\"twitter:card\" content=\"summary_large_image\" \/>\n<meta name=\"twitter:label1\" content=\"Tiempo de lectura\" \/>\n\t<meta name=\"twitter:data1\" content=\"3 minutos\" \/>\n<script type=\"application\/ld+json\" class=\"yoast-schema-graph\">{\"@context\":\"https:\/\/schema.org\",\"@graph\":[{\"@type\":\"WebPage\",\"@id\":\"https:\/\/distribution.audio-technica.eu\/es-es\/productos\/a55t\/\",\"url\":\"https:\/\/distribution.audio-technica.eu\/es-es\/productos\/a55t\/\",\"name\":\"A55T - Audio-Technica Iberia\",\"isPartOf\":{\"@id\":\"https:\/\/distribution.audio-technica.eu\/es-es\/#website\"},\"primaryImageOfPage\":{\"@id\":\"https:\/\/distribution.audio-technica.eu\/es-es\/productos\/a55t\/#primaryimage\"},\"image\":{\"@id\":\"https:\/\/distribution.audio-technica.eu\/es-es\/productos\/a55t\/#primaryimage\"},\"thumbnailUrl\":\"\/app\/uploads\/sites\/2\/ADORN-A55T-white.jpg\",\"datePublished\":\"2019-07-08T09:55:42+00:00\",\"dateModified\":\"2026-02-19T13:25:45+00:00\",\"breadcrumb\":{\"@id\":\"https:\/\/distribution.audio-technica.eu\/es-es\/productos\/a55t\/#breadcrumb\"},\"inLanguage\":\"es\",\"potentialAction\":[{\"@type\":\"ReadAction\",\"target\":[\"https:\/\/distribution.audio-technica.eu\/es-es\/productos\/a55t\/\"]}]},{\"@type\":\"ImageObject\",\"inLanguage\":\"es\",\"@id\":\"https:\/\/distribution.audio-technica.eu\/es-es\/productos\/a55t\/#primaryimage\",\"url\":\"\/app\/uploads\/sites\/2\/ADORN-A55T-white.jpg\",\"contentUrl\":\"\/app\/uploads\/sites\/2\/ADORN-A55T-white.jpg\",\"width\":1024,\"height\":1024},{\"@type\":\"BreadcrumbList\",\"@id\":\"https:\/\/distribution.audio-technica.eu\/es-es\/productos\/a55t\/#breadcrumb\",\"itemListElement\":[{\"@type\":\"ListItem\",\"position\":1,\"name\":\"Products\",\"item\":\"https:\/\/distribution.audio-technica.eu\/es-es\/\"},{\"@type\":\"ListItem\",\"position\":2,\"name\":\"Productos\",\"item\":\"https:\/\/distribution.audio-technica.eu\/es-es\/productos\/\"},{\"@type\":\"ListItem\",\"position\":3,\"name\":\"A55T\"}]},{\"@type\":\"WebSite\",\"@id\":\"https:\/\/distribution.audio-technica.eu\/es-es\/#website\",\"url\":\"https:\/\/distribution.audio-technica.eu\/es-es\/\",\"name\":\"Audio-Technica Iberia\",\"description\":\"Distribuci\u00f3n\",\"potentialAction\":[{\"@type\":\"SearchAction\",\"target\":{\"@type\":\"EntryPoint\",\"urlTemplate\":\"https:\/\/distribution.audio-technica.eu\/es-es\/?s={search_term_string}\"},\"query-input\":{\"@type\":\"PropertyValueSpecification\",\"valueRequired\":true,\"valueName\":\"search_term_string\"}}],\"inLanguage\":\"es\"}]}<\/script>\n<!-- \/ Yoast SEO plugin. -->","yoast_head_json":{"title":"A55T - Audio-Technica Iberia","robots":{"index":"index","follow":"follow","max-snippet":"max-snippet:-1","max-image-preview":"max-image-preview:large","max-video-preview":"max-video-preview:-1"},"canonical":"https:\/\/distribution.audio-technica.eu\/es-es\/productos\/a55t\/","og_locale":"es_ES","og_type":"article","og_title":"A55T - Audio-Technica Iberia","og_description":"Recinto compacto pasivo 2 v\u00edas, 5,25\", l\u00ednea de 100V, para montaje en pared   Dise\u00f1o contempor\u00e1neo y discreto  Alta potencia de salida  Sonido en alta fidelidad  Amplia cobertura de 110\u00b0 x 80\u00b0  Transformador l\u00ednea 70V\/100V","og_url":"https:\/\/distribution.audio-technica.eu\/es-es\/productos\/a55t\/","og_site_name":"Audio-Technica Iberia","article_modified_time":"2026-02-19T13:25:45+00:00","og_image":[{"width":1024,"height":1024,"url":"https:\/\/distribution.audio-technica.eu\/app\/uploads\/sites\/2\/ADORN-A55T-white.jpg","type":"image\/jpeg"}],"twitter_card":"summary_large_image","twitter_misc":{"Tiempo de lectura":"3 minutos"},"schema":{"@context":"https:\/\/schema.org","@graph":[{"@type":"WebPage","@id":"https:\/\/distribution.audio-technica.eu\/es-es\/productos\/a55t\/","url":"https:\/\/distribution.audio-technica.eu\/es-es\/productos\/a55t\/","name":"A55T - Audio-Technica Iberia","isPartOf":{"@id":"https:\/\/distribution.audio-technica.eu\/es-es\/#website"},"primaryImageOfPage":{"@id":"https:\/\/distribution.audio-technica.eu\/es-es\/productos\/a55t\/#primaryimage"},"image":{"@id":"https:\/\/distribution.audio-technica.eu\/es-es\/productos\/a55t\/#primaryimage"},"thumbnailUrl":"\/app\/uploads\/sites\/2\/ADORN-A55T-white.jpg","datePublished":"2019-07-08T09:55:42+00:00","dateModified":"2026-02-19T13:25:45+00:00","breadcrumb":{"@id":"https:\/\/distribution.audio-technica.eu\/es-es\/productos\/a55t\/#breadcrumb"},"inLanguage":"es","potentialAction":[{"@type":"ReadAction","target":["https:\/\/distribution.audio-technica.eu\/es-es\/productos\/a55t\/"]}]},{"@type":"ImageObject","inLanguage":"es","@id":"https:\/\/distribution.audio-technica.eu\/es-es\/productos\/a55t\/#primaryimage","url":"\/app\/uploads\/sites\/2\/ADORN-A55T-white.jpg","contentUrl":"\/app\/uploads\/sites\/2\/ADORN-A55T-white.jpg","width":1024,"height":1024},{"@type":"BreadcrumbList","@id":"https:\/\/distribution.audio-technica.eu\/es-es\/productos\/a55t\/#breadcrumb","itemListElement":[{"@type":"ListItem","position":1,"name":"Products","item":"https:\/\/distribution.audio-technica.eu\/es-es\/"},{"@type":"ListItem","position":2,"name":"Productos","item":"https:\/\/distribution.audio-technica.eu\/es-es\/productos\/"},{"@type":"ListItem","position":3,"name":"A55T"}]},{"@type":"WebSite","@id":"https:\/\/distribution.audio-technica.eu\/es-es\/#website","url":"https:\/\/distribution.audio-technica.eu\/es-es\/","name":"Audio-Technica Iberia","description":"Distribuci\u00f3n","potentialAction":[{"@type":"SearchAction","target":{"@type":"EntryPoint","urlTemplate":"https:\/\/distribution.audio-technica.eu\/es-es\/?s={search_term_string}"},"query-input":{"@type":"PropertyValueSpecification","valueRequired":true,"valueName":"search_term_string"}}],"inLanguage":"es"}]}},"_links":{"self":[{"href":"https:\/\/distribution.audio-technica.eu\/es-es\/wp-json\/wp\/v2\/product\/17691","targetHints":{"allow":["GET"]}}],"collection":[{"href":"https:\/\/distribution.audio-technica.eu\/es-es\/wp-json\/wp\/v2\/product"}],"about":[{"href":"https:\/\/distribution.audio-technica.eu\/es-es\/wp-json\/wp\/v2\/types\/product"}],"wp:featuredmedia":[{"embeddable":true,"href":"https:\/\/distribution.audio-technica.eu\/es-es\/wp-json\/wp\/v2\/media\/17682"}],"wp:attachment":[{"href":"https:\/\/distribution.audio-technica.eu\/es-es\/wp-json\/wp\/v2\/media?parent=17691"}],"wp:term":[{"taxonomy":"product_brand","embeddable":true,"href":"https:\/\/distribution.audio-technica.eu\/es-es\/wp-json\/wp\/v2\/product_brand?post=17691"},{"taxonomy":"product_cat","embeddable":true,"href":"https:\/\/distribution.audio-technica.eu\/es-es\/wp-json\/wp\/v2\/product_cat?post=17691"},{"taxonomy":"product_tag","embeddable":true,"href":"https:\/\/distribution.audio-technica.eu\/es-es\/wp-json\/wp\/v2\/product_tag?post=17691"}],"curies":[{"name":"wp","href":"https:\/\/api.w.org\/{rel}","templated":true}]}}