{"id":17693,"date":"2019-07-08T14:28:29","date_gmt":"2019-07-08T12:28:29","guid":{"rendered":"https:\/\/atdb-production.studiograft.dev\/es\/?post_type=product&#038;p=17693"},"modified":"2026-02-19T14:35:12","modified_gmt":"2026-02-19T13:35:12","slug":"cdd-live8","status":"publish","type":"product","link":"https:\/\/distribution.audio-technica.eu\/es-es\/productos\/cdd-live8\/","title":{"rendered":"CDD-LIVE 8"},"content":{"rendered":"<h2>CDD-LIVE 8<\/h2>\n<h3>Recinto autoamplificado ultra compacto de 2 v\u00edas con altavox coaxial 8&#8243; de dispersi\u00f3n diferencial<\/h3>\n<p>El CDD-LIVE 8 es un sistema de 2 v\u00edas autoamplificado, ultra compacto, que incorpora un transductor coaxial de dispersi\u00f3n diferencial de 8&#8243;(200mm) LF \/ 1&#8243;(25mm) salida HF, que puede ser f\u00e1cilmente rotado para conseguir una orientaci\u00f3n horizontal o vertical. Su peque\u00f1o tama\u00f1o no se corresponde con su alta potencia de salida y excepcional fidelidad. Como altavoz aut\u00f3nomo, ofrece soluci\u00f3n a multitud de situaciones, desde la sonorizaci\u00f3n a escala peque\u00f1a o media, presentaciones AV o sonorizaci\u00f3n en templos, hasta sistemas distribuidos, frontfill\/infill, o incluso como micro monitor de escenario.<\/p>\n<p>Con una amplia cobertura en primer plano, la tecnolog\u00eda coaxial de dispersi\u00f3n diferencial empleada en CDD-LIVE 8 proporciona una mejor cobertura de la audiencia que los sistemas con patrones de cobertura X\u00b0 x Y\u00b0 fijos, y su innovador transductor CDD consigue una suma de \u2018fuente puntual\u2019 de las secciones LF y HF, eliminando las variaciones en la respuesta en frecuencia fuera del eje asociadas a los dise\u00f1os no coaxiales.<\/p>\n<p>Como sistema autoamplificado, CDD-LIVE8 incorpora una amplificador de dos canales en clase D, DSP y conexi\u00f3n de audio en red Dante, simplificando su configuraci\u00f3n, aumentando su capacidad de control y eliminando los racks de amplificaci\u00f3n. El amplificador interno proporciona una potencia de pico de 1000W LF + 300W HF, y su fuente de alimentaci\u00f3n conmutada se auto ajusta para tensiones de red de todo el mundo, desde 100 a 240V 50\/60 Hz.<\/p>\n<p>Las funciones DSP, que incluyen EQ param\u00e9trica, retardo, enmudecimiento, ganancia y selecci\u00f3n de preset, pueden ser controlados a trav\u00e9s de Ethernet, desde un ordenador PC o tableta Windows a trav\u00e9s del intuitivo y exclusivo software VU-NET.<\/p>\n<p>Para configuraciones sencillas, es posible seleccionar, a trav\u00e9s del panel posterior, diversos presets plug and play, en lugar de utilizar el control desde el ordenador. Como alternativa a sus entradas anal\u00f3gicas, CDD-LIVE8 es compatible con Dante, para permitir la distribuci\u00f3n y control a trav\u00e9s de un \u00fanico cable CAT5, lo que permite mantener la calidad del sonido incluso con tendidos de cable muy largos.<\/p>\n<p>CDD-LIVE 8 es una unidad incre\u00edblemente vers\u00e1til. Su recinto multi \u00e1ngulo puede ser utilizado con orientaci\u00f3n vertical u horizontal, siendo posible rotar f\u00e1cilmente el transductor, simplemente retirando la rejilla protectora, que se sujeta sin necesidad de tornillos. Este recinto, preparado para soportar los rigores de las giras, est\u00e1 construido a partir de contrachapado multilaminado de madera y acabado en un resistente revestimiento de poliurea. Tambi\u00e9n dispone de punto de inserci\u00f3n para m\u00e1stiles y m\u00faltiples puntos M8 para la sujeci\u00f3n de soportes de pared, horquillas o soportes universales, con una amplia gama de \u00e1ngulos de inclinaci\u00f3n hacia arriba o hacia abajo.<\/p>\n<p>&nbsp;<\/p>\n<p><strong>Caracter\u00edsticas Principales<\/strong><\/p>\n<ul>\n<li>Sistema autoamplificado de 2 v\u00edas, ultra compacto<\/li>\n<li>Tecnolog\u00eda Coaxial Differential Dispersion<\/li>\n<li>Amplificaci\u00f3n clase D y DSP incorporados<\/li>\n<li>Conexi\u00f3n para redes de audio digital Dante<\/li>\n<li>Funcionamiento global de red con correcci\u00f3n de factor de potencia<\/li>\n<li>Transductor CDD\u2122 rotable por el usuario<\/li>\n<li>Opciones de montaje vertical y horizontal<\/li>\n<li>Recinto de madera laminada, multi\u00e1ngulo, preparado para giras<\/li>\n<li>Opci\u00f3n de calificaci\u00f3n IP24, gracias a su capota de protecci\u00f3n frente a la lluvia<\/li>\n<li>Amplia gama de accesorios de montaje<\/li>\n<\/ul>\n<p>&nbsp;<\/p>\n<p><strong>Aplicaciones<\/strong><\/p>\n<ul>\n<li>Sonorizaci\u00f3n en directo<\/li>\n<li>Sonido en teatros<\/li>\n<li>Eventos AV corporativos<\/li>\n<li>Instalaciones fijas en salas de conciertos, salas de baile, y templos<\/li>\n<li>Monitor de escenario y sidefill<\/li>\n<li>Bares y clubs<\/li>\n<li>Frontfill\/infill<\/li>\n<\/ul>\n","protected":false},"excerpt":{"rendered":"<h3>Recinto autoamplificado ultra compacto de 2 v\u00edas con altavox coaxial 8&#8243; de dispersi\u00f3n diferencial<\/h3>\n<ul>\n<li>Sistema autoamplificado de 2 v\u00edas, ultra compacto<\/li>\n<li>Tecnolog\u00eda Coaxial Differential Dispersion<\/li>\n<li>Amplificaci\u00f3n clase D y DSP incorporados<\/li>\n<li>Conexi\u00f3n para redes de audio digital Dante<\/li>\n<li>Potencia: 1300W total; 1000W LF, 300W HF<\/li>\n<\/ul>\n","protected":false},"featured_media":17708,"template":"","meta":{"_acf_changed":false},"product_brand":[],"product_cat":[2083,2088,2084,2096,2085,2121],"product_tag":[],"class_list":{"0":"post-17693","1":"product","2":"type-product","3":"status-publish","4":"has-post-thumbnail","6":"product_cat-sistemas-sonido-directo","7":"product_cat-autoamplificados-portatiles","8":"product_cat-sistemas-instalacion","9":"product_cat-activos-fuente-puntual","10":"product_cat-por-series-martin-audio","11":"product_cat-serie-cdd-live","12":"product_series-serie-cdd-live","14":"first","15":"instock","16":"shipping-taxable","17":"product-type-simple"},"acf":[],"yoast_head":"<!-- This site is optimized with the Yoast SEO plugin v27.1.1 - https:\/\/yoast.com\/product\/yoast-seo-wordpress\/ -->\n<title>CDD-LIVE 8 - Audio-Technica Iberia<\/title>\n<meta name=\"robots\" content=\"index, follow, max-snippet:-1, max-image-preview:large, max-video-preview:-1\" \/>\n<link rel=\"canonical\" href=\"https:\/\/distribution.audio-technica.eu\/es-es\/productos\/cdd-live8\/\" \/>\n<meta property=\"og:locale\" content=\"es_ES\" \/>\n<meta property=\"og:type\" content=\"article\" \/>\n<meta property=\"og:title\" content=\"CDD-LIVE 8 - Audio-Technica Iberia\" \/>\n<meta property=\"og:description\" content=\"Recinto autoamplificado ultra compacto de 2 v\u00edas con altavox coaxial 8&quot; de dispersi\u00f3n diferencial   Sistema autoamplificado de 2 v\u00edas, ultra compacto  Tecnolog\u00eda Coaxial Differential Dispersion  Amplificaci\u00f3n clase D y DSP incorporados  Conexi\u00f3n para redes de audio digital Dante  Potencia: 1300W total; 1000W LF, 300W HF\" \/>\n<meta property=\"og:url\" content=\"https:\/\/distribution.audio-technica.eu\/es-es\/productos\/cdd-live8\/\" \/>\n<meta property=\"og:site_name\" content=\"Audio-Technica Iberia\" \/>\n<meta property=\"article:modified_time\" content=\"2026-02-19T13:35:12+00:00\" \/>\n<meta property=\"og:image\" content=\"https:\/\/distribution.audio-technica.eu\/app\/uploads\/sites\/2\/CDD-LIVE-8.jpg\" \/>\n\t<meta property=\"og:image:width\" content=\"1024\" \/>\n\t<meta property=\"og:image:height\" content=\"1024\" \/>\n\t<meta property=\"og:image:type\" content=\"image\/jpeg\" \/>\n<meta name=\"twitter:card\" content=\"summary_large_image\" \/>\n<meta name=\"twitter:label1\" content=\"Tiempo de lectura\" \/>\n\t<meta name=\"twitter:data1\" content=\"3 minutos\" \/>\n<script type=\"application\/ld+json\" class=\"yoast-schema-graph\">{\"@context\":\"https:\/\/schema.org\",\"@graph\":[{\"@type\":\"WebPage\",\"@id\":\"https:\/\/distribution.audio-technica.eu\/es-es\/productos\/cdd-live8\/\",\"url\":\"https:\/\/distribution.audio-technica.eu\/es-es\/productos\/cdd-live8\/\",\"name\":\"CDD-LIVE 8 - Audio-Technica Iberia\",\"isPartOf\":{\"@id\":\"https:\/\/distribution.audio-technica.eu\/es-es\/#website\"},\"primaryImageOfPage\":{\"@id\":\"https:\/\/distribution.audio-technica.eu\/es-es\/productos\/cdd-live8\/#primaryimage\"},\"image\":{\"@id\":\"https:\/\/distribution.audio-technica.eu\/es-es\/productos\/cdd-live8\/#primaryimage\"},\"thumbnailUrl\":\"\/app\/uploads\/sites\/2\/CDD-LIVE-8.jpg\",\"datePublished\":\"2019-07-08T12:28:29+00:00\",\"dateModified\":\"2026-02-19T13:35:12+00:00\",\"breadcrumb\":{\"@id\":\"https:\/\/distribution.audio-technica.eu\/es-es\/productos\/cdd-live8\/#breadcrumb\"},\"inLanguage\":\"es\",\"potentialAction\":[{\"@type\":\"ReadAction\",\"target\":[\"https:\/\/distribution.audio-technica.eu\/es-es\/productos\/cdd-live8\/\"]}]},{\"@type\":\"ImageObject\",\"inLanguage\":\"es\",\"@id\":\"https:\/\/distribution.audio-technica.eu\/es-es\/productos\/cdd-live8\/#primaryimage\",\"url\":\"\/app\/uploads\/sites\/2\/CDD-LIVE-8.jpg\",\"contentUrl\":\"\/app\/uploads\/sites\/2\/CDD-LIVE-8.jpg\",\"width\":1024,\"height\":1024},{\"@type\":\"BreadcrumbList\",\"@id\":\"https:\/\/distribution.audio-technica.eu\/es-es\/productos\/cdd-live8\/#breadcrumb\",\"itemListElement\":[{\"@type\":\"ListItem\",\"position\":1,\"name\":\"Products\",\"item\":\"https:\/\/distribution.audio-technica.eu\/es-es\/\"},{\"@type\":\"ListItem\",\"position\":2,\"name\":\"Productos\",\"item\":\"https:\/\/distribution.audio-technica.eu\/es-es\/productos\/\"},{\"@type\":\"ListItem\",\"position\":3,\"name\":\"CDD-LIVE 8\"}]},{\"@type\":\"WebSite\",\"@id\":\"https:\/\/distribution.audio-technica.eu\/es-es\/#website\",\"url\":\"https:\/\/distribution.audio-technica.eu\/es-es\/\",\"name\":\"Audio-Technica Iberia\",\"description\":\"Distribuci\u00f3n\",\"potentialAction\":[{\"@type\":\"SearchAction\",\"target\":{\"@type\":\"EntryPoint\",\"urlTemplate\":\"https:\/\/distribution.audio-technica.eu\/es-es\/?s={search_term_string}\"},\"query-input\":{\"@type\":\"PropertyValueSpecification\",\"valueRequired\":true,\"valueName\":\"search_term_string\"}}],\"inLanguage\":\"es\"}]}<\/script>\n<!-- \/ Yoast SEO plugin. -->","yoast_head_json":{"title":"CDD-LIVE 8 - Audio-Technica Iberia","robots":{"index":"index","follow":"follow","max-snippet":"max-snippet:-1","max-image-preview":"max-image-preview:large","max-video-preview":"max-video-preview:-1"},"canonical":"https:\/\/distribution.audio-technica.eu\/es-es\/productos\/cdd-live8\/","og_locale":"es_ES","og_type":"article","og_title":"CDD-LIVE 8 - Audio-Technica Iberia","og_description":"Recinto autoamplificado ultra compacto de 2 v\u00edas con altavox coaxial 8\" de dispersi\u00f3n diferencial   Sistema autoamplificado de 2 v\u00edas, ultra compacto  Tecnolog\u00eda Coaxial Differential Dispersion  Amplificaci\u00f3n clase D y DSP incorporados  Conexi\u00f3n para redes de audio digital Dante  Potencia: 1300W total; 1000W LF, 300W HF","og_url":"https:\/\/distribution.audio-technica.eu\/es-es\/productos\/cdd-live8\/","og_site_name":"Audio-Technica Iberia","article_modified_time":"2026-02-19T13:35:12+00:00","og_image":[{"width":1024,"height":1024,"url":"https:\/\/distribution.audio-technica.eu\/app\/uploads\/sites\/2\/CDD-LIVE-8.jpg","type":"image\/jpeg"}],"twitter_card":"summary_large_image","twitter_misc":{"Tiempo de lectura":"3 minutos"},"schema":{"@context":"https:\/\/schema.org","@graph":[{"@type":"WebPage","@id":"https:\/\/distribution.audio-technica.eu\/es-es\/productos\/cdd-live8\/","url":"https:\/\/distribution.audio-technica.eu\/es-es\/productos\/cdd-live8\/","name":"CDD-LIVE 8 - Audio-Technica Iberia","isPartOf":{"@id":"https:\/\/distribution.audio-technica.eu\/es-es\/#website"},"primaryImageOfPage":{"@id":"https:\/\/distribution.audio-technica.eu\/es-es\/productos\/cdd-live8\/#primaryimage"},"image":{"@id":"https:\/\/distribution.audio-technica.eu\/es-es\/productos\/cdd-live8\/#primaryimage"},"thumbnailUrl":"\/app\/uploads\/sites\/2\/CDD-LIVE-8.jpg","datePublished":"2019-07-08T12:28:29+00:00","dateModified":"2026-02-19T13:35:12+00:00","breadcrumb":{"@id":"https:\/\/distribution.audio-technica.eu\/es-es\/productos\/cdd-live8\/#breadcrumb"},"inLanguage":"es","potentialAction":[{"@type":"ReadAction","target":["https:\/\/distribution.audio-technica.eu\/es-es\/productos\/cdd-live8\/"]}]},{"@type":"ImageObject","inLanguage":"es","@id":"https:\/\/distribution.audio-technica.eu\/es-es\/productos\/cdd-live8\/#primaryimage","url":"\/app\/uploads\/sites\/2\/CDD-LIVE-8.jpg","contentUrl":"\/app\/uploads\/sites\/2\/CDD-LIVE-8.jpg","width":1024,"height":1024},{"@type":"BreadcrumbList","@id":"https:\/\/distribution.audio-technica.eu\/es-es\/productos\/cdd-live8\/#breadcrumb","itemListElement":[{"@type":"ListItem","position":1,"name":"Products","item":"https:\/\/distribution.audio-technica.eu\/es-es\/"},{"@type":"ListItem","position":2,"name":"Productos","item":"https:\/\/distribution.audio-technica.eu\/es-es\/productos\/"},{"@type":"ListItem","position":3,"name":"CDD-LIVE 8"}]},{"@type":"WebSite","@id":"https:\/\/distribution.audio-technica.eu\/es-es\/#website","url":"https:\/\/distribution.audio-technica.eu\/es-es\/","name":"Audio-Technica Iberia","description":"Distribuci\u00f3n","potentialAction":[{"@type":"SearchAction","target":{"@type":"EntryPoint","urlTemplate":"https:\/\/distribution.audio-technica.eu\/es-es\/?s={search_term_string}"},"query-input":{"@type":"PropertyValueSpecification","valueRequired":true,"valueName":"search_term_string"}}],"inLanguage":"es"}]}},"_links":{"self":[{"href":"https:\/\/distribution.audio-technica.eu\/es-es\/wp-json\/wp\/v2\/product\/17693","targetHints":{"allow":["GET"]}}],"collection":[{"href":"https:\/\/distribution.audio-technica.eu\/es-es\/wp-json\/wp\/v2\/product"}],"about":[{"href":"https:\/\/distribution.audio-technica.eu\/es-es\/wp-json\/wp\/v2\/types\/product"}],"wp:featuredmedia":[{"embeddable":true,"href":"https:\/\/distribution.audio-technica.eu\/es-es\/wp-json\/wp\/v2\/media\/17708"}],"wp:attachment":[{"href":"https:\/\/distribution.audio-technica.eu\/es-es\/wp-json\/wp\/v2\/media?parent=17693"}],"wp:term":[{"taxonomy":"product_brand","embeddable":true,"href":"https:\/\/distribution.audio-technica.eu\/es-es\/wp-json\/wp\/v2\/product_brand?post=17693"},{"taxonomy":"product_cat","embeddable":true,"href":"https:\/\/distribution.audio-technica.eu\/es-es\/wp-json\/wp\/v2\/product_cat?post=17693"},{"taxonomy":"product_tag","embeddable":true,"href":"https:\/\/distribution.audio-technica.eu\/es-es\/wp-json\/wp\/v2\/product_tag?post=17693"}],"curies":[{"name":"wp","href":"https:\/\/api.w.org\/{rel}","templated":true}]}}