{"id":17709,"date":"2019-07-08T14:33:36","date_gmt":"2019-07-08T12:33:36","guid":{"rendered":"https:\/\/atdb-production.studiograft.dev\/es\/?post_type=product&#038;p=17709"},"modified":"2026-02-19T14:34:45","modified_gmt":"2026-02-19T13:34:45","slug":"cdd-live-12","status":"publish","type":"product","link":"https:\/\/distribution.audio-technica.eu\/es-es\/productos\/cdd-live-12\/","title":{"rendered":"CDD-LIVE 12"},"content":{"rendered":"<h2>CDD-LIVE 12<\/h2>\n<h3>Recinto autoamplificado ultra compacto de 2 v\u00edas con altavox coaxial 12&#8243; de dispersi\u00f3n diferencial<\/h3>\n<p>El CDD-LIVE 12 es un sistema autoamplificado de alta calidad, dise\u00f1ado para aplicaciones profesionales que requieren elevados niveles de potencia y una calidad de sonido excepcional, con un recinto muy compacto. Con un nivel de salida de pico de 128 dB a 1 metro, es la soluci\u00f3n ideal para multitud de situaciones de sonorizaci\u00f3n, tanto como altavoz aut\u00f3nomo, como en sistemas distribuidos, tales como giras, teatros, sistemas port\u00e1tiles de sonorizaci\u00f3n, salas de conciertos, eventos AV y templos; incluso es posible su uso como monitor de escenario.<\/p>\n<p>Incorporando un transductor coaxial de dispersi\u00f3n diferencial de alta calidad de 12&#8243;(300mm) LF \/ 1&#8243;(25mm) salida HF, proporciona una cobertura m\u00e1s consistente que los sistemas convencionales con patrones de cobertura X\u00b0 x Y\u00b0 fijos, y ofrece una amplia cobertura horizontal de 110\u00b0. La innovadora tecnolog\u00eda CDD tambi\u00e9n consigue una suma de \u2018fuente puntual\u2019 de las secciones LF y HF, eliminando las variaciones fuera del eje en la respuesta en frecuencia, asociadas a los dise\u00f1os con coaxiales.<\/p>\n<p>CDD-LIVE 12 incorpora un amplificador clase D de 2 canales, DSP y conexi\u00f3n para audio digital Dante, simplificando su configuraci\u00f3n y control y eliminando la necesidad de contar con racks de amplificaci\u00f3n. Su amplificador interno proporciona una potencia de pico de 2000W LF + 500W HF, y su fuente de alimentaci\u00f3n conmutada cuenta con selecci\u00f3n autom\u00e1tica de tensi\u00f3n de red para voltajes entre 100 y 240V 50\/60Hz.<\/p>\n<p>Las funciones DSP, que incluyen EQ param\u00e9trica, retardo, enmudecimiento, ganancia y selecci\u00f3n de preset, pueden ser controlados a trav\u00e9s de Ethernet, desde un ordenador PC o tableta Windows a trav\u00e9s del intuitivo y exclusivo software VU-NET.<\/p>\n<p>Para configuraciones sencillas, es posible seleccionar, a trav\u00e9s del panel posterior, diversos presets plug and play, en lugar de utilizar el control desde el ordenador. Como alternativa a sus entradas anal\u00f3gicas, CDD-LIVE12 es compatible con Dante, para permitir la distribuci\u00f3n y control a trav\u00e9s de un \u00fanico cable CAT5, lo que permite mantener la calidad del sonido incluso con tendidos de cable muy largos.<\/p>\n<p>CDD-LIVE12 es una unidad incre\u00edblemente vers\u00e1til. Su recinto multi \u00e1ngulo puede ser utilizado con orientaci\u00f3n vertical u horizontal, siendo posible rotar f\u00e1cilmente el transductor, simplemente retirando la rejilla protectora, que se sujeta sin necesidad de tornillos. Este recinto, preparado para soportar los rigores de las giras, est\u00e1 construido a partir de contrachapado multilaminado de madera y acabado en un resistente revestimiento de poliurea. Tambi\u00e9n dispone de punto de inserci\u00f3n para m\u00e1stiles y m\u00faltiples puntos M8 para la sujeci\u00f3n de soportes de pared, horquillas o soportes universales, con una amplia gama de \u00e1ngulos de inclinaci\u00f3n hacia arriba o hacia abajo.<\/p>\n<p>&nbsp;<\/p>\n<p><strong>Caracter\u00edsticas Principales<\/strong><\/p>\n<ul>\n<li>Compacto sistema autoamplificado de 2 v\u00edas<\/li>\n<li>Tecnolog\u00eda Coaxial Differential Dispersion<\/li>\n<li>Amplificaci\u00f3n clase D y DSP incorporados<\/li>\n<li>Audio digital en red Dante<\/li>\n<li>Funcionamiento global de red con correcci\u00f3n de factor de potencia<\/li>\n<li>Transductor CDD rotable por el usuario<\/li>\n<li>Opciones de montaje vertical y horizontal<\/li>\n<li>Recinto de madera laminada, multi\u00e1ngulo, preparado para giras<\/li>\n<li>Opci\u00f3n de calificaci\u00f3n IP24, gracias a su capota de protecci\u00f3n frente a la lluvia<\/li>\n<li>Amplia gama de accesorios de montaje<\/li>\n<\/ul>\n<p>&nbsp;<\/p>\n<p><strong>Aplicaciones<\/strong><\/p>\n<ul>\n<li>Sonorizaci\u00f3n en directo<\/li>\n<li>Sonido en teatros<\/li>\n<li>Eventos AV corporativos<\/li>\n<li>Instalaciones fijas en salas de conciertos, salas de baile, y templos<\/li>\n<li>Monitor de escenario y infill<\/li>\n<li>Bares y clubs<\/li>\n<\/ul>\n","protected":false},"excerpt":{"rendered":"<h3>Recinto autoamplificado ultra compacto de 2 v\u00edas con altavox coaxial 12&#8243; de dispersi\u00f3n diferencial<\/h3>\n<ul>\n<li>Sistema autoamplificado de 2 v\u00edas, ultra compacto<\/li>\n<li>Tecnolog\u00eda Coaxial Differential Dispersion<\/li>\n<li>Amplificaci\u00f3n clase D y DSP incorporados<\/li>\n<li>Conexi\u00f3n para redes de audio digital Dante<\/li>\n<li>Potencia pico de salida: 2500W total; 2000W LF, 500W HF<\/li>\n<\/ul>\n","protected":false},"featured_media":17704,"template":"","meta":{"_acf_changed":false},"product_brand":[],"product_cat":[2083,2088,2084,2096,2085,2121],"product_tag":[],"class_list":{"0":"post-17709","1":"product","2":"type-product","3":"status-publish","4":"has-post-thumbnail","6":"product_cat-sistemas-sonido-directo","7":"product_cat-autoamplificados-portatiles","8":"product_cat-sistemas-instalacion","9":"product_cat-activos-fuente-puntual","10":"product_cat-por-series-martin-audio","11":"product_cat-serie-cdd-live","12":"product_series-serie-cdd-live","14":"first","15":"instock","16":"shipping-taxable","17":"product-type-simple"},"acf":[],"yoast_head":"<!-- This site is optimized with the Yoast SEO plugin v27.1.1 - https:\/\/yoast.com\/product\/yoast-seo-wordpress\/ -->\n<title>CDD-LIVE 12 - Audio-Technica Iberia<\/title>\n<meta name=\"robots\" content=\"index, follow, max-snippet:-1, max-image-preview:large, max-video-preview:-1\" \/>\n<link rel=\"canonical\" href=\"https:\/\/distribution.audio-technica.eu\/es-es\/productos\/cdd-live-12\/\" \/>\n<meta property=\"og:locale\" content=\"es_ES\" \/>\n<meta property=\"og:type\" content=\"article\" \/>\n<meta property=\"og:title\" content=\"CDD-LIVE 12 - Audio-Technica Iberia\" \/>\n<meta property=\"og:description\" content=\"Recinto autoamplificado ultra compacto de 2 v\u00edas con altavox coaxial 12&quot; de dispersi\u00f3n diferencial   Sistema autoamplificado de 2 v\u00edas, ultra compacto  Tecnolog\u00eda Coaxial Differential Dispersion  Amplificaci\u00f3n clase D y DSP incorporados  Conexi\u00f3n para redes de audio digital Dante  Potencia pico de salida: 2500W total; 2000W LF, 500W HF\" \/>\n<meta property=\"og:url\" content=\"https:\/\/distribution.audio-technica.eu\/es-es\/productos\/cdd-live-12\/\" \/>\n<meta property=\"og:site_name\" content=\"Audio-Technica Iberia\" \/>\n<meta property=\"article:modified_time\" content=\"2026-02-19T13:34:45+00:00\" \/>\n<meta property=\"og:image\" content=\"https:\/\/distribution.audio-technica.eu\/app\/uploads\/sites\/2\/CDD-LIVE-12.jpg\" \/>\n\t<meta property=\"og:image:width\" content=\"1024\" \/>\n\t<meta property=\"og:image:height\" content=\"1024\" \/>\n\t<meta property=\"og:image:type\" content=\"image\/jpeg\" \/>\n<meta name=\"twitter:card\" content=\"summary_large_image\" \/>\n<meta name=\"twitter:label1\" content=\"Tiempo de lectura\" \/>\n\t<meta name=\"twitter:data1\" content=\"3 minutos\" \/>\n<script type=\"application\/ld+json\" class=\"yoast-schema-graph\">{\"@context\":\"https:\/\/schema.org\",\"@graph\":[{\"@type\":\"WebPage\",\"@id\":\"https:\/\/distribution.audio-technica.eu\/es-es\/productos\/cdd-live-12\/\",\"url\":\"https:\/\/distribution.audio-technica.eu\/es-es\/productos\/cdd-live-12\/\",\"name\":\"CDD-LIVE 12 - Audio-Technica Iberia\",\"isPartOf\":{\"@id\":\"https:\/\/distribution.audio-technica.eu\/es-es\/#website\"},\"primaryImageOfPage\":{\"@id\":\"https:\/\/distribution.audio-technica.eu\/es-es\/productos\/cdd-live-12\/#primaryimage\"},\"image\":{\"@id\":\"https:\/\/distribution.audio-technica.eu\/es-es\/productos\/cdd-live-12\/#primaryimage\"},\"thumbnailUrl\":\"\/app\/uploads\/sites\/2\/CDD-LIVE-12.jpg\",\"datePublished\":\"2019-07-08T12:33:36+00:00\",\"dateModified\":\"2026-02-19T13:34:45+00:00\",\"breadcrumb\":{\"@id\":\"https:\/\/distribution.audio-technica.eu\/es-es\/productos\/cdd-live-12\/#breadcrumb\"},\"inLanguage\":\"es\",\"potentialAction\":[{\"@type\":\"ReadAction\",\"target\":[\"https:\/\/distribution.audio-technica.eu\/es-es\/productos\/cdd-live-12\/\"]}]},{\"@type\":\"ImageObject\",\"inLanguage\":\"es\",\"@id\":\"https:\/\/distribution.audio-technica.eu\/es-es\/productos\/cdd-live-12\/#primaryimage\",\"url\":\"\/app\/uploads\/sites\/2\/CDD-LIVE-12.jpg\",\"contentUrl\":\"\/app\/uploads\/sites\/2\/CDD-LIVE-12.jpg\",\"width\":1024,\"height\":1024},{\"@type\":\"BreadcrumbList\",\"@id\":\"https:\/\/distribution.audio-technica.eu\/es-es\/productos\/cdd-live-12\/#breadcrumb\",\"itemListElement\":[{\"@type\":\"ListItem\",\"position\":1,\"name\":\"Products\",\"item\":\"https:\/\/distribution.audio-technica.eu\/es-es\/\"},{\"@type\":\"ListItem\",\"position\":2,\"name\":\"Productos\",\"item\":\"https:\/\/distribution.audio-technica.eu\/es-es\/productos\/\"},{\"@type\":\"ListItem\",\"position\":3,\"name\":\"CDD-LIVE 12\"}]},{\"@type\":\"WebSite\",\"@id\":\"https:\/\/distribution.audio-technica.eu\/es-es\/#website\",\"url\":\"https:\/\/distribution.audio-technica.eu\/es-es\/\",\"name\":\"Audio-Technica Iberia\",\"description\":\"Distribuci\u00f3n\",\"potentialAction\":[{\"@type\":\"SearchAction\",\"target\":{\"@type\":\"EntryPoint\",\"urlTemplate\":\"https:\/\/distribution.audio-technica.eu\/es-es\/?s={search_term_string}\"},\"query-input\":{\"@type\":\"PropertyValueSpecification\",\"valueRequired\":true,\"valueName\":\"search_term_string\"}}],\"inLanguage\":\"es\"}]}<\/script>\n<!-- \/ Yoast SEO plugin. -->","yoast_head_json":{"title":"CDD-LIVE 12 - Audio-Technica Iberia","robots":{"index":"index","follow":"follow","max-snippet":"max-snippet:-1","max-image-preview":"max-image-preview:large","max-video-preview":"max-video-preview:-1"},"canonical":"https:\/\/distribution.audio-technica.eu\/es-es\/productos\/cdd-live-12\/","og_locale":"es_ES","og_type":"article","og_title":"CDD-LIVE 12 - Audio-Technica Iberia","og_description":"Recinto autoamplificado ultra compacto de 2 v\u00edas con altavox coaxial 12\" de dispersi\u00f3n diferencial   Sistema autoamplificado de 2 v\u00edas, ultra compacto  Tecnolog\u00eda Coaxial Differential Dispersion  Amplificaci\u00f3n clase D y DSP incorporados  Conexi\u00f3n para redes de audio digital Dante  Potencia pico de salida: 2500W total; 2000W LF, 500W HF","og_url":"https:\/\/distribution.audio-technica.eu\/es-es\/productos\/cdd-live-12\/","og_site_name":"Audio-Technica Iberia","article_modified_time":"2026-02-19T13:34:45+00:00","og_image":[{"width":1024,"height":1024,"url":"https:\/\/distribution.audio-technica.eu\/app\/uploads\/sites\/2\/CDD-LIVE-12.jpg","type":"image\/jpeg"}],"twitter_card":"summary_large_image","twitter_misc":{"Tiempo de lectura":"3 minutos"},"schema":{"@context":"https:\/\/schema.org","@graph":[{"@type":"WebPage","@id":"https:\/\/distribution.audio-technica.eu\/es-es\/productos\/cdd-live-12\/","url":"https:\/\/distribution.audio-technica.eu\/es-es\/productos\/cdd-live-12\/","name":"CDD-LIVE 12 - Audio-Technica Iberia","isPartOf":{"@id":"https:\/\/distribution.audio-technica.eu\/es-es\/#website"},"primaryImageOfPage":{"@id":"https:\/\/distribution.audio-technica.eu\/es-es\/productos\/cdd-live-12\/#primaryimage"},"image":{"@id":"https:\/\/distribution.audio-technica.eu\/es-es\/productos\/cdd-live-12\/#primaryimage"},"thumbnailUrl":"\/app\/uploads\/sites\/2\/CDD-LIVE-12.jpg","datePublished":"2019-07-08T12:33:36+00:00","dateModified":"2026-02-19T13:34:45+00:00","breadcrumb":{"@id":"https:\/\/distribution.audio-technica.eu\/es-es\/productos\/cdd-live-12\/#breadcrumb"},"inLanguage":"es","potentialAction":[{"@type":"ReadAction","target":["https:\/\/distribution.audio-technica.eu\/es-es\/productos\/cdd-live-12\/"]}]},{"@type":"ImageObject","inLanguage":"es","@id":"https:\/\/distribution.audio-technica.eu\/es-es\/productos\/cdd-live-12\/#primaryimage","url":"\/app\/uploads\/sites\/2\/CDD-LIVE-12.jpg","contentUrl":"\/app\/uploads\/sites\/2\/CDD-LIVE-12.jpg","width":1024,"height":1024},{"@type":"BreadcrumbList","@id":"https:\/\/distribution.audio-technica.eu\/es-es\/productos\/cdd-live-12\/#breadcrumb","itemListElement":[{"@type":"ListItem","position":1,"name":"Products","item":"https:\/\/distribution.audio-technica.eu\/es-es\/"},{"@type":"ListItem","position":2,"name":"Productos","item":"https:\/\/distribution.audio-technica.eu\/es-es\/productos\/"},{"@type":"ListItem","position":3,"name":"CDD-LIVE 12"}]},{"@type":"WebSite","@id":"https:\/\/distribution.audio-technica.eu\/es-es\/#website","url":"https:\/\/distribution.audio-technica.eu\/es-es\/","name":"Audio-Technica Iberia","description":"Distribuci\u00f3n","potentialAction":[{"@type":"SearchAction","target":{"@type":"EntryPoint","urlTemplate":"https:\/\/distribution.audio-technica.eu\/es-es\/?s={search_term_string}"},"query-input":{"@type":"PropertyValueSpecification","valueRequired":true,"valueName":"search_term_string"}}],"inLanguage":"es"}]}},"_links":{"self":[{"href":"https:\/\/distribution.audio-technica.eu\/es-es\/wp-json\/wp\/v2\/product\/17709","targetHints":{"allow":["GET"]}}],"collection":[{"href":"https:\/\/distribution.audio-technica.eu\/es-es\/wp-json\/wp\/v2\/product"}],"about":[{"href":"https:\/\/distribution.audio-technica.eu\/es-es\/wp-json\/wp\/v2\/types\/product"}],"wp:featuredmedia":[{"embeddable":true,"href":"https:\/\/distribution.audio-technica.eu\/es-es\/wp-json\/wp\/v2\/media\/17704"}],"wp:attachment":[{"href":"https:\/\/distribution.audio-technica.eu\/es-es\/wp-json\/wp\/v2\/media?parent=17709"}],"wp:term":[{"taxonomy":"product_brand","embeddable":true,"href":"https:\/\/distribution.audio-technica.eu\/es-es\/wp-json\/wp\/v2\/product_brand?post=17709"},{"taxonomy":"product_cat","embeddable":true,"href":"https:\/\/distribution.audio-technica.eu\/es-es\/wp-json\/wp\/v2\/product_cat?post=17709"},{"taxonomy":"product_tag","embeddable":true,"href":"https:\/\/distribution.audio-technica.eu\/es-es\/wp-json\/wp\/v2\/product_tag?post=17709"}],"curies":[{"name":"wp","href":"https:\/\/api.w.org\/{rel}","templated":true}]}}