{"id":17742,"date":"2019-07-08T16:26:30","date_gmt":"2019-07-08T14:26:30","guid":{"rendered":"https:\/\/atdb-production.studiograft.dev\/es\/?post_type=product&#038;p=17742"},"modified":"2026-02-19T14:35:57","modified_gmt":"2026-02-19T13:35:57","slug":"cdd12","status":"publish","type":"product","link":"https:\/\/distribution.audio-technica.eu\/es-es\/productos\/cdd12\/","title":{"rendered":"CDD12"},"content":{"rendered":"<h2>CDD12<\/h2>\n<h3>Recinto pasivo compacto de 2 v\u00edas, altavoz 12&#8243; coaxial de dispersi\u00f3n diferencial<\/h3>\n<p>El CDD12 es un compacto sistema pasivo de dos v\u00edas, dise\u00f1ado para instalaciones que requieren elevados niveles de sonido. Su transductor coaxial de dispersi\u00f3n diferencial, de alta calidad, de 12&#8243;(300mm) LF \/ 1&#8243;HF proporciona un sonido perfecto con proyecci\u00f3n a distancias medias.<\/p>\n<p>La tecnolog\u00eda coaxial de dispersi\u00f3n diferencial utilizada en el CDD12 proporciona una mejor cobertura que los sistemas que utilizan patrones de cobertura con X\u00b0 x Y\u00b0 fijos, proyectando relativamente m\u00e1s salida en la parte posterior de la audiencia para distribuir el sonido uniformemente de frente hacia atr\u00e1s, mientras ofrece una amplia cobertura horizontal en primer plano. Su innovador transductor CDD consigue una suma de \u2019fuente puntual\u2019 de las secciones LF y HF, eliminando las variaciones fuera del eje en la respuesta en frecuencia en la regi\u00f3n de cruce, asociados a los dise\u00f1os no coaxiales, y manteniendo el patr\u00f3n de dispersi\u00f3n hasta frecuencias muy elevadas.<\/p>\n<p>El transductor LF cuenta con una bobina de 2.5&#8243;(65mm) y un eficiente motor con un anillo demodulador de aluminio que minimiza la distorsi\u00f3n, mientras que el transductor HF utiliza un diafragma de poliamida de 1.75&#8243;(44mm) y cuenta con un corrector de fase de baja compresi\u00f3n para reducir la falta de linealidad.<\/p>\n<p>Este recinto, de aspecto muy distintivo, puede ser utilizado con orientaci\u00f3n vertical u horizontal; el transductor puede ser rotado muy f\u00e1cilmente, simplemente retirando la rejilla protectora, que se sujeta sin necesidad de tornillos. El contorno curvado del recinto CDD12 permite su montaje en superficie cerca de paredes o techos, con la ayuda de soporte suministrado, o colgado del techo gracias a los pernos de argolla, o a la horquilla horizontal opcional.<\/p>\n<p>Acabado en negro (RAL9005) o blanco (RAL9016) como est\u00e1ndar; tambi\u00e9n puede ser suministrado en cualquier otro color RAL, bajo pedido.<\/p>\n<p>Como sistema pasivo de dos v\u00edas de gama completa, el CDD12 puede ser utilizado en combinaci\u00f3n con un controlador compatible, con los ajustes adecuados de limitaci\u00f3n, que proporcionar\u00e1n protecci\u00f3n al sistema. Las funciones de EQ y limitador de un controlador como el DX0.5 o el DX4.0 de Martin Audio, o de un amplificador IKON, har\u00e1n aumentar considerablemente sus posibilidades.<\/p>\n<p>Cuando se utiliza en combinaci\u00f3n con un subgrave CSX, las funciones de crossover y EQ podr\u00e1 ser realizadas por una unidad DX0.5 o DX4.0, o por un amplificador IKON.<\/p>\n<p>&nbsp;<\/p>\n<p><strong>Caracter\u00edsticas Principales<\/strong><\/p>\n<ul>\n<li>Compacto sistema pasivo CDD\u2122 de dos v\u00edas<\/li>\n<li>Tecnolog\u00eda Coaxial Differential Dispersion\u2122<\/li>\n<li>Elegante recinto compuesto UPM Formi<\/li>\n<li>Transductor coaxial rotable por el usuario<\/li>\n<li>Opciones de montaje horizontal y vertical<\/li>\n<li>Rejilla de acero perforado, sin tornillos<\/li>\n<li>Impedancia nominal de 8\u03a9<\/li>\n<li>Discretos accesorios de montaje<\/li>\n<li>Puntos de inserci\u00f3n para pernos de argolla<\/li>\n<li>Acabado en negro o blanco, opcional<\/li>\n<\/ul>\n<p>&nbsp;<\/p>\n<p><strong>Aplicaciones<\/strong><\/p>\n<ul>\n<li>Clubs y bares con m\u00fasica en directo<\/li>\n<li>Clubs nocturnos<\/li>\n<li>Bares y restaurantes<\/li>\n<li>Museos y espacios AV<\/li>\n<li>Centros de convenciones<\/li>\n<li>Hoteles<\/li>\n<li>Tiendas<\/li>\n<li>Centros de ocio<\/li>\n<li>Templos<\/li>\n<\/ul>\n","protected":false},"excerpt":{"rendered":"<h3>Recinto pasivo compacto de 2 v\u00edas, altavoz 12&#8243; coaxial de dispersi\u00f3n diferencial<\/h3>\n<ul>\n<li>Compacto sistema pasivo CDD de dos v\u00edas<\/li>\n<li>Tecnolog\u00eda Coaxial Differential Dispersion<\/li>\n<li>Impedancia nominal de 8\u03a9<\/li>\n<li>Potencia: 300W AES, 1200W pico<\/li>\n<\/ul>\n","protected":false},"featured_media":17734,"template":"","meta":{"_acf_changed":false},"product_brand":[],"product_cat":[2084,2097,2085,2123],"product_tag":[],"class_list":{"0":"post-17742","1":"product","2":"type-product","3":"status-publish","4":"has-post-thumbnail","6":"product_cat-sistemas-instalacion","7":"product_cat-pasivos-fuente-puntual","8":"product_cat-por-series-martin-audio","9":"product_cat-serie-cdd","10":"product_series-serie-cdd","12":"first","13":"instock","14":"shipping-taxable","15":"product-type-simple"},"acf":[],"yoast_head":"<!-- This site is optimized with the Yoast SEO plugin v27.1.1 - https:\/\/yoast.com\/product\/yoast-seo-wordpress\/ -->\n<title>CDD12 - Audio-Technica Iberia<\/title>\n<meta name=\"robots\" content=\"index, follow, max-snippet:-1, max-image-preview:large, max-video-preview:-1\" \/>\n<link rel=\"canonical\" href=\"https:\/\/distribution.audio-technica.eu\/es-es\/productos\/cdd12\/\" \/>\n<meta property=\"og:locale\" content=\"es_ES\" \/>\n<meta property=\"og:type\" content=\"article\" \/>\n<meta property=\"og:title\" content=\"CDD12 - Audio-Technica Iberia\" \/>\n<meta property=\"og:description\" content=\"Recinto pasivo compacto de 2 v\u00edas, altavoz 12&quot; coaxial de dispersi\u00f3n diferencial   Compacto sistema pasivo CDD de dos v\u00edas  Tecnolog\u00eda Coaxial Differential Dispersion  Impedancia nominal de 8\u03a9  Potencia: 300W AES, 1200W pico\" \/>\n<meta property=\"og:url\" content=\"https:\/\/distribution.audio-technica.eu\/es-es\/productos\/cdd12\/\" \/>\n<meta property=\"og:site_name\" content=\"Audio-Technica Iberia\" \/>\n<meta property=\"article:modified_time\" content=\"2026-02-19T13:35:57+00:00\" \/>\n<meta property=\"og:image\" content=\"https:\/\/distribution.audio-technica.eu\/app\/uploads\/sites\/2\/CDD12-white-port.jpg\" \/>\n\t<meta property=\"og:image:width\" content=\"1024\" \/>\n\t<meta property=\"og:image:height\" content=\"1024\" \/>\n\t<meta property=\"og:image:type\" content=\"image\/jpeg\" \/>\n<meta name=\"twitter:card\" content=\"summary_large_image\" \/>\n<meta name=\"twitter:label1\" content=\"Tiempo de lectura\" \/>\n\t<meta name=\"twitter:data1\" content=\"3 minutos\" \/>\n<script type=\"application\/ld+json\" class=\"yoast-schema-graph\">{\"@context\":\"https:\/\/schema.org\",\"@graph\":[{\"@type\":\"WebPage\",\"@id\":\"https:\/\/distribution.audio-technica.eu\/es-es\/productos\/cdd12\/\",\"url\":\"https:\/\/distribution.audio-technica.eu\/es-es\/productos\/cdd12\/\",\"name\":\"CDD12 - Audio-Technica Iberia\",\"isPartOf\":{\"@id\":\"https:\/\/distribution.audio-technica.eu\/es-es\/#website\"},\"primaryImageOfPage\":{\"@id\":\"https:\/\/distribution.audio-technica.eu\/es-es\/productos\/cdd12\/#primaryimage\"},\"image\":{\"@id\":\"https:\/\/distribution.audio-technica.eu\/es-es\/productos\/cdd12\/#primaryimage\"},\"thumbnailUrl\":\"\/app\/uploads\/sites\/2\/CDD12-white-port.jpg\",\"datePublished\":\"2019-07-08T14:26:30+00:00\",\"dateModified\":\"2026-02-19T13:35:57+00:00\",\"breadcrumb\":{\"@id\":\"https:\/\/distribution.audio-technica.eu\/es-es\/productos\/cdd12\/#breadcrumb\"},\"inLanguage\":\"es\",\"potentialAction\":[{\"@type\":\"ReadAction\",\"target\":[\"https:\/\/distribution.audio-technica.eu\/es-es\/productos\/cdd12\/\"]}]},{\"@type\":\"ImageObject\",\"inLanguage\":\"es\",\"@id\":\"https:\/\/distribution.audio-technica.eu\/es-es\/productos\/cdd12\/#primaryimage\",\"url\":\"\/app\/uploads\/sites\/2\/CDD12-white-port.jpg\",\"contentUrl\":\"\/app\/uploads\/sites\/2\/CDD12-white-port.jpg\",\"width\":1024,\"height\":1024},{\"@type\":\"BreadcrumbList\",\"@id\":\"https:\/\/distribution.audio-technica.eu\/es-es\/productos\/cdd12\/#breadcrumb\",\"itemListElement\":[{\"@type\":\"ListItem\",\"position\":1,\"name\":\"Products\",\"item\":\"https:\/\/distribution.audio-technica.eu\/es-es\/\"},{\"@type\":\"ListItem\",\"position\":2,\"name\":\"Productos\",\"item\":\"https:\/\/distribution.audio-technica.eu\/es-es\/productos\/\"},{\"@type\":\"ListItem\",\"position\":3,\"name\":\"CDD12\"}]},{\"@type\":\"WebSite\",\"@id\":\"https:\/\/distribution.audio-technica.eu\/es-es\/#website\",\"url\":\"https:\/\/distribution.audio-technica.eu\/es-es\/\",\"name\":\"Audio-Technica Iberia\",\"description\":\"Distribuci\u00f3n\",\"potentialAction\":[{\"@type\":\"SearchAction\",\"target\":{\"@type\":\"EntryPoint\",\"urlTemplate\":\"https:\/\/distribution.audio-technica.eu\/es-es\/?s={search_term_string}\"},\"query-input\":{\"@type\":\"PropertyValueSpecification\",\"valueRequired\":true,\"valueName\":\"search_term_string\"}}],\"inLanguage\":\"es\"}]}<\/script>\n<!-- \/ Yoast SEO plugin. -->","yoast_head_json":{"title":"CDD12 - Audio-Technica Iberia","robots":{"index":"index","follow":"follow","max-snippet":"max-snippet:-1","max-image-preview":"max-image-preview:large","max-video-preview":"max-video-preview:-1"},"canonical":"https:\/\/distribution.audio-technica.eu\/es-es\/productos\/cdd12\/","og_locale":"es_ES","og_type":"article","og_title":"CDD12 - Audio-Technica Iberia","og_description":"Recinto pasivo compacto de 2 v\u00edas, altavoz 12\" coaxial de dispersi\u00f3n diferencial   Compacto sistema pasivo CDD de dos v\u00edas  Tecnolog\u00eda Coaxial Differential Dispersion  Impedancia nominal de 8\u03a9  Potencia: 300W AES, 1200W pico","og_url":"https:\/\/distribution.audio-technica.eu\/es-es\/productos\/cdd12\/","og_site_name":"Audio-Technica Iberia","article_modified_time":"2026-02-19T13:35:57+00:00","og_image":[{"width":1024,"height":1024,"url":"https:\/\/distribution.audio-technica.eu\/app\/uploads\/sites\/2\/CDD12-white-port.jpg","type":"image\/jpeg"}],"twitter_card":"summary_large_image","twitter_misc":{"Tiempo de lectura":"3 minutos"},"schema":{"@context":"https:\/\/schema.org","@graph":[{"@type":"WebPage","@id":"https:\/\/distribution.audio-technica.eu\/es-es\/productos\/cdd12\/","url":"https:\/\/distribution.audio-technica.eu\/es-es\/productos\/cdd12\/","name":"CDD12 - Audio-Technica Iberia","isPartOf":{"@id":"https:\/\/distribution.audio-technica.eu\/es-es\/#website"},"primaryImageOfPage":{"@id":"https:\/\/distribution.audio-technica.eu\/es-es\/productos\/cdd12\/#primaryimage"},"image":{"@id":"https:\/\/distribution.audio-technica.eu\/es-es\/productos\/cdd12\/#primaryimage"},"thumbnailUrl":"\/app\/uploads\/sites\/2\/CDD12-white-port.jpg","datePublished":"2019-07-08T14:26:30+00:00","dateModified":"2026-02-19T13:35:57+00:00","breadcrumb":{"@id":"https:\/\/distribution.audio-technica.eu\/es-es\/productos\/cdd12\/#breadcrumb"},"inLanguage":"es","potentialAction":[{"@type":"ReadAction","target":["https:\/\/distribution.audio-technica.eu\/es-es\/productos\/cdd12\/"]}]},{"@type":"ImageObject","inLanguage":"es","@id":"https:\/\/distribution.audio-technica.eu\/es-es\/productos\/cdd12\/#primaryimage","url":"\/app\/uploads\/sites\/2\/CDD12-white-port.jpg","contentUrl":"\/app\/uploads\/sites\/2\/CDD12-white-port.jpg","width":1024,"height":1024},{"@type":"BreadcrumbList","@id":"https:\/\/distribution.audio-technica.eu\/es-es\/productos\/cdd12\/#breadcrumb","itemListElement":[{"@type":"ListItem","position":1,"name":"Products","item":"https:\/\/distribution.audio-technica.eu\/es-es\/"},{"@type":"ListItem","position":2,"name":"Productos","item":"https:\/\/distribution.audio-technica.eu\/es-es\/productos\/"},{"@type":"ListItem","position":3,"name":"CDD12"}]},{"@type":"WebSite","@id":"https:\/\/distribution.audio-technica.eu\/es-es\/#website","url":"https:\/\/distribution.audio-technica.eu\/es-es\/","name":"Audio-Technica Iberia","description":"Distribuci\u00f3n","potentialAction":[{"@type":"SearchAction","target":{"@type":"EntryPoint","urlTemplate":"https:\/\/distribution.audio-technica.eu\/es-es\/?s={search_term_string}"},"query-input":{"@type":"PropertyValueSpecification","valueRequired":true,"valueName":"search_term_string"}}],"inLanguage":"es"}]}},"_links":{"self":[{"href":"https:\/\/distribution.audio-technica.eu\/es-es\/wp-json\/wp\/v2\/product\/17742","targetHints":{"allow":["GET"]}}],"collection":[{"href":"https:\/\/distribution.audio-technica.eu\/es-es\/wp-json\/wp\/v2\/product"}],"about":[{"href":"https:\/\/distribution.audio-technica.eu\/es-es\/wp-json\/wp\/v2\/types\/product"}],"wp:featuredmedia":[{"embeddable":true,"href":"https:\/\/distribution.audio-technica.eu\/es-es\/wp-json\/wp\/v2\/media\/17734"}],"wp:attachment":[{"href":"https:\/\/distribution.audio-technica.eu\/es-es\/wp-json\/wp\/v2\/media?parent=17742"}],"wp:term":[{"taxonomy":"product_brand","embeddable":true,"href":"https:\/\/distribution.audio-technica.eu\/es-es\/wp-json\/wp\/v2\/product_brand?post=17742"},{"taxonomy":"product_cat","embeddable":true,"href":"https:\/\/distribution.audio-technica.eu\/es-es\/wp-json\/wp\/v2\/product_cat?post=17742"},{"taxonomy":"product_tag","embeddable":true,"href":"https:\/\/distribution.audio-technica.eu\/es-es\/wp-json\/wp\/v2\/product_tag?post=17742"}],"curies":[{"name":"wp","href":"https:\/\/api.w.org\/{rel}","templated":true}]}}