{"id":17743,"date":"2019-07-08T16:42:28","date_gmt":"2019-07-08T14:42:28","guid":{"rendered":"https:\/\/atdb-production.studiograft.dev\/es\/?post_type=product&#038;p=17743"},"modified":"2026-02-19T14:36:18","modified_gmt":"2026-02-19T13:36:18","slug":"cdd15","status":"publish","type":"product","link":"https:\/\/distribution.audio-technica.eu\/es-es\/productos\/cdd15\/","title":{"rendered":"CDD15"},"content":{"rendered":"<h2>CDD15<\/h2>\n<h3>Recinto pasivo de alta potencia 2 v\u00edas, altavoz 15&#8243; coaxial de dispersi\u00f3n diferencial<\/h3>\n<p>Ideal para recintos de tama\u00f1o medio o grande, el CDD15 es un sistema pasivo de dos v\u00edas, de alta potencia, dise\u00f1ado pata situaciones en las que se precisa de la m\u00e1xima calidad sonora a partir de un recinto. Combina su alta potencia de salida con una fidelidad excepcional y una excelente cobertura. Su transductor coaxial incluye un potente transductor de 15&#8243;(380mm) \/ bobina de 3&#8243;(75mm) y un transductor de compresi\u00f3n de 1.4&#8243;(35mm) de salida HF con un diafragma de titanio puro de 3&#8243;(75mm).<\/p>\n<p>La tecnolog\u00eda coaxial de dispersi\u00f3n diferencial utilizada en el CDD15 proporciona una mejor cobertura que los sistemas que utilizan patrones de cobertura con X\u00b0 x Y\u00b0 fijos, proyectando relativamente m\u00e1s salida en la parte posterior de la audiencia para distribuir el sonido uniformemente de frente hacia atr\u00e1s, mientras ofrece una amplia cobertura horizontal en primer plano. Su innovador transductor CDD consigue una suma de \u2019fuente puntual\u2019 de las secciones LF y HF, eliminando las variaciones fuera del eje en la respuesta en frecuencia en la regi\u00f3n de cruce, asociados a los dise\u00f1os no coaxiales, y manteniendo el patr\u00f3n de dispersi\u00f3n hasta frecuencias muy elevadas.<\/p>\n<p>Este recinto de aspecto distintivo, fabricado con material compuesto, puede ser utilizado tanto con orientaci\u00f3n vertical como horizontal, con posibilidad de rotar el transductor f\u00e1cilmente, simplemente retirando la rejilla protectora, que no utiliza tornillos. El CDD15 puede ser suspendido con la ayuda de pernos de argolla o de un horquilla horizontal opcional.<\/p>\n<p>Acabado en negro (RAL9005) o blanco (RAL9016) como est\u00e1ndar; tambi\u00e9n puede ser suministrado en cualquier otro color RAL, bajo pedido.<\/p>\n<p>Cuando se utiliza en combinaci\u00f3n con un subgrave CSX, las funciones de crossover y EQ pueden ser realizar por las unidades DX0.5 o DX4.0, o por un amplificador iKON.<\/p>\n<p>&nbsp;<\/p>\n<p><strong>Caracter\u00edsticas Principales<\/strong><\/p>\n<ul>\n<li>Sistema pasivo CDD de 2 v\u00edas, de alta potencia<\/li>\n<li>Tecnolog\u00eda Coaxial Differential Dispersion\u2122<\/li>\n<li>Elegante recinto compuesto UPM Formi<\/li>\n<li>Transductor coaxial rotable por el usuario<\/li>\n<li>Opciones de montaje horizontal y vertical<\/li>\n<li>Rejilla de acero perforado, sin tornillos<\/li>\n<li>Impedancia nominal de 8\u03a9<\/li>\n<li>Puntos integrados para suspensi\u00f3n por medio de pernos de argolla<\/li>\n<li>Colores est\u00e1ndar: negro o blanco<\/li>\n<\/ul>\n<p>&nbsp;<\/p>\n<p><strong>Aplicaciones<\/strong><\/p>\n<ul>\n<li>Clubs de m\u00fasica en directo y bares<\/li>\n<li>Clubs nocturnos<\/li>\n<li>Bares y restaurantes<\/li>\n<li>Museos y espacios AV<\/li>\n<li>Centros de convenciones<\/li>\n<li>Hoteles<\/li>\n<li>Tiendas<\/li>\n<li>Centros de ocio<\/li>\n<li>Templos<\/li>\n<\/ul>\n","protected":false},"excerpt":{"rendered":"<h3>Recinto pasivo de alta potencia 2 v\u00edas, altavoz 15&#8243; coaxial de dispersi\u00f3n diferencial<\/h3>\n<ul>\n<li>Sistema pasivo CDD de 2 v\u00edas, de alta potencia<\/li>\n<li>Tecnolog\u00eda Coaxial Differential Dispersion<\/li>\n<li>Impedancia nominal de 8\u03a9<\/li>\n<li>Potencia: 400W AES, 1600W pico<\/li>\n<\/ul>\n","protected":false},"featured_media":17735,"template":"","meta":{"_acf_changed":false},"product_brand":[],"product_cat":[2084,2097,2085,2123],"product_tag":[],"class_list":{"0":"post-17743","1":"product","2":"type-product","3":"status-publish","4":"has-post-thumbnail","6":"product_cat-sistemas-instalacion","7":"product_cat-pasivos-fuente-puntual","8":"product_cat-por-series-martin-audio","9":"product_cat-serie-cdd","10":"product_series-serie-cdd","12":"first","13":"instock","14":"shipping-taxable","15":"product-type-simple"},"acf":[],"yoast_head":"<!-- This site is optimized with the Yoast SEO plugin v27.1.1 - https:\/\/yoast.com\/product\/yoast-seo-wordpress\/ -->\n<title>CDD15 - Audio-Technica Iberia<\/title>\n<meta name=\"robots\" content=\"index, follow, max-snippet:-1, max-image-preview:large, max-video-preview:-1\" \/>\n<link rel=\"canonical\" href=\"https:\/\/distribution.audio-technica.eu\/es-es\/productos\/cdd15\/\" \/>\n<meta property=\"og:locale\" content=\"es_ES\" \/>\n<meta property=\"og:type\" content=\"article\" \/>\n<meta property=\"og:title\" content=\"CDD15 - Audio-Technica Iberia\" \/>\n<meta property=\"og:description\" content=\"Recinto pasivo de alta potencia 2 v\u00edas, altavoz 15&quot; coaxial de dispersi\u00f3n diferencial   Sistema pasivo CDD de 2 v\u00edas, de alta potencia  Tecnolog\u00eda Coaxial Differential Dispersion  Impedancia nominal de 8\u03a9  Potencia: 400W AES, 1600W pico\" \/>\n<meta property=\"og:url\" content=\"https:\/\/distribution.audio-technica.eu\/es-es\/productos\/cdd15\/\" \/>\n<meta property=\"og:site_name\" content=\"Audio-Technica Iberia\" \/>\n<meta property=\"article:modified_time\" content=\"2026-02-19T13:36:18+00:00\" \/>\n<meta property=\"og:image\" content=\"https:\/\/distribution.audio-technica.eu\/app\/uploads\/sites\/2\/CDD15-black-no-grille.jpg\" \/>\n\t<meta property=\"og:image:width\" content=\"1024\" \/>\n\t<meta property=\"og:image:height\" content=\"1024\" \/>\n\t<meta property=\"og:image:type\" content=\"image\/jpeg\" \/>\n<meta name=\"twitter:card\" content=\"summary_large_image\" \/>\n<meta name=\"twitter:label1\" content=\"Tiempo de lectura\" \/>\n\t<meta name=\"twitter:data1\" content=\"2 minutos\" \/>\n<script type=\"application\/ld+json\" class=\"yoast-schema-graph\">{\"@context\":\"https:\/\/schema.org\",\"@graph\":[{\"@type\":\"WebPage\",\"@id\":\"https:\/\/distribution.audio-technica.eu\/es-es\/productos\/cdd15\/\",\"url\":\"https:\/\/distribution.audio-technica.eu\/es-es\/productos\/cdd15\/\",\"name\":\"CDD15 - Audio-Technica Iberia\",\"isPartOf\":{\"@id\":\"https:\/\/distribution.audio-technica.eu\/es-es\/#website\"},\"primaryImageOfPage\":{\"@id\":\"https:\/\/distribution.audio-technica.eu\/es-es\/productos\/cdd15\/#primaryimage\"},\"image\":{\"@id\":\"https:\/\/distribution.audio-technica.eu\/es-es\/productos\/cdd15\/#primaryimage\"},\"thumbnailUrl\":\"\/app\/uploads\/sites\/2\/CDD15-black-no-grille.jpg\",\"datePublished\":\"2019-07-08T14:42:28+00:00\",\"dateModified\":\"2026-02-19T13:36:18+00:00\",\"breadcrumb\":{\"@id\":\"https:\/\/distribution.audio-technica.eu\/es-es\/productos\/cdd15\/#breadcrumb\"},\"inLanguage\":\"es\",\"potentialAction\":[{\"@type\":\"ReadAction\",\"target\":[\"https:\/\/distribution.audio-technica.eu\/es-es\/productos\/cdd15\/\"]}]},{\"@type\":\"ImageObject\",\"inLanguage\":\"es\",\"@id\":\"https:\/\/distribution.audio-technica.eu\/es-es\/productos\/cdd15\/#primaryimage\",\"url\":\"\/app\/uploads\/sites\/2\/CDD15-black-no-grille.jpg\",\"contentUrl\":\"\/app\/uploads\/sites\/2\/CDD15-black-no-grille.jpg\",\"width\":1024,\"height\":1024},{\"@type\":\"BreadcrumbList\",\"@id\":\"https:\/\/distribution.audio-technica.eu\/es-es\/productos\/cdd15\/#breadcrumb\",\"itemListElement\":[{\"@type\":\"ListItem\",\"position\":1,\"name\":\"Products\",\"item\":\"https:\/\/distribution.audio-technica.eu\/es-es\/\"},{\"@type\":\"ListItem\",\"position\":2,\"name\":\"Productos\",\"item\":\"https:\/\/distribution.audio-technica.eu\/es-es\/productos\/\"},{\"@type\":\"ListItem\",\"position\":3,\"name\":\"CDD15\"}]},{\"@type\":\"WebSite\",\"@id\":\"https:\/\/distribution.audio-technica.eu\/es-es\/#website\",\"url\":\"https:\/\/distribution.audio-technica.eu\/es-es\/\",\"name\":\"Audio-Technica Iberia\",\"description\":\"Distribuci\u00f3n\",\"potentialAction\":[{\"@type\":\"SearchAction\",\"target\":{\"@type\":\"EntryPoint\",\"urlTemplate\":\"https:\/\/distribution.audio-technica.eu\/es-es\/?s={search_term_string}\"},\"query-input\":{\"@type\":\"PropertyValueSpecification\",\"valueRequired\":true,\"valueName\":\"search_term_string\"}}],\"inLanguage\":\"es\"}]}<\/script>\n<!-- \/ Yoast SEO plugin. -->","yoast_head_json":{"title":"CDD15 - Audio-Technica Iberia","robots":{"index":"index","follow":"follow","max-snippet":"max-snippet:-1","max-image-preview":"max-image-preview:large","max-video-preview":"max-video-preview:-1"},"canonical":"https:\/\/distribution.audio-technica.eu\/es-es\/productos\/cdd15\/","og_locale":"es_ES","og_type":"article","og_title":"CDD15 - Audio-Technica Iberia","og_description":"Recinto pasivo de alta potencia 2 v\u00edas, altavoz 15\" coaxial de dispersi\u00f3n diferencial   Sistema pasivo CDD de 2 v\u00edas, de alta potencia  Tecnolog\u00eda Coaxial Differential Dispersion  Impedancia nominal de 8\u03a9  Potencia: 400W AES, 1600W pico","og_url":"https:\/\/distribution.audio-technica.eu\/es-es\/productos\/cdd15\/","og_site_name":"Audio-Technica Iberia","article_modified_time":"2026-02-19T13:36:18+00:00","og_image":[{"width":1024,"height":1024,"url":"https:\/\/distribution.audio-technica.eu\/app\/uploads\/sites\/2\/CDD15-black-no-grille.jpg","type":"image\/jpeg"}],"twitter_card":"summary_large_image","twitter_misc":{"Tiempo de lectura":"2 minutos"},"schema":{"@context":"https:\/\/schema.org","@graph":[{"@type":"WebPage","@id":"https:\/\/distribution.audio-technica.eu\/es-es\/productos\/cdd15\/","url":"https:\/\/distribution.audio-technica.eu\/es-es\/productos\/cdd15\/","name":"CDD15 - Audio-Technica Iberia","isPartOf":{"@id":"https:\/\/distribution.audio-technica.eu\/es-es\/#website"},"primaryImageOfPage":{"@id":"https:\/\/distribution.audio-technica.eu\/es-es\/productos\/cdd15\/#primaryimage"},"image":{"@id":"https:\/\/distribution.audio-technica.eu\/es-es\/productos\/cdd15\/#primaryimage"},"thumbnailUrl":"\/app\/uploads\/sites\/2\/CDD15-black-no-grille.jpg","datePublished":"2019-07-08T14:42:28+00:00","dateModified":"2026-02-19T13:36:18+00:00","breadcrumb":{"@id":"https:\/\/distribution.audio-technica.eu\/es-es\/productos\/cdd15\/#breadcrumb"},"inLanguage":"es","potentialAction":[{"@type":"ReadAction","target":["https:\/\/distribution.audio-technica.eu\/es-es\/productos\/cdd15\/"]}]},{"@type":"ImageObject","inLanguage":"es","@id":"https:\/\/distribution.audio-technica.eu\/es-es\/productos\/cdd15\/#primaryimage","url":"\/app\/uploads\/sites\/2\/CDD15-black-no-grille.jpg","contentUrl":"\/app\/uploads\/sites\/2\/CDD15-black-no-grille.jpg","width":1024,"height":1024},{"@type":"BreadcrumbList","@id":"https:\/\/distribution.audio-technica.eu\/es-es\/productos\/cdd15\/#breadcrumb","itemListElement":[{"@type":"ListItem","position":1,"name":"Products","item":"https:\/\/distribution.audio-technica.eu\/es-es\/"},{"@type":"ListItem","position":2,"name":"Productos","item":"https:\/\/distribution.audio-technica.eu\/es-es\/productos\/"},{"@type":"ListItem","position":3,"name":"CDD15"}]},{"@type":"WebSite","@id":"https:\/\/distribution.audio-technica.eu\/es-es\/#website","url":"https:\/\/distribution.audio-technica.eu\/es-es\/","name":"Audio-Technica Iberia","description":"Distribuci\u00f3n","potentialAction":[{"@type":"SearchAction","target":{"@type":"EntryPoint","urlTemplate":"https:\/\/distribution.audio-technica.eu\/es-es\/?s={search_term_string}"},"query-input":{"@type":"PropertyValueSpecification","valueRequired":true,"valueName":"search_term_string"}}],"inLanguage":"es"}]}},"_links":{"self":[{"href":"https:\/\/distribution.audio-technica.eu\/es-es\/wp-json\/wp\/v2\/product\/17743","targetHints":{"allow":["GET"]}}],"collection":[{"href":"https:\/\/distribution.audio-technica.eu\/es-es\/wp-json\/wp\/v2\/product"}],"about":[{"href":"https:\/\/distribution.audio-technica.eu\/es-es\/wp-json\/wp\/v2\/types\/product"}],"wp:featuredmedia":[{"embeddable":true,"href":"https:\/\/distribution.audio-technica.eu\/es-es\/wp-json\/wp\/v2\/media\/17735"}],"wp:attachment":[{"href":"https:\/\/distribution.audio-technica.eu\/es-es\/wp-json\/wp\/v2\/media?parent=17743"}],"wp:term":[{"taxonomy":"product_brand","embeddable":true,"href":"https:\/\/distribution.audio-technica.eu\/es-es\/wp-json\/wp\/v2\/product_brand?post=17743"},{"taxonomy":"product_cat","embeddable":true,"href":"https:\/\/distribution.audio-technica.eu\/es-es\/wp-json\/wp\/v2\/product_cat?post=17743"},{"taxonomy":"product_tag","embeddable":true,"href":"https:\/\/distribution.audio-technica.eu\/es-es\/wp-json\/wp\/v2\/product_tag?post=17743"}],"curies":[{"name":"wp","href":"https:\/\/api.w.org\/{rel}","templated":true}]}}