{"id":17750,"date":"2019-07-08T17:32:17","date_gmt":"2019-07-08T15:32:17","guid":{"rendered":"https:\/\/atdb-production.studiograft.dev\/es\/?post_type=product&#038;p=17750"},"modified":"2026-02-19T14:36:32","modified_gmt":"2026-02-19T13:36:32","slug":"cdd15-wr","status":"publish","type":"product","link":"https:\/\/distribution.audio-technica.eu\/es-es\/productos\/cdd15-wr\/","title":{"rendered":"CDD15-WR"},"content":{"rendered":"<h2>CDD15-WR<\/h2>\n<h3>Recinto pasivo de alta potencia 2 v\u00edas, altavoz 15&#8243; coaxial de dispersi\u00f3n diferencial, intemperie<\/h3>\n<p>El CDD15-WR es un altavoz de dos v\u00edas pasivo, para exteriores, dise\u00f1ado para instalaciones que demandan la m\u00e1xima calidad de sonido desde un \u00fanico recinto preparado para soportar las inclemencias del tiempo, manteni\u00e9ndolo protegido de la exposici\u00f3n directa a los elementos.<\/p>\n<p>Utiliza un transductor coaxial de dispersi\u00f3n diferencial de 15&#8243;(380mm) LF \/ 1.4&#8243;(36mm) HF. Incluye una rejilla resistente al agua y a las part\u00edculas, construida de acero recubierto de cinc, y acabada con pintura electroest\u00e1tica; es capaz de trabajar en entornos con temperaturas de entre -20\u00b0C y +70\u00b0C y ha sido comprobado para cumplir con la clasificaci\u00f3n IP54.<\/p>\n<p>La tecnolog\u00eda coaxial de dispersi\u00f3n diferencial utilizada en el CDD15-WR proporciona una mejor cobertura que los sistemas que utilizan patrones de cobertura con X\u00b0 x Y\u00b0 fijos, proyectando relativamente m\u00e1s salida en la parte posterior de la audiencia para distribuir el sonido uniformemente de frente hacia atr\u00e1s, mientras ofrece una amplia cobertura horizontal en primer plano. Su innovador transductor CDD consigue una suma de \u2019fuente puntual\u2019 de las secciones LF y HF, eliminando las variaciones fuera del eje en la respuesta en frecuencia en la regi\u00f3n de cruce, asociados a los dise\u00f1os no coaxiales, y manteniendo el patr\u00f3n de dispersi\u00f3n hasta frecuencias muy elevadas.<\/p>\n<p>Este recinto, de aspecto muy distintivo, puede ser utilizado con orientaci\u00f3n vertical u horizontal; el transductor puede ser rotado muy f\u00e1cilmente, simplemente retirando la rejilla protectora, que se sujeta sin necesidad de tornillos. El CDD15-WR puede ser suspendido con la ayuda pernos de argolla, o de la horquilla horizontal opcional.<\/p>\n<p>Acabado en negro (RAL9005) o blanco (RAL9016) como est\u00e1ndar; tambi\u00e9n puede ser suministrado en cualquier otro color RAL, bajo pedido.<\/p>\n<p>Cuando se utiliza en combinaci\u00f3n con un subgrave CSX, las funciones de crossover y EQ podr\u00e1 ser realizadas por una unidad DX0.5 o DX4.0, o por un amplificador IKON.<\/p>\n<p>&nbsp;<\/p>\n<p><strong>Caracter\u00edsticas Principales<\/strong><\/p>\n<ul>\n<li>Compacto sistema pasivo CDD, de 2 v\u00edas<\/li>\n<li>Tecnolog\u00eda Coaxial Differential Dispersion<\/li>\n<li>Elegante recinto compuesto UPM Formi<\/li>\n<li>Funcionamiento en exteriores cuando est\u00e1 protegido de la exposici\u00f3n directa a los elementos<\/li>\n<li>Temperatura operativa de -20\u00b0C a +70\u00b0C<\/li>\n<li>Comprobado medioambientalmente para cumplir con la clasificaci\u00f3n IP54<\/li>\n<li>Transductor coaxial rotable por el usuario<\/li>\n<li>Opciones de montaje vertical y horizontal<\/li>\n<li>Rejilla resistente a las part\u00edculas y al agua, sin tornillos<\/li>\n<li>Impedancia nominal de 8\u03a9<\/li>\n<li>Puntos integrados para sus suspensi\u00f3n por medio de pernos de argolla<\/li>\n<li>Acabado est\u00e1ndar en negro o blanco, opcional<\/li>\n<\/ul>\n<p>&nbsp;<\/p>\n<p><strong>Aplicaciones<\/strong><\/p>\n<ul>\n<li>Restaurantes en el exterior<\/li>\n<li>Bares<\/li>\n<li>\u00c1reas hoteleras<\/li>\n<li>Sistemas de campo cercano en exteriores<\/li>\n<li>Centros de transporte<\/li>\n<li>Concursos y parques tem\u00e1ticos<\/li>\n<\/ul>\n","protected":false},"excerpt":{"rendered":"<h3>Recinto pasivo de alta potencia 2 v\u00edas, altavoz 15&#8243; coaxial de dispersi\u00f3n diferencial, intemperie<\/h3>\n<ul>\n<li>Compacto sistema pasivo CDD, de 2 v\u00edas<\/li>\n<li>Tecnolog\u00eda Coaxial Differential Dispersion<\/li>\n<li>Impedancia nominal de 8\u03a9<\/li>\n<li>Potencia: 400W AES, 1600W pico<\/li>\n<li>Comprobado medioambientalmente para cumplir con la clasificaci\u00f3n P54<\/li>\n<\/ul>\n","protected":false},"featured_media":17736,"template":"","meta":{"_acf_changed":false},"product_brand":[],"product_cat":[2084,2098,2085,2122],"product_tag":[],"class_list":{"0":"post-17750","1":"product","2":"type-product","3":"status-publish","4":"has-post-thumbnail","6":"product_cat-sistemas-instalacion","7":"product_cat-intemperie","8":"product_cat-por-series-martin-audio","9":"product_cat-serie-cdd-wr","10":"product_series-serie-cdd-wr","12":"first","13":"instock","14":"shipping-taxable","15":"product-type-simple"},"acf":[],"yoast_head":"<!-- This site is optimized with the Yoast SEO plugin v27.1.1 - https:\/\/yoast.com\/product\/yoast-seo-wordpress\/ -->\n<title>CDD15-WR - Audio-Technica Iberia<\/title>\n<meta name=\"robots\" content=\"index, follow, max-snippet:-1, max-image-preview:large, max-video-preview:-1\" \/>\n<link rel=\"canonical\" href=\"https:\/\/distribution.audio-technica.eu\/es-es\/productos\/cdd15-wr\/\" \/>\n<meta property=\"og:locale\" content=\"es_ES\" \/>\n<meta property=\"og:type\" content=\"article\" \/>\n<meta property=\"og:title\" content=\"CDD15-WR - Audio-Technica Iberia\" \/>\n<meta property=\"og:description\" content=\"Recinto pasivo de alta potencia 2 v\u00edas, altavoz 15&quot; coaxial de dispersi\u00f3n diferencial, intemperie   Compacto sistema pasivo CDD, de 2 v\u00edas  Tecnolog\u00eda Coaxial Differential Dispersion  Impedancia nominal de 8\u03a9  Potencia: 400W AES, 1600W pico  Comprobado medioambientalmente para cumplir con la clasificaci\u00f3n P54\" \/>\n<meta property=\"og:url\" content=\"https:\/\/distribution.audio-technica.eu\/es-es\/productos\/cdd15-wr\/\" \/>\n<meta property=\"og:site_name\" content=\"Audio-Technica Iberia\" \/>\n<meta property=\"article:modified_time\" content=\"2026-02-19T13:36:32+00:00\" \/>\n<meta property=\"og:image\" content=\"https:\/\/distribution.audio-technica.eu\/app\/uploads\/sites\/2\/CDD15-black-port.jpg\" \/>\n\t<meta property=\"og:image:width\" content=\"1024\" \/>\n\t<meta property=\"og:image:height\" content=\"1024\" \/>\n\t<meta property=\"og:image:type\" content=\"image\/jpeg\" \/>\n<meta name=\"twitter:card\" content=\"summary_large_image\" \/>\n<meta name=\"twitter:label1\" content=\"Tiempo de lectura\" \/>\n\t<meta name=\"twitter:data1\" content=\"3 minutos\" \/>\n<script type=\"application\/ld+json\" class=\"yoast-schema-graph\">{\"@context\":\"https:\/\/schema.org\",\"@graph\":[{\"@type\":\"WebPage\",\"@id\":\"https:\/\/distribution.audio-technica.eu\/es-es\/productos\/cdd15-wr\/\",\"url\":\"https:\/\/distribution.audio-technica.eu\/es-es\/productos\/cdd15-wr\/\",\"name\":\"CDD15-WR - Audio-Technica Iberia\",\"isPartOf\":{\"@id\":\"https:\/\/distribution.audio-technica.eu\/es-es\/#website\"},\"primaryImageOfPage\":{\"@id\":\"https:\/\/distribution.audio-technica.eu\/es-es\/productos\/cdd15-wr\/#primaryimage\"},\"image\":{\"@id\":\"https:\/\/distribution.audio-technica.eu\/es-es\/productos\/cdd15-wr\/#primaryimage\"},\"thumbnailUrl\":\"\/app\/uploads\/sites\/2\/CDD15-black-port.jpg\",\"datePublished\":\"2019-07-08T15:32:17+00:00\",\"dateModified\":\"2026-02-19T13:36:32+00:00\",\"breadcrumb\":{\"@id\":\"https:\/\/distribution.audio-technica.eu\/es-es\/productos\/cdd15-wr\/#breadcrumb\"},\"inLanguage\":\"es\",\"potentialAction\":[{\"@type\":\"ReadAction\",\"target\":[\"https:\/\/distribution.audio-technica.eu\/es-es\/productos\/cdd15-wr\/\"]}]},{\"@type\":\"ImageObject\",\"inLanguage\":\"es\",\"@id\":\"https:\/\/distribution.audio-technica.eu\/es-es\/productos\/cdd15-wr\/#primaryimage\",\"url\":\"\/app\/uploads\/sites\/2\/CDD15-black-port.jpg\",\"contentUrl\":\"\/app\/uploads\/sites\/2\/CDD15-black-port.jpg\",\"width\":1024,\"height\":1024},{\"@type\":\"BreadcrumbList\",\"@id\":\"https:\/\/distribution.audio-technica.eu\/es-es\/productos\/cdd15-wr\/#breadcrumb\",\"itemListElement\":[{\"@type\":\"ListItem\",\"position\":1,\"name\":\"Products\",\"item\":\"https:\/\/distribution.audio-technica.eu\/es-es\/\"},{\"@type\":\"ListItem\",\"position\":2,\"name\":\"Productos\",\"item\":\"https:\/\/distribution.audio-technica.eu\/es-es\/productos\/\"},{\"@type\":\"ListItem\",\"position\":3,\"name\":\"CDD15-WR\"}]},{\"@type\":\"WebSite\",\"@id\":\"https:\/\/distribution.audio-technica.eu\/es-es\/#website\",\"url\":\"https:\/\/distribution.audio-technica.eu\/es-es\/\",\"name\":\"Audio-Technica Iberia\",\"description\":\"Distribuci\u00f3n\",\"potentialAction\":[{\"@type\":\"SearchAction\",\"target\":{\"@type\":\"EntryPoint\",\"urlTemplate\":\"https:\/\/distribution.audio-technica.eu\/es-es\/?s={search_term_string}\"},\"query-input\":{\"@type\":\"PropertyValueSpecification\",\"valueRequired\":true,\"valueName\":\"search_term_string\"}}],\"inLanguage\":\"es\"}]}<\/script>\n<!-- \/ Yoast SEO plugin. -->","yoast_head_json":{"title":"CDD15-WR - Audio-Technica Iberia","robots":{"index":"index","follow":"follow","max-snippet":"max-snippet:-1","max-image-preview":"max-image-preview:large","max-video-preview":"max-video-preview:-1"},"canonical":"https:\/\/distribution.audio-technica.eu\/es-es\/productos\/cdd15-wr\/","og_locale":"es_ES","og_type":"article","og_title":"CDD15-WR - Audio-Technica Iberia","og_description":"Recinto pasivo de alta potencia 2 v\u00edas, altavoz 15\" coaxial de dispersi\u00f3n diferencial, intemperie   Compacto sistema pasivo CDD, de 2 v\u00edas  Tecnolog\u00eda Coaxial Differential Dispersion  Impedancia nominal de 8\u03a9  Potencia: 400W AES, 1600W pico  Comprobado medioambientalmente para cumplir con la clasificaci\u00f3n P54","og_url":"https:\/\/distribution.audio-technica.eu\/es-es\/productos\/cdd15-wr\/","og_site_name":"Audio-Technica Iberia","article_modified_time":"2026-02-19T13:36:32+00:00","og_image":[{"width":1024,"height":1024,"url":"https:\/\/distribution.audio-technica.eu\/app\/uploads\/sites\/2\/CDD15-black-port.jpg","type":"image\/jpeg"}],"twitter_card":"summary_large_image","twitter_misc":{"Tiempo de lectura":"3 minutos"},"schema":{"@context":"https:\/\/schema.org","@graph":[{"@type":"WebPage","@id":"https:\/\/distribution.audio-technica.eu\/es-es\/productos\/cdd15-wr\/","url":"https:\/\/distribution.audio-technica.eu\/es-es\/productos\/cdd15-wr\/","name":"CDD15-WR - Audio-Technica Iberia","isPartOf":{"@id":"https:\/\/distribution.audio-technica.eu\/es-es\/#website"},"primaryImageOfPage":{"@id":"https:\/\/distribution.audio-technica.eu\/es-es\/productos\/cdd15-wr\/#primaryimage"},"image":{"@id":"https:\/\/distribution.audio-technica.eu\/es-es\/productos\/cdd15-wr\/#primaryimage"},"thumbnailUrl":"\/app\/uploads\/sites\/2\/CDD15-black-port.jpg","datePublished":"2019-07-08T15:32:17+00:00","dateModified":"2026-02-19T13:36:32+00:00","breadcrumb":{"@id":"https:\/\/distribution.audio-technica.eu\/es-es\/productos\/cdd15-wr\/#breadcrumb"},"inLanguage":"es","potentialAction":[{"@type":"ReadAction","target":["https:\/\/distribution.audio-technica.eu\/es-es\/productos\/cdd15-wr\/"]}]},{"@type":"ImageObject","inLanguage":"es","@id":"https:\/\/distribution.audio-technica.eu\/es-es\/productos\/cdd15-wr\/#primaryimage","url":"\/app\/uploads\/sites\/2\/CDD15-black-port.jpg","contentUrl":"\/app\/uploads\/sites\/2\/CDD15-black-port.jpg","width":1024,"height":1024},{"@type":"BreadcrumbList","@id":"https:\/\/distribution.audio-technica.eu\/es-es\/productos\/cdd15-wr\/#breadcrumb","itemListElement":[{"@type":"ListItem","position":1,"name":"Products","item":"https:\/\/distribution.audio-technica.eu\/es-es\/"},{"@type":"ListItem","position":2,"name":"Productos","item":"https:\/\/distribution.audio-technica.eu\/es-es\/productos\/"},{"@type":"ListItem","position":3,"name":"CDD15-WR"}]},{"@type":"WebSite","@id":"https:\/\/distribution.audio-technica.eu\/es-es\/#website","url":"https:\/\/distribution.audio-technica.eu\/es-es\/","name":"Audio-Technica Iberia","description":"Distribuci\u00f3n","potentialAction":[{"@type":"SearchAction","target":{"@type":"EntryPoint","urlTemplate":"https:\/\/distribution.audio-technica.eu\/es-es\/?s={search_term_string}"},"query-input":{"@type":"PropertyValueSpecification","valueRequired":true,"valueName":"search_term_string"}}],"inLanguage":"es"}]}},"_links":{"self":[{"href":"https:\/\/distribution.audio-technica.eu\/es-es\/wp-json\/wp\/v2\/product\/17750","targetHints":{"allow":["GET"]}}],"collection":[{"href":"https:\/\/distribution.audio-technica.eu\/es-es\/wp-json\/wp\/v2\/product"}],"about":[{"href":"https:\/\/distribution.audio-technica.eu\/es-es\/wp-json\/wp\/v2\/types\/product"}],"wp:featuredmedia":[{"embeddable":true,"href":"https:\/\/distribution.audio-technica.eu\/es-es\/wp-json\/wp\/v2\/media\/17736"}],"wp:attachment":[{"href":"https:\/\/distribution.audio-technica.eu\/es-es\/wp-json\/wp\/v2\/media?parent=17750"}],"wp:term":[{"taxonomy":"product_brand","embeddable":true,"href":"https:\/\/distribution.audio-technica.eu\/es-es\/wp-json\/wp\/v2\/product_brand?post=17750"},{"taxonomy":"product_cat","embeddable":true,"href":"https:\/\/distribution.audio-technica.eu\/es-es\/wp-json\/wp\/v2\/product_cat?post=17750"},{"taxonomy":"product_tag","embeddable":true,"href":"https:\/\/distribution.audio-technica.eu\/es-es\/wp-json\/wp\/v2\/product_tag?post=17750"}],"curies":[{"name":"wp","href":"https:\/\/api.w.org\/{rel}","templated":true}]}}