{"id":17752,"date":"2019-07-08T17:58:50","date_gmt":"2019-07-08T15:58:50","guid":{"rendered":"https:\/\/atdb-production.studiograft.dev\/es\/?post_type=product&#038;p=17752"},"modified":"2026-03-03T15:46:47","modified_gmt":"2026-03-03T14:46:47","slug":"wpm","status":"publish","type":"product","link":"https:\/\/distribution.audio-technica.eu\/es-es\/productos\/wpm\/","title":{"rendered":"WPM"},"content":{"rendered":"<h2>WPM<\/h2>\n<h3>Elemento line array pasivo de dos v\u00edas<\/h3>\n<p>La resoluci\u00f3n escalable del WPM ofrece una consistencia y un control de cobertura muy superiores en comparaci\u00f3n con un line array convencional, proporcionando adem\u00e1s una v\u00eda flexible hacia la optimizaci\u00f3n avanzada de arrays.<\/p>\n<p>El WPM es extraordinariamente vers\u00e1til. Su tama\u00f1o ultracompacto y su peso reducido lo convierten en la elecci\u00f3n ideal para recintos de menor aforo que requieren una fidelidad excepcional, uniformidad de cobertura y control preciso desde un sistema line array de dimensiones m\u00ednimas. Con un SPL m\u00e1ximo de 130 dB pico, tambi\u00e9n es sorprendentemente potente: un array de 12 recintos puede proyectar m\u00e1s all\u00e1 de 35 metros y ofrecer m\u00fasica en directo a niveles elevados en espacios de hasta 3.000 localidades.<\/p>\n<p>Integra la tecnolog\u00eda ac\u00fastica m\u00e1s avanzada en un recinto ultracompacto y constituye la soluci\u00f3n id\u00f3nea para teatros de peque\u00f1o y mediano formato, salas de conciertos, eventos audiovisuales e instalaciones en auditorios, salones de actos y templos religiosos.<\/p>\n<p>Se trata de un sistema pasivo de 2 v\u00edas con una impedancia de 16 ohmios, que puede configurarse en bloques de resoluci\u00f3n de 1, 2, 3 o 4 recintos. Incorpora 2 x 6,5\u201d (165 mm) de bajas frecuencias y una columna vertical de 3 x 1,4\u201d (35 mm) con c\u00fapula de aluminio para altas frecuencias.<\/p>\n<p>El dise\u00f1o ac\u00fastico del WPM es singularmente innovador. Los transductores de graves est\u00e1n situados en las paredes laterales de la bocina de agudos, una disposici\u00f3n que, con altavoces convencionales, generar\u00eda cavidades ac\u00fasticas que degradar\u00edan la dispersi\u00f3n horizontal. Para resolverlo, los transductores del WPM emplean diafragmas macizos moldeados que siguen el contorno de las paredes de la bocina, manteniendo la continuidad del perfil ac\u00fastico.<\/p>\n<p>Cada transductor de graves incorpora adem\u00e1s un anillo de desmodulaci\u00f3n en el sistema magn\u00e9tico de neodimio para minimizar la distorsi\u00f3n y maximizar el rendimiento en la banda media.<\/p>\n<p>En la secci\u00f3n de agudos de triple transductor, cada frente de onda HF se acopla con precisi\u00f3n a la garganta de la bocina mediante una gu\u00eda de ondas corta, garantizando una cobertura horizontal de 100\u00b0 de directividad constante impecable.<\/p>\n<p>Los recintos Wavefront Precision cuentan con grado de protecci\u00f3n IP54 e incorporan mejoras en los m\u00e9todos constructivos, pintura y elementos met\u00e1licos para incrementar su durabilidad. Asimismo, integran un indicador LED que puede activarse mediante el software VU-NET para identificar la ubicaci\u00f3n de cada recinto dentro del sistema.<\/p>\n<p>Algunas de las ventajas que ofrece el sistema son:<\/p>\n<ul>\n<li>Se consigue de forma inmediata una cobertura consistente<\/li>\n<li>El software inteligente DISPLAY reduce el tiempo de configuraci\u00f3n y elimina los procesos prueba &#8211; error.<\/li>\n<li>Mejora la cobertura de la audiencia, al tiempo que reduce las fugas de sonido<\/li>\n<\/ul>\n<p>&nbsp;<\/p>\n<p><strong>Caracter\u00edsticas Principales<\/strong><\/p>\n<ul>\n<li>Line array ultra compacto<\/li>\n<li>Resoluci\u00f3n escalable para permitir un avanzado control del array<\/li>\n<li>Amplificaci\u00f3n externa especializada, multi canal, clase D<\/li>\n<li>Avanzado software DISPLAY que interact\u00faa con el DSP para conseguir resultados mucho m\u00e1s precisos<\/li>\n<li>Sistema integral de volado de 3 puntos, de r\u00e1pido montaje, para hasta 16 recintos<\/li>\n<li>Asas laterales y posteriores para facilitar su manejo y establecer \u00e1ngulos de separaci\u00f3n<\/li>\n<li>Control del patr\u00f3n de directividad constante horizontal 100\u00b0<\/li>\n<\/ul>\n<p>&nbsp;<\/p>\n<p><strong>Aplicaciones<\/strong><\/p>\n<ul>\n<li>Sonorizaci\u00f3n en giras para recintos de tama\u00f1o medio o peque\u00f1o<\/li>\n<li>Instalaciones fijas en salas de conciertos, teatros, salas de baile y templos<\/li>\n<li>Estadios deportivos y eventos AV corporativos<\/li>\n<\/ul>\n","protected":false},"excerpt":{"rendered":"<h3>Elemento line array pasivo de dos v\u00edas<\/h3>\n<ul>\n<li>Line array ultra compacto<\/li>\n<li>1 a 4 recintos por canal de amplificador<\/li>\n<li>Resoluci\u00f3n escalable para un control avanzado del array<\/li>\n<li>SPL m\u00e1ximo: 130dB pico (1 recinto)<\/li>\n<li>Avanzado software DISPLAY que interact\u00faa con el DSP para conseguir resultados mucho m\u00e1s precisos<\/li>\n<\/ul>\n<p>&nbsp;<\/p>\n","protected":false},"featured_media":42259,"template":"","meta":{"_acf_changed":false},"product_brand":[],"product_cat":[2083,2087,2084,2095,2085,2107],"product_tag":[],"class_list":{"0":"post-17752","1":"product","2":"type-product","3":"status-publish","4":"has-post-thumbnail","6":"product_cat-sistemas-sonido-directo","7":"product_cat-line-arrays-pasivos","8":"product_cat-sistemas-instalacion","9":"product_cat-line-arrays-pasivos-sistemas-instalacion","10":"product_cat-por-series-martin-audio","11":"product_cat-serie-wavefront-precision","12":"product_series-serie-wavefront-precision","14":"first","15":"instock","16":"shipping-taxable","17":"product-type-simple"},"acf":[],"yoast_head":"<!-- This site is optimized with the Yoast SEO plugin v27.1.1 - https:\/\/yoast.com\/product\/yoast-seo-wordpress\/ -->\n<title>WPM - Audio-Technica Iberia<\/title>\n<meta name=\"robots\" content=\"index, follow, max-snippet:-1, max-image-preview:large, max-video-preview:-1\" \/>\n<link rel=\"canonical\" href=\"https:\/\/distribution.audio-technica.eu\/es-es\/productos\/wpm\/\" \/>\n<meta property=\"og:locale\" content=\"es_ES\" \/>\n<meta property=\"og:type\" content=\"article\" \/>\n<meta property=\"og:title\" content=\"WPM - Audio-Technica Iberia\" \/>\n<meta property=\"og:description\" content=\"Elemento line array pasivo de dos v\u00edas   Line array ultra compacto  1 a 4 recintos por canal de amplificador  Resoluci\u00f3n escalable para un control avanzado del array  SPL m\u00e1ximo: 130dB pico (1 recinto)  Avanzado software DISPLAY que interact\u00faa con el DSP para conseguir resultados mucho m\u00e1s precisos  &nbsp;\" \/>\n<meta property=\"og:url\" content=\"https:\/\/distribution.audio-technica.eu\/es-es\/productos\/wpm\/\" \/>\n<meta property=\"og:site_name\" content=\"Audio-Technica Iberia\" \/>\n<meta property=\"article:modified_time\" content=\"2026-03-03T14:46:47+00:00\" \/>\n<meta property=\"og:image\" content=\"https:\/\/distribution.audio-technica.eu\/app\/uploads\/sites\/2\/WPM-quarter-left-grille-off.jpg\" \/>\n\t<meta property=\"og:image:width\" content=\"2000\" \/>\n\t<meta property=\"og:image:height\" content=\"2000\" \/>\n\t<meta property=\"og:image:type\" content=\"image\/jpeg\" \/>\n<meta name=\"twitter:card\" content=\"summary_large_image\" \/>\n<meta name=\"twitter:label1\" content=\"Tiempo de lectura\" \/>\n\t<meta name=\"twitter:data1\" content=\"3 minutos\" \/>\n<script type=\"application\/ld+json\" class=\"yoast-schema-graph\">{\"@context\":\"https:\/\/schema.org\",\"@graph\":[{\"@type\":\"WebPage\",\"@id\":\"https:\/\/distribution.audio-technica.eu\/es-es\/productos\/wpm\/\",\"url\":\"https:\/\/distribution.audio-technica.eu\/es-es\/productos\/wpm\/\",\"name\":\"WPM - Audio-Technica Iberia\",\"isPartOf\":{\"@id\":\"https:\/\/distribution.audio-technica.eu\/es-es\/#website\"},\"primaryImageOfPage\":{\"@id\":\"https:\/\/distribution.audio-technica.eu\/es-es\/productos\/wpm\/#primaryimage\"},\"image\":{\"@id\":\"https:\/\/distribution.audio-technica.eu\/es-es\/productos\/wpm\/#primaryimage\"},\"thumbnailUrl\":\"\/app\/uploads\/sites\/2\/WPM-quarter-left-grille-off.jpg\",\"datePublished\":\"2019-07-08T15:58:50+00:00\",\"dateModified\":\"2026-03-03T14:46:47+00:00\",\"breadcrumb\":{\"@id\":\"https:\/\/distribution.audio-technica.eu\/es-es\/productos\/wpm\/#breadcrumb\"},\"inLanguage\":\"es\",\"potentialAction\":[{\"@type\":\"ReadAction\",\"target\":[\"https:\/\/distribution.audio-technica.eu\/es-es\/productos\/wpm\/\"]}]},{\"@type\":\"ImageObject\",\"inLanguage\":\"es\",\"@id\":\"https:\/\/distribution.audio-technica.eu\/es-es\/productos\/wpm\/#primaryimage\",\"url\":\"\/app\/uploads\/sites\/2\/WPM-quarter-left-grille-off.jpg\",\"contentUrl\":\"\/app\/uploads\/sites\/2\/WPM-quarter-left-grille-off.jpg\",\"width\":2000,\"height\":2000},{\"@type\":\"BreadcrumbList\",\"@id\":\"https:\/\/distribution.audio-technica.eu\/es-es\/productos\/wpm\/#breadcrumb\",\"itemListElement\":[{\"@type\":\"ListItem\",\"position\":1,\"name\":\"Products\",\"item\":\"https:\/\/distribution.audio-technica.eu\/es-es\/\"},{\"@type\":\"ListItem\",\"position\":2,\"name\":\"Productos\",\"item\":\"https:\/\/distribution.audio-technica.eu\/es-es\/productos\/\"},{\"@type\":\"ListItem\",\"position\":3,\"name\":\"WPM\"}]},{\"@type\":\"WebSite\",\"@id\":\"https:\/\/distribution.audio-technica.eu\/es-es\/#website\",\"url\":\"https:\/\/distribution.audio-technica.eu\/es-es\/\",\"name\":\"Audio-Technica Iberia\",\"description\":\"Distribuci\u00f3n\",\"potentialAction\":[{\"@type\":\"SearchAction\",\"target\":{\"@type\":\"EntryPoint\",\"urlTemplate\":\"https:\/\/distribution.audio-technica.eu\/es-es\/?s={search_term_string}\"},\"query-input\":{\"@type\":\"PropertyValueSpecification\",\"valueRequired\":true,\"valueName\":\"search_term_string\"}}],\"inLanguage\":\"es\"}]}<\/script>\n<!-- \/ Yoast SEO plugin. -->","yoast_head_json":{"title":"WPM - Audio-Technica Iberia","robots":{"index":"index","follow":"follow","max-snippet":"max-snippet:-1","max-image-preview":"max-image-preview:large","max-video-preview":"max-video-preview:-1"},"canonical":"https:\/\/distribution.audio-technica.eu\/es-es\/productos\/wpm\/","og_locale":"es_ES","og_type":"article","og_title":"WPM - Audio-Technica Iberia","og_description":"Elemento line array pasivo de dos v\u00edas   Line array ultra compacto  1 a 4 recintos por canal de amplificador  Resoluci\u00f3n escalable para un control avanzado del array  SPL m\u00e1ximo: 130dB pico (1 recinto)  Avanzado software DISPLAY que interact\u00faa con el DSP para conseguir resultados mucho m\u00e1s precisos  &nbsp;","og_url":"https:\/\/distribution.audio-technica.eu\/es-es\/productos\/wpm\/","og_site_name":"Audio-Technica Iberia","article_modified_time":"2026-03-03T14:46:47+00:00","og_image":[{"width":2000,"height":2000,"url":"https:\/\/distribution.audio-technica.eu\/app\/uploads\/sites\/2\/WPM-quarter-left-grille-off.jpg","type":"image\/jpeg"}],"twitter_card":"summary_large_image","twitter_misc":{"Tiempo de lectura":"3 minutos"},"schema":{"@context":"https:\/\/schema.org","@graph":[{"@type":"WebPage","@id":"https:\/\/distribution.audio-technica.eu\/es-es\/productos\/wpm\/","url":"https:\/\/distribution.audio-technica.eu\/es-es\/productos\/wpm\/","name":"WPM - Audio-Technica Iberia","isPartOf":{"@id":"https:\/\/distribution.audio-technica.eu\/es-es\/#website"},"primaryImageOfPage":{"@id":"https:\/\/distribution.audio-technica.eu\/es-es\/productos\/wpm\/#primaryimage"},"image":{"@id":"https:\/\/distribution.audio-technica.eu\/es-es\/productos\/wpm\/#primaryimage"},"thumbnailUrl":"\/app\/uploads\/sites\/2\/WPM-quarter-left-grille-off.jpg","datePublished":"2019-07-08T15:58:50+00:00","dateModified":"2026-03-03T14:46:47+00:00","breadcrumb":{"@id":"https:\/\/distribution.audio-technica.eu\/es-es\/productos\/wpm\/#breadcrumb"},"inLanguage":"es","potentialAction":[{"@type":"ReadAction","target":["https:\/\/distribution.audio-technica.eu\/es-es\/productos\/wpm\/"]}]},{"@type":"ImageObject","inLanguage":"es","@id":"https:\/\/distribution.audio-technica.eu\/es-es\/productos\/wpm\/#primaryimage","url":"\/app\/uploads\/sites\/2\/WPM-quarter-left-grille-off.jpg","contentUrl":"\/app\/uploads\/sites\/2\/WPM-quarter-left-grille-off.jpg","width":2000,"height":2000},{"@type":"BreadcrumbList","@id":"https:\/\/distribution.audio-technica.eu\/es-es\/productos\/wpm\/#breadcrumb","itemListElement":[{"@type":"ListItem","position":1,"name":"Products","item":"https:\/\/distribution.audio-technica.eu\/es-es\/"},{"@type":"ListItem","position":2,"name":"Productos","item":"https:\/\/distribution.audio-technica.eu\/es-es\/productos\/"},{"@type":"ListItem","position":3,"name":"WPM"}]},{"@type":"WebSite","@id":"https:\/\/distribution.audio-technica.eu\/es-es\/#website","url":"https:\/\/distribution.audio-technica.eu\/es-es\/","name":"Audio-Technica Iberia","description":"Distribuci\u00f3n","potentialAction":[{"@type":"SearchAction","target":{"@type":"EntryPoint","urlTemplate":"https:\/\/distribution.audio-technica.eu\/es-es\/?s={search_term_string}"},"query-input":{"@type":"PropertyValueSpecification","valueRequired":true,"valueName":"search_term_string"}}],"inLanguage":"es"}]}},"_links":{"self":[{"href":"https:\/\/distribution.audio-technica.eu\/es-es\/wp-json\/wp\/v2\/product\/17752","targetHints":{"allow":["GET"]}}],"collection":[{"href":"https:\/\/distribution.audio-technica.eu\/es-es\/wp-json\/wp\/v2\/product"}],"about":[{"href":"https:\/\/distribution.audio-technica.eu\/es-es\/wp-json\/wp\/v2\/types\/product"}],"wp:featuredmedia":[{"embeddable":true,"href":"https:\/\/distribution.audio-technica.eu\/es-es\/wp-json\/wp\/v2\/media\/42259"}],"wp:attachment":[{"href":"https:\/\/distribution.audio-technica.eu\/es-es\/wp-json\/wp\/v2\/media?parent=17752"}],"wp:term":[{"taxonomy":"product_brand","embeddable":true,"href":"https:\/\/distribution.audio-technica.eu\/es-es\/wp-json\/wp\/v2\/product_brand?post=17752"},{"taxonomy":"product_cat","embeddable":true,"href":"https:\/\/distribution.audio-technica.eu\/es-es\/wp-json\/wp\/v2\/product_cat?post=17752"},{"taxonomy":"product_tag","embeddable":true,"href":"https:\/\/distribution.audio-technica.eu\/es-es\/wp-json\/wp\/v2\/product_tag?post=17752"}],"curies":[{"name":"wp","href":"https:\/\/api.w.org\/{rel}","templated":true}]}}