{"id":17753,"date":"2019-07-08T18:04:49","date_gmt":"2019-07-08T16:04:49","guid":{"rendered":"https:\/\/atdb-production.studiograft.dev\/es\/?post_type=product&#038;p=17753"},"modified":"2026-03-03T15:42:22","modified_gmt":"2026-03-03T14:42:22","slug":"wps","status":"publish","type":"product","link":"https:\/\/distribution.audio-technica.eu\/es-es\/productos\/wps\/","title":{"rendered":"WPS"},"content":{"rendered":"<h2>WPS<\/h2>\n<h3>Elemento line array pasivo de tres v\u00edas, Optimised Line Array<\/h3>\n<p>La resoluci\u00f3n escalable del WPS ofrece una consistencia y un control de cobertura muy superiores en comparaci\u00f3n con un line array convencional, proporcionando adem\u00e1s una v\u00eda flexible hacia un control avanzado del array.<\/p>\n<p>El WPS es un line array vers\u00e1til y de \u00faltima generaci\u00f3n, con un SPL m\u00e1ximo de 133 dB, dise\u00f1ado para aplicaciones de gira e instalaci\u00f3n de peque\u00f1o y mediano formato que requieren un sistema de alto rendimiento con peso y huella reducidos. Gracias a su ejemplar uniformidad de cobertura y excelente calidad sonora, el WPS es una soluci\u00f3n ideal para refuerzo sonoro en directo e instalaciones en teatros, auditorios y templos religiosos. Para las empresas de alquiler, la rentabilidad de su inversi\u00f3n est\u00e1 garantizada gracias a la capacidad que ofrecen los arrays WPS para ser utilizados como front fill, retardo o array lateral como apoyo a sistemas WP m\u00e1s grandes.<\/p>\n<p>El WPS es un sistema pasivo de 3 v\u00edas que integra una alta densidad de transductores en un recinto muy compacto. Incorpora 2 x 8\u201d (200 mm) de bajas frecuencias, 4 x 4\u201d (100 mm) de medios y 4 motores de compresi\u00f3n de 1\u201d (25 mm) de salida para altas frecuencias, cargados mediante una bocina de HF moldeada que ocupa todo el ancho del recinto, definiendo el patr\u00f3n de cobertura horizontal de 100\u00b0 de directividad constante tanto para las secciones de medios como de agudos.<\/p>\n<p>Los transductores de medios de 4\u201d est\u00e1n cargados por compresi\u00f3n para aumentar la eficiencia y acoplan a las paredes de la bocina mediante ranuras anulares pr\u00f3ximas a la garganta de HF, sum\u00e1ndose eficazmente al frente de onda de altas frecuencias. En la secci\u00f3n de agudos, los cuatro motores de compresi\u00f3n de salida de 1\u201d proporcionan un sonido de alta frecuencia limpio y preciso, sin la aspereza ni la distorsi\u00f3n asociadas a dispositivos de mayor formato.<\/p>\n<p>Los transductores de graves de 8\u201d est\u00e1n situados detr\u00e1s de las paredes de la bocina de HF, con un peque\u00f1o volumen de aire delante de cada uno que incrementa el rendimiento en la parte superior de su rango operativo. Las aperturas de salida de graves est\u00e1n espaciadas horizontalmente para proporcionar un control \u00fatil del patr\u00f3n de dispersi\u00f3n en bajas frecuencias.<\/p>\n<p>Para una extensi\u00f3n adicional en bajas frecuencias, el WPS est\u00e1 dise\u00f1ado para trabajar junto al subgrave cardioide SXC118 o su variante volable, el SXCF118.<\/p>\n<p>A partir del segundo trimestre de 2026, los recintos Wavefront Precision cuentan con grado de protecci\u00f3n IP54 e incorporan mejoras en los m\u00e9todos constructivos, pintura y elementos met\u00e1licos para aumentar su durabilidad. Asimismo, integran un indicador LED que puede activarse mediante el software VU-NET para identificar la ubicaci\u00f3n de cada recinto dentro del sistema.<\/p>\n<p>&nbsp;<\/p>\n<p><strong>Caracter\u00edsticas Principales<\/strong><\/p>\n<ul>\n<li>Line array compacto<\/li>\n<li>Resoluci\u00f3n escalable para permitir un control avanzado del array<\/li>\n<li>Amplificaci\u00f3n exclusiva, externa, multicanal clase D<\/li>\n<li>Avanzado software DISPLAY que interact\u00faa con el DSP para ofrecer resultados altamente precisos<\/li>\n<li>Sistema de volado r\u00e1pido integrado, para hasta 16 recintos<\/li>\n<li>Asas laterales y posteriores para facilitar su manejo y el establecimiento de \u00e1ngulos<\/li>\n<li>Control del patr\u00f3n de directividad constante horizontal de 100\u00b0<\/li>\n<\/ul>\n<p>&nbsp;<\/p>\n<p><strong>Aplicaciones<\/strong><\/p>\n<ul>\n<li>Sonorizaci\u00f3n en giras para recintos de tama\u00f1o medio y peque\u00f1o<\/li>\n<li>Instalaciones fijas en salas de concierto, teatros, salas de baile y templos<\/li>\n<li>Estadios deportivos<\/li>\n<li>Eventos AV corporativos<\/li>\n<\/ul>\n","protected":false},"excerpt":{"rendered":"<h3>Elemento line array pasivo de tres v\u00edas, Optimised Line Array<\/h3>\n<ul>\n<li>Line array compacto<\/li>\n<li>Resoluci\u00f3n escalable para permitir un control avanzado del array<\/li>\n<li>Amplificaci\u00f3n exclusiva, externa, multicanal clase D<\/li>\n<li>Avanzado software DISPLAY que interact\u00faa con el DSP para ofrecer resultados altamente precisos<\/li>\n<li>Sistema de volado r\u00e1pido integrado, para hasta 16 recintos<\/li>\n<li>Asas laterales y posteriores para facilitar su manejo y el establecimiento de \u00e1ngulos<\/li>\n<li>Control del patr\u00f3n de directividad constante horizontal de 100\u00b0<\/li>\n<\/ul>\n<p>&nbsp;<\/p>\n","protected":false},"featured_media":42241,"template":"","meta":{"_acf_changed":false},"product_brand":[],"product_cat":[2083,2087,2084,2095,2085,2107],"product_tag":[],"class_list":{"0":"post-17753","1":"product","2":"type-product","3":"status-publish","4":"has-post-thumbnail","6":"product_cat-sistemas-sonido-directo","7":"product_cat-line-arrays-pasivos","8":"product_cat-sistemas-instalacion","9":"product_cat-line-arrays-pasivos-sistemas-instalacion","10":"product_cat-por-series-martin-audio","11":"product_cat-serie-wavefront-precision","12":"product_series-serie-wavefront-precision","14":"first","15":"instock","16":"shipping-taxable","17":"product-type-simple"},"acf":[],"yoast_head":"<!-- This site is optimized with the Yoast SEO plugin v27.1.1 - https:\/\/yoast.com\/product\/yoast-seo-wordpress\/ -->\n<title>WPS - Audio-Technica Iberia<\/title>\n<meta name=\"robots\" content=\"index, follow, max-snippet:-1, max-image-preview:large, max-video-preview:-1\" \/>\n<link rel=\"canonical\" href=\"https:\/\/distribution.audio-technica.eu\/es-es\/productos\/wps\/\" \/>\n<meta property=\"og:locale\" content=\"es_ES\" \/>\n<meta property=\"og:type\" content=\"article\" \/>\n<meta property=\"og:title\" content=\"WPS - Audio-Technica Iberia\" \/>\n<meta property=\"og:description\" content=\"Elemento line array pasivo de tres v\u00edas, Optimised Line Array   Line array compacto  Resoluci\u00f3n escalable para permitir un control avanzado del array  Amplificaci\u00f3n exclusiva, externa, multicanal clase D  Avanzado software DISPLAY que interact\u00faa con el DSP para ofrecer resultados altamente precisos  Sistema de volado r\u00e1pido integrado, para hasta 16 recintos  Asas laterales y posteriores para facilitar su manejo y el establecimiento de \u00e1ngulos  Control del patr\u00f3n de directividad constante horizontal de 100\u00b0  &nbsp;\" \/>\n<meta property=\"og:url\" content=\"https:\/\/distribution.audio-technica.eu\/es-es\/productos\/wps\/\" \/>\n<meta property=\"og:site_name\" content=\"Audio-Technica Iberia\" \/>\n<meta property=\"article:modified_time\" content=\"2026-03-03T14:42:22+00:00\" \/>\n<meta property=\"og:image\" content=\"https:\/\/distribution.audio-technica.eu\/app\/uploads\/sites\/2\/WPS-quarter-left-grille-off.jpg\" \/>\n\t<meta property=\"og:image:width\" content=\"2000\" \/>\n\t<meta property=\"og:image:height\" content=\"2000\" \/>\n\t<meta property=\"og:image:type\" content=\"image\/jpeg\" \/>\n<meta name=\"twitter:card\" content=\"summary_large_image\" \/>\n<meta name=\"twitter:label1\" content=\"Tiempo de lectura\" \/>\n\t<meta name=\"twitter:data1\" content=\"3 minutos\" \/>\n<script type=\"application\/ld+json\" class=\"yoast-schema-graph\">{\"@context\":\"https:\/\/schema.org\",\"@graph\":[{\"@type\":\"WebPage\",\"@id\":\"https:\/\/distribution.audio-technica.eu\/es-es\/productos\/wps\/\",\"url\":\"https:\/\/distribution.audio-technica.eu\/es-es\/productos\/wps\/\",\"name\":\"WPS - Audio-Technica Iberia\",\"isPartOf\":{\"@id\":\"https:\/\/distribution.audio-technica.eu\/es-es\/#website\"},\"primaryImageOfPage\":{\"@id\":\"https:\/\/distribution.audio-technica.eu\/es-es\/productos\/wps\/#primaryimage\"},\"image\":{\"@id\":\"https:\/\/distribution.audio-technica.eu\/es-es\/productos\/wps\/#primaryimage\"},\"thumbnailUrl\":\"\/app\/uploads\/sites\/2\/WPS-quarter-left-grille-off.jpg\",\"datePublished\":\"2019-07-08T16:04:49+00:00\",\"dateModified\":\"2026-03-03T14:42:22+00:00\",\"breadcrumb\":{\"@id\":\"https:\/\/distribution.audio-technica.eu\/es-es\/productos\/wps\/#breadcrumb\"},\"inLanguage\":\"es\",\"potentialAction\":[{\"@type\":\"ReadAction\",\"target\":[\"https:\/\/distribution.audio-technica.eu\/es-es\/productos\/wps\/\"]}]},{\"@type\":\"ImageObject\",\"inLanguage\":\"es\",\"@id\":\"https:\/\/distribution.audio-technica.eu\/es-es\/productos\/wps\/#primaryimage\",\"url\":\"\/app\/uploads\/sites\/2\/WPS-quarter-left-grille-off.jpg\",\"contentUrl\":\"\/app\/uploads\/sites\/2\/WPS-quarter-left-grille-off.jpg\",\"width\":2000,\"height\":2000},{\"@type\":\"BreadcrumbList\",\"@id\":\"https:\/\/distribution.audio-technica.eu\/es-es\/productos\/wps\/#breadcrumb\",\"itemListElement\":[{\"@type\":\"ListItem\",\"position\":1,\"name\":\"Products\",\"item\":\"https:\/\/distribution.audio-technica.eu\/es-es\/\"},{\"@type\":\"ListItem\",\"position\":2,\"name\":\"Productos\",\"item\":\"https:\/\/distribution.audio-technica.eu\/es-es\/productos\/\"},{\"@type\":\"ListItem\",\"position\":3,\"name\":\"WPS\"}]},{\"@type\":\"WebSite\",\"@id\":\"https:\/\/distribution.audio-technica.eu\/es-es\/#website\",\"url\":\"https:\/\/distribution.audio-technica.eu\/es-es\/\",\"name\":\"Audio-Technica Iberia\",\"description\":\"Distribuci\u00f3n\",\"potentialAction\":[{\"@type\":\"SearchAction\",\"target\":{\"@type\":\"EntryPoint\",\"urlTemplate\":\"https:\/\/distribution.audio-technica.eu\/es-es\/?s={search_term_string}\"},\"query-input\":{\"@type\":\"PropertyValueSpecification\",\"valueRequired\":true,\"valueName\":\"search_term_string\"}}],\"inLanguage\":\"es\"}]}<\/script>\n<!-- \/ Yoast SEO plugin. -->","yoast_head_json":{"title":"WPS - Audio-Technica Iberia","robots":{"index":"index","follow":"follow","max-snippet":"max-snippet:-1","max-image-preview":"max-image-preview:large","max-video-preview":"max-video-preview:-1"},"canonical":"https:\/\/distribution.audio-technica.eu\/es-es\/productos\/wps\/","og_locale":"es_ES","og_type":"article","og_title":"WPS - Audio-Technica Iberia","og_description":"Elemento line array pasivo de tres v\u00edas, Optimised Line Array   Line array compacto  Resoluci\u00f3n escalable para permitir un control avanzado del array  Amplificaci\u00f3n exclusiva, externa, multicanal clase D  Avanzado software DISPLAY que interact\u00faa con el DSP para ofrecer resultados altamente precisos  Sistema de volado r\u00e1pido integrado, para hasta 16 recintos  Asas laterales y posteriores para facilitar su manejo y el establecimiento de \u00e1ngulos  Control del patr\u00f3n de directividad constante horizontal de 100\u00b0  &nbsp;","og_url":"https:\/\/distribution.audio-technica.eu\/es-es\/productos\/wps\/","og_site_name":"Audio-Technica Iberia","article_modified_time":"2026-03-03T14:42:22+00:00","og_image":[{"width":2000,"height":2000,"url":"https:\/\/distribution.audio-technica.eu\/app\/uploads\/sites\/2\/WPS-quarter-left-grille-off.jpg","type":"image\/jpeg"}],"twitter_card":"summary_large_image","twitter_misc":{"Tiempo de lectura":"3 minutos"},"schema":{"@context":"https:\/\/schema.org","@graph":[{"@type":"WebPage","@id":"https:\/\/distribution.audio-technica.eu\/es-es\/productos\/wps\/","url":"https:\/\/distribution.audio-technica.eu\/es-es\/productos\/wps\/","name":"WPS - Audio-Technica Iberia","isPartOf":{"@id":"https:\/\/distribution.audio-technica.eu\/es-es\/#website"},"primaryImageOfPage":{"@id":"https:\/\/distribution.audio-technica.eu\/es-es\/productos\/wps\/#primaryimage"},"image":{"@id":"https:\/\/distribution.audio-technica.eu\/es-es\/productos\/wps\/#primaryimage"},"thumbnailUrl":"\/app\/uploads\/sites\/2\/WPS-quarter-left-grille-off.jpg","datePublished":"2019-07-08T16:04:49+00:00","dateModified":"2026-03-03T14:42:22+00:00","breadcrumb":{"@id":"https:\/\/distribution.audio-technica.eu\/es-es\/productos\/wps\/#breadcrumb"},"inLanguage":"es","potentialAction":[{"@type":"ReadAction","target":["https:\/\/distribution.audio-technica.eu\/es-es\/productos\/wps\/"]}]},{"@type":"ImageObject","inLanguage":"es","@id":"https:\/\/distribution.audio-technica.eu\/es-es\/productos\/wps\/#primaryimage","url":"\/app\/uploads\/sites\/2\/WPS-quarter-left-grille-off.jpg","contentUrl":"\/app\/uploads\/sites\/2\/WPS-quarter-left-grille-off.jpg","width":2000,"height":2000},{"@type":"BreadcrumbList","@id":"https:\/\/distribution.audio-technica.eu\/es-es\/productos\/wps\/#breadcrumb","itemListElement":[{"@type":"ListItem","position":1,"name":"Products","item":"https:\/\/distribution.audio-technica.eu\/es-es\/"},{"@type":"ListItem","position":2,"name":"Productos","item":"https:\/\/distribution.audio-technica.eu\/es-es\/productos\/"},{"@type":"ListItem","position":3,"name":"WPS"}]},{"@type":"WebSite","@id":"https:\/\/distribution.audio-technica.eu\/es-es\/#website","url":"https:\/\/distribution.audio-technica.eu\/es-es\/","name":"Audio-Technica Iberia","description":"Distribuci\u00f3n","potentialAction":[{"@type":"SearchAction","target":{"@type":"EntryPoint","urlTemplate":"https:\/\/distribution.audio-technica.eu\/es-es\/?s={search_term_string}"},"query-input":{"@type":"PropertyValueSpecification","valueRequired":true,"valueName":"search_term_string"}}],"inLanguage":"es"}]}},"_links":{"self":[{"href":"https:\/\/distribution.audio-technica.eu\/es-es\/wp-json\/wp\/v2\/product\/17753","targetHints":{"allow":["GET"]}}],"collection":[{"href":"https:\/\/distribution.audio-technica.eu\/es-es\/wp-json\/wp\/v2\/product"}],"about":[{"href":"https:\/\/distribution.audio-technica.eu\/es-es\/wp-json\/wp\/v2\/types\/product"}],"wp:featuredmedia":[{"embeddable":true,"href":"https:\/\/distribution.audio-technica.eu\/es-es\/wp-json\/wp\/v2\/media\/42241"}],"wp:attachment":[{"href":"https:\/\/distribution.audio-technica.eu\/es-es\/wp-json\/wp\/v2\/media?parent=17753"}],"wp:term":[{"taxonomy":"product_brand","embeddable":true,"href":"https:\/\/distribution.audio-technica.eu\/es-es\/wp-json\/wp\/v2\/product_brand?post=17753"},{"taxonomy":"product_cat","embeddable":true,"href":"https:\/\/distribution.audio-technica.eu\/es-es\/wp-json\/wp\/v2\/product_cat?post=17753"},{"taxonomy":"product_tag","embeddable":true,"href":"https:\/\/distribution.audio-technica.eu\/es-es\/wp-json\/wp\/v2\/product_tag?post=17753"}],"curies":[{"name":"wp","href":"https:\/\/api.w.org\/{rel}","templated":true}]}}