{"id":17754,"date":"2019-07-08T18:11:33","date_gmt":"2019-07-08T16:11:33","guid":{"rendered":"https:\/\/atdb-production.studiograft.dev\/es\/?post_type=product&#038;p=17754"},"modified":"2026-03-03T15:38:08","modified_gmt":"2026-03-03T14:38:08","slug":"wpc","status":"publish","type":"product","link":"https:\/\/distribution.audio-technica.eu\/es-es\/productos\/wpc\/","title":{"rendered":"WPC"},"content":{"rendered":"<h2>WPC<\/h2>\n<h3>Elemento Line Array biamplificado de tres v\u00edas<\/h3>\n<p>La resoluci\u00f3n escalable del WPC ofrece una consistencia y un control de cobertura muy superiores en comparaci\u00f3n con un line array convencional, y proporciona una v\u00eda flexible hacia la optimizaci\u00f3n avanzada de arrays. El WPC representa una nueva generaci\u00f3n de line array optimizado de formato medio, que combina un dise\u00f1o ac\u00fastico innovador, un rendimiento ultra elevado y una cobertura uniforme, haci\u00e9ndolo accesible a un abanico m\u00e1s amplio de usuarios, aplicaciones y presupuestos que hasta ahora.<\/p>\n<p>Se trata de un sistema de tres v\u00edas en configuraci\u00f3n biamplificada, con secciones de bajas, medias y altas frecuencias cargadas por bocina para aumentar la eficiencia y el nivel de salida. Con un SPL m\u00e1ximo de 135 dB, su dise\u00f1o ac\u00fastico de alta eficiencia puede igualar o incluso superar a sistemas de radiaci\u00f3n directa de mayor tama\u00f1o: un array de 12 recintos puede proyectar m\u00e1s all\u00e1 de 60 metros y ofrecer niveles propios de un concierto de rock en un recinto de 5.000 localidades, reduciendo espacio y peso en el transporte.<\/p>\n<p>La secci\u00f3n de bajas frecuencias del WPC est\u00e1 compuesta por 2 x 10\u201d (250 mm) con im\u00e1n de neodimio en configuraci\u00f3n Hybrid\u00ae, que combina las ventajas de la carga por bocina y bass-reflex. Cada transductor est\u00e1 acoplado mediante ranura a una bocina corta para proporcionar alta sensibilidad, mientras que la parte posterior trabaja en carga bass-reflex para extender la respuesta en graves. El impacto y la extensi\u00f3n en bajas frecuencias logrados en un volumen de recinto tan reducido son notables.<\/p>\n<p>Las bocinas de medios y altas frecuencias son f\u00edsicamente independientes, un factor clave en el patr\u00f3n de dispersi\u00f3n horizontal de directividad constante de 100\u00b0 caracter\u00edstico del WPC. La secci\u00f3n de medios emplea 2 x 5\u201d (125 mm) de neodimio para ofrecer un elevado nivel de salida, mientras que la secci\u00f3n de altas frecuencias utiliza 4 motores de compresi\u00f3n de neodimio con salida de 0,7\u201d (19 mm), cada uno alimentando su propia bocina. El uso de m\u00faltiples motores de HF de peque\u00f1o formato, en lugar de un \u00fanico motor de gran formato tradicional, reduce la distorsi\u00f3n y ampl\u00eda la respuesta en altas frecuencias.<\/p>\n<p>A partir del segundo trimestre de 2026 los recintos Wavefront Precision cuentan con grado de protecci\u00f3n IP54 e incorporan mejoras en los m\u00e9todos constructivos, pintura y elementos met\u00e1licos para incrementar su durabilidad. Tambi\u00e9n integran un indicador LED que puede activarse mediante el software VU-NET para identificar la ubicaci\u00f3n de cada recinto dentro del sistema y disfrutan del rapid\u00edsimo software de optimizaci\u00f3n DISPLAY 3 con control LF mejorado.<\/p>\n<p>&nbsp;<\/p>\n<p><strong>Caracter\u00edsticas Principales<\/strong><\/p>\n<ul>\n<li>Line array compacto<\/li>\n<li>Resoluci\u00f3n escalable para un control avanzado de los arrays<\/li>\n<li>Amplificaci\u00f3n externa dedicada multicanal en Clase D<\/li>\n<li>El software DISPLAY, l\u00edder en el sector, interact\u00faa con el DSP para ofrecer resultados de alta precisi\u00f3n<\/li>\n<li>Sistema de volado de 3 puntos integrado y muy r\u00e1pido, para hasta 16 recintos<\/li>\n<li>Control del patr\u00f3n de directividad horizontal constante de 100\u00b0<\/li>\n<li>SPL m\u00e1ximo: 135 dB pico<\/li>\n<\/ul>\n<p>&nbsp;<\/p>\n<p><strong>Aplicaciones<\/strong><\/p>\n<ul>\n<li>Sonorizaci\u00f3n en giras para recintos de tama\u00f1o medio y peque\u00f1o<\/li>\n<li>Instalaciones fijas en salas de concierto, teatros, salas de baile y templos<\/li>\n<li>Estadios deportivos y eventos corporativos<\/li>\n<\/ul>\n","protected":false},"excerpt":{"rendered":"<h3>Elemento Line Array biamplificado de tres v\u00edas<\/h3>\n<ul>\n<li>Line array compacto<\/li>\n<li>Resoluci\u00f3n escalable para un control avanzado de los arrays<\/li>\n<li>Amplificaci\u00f3n externa dedicada multicanal en Clase D<\/li>\n<li>El software DISPLAY, l\u00edder en el sector, interact\u00faa con el DSP para ofrecer resultados de alta precisi\u00f3n<\/li>\n<li>Sistema de volado de 3 puntos integrado y muy r\u00e1pido, para hasta 16 recintos<\/li>\n<li>Control del patr\u00f3n de directividad horizontal constante de 100\u00b0<\/li>\n<li>SPL m\u00e1ximo: 135 dB pico<\/li>\n<\/ul>\n","protected":false},"featured_media":42230,"template":"","meta":{"_acf_changed":false},"product_brand":[],"product_cat":[2083,2087,2084,2095,2085,2107],"product_tag":[],"class_list":{"0":"post-17754","1":"product","2":"type-product","3":"status-publish","4":"has-post-thumbnail","6":"product_cat-sistemas-sonido-directo","7":"product_cat-line-arrays-pasivos","8":"product_cat-sistemas-instalacion","9":"product_cat-line-arrays-pasivos-sistemas-instalacion","10":"product_cat-por-series-martin-audio","11":"product_cat-serie-wavefront-precision","12":"product_series-serie-wavefront-precision","14":"first","15":"instock","16":"shipping-taxable","17":"product-type-simple"},"acf":[],"yoast_head":"<!-- This site is optimized with the Yoast SEO plugin v27.1.1 - https:\/\/yoast.com\/product\/yoast-seo-wordpress\/ -->\n<title>WPC - Audio-Technica Iberia<\/title>\n<meta name=\"robots\" content=\"index, follow, max-snippet:-1, max-image-preview:large, max-video-preview:-1\" \/>\n<link rel=\"canonical\" href=\"https:\/\/distribution.audio-technica.eu\/es-es\/productos\/wpc\/\" \/>\n<meta property=\"og:locale\" content=\"es_ES\" \/>\n<meta property=\"og:type\" content=\"article\" \/>\n<meta property=\"og:title\" content=\"WPC - Audio-Technica Iberia\" \/>\n<meta property=\"og:description\" content=\"Elemento Line Array biamplificado de tres v\u00edas   Line array compacto  Resoluci\u00f3n escalable para un control avanzado de los arrays  Amplificaci\u00f3n externa dedicada multicanal en Clase D  El software DISPLAY, l\u00edder en el sector, interact\u00faa con el DSP para ofrecer resultados de alta precisi\u00f3n  Sistema de volado de 3 puntos integrado y muy r\u00e1pido, para hasta 16 recintos  Control del patr\u00f3n de directividad horizontal constante de 100\u00b0  SPL m\u00e1ximo: 135 dB pico\" \/>\n<meta property=\"og:url\" content=\"https:\/\/distribution.audio-technica.eu\/es-es\/productos\/wpc\/\" \/>\n<meta property=\"og:site_name\" content=\"Audio-Technica Iberia\" \/>\n<meta property=\"article:modified_time\" content=\"2026-03-03T14:38:08+00:00\" \/>\n<meta property=\"og:image\" content=\"https:\/\/distribution.audio-technica.eu\/app\/uploads\/sites\/2\/WPC-quarter-left-grille-off.jpg\" \/>\n\t<meta property=\"og:image:width\" content=\"2000\" \/>\n\t<meta property=\"og:image:height\" content=\"2000\" \/>\n\t<meta property=\"og:image:type\" content=\"image\/jpeg\" \/>\n<meta name=\"twitter:card\" content=\"summary_large_image\" \/>\n<meta name=\"twitter:label1\" content=\"Tiempo de lectura\" \/>\n\t<meta name=\"twitter:data1\" content=\"3 minutos\" \/>\n<script type=\"application\/ld+json\" class=\"yoast-schema-graph\">{\"@context\":\"https:\/\/schema.org\",\"@graph\":[{\"@type\":\"WebPage\",\"@id\":\"https:\/\/distribution.audio-technica.eu\/es-es\/productos\/wpc\/\",\"url\":\"https:\/\/distribution.audio-technica.eu\/es-es\/productos\/wpc\/\",\"name\":\"WPC - Audio-Technica Iberia\",\"isPartOf\":{\"@id\":\"https:\/\/distribution.audio-technica.eu\/es-es\/#website\"},\"primaryImageOfPage\":{\"@id\":\"https:\/\/distribution.audio-technica.eu\/es-es\/productos\/wpc\/#primaryimage\"},\"image\":{\"@id\":\"https:\/\/distribution.audio-technica.eu\/es-es\/productos\/wpc\/#primaryimage\"},\"thumbnailUrl\":\"\/app\/uploads\/sites\/2\/WPC-quarter-left-grille-off.jpg\",\"datePublished\":\"2019-07-08T16:11:33+00:00\",\"dateModified\":\"2026-03-03T14:38:08+00:00\",\"breadcrumb\":{\"@id\":\"https:\/\/distribution.audio-technica.eu\/es-es\/productos\/wpc\/#breadcrumb\"},\"inLanguage\":\"es\",\"potentialAction\":[{\"@type\":\"ReadAction\",\"target\":[\"https:\/\/distribution.audio-technica.eu\/es-es\/productos\/wpc\/\"]}]},{\"@type\":\"ImageObject\",\"inLanguage\":\"es\",\"@id\":\"https:\/\/distribution.audio-technica.eu\/es-es\/productos\/wpc\/#primaryimage\",\"url\":\"\/app\/uploads\/sites\/2\/WPC-quarter-left-grille-off.jpg\",\"contentUrl\":\"\/app\/uploads\/sites\/2\/WPC-quarter-left-grille-off.jpg\",\"width\":2000,\"height\":2000},{\"@type\":\"BreadcrumbList\",\"@id\":\"https:\/\/distribution.audio-technica.eu\/es-es\/productos\/wpc\/#breadcrumb\",\"itemListElement\":[{\"@type\":\"ListItem\",\"position\":1,\"name\":\"Products\",\"item\":\"https:\/\/distribution.audio-technica.eu\/es-es\/\"},{\"@type\":\"ListItem\",\"position\":2,\"name\":\"Productos\",\"item\":\"https:\/\/distribution.audio-technica.eu\/es-es\/productos\/\"},{\"@type\":\"ListItem\",\"position\":3,\"name\":\"WPC\"}]},{\"@type\":\"WebSite\",\"@id\":\"https:\/\/distribution.audio-technica.eu\/es-es\/#website\",\"url\":\"https:\/\/distribution.audio-technica.eu\/es-es\/\",\"name\":\"Audio-Technica Iberia\",\"description\":\"Distribuci\u00f3n\",\"potentialAction\":[{\"@type\":\"SearchAction\",\"target\":{\"@type\":\"EntryPoint\",\"urlTemplate\":\"https:\/\/distribution.audio-technica.eu\/es-es\/?s={search_term_string}\"},\"query-input\":{\"@type\":\"PropertyValueSpecification\",\"valueRequired\":true,\"valueName\":\"search_term_string\"}}],\"inLanguage\":\"es\"}]}<\/script>\n<!-- \/ Yoast SEO plugin. -->","yoast_head_json":{"title":"WPC - Audio-Technica Iberia","robots":{"index":"index","follow":"follow","max-snippet":"max-snippet:-1","max-image-preview":"max-image-preview:large","max-video-preview":"max-video-preview:-1"},"canonical":"https:\/\/distribution.audio-technica.eu\/es-es\/productos\/wpc\/","og_locale":"es_ES","og_type":"article","og_title":"WPC - Audio-Technica Iberia","og_description":"Elemento Line Array biamplificado de tres v\u00edas   Line array compacto  Resoluci\u00f3n escalable para un control avanzado de los arrays  Amplificaci\u00f3n externa dedicada multicanal en Clase D  El software DISPLAY, l\u00edder en el sector, interact\u00faa con el DSP para ofrecer resultados de alta precisi\u00f3n  Sistema de volado de 3 puntos integrado y muy r\u00e1pido, para hasta 16 recintos  Control del patr\u00f3n de directividad horizontal constante de 100\u00b0  SPL m\u00e1ximo: 135 dB pico","og_url":"https:\/\/distribution.audio-technica.eu\/es-es\/productos\/wpc\/","og_site_name":"Audio-Technica Iberia","article_modified_time":"2026-03-03T14:38:08+00:00","og_image":[{"width":2000,"height":2000,"url":"https:\/\/distribution.audio-technica.eu\/app\/uploads\/sites\/2\/WPC-quarter-left-grille-off.jpg","type":"image\/jpeg"}],"twitter_card":"summary_large_image","twitter_misc":{"Tiempo de lectura":"3 minutos"},"schema":{"@context":"https:\/\/schema.org","@graph":[{"@type":"WebPage","@id":"https:\/\/distribution.audio-technica.eu\/es-es\/productos\/wpc\/","url":"https:\/\/distribution.audio-technica.eu\/es-es\/productos\/wpc\/","name":"WPC - Audio-Technica Iberia","isPartOf":{"@id":"https:\/\/distribution.audio-technica.eu\/es-es\/#website"},"primaryImageOfPage":{"@id":"https:\/\/distribution.audio-technica.eu\/es-es\/productos\/wpc\/#primaryimage"},"image":{"@id":"https:\/\/distribution.audio-technica.eu\/es-es\/productos\/wpc\/#primaryimage"},"thumbnailUrl":"\/app\/uploads\/sites\/2\/WPC-quarter-left-grille-off.jpg","datePublished":"2019-07-08T16:11:33+00:00","dateModified":"2026-03-03T14:38:08+00:00","breadcrumb":{"@id":"https:\/\/distribution.audio-technica.eu\/es-es\/productos\/wpc\/#breadcrumb"},"inLanguage":"es","potentialAction":[{"@type":"ReadAction","target":["https:\/\/distribution.audio-technica.eu\/es-es\/productos\/wpc\/"]}]},{"@type":"ImageObject","inLanguage":"es","@id":"https:\/\/distribution.audio-technica.eu\/es-es\/productos\/wpc\/#primaryimage","url":"\/app\/uploads\/sites\/2\/WPC-quarter-left-grille-off.jpg","contentUrl":"\/app\/uploads\/sites\/2\/WPC-quarter-left-grille-off.jpg","width":2000,"height":2000},{"@type":"BreadcrumbList","@id":"https:\/\/distribution.audio-technica.eu\/es-es\/productos\/wpc\/#breadcrumb","itemListElement":[{"@type":"ListItem","position":1,"name":"Products","item":"https:\/\/distribution.audio-technica.eu\/es-es\/"},{"@type":"ListItem","position":2,"name":"Productos","item":"https:\/\/distribution.audio-technica.eu\/es-es\/productos\/"},{"@type":"ListItem","position":3,"name":"WPC"}]},{"@type":"WebSite","@id":"https:\/\/distribution.audio-technica.eu\/es-es\/#website","url":"https:\/\/distribution.audio-technica.eu\/es-es\/","name":"Audio-Technica Iberia","description":"Distribuci\u00f3n","potentialAction":[{"@type":"SearchAction","target":{"@type":"EntryPoint","urlTemplate":"https:\/\/distribution.audio-technica.eu\/es-es\/?s={search_term_string}"},"query-input":{"@type":"PropertyValueSpecification","valueRequired":true,"valueName":"search_term_string"}}],"inLanguage":"es"}]}},"_links":{"self":[{"href":"https:\/\/distribution.audio-technica.eu\/es-es\/wp-json\/wp\/v2\/product\/17754","targetHints":{"allow":["GET"]}}],"collection":[{"href":"https:\/\/distribution.audio-technica.eu\/es-es\/wp-json\/wp\/v2\/product"}],"about":[{"href":"https:\/\/distribution.audio-technica.eu\/es-es\/wp-json\/wp\/v2\/types\/product"}],"wp:featuredmedia":[{"embeddable":true,"href":"https:\/\/distribution.audio-technica.eu\/es-es\/wp-json\/wp\/v2\/media\/42230"}],"wp:attachment":[{"href":"https:\/\/distribution.audio-technica.eu\/es-es\/wp-json\/wp\/v2\/media?parent=17754"}],"wp:term":[{"taxonomy":"product_brand","embeddable":true,"href":"https:\/\/distribution.audio-technica.eu\/es-es\/wp-json\/wp\/v2\/product_brand?post=17754"},{"taxonomy":"product_cat","embeddable":true,"href":"https:\/\/distribution.audio-technica.eu\/es-es\/wp-json\/wp\/v2\/product_cat?post=17754"},{"taxonomy":"product_tag","embeddable":true,"href":"https:\/\/distribution.audio-technica.eu\/es-es\/wp-json\/wp\/v2\/product_tag?post=17754"}],"curies":[{"name":"wp","href":"https:\/\/api.w.org\/{rel}","templated":true}]}}