{"id":17755,"date":"2019-07-08T18:17:52","date_gmt":"2019-07-08T16:17:52","guid":{"rendered":"https:\/\/atdb-production.studiograft.dev\/es\/?post_type=product&#038;p=17755"},"modified":"2026-03-03T15:34:13","modified_gmt":"2026-03-03T14:34:13","slug":"wpl","status":"publish","type":"product","link":"https:\/\/distribution.audio-technica.eu\/es-es\/productos\/wpl\/","title":{"rendered":"WPL"},"content":{"rendered":"<h2>WPL<\/h2>\n<h3>Elemento array biamplificado, tres v\u00edas<\/h3>\n<p>Los sistemas Wavefront Precision ofrecen una calidad sonora, una consistencia de cobertura y un nivel de control inigualables dentro de un paquete asequible. Wavefront Precision Longbow (WPL) traslada este alto rendimiento y control a aplicaciones de gran formato tanto en gira como en instalaci\u00f3n fija, desde conciertos en estadios y festivales al aire libre hasta arenas de alta especificaci\u00f3n y templos religiosos.<\/p>\n<p>WPL est\u00e1 concebido como un sistema completo que integra amplificadores multicanal externos iKON\u00ae, el software de optimizaci\u00f3n automatizada DISPLAY\u2122 y la plataforma de control VU-NET\u2122. Esto garantiza que los arrays WPL rindan de forma predecible y sin esfuerzo hasta su m\u00e1ximo dise\u00f1o, asegurando adem\u00e1s la compatibilidad con otros sistemas WPL en todo el mundo.<\/p>\n<p>WPL es un line array de gran formato capaz de ofrecer un nivel de salida excepcional en relaci\u00f3n con su tama\u00f1o y peso contenidos. Se trata de un sistema de tres v\u00edas en configuraci\u00f3n biamplificada cuyo elevado rendimiento se logra gracias al uso de la reconocida tecnolog\u00eda de carga por bocina de Martin Audio en todas las bandas de frecuencia, incrementando la eficiencia tanto en graves como en medios y altas frecuencias.<\/p>\n<p>Incorpora 2 transductores de 12\u201d (300 mm) con carga h\u00edbrida Hybrid\u00ae horn\/reflex, 2 de 6,5\u201d (165 mm) de cono acoplados a una bocina de medios que cubre el rango vocal desde 300 Hz hasta m\u00e1s de 4 kHz, y 3 motores de HF con salida de 1\u201d (25 mm) que operan a partir de 4 kHz. Cada secci\u00f3n integra t\u00e9cnicas innovadoras de carga por bocina y refinamientos que elevan el rendimiento ac\u00fastico del WPL a un nivel superior, tanto en t\u00e9rminos de nivel de salida como en la suavidad y uniformidad del patr\u00f3n de cobertura horizontal de 90\u00b0 en medios y altas frecuencias.<\/p>\n<p>Desde el punto de vista sonoro, el ejemplar patr\u00f3n de dispersi\u00f3n horizontal del WPL se traduce en una respuesta en frecuencia extraordinariamente uniforme fuera de eje, con variaciones m\u00ednimas respecto a la respuesta en eje.<\/p>\n<p>Los niveles m\u00e1ximos de salida pico de las secciones de graves, medios y agudos son 139 dB, 140 dB y 145 dB por recinto a 1 metro, respectivamente, lo que garantiza que un array WPL satisfaga los requisitos m\u00e1s exigentes de alcance y claridad en grandes recintos y eventos al aire libre.<\/p>\n<p>Desde el 2\u00ba trimestre de 2026 los recintos Wavefront Precision cuentan con grado de protecci\u00f3n IP54 e incorporan mejoras en los m\u00e9todos constructivos, pintura y elementos met\u00e1licos para aumentar su durabilidad. Asimismo, integran un indicador LED que puede activarse mediante el software VU-NET para identificar la ubicaci\u00f3n de cada recinto dentro del sistema.<\/p>\n<p>Con un rendimiento sin precedentes, inherente al dise\u00f1o ac\u00fastico de WPL, la resoluci\u00f3n escalable ofrece una gran nivel de versatilidad en cuanto al modo como el array WPL es amplificado y optimizado. Cuanto mayor sea el n\u00famero de recintos individuales utilizados, el software DISPLAY afinar\u00e1 con mayor precisi\u00f3n la cobertura del array, su consistencia y la capacidad de control dentro del recinto. Las ventajas que ofrece una mayor resoluci\u00f3n sobre un line array uniformemente amplificado son muy significativas, ya que las respuestas de frecuencia del frente a la parte posterior permanecen \u00edntimamente alineadas, con una reducci\u00f3n de potencia en la parte posterior del array.<\/p>\n<p>Un array formado por 12 recintos, biamplificado, con un crossover pasivo de medios \/ agudos, puede ser amplificado, o bien por medio de 3 amplificadores iK42 (resoluci\u00f3n de dos cajas) o por 6 amplificadores iK42 (resoluci\u00f3n de una caja). Con el n\u00famero de amplificadores determinados para satisfacer las necesidades del recinto, la aplicaci\u00f3n y el presupuesto, las ventajas de la resoluci\u00f3n escalable son claras:<\/p>\n<ul>\n<li>Dise\u00f1o del sistema que encaje con los objetivos de presupuesto<\/li>\n<li>Implementaci\u00f3n din\u00e1mica dentro de un lugar o sitio donde el PA principal se maneja con m\u00e1s canales amplificadores que los necesarios para retardos<\/li>\n<li>Precio adaptable de los alquileres, bas\u00e1ndose en la din\u00e1mica del evento y los recursos del cliente<\/li>\n<\/ul>\n<p>Para instalaciones especiales que requieren de la m\u00e1xima resoluci\u00f3n, es posible anular el crossover pasivo interno y controlar cada transductor de forma individual.<\/p>\n<p>Este caso de m\u00e1xima resoluci\u00f3n ofrece un control al estilo de MLA, pero con amplificaci\u00f3n externa. Es un sistema que muchos instaladores prefieren para implementarlo en grandes instalaciones fijas o estadios.<\/p>\n<p>DISPLAY es una herramienta de predicci\u00f3n y configuraci\u00f3n del array extremadamente potente. En lugar de utilizar el modelo geom\u00e9trico est\u00e1ndar, DISPLAY se basa en un modelo ac\u00fastico l\u00edder de la industria, que ofrece una precisi\u00f3n de +\/- 1 dB de los datos medidos, y proporciona una cobertura sin precedentes sobre toda la audiencia, desde el momento de su puesta en funcionamiento.<\/p>\n<p><strong>DISPLAY<\/strong> elimina el proceso de \u00abprueba &#8211; error\u00bb del proceso de despliegue del array, generando predicciones muy precisas sobre el SPL y la respuesta en frecuencia en todo el recinto, as\u00ed como proporcionando amplia informaci\u00f3n sobre el volado, incluyendo an\u00e1lisis mec\u00e1nico de seguridad. Los par\u00e1metros DSP calculados por DISPLAY pueden ser cargados muy f\u00e1cilmente a los amplificadores iKON por medio de Ethernet, utilizando el software de control y monitorizaci\u00f3n en tiempo real VU-NET de Martin Audio.<\/p>\n<p>Reduciendo el impacto del sonido en las zonas donde no hay audiencia, las paredes posteriores y los techos, DISPLAY mitiga la influencia negativa de la ac\u00fastica del recinto, aumentando la claridad y la inteligibilidad. La funci\u00f3n Hard Avoid de DISPLAY puede utilizarse tambi\u00e9n para reducir las fugas de sonido y reducir r\u00e1pidamente la proyecci\u00f3n fuera de los l\u00edmites del per\u00edmetro del festival.<\/p>\n<p>Significativamente, la capacidad de DISPLAY para mantener el sonido dentro de unos l\u00edmites estrictos mientras maximiza los niveles en la audiencia, puede revitalizar a los eventos al aire libre que anteriormente no se pod\u00edan realizar.<\/p>\n<p>WPL ha sido dise\u00f1ado como un sistema completo, con amplificadores multi canal clase D iKON. Para resoluci\u00f3n de 1 caja y 2 cajas, el amplificador de 4 canales iK42 proporciona salidas de muy alta potencia e incorpora comunicaci\u00f3n Ethernet de alta velocidad para el control y monitorizaci\u00f3n del sistema a trav\u00e9s del software VU-NET de Martin Audio, adem\u00e1s de audio digital en red Dante. Con la opci\u00f3n de transmitir audio digital a trav\u00e9s de un \u00fanico cable CAT5, es posible mantener la calidad del sonido incluso con largos cableado; adem\u00e1s, la integraci\u00f3n con otros dispositivos en el sistema de sonido se realiza de forma directa.<\/p>\n<p>Dado que los amplificadores son externos a los altavoces, la resoluci\u00f3n del array puede ser aumentada seg\u00fan sea necesario, simplemente a\u00f1adiendo m\u00e1s canales de amplificaci\u00f3n para amplificar m\u00e1s recintos array de forma independiente, aumentando el nivel de control disponible para que el software DISPLAY pueda ajustar de forma precisa la cobertura y reducir la influencia del recinto. Los amplificadores externos tambi\u00e9n facilitan el mantenimiento en instalaciones fijas.<\/p>\n<p>La tecnolog\u00eda h\u00edbrida combina la eficiencia e impacto de la bocina de graves con la amplitud de extensi\u00f3n de las bajas frecuencias que ofrece un recinto bass r\u00e9flex. Con una mejora en la eficiencia t\u00edpica de 48 dB comparado con los dise\u00f1os de graves de radiaci\u00f3n directa, un array WPL ofrece una importante ventaja sobre los arrays de radiaci\u00f3n directa cuando proyectan LF a distancia.<\/p>\n<p>La secci\u00f3n LF utiliza dos transductores de 12&#8243; (305mm) de carga frontal por dos bocinas hiperb\u00f3licas separadas para conseguir la m\u00e1xima eficiencia, y una c\u00e1mara posterior r\u00e9flex. Un puerto abocardado diferencialmente reduce las turbulencias y el ruido del aire.<\/p>\n<p>El espaciado entre las bocas de las bocinas gemelas, lo m\u00e1s alejadas posible dentro del recinto, ayuda al control de directividad a 150Hz, lo que reduce la salida de graves &#8211; medios a los lados y la parte posterior del array. Los transductores han sido dise\u00f1ados para ofrecer una gran excursi\u00f3n, e incorporan bobinas de 3&#8243; (75mm), imanes de neodimio y refrigeraci\u00f3n por forzado del aire para reducir la compresi\u00f3n de potencia.<\/p>\n<p>La secci\u00f3n de medios -patentada- es un elemento central para conseguir el sonido caracter\u00edstico y el espectacular patr\u00f3n horizontal de WPL. Comparado con los dise\u00f1os de medios de radiaci\u00f3n directa de la competencia, el dise\u00f1o de la bocina de medios de WPL ofrece como ventajas tanto su capacidad para entregar mayor potencia como su excelente patr\u00f3n horizontal, que no var\u00eda de forma significativa en funci\u00f3n de la frecuencia.<\/p>\n<p>Incorporando 2 transductores de cono de 6.5&#8243; (165mm) con tapones de fase toroidales, y montados en una bocina de directividad horizontal constante de 90\u00b0, La secci\u00f3n de medios cubre la gama entre 300Hz y 4kHZ. las frecuencias fundamentales del rango vocal se reproducen mediante un solo dispositivo y un solo material de diafragma, ofreciendo as\u00ed una mayor consistencia y claridad frente a los dise\u00f1os de la competencia que combinan diferentes dispositivos y material de diafragma.<\/p>\n<p>Adem\u00e1s, la baja relaci\u00f3n de compresi\u00f3n en el cuello de la bocina proporcionada por los tapones de fase toroidales -patentados- reducen la distorsi\u00f3n en comparaci\u00f3n con los dise\u00f1os de bocina de alta compresi\u00f3n, y la gu\u00eda de onda HiBlade suaviza y mejora la directividad horizontal de la bocina en toda su gama. Los refinamientos t\u00e9cnicos de la bocina de medios contribuyen al potente y uniforme rendimiento en la reproducci\u00f3n de voces que ofrece WPL.<\/p>\n<p>Trabajando desde los 4kHz y hacia arriba, la secci\u00f3n HF de WPL utiliza 3 transductores de compresi\u00f3n de neodimio de 1&#8243; (25mm), montados en bocinas individuales con una aut\u00e9ntica caracter\u00edstica de directividad horizontal constante de 90\u00b0.<\/p>\n<p>Tradicionalmente, la competencia utiliza en los line arrays transductores de compresi\u00f3n de mayor formato que, t\u00edpicamente, realizan el corte en una octava m\u00e1s baja, dando como resultado mayor distorsi\u00f3n y un sonido m\u00e1s \u00e1spero, justo en la zona en la que el o\u00eddo es m\u00e1s sensible.<\/p>\n<p>En contraste, el alto punto de cruce de 4kHz habilitado por el dise\u00f1o de bocina de medios, junto con el uso de controladores de diafragma de HF m\u00e1s peque\u00f1os, significa que WPL ofrece un sonido de alta frecuencia pr\u00edstino, con una distorsi\u00f3n mucho menor que los dise\u00f1os tradicionales, con el beneficio adicional de un extremo superior m\u00e1s amplio, que no se puede alcanzar con los dispositivos de gran formato, que operan en la regi\u00f3n de ruptura en el extremo superior de su gama.<\/p>\n<p>Las \u00abcu\u00f1as\u00bb patentadas en forma de cometa en la garganta de cada bocina aplanan la curvatura del frente de onda para que la secci\u00f3n HF funcione como un verdadero line array.<\/p>\n<p>La seguridad, la simplicidad y la velocidad son aspectos esenciales de un sistema de montaje; el sistema de montaje de tres puntos WPL aborda por completo estos aspectos. El dise\u00f1o de los herrajes permite la suspensi\u00f3n de hasta 24 recintos, mientras que el software DISPLAY calcula los \u00e1ngulos de separaci\u00f3n de 0 \u00b0 a 7,5 \u00b0 necesarios para producir la cobertura vertical deseada. DISPLAY tambi\u00e9n determina los l\u00edmites de seguridad del array y confirma el cumplimiento de normativas espec\u00edficas de seguridad.<\/p>\n<p>&nbsp;<\/p>\n<p><strong>Caracter\u00edsticas Principales<\/strong><\/p>\n<ul>\n<li>Line array de gran formato y altas prestaciones<\/li>\n<li>Dise\u00f1o basado enteramente en bocinas, con la m\u00e1xima eficiencia<\/li>\n<li>Rendimiento sonoro excepcional y caracter\u00edstico<\/li>\n<li>Ejemplar patr\u00f3n de directividad constante horizontal de 90\u00b0<\/li>\n<li>Amplificaci\u00f3n multicanal externa, exclusiva, clase D<\/li>\n<li>Resoluci\u00f3n escalable para un flexible optimizaci\u00f3n de la cobertura, consistencia y capacidad de control<\/li>\n<li>Software DISPLAY, l\u00edder de la industria, que interact\u00faa con el DSP para conseguir una optimizaci\u00f3n excepcionalmente precisa<\/li>\n<li>Sistema de volado r\u00e1pido, integral, para hasta 24 recintos<\/li>\n<li>Dise\u00f1o compacto y ligero, con asas laterales discretas que facilitan su manejo<\/li>\n<\/ul>\n<p>&nbsp;<\/p>\n<p><strong>Aplicaciones<\/strong><\/p>\n<ul>\n<li>Sonorizaci\u00f3n para giras, festivales, estadios y arenas<\/li>\n<li>Instalaci\u00f3n en estadios deportivos<\/li>\n<li>Instalaci\u00f3n en salas de conciertos y templos<\/li>\n<\/ul>\n","protected":false},"excerpt":{"rendered":"<h3>Elemento array biamplificado, tres v\u00edas<\/h3>\n<ul>\n<li>Line array de gran formato y altas prestaciones<\/li>\n<li>Dise\u00f1o basado enteramente en bocinas, con la m\u00e1xima eficiencia<\/li>\n<li>Resoluci\u00f3n escalable<\/li>\n<li>Software DISPLAY<\/li>\n<li>SPL m\u00e1ximo: LF: 139dB; MF: 140dB; HF: 145dB<\/li>\n<\/ul>\n","protected":false},"featured_media":42214,"template":"","meta":{"_acf_changed":false},"product_brand":[],"product_cat":[2083,2087,2084,2095,2085,2107],"product_tag":[],"class_list":{"0":"post-17755","1":"product","2":"type-product","3":"status-publish","4":"has-post-thumbnail","6":"product_cat-sistemas-sonido-directo","7":"product_cat-line-arrays-pasivos","8":"product_cat-sistemas-instalacion","9":"product_cat-line-arrays-pasivos-sistemas-instalacion","10":"product_cat-por-series-martin-audio","11":"product_cat-serie-wavefront-precision","12":"product_series-serie-wavefront-precision","14":"first","15":"instock","16":"shipping-taxable","17":"product-type-simple"},"acf":[],"yoast_head":"<!-- This site is optimized with the Yoast SEO plugin v27.1.1 - https:\/\/yoast.com\/product\/yoast-seo-wordpress\/ -->\n<title>WPL - Audio-Technica Iberia<\/title>\n<meta name=\"robots\" content=\"index, follow, max-snippet:-1, max-image-preview:large, max-video-preview:-1\" \/>\n<link rel=\"canonical\" href=\"https:\/\/distribution.audio-technica.eu\/es-es\/productos\/wpl\/\" \/>\n<meta property=\"og:locale\" content=\"es_ES\" \/>\n<meta property=\"og:type\" content=\"article\" \/>\n<meta property=\"og:title\" content=\"WPL - Audio-Technica Iberia\" \/>\n<meta property=\"og:description\" content=\"Elemento array biamplificado, tres v\u00edas   Line array de gran formato y altas prestaciones  Dise\u00f1o basado enteramente en bocinas, con la m\u00e1xima eficiencia  Resoluci\u00f3n escalable  Software DISPLAY  SPL m\u00e1ximo: LF: 139dB; MF: 140dB; HF: 145dB\" \/>\n<meta property=\"og:url\" content=\"https:\/\/distribution.audio-technica.eu\/es-es\/productos\/wpl\/\" \/>\n<meta property=\"og:site_name\" content=\"Audio-Technica Iberia\" \/>\n<meta property=\"article:modified_time\" content=\"2026-03-03T14:34:13+00:00\" \/>\n<meta property=\"og:image\" content=\"https:\/\/distribution.audio-technica.eu\/app\/uploads\/sites\/2\/WPL-quarter-left-grille-off.jpg\" \/>\n\t<meta property=\"og:image:width\" content=\"2000\" \/>\n\t<meta property=\"og:image:height\" content=\"2000\" \/>\n\t<meta property=\"og:image:type\" content=\"image\/jpeg\" \/>\n<meta name=\"twitter:card\" content=\"summary_large_image\" \/>\n<meta name=\"twitter:label1\" content=\"Tiempo de lectura\" \/>\n\t<meta name=\"twitter:data1\" content=\"9 minutos\" \/>\n<script type=\"application\/ld+json\" class=\"yoast-schema-graph\">{\"@context\":\"https:\/\/schema.org\",\"@graph\":[{\"@type\":\"WebPage\",\"@id\":\"https:\/\/distribution.audio-technica.eu\/es-es\/productos\/wpl\/\",\"url\":\"https:\/\/distribution.audio-technica.eu\/es-es\/productos\/wpl\/\",\"name\":\"WPL - Audio-Technica Iberia\",\"isPartOf\":{\"@id\":\"https:\/\/distribution.audio-technica.eu\/es-es\/#website\"},\"primaryImageOfPage\":{\"@id\":\"https:\/\/distribution.audio-technica.eu\/es-es\/productos\/wpl\/#primaryimage\"},\"image\":{\"@id\":\"https:\/\/distribution.audio-technica.eu\/es-es\/productos\/wpl\/#primaryimage\"},\"thumbnailUrl\":\"\/app\/uploads\/sites\/2\/WPL-quarter-left-grille-off.jpg\",\"datePublished\":\"2019-07-08T16:17:52+00:00\",\"dateModified\":\"2026-03-03T14:34:13+00:00\",\"breadcrumb\":{\"@id\":\"https:\/\/distribution.audio-technica.eu\/es-es\/productos\/wpl\/#breadcrumb\"},\"inLanguage\":\"es\",\"potentialAction\":[{\"@type\":\"ReadAction\",\"target\":[\"https:\/\/distribution.audio-technica.eu\/es-es\/productos\/wpl\/\"]}]},{\"@type\":\"ImageObject\",\"inLanguage\":\"es\",\"@id\":\"https:\/\/distribution.audio-technica.eu\/es-es\/productos\/wpl\/#primaryimage\",\"url\":\"\/app\/uploads\/sites\/2\/WPL-quarter-left-grille-off.jpg\",\"contentUrl\":\"\/app\/uploads\/sites\/2\/WPL-quarter-left-grille-off.jpg\",\"width\":2000,\"height\":2000},{\"@type\":\"BreadcrumbList\",\"@id\":\"https:\/\/distribution.audio-technica.eu\/es-es\/productos\/wpl\/#breadcrumb\",\"itemListElement\":[{\"@type\":\"ListItem\",\"position\":1,\"name\":\"Products\",\"item\":\"https:\/\/distribution.audio-technica.eu\/es-es\/\"},{\"@type\":\"ListItem\",\"position\":2,\"name\":\"Productos\",\"item\":\"https:\/\/distribution.audio-technica.eu\/es-es\/productos\/\"},{\"@type\":\"ListItem\",\"position\":3,\"name\":\"WPL\"}]},{\"@type\":\"WebSite\",\"@id\":\"https:\/\/distribution.audio-technica.eu\/es-es\/#website\",\"url\":\"https:\/\/distribution.audio-technica.eu\/es-es\/\",\"name\":\"Audio-Technica Iberia\",\"description\":\"Distribuci\u00f3n\",\"potentialAction\":[{\"@type\":\"SearchAction\",\"target\":{\"@type\":\"EntryPoint\",\"urlTemplate\":\"https:\/\/distribution.audio-technica.eu\/es-es\/?s={search_term_string}\"},\"query-input\":{\"@type\":\"PropertyValueSpecification\",\"valueRequired\":true,\"valueName\":\"search_term_string\"}}],\"inLanguage\":\"es\"}]}<\/script>\n<!-- \/ Yoast SEO plugin. -->","yoast_head_json":{"title":"WPL - Audio-Technica Iberia","robots":{"index":"index","follow":"follow","max-snippet":"max-snippet:-1","max-image-preview":"max-image-preview:large","max-video-preview":"max-video-preview:-1"},"canonical":"https:\/\/distribution.audio-technica.eu\/es-es\/productos\/wpl\/","og_locale":"es_ES","og_type":"article","og_title":"WPL - Audio-Technica Iberia","og_description":"Elemento array biamplificado, tres v\u00edas   Line array de gran formato y altas prestaciones  Dise\u00f1o basado enteramente en bocinas, con la m\u00e1xima eficiencia  Resoluci\u00f3n escalable  Software DISPLAY  SPL m\u00e1ximo: LF: 139dB; MF: 140dB; HF: 145dB","og_url":"https:\/\/distribution.audio-technica.eu\/es-es\/productos\/wpl\/","og_site_name":"Audio-Technica Iberia","article_modified_time":"2026-03-03T14:34:13+00:00","og_image":[{"width":2000,"height":2000,"url":"https:\/\/distribution.audio-technica.eu\/app\/uploads\/sites\/2\/WPL-quarter-left-grille-off.jpg","type":"image\/jpeg"}],"twitter_card":"summary_large_image","twitter_misc":{"Tiempo de lectura":"9 minutos"},"schema":{"@context":"https:\/\/schema.org","@graph":[{"@type":"WebPage","@id":"https:\/\/distribution.audio-technica.eu\/es-es\/productos\/wpl\/","url":"https:\/\/distribution.audio-technica.eu\/es-es\/productos\/wpl\/","name":"WPL - Audio-Technica Iberia","isPartOf":{"@id":"https:\/\/distribution.audio-technica.eu\/es-es\/#website"},"primaryImageOfPage":{"@id":"https:\/\/distribution.audio-technica.eu\/es-es\/productos\/wpl\/#primaryimage"},"image":{"@id":"https:\/\/distribution.audio-technica.eu\/es-es\/productos\/wpl\/#primaryimage"},"thumbnailUrl":"\/app\/uploads\/sites\/2\/WPL-quarter-left-grille-off.jpg","datePublished":"2019-07-08T16:17:52+00:00","dateModified":"2026-03-03T14:34:13+00:00","breadcrumb":{"@id":"https:\/\/distribution.audio-technica.eu\/es-es\/productos\/wpl\/#breadcrumb"},"inLanguage":"es","potentialAction":[{"@type":"ReadAction","target":["https:\/\/distribution.audio-technica.eu\/es-es\/productos\/wpl\/"]}]},{"@type":"ImageObject","inLanguage":"es","@id":"https:\/\/distribution.audio-technica.eu\/es-es\/productos\/wpl\/#primaryimage","url":"\/app\/uploads\/sites\/2\/WPL-quarter-left-grille-off.jpg","contentUrl":"\/app\/uploads\/sites\/2\/WPL-quarter-left-grille-off.jpg","width":2000,"height":2000},{"@type":"BreadcrumbList","@id":"https:\/\/distribution.audio-technica.eu\/es-es\/productos\/wpl\/#breadcrumb","itemListElement":[{"@type":"ListItem","position":1,"name":"Products","item":"https:\/\/distribution.audio-technica.eu\/es-es\/"},{"@type":"ListItem","position":2,"name":"Productos","item":"https:\/\/distribution.audio-technica.eu\/es-es\/productos\/"},{"@type":"ListItem","position":3,"name":"WPL"}]},{"@type":"WebSite","@id":"https:\/\/distribution.audio-technica.eu\/es-es\/#website","url":"https:\/\/distribution.audio-technica.eu\/es-es\/","name":"Audio-Technica Iberia","description":"Distribuci\u00f3n","potentialAction":[{"@type":"SearchAction","target":{"@type":"EntryPoint","urlTemplate":"https:\/\/distribution.audio-technica.eu\/es-es\/?s={search_term_string}"},"query-input":{"@type":"PropertyValueSpecification","valueRequired":true,"valueName":"search_term_string"}}],"inLanguage":"es"}]}},"_links":{"self":[{"href":"https:\/\/distribution.audio-technica.eu\/es-es\/wp-json\/wp\/v2\/product\/17755","targetHints":{"allow":["GET"]}}],"collection":[{"href":"https:\/\/distribution.audio-technica.eu\/es-es\/wp-json\/wp\/v2\/product"}],"about":[{"href":"https:\/\/distribution.audio-technica.eu\/es-es\/wp-json\/wp\/v2\/types\/product"}],"wp:featuredmedia":[{"embeddable":true,"href":"https:\/\/distribution.audio-technica.eu\/es-es\/wp-json\/wp\/v2\/media\/42214"}],"wp:attachment":[{"href":"https:\/\/distribution.audio-technica.eu\/es-es\/wp-json\/wp\/v2\/media?parent=17755"}],"wp:term":[{"taxonomy":"product_brand","embeddable":true,"href":"https:\/\/distribution.audio-technica.eu\/es-es\/wp-json\/wp\/v2\/product_brand?post=17755"},{"taxonomy":"product_cat","embeddable":true,"href":"https:\/\/distribution.audio-technica.eu\/es-es\/wp-json\/wp\/v2\/product_cat?post=17755"},{"taxonomy":"product_tag","embeddable":true,"href":"https:\/\/distribution.audio-technica.eu\/es-es\/wp-json\/wp\/v2\/product_tag?post=17755"}],"curies":[{"name":"wp","href":"https:\/\/api.w.org\/{rel}","templated":true}]}}