{"id":18818,"date":"2019-10-07T09:00:53","date_gmt":"2019-10-07T07:00:53","guid":{"rendered":"https:\/\/atdb-production.studiograft.dev\/es\/?post_type=product&#038;p=18818"},"modified":"2026-02-19T14:33:04","modified_gmt":"2026-02-19T13:33:04","slug":"avantis","status":"publish","type":"product","link":"https:\/\/distribution.audio-technica.eu\/es-es\/productos\/avantis\/","title":{"rendered":"Avantis"},"content":{"rendered":"<h2>Avantis<\/h2>\n<h3>Mezclador digital de 64 canales \/ 42 buses<\/h3>\n<p>Avantis es el tercer mezclador digital basado en el motor XCVI FPGA de 96 kHz, que coloca esta avanzada tecnolog\u00eda en una consola de 64 canales \/ 42 buses configurables, equipada con dos pantallas t\u00e1ctiles Full HD, un flujo de trabajo s\u00faper flexible gracias al interface de usuario Continuity, amplias opciones de entrada y salida, posibilidad de a\u00f1adir el procesado de la consola de mezclas dLive, y un robusto chasis totalmente met\u00e1lico.<\/p>\n<p>El n\u00facleo XCVI a 96 kHz, dise\u00f1ado por Allen &amp; Heath utilizando la tecnolog\u00eda FPGA m\u00e1s avanzada, ofrece n\u00facleos de procesado virtual en paralelo, proporcionando 64 entradas con procesado completo y una arquitectura de 42 buses configurables con coherencia de fase en todas las salidas de mezcla. XCVI utiliza profundidad de bit variable para conseguir la m\u00e1xima precisi\u00f3n y excelente comportamiento en cuanto a ruido, un bus de mezcla de 96 bit y una latencia ultra baja de solo 0.7 ms. Tambi\u00e9n permite el procesado DEEP, que permite incrustar emulaciones de procesado de la m\u00e1xima calidad tanto en los canales como en las mezclas.<\/p>\n<p>Para cualquier usuario que busque un sistema compacto, o cualquier empresa de alquiler que ya disponga de equipos Allen &amp; Heath, la conexi\u00f3n SLink que incorpora Avantis permite una flexibilidad real para facilitar la conexi\u00f3n con toda la gama de hardware de Allen &amp; Heath. Tambi\u00e9n es compatible con el sistema de mezcla personal ME y con los controladores remotos de la serie IP.<\/p>\n<p>Uno de los rasgos m\u00e1s caracter\u00edsticos de esta nueva consola es la presencia del interface de usuario Continuity. Con un total de 206 pulgadas cuadradas de espacio de pantalla funcionando con una resoluci\u00f3n Full HD de 1080p, el interface de usuario Continuity le permite ver e interactuar de forma instant\u00e1nea con todos los par\u00e1metros, permitiendo una conexi\u00f3n directa entre los controles f\u00edsicos y las pantallas. Los faders reaccionan al tacto para resaltar de inmediato los canales activos para una retroalimentaci\u00f3n visual instant\u00e1nea.<\/p>\n<p>Los controles rotativos de canal le permiten trabajar sobre las ganancias o panoramas; con solo tocar un bot\u00f3n, se pliega din\u00e1micamente la pantalla para mostrar los par\u00e1metros de EQ o compresor en todo el banco. Cada pantalla tambi\u00e9n dispone de la pesta\u00f1a FastGrab en su lado derecho, que proporciona acceso a par\u00e1metros clave libremente asignables, tales como env\u00edos auxiliares, EQ, compresor y FX en el canal seleccionado actualmente o en un canal espec\u00edfico. Todo el sistema est\u00e1 configurado para mostrar din\u00e1micamente la informaci\u00f3n que necesita en cualquier momento y poner el control al alcance de su mano.<\/p>\n<p>Avantis dispone de ponderosas herramientas de procesado, capaces de satisfacer las demandas de la mayor\u00eda de los usuarios y aplicaciones. Sin embargo, si se necesitan m\u00e1s opciones es posible actualizar la consola con el dPack de Avantis, que proporciona procesado adicional procedente del sistema dLive, el m\u00e1s potente fabricado por Allen &amp; Heath, entre los que se incluyen Dyn8 (hasta 16 llamadas), compresores DEEP, y el preamplificador Dual-Stage Valve. Adem\u00e1s, todos aquellos usuarios que adquieran el dPack recibir\u00e1n de forma autom\u00e1tica y totalmente gratuita todas las futuras actualizaciones de dPack.<\/p>\n<p>Cada parte de Avantis ha sido cuidadosamente dise\u00f1ada. La unidad operativa est\u00e1 encerrada en un exoesqueleto tubular de metal s\u00faper resistente; Avantis es liviano y f\u00e1cil de levantar, pero incre\u00edblemente robusto.<\/p>\n<p>Dos puertos de entrada y salida adicionales permiten que Avantis pueda beneficiarse de toda la gama disponible actualmente de tarjetas opcionales para dLive, incluyendo Dante (64&#215;64 y 128&#215;128), Waves, gigaACE, MADI y otras, ampliando espectacularmente las posibilidades de integraci\u00f3n del sistema, las divisiones FoH \/ monitor y la grabaci\u00f3n multipista.<\/p>\n<p>Para entrada y salida local, Avantis est\u00e1 equipada con 12 entradas anal\u00f3gicas a trav\u00e9s de XLR, 12 salidas anal\u00f3gicas a trav\u00e9s de XLR, y AES (una entrada est\u00e9reo y dos salidas est\u00e9reo).<\/p>\n<p>Las emulaciones de FX creadas por Allen &amp; Heath han conseguido una merecida reputaci\u00f3n, consiguiendo rivalizar con los mejores plug ins creados por las firmas m\u00e1s prestigiosas; pero ofrecen la ventaja adicional de carecer de todos sus inconvenientes. Avantis dispone de 12 motores est\u00e9reo de FX y de la aclamada librer\u00eda RackExtra, que incluye emulaciones de legendarias reverbs cl\u00e1sicas, reverbs con gate, retardos, moduladores y mucho m\u00e1s. Todos los FX disponen de retornos est\u00e9reo espec\u00edficos, de forma que no es necesario ocupar canales de entrada.<\/p>\n<ul>\n<li>Avanzado mezclador digital de 64 canales y 42 buses.<\/li>\n<li>N\u00facleo XCVI. Procesado FPGA a 96kHz, con bus de 96 bit y una latencia de 0.7ms<\/li>\n<li>Bus de mezcla de arquitectura totalmente configurable<\/li>\n<li>Conectividad con el ecosistema Everything I\/O de Allen &amp; Heath para expansores remotos<\/li>\n<li>dPack opcional que a\u00f1ade procesado procedente de dLive, incluyendo 16 motores Dyn8, adem\u00e1s de compresores DEEP con latencia cero y preamplificadores Dual-Stage Valve<\/li>\n<li>Dos pantallas t\u00e1ctiles de 15.6&#8243; Full HD con control gestual.<\/li>\n<li>Interface de usuario Continuity que conecta f\u00e1cilmente los controles f\u00edsicos y los controles en la pantalla t\u00e1ctil, para conseguir flujos de trabajo m\u00e1s f\u00e1ciles e intuitivos.<\/li>\n<li>Chasis totalmente met\u00e1lico, s\u00faper robusto y ligero<\/li>\n<li>12 ranuras RackExtra FX con retornos est\u00e9reo espec\u00edficos<\/li>\n<li>16 DCAs<\/li>\n<li>AMM (Automatic Mic Mixer) de hasta 64 canales sobre 1, 2 o 4 zonas<\/li>\n<li>Configuraci\u00f3n totalmente asignable<\/li>\n<li>144 fader strips (24 faders, 6 capas) con secci\u00f3n master espec\u00edfica opcional<\/li>\n<li>Puerto SLink para conexi\u00f3n de expansores E\/S remotos y sistema de mezcla personal ME<\/li>\n<li>12 entradas anal\u00f3gicas a trav\u00e9s de XLR \/ 12 salidas anal\u00f3gicas a trav\u00e9s de XLR<\/li>\n<li>1 entrada est\u00e9reo AES \/ 2 salidas est\u00e9reo AES<\/li>\n<li>2 puertos E\/S, ambos capaces de funcionar con 128&#215;128 a 96kHz, para tarjetas opcionales, incluidas Dante, MADI y gigaACE<\/li>\n<li>Controles rotativos configurables por el usuario<\/li>\n<li>24 SoftKeys asignables<\/li>\n<li>Amplia medici\u00f3n con detecci\u00f3n de pico multipunto<\/li>\n<li>Grabaci\u00f3n y reproducci\u00f3n USB est\u00e9reo<\/li>\n<li>BNC Word Clock<\/li>\n<\/ul>\n","protected":false},"excerpt":{"rendered":"<h3>Mezclador digital de 64 canales \/ 42 buses<\/h3>\n<ul>\n<li>Nueva generaci\u00f3n de mezclador digital 96kHz de 64 canales y 42 bus<\/li>\n<li>Bus de mezcla de arquitectura totalmente configurable<\/li>\n<li>N\u00facleo XCVI CORE, con latencia de 0.7ms \/ coherencia de fase<\/li>\n<li>Dos pantallas t\u00e1ctiles Full HD con interfaz Continuity<\/li>\n<li>Amplia gama de expansores remotos<\/li>\n<li>Actualizaci\u00f3n Dpack para procesamiento dLive<\/li>\n<li>Chasis robusto completamente met\u00e1lico y ligero<\/li>\n<\/ul>\n","protected":false},"featured_media":18825,"template":"","meta":{"_acf_changed":false},"product_brand":[],"product_cat":[1493,1494,2472],"product_tag":[],"class_list":{"0":"post-18818","1":"product","2":"type-product","3":"status-publish","4":"has-post-thumbnail","6":"product_cat-mesas-de-mezclas-allen-heath","7":"product_cat-mesas-de-mezclas-para-directo-mesas-de-mezclas-allen-heath","8":"product_cat-serie-avantis","9":"product_series-serie-avantis","11":"first","12":"instock","13":"shipping-taxable","14":"product-type-simple"},"acf":[],"yoast_head":"<!-- This site is optimized with the Yoast SEO plugin v27.1.1 - https:\/\/yoast.com\/product\/yoast-seo-wordpress\/ -->\n<title>Avantis - Audio-Technica Iberia<\/title>\n<meta name=\"robots\" content=\"index, follow, max-snippet:-1, max-image-preview:large, max-video-preview:-1\" \/>\n<link rel=\"canonical\" href=\"https:\/\/distribution.audio-technica.eu\/es-es\/productos\/avantis\/\" \/>\n<meta property=\"og:locale\" content=\"es_ES\" \/>\n<meta property=\"og:type\" content=\"article\" \/>\n<meta property=\"og:title\" content=\"Avantis - Audio-Technica Iberia\" \/>\n<meta property=\"og:description\" content=\"Mezclador digital de 64 canales \/ 42 buses   Nueva generaci\u00f3n de mezclador digital 96kHz de 64 canales y 42 bus  Bus de mezcla de arquitectura totalmente configurable  N\u00facleo XCVI CORE, con latencia de 0.7ms \/ coherencia de fase  Dos pantallas t\u00e1ctiles Full HD con interfaz Continuity  Amplia gama de expansores remotos  Actualizaci\u00f3n Dpack para procesamiento dLive  Chasis robusto completamente met\u00e1lico y ligero\" \/>\n<meta property=\"og:url\" content=\"https:\/\/distribution.audio-technica.eu\/es-es\/productos\/avantis\/\" \/>\n<meta property=\"og:site_name\" content=\"Audio-Technica Iberia\" \/>\n<meta property=\"article:modified_time\" content=\"2026-02-19T13:33:04+00:00\" \/>\n<meta property=\"og:image\" content=\"https:\/\/distribution.audio-technica.eu\/app\/uploads\/sites\/2\/AH-Avantis-34-Right-300.jpg\" \/>\n\t<meta property=\"og:image:width\" content=\"1000\" \/>\n\t<meta property=\"og:image:height\" content=\"1000\" \/>\n\t<meta property=\"og:image:type\" content=\"image\/jpeg\" \/>\n<meta name=\"twitter:card\" content=\"summary_large_image\" \/>\n<meta name=\"twitter:label1\" content=\"Tiempo de lectura\" \/>\n\t<meta name=\"twitter:data1\" content=\"5 minutos\" \/>\n<script type=\"application\/ld+json\" class=\"yoast-schema-graph\">{\"@context\":\"https:\/\/schema.org\",\"@graph\":[{\"@type\":\"WebPage\",\"@id\":\"https:\/\/distribution.audio-technica.eu\/es-es\/productos\/avantis\/\",\"url\":\"https:\/\/distribution.audio-technica.eu\/es-es\/productos\/avantis\/\",\"name\":\"Avantis - Audio-Technica Iberia\",\"isPartOf\":{\"@id\":\"https:\/\/distribution.audio-technica.eu\/es-es\/#website\"},\"primaryImageOfPage\":{\"@id\":\"https:\/\/distribution.audio-technica.eu\/es-es\/productos\/avantis\/#primaryimage\"},\"image\":{\"@id\":\"https:\/\/distribution.audio-technica.eu\/es-es\/productos\/avantis\/#primaryimage\"},\"thumbnailUrl\":\"\/app\/uploads\/sites\/2\/AH-Avantis-34-Right-300.jpg\",\"datePublished\":\"2019-10-07T07:00:53+00:00\",\"dateModified\":\"2026-02-19T13:33:04+00:00\",\"breadcrumb\":{\"@id\":\"https:\/\/distribution.audio-technica.eu\/es-es\/productos\/avantis\/#breadcrumb\"},\"inLanguage\":\"es\",\"potentialAction\":[{\"@type\":\"ReadAction\",\"target\":[\"https:\/\/distribution.audio-technica.eu\/es-es\/productos\/avantis\/\"]}]},{\"@type\":\"ImageObject\",\"inLanguage\":\"es\",\"@id\":\"https:\/\/distribution.audio-technica.eu\/es-es\/productos\/avantis\/#primaryimage\",\"url\":\"\/app\/uploads\/sites\/2\/AH-Avantis-34-Right-300.jpg\",\"contentUrl\":\"\/app\/uploads\/sites\/2\/AH-Avantis-34-Right-300.jpg\",\"width\":1000,\"height\":1000},{\"@type\":\"BreadcrumbList\",\"@id\":\"https:\/\/distribution.audio-technica.eu\/es-es\/productos\/avantis\/#breadcrumb\",\"itemListElement\":[{\"@type\":\"ListItem\",\"position\":1,\"name\":\"Products\",\"item\":\"https:\/\/distribution.audio-technica.eu\/es-es\/\"},{\"@type\":\"ListItem\",\"position\":2,\"name\":\"Productos\",\"item\":\"https:\/\/distribution.audio-technica.eu\/es-es\/productos\/\"},{\"@type\":\"ListItem\",\"position\":3,\"name\":\"Avantis\"}]},{\"@type\":\"WebSite\",\"@id\":\"https:\/\/distribution.audio-technica.eu\/es-es\/#website\",\"url\":\"https:\/\/distribution.audio-technica.eu\/es-es\/\",\"name\":\"Audio-Technica Iberia\",\"description\":\"Distribuci\u00f3n\",\"potentialAction\":[{\"@type\":\"SearchAction\",\"target\":{\"@type\":\"EntryPoint\",\"urlTemplate\":\"https:\/\/distribution.audio-technica.eu\/es-es\/?s={search_term_string}\"},\"query-input\":{\"@type\":\"PropertyValueSpecification\",\"valueRequired\":true,\"valueName\":\"search_term_string\"}}],\"inLanguage\":\"es\"}]}<\/script>\n<!-- \/ Yoast SEO plugin. -->","yoast_head_json":{"title":"Avantis - Audio-Technica Iberia","robots":{"index":"index","follow":"follow","max-snippet":"max-snippet:-1","max-image-preview":"max-image-preview:large","max-video-preview":"max-video-preview:-1"},"canonical":"https:\/\/distribution.audio-technica.eu\/es-es\/productos\/avantis\/","og_locale":"es_ES","og_type":"article","og_title":"Avantis - Audio-Technica Iberia","og_description":"Mezclador digital de 64 canales \/ 42 buses   Nueva generaci\u00f3n de mezclador digital 96kHz de 64 canales y 42 bus  Bus de mezcla de arquitectura totalmente configurable  N\u00facleo XCVI CORE, con latencia de 0.7ms \/ coherencia de fase  Dos pantallas t\u00e1ctiles Full HD con interfaz Continuity  Amplia gama de expansores remotos  Actualizaci\u00f3n Dpack para procesamiento dLive  Chasis robusto completamente met\u00e1lico y ligero","og_url":"https:\/\/distribution.audio-technica.eu\/es-es\/productos\/avantis\/","og_site_name":"Audio-Technica Iberia","article_modified_time":"2026-02-19T13:33:04+00:00","og_image":[{"width":1000,"height":1000,"url":"https:\/\/distribution.audio-technica.eu\/app\/uploads\/sites\/2\/AH-Avantis-34-Right-300.jpg","type":"image\/jpeg"}],"twitter_card":"summary_large_image","twitter_misc":{"Tiempo de lectura":"5 minutos"},"schema":{"@context":"https:\/\/schema.org","@graph":[{"@type":"WebPage","@id":"https:\/\/distribution.audio-technica.eu\/es-es\/productos\/avantis\/","url":"https:\/\/distribution.audio-technica.eu\/es-es\/productos\/avantis\/","name":"Avantis - Audio-Technica Iberia","isPartOf":{"@id":"https:\/\/distribution.audio-technica.eu\/es-es\/#website"},"primaryImageOfPage":{"@id":"https:\/\/distribution.audio-technica.eu\/es-es\/productos\/avantis\/#primaryimage"},"image":{"@id":"https:\/\/distribution.audio-technica.eu\/es-es\/productos\/avantis\/#primaryimage"},"thumbnailUrl":"\/app\/uploads\/sites\/2\/AH-Avantis-34-Right-300.jpg","datePublished":"2019-10-07T07:00:53+00:00","dateModified":"2026-02-19T13:33:04+00:00","breadcrumb":{"@id":"https:\/\/distribution.audio-technica.eu\/es-es\/productos\/avantis\/#breadcrumb"},"inLanguage":"es","potentialAction":[{"@type":"ReadAction","target":["https:\/\/distribution.audio-technica.eu\/es-es\/productos\/avantis\/"]}]},{"@type":"ImageObject","inLanguage":"es","@id":"https:\/\/distribution.audio-technica.eu\/es-es\/productos\/avantis\/#primaryimage","url":"\/app\/uploads\/sites\/2\/AH-Avantis-34-Right-300.jpg","contentUrl":"\/app\/uploads\/sites\/2\/AH-Avantis-34-Right-300.jpg","width":1000,"height":1000},{"@type":"BreadcrumbList","@id":"https:\/\/distribution.audio-technica.eu\/es-es\/productos\/avantis\/#breadcrumb","itemListElement":[{"@type":"ListItem","position":1,"name":"Products","item":"https:\/\/distribution.audio-technica.eu\/es-es\/"},{"@type":"ListItem","position":2,"name":"Productos","item":"https:\/\/distribution.audio-technica.eu\/es-es\/productos\/"},{"@type":"ListItem","position":3,"name":"Avantis"}]},{"@type":"WebSite","@id":"https:\/\/distribution.audio-technica.eu\/es-es\/#website","url":"https:\/\/distribution.audio-technica.eu\/es-es\/","name":"Audio-Technica Iberia","description":"Distribuci\u00f3n","potentialAction":[{"@type":"SearchAction","target":{"@type":"EntryPoint","urlTemplate":"https:\/\/distribution.audio-technica.eu\/es-es\/?s={search_term_string}"},"query-input":{"@type":"PropertyValueSpecification","valueRequired":true,"valueName":"search_term_string"}}],"inLanguage":"es"}]}},"_links":{"self":[{"href":"https:\/\/distribution.audio-technica.eu\/es-es\/wp-json\/wp\/v2\/product\/18818","targetHints":{"allow":["GET"]}}],"collection":[{"href":"https:\/\/distribution.audio-technica.eu\/es-es\/wp-json\/wp\/v2\/product"}],"about":[{"href":"https:\/\/distribution.audio-technica.eu\/es-es\/wp-json\/wp\/v2\/types\/product"}],"wp:featuredmedia":[{"embeddable":true,"href":"https:\/\/distribution.audio-technica.eu\/es-es\/wp-json\/wp\/v2\/media\/18825"}],"wp:attachment":[{"href":"https:\/\/distribution.audio-technica.eu\/es-es\/wp-json\/wp\/v2\/media?parent=18818"}],"wp:term":[{"taxonomy":"product_brand","embeddable":true,"href":"https:\/\/distribution.audio-technica.eu\/es-es\/wp-json\/wp\/v2\/product_brand?post=18818"},{"taxonomy":"product_cat","embeddable":true,"href":"https:\/\/distribution.audio-technica.eu\/es-es\/wp-json\/wp\/v2\/product_cat?post=18818"},{"taxonomy":"product_tag","embeddable":true,"href":"https:\/\/distribution.audio-technica.eu\/es-es\/wp-json\/wp\/v2\/product_tag?post=18818"}],"curies":[{"name":"wp","href":"https:\/\/api.w.org\/{rel}","templated":true}]}}