{"id":18846,"date":"2019-10-01T18:07:01","date_gmt":"2019-10-01T16:07:01","guid":{"rendered":"https:\/\/atdb-production.studiograft.dev\/es\/?post_type=product&#038;p=18846"},"modified":"2023-07-13T13:34:31","modified_gmt":"2023-07-13T11:34:31","slug":"8361-sam","status":"publish","type":"product","link":"https:\/\/distribution.audio-technica.eu\/es-es\/productos\/8361-sam\/","title":{"rendered":"8361A"},"content":{"rendered":"<h2>8361A<\/h2>\n<h3>Monitor coaxial 3 v\u00edas triamplificado SAM, 10&#8243;<\/h3>\n<p>El 8361 es el nuevo buque insignia de la serie The Ones. Ofrece el rendimiento ac\u00fastico m\u00e1s avanzado de cualquier monitor de estudio fabricado hasta la fecha en todo el mundo.<\/p>\n<p>El 8361 es el m\u00e1s grande de los monitores de fuente puntual fabricados por Genelec, y ofrece una gama din\u00e1mica excepcionalmente amplia, un direccionalidad e imagen sonora sin precedentes, y un SPL de 118 dB, proporcionando una monitorizaci\u00f3n de la m\u00e1xima calidad a cualquier distancia de escucha, de hasta 5 metros; esto lo hace perfecto para salas de tama\u00f1o peque\u00f1o o medio.<\/p>\n<p>Incorpora dos woofers cancelados ac\u00fasticamente, de nuevo dise\u00f1o, que generan un alto SPL con una distorsi\u00f3n excepcionalmente baja, y nuevos transductores coaxiales MDC para medios y tweeters para proporcionar una directividad uniforme, baja distorsi\u00f3n, alto SPL y una amplia respuesta en frecuencia que alcanza los 40 kHz. El recinto Minimum Diffraction Enclosure del 8361 elimina la coloraci\u00f3n y la totalidad del bafle frontal act\u00faa como un gu\u00eda ondas de control de la directividad, generando un punto de audici\u00f3n extremadamente amplio y sin coloraci\u00f3n.<\/p>\n<p>Al igual que todos los modelos de la serie The Ones, el 8361 facilita una toma de decisiones m\u00e1s r\u00e1pida y consistente, y permite trabajar de manera fiable en sesiones m\u00e1s largas, porque las im\u00e1genes no naturales, el principal factor que contribuye a la fatiga auditiva, se minimizan. Y, utilizado en combinaci\u00f3n con el software de calibraci\u00f3n GLM, puede adaptarse a cualquier espacio ac\u00fastico, compensando todos los factores negativos introducidos por la ac\u00fastica de la sala, y ayudando a producir mezclas fiables, desde est\u00e9reo a formatos inmersivos muy complejos.<\/p>\n<p>El 8361 incluye tecnolog\u00eda MDC (Minimum Diffraction Coaxial), DCW (Directivity Control Waveguide), ACW (Acoustically Concealed Woofers), ISS (Intelligent Signal Sensing), circuitos de protecci\u00f3n, amplificaci\u00f3n optimizada y es compatible con los soportes ISO-Pod.<\/p>\n","protected":false},"excerpt":{"rendered":"<h3>Monitor coaxial 3 v\u00edas triamplificado SAM, 10&#8243;<\/h3>\n<ul class=\"summary\">\n<li>SPL 118dB<\/li>\n<li>Revolucionaria tecnolog\u00eda Acoustically Concealed Woofers (ACW)<\/li>\n<li>Doble woofer de 10&#8243;<\/li>\n<li>Disponible color gris, blanco y negro<\/li>\n<li>Blindaje magn\u00e9tico<\/li>\n<\/ul>\n","protected":false},"featured_media":18837,"template":"","meta":{"_acf_changed":false},"product_brand":[],"product_cat":[1394,1395,1404],"product_tag":[],"class_list":{"0":"post-18846","1":"product","2":"type-product","3":"status-publish","4":"has-post-thumbnail","6":"product_cat-monitores-de-estudio","7":"product_cat-por-series-genelec","8":"product_cat-serie-the-ones","9":"product_series-serie-the-ones","11":"first","12":"instock","13":"shipping-taxable","14":"product-type-simple"},"acf":[],"yoast_head":"<!-- This site is optimized with the Yoast SEO plugin v27.1.1 - https:\/\/yoast.com\/product\/yoast-seo-wordpress\/ -->\n<title>8361A - Audio-Technica Iberia<\/title>\n<meta name=\"robots\" content=\"index, follow, max-snippet:-1, max-image-preview:large, max-video-preview:-1\" \/>\n<link rel=\"canonical\" href=\"https:\/\/distribution.audio-technica.eu\/es-es\/productos\/8361-sam\/\" \/>\n<meta property=\"og:locale\" content=\"es_ES\" \/>\n<meta property=\"og:type\" content=\"article\" \/>\n<meta property=\"og:title\" content=\"8361A - Audio-Technica Iberia\" \/>\n<meta property=\"og:description\" content=\"Monitor coaxial 3 v\u00edas triamplificado SAM, 10&quot;  SPL 118dB  Revolucionaria tecnolog\u00eda Acoustically Concealed Woofers (ACW)  Doble woofer de 10&quot;  Disponible color gris, blanco y negro  Blindaje magn\u00e9tico\" \/>\n<meta property=\"og:url\" content=\"https:\/\/distribution.audio-technica.eu\/es-es\/productos\/8361-sam\/\" \/>\n<meta property=\"og:site_name\" content=\"Audio-Technica Iberia\" \/>\n<meta property=\"article:modified_time\" content=\"2023-07-13T11:34:31+00:00\" \/>\n<meta property=\"og:image\" content=\"https:\/\/distribution.audio-technica.eu\/app\/uploads\/sites\/2\/Genelec-8361AP-k02.jpg\" \/>\n\t<meta property=\"og:image:width\" content=\"1000\" \/>\n\t<meta property=\"og:image:height\" content=\"1000\" \/>\n\t<meta property=\"og:image:type\" content=\"image\/jpeg\" \/>\n<meta name=\"twitter:card\" content=\"summary_large_image\" \/>\n<meta name=\"twitter:label1\" content=\"Tiempo de lectura\" \/>\n\t<meta name=\"twitter:data1\" content=\"2 minutos\" \/>\n<script type=\"application\/ld+json\" class=\"yoast-schema-graph\">{\"@context\":\"https:\/\/schema.org\",\"@graph\":[{\"@type\":\"WebPage\",\"@id\":\"https:\/\/distribution.audio-technica.eu\/es-es\/productos\/8361-sam\/\",\"url\":\"https:\/\/distribution.audio-technica.eu\/es-es\/productos\/8361-sam\/\",\"name\":\"8361A - Audio-Technica Iberia\",\"isPartOf\":{\"@id\":\"https:\/\/distribution.audio-technica.eu\/es-es\/#website\"},\"primaryImageOfPage\":{\"@id\":\"https:\/\/distribution.audio-technica.eu\/es-es\/productos\/8361-sam\/#primaryimage\"},\"image\":{\"@id\":\"https:\/\/distribution.audio-technica.eu\/es-es\/productos\/8361-sam\/#primaryimage\"},\"thumbnailUrl\":\"\/app\/uploads\/sites\/2\/Genelec-8361AP-k02.jpg\",\"datePublished\":\"2019-10-01T16:07:01+00:00\",\"dateModified\":\"2023-07-13T11:34:31+00:00\",\"breadcrumb\":{\"@id\":\"https:\/\/distribution.audio-technica.eu\/es-es\/productos\/8361-sam\/#breadcrumb\"},\"inLanguage\":\"es\",\"potentialAction\":[{\"@type\":\"ReadAction\",\"target\":[\"https:\/\/distribution.audio-technica.eu\/es-es\/productos\/8361-sam\/\"]}]},{\"@type\":\"ImageObject\",\"inLanguage\":\"es\",\"@id\":\"https:\/\/distribution.audio-technica.eu\/es-es\/productos\/8361-sam\/#primaryimage\",\"url\":\"\/app\/uploads\/sites\/2\/Genelec-8361AP-k02.jpg\",\"contentUrl\":\"\/app\/uploads\/sites\/2\/Genelec-8361AP-k02.jpg\",\"width\":1000,\"height\":1000},{\"@type\":\"BreadcrumbList\",\"@id\":\"https:\/\/distribution.audio-technica.eu\/es-es\/productos\/8361-sam\/#breadcrumb\",\"itemListElement\":[{\"@type\":\"ListItem\",\"position\":1,\"name\":\"Products\",\"item\":\"https:\/\/distribution.audio-technica.eu\/es-es\/\"},{\"@type\":\"ListItem\",\"position\":2,\"name\":\"Productos\",\"item\":\"https:\/\/distribution.audio-technica.eu\/es-es\/productos\/\"},{\"@type\":\"ListItem\",\"position\":3,\"name\":\"8361A\"}]},{\"@type\":\"WebSite\",\"@id\":\"https:\/\/distribution.audio-technica.eu\/es-es\/#website\",\"url\":\"https:\/\/distribution.audio-technica.eu\/es-es\/\",\"name\":\"Audio-Technica Iberia\",\"description\":\"Distribuci\u00f3n\",\"potentialAction\":[{\"@type\":\"SearchAction\",\"target\":{\"@type\":\"EntryPoint\",\"urlTemplate\":\"https:\/\/distribution.audio-technica.eu\/es-es\/?s={search_term_string}\"},\"query-input\":{\"@type\":\"PropertyValueSpecification\",\"valueRequired\":true,\"valueName\":\"search_term_string\"}}],\"inLanguage\":\"es\"}]}<\/script>\n<!-- \/ Yoast SEO plugin. -->","yoast_head_json":{"title":"8361A - Audio-Technica Iberia","robots":{"index":"index","follow":"follow","max-snippet":"max-snippet:-1","max-image-preview":"max-image-preview:large","max-video-preview":"max-video-preview:-1"},"canonical":"https:\/\/distribution.audio-technica.eu\/es-es\/productos\/8361-sam\/","og_locale":"es_ES","og_type":"article","og_title":"8361A - Audio-Technica Iberia","og_description":"Monitor coaxial 3 v\u00edas triamplificado SAM, 10\"  SPL 118dB  Revolucionaria tecnolog\u00eda Acoustically Concealed Woofers (ACW)  Doble woofer de 10\"  Disponible color gris, blanco y negro  Blindaje magn\u00e9tico","og_url":"https:\/\/distribution.audio-technica.eu\/es-es\/productos\/8361-sam\/","og_site_name":"Audio-Technica Iberia","article_modified_time":"2023-07-13T11:34:31+00:00","og_image":[{"width":1000,"height":1000,"url":"https:\/\/distribution.audio-technica.eu\/app\/uploads\/sites\/2\/Genelec-8361AP-k02.jpg","type":"image\/jpeg"}],"twitter_card":"summary_large_image","twitter_misc":{"Tiempo de lectura":"2 minutos"},"schema":{"@context":"https:\/\/schema.org","@graph":[{"@type":"WebPage","@id":"https:\/\/distribution.audio-technica.eu\/es-es\/productos\/8361-sam\/","url":"https:\/\/distribution.audio-technica.eu\/es-es\/productos\/8361-sam\/","name":"8361A - Audio-Technica Iberia","isPartOf":{"@id":"https:\/\/distribution.audio-technica.eu\/es-es\/#website"},"primaryImageOfPage":{"@id":"https:\/\/distribution.audio-technica.eu\/es-es\/productos\/8361-sam\/#primaryimage"},"image":{"@id":"https:\/\/distribution.audio-technica.eu\/es-es\/productos\/8361-sam\/#primaryimage"},"thumbnailUrl":"\/app\/uploads\/sites\/2\/Genelec-8361AP-k02.jpg","datePublished":"2019-10-01T16:07:01+00:00","dateModified":"2023-07-13T11:34:31+00:00","breadcrumb":{"@id":"https:\/\/distribution.audio-technica.eu\/es-es\/productos\/8361-sam\/#breadcrumb"},"inLanguage":"es","potentialAction":[{"@type":"ReadAction","target":["https:\/\/distribution.audio-technica.eu\/es-es\/productos\/8361-sam\/"]}]},{"@type":"ImageObject","inLanguage":"es","@id":"https:\/\/distribution.audio-technica.eu\/es-es\/productos\/8361-sam\/#primaryimage","url":"\/app\/uploads\/sites\/2\/Genelec-8361AP-k02.jpg","contentUrl":"\/app\/uploads\/sites\/2\/Genelec-8361AP-k02.jpg","width":1000,"height":1000},{"@type":"BreadcrumbList","@id":"https:\/\/distribution.audio-technica.eu\/es-es\/productos\/8361-sam\/#breadcrumb","itemListElement":[{"@type":"ListItem","position":1,"name":"Products","item":"https:\/\/distribution.audio-technica.eu\/es-es\/"},{"@type":"ListItem","position":2,"name":"Productos","item":"https:\/\/distribution.audio-technica.eu\/es-es\/productos\/"},{"@type":"ListItem","position":3,"name":"8361A"}]},{"@type":"WebSite","@id":"https:\/\/distribution.audio-technica.eu\/es-es\/#website","url":"https:\/\/distribution.audio-technica.eu\/es-es\/","name":"Audio-Technica Iberia","description":"Distribuci\u00f3n","potentialAction":[{"@type":"SearchAction","target":{"@type":"EntryPoint","urlTemplate":"https:\/\/distribution.audio-technica.eu\/es-es\/?s={search_term_string}"},"query-input":{"@type":"PropertyValueSpecification","valueRequired":true,"valueName":"search_term_string"}}],"inLanguage":"es"}]}},"_links":{"self":[{"href":"https:\/\/distribution.audio-technica.eu\/es-es\/wp-json\/wp\/v2\/product\/18846","targetHints":{"allow":["GET"]}}],"collection":[{"href":"https:\/\/distribution.audio-technica.eu\/es-es\/wp-json\/wp\/v2\/product"}],"about":[{"href":"https:\/\/distribution.audio-technica.eu\/es-es\/wp-json\/wp\/v2\/types\/product"}],"wp:featuredmedia":[{"embeddable":true,"href":"https:\/\/distribution.audio-technica.eu\/es-es\/wp-json\/wp\/v2\/media\/18837"}],"wp:attachment":[{"href":"https:\/\/distribution.audio-technica.eu\/es-es\/wp-json\/wp\/v2\/media?parent=18846"}],"wp:term":[{"taxonomy":"product_brand","embeddable":true,"href":"https:\/\/distribution.audio-technica.eu\/es-es\/wp-json\/wp\/v2\/product_brand?post=18846"},{"taxonomy":"product_cat","embeddable":true,"href":"https:\/\/distribution.audio-technica.eu\/es-es\/wp-json\/wp\/v2\/product_cat?post=18846"},{"taxonomy":"product_tag","embeddable":true,"href":"https:\/\/distribution.audio-technica.eu\/es-es\/wp-json\/wp\/v2\/product_tag?post=18846"}],"curies":[{"name":"wp","href":"https:\/\/api.w.org\/{rel}","templated":true}]}}