{"id":19514,"date":"2020-01-14T18:01:19","date_gmt":"2020-01-14T17:01:19","guid":{"rendered":"https:\/\/atdb-production.studiograft.dev\/es\/?post_type=product&#038;p=19514"},"modified":"2026-02-19T14:43:56","modified_gmt":"2026-02-19T13:43:56","slug":"evo-4","status":"publish","type":"product","link":"https:\/\/distribution.audio-technica.eu\/es-es\/productos\/evo-4\/","title":{"rendered":"EVO 4"},"content":{"rendered":"<h2>EVO 4<\/h2>\n<h3>Interface de audio USB compacto de 2 entradas\/2 salidas<\/h3>\n<p>Combinando una calidad de sonido sin precedentes, una nueva e innovadora tecnolog\u00eda y un dise\u00f1o atractivo y moderno, la nueva gama de interfaces de audio EVO ha sido dise\u00f1ada con el objetivo de revolucionar este mercado, ofreciendo productos de alt\u00edsima calidad, extremadamente f\u00e1ciles de utilizar y aptos tanto para el principiante, como para el profesional. Tanto si se est\u00e1n grabando canciones, produciendo un ritmo o creando un podcast, el nuevo EVO 4 ofrece tanto caracter\u00edsticas t\u00e9cnicas excepcionales como un avanzado set de prestaciones.<\/p>\n<p>El nuevo interface de audio EVO 4 incorpora los nuevos preamplificadores microf\u00f3nicos de altas prestaciones EVO, con una gama de ganancia de 58 dB y que son capaces de ofrecer un sonido preciso, c\u00e1lido y limpio, conversores de la m\u00e1xima calidad con una gama din\u00e1mica de 113 dB, as\u00ed como D.I. JFET, Smartgain, Smart Touchpoints, salidas para altavoz y auriculares, latencia ultra baja, mezcla de monitores y funcionalidad loopback, una prestaci\u00f3n impresionante para su gama de precio.<\/p>\n<p>Una de las caracter\u00edsticas m\u00e1s importantes y totalmente novedosas que ofrecen los nuevos interfaces de audio EVO es la funci\u00f3n Smartgain. Gracias a \u00e9sta, tan pronto como el usuario empieza a tocar o a cantar, el modo Smartgain se encarga de ajustar de forma totalmente autom\u00e1tica el nivel del micr\u00f3fono. Incluso es posible ajustar de forma simult\u00e1nea la ganancia para ambos canales. Naturalmente, si se desea, sigue siendo posible el ajuste manual de la ganancia. Otra funci\u00f3n presente en estos interfaces, y que es poco habitual en productos de su gama de precio, es la funci\u00f3n Loopback, que proporciona un incre\u00edble control sobre el modo como la se\u00f1al de audio es direccionada entre aplicaciones, permitiendo disponer de complejas configuraciones, y permitiendo escuchar directamente los que se est\u00e1 grabando.<\/p>\n<ul>\n<li>2 preamplificadores microf\u00f3nicos EVO<\/li>\n<li>Conversores de alta calidad<\/li>\n<li>Smartgain<\/li>\n<li>Smart Touchpoints<\/li>\n<li>Entrada JFET para instrumento<\/li>\n<li>Salidas para altavoces<\/li>\n<li>Salidas para auriculares<\/li>\n<li>Latencia ultra baja<\/li>\n<li>Mezcla de monitoraje<\/li>\n<li>Funcionalidad Loopback<\/li>\n<li>Alimentaci\u00f3n a trav\u00e9s del bus USB2.0<\/li>\n<li>Software + Plugins gratuitos<\/li>\n<\/ul>\n","protected":false},"excerpt":{"rendered":"<h3>Interface de audio USB compacto de 2 entradas\/2 salidas<\/h3>\n<ul>\n<li>2 preamplificadores microf\u00f3nicos EVO<\/li>\n<li>Conversores de alta calidad<\/li>\n<li>Smartgain<\/li>\n<li>Smart Touchpoints<\/li>\n<li>Entrada JFET para instrumento<\/li>\n<li>Salidas para altavoces y auriculares<\/li>\n<\/ul>\n<p>&nbsp;<\/p>\n","protected":false},"featured_media":19524,"template":"","meta":{"_acf_changed":false},"product_brand":[],"product_cat":[1316,1313,2169],"product_tag":[],"class_list":{"0":"post-19514","1":"product","2":"type-product","3":"status-publish","4":"has-post-thumbnail","6":"product_cat-interfaces-de-audio","7":"product_cat-por-series-audient","8":"product_cat-serie-evo","9":"product_series-serie-evo","11":"first","12":"instock","13":"shipping-taxable","14":"product-type-simple"},"acf":[],"yoast_head":"<!-- This site is optimized with the Yoast SEO plugin v27.1.1 - https:\/\/yoast.com\/product\/yoast-seo-wordpress\/ -->\n<title>EVO 4 - Audio-Technica Iberia<\/title>\n<meta name=\"robots\" content=\"index, follow, max-snippet:-1, max-image-preview:large, max-video-preview:-1\" \/>\n<link rel=\"canonical\" href=\"https:\/\/distribution.audio-technica.eu\/es-es\/productos\/evo-4\/\" \/>\n<meta property=\"og:locale\" content=\"es_ES\" \/>\n<meta property=\"og:type\" content=\"article\" \/>\n<meta property=\"og:title\" content=\"EVO 4 - Audio-Technica Iberia\" \/>\n<meta property=\"og:description\" content=\"Interface de audio USB compacto de 2 entradas\/2 salidas   2 preamplificadores microf\u00f3nicos EVO  Conversores de alta calidad  Smartgain  Smart Touchpoints  Entrada JFET para instrumento  Salidas para altavoces y auriculares  &nbsp;\" \/>\n<meta property=\"og:url\" content=\"https:\/\/distribution.audio-technica.eu\/es-es\/productos\/evo-4\/\" \/>\n<meta property=\"og:site_name\" content=\"Audio-Technica Iberia\" \/>\n<meta property=\"article:modified_time\" content=\"2026-02-19T13:43:56+00:00\" \/>\n<meta property=\"og:image\" content=\"https:\/\/distribution.audio-technica.eu\/app\/uploads\/sites\/2\/Audient-EVO-4-Ecommerce-Front-3QTR-Left.jpg\" \/>\n\t<meta property=\"og:image:width\" content=\"1000\" \/>\n\t<meta property=\"og:image:height\" content=\"1000\" \/>\n\t<meta property=\"og:image:type\" content=\"image\/jpeg\" \/>\n<meta name=\"twitter:card\" content=\"summary_large_image\" \/>\n<meta name=\"twitter:label1\" content=\"Tiempo de lectura\" \/>\n\t<meta name=\"twitter:data1\" content=\"2 minutos\" \/>\n<script type=\"application\/ld+json\" class=\"yoast-schema-graph\">{\"@context\":\"https:\/\/schema.org\",\"@graph\":[{\"@type\":\"WebPage\",\"@id\":\"https:\/\/distribution.audio-technica.eu\/es-es\/productos\/evo-4\/\",\"url\":\"https:\/\/distribution.audio-technica.eu\/es-es\/productos\/evo-4\/\",\"name\":\"EVO 4 - Audio-Technica Iberia\",\"isPartOf\":{\"@id\":\"https:\/\/distribution.audio-technica.eu\/es-es\/#website\"},\"primaryImageOfPage\":{\"@id\":\"https:\/\/distribution.audio-technica.eu\/es-es\/productos\/evo-4\/#primaryimage\"},\"image\":{\"@id\":\"https:\/\/distribution.audio-technica.eu\/es-es\/productos\/evo-4\/#primaryimage\"},\"thumbnailUrl\":\"\/app\/uploads\/sites\/2\/Audient-EVO-4-Ecommerce-Front-3QTR-Left.jpg\",\"datePublished\":\"2020-01-14T17:01:19+00:00\",\"dateModified\":\"2026-02-19T13:43:56+00:00\",\"breadcrumb\":{\"@id\":\"https:\/\/distribution.audio-technica.eu\/es-es\/productos\/evo-4\/#breadcrumb\"},\"inLanguage\":\"es\",\"potentialAction\":[{\"@type\":\"ReadAction\",\"target\":[\"https:\/\/distribution.audio-technica.eu\/es-es\/productos\/evo-4\/\"]}]},{\"@type\":\"ImageObject\",\"inLanguage\":\"es\",\"@id\":\"https:\/\/distribution.audio-technica.eu\/es-es\/productos\/evo-4\/#primaryimage\",\"url\":\"\/app\/uploads\/sites\/2\/Audient-EVO-4-Ecommerce-Front-3QTR-Left.jpg\",\"contentUrl\":\"\/app\/uploads\/sites\/2\/Audient-EVO-4-Ecommerce-Front-3QTR-Left.jpg\",\"width\":1000,\"height\":1000},{\"@type\":\"BreadcrumbList\",\"@id\":\"https:\/\/distribution.audio-technica.eu\/es-es\/productos\/evo-4\/#breadcrumb\",\"itemListElement\":[{\"@type\":\"ListItem\",\"position\":1,\"name\":\"Products\",\"item\":\"https:\/\/distribution.audio-technica.eu\/es-es\/\"},{\"@type\":\"ListItem\",\"position\":2,\"name\":\"Productos\",\"item\":\"https:\/\/distribution.audio-technica.eu\/es-es\/productos\/\"},{\"@type\":\"ListItem\",\"position\":3,\"name\":\"EVO 4\"}]},{\"@type\":\"WebSite\",\"@id\":\"https:\/\/distribution.audio-technica.eu\/es-es\/#website\",\"url\":\"https:\/\/distribution.audio-technica.eu\/es-es\/\",\"name\":\"Audio-Technica Iberia\",\"description\":\"Distribuci\u00f3n\",\"potentialAction\":[{\"@type\":\"SearchAction\",\"target\":{\"@type\":\"EntryPoint\",\"urlTemplate\":\"https:\/\/distribution.audio-technica.eu\/es-es\/?s={search_term_string}\"},\"query-input\":{\"@type\":\"PropertyValueSpecification\",\"valueRequired\":true,\"valueName\":\"search_term_string\"}}],\"inLanguage\":\"es\"}]}<\/script>\n<!-- \/ Yoast SEO plugin. -->","yoast_head_json":{"title":"EVO 4 - Audio-Technica Iberia","robots":{"index":"index","follow":"follow","max-snippet":"max-snippet:-1","max-image-preview":"max-image-preview:large","max-video-preview":"max-video-preview:-1"},"canonical":"https:\/\/distribution.audio-technica.eu\/es-es\/productos\/evo-4\/","og_locale":"es_ES","og_type":"article","og_title":"EVO 4 - Audio-Technica Iberia","og_description":"Interface de audio USB compacto de 2 entradas\/2 salidas   2 preamplificadores microf\u00f3nicos EVO  Conversores de alta calidad  Smartgain  Smart Touchpoints  Entrada JFET para instrumento  Salidas para altavoces y auriculares  &nbsp;","og_url":"https:\/\/distribution.audio-technica.eu\/es-es\/productos\/evo-4\/","og_site_name":"Audio-Technica Iberia","article_modified_time":"2026-02-19T13:43:56+00:00","og_image":[{"width":1000,"height":1000,"url":"https:\/\/distribution.audio-technica.eu\/app\/uploads\/sites\/2\/Audient-EVO-4-Ecommerce-Front-3QTR-Left.jpg","type":"image\/jpeg"}],"twitter_card":"summary_large_image","twitter_misc":{"Tiempo de lectura":"2 minutos"},"schema":{"@context":"https:\/\/schema.org","@graph":[{"@type":"WebPage","@id":"https:\/\/distribution.audio-technica.eu\/es-es\/productos\/evo-4\/","url":"https:\/\/distribution.audio-technica.eu\/es-es\/productos\/evo-4\/","name":"EVO 4 - Audio-Technica Iberia","isPartOf":{"@id":"https:\/\/distribution.audio-technica.eu\/es-es\/#website"},"primaryImageOfPage":{"@id":"https:\/\/distribution.audio-technica.eu\/es-es\/productos\/evo-4\/#primaryimage"},"image":{"@id":"https:\/\/distribution.audio-technica.eu\/es-es\/productos\/evo-4\/#primaryimage"},"thumbnailUrl":"\/app\/uploads\/sites\/2\/Audient-EVO-4-Ecommerce-Front-3QTR-Left.jpg","datePublished":"2020-01-14T17:01:19+00:00","dateModified":"2026-02-19T13:43:56+00:00","breadcrumb":{"@id":"https:\/\/distribution.audio-technica.eu\/es-es\/productos\/evo-4\/#breadcrumb"},"inLanguage":"es","potentialAction":[{"@type":"ReadAction","target":["https:\/\/distribution.audio-technica.eu\/es-es\/productos\/evo-4\/"]}]},{"@type":"ImageObject","inLanguage":"es","@id":"https:\/\/distribution.audio-technica.eu\/es-es\/productos\/evo-4\/#primaryimage","url":"\/app\/uploads\/sites\/2\/Audient-EVO-4-Ecommerce-Front-3QTR-Left.jpg","contentUrl":"\/app\/uploads\/sites\/2\/Audient-EVO-4-Ecommerce-Front-3QTR-Left.jpg","width":1000,"height":1000},{"@type":"BreadcrumbList","@id":"https:\/\/distribution.audio-technica.eu\/es-es\/productos\/evo-4\/#breadcrumb","itemListElement":[{"@type":"ListItem","position":1,"name":"Products","item":"https:\/\/distribution.audio-technica.eu\/es-es\/"},{"@type":"ListItem","position":2,"name":"Productos","item":"https:\/\/distribution.audio-technica.eu\/es-es\/productos\/"},{"@type":"ListItem","position":3,"name":"EVO 4"}]},{"@type":"WebSite","@id":"https:\/\/distribution.audio-technica.eu\/es-es\/#website","url":"https:\/\/distribution.audio-technica.eu\/es-es\/","name":"Audio-Technica Iberia","description":"Distribuci\u00f3n","potentialAction":[{"@type":"SearchAction","target":{"@type":"EntryPoint","urlTemplate":"https:\/\/distribution.audio-technica.eu\/es-es\/?s={search_term_string}"},"query-input":{"@type":"PropertyValueSpecification","valueRequired":true,"valueName":"search_term_string"}}],"inLanguage":"es"}]}},"_links":{"self":[{"href":"https:\/\/distribution.audio-technica.eu\/es-es\/wp-json\/wp\/v2\/product\/19514","targetHints":{"allow":["GET"]}}],"collection":[{"href":"https:\/\/distribution.audio-technica.eu\/es-es\/wp-json\/wp\/v2\/product"}],"about":[{"href":"https:\/\/distribution.audio-technica.eu\/es-es\/wp-json\/wp\/v2\/types\/product"}],"wp:featuredmedia":[{"embeddable":true,"href":"https:\/\/distribution.audio-technica.eu\/es-es\/wp-json\/wp\/v2\/media\/19524"}],"wp:attachment":[{"href":"https:\/\/distribution.audio-technica.eu\/es-es\/wp-json\/wp\/v2\/media?parent=19514"}],"wp:term":[{"taxonomy":"product_brand","embeddable":true,"href":"https:\/\/distribution.audio-technica.eu\/es-es\/wp-json\/wp\/v2\/product_brand?post=19514"},{"taxonomy":"product_cat","embeddable":true,"href":"https:\/\/distribution.audio-technica.eu\/es-es\/wp-json\/wp\/v2\/product_cat?post=19514"},{"taxonomy":"product_tag","embeddable":true,"href":"https:\/\/distribution.audio-technica.eu\/es-es\/wp-json\/wp\/v2\/product_tag?post=19514"}],"curies":[{"name":"wp","href":"https:\/\/api.w.org\/{rel}","templated":true}]}}