{"id":19526,"date":"2020-01-14T18:04:19","date_gmt":"2020-01-14T17:04:19","guid":{"rendered":"https:\/\/atdb-production.studiograft.dev\/es\/?post_type=product&#038;p=19526"},"modified":"2026-02-19T14:44:04","modified_gmt":"2026-02-19T13:44:04","slug":"evo-8","status":"publish","type":"product","link":"https:\/\/distribution.audio-technica.eu\/es-es\/productos\/evo-8\/","title":{"rendered":"EVO 8"},"content":{"rendered":"<h2>EVO 8<\/h2>\n<h3>Interface de audio USB compacto de 4 entradas\/4 salidas<\/h3>\n<p>Combinando una calidad de sonido sin precedentes, nueva e innovadora tecnolog\u00eda y un dise\u00f1o atractivo y moderno, la nueva gama de interfaces de audio EVO ha sido dise\u00f1ado con el objetivo de revolucionar este mercado, ofreciendo productos de alt\u00edsima calidad, extremadamente f\u00e1ciles de utilizar y aptos tanto para el principiante, como para el profesional. Tanto si se est\u00e1n grabando canciones, produciendo un ritmo o creando un podcast, el nuevo EVO 8 ofrece tanto caracter\u00edsticas t\u00e9cnicas excepcionales como un avanzado set de prestaciones.<\/p>\n<p>EVO 8 ofrece todas las mismas innovadoras prestaciones que EVO 4, pero a\u00f1ade m\u00e1s entradas para aquellos que necesitan m\u00e1s canales de entrada y salida. Adem\u00e1s, incluye 4 preamplificadores microf\u00f3nicos EVO con una ganancia de 54 dB y que son capaces de ofrecer un sonido preciso, c\u00e1lido y limpio, 2 pares de salidas de altavoz, dos salidas para auriculares, conversores de la m\u00e1xima calidad con una gama din\u00e1mica de 113 dB, as\u00ed como D.I. JFET, Smartgain, Smart Touchpoints, latencia ultra baja, mezcla de monitores y funcionalidad loopback, una prestaci\u00f3n impresionante para su gama de precio.<\/p>\n<p>Una de las caracter\u00edsticas m\u00e1s importantes y totalmente novedosas que ofrecen los nuevos interfaces de audio EVO es la funci\u00f3n Smartgain. Gracias a \u00e9sta, tan pronto como el usuario empieza a tocar o a cantar, el modo Smartgain se encarga de ajustar de forma totalmente autom\u00e1tica el nivel del micr\u00f3fono. Incluso es posible ajustar de forma simult\u00e1nea la ganancia para ambos canales. Naturalmente, si se desea, sigue siendo posible el ajuste manual de la ganancia. Otra funci\u00f3n presente en estos interfaces, y que es poco habitual en productos de su gama de precio, es la funci\u00f3n Loopback, que proporciona un incre\u00edble control sobre el modo como la se\u00f1al de audio es direccionada entre aplicaciones, permitiendo disponer de complejas configuraciones, y permitiendo escuchar directamente lo que se est\u00e1 grabando.<\/p>\n<ul>\n<li>4 preamplificadores microf\u00f3nicos EVO<\/li>\n<li>1 entrada JFET para instrumento<\/li>\n<li>2 salidas est\u00e9reo para monitores<\/li>\n<li>2 salidas para auriculares<\/li>\n<li>Conversores AD\/DA de alta calidad<\/li>\n<li>Smartgain multicanal<\/li>\n<li>Software mezclador de baja latencia<\/li>\n<li>Funcionalidad de loop-back de audio<\/li>\n<li>Smart Touchpoints<\/li>\n<li>Alimentaci\u00f3n USB<\/li>\n<li>Botones multifunci\u00f3n<\/li>\n<li>Software y plugins gratuitos<\/li>\n<\/ul>\n<p>&nbsp;<\/p>\n","protected":false},"excerpt":{"rendered":"<h3>Interface de audio USB compacto de 4 entradas\/4 salidas<\/h3>\n<ul>\n<li>4 preamplificadores microf\u00f3nicos EVO<\/li>\n<li>1 entrada JFET para instrumento<\/li>\n<li>2 salidas est\u00e9reo para monitores<\/li>\n<li>2 salidas para auriculares<\/li>\n<li>Conversores AD\/DA de alta calidad<\/li>\n<li>Smartgain multicanal<\/li>\n<li>Software mezclador de baja latencia<\/li>\n<li>Funcionalidad de loop-back de audio<\/li>\n<li>Smart Touchpoints<\/li>\n<li>Alimentaci\u00f3n USB<\/li>\n<li>Botones multifunci\u00f3n<\/li>\n<li>Software y plugins gratuitos<\/li>\n<\/ul>\n<p>&nbsp;<\/p>\n","protected":false},"featured_media":19518,"template":"","meta":{"_acf_changed":false},"product_brand":[],"product_cat":[1316,1313,2169],"product_tag":[],"class_list":{"0":"post-19526","1":"product","2":"type-product","3":"status-publish","4":"has-post-thumbnail","6":"product_cat-interfaces-de-audio","7":"product_cat-por-series-audient","8":"product_cat-serie-evo","9":"product_series-serie-evo","11":"first","12":"instock","13":"shipping-taxable","14":"product-type-simple"},"acf":[],"yoast_head":"<!-- This site is optimized with the Yoast SEO plugin v27.1.1 - https:\/\/yoast.com\/product\/yoast-seo-wordpress\/ -->\n<title>EVO 8 - Audio-Technica Iberia<\/title>\n<meta name=\"robots\" content=\"index, follow, max-snippet:-1, max-image-preview:large, max-video-preview:-1\" \/>\n<link rel=\"canonical\" href=\"https:\/\/distribution.audio-technica.eu\/es-es\/productos\/evo-8\/\" \/>\n<meta property=\"og:locale\" content=\"es_ES\" \/>\n<meta property=\"og:type\" content=\"article\" \/>\n<meta property=\"og:title\" content=\"EVO 8 - Audio-Technica Iberia\" \/>\n<meta property=\"og:description\" content=\"Interface de audio USB compacto de 4 entradas\/4 salidas   4 preamplificadores microf\u00f3nicos EVO  1 entrada JFET para instrumento  2 salidas est\u00e9reo para monitores  2 salidas para auriculares  Conversores AD\/DA de alta calidad  Smartgain multicanal  Software mezclador de baja latencia  Funcionalidad de loop-back de audio  Smart Touchpoints  Alimentaci\u00f3n USB  Botones multifunci\u00f3n  Software y plugins gratuitos  &nbsp;\" \/>\n<meta property=\"og:url\" content=\"https:\/\/distribution.audio-technica.eu\/es-es\/productos\/evo-8\/\" \/>\n<meta property=\"og:site_name\" content=\"Audio-Technica Iberia\" \/>\n<meta property=\"article:modified_time\" content=\"2026-02-19T13:44:04+00:00\" \/>\n<meta property=\"og:image\" content=\"https:\/\/distribution.audio-technica.eu\/app\/uploads\/sites\/2\/Audient-EVO-8-Ecommerce-Front-3QTR-Left.jpg\" \/>\n\t<meta property=\"og:image:width\" content=\"1000\" \/>\n\t<meta property=\"og:image:height\" content=\"1000\" \/>\n\t<meta property=\"og:image:type\" content=\"image\/jpeg\" \/>\n<meta name=\"twitter:card\" content=\"summary_large_image\" \/>\n<meta name=\"twitter:label1\" content=\"Tiempo de lectura\" \/>\n\t<meta name=\"twitter:data1\" content=\"2 minutos\" \/>\n<script type=\"application\/ld+json\" class=\"yoast-schema-graph\">{\"@context\":\"https:\/\/schema.org\",\"@graph\":[{\"@type\":\"WebPage\",\"@id\":\"https:\/\/distribution.audio-technica.eu\/es-es\/productos\/evo-8\/\",\"url\":\"https:\/\/distribution.audio-technica.eu\/es-es\/productos\/evo-8\/\",\"name\":\"EVO 8 - Audio-Technica Iberia\",\"isPartOf\":{\"@id\":\"https:\/\/distribution.audio-technica.eu\/es-es\/#website\"},\"primaryImageOfPage\":{\"@id\":\"https:\/\/distribution.audio-technica.eu\/es-es\/productos\/evo-8\/#primaryimage\"},\"image\":{\"@id\":\"https:\/\/distribution.audio-technica.eu\/es-es\/productos\/evo-8\/#primaryimage\"},\"thumbnailUrl\":\"\/app\/uploads\/sites\/2\/Audient-EVO-8-Ecommerce-Front-3QTR-Left.jpg\",\"datePublished\":\"2020-01-14T17:04:19+00:00\",\"dateModified\":\"2026-02-19T13:44:04+00:00\",\"breadcrumb\":{\"@id\":\"https:\/\/distribution.audio-technica.eu\/es-es\/productos\/evo-8\/#breadcrumb\"},\"inLanguage\":\"es\",\"potentialAction\":[{\"@type\":\"ReadAction\",\"target\":[\"https:\/\/distribution.audio-technica.eu\/es-es\/productos\/evo-8\/\"]}]},{\"@type\":\"ImageObject\",\"inLanguage\":\"es\",\"@id\":\"https:\/\/distribution.audio-technica.eu\/es-es\/productos\/evo-8\/#primaryimage\",\"url\":\"\/app\/uploads\/sites\/2\/Audient-EVO-8-Ecommerce-Front-3QTR-Left.jpg\",\"contentUrl\":\"\/app\/uploads\/sites\/2\/Audient-EVO-8-Ecommerce-Front-3QTR-Left.jpg\",\"width\":1000,\"height\":1000},{\"@type\":\"BreadcrumbList\",\"@id\":\"https:\/\/distribution.audio-technica.eu\/es-es\/productos\/evo-8\/#breadcrumb\",\"itemListElement\":[{\"@type\":\"ListItem\",\"position\":1,\"name\":\"Products\",\"item\":\"https:\/\/distribution.audio-technica.eu\/es-es\/\"},{\"@type\":\"ListItem\",\"position\":2,\"name\":\"Productos\",\"item\":\"https:\/\/distribution.audio-technica.eu\/es-es\/productos\/\"},{\"@type\":\"ListItem\",\"position\":3,\"name\":\"EVO 8\"}]},{\"@type\":\"WebSite\",\"@id\":\"https:\/\/distribution.audio-technica.eu\/es-es\/#website\",\"url\":\"https:\/\/distribution.audio-technica.eu\/es-es\/\",\"name\":\"Audio-Technica Iberia\",\"description\":\"Distribuci\u00f3n\",\"potentialAction\":[{\"@type\":\"SearchAction\",\"target\":{\"@type\":\"EntryPoint\",\"urlTemplate\":\"https:\/\/distribution.audio-technica.eu\/es-es\/?s={search_term_string}\"},\"query-input\":{\"@type\":\"PropertyValueSpecification\",\"valueRequired\":true,\"valueName\":\"search_term_string\"}}],\"inLanguage\":\"es\"}]}<\/script>\n<!-- \/ Yoast SEO plugin. -->","yoast_head_json":{"title":"EVO 8 - Audio-Technica Iberia","robots":{"index":"index","follow":"follow","max-snippet":"max-snippet:-1","max-image-preview":"max-image-preview:large","max-video-preview":"max-video-preview:-1"},"canonical":"https:\/\/distribution.audio-technica.eu\/es-es\/productos\/evo-8\/","og_locale":"es_ES","og_type":"article","og_title":"EVO 8 - Audio-Technica Iberia","og_description":"Interface de audio USB compacto de 4 entradas\/4 salidas   4 preamplificadores microf\u00f3nicos EVO  1 entrada JFET para instrumento  2 salidas est\u00e9reo para monitores  2 salidas para auriculares  Conversores AD\/DA de alta calidad  Smartgain multicanal  Software mezclador de baja latencia  Funcionalidad de loop-back de audio  Smart Touchpoints  Alimentaci\u00f3n USB  Botones multifunci\u00f3n  Software y plugins gratuitos  &nbsp;","og_url":"https:\/\/distribution.audio-technica.eu\/es-es\/productos\/evo-8\/","og_site_name":"Audio-Technica Iberia","article_modified_time":"2026-02-19T13:44:04+00:00","og_image":[{"width":1000,"height":1000,"url":"https:\/\/distribution.audio-technica.eu\/app\/uploads\/sites\/2\/Audient-EVO-8-Ecommerce-Front-3QTR-Left.jpg","type":"image\/jpeg"}],"twitter_card":"summary_large_image","twitter_misc":{"Tiempo de lectura":"2 minutos"},"schema":{"@context":"https:\/\/schema.org","@graph":[{"@type":"WebPage","@id":"https:\/\/distribution.audio-technica.eu\/es-es\/productos\/evo-8\/","url":"https:\/\/distribution.audio-technica.eu\/es-es\/productos\/evo-8\/","name":"EVO 8 - Audio-Technica Iberia","isPartOf":{"@id":"https:\/\/distribution.audio-technica.eu\/es-es\/#website"},"primaryImageOfPage":{"@id":"https:\/\/distribution.audio-technica.eu\/es-es\/productos\/evo-8\/#primaryimage"},"image":{"@id":"https:\/\/distribution.audio-technica.eu\/es-es\/productos\/evo-8\/#primaryimage"},"thumbnailUrl":"\/app\/uploads\/sites\/2\/Audient-EVO-8-Ecommerce-Front-3QTR-Left.jpg","datePublished":"2020-01-14T17:04:19+00:00","dateModified":"2026-02-19T13:44:04+00:00","breadcrumb":{"@id":"https:\/\/distribution.audio-technica.eu\/es-es\/productos\/evo-8\/#breadcrumb"},"inLanguage":"es","potentialAction":[{"@type":"ReadAction","target":["https:\/\/distribution.audio-technica.eu\/es-es\/productos\/evo-8\/"]}]},{"@type":"ImageObject","inLanguage":"es","@id":"https:\/\/distribution.audio-technica.eu\/es-es\/productos\/evo-8\/#primaryimage","url":"\/app\/uploads\/sites\/2\/Audient-EVO-8-Ecommerce-Front-3QTR-Left.jpg","contentUrl":"\/app\/uploads\/sites\/2\/Audient-EVO-8-Ecommerce-Front-3QTR-Left.jpg","width":1000,"height":1000},{"@type":"BreadcrumbList","@id":"https:\/\/distribution.audio-technica.eu\/es-es\/productos\/evo-8\/#breadcrumb","itemListElement":[{"@type":"ListItem","position":1,"name":"Products","item":"https:\/\/distribution.audio-technica.eu\/es-es\/"},{"@type":"ListItem","position":2,"name":"Productos","item":"https:\/\/distribution.audio-technica.eu\/es-es\/productos\/"},{"@type":"ListItem","position":3,"name":"EVO 8"}]},{"@type":"WebSite","@id":"https:\/\/distribution.audio-technica.eu\/es-es\/#website","url":"https:\/\/distribution.audio-technica.eu\/es-es\/","name":"Audio-Technica Iberia","description":"Distribuci\u00f3n","potentialAction":[{"@type":"SearchAction","target":{"@type":"EntryPoint","urlTemplate":"https:\/\/distribution.audio-technica.eu\/es-es\/?s={search_term_string}"},"query-input":{"@type":"PropertyValueSpecification","valueRequired":true,"valueName":"search_term_string"}}],"inLanguage":"es"}]}},"_links":{"self":[{"href":"https:\/\/distribution.audio-technica.eu\/es-es\/wp-json\/wp\/v2\/product\/19526","targetHints":{"allow":["GET"]}}],"collection":[{"href":"https:\/\/distribution.audio-technica.eu\/es-es\/wp-json\/wp\/v2\/product"}],"about":[{"href":"https:\/\/distribution.audio-technica.eu\/es-es\/wp-json\/wp\/v2\/types\/product"}],"wp:featuredmedia":[{"embeddable":true,"href":"https:\/\/distribution.audio-technica.eu\/es-es\/wp-json\/wp\/v2\/media\/19518"}],"wp:attachment":[{"href":"https:\/\/distribution.audio-technica.eu\/es-es\/wp-json\/wp\/v2\/media?parent=19526"}],"wp:term":[{"taxonomy":"product_brand","embeddable":true,"href":"https:\/\/distribution.audio-technica.eu\/es-es\/wp-json\/wp\/v2\/product_brand?post=19526"},{"taxonomy":"product_cat","embeddable":true,"href":"https:\/\/distribution.audio-technica.eu\/es-es\/wp-json\/wp\/v2\/product_cat?post=19526"},{"taxonomy":"product_tag","embeddable":true,"href":"https:\/\/distribution.audio-technica.eu\/es-es\/wp-json\/wp\/v2\/product_tag?post=19526"}],"curies":[{"name":"wp","href":"https:\/\/api.w.org\/{rel}","templated":true}]}}