{"id":19835,"date":"2020-02-11T09:00:00","date_gmt":"2020-02-11T08:00:00","guid":{"rendered":"https:\/\/atdb-production.studiograft.dev\/es\/?post_type=product&#038;p=19835"},"modified":"2026-02-19T14:31:17","modified_gmt":"2026-02-19T13:31:17","slug":"ahm64","status":"publish","type":"product","link":"https:\/\/distribution.audio-technica.eu\/es-es\/productos\/ahm64\/","title":{"rendered":"AHM-64"},"content":{"rendered":"<h2>AHM-64<\/h2>\n<h3>Procesador matricial de audio 64&#215;64 para instalaci\u00f3n<\/h3>\n<p>AHM-64 es un potente procesador matriz de audio 64&#215;64, soportado por un extenso ecosistema de E\/S escalables, control y soluciones Dante. Dise\u00f1ado para ser utilizado en entornos corporativos, comerciales, hosteleros y educativos, AHM-64 permite que los integradores puedan crear r\u00e1pidamente sistemas de cualquier nivel de complejidad, desde una simple sala de reuniones a un campus completo.<\/p>\n<p>El puerto Slink que incluye el AHM-64 permite la conexi\u00f3n plug and play de hasta 8 expansores remotos pertenecientes a la extensa gama Everything I\/O de Allen &amp; Heath, que incluye modelos de montaje en pared, en rack y port\u00e1tiles. Con hasta 256 entradas y salidas de sistema direccionables, AHM-64 puede enfrentarse a cualquier proyecto, sea cual sea su nivel de complejidad.<\/p>\n<p>Un sistema AHM puede ser controlado utilizando la gama de controladores remotos que ofrece Allen &amp; Heath, GPIO y dispositivos creados por terceros. Con hasta 96 controladores remotos IP sobre una red est\u00e1ndar TCP\/IP, cada habitaci\u00f3n puede disfrutar de su propio control de volumen local, selecci\u00f3n de fuente y recuperaci\u00f3n de presets.<\/p>\n<p>Tambi\u00e9n permite dise\u00f1ar muy f\u00e1cilmente el perfecto interface de usuario. Custom Control es una app de control personalizable multiplataforma que proporciona un control elegante y totalmente hecho a medida sobre el sistema AHM-64. Permite disponer de m\u00faltiples interfaces de usuario (por usuario, por dispositivo), gr\u00e1ficos y fondos personalizados, modo kiosko, compatibilidad BYOD, protecci\u00f3n opcional mediante contrase\u00f1a y es compatible iOS \/ Android \/ Windows \/ Mac.<\/p>\n<p>El intuitivo software Gestor del Sistema AHM y la flexible arquitectura del AHM-64 permite una r\u00e1pida configuraci\u00f3n, y sin necesidad de disponer de certificaci\u00f3n de formaci\u00f3n para la programaci\u00f3n. AHM-64 establece un balance entre la simplicidad y establece la latencia de la arquitectura fija y la flexibilidad normalmente reservada para plataformas de arquitectura abierta, lo que le permite manejar funciones de gesti\u00f3n de sonido, avisos, distribuci\u00f3n de audio, conferencias y procesamiento de altavoces.<\/p>\n<p>AHM-64 implementa la m\u00e1s reciente generaci\u00f3n de tecnolog\u00eda FPGA y frecuencia de muestreo de 96kHz, proporcionando al mundo de la instalaci\u00f3n la muy apreciada calidad de sonido de Allen &amp; Heath y su extremadamente baja latencia. El motor de audio posee la habilidad de proporcionar mucho m\u00e1s procesado que las plataformas de arquitectura abierta habituales, incluyendo PEQ de 8 bandas, gate, compresor y retardo en todos los canales de entrada, y EQ de 8 bandas \/ GEQ de 30 bandas, compresor, ANC, selector de fuente, limitador y retardo en todas las zonas de salida.<\/p>\n<p>Una tarjeta Dante 64&#215;64 opcional hace posible que el AHM-64 pueda conectarse sin problemas a amplificadores, micr\u00f3fonos y otros dispositivos dentro de una red Dante, incluyendo los expansores de E\/S Dante DT164-W y DT168. La tarjeta puede ser conmutada entre 96 kHz y 48 kHz para acomodar redes Dante que trabajen a cualquiera de estas frecuencias de muestreo.<\/p>\n<p>&nbsp;<\/p>\n<ul>\n<li>Matriz de procesado 64&#215;64<\/li>\n<li>12&#215;12 E\/S anal\u00f3gicas locales<\/li>\n<li>Puerto E\/S para rede de audio, hasta 128 x 128<\/li>\n<li>Tarjeta opcional Dante 64 x 64 96 kHz (compatible AES y DDM)<\/li>\n<li>Puerto SLink 128 x 128 incorporado para ampliaci\u00f3n de audio<\/li>\n<li>64 salidas de procesado configurables; zonas mono \/ est\u00e9reo o procesado de altavoces<\/li>\n<li>N\u00facleo FPGA 96 kHz con latencia ultra baja<\/li>\n<li>Compatible con los controladores remotos IP1, IP6, IP8<\/li>\n<li>2&#215;2 GPIO local, m\u00e1s interface GPIO conectable en red<\/li>\n<li>Fuente de alimentaci\u00f3n con respaldo DC<\/li>\n<li>Software Gestor del Sistema para Mac \/ Windows<\/li>\n<li>App Custom Control y editor para BOYD<\/li>\n<li>32 perfiles de usuario<\/li>\n<li>Reproducci\u00f3n est\u00e9reo integrada<\/li>\n<li>Programador de eventos<\/li>\n<\/ul>\n<p>&nbsp;<\/p>\n<p><strong>Tarjeta opcional Dante<\/strong><\/p>\n<ul>\n<li>64\u00d764 canales de audio y control a trav\u00e9s de red<\/li>\n<li>Funciona a 96kHz o 48kHz<\/li>\n<li>Dos puertos con modos redundante y conmutado<\/li>\n<li>Internal Control Network Bridge<\/li>\n<li>Conectores Ethercon con bloqueo<\/li>\n<li>Compatible Dante Domain Manager<\/li>\n<li>Compatible AES67<\/li>\n<\/ul>\n<p><strong>\u00a0<\/strong><\/p>\n<p><strong>Herramientas de gesti\u00f3n de sonido<\/strong><strong>\u00a0<\/strong><\/p>\n<ul>\n<li>8x mezcladores de micr\u00f3fono autom\u00e1ticos<\/li>\n<li>ANC (Compensaci\u00f3n de Ruido Ambiental)<\/li>\n<li>Enmudecimiento de prioridad<\/li>\n<li>PEQ 8 bandas, din\u00e1mica y retardo en cada entrada y zona<\/li>\n<li>Procesado de altavoces con filtro crossover, retardo, limitador y PEQ<\/li>\n<li>M\u00f3dulo de ampliaci\u00f3n de procesado<\/li>\n<\/ul>\n<p>&nbsp;<\/p>\n<p>M\u00e1s informaci\u00f3n en la web de <a style=\"text-decoration: underline\" href=\"https:\/\/www.allen-heath.com\/ahm-64\/\" target=\"_blank\" rel=\"noopener noreferrer\">Allen &amp; Heath<\/a><\/p>\n","protected":false},"excerpt":{"rendered":"<h3>Procesador matricial de audio 64&#215;64 para instalaci\u00f3n<\/h3>\n<ul class=\"summary\">\n<li>Procesado matricial 64&#215;64<\/li>\n<li>12&#215;12 E\/S anal\u00f3gicas locales<\/li>\n<li>Puerto E\/S para audio en red, hasta 128&#215;128<\/li>\n<li>Tarjeta opcional Dante 96kHz 64&#215;64 (compatible AES67 y DDM)<\/li>\n<li>Puerto SLink 128&#215;128 incorporado, para ampliaci\u00f3n de audio<\/li>\n<li>64 salidas de procesado configurable; zonas mono \/ est\u00e9reo o procesado de altavoces<\/li>\n<li>N\u00facleo FPGA 96kHz con latencia ultra baja<\/li>\n<\/ul>\n<p>&nbsp;<\/p>\n","protected":false},"featured_media":22600,"template":"","meta":{"_acf_changed":false},"product_brand":[],"product_cat":[2183,1490,2184],"product_tag":[],"class_list":{"0":"post-19835","1":"product","2":"type-product","3":"status-publish","4":"has-post-thumbnail","6":"product_cat-matrices-instalacion","7":"product_cat-por-series-allen-heath","8":"product_cat-serie-ahm","9":"product_series-serie-ahm","11":"first","12":"instock","13":"shipping-taxable","14":"product-type-simple"},"acf":[],"yoast_head":"<!-- This site is optimized with the Yoast SEO plugin v27.1.1 - https:\/\/yoast.com\/product\/yoast-seo-wordpress\/ -->\n<title>AHM-64 - Audio-Technica Iberia<\/title>\n<meta name=\"robots\" content=\"index, follow, max-snippet:-1, max-image-preview:large, max-video-preview:-1\" \/>\n<link rel=\"canonical\" href=\"https:\/\/distribution.audio-technica.eu\/es-es\/productos\/ahm64\/\" \/>\n<meta property=\"og:locale\" content=\"es_ES\" \/>\n<meta property=\"og:type\" content=\"article\" \/>\n<meta property=\"og:title\" content=\"AHM-64 - Audio-Technica Iberia\" \/>\n<meta property=\"og:description\" content=\"Procesador matricial de audio 64x64 para instalaci\u00f3n   Procesado matricial 64x64  12x12 E\/S anal\u00f3gicas locales  Puerto E\/S para audio en red, hasta 128x128  Tarjeta opcional Dante 96kHz 64x64 (compatible AES67 y DDM)  Puerto SLink 128x128 incorporado, para ampliaci\u00f3n de audio  64 salidas de procesado configurable; zonas mono \/ est\u00e9reo o procesado de altavoces  N\u00facleo FPGA 96kHz con latencia ultra baja  &nbsp;\" \/>\n<meta property=\"og:url\" content=\"https:\/\/distribution.audio-technica.eu\/es-es\/productos\/ahm64\/\" \/>\n<meta property=\"og:site_name\" content=\"Audio-Technica Iberia\" \/>\n<meta property=\"article:modified_time\" content=\"2026-02-19T13:31:17+00:00\" \/>\n<meta property=\"og:image\" content=\"https:\/\/distribution.audio-technica.eu\/app\/uploads\/sites\/2\/AH-AHM64-Front-Left-Low_2.jpg\" \/>\n\t<meta property=\"og:image:width\" content=\"1000\" \/>\n\t<meta property=\"og:image:height\" content=\"1000\" \/>\n\t<meta property=\"og:image:type\" content=\"image\/jpeg\" \/>\n<meta name=\"twitter:card\" content=\"summary_large_image\" \/>\n<meta name=\"twitter:label1\" content=\"Tiempo de lectura\" \/>\n\t<meta name=\"twitter:data1\" content=\"4 minutos\" \/>\n<script type=\"application\/ld+json\" class=\"yoast-schema-graph\">{\"@context\":\"https:\/\/schema.org\",\"@graph\":[{\"@type\":\"WebPage\",\"@id\":\"https:\/\/distribution.audio-technica.eu\/es-es\/productos\/ahm64\/\",\"url\":\"https:\/\/distribution.audio-technica.eu\/es-es\/productos\/ahm64\/\",\"name\":\"AHM-64 - Audio-Technica Iberia\",\"isPartOf\":{\"@id\":\"https:\/\/distribution.audio-technica.eu\/es-es\/#website\"},\"primaryImageOfPage\":{\"@id\":\"https:\/\/distribution.audio-technica.eu\/es-es\/productos\/ahm64\/#primaryimage\"},\"image\":{\"@id\":\"https:\/\/distribution.audio-technica.eu\/es-es\/productos\/ahm64\/#primaryimage\"},\"thumbnailUrl\":\"\/app\/uploads\/sites\/2\/AH-AHM64-Front-Left-Low_2.jpg\",\"datePublished\":\"2020-02-11T08:00:00+00:00\",\"dateModified\":\"2026-02-19T13:31:17+00:00\",\"breadcrumb\":{\"@id\":\"https:\/\/distribution.audio-technica.eu\/es-es\/productos\/ahm64\/#breadcrumb\"},\"inLanguage\":\"es\",\"potentialAction\":[{\"@type\":\"ReadAction\",\"target\":[\"https:\/\/distribution.audio-technica.eu\/es-es\/productos\/ahm64\/\"]}]},{\"@type\":\"ImageObject\",\"inLanguage\":\"es\",\"@id\":\"https:\/\/distribution.audio-technica.eu\/es-es\/productos\/ahm64\/#primaryimage\",\"url\":\"\/app\/uploads\/sites\/2\/AH-AHM64-Front-Left-Low_2.jpg\",\"contentUrl\":\"\/app\/uploads\/sites\/2\/AH-AHM64-Front-Left-Low_2.jpg\",\"width\":1000,\"height\":1000},{\"@type\":\"BreadcrumbList\",\"@id\":\"https:\/\/distribution.audio-technica.eu\/es-es\/productos\/ahm64\/#breadcrumb\",\"itemListElement\":[{\"@type\":\"ListItem\",\"position\":1,\"name\":\"Products\",\"item\":\"https:\/\/distribution.audio-technica.eu\/es-es\/\"},{\"@type\":\"ListItem\",\"position\":2,\"name\":\"Productos\",\"item\":\"https:\/\/distribution.audio-technica.eu\/es-es\/productos\/\"},{\"@type\":\"ListItem\",\"position\":3,\"name\":\"AHM-64\"}]},{\"@type\":\"WebSite\",\"@id\":\"https:\/\/distribution.audio-technica.eu\/es-es\/#website\",\"url\":\"https:\/\/distribution.audio-technica.eu\/es-es\/\",\"name\":\"Audio-Technica Iberia\",\"description\":\"Distribuci\u00f3n\",\"potentialAction\":[{\"@type\":\"SearchAction\",\"target\":{\"@type\":\"EntryPoint\",\"urlTemplate\":\"https:\/\/distribution.audio-technica.eu\/es-es\/?s={search_term_string}\"},\"query-input\":{\"@type\":\"PropertyValueSpecification\",\"valueRequired\":true,\"valueName\":\"search_term_string\"}}],\"inLanguage\":\"es\"}]}<\/script>\n<!-- \/ Yoast SEO plugin. -->","yoast_head_json":{"title":"AHM-64 - Audio-Technica Iberia","robots":{"index":"index","follow":"follow","max-snippet":"max-snippet:-1","max-image-preview":"max-image-preview:large","max-video-preview":"max-video-preview:-1"},"canonical":"https:\/\/distribution.audio-technica.eu\/es-es\/productos\/ahm64\/","og_locale":"es_ES","og_type":"article","og_title":"AHM-64 - Audio-Technica Iberia","og_description":"Procesador matricial de audio 64x64 para instalaci\u00f3n   Procesado matricial 64x64  12x12 E\/S anal\u00f3gicas locales  Puerto E\/S para audio en red, hasta 128x128  Tarjeta opcional Dante 96kHz 64x64 (compatible AES67 y DDM)  Puerto SLink 128x128 incorporado, para ampliaci\u00f3n de audio  64 salidas de procesado configurable; zonas mono \/ est\u00e9reo o procesado de altavoces  N\u00facleo FPGA 96kHz con latencia ultra baja  &nbsp;","og_url":"https:\/\/distribution.audio-technica.eu\/es-es\/productos\/ahm64\/","og_site_name":"Audio-Technica Iberia","article_modified_time":"2026-02-19T13:31:17+00:00","og_image":[{"width":1000,"height":1000,"url":"https:\/\/distribution.audio-technica.eu\/app\/uploads\/sites\/2\/AH-AHM64-Front-Left-Low_2.jpg","type":"image\/jpeg"}],"twitter_card":"summary_large_image","twitter_misc":{"Tiempo de lectura":"4 minutos"},"schema":{"@context":"https:\/\/schema.org","@graph":[{"@type":"WebPage","@id":"https:\/\/distribution.audio-technica.eu\/es-es\/productos\/ahm64\/","url":"https:\/\/distribution.audio-technica.eu\/es-es\/productos\/ahm64\/","name":"AHM-64 - Audio-Technica Iberia","isPartOf":{"@id":"https:\/\/distribution.audio-technica.eu\/es-es\/#website"},"primaryImageOfPage":{"@id":"https:\/\/distribution.audio-technica.eu\/es-es\/productos\/ahm64\/#primaryimage"},"image":{"@id":"https:\/\/distribution.audio-technica.eu\/es-es\/productos\/ahm64\/#primaryimage"},"thumbnailUrl":"\/app\/uploads\/sites\/2\/AH-AHM64-Front-Left-Low_2.jpg","datePublished":"2020-02-11T08:00:00+00:00","dateModified":"2026-02-19T13:31:17+00:00","breadcrumb":{"@id":"https:\/\/distribution.audio-technica.eu\/es-es\/productos\/ahm64\/#breadcrumb"},"inLanguage":"es","potentialAction":[{"@type":"ReadAction","target":["https:\/\/distribution.audio-technica.eu\/es-es\/productos\/ahm64\/"]}]},{"@type":"ImageObject","inLanguage":"es","@id":"https:\/\/distribution.audio-technica.eu\/es-es\/productos\/ahm64\/#primaryimage","url":"\/app\/uploads\/sites\/2\/AH-AHM64-Front-Left-Low_2.jpg","contentUrl":"\/app\/uploads\/sites\/2\/AH-AHM64-Front-Left-Low_2.jpg","width":1000,"height":1000},{"@type":"BreadcrumbList","@id":"https:\/\/distribution.audio-technica.eu\/es-es\/productos\/ahm64\/#breadcrumb","itemListElement":[{"@type":"ListItem","position":1,"name":"Products","item":"https:\/\/distribution.audio-technica.eu\/es-es\/"},{"@type":"ListItem","position":2,"name":"Productos","item":"https:\/\/distribution.audio-technica.eu\/es-es\/productos\/"},{"@type":"ListItem","position":3,"name":"AHM-64"}]},{"@type":"WebSite","@id":"https:\/\/distribution.audio-technica.eu\/es-es\/#website","url":"https:\/\/distribution.audio-technica.eu\/es-es\/","name":"Audio-Technica Iberia","description":"Distribuci\u00f3n","potentialAction":[{"@type":"SearchAction","target":{"@type":"EntryPoint","urlTemplate":"https:\/\/distribution.audio-technica.eu\/es-es\/?s={search_term_string}"},"query-input":{"@type":"PropertyValueSpecification","valueRequired":true,"valueName":"search_term_string"}}],"inLanguage":"es"}]}},"_links":{"self":[{"href":"https:\/\/distribution.audio-technica.eu\/es-es\/wp-json\/wp\/v2\/product\/19835","targetHints":{"allow":["GET"]}}],"collection":[{"href":"https:\/\/distribution.audio-technica.eu\/es-es\/wp-json\/wp\/v2\/product"}],"about":[{"href":"https:\/\/distribution.audio-technica.eu\/es-es\/wp-json\/wp\/v2\/types\/product"}],"wp:featuredmedia":[{"embeddable":true,"href":"https:\/\/distribution.audio-technica.eu\/es-es\/wp-json\/wp\/v2\/media\/22600"}],"wp:attachment":[{"href":"https:\/\/distribution.audio-technica.eu\/es-es\/wp-json\/wp\/v2\/media?parent=19835"}],"wp:term":[{"taxonomy":"product_brand","embeddable":true,"href":"https:\/\/distribution.audio-technica.eu\/es-es\/wp-json\/wp\/v2\/product_brand?post=19835"},{"taxonomy":"product_cat","embeddable":true,"href":"https:\/\/distribution.audio-technica.eu\/es-es\/wp-json\/wp\/v2\/product_cat?post=19835"},{"taxonomy":"product_tag","embeddable":true,"href":"https:\/\/distribution.audio-technica.eu\/es-es\/wp-json\/wp\/v2\/product_tag?post=19835"}],"curies":[{"name":"wp","href":"https:\/\/api.w.org\/{rel}","templated":true}]}}