{"id":19852,"date":"2020-02-07T18:01:54","date_gmt":"2020-02-07T17:01:54","guid":{"rendered":"https:\/\/atdb-production.studiograft.dev\/es\/?post_type=product&#038;p=19852"},"modified":"2023-07-13T13:30:52","modified_gmt":"2023-07-13T11:30:52","slug":"prime-input","status":"publish","type":"product","link":"https:\/\/distribution.audio-technica.eu\/es-es\/productos\/prime-input\/","title":{"rendered":"Prime Input"},"content":{"rendered":"<h2>Prime Input<\/h2>\n<h3>Expansor DX modular de hasta 32 canales para dLive<\/h3>\n<p>PRIME se ha creado pensando en aquellos que desean alcanzar los m\u00e1s altos niveles de calidad de sonido con sus sistemas dLive, Avantis o SQ. Se trata de dos nuevos m\u00f3dulos destinados a ser utilizados con los expansores DX32.<\/p>\n<p>El M\u00f3dulo de Entrada PRIME es un preamplificador de dise\u00f1o totalmente nuevo, creado por Allen &amp; Heath, y que se encuentra en el punto m\u00e1s alto de la tecnolog\u00eda de sonido.<\/p>\n<p>Utilizando la m\u00e1s reciente tecnolog\u00eda de conversi\u00f3n y componentes ultra lineales, todo ello combinado con un meticuloso dise\u00f1o, el M\u00f3dulo de Entrada PRIME le permitir\u00e1 explotar todo el potencial del n\u00facleo XCVI FPGA 96 kHz, proporcionando un sonido de un nivel superior para aplicaciones de sonorizaci\u00f3n en directo, broadcast o estudio de alta calidad.<\/p>\n<p>Disponible en formato de tarjetas de ocho canales que pueden ser montadas directamente en una unidad DX32, permite crear cualquier configuraci\u00f3n necesaria, ya sea solo para unos cuantos canales de importancia cr\u00edtica, o para toda una secci\u00f3n de orquesta.<\/p>\n<p>Bas\u00e1ndose en muchos a\u00f1os de experiencia, combinados con la tecnolog\u00eda m\u00e1s moderna, Allen &amp; Heath ha redefinido la transparencia, recortando el THD y mejorando enormemente el comportamiento en cuanto a ruido, al tiempo que se asegura un asombrosamente r\u00e1pido slew-rate para conseguir una incre\u00edble respuesta a los transitorios.<\/p>\n<p>La precisi\u00f3n y detalle que ofrecen las entradas PRIME es sorprendente. Con una respuesta en frecuencia ultra plana entre 1 Hz y 40 KHz, y un slew-rate incre\u00edblemente r\u00e1pido, PRIME es capaz de ofrecer al dispositivo de mezcla un sonido detallado y perfectamente articulado, con la m\u00e1s alta resoluci\u00f3n posible, una respuesta a los transitorios que deja sin aliento, y linealidad en toda la gama.<\/p>\n<p>Mientras que la mayor\u00eda de los preamplificadores se basan en etapas acopladas por AC, PRIME dispone de etapa de ganancia acoplada por DC, que elimina la realimentaci\u00f3n capacitiva t\u00edpica del acople por AC, mejorando enormemente la linealidad en bajas frecuencias y la respuesta de fase. Este dise\u00f1o \u00fanico requiere una minuciosa selecci\u00f3n y dise\u00f1o de componentes.<\/p>\n<p>Dado que la linealidad fue un factor crucial durante el proceso de dise\u00f1o, el equipo de dise\u00f1o de Allen &amp; Heath realiz\u00f3 diversas innovaciones para mejorar la capacidad para manejar niveles elevados. Un pack cu\u00e1druple de transistores emparejados y de bajo ruido, situados en la parte frontal del circuito, se encarga de reducir dr\u00e1sticamente las anomal\u00edas de muy baja frecuencia inducidas t\u00e9rmicamente. En la ruta de se\u00f1al se han utilizado condensadores electrol\u00edticos Nichicon FG (Fine Gold) con grado Audi\u00f3filo, fabricados con las t\u00e9cnicas m\u00e1s avanzadas e innovadoras. Naturalmente, PRIME utiliza los conversores anal\u00f3gicos a digitales con resoluci\u00f3n de 32bit \/ 96kHz m\u00e1s avanzados; pero es m\u00e1s importante destacar que el equipo de dise\u00f1o utiliz\u00f3 en cada canal diferentes dispositivos conectados en paralelo para conseguir reducir la distorsi\u00f3n y optimizar el ruido y la gama din\u00e1mica. Se utilizan ocho canales de conversi\u00f3n anal\u00f3gica a digital para cada par de canales de entrada, proporcionando un mayor techo din\u00e1mico y mejor relaci\u00f3n se\u00f1al \u2013 ruido, si se compara con las implementaciones AD est\u00e1ndar.<\/p>\n<p>El sistema ADC tambi\u00e9n puede ser configurado por el usuario en cuanto a su capacidad de supresi\u00f3n de anti aliasing: supresi\u00f3n r\u00e1pida o lenta y retardo de latencia ultra baja; el usuario puede seleccionar los ajustes \u00f3ptimos para aplicaciones o tipos de m\u00fasica concretos.<\/p>\n<p>Para preservar a\u00fan m\u00e1s la integridad de la se\u00f1al, la circuiter\u00eda de PRIME se encuentra alojada en el interior de un blindaje totalmente met\u00e1lico, que aumenta el rechazo RF a trav\u00e9s de toda la ruta de se\u00f1al.<\/p>\n<p>Finalmente, antes de que cualquier m\u00f3dulo de entrada PRIME abandone la f\u00e1brica, los preamplificadores individuales de cada unidad son ajustados a mano para que cumplan escrupulosamente los requisitos en cuanto a ruta de realimentaci\u00f3n y rechazo en modo com\u00fan.<\/p>\n<p>En un expansor modular DX32 es posible instalar cualquier combinaci\u00f3n de tarjetas de entrada o salida PRIME. Los m\u00f3dulos PRIME tambi\u00e9n pueden ser combinados con m\u00f3dulos E\/S DX32 anal\u00f3gicos o digitales. El n\u00famero m\u00e1ximo de E\/S PRIME en un sistema dLive, SQ o Avantis totalmente ampliado es de:<\/p>\n<p><strong>&#8211; dLive S Class:<\/strong>\u00a092 m\u00f3dulos PRIME E\/S<\/p>\n<p><strong>&#8211; dLive C Class:<\/strong>\u00a044 m\u00f3dulos PRIME E\/S<\/p>\n<p><strong>&#8211; Avantis:<\/strong>\u00a048 m\u00f3dulos PRIME E\/S<\/p>\n<p><strong>&#8211; SQ:<\/strong>\u00a032 m\u00f3dulos PRIME E\/S<\/p>\n<p>&nbsp;<\/p>\n<ul>\n<li>Preamplificador de avanzado dise\u00f1o con etapa de ganancia acoplada DC<\/li>\n<li>Utilizable con DX32 para SQ, dLive y Avantis<\/li>\n<li>Cada canal individual es ajustado a mano para un funcionamiento en modo com\u00fan \u00f3ptimo<\/li>\n<li>Meticuloso dise\u00f1o de la puesta a tierra y la fuente de alimentaci\u00f3n para minimizar el ruido y la distorsi\u00f3n<\/li>\n<li>Completo blindaje met\u00e1lico para aumentar el rechazo RF total<\/li>\n<li>Conversores AD 32 bit \/ 96 kHz de ultim\u00edsima generaci\u00f3n para ofrecer la mejor conversi\u00f3n<\/li>\n<li>4 canales sumados de ADC para cada entrada para ofrecer una mayor gama din\u00e1mica y una mejor relaci\u00f3n se\u00f1al \/ ruido<\/li>\n<li>Optimizado para ser utilizado con los n\u00facleos FPGA XCVI 96 kHz de Allen &amp; Heath<\/li>\n<\/ul>\n","protected":false},"excerpt":{"rendered":"<h3>M\u00f3dulo de entrada con 8 preamplificadores para DX32 Expander<\/h3>\n<ul class=\"summary\">\n<li>Preamplificador de avanzado dise\u00f1o con etapa de ganancia acoplada DC<\/li>\n<li>Utilizable con DX32 para SQ, dLive y Avantis<\/li>\n<li>Cada canal individual es ajustado a mano para un funcionamiento en modo com\u00fan \u00f3ptimo<\/li>\n<li>Meticuloso dise\u00f1o de la puesta a tierra y la fuente de alimentaci\u00f3n para minimizar el ruido y la distorsi\u00f3n<\/li>\n<li>Conversores AD 32 bit \/ 96 kHz de ultim\u00edsima generaci\u00f3n para ofrecer la mejor conversi\u00f3n<\/li>\n<li>4 canales sumados de ADC para cada entrada para ofrecer una mayor gama din\u00e1mica y una mejor relaci\u00f3n se\u00f1al \/ ruido<\/li>\n<\/ul>\n<p>&nbsp;<\/p>\n","protected":false},"featured_media":20107,"template":"","meta":{"_acf_changed":false},"product_brand":[],"product_cat":[1493,1494,1490,1513,1495,1514],"product_tag":[],"class_list":{"0":"post-19852","1":"product","2":"type-product","3":"status-publish","4":"has-post-thumbnail","6":"product_cat-mesas-de-mezclas-allen-heath","7":"product_cat-mesas-de-mezclas-para-directo-mesas-de-mezclas-allen-heath","8":"product_cat-por-series-allen-heath","9":"product_cat-serie-dlive-c-class","10":"product_cat-serie-dlive-s-class","11":"product_cat-serie-sq","12":"product_series-serie-dlive-c-class","13":"product_series-serie-dlive-s-class","14":"product_series-serie-sq","16":"first","17":"instock","18":"shipping-taxable","19":"product-type-simple"},"acf":[],"yoast_head":"<!-- This site is optimized with the Yoast SEO plugin v27.1.1 - https:\/\/yoast.com\/product\/yoast-seo-wordpress\/ -->\n<title>Prime Input - Audio-Technica Iberia<\/title>\n<meta name=\"robots\" content=\"index, follow, max-snippet:-1, max-image-preview:large, max-video-preview:-1\" \/>\n<link rel=\"canonical\" href=\"https:\/\/distribution.audio-technica.eu\/es-es\/productos\/prime-input\/\" \/>\n<meta property=\"og:locale\" content=\"es_ES\" \/>\n<meta property=\"og:type\" content=\"article\" \/>\n<meta property=\"og:title\" content=\"Prime Input - Audio-Technica Iberia\" \/>\n<meta property=\"og:description\" content=\"M\u00f3dulo de entrada con 8 preamplificadores para DX32 Expander  Preamplificador de avanzado dise\u00f1o con etapa de ganancia acoplada DC  Utilizable con DX32 para SQ, dLive y Avantis  Cada canal individual es ajustado a mano para un funcionamiento en modo com\u00fan \u00f3ptimo  Meticuloso dise\u00f1o de la puesta a tierra y la fuente de alimentaci\u00f3n para minimizar el ruido y la distorsi\u00f3n  Conversores AD 32 bit \/ 96 kHz de ultim\u00edsima generaci\u00f3n para ofrecer la mejor conversi\u00f3n  4 canales sumados de ADC para cada entrada para ofrecer una mayor gama din\u00e1mica y una mejor relaci\u00f3n se\u00f1al \/ ruido &nbsp;\" \/>\n<meta property=\"og:url\" content=\"https:\/\/distribution.audio-technica.eu\/es-es\/productos\/prime-input\/\" \/>\n<meta property=\"og:site_name\" content=\"Audio-Technica Iberia\" \/>\n<meta property=\"article:modified_time\" content=\"2023-07-13T11:30:52+00:00\" \/>\n<meta property=\"og:image\" content=\"https:\/\/distribution.audio-technica.eu\/app\/uploads\/sites\/2\/AH-Prime-In-Angle-ThreeQuarter-Left-1.jpg\" \/>\n\t<meta property=\"og:image:width\" content=\"1000\" \/>\n\t<meta property=\"og:image:height\" content=\"1000\" \/>\n\t<meta property=\"og:image:type\" content=\"image\/jpeg\" \/>\n<meta name=\"twitter:card\" content=\"summary_large_image\" \/>\n<meta name=\"twitter:label1\" content=\"Tiempo de lectura\" \/>\n\t<meta name=\"twitter:data1\" content=\"5 minutos\" \/>\n<script type=\"application\/ld+json\" class=\"yoast-schema-graph\">{\"@context\":\"https:\/\/schema.org\",\"@graph\":[{\"@type\":\"WebPage\",\"@id\":\"https:\/\/distribution.audio-technica.eu\/es-es\/productos\/prime-input\/\",\"url\":\"https:\/\/distribution.audio-technica.eu\/es-es\/productos\/prime-input\/\",\"name\":\"Prime Input - Audio-Technica Iberia\",\"isPartOf\":{\"@id\":\"https:\/\/distribution.audio-technica.eu\/es-es\/#website\"},\"primaryImageOfPage\":{\"@id\":\"https:\/\/distribution.audio-technica.eu\/es-es\/productos\/prime-input\/#primaryimage\"},\"image\":{\"@id\":\"https:\/\/distribution.audio-technica.eu\/es-es\/productos\/prime-input\/#primaryimage\"},\"thumbnailUrl\":\"\/app\/uploads\/sites\/2\/AH-Prime-In-Angle-ThreeQuarter-Left-1.jpg\",\"datePublished\":\"2020-02-07T17:01:54+00:00\",\"dateModified\":\"2023-07-13T11:30:52+00:00\",\"breadcrumb\":{\"@id\":\"https:\/\/distribution.audio-technica.eu\/es-es\/productos\/prime-input\/#breadcrumb\"},\"inLanguage\":\"es\",\"potentialAction\":[{\"@type\":\"ReadAction\",\"target\":[\"https:\/\/distribution.audio-technica.eu\/es-es\/productos\/prime-input\/\"]}]},{\"@type\":\"ImageObject\",\"inLanguage\":\"es\",\"@id\":\"https:\/\/distribution.audio-technica.eu\/es-es\/productos\/prime-input\/#primaryimage\",\"url\":\"\/app\/uploads\/sites\/2\/AH-Prime-In-Angle-ThreeQuarter-Left-1.jpg\",\"contentUrl\":\"\/app\/uploads\/sites\/2\/AH-Prime-In-Angle-ThreeQuarter-Left-1.jpg\",\"width\":1000,\"height\":1000},{\"@type\":\"BreadcrumbList\",\"@id\":\"https:\/\/distribution.audio-technica.eu\/es-es\/productos\/prime-input\/#breadcrumb\",\"itemListElement\":[{\"@type\":\"ListItem\",\"position\":1,\"name\":\"Products\",\"item\":\"https:\/\/distribution.audio-technica.eu\/es-es\/\"},{\"@type\":\"ListItem\",\"position\":2,\"name\":\"Productos\",\"item\":\"https:\/\/distribution.audio-technica.eu\/es-es\/productos\/\"},{\"@type\":\"ListItem\",\"position\":3,\"name\":\"Prime Input\"}]},{\"@type\":\"WebSite\",\"@id\":\"https:\/\/distribution.audio-technica.eu\/es-es\/#website\",\"url\":\"https:\/\/distribution.audio-technica.eu\/es-es\/\",\"name\":\"Audio-Technica Iberia\",\"description\":\"Distribuci\u00f3n\",\"potentialAction\":[{\"@type\":\"SearchAction\",\"target\":{\"@type\":\"EntryPoint\",\"urlTemplate\":\"https:\/\/distribution.audio-technica.eu\/es-es\/?s={search_term_string}\"},\"query-input\":{\"@type\":\"PropertyValueSpecification\",\"valueRequired\":true,\"valueName\":\"search_term_string\"}}],\"inLanguage\":\"es\"}]}<\/script>\n<!-- \/ Yoast SEO plugin. -->","yoast_head_json":{"title":"Prime Input - Audio-Technica Iberia","robots":{"index":"index","follow":"follow","max-snippet":"max-snippet:-1","max-image-preview":"max-image-preview:large","max-video-preview":"max-video-preview:-1"},"canonical":"https:\/\/distribution.audio-technica.eu\/es-es\/productos\/prime-input\/","og_locale":"es_ES","og_type":"article","og_title":"Prime Input - Audio-Technica Iberia","og_description":"M\u00f3dulo de entrada con 8 preamplificadores para DX32 Expander  Preamplificador de avanzado dise\u00f1o con etapa de ganancia acoplada DC  Utilizable con DX32 para SQ, dLive y Avantis  Cada canal individual es ajustado a mano para un funcionamiento en modo com\u00fan \u00f3ptimo  Meticuloso dise\u00f1o de la puesta a tierra y la fuente de alimentaci\u00f3n para minimizar el ruido y la distorsi\u00f3n  Conversores AD 32 bit \/ 96 kHz de ultim\u00edsima generaci\u00f3n para ofrecer la mejor conversi\u00f3n  4 canales sumados de ADC para cada entrada para ofrecer una mayor gama din\u00e1mica y una mejor relaci\u00f3n se\u00f1al \/ ruido &nbsp;","og_url":"https:\/\/distribution.audio-technica.eu\/es-es\/productos\/prime-input\/","og_site_name":"Audio-Technica Iberia","article_modified_time":"2023-07-13T11:30:52+00:00","og_image":[{"width":1000,"height":1000,"url":"https:\/\/distribution.audio-technica.eu\/app\/uploads\/sites\/2\/AH-Prime-In-Angle-ThreeQuarter-Left-1.jpg","type":"image\/jpeg"}],"twitter_card":"summary_large_image","twitter_misc":{"Tiempo de lectura":"5 minutos"},"schema":{"@context":"https:\/\/schema.org","@graph":[{"@type":"WebPage","@id":"https:\/\/distribution.audio-technica.eu\/es-es\/productos\/prime-input\/","url":"https:\/\/distribution.audio-technica.eu\/es-es\/productos\/prime-input\/","name":"Prime Input - Audio-Technica Iberia","isPartOf":{"@id":"https:\/\/distribution.audio-technica.eu\/es-es\/#website"},"primaryImageOfPage":{"@id":"https:\/\/distribution.audio-technica.eu\/es-es\/productos\/prime-input\/#primaryimage"},"image":{"@id":"https:\/\/distribution.audio-technica.eu\/es-es\/productos\/prime-input\/#primaryimage"},"thumbnailUrl":"\/app\/uploads\/sites\/2\/AH-Prime-In-Angle-ThreeQuarter-Left-1.jpg","datePublished":"2020-02-07T17:01:54+00:00","dateModified":"2023-07-13T11:30:52+00:00","breadcrumb":{"@id":"https:\/\/distribution.audio-technica.eu\/es-es\/productos\/prime-input\/#breadcrumb"},"inLanguage":"es","potentialAction":[{"@type":"ReadAction","target":["https:\/\/distribution.audio-technica.eu\/es-es\/productos\/prime-input\/"]}]},{"@type":"ImageObject","inLanguage":"es","@id":"https:\/\/distribution.audio-technica.eu\/es-es\/productos\/prime-input\/#primaryimage","url":"\/app\/uploads\/sites\/2\/AH-Prime-In-Angle-ThreeQuarter-Left-1.jpg","contentUrl":"\/app\/uploads\/sites\/2\/AH-Prime-In-Angle-ThreeQuarter-Left-1.jpg","width":1000,"height":1000},{"@type":"BreadcrumbList","@id":"https:\/\/distribution.audio-technica.eu\/es-es\/productos\/prime-input\/#breadcrumb","itemListElement":[{"@type":"ListItem","position":1,"name":"Products","item":"https:\/\/distribution.audio-technica.eu\/es-es\/"},{"@type":"ListItem","position":2,"name":"Productos","item":"https:\/\/distribution.audio-technica.eu\/es-es\/productos\/"},{"@type":"ListItem","position":3,"name":"Prime Input"}]},{"@type":"WebSite","@id":"https:\/\/distribution.audio-technica.eu\/es-es\/#website","url":"https:\/\/distribution.audio-technica.eu\/es-es\/","name":"Audio-Technica Iberia","description":"Distribuci\u00f3n","potentialAction":[{"@type":"SearchAction","target":{"@type":"EntryPoint","urlTemplate":"https:\/\/distribution.audio-technica.eu\/es-es\/?s={search_term_string}"},"query-input":{"@type":"PropertyValueSpecification","valueRequired":true,"valueName":"search_term_string"}}],"inLanguage":"es"}]}},"_links":{"self":[{"href":"https:\/\/distribution.audio-technica.eu\/es-es\/wp-json\/wp\/v2\/product\/19852","targetHints":{"allow":["GET"]}}],"collection":[{"href":"https:\/\/distribution.audio-technica.eu\/es-es\/wp-json\/wp\/v2\/product"}],"about":[{"href":"https:\/\/distribution.audio-technica.eu\/es-es\/wp-json\/wp\/v2\/types\/product"}],"wp:featuredmedia":[{"embeddable":true,"href":"https:\/\/distribution.audio-technica.eu\/es-es\/wp-json\/wp\/v2\/media\/20107"}],"wp:attachment":[{"href":"https:\/\/distribution.audio-technica.eu\/es-es\/wp-json\/wp\/v2\/media?parent=19852"}],"wp:term":[{"taxonomy":"product_brand","embeddable":true,"href":"https:\/\/distribution.audio-technica.eu\/es-es\/wp-json\/wp\/v2\/product_brand?post=19852"},{"taxonomy":"product_cat","embeddable":true,"href":"https:\/\/distribution.audio-technica.eu\/es-es\/wp-json\/wp\/v2\/product_cat?post=19852"},{"taxonomy":"product_tag","embeddable":true,"href":"https:\/\/distribution.audio-technica.eu\/es-es\/wp-json\/wp\/v2\/product_tag?post=19852"}],"curies":[{"name":"wp","href":"https:\/\/api.w.org\/{rel}","templated":true}]}}