{"id":19854,"date":"2020-02-07T18:45:30","date_gmt":"2020-02-07T17:45:30","guid":{"rendered":"https:\/\/atdb-production.studiograft.dev\/es\/?post_type=product&#038;p=19854"},"modified":"2023-07-13T13:30:52","modified_gmt":"2023-07-13T11:30:52","slug":"prime-output","status":"publish","type":"product","link":"https:\/\/distribution.audio-technica.eu\/es-es\/productos\/prime-output\/","title":{"rendered":"Prime Output"},"content":{"rendered":"<h2>Prime Output<\/h2>\n<h3>M\u00f3dulo con 8 canales de salida para DX32 Expander<\/h3>\n<p>Cuando los mejores ingenieros y artistas necesitan salidas anal\u00f3gicas de la m\u00e1xima calidad en sus sistemas dLive, Avantis o SQ, ya sea para monitores, racks de amplificaci\u00f3n o aplicaciones broadcast, cuentan ahora con el nuevo m\u00f3dulo de salida PRIME, una tarjeta D-A totalmente redise\u00f1ada y que ofrece niveles de calidad de sonido sin precedentes.<\/p>\n<p>Utilizando la m\u00e1s avanzada y moderna tecnolog\u00eda en conversores y componentes, el m\u00f3dulo de salida PRIME ha sido totalmente optimizado para ser utilizado con nuestro avanzado n\u00facleo XCVI FPGA 96 kHz para consolas.<\/p>\n<p>Disponibles en forma de tarjetas de 8 canales para ser montadas directamente en el interior del expansor modular DX32, los m\u00f3dulos de salida PRIME pueden ser configurados en cualquier modo que necesite el usuario, de forma aut\u00f3noma, o en combinaci\u00f3n con los m\u00f3dulos de entrada PRIME, para conseguir un sistema completo muy avanzado, de un extremo a otro, capaz de ofrecer la m\u00e1xima definici\u00f3n y detalle en toda la gama de frecuencias.<\/p>\n<p>En su dise\u00f1o se ha prestado la misma atenci\u00f3n al detalle y meticulosa selecci\u00f3n de componentes que en la tarjeta de entrada PRIME; las resistencias, condensadores y amplificadores operacionales de alta calidad han sido seleccionados por su excepcional rendimiento: bajo ruido, baja distorsi\u00f3n y linealidad.<\/p>\n<p>La inclusi\u00f3n de un circuito controlador de l\u00ednea balanceada no solo ofrece ruido y distorsi\u00f3n ultra bajos, sino que mantiene una retroalimentaci\u00f3n de modo com\u00fan cuando se entra en recorte y evita corrientes de tierra excesivas, reduciendo a\u00fan m\u00e1s la distorsi\u00f3n. La diafon\u00eda entre canales mejorada da como resultado un campo est\u00e9reo y una profundidad \u00f3ptimos.<\/p>\n<p>El dise\u00f1o diferencial tambi\u00e9n reduce los offsets DC en modo com\u00fan en la salida, permitiendo eliminar condensadores de acople, lo que permite alcanzar el sonido m\u00e1s transparente posible en todo el espectro de frecuencias.<\/p>\n<p>La avanzada tecnolog\u00eda DAC de 32 bits de Allen &amp; Heath trabaja con una resoluci\u00f3n de 96 kHz, ofreciendo unas caracter\u00edsticas de distorsi\u00f3n y ruido excepcionales, para disfrutar de un sonido sin precedentes. El filtro DAC puede ser tambi\u00e9n configurado para diferentes caracter\u00edsticas de filtro de supresi\u00f3n de anti aliasing, incluyendo velocidad de supresi\u00f3n y latencia, de forma que el usuario puede escoger los ajustes m\u00e1s adecuados dependiendo de la aplicaci\u00f3n.<\/p>\n<p>Para preservar la integridad de la se\u00f1al, la circuiter\u00eda incluida en PRIME se encuentra alojada en un blindaje totalmente met\u00e1lico para aumentar el rechazo a las interferencias por RF en toda la ruta de se\u00f1al.<\/p>\n<p>En un expansor modular DX32 es posible instalar cualquier combinaci\u00f3n de tarjetas de entrada o salida PRIME. Los m\u00f3dulos PRIME tambi\u00e9n pueden ser combinados con m\u00f3dulos E\/S DX32 anal\u00f3gicos o digitales. El n\u00famero m\u00e1ximo de E\/S PRIME en un sistema dLive, SQ o Avantis totalmente ampliado es de:<\/p>\n<p><strong>&#8211; dLive S Class:<\/strong>\u00a092 m\u00f3dulos PRIME E\/S<\/p>\n<p><strong>&#8211; dLive C Class:<\/strong>\u00a044 m\u00f3dulos PRIME E\/S<\/p>\n<p><strong>&#8211; Avantis:<\/strong>\u00a048 m\u00f3dulos PRIME E\/S<\/p>\n<p><strong>&#8211; SQ:<\/strong>\u00a032 m\u00f3dulos PRIME E\/S<\/p>\n<p>&nbsp;<\/p>\n<ul>\n<li>Dise\u00f1o de tarjeta de salida DA de \u00faltima generaci\u00f3n<\/li>\n<li>Se utiliza con DX32 para SQ, DLIVE y AVANTIS<\/li>\n<li>Etapa de salida diferencial totalmente balanceada para ofrecer un mejor rendimiento en modo com\u00fan, diafon\u00eda y linealidad<\/li>\n<li>THD y ruido ultra bajos<\/li>\n<li>Los DACS de 32 bit m\u00e1s modernos del mercado para ofrecer la mejor conversi\u00f3n en su clase<\/li>\n<li>Amplificadores operacionales seleccionados especialmente para ofrecer un ruido ultra bajo<\/li>\n<li>Blindaje totalmente met\u00e1lico para mejorar el rechazo a RF<\/li>\n<li>Optimizado para ser utilizado con el n\u00facleo XCVI FPGA 96 kHz<\/li>\n<\/ul>\n","protected":false},"excerpt":{"rendered":"<h3>M\u00f3dulo con 8 canales de salida para DX32 Expander<\/h3>\n<ul class=\"summary\">\n<li>Dise\u00f1o de tarjeta de salida DA de \u00faltima generaci\u00f3n<\/li>\n<li>Se utiliza con DX32 para SQ, DLIVE y AVANTIS<\/li>\n<li>Etapa de salida diferencial totalmente balanceada para ofrecer un mejor rendimiento en modo com\u00fan, diafon\u00eda y linealidad<\/li>\n<li>THD y ruido ultra bajos<\/li>\n<li>Los DACS de 32 bit m\u00e1s modernos del mercado para ofrecer la mejor conversi\u00f3n en su clase<\/li>\n<li>Amplificadores operacionales seleccionados especialmente para ofrecer un ruido ultra bajo<\/li>\n<\/ul>\n<p>&nbsp;<\/p>\n","protected":false},"featured_media":20108,"template":"","meta":{"_acf_changed":false},"product_brand":[],"product_cat":[1493,1494,1490,1513,1495,1514],"product_tag":[],"class_list":{"0":"post-19854","1":"product","2":"type-product","3":"status-publish","4":"has-post-thumbnail","6":"product_cat-mesas-de-mezclas-allen-heath","7":"product_cat-mesas-de-mezclas-para-directo-mesas-de-mezclas-allen-heath","8":"product_cat-por-series-allen-heath","9":"product_cat-serie-dlive-c-class","10":"product_cat-serie-dlive-s-class","11":"product_cat-serie-sq","12":"product_series-serie-dlive-c-class","13":"product_series-serie-dlive-s-class","14":"product_series-serie-sq","16":"first","17":"instock","18":"shipping-taxable","19":"product-type-simple"},"acf":[],"yoast_head":"<!-- This site is optimized with the Yoast SEO plugin v27.1.1 - https:\/\/yoast.com\/product\/yoast-seo-wordpress\/ -->\n<title>Prime Output - Audio-Technica Iberia<\/title>\n<meta name=\"robots\" content=\"index, follow, max-snippet:-1, max-image-preview:large, max-video-preview:-1\" \/>\n<link rel=\"canonical\" href=\"https:\/\/distribution.audio-technica.eu\/es-es\/productos\/prime-output\/\" \/>\n<meta property=\"og:locale\" content=\"es_ES\" \/>\n<meta property=\"og:type\" content=\"article\" \/>\n<meta property=\"og:title\" content=\"Prime Output - Audio-Technica Iberia\" \/>\n<meta property=\"og:description\" content=\"M\u00f3dulo con 8 canales de salida para DX32 Expander  Dise\u00f1o de tarjeta de salida DA de \u00faltima generaci\u00f3n  Se utiliza con DX32 para SQ, DLIVE y AVANTIS  Etapa de salida diferencial totalmente balanceada para ofrecer un mejor rendimiento en modo com\u00fan, diafon\u00eda y linealidad  THD y ruido ultra bajos  Los DACS de 32 bit m\u00e1s modernos del mercado para ofrecer la mejor conversi\u00f3n en su clase  Amplificadores operacionales seleccionados especialmente para ofrecer un ruido ultra bajo &nbsp;\" \/>\n<meta property=\"og:url\" content=\"https:\/\/distribution.audio-technica.eu\/es-es\/productos\/prime-output\/\" \/>\n<meta property=\"og:site_name\" content=\"Audio-Technica Iberia\" \/>\n<meta property=\"article:modified_time\" content=\"2023-07-13T11:30:52+00:00\" \/>\n<meta property=\"og:image\" content=\"https:\/\/distribution.audio-technica.eu\/app\/uploads\/sites\/2\/AH-Prime-Out-Angle-ThreeQuarter-Left-1.jpg\" \/>\n\t<meta property=\"og:image:width\" content=\"1000\" \/>\n\t<meta property=\"og:image:height\" content=\"1000\" \/>\n\t<meta property=\"og:image:type\" content=\"image\/jpeg\" \/>\n<meta name=\"twitter:card\" content=\"summary_large_image\" \/>\n<meta name=\"twitter:label1\" content=\"Tiempo de lectura\" \/>\n\t<meta name=\"twitter:data1\" content=\"3 minutos\" \/>\n<script type=\"application\/ld+json\" class=\"yoast-schema-graph\">{\"@context\":\"https:\/\/schema.org\",\"@graph\":[{\"@type\":\"WebPage\",\"@id\":\"https:\/\/distribution.audio-technica.eu\/es-es\/productos\/prime-output\/\",\"url\":\"https:\/\/distribution.audio-technica.eu\/es-es\/productos\/prime-output\/\",\"name\":\"Prime Output - Audio-Technica Iberia\",\"isPartOf\":{\"@id\":\"https:\/\/distribution.audio-technica.eu\/es-es\/#website\"},\"primaryImageOfPage\":{\"@id\":\"https:\/\/distribution.audio-technica.eu\/es-es\/productos\/prime-output\/#primaryimage\"},\"image\":{\"@id\":\"https:\/\/distribution.audio-technica.eu\/es-es\/productos\/prime-output\/#primaryimage\"},\"thumbnailUrl\":\"\/app\/uploads\/sites\/2\/AH-Prime-Out-Angle-ThreeQuarter-Left-1.jpg\",\"datePublished\":\"2020-02-07T17:45:30+00:00\",\"dateModified\":\"2023-07-13T11:30:52+00:00\",\"breadcrumb\":{\"@id\":\"https:\/\/distribution.audio-technica.eu\/es-es\/productos\/prime-output\/#breadcrumb\"},\"inLanguage\":\"es\",\"potentialAction\":[{\"@type\":\"ReadAction\",\"target\":[\"https:\/\/distribution.audio-technica.eu\/es-es\/productos\/prime-output\/\"]}]},{\"@type\":\"ImageObject\",\"inLanguage\":\"es\",\"@id\":\"https:\/\/distribution.audio-technica.eu\/es-es\/productos\/prime-output\/#primaryimage\",\"url\":\"\/app\/uploads\/sites\/2\/AH-Prime-Out-Angle-ThreeQuarter-Left-1.jpg\",\"contentUrl\":\"\/app\/uploads\/sites\/2\/AH-Prime-Out-Angle-ThreeQuarter-Left-1.jpg\",\"width\":1000,\"height\":1000},{\"@type\":\"BreadcrumbList\",\"@id\":\"https:\/\/distribution.audio-technica.eu\/es-es\/productos\/prime-output\/#breadcrumb\",\"itemListElement\":[{\"@type\":\"ListItem\",\"position\":1,\"name\":\"Products\",\"item\":\"https:\/\/distribution.audio-technica.eu\/es-es\/\"},{\"@type\":\"ListItem\",\"position\":2,\"name\":\"Productos\",\"item\":\"https:\/\/distribution.audio-technica.eu\/es-es\/productos\/\"},{\"@type\":\"ListItem\",\"position\":3,\"name\":\"Prime Output\"}]},{\"@type\":\"WebSite\",\"@id\":\"https:\/\/distribution.audio-technica.eu\/es-es\/#website\",\"url\":\"https:\/\/distribution.audio-technica.eu\/es-es\/\",\"name\":\"Audio-Technica Iberia\",\"description\":\"Distribuci\u00f3n\",\"potentialAction\":[{\"@type\":\"SearchAction\",\"target\":{\"@type\":\"EntryPoint\",\"urlTemplate\":\"https:\/\/distribution.audio-technica.eu\/es-es\/?s={search_term_string}\"},\"query-input\":{\"@type\":\"PropertyValueSpecification\",\"valueRequired\":true,\"valueName\":\"search_term_string\"}}],\"inLanguage\":\"es\"}]}<\/script>\n<!-- \/ Yoast SEO plugin. -->","yoast_head_json":{"title":"Prime Output - Audio-Technica Iberia","robots":{"index":"index","follow":"follow","max-snippet":"max-snippet:-1","max-image-preview":"max-image-preview:large","max-video-preview":"max-video-preview:-1"},"canonical":"https:\/\/distribution.audio-technica.eu\/es-es\/productos\/prime-output\/","og_locale":"es_ES","og_type":"article","og_title":"Prime Output - Audio-Technica Iberia","og_description":"M\u00f3dulo con 8 canales de salida para DX32 Expander  Dise\u00f1o de tarjeta de salida DA de \u00faltima generaci\u00f3n  Se utiliza con DX32 para SQ, DLIVE y AVANTIS  Etapa de salida diferencial totalmente balanceada para ofrecer un mejor rendimiento en modo com\u00fan, diafon\u00eda y linealidad  THD y ruido ultra bajos  Los DACS de 32 bit m\u00e1s modernos del mercado para ofrecer la mejor conversi\u00f3n en su clase  Amplificadores operacionales seleccionados especialmente para ofrecer un ruido ultra bajo &nbsp;","og_url":"https:\/\/distribution.audio-technica.eu\/es-es\/productos\/prime-output\/","og_site_name":"Audio-Technica Iberia","article_modified_time":"2023-07-13T11:30:52+00:00","og_image":[{"width":1000,"height":1000,"url":"https:\/\/distribution.audio-technica.eu\/app\/uploads\/sites\/2\/AH-Prime-Out-Angle-ThreeQuarter-Left-1.jpg","type":"image\/jpeg"}],"twitter_card":"summary_large_image","twitter_misc":{"Tiempo de lectura":"3 minutos"},"schema":{"@context":"https:\/\/schema.org","@graph":[{"@type":"WebPage","@id":"https:\/\/distribution.audio-technica.eu\/es-es\/productos\/prime-output\/","url":"https:\/\/distribution.audio-technica.eu\/es-es\/productos\/prime-output\/","name":"Prime Output - Audio-Technica Iberia","isPartOf":{"@id":"https:\/\/distribution.audio-technica.eu\/es-es\/#website"},"primaryImageOfPage":{"@id":"https:\/\/distribution.audio-technica.eu\/es-es\/productos\/prime-output\/#primaryimage"},"image":{"@id":"https:\/\/distribution.audio-technica.eu\/es-es\/productos\/prime-output\/#primaryimage"},"thumbnailUrl":"\/app\/uploads\/sites\/2\/AH-Prime-Out-Angle-ThreeQuarter-Left-1.jpg","datePublished":"2020-02-07T17:45:30+00:00","dateModified":"2023-07-13T11:30:52+00:00","breadcrumb":{"@id":"https:\/\/distribution.audio-technica.eu\/es-es\/productos\/prime-output\/#breadcrumb"},"inLanguage":"es","potentialAction":[{"@type":"ReadAction","target":["https:\/\/distribution.audio-technica.eu\/es-es\/productos\/prime-output\/"]}]},{"@type":"ImageObject","inLanguage":"es","@id":"https:\/\/distribution.audio-technica.eu\/es-es\/productos\/prime-output\/#primaryimage","url":"\/app\/uploads\/sites\/2\/AH-Prime-Out-Angle-ThreeQuarter-Left-1.jpg","contentUrl":"\/app\/uploads\/sites\/2\/AH-Prime-Out-Angle-ThreeQuarter-Left-1.jpg","width":1000,"height":1000},{"@type":"BreadcrumbList","@id":"https:\/\/distribution.audio-technica.eu\/es-es\/productos\/prime-output\/#breadcrumb","itemListElement":[{"@type":"ListItem","position":1,"name":"Products","item":"https:\/\/distribution.audio-technica.eu\/es-es\/"},{"@type":"ListItem","position":2,"name":"Productos","item":"https:\/\/distribution.audio-technica.eu\/es-es\/productos\/"},{"@type":"ListItem","position":3,"name":"Prime Output"}]},{"@type":"WebSite","@id":"https:\/\/distribution.audio-technica.eu\/es-es\/#website","url":"https:\/\/distribution.audio-technica.eu\/es-es\/","name":"Audio-Technica Iberia","description":"Distribuci\u00f3n","potentialAction":[{"@type":"SearchAction","target":{"@type":"EntryPoint","urlTemplate":"https:\/\/distribution.audio-technica.eu\/es-es\/?s={search_term_string}"},"query-input":{"@type":"PropertyValueSpecification","valueRequired":true,"valueName":"search_term_string"}}],"inLanguage":"es"}]}},"_links":{"self":[{"href":"https:\/\/distribution.audio-technica.eu\/es-es\/wp-json\/wp\/v2\/product\/19854","targetHints":{"allow":["GET"]}}],"collection":[{"href":"https:\/\/distribution.audio-technica.eu\/es-es\/wp-json\/wp\/v2\/product"}],"about":[{"href":"https:\/\/distribution.audio-technica.eu\/es-es\/wp-json\/wp\/v2\/types\/product"}],"wp:featuredmedia":[{"embeddable":true,"href":"https:\/\/distribution.audio-technica.eu\/es-es\/wp-json\/wp\/v2\/media\/20108"}],"wp:attachment":[{"href":"https:\/\/distribution.audio-technica.eu\/es-es\/wp-json\/wp\/v2\/media?parent=19854"}],"wp:term":[{"taxonomy":"product_brand","embeddable":true,"href":"https:\/\/distribution.audio-technica.eu\/es-es\/wp-json\/wp\/v2\/product_brand?post=19854"},{"taxonomy":"product_cat","embeddable":true,"href":"https:\/\/distribution.audio-technica.eu\/es-es\/wp-json\/wp\/v2\/product_cat?post=19854"},{"taxonomy":"product_tag","embeddable":true,"href":"https:\/\/distribution.audio-technica.eu\/es-es\/wp-json\/wp\/v2\/product_tag?post=19854"}],"curies":[{"name":"wp","href":"https:\/\/api.w.org\/{rel}","templated":true}]}}