{"id":19864,"date":"2020-02-07T19:07:09","date_gmt":"2020-02-07T18:07:09","guid":{"rendered":"https:\/\/atdb-production.studiograft.dev\/es\/?post_type=product&#038;p=19864"},"modified":"2026-02-19T14:29:55","modified_gmt":"2026-02-19T13:29:55","slug":"acs40ts","status":"publish","type":"product","link":"https:\/\/distribution.audio-technica.eu\/es-es\/productos\/acs40ts\/","title":{"rendered":"ACS-40TS"},"content":{"rendered":"<h2>ACS-40TS<\/h2>\n<h3>Altavoz compacto de techo de dos v\u00edas, 4\u201d<\/h3>\n<p>Integrado en la serie de altavoces comerciales de la serie ADORN, el ACS-40TS es un altavoz ultra compacto de dos v\u00edas, destinado a ser instalado en el techo para aplicaciones que precisan de alta calidad con un coste muy competitivo.<\/p>\n<p>El ACS-40TS proporciona respuesta en frecuencia completa, y una excelente cobertura e inteligibilidad para una amplia gama de aplicaciones, desde hoteles y salones a tiendas, bares y restaurantes.<\/p>\n<p>Incorpora un altavoz LF de 4\u201d (100mm) y un tweeter de c\u00fapula de seda de 0.75\u201d (19mm), y es capaz de producir una salida de 108dB de pico a 1 metro, con un excelente sonido en alta fidelidad que es adecuado tanto para reproducci\u00f3n de m\u00fasica como de avisos. Su dise\u00f1o con puerto proporciona unos potentes graves que se extienden hasta los 73 Hz.<\/p>\n<p>Su amplia cobertura c\u00f3nica de 180\u00b0 lo hace especialmente adecuado para ser utilizado en techos bajos y reducir el n\u00famero de altavoces necesarios para conseguir una cobertura uniforme, consiguiendo de este modo reducir el coste general de la instalaci\u00f3n. Cuenta con un recinto posterior poco profundo, adecuado para techos con una cavidad de profundidad m\u00ednima.<\/p>\n<p>Incorpora un transformador de l\u00ednea 70V \/ 100 V de alta calidad, con tomas seleccionables a trav\u00e9s de un conmutador rotativo accesible desde la parte posterior de la rejilla de acero perforada, acabada con pintura electroest\u00e1tica. El conmutador tambi\u00e9n permite seleccionar el funcionamiento en baja impedancia -16 ohm- permitiendo la conexi\u00f3n en paralelo de m\u00e1s altavoces en un \u00fanico canal de amplificaci\u00f3n. Para conseguir una protecci\u00f3n sobre la totalidad de la banda de audio, las secciones de altas y bajas frecuencias est\u00e1n protegidas de forma individual frente a sobrecargas por medio de fusibles t\u00e9rmicos con auto reset.<\/p>\n<p>La rejilla carece de bisel para proporcional un acabado m\u00e1s pulcro, y su fijaci\u00f3n por sistema de bayoneta permite retirarla de forma muy f\u00e1cil sin necesidad de utilizar herramientas. Se presenta acabado en blanco (RAL9016) para combinar con los altavoces de pared de la serie ADORN, aunque tambi\u00e9n es posible pintarlo para que combine con cualquier tipo de decoraci\u00f3n.<\/p>\n<p>&nbsp;<\/p>\n<p><strong>Caracter\u00edsticas Principales<\/strong><\/p>\n<ul>\n<li>Altavoz de techo de 2 v\u00edas, de alta calidad<\/li>\n<li>Transductor LF de 4\u201d (100mm), Tweeter HF 0.75\u201d (19mm)<\/li>\n<li>Amplio patr\u00f3n de cobertura c\u00f3nico de 180\u00b0, que reduce el n\u00famero de altavoces necesarios para conseguir una cobertura uniforme<\/li>\n<li>Transformador de l\u00ednea de 70V\/100V con m\u00faltiples tomas y funcionamiento a 16 ohm (baja impedancia)<\/li>\n<li>Protecci\u00f3n frente a sobrecargas independiente para graves y agudos<\/li>\n<li>Bafle calificaci\u00f3n UL94V-0, con recinto posterior de acero chapado en cinc<\/li>\n<li>Rejilla sin biseles, desmontable de forma muy r\u00e1pida<\/li>\n<li>Incluye railes para alicatados y anillo C<\/li>\n<li>5 a\u00f1os de garant\u00eda<\/li>\n<\/ul>\n<p>&nbsp;<\/p>\n<p><strong>Aplicaciones<\/strong><\/p>\n<ul>\n<li>Tiendas<\/li>\n<li>Caf\u00e9s, bares y restaurants<\/li>\n<li>Museos y templos<\/li>\n<li>Hoteles, casinos y salones<\/li>\n<li>Salas de reuni\u00f3n y \u00e1reas de recepci\u00f3n<\/li>\n<\/ul>\n","protected":false},"excerpt":{"rendered":"<h3>Altavoz compacto de techo de dos v\u00edas, 4\u201d<\/h3>\n<ul>\n<li>Altavoz de techo de 2 v\u00edas, de alta calidad<\/li>\n<li>Potencia: 40W AES, 160W pico<\/li>\n<li>Transductores: LF 4\u201d (100mm) y HF tweeter de c\u00fapula de 0.75\u201d (19mm)<\/li>\n<li>Amplio patr\u00f3n de cobertura c\u00f3nico de 180\u00b0, que reduce el n\u00famero de altavoces necesarios<\/li>\n<li>Transformador de l\u00ednea de 70V\/100V con m\u00faltiples tomas y funcionamiento a 16 ohm<\/li>\n<\/ul>\n<p>&nbsp;<\/p>\n","protected":false},"featured_media":19867,"template":"","meta":{"_acf_changed":false},"product_brand":[],"product_cat":[2084,2099,2085,2103],"product_tag":[],"class_list":{"0":"post-19864","1":"product","2":"type-product","3":"status-publish","4":"has-post-thumbnail","6":"product_cat-sistemas-instalacion","7":"product_cat-altavoces-techo","8":"product_cat-por-series-martin-audio","9":"product_cat-serie-adorn","10":"product_series-serie-adorn","12":"first","13":"instock","14":"shipping-taxable","15":"product-type-simple"},"acf":[],"yoast_head":"<!-- This site is optimized with the Yoast SEO plugin v27.1.1 - https:\/\/yoast.com\/product\/yoast-seo-wordpress\/ -->\n<title>ACS-40TS - Audio-Technica Iberia<\/title>\n<meta name=\"robots\" content=\"index, follow, max-snippet:-1, max-image-preview:large, max-video-preview:-1\" \/>\n<link rel=\"canonical\" href=\"https:\/\/distribution.audio-technica.eu\/es-es\/productos\/acs40ts\/\" \/>\n<meta property=\"og:locale\" content=\"es_ES\" \/>\n<meta property=\"og:type\" content=\"article\" \/>\n<meta property=\"og:title\" content=\"ACS-40TS - Audio-Technica Iberia\" \/>\n<meta property=\"og:description\" content=\"Altavoz compacto de techo de dos v\u00edas, 4\u201d   Altavoz de techo de 2 v\u00edas, de alta calidad  Potencia: 40W AES, 160W pico  Transductores: LF 4\u201d (100mm) y HF tweeter de c\u00fapula de 0.75\u201d (19mm)  Amplio patr\u00f3n de cobertura c\u00f3nico de 180\u00b0, que reduce el n\u00famero de altavoces necesarios  Transformador de l\u00ednea de 70V\/100V con m\u00faltiples tomas y funcionamiento a 16 ohm  &nbsp;\" \/>\n<meta property=\"og:url\" content=\"https:\/\/distribution.audio-technica.eu\/es-es\/productos\/acs40ts\/\" \/>\n<meta property=\"og:site_name\" content=\"Audio-Technica Iberia\" \/>\n<meta property=\"article:modified_time\" content=\"2026-02-19T13:29:55+00:00\" \/>\n<meta property=\"og:image\" content=\"https:\/\/distribution.audio-technica.eu\/app\/uploads\/sites\/2\/ADORN-ACS-40TS-W-three-quarter-profile-wo-grille.jpg\" \/>\n\t<meta property=\"og:image:width\" content=\"1000\" \/>\n\t<meta property=\"og:image:height\" content=\"1000\" \/>\n\t<meta property=\"og:image:type\" content=\"image\/jpeg\" \/>\n<meta name=\"twitter:card\" content=\"summary_large_image\" \/>\n<meta name=\"twitter:label1\" content=\"Tiempo de lectura\" \/>\n\t<meta name=\"twitter:data1\" content=\"3 minutos\" \/>\n<script type=\"application\/ld+json\" class=\"yoast-schema-graph\">{\"@context\":\"https:\/\/schema.org\",\"@graph\":[{\"@type\":\"WebPage\",\"@id\":\"https:\/\/distribution.audio-technica.eu\/es-es\/productos\/acs40ts\/\",\"url\":\"https:\/\/distribution.audio-technica.eu\/es-es\/productos\/acs40ts\/\",\"name\":\"ACS-40TS - Audio-Technica Iberia\",\"isPartOf\":{\"@id\":\"https:\/\/distribution.audio-technica.eu\/es-es\/#website\"},\"primaryImageOfPage\":{\"@id\":\"https:\/\/distribution.audio-technica.eu\/es-es\/productos\/acs40ts\/#primaryimage\"},\"image\":{\"@id\":\"https:\/\/distribution.audio-technica.eu\/es-es\/productos\/acs40ts\/#primaryimage\"},\"thumbnailUrl\":\"\/app\/uploads\/sites\/2\/ADORN-ACS-40TS-W-three-quarter-profile-wo-grille.jpg\",\"datePublished\":\"2020-02-07T18:07:09+00:00\",\"dateModified\":\"2026-02-19T13:29:55+00:00\",\"breadcrumb\":{\"@id\":\"https:\/\/distribution.audio-technica.eu\/es-es\/productos\/acs40ts\/#breadcrumb\"},\"inLanguage\":\"es\",\"potentialAction\":[{\"@type\":\"ReadAction\",\"target\":[\"https:\/\/distribution.audio-technica.eu\/es-es\/productos\/acs40ts\/\"]}]},{\"@type\":\"ImageObject\",\"inLanguage\":\"es\",\"@id\":\"https:\/\/distribution.audio-technica.eu\/es-es\/productos\/acs40ts\/#primaryimage\",\"url\":\"\/app\/uploads\/sites\/2\/ADORN-ACS-40TS-W-three-quarter-profile-wo-grille.jpg\",\"contentUrl\":\"\/app\/uploads\/sites\/2\/ADORN-ACS-40TS-W-three-quarter-profile-wo-grille.jpg\",\"width\":1000,\"height\":1000},{\"@type\":\"BreadcrumbList\",\"@id\":\"https:\/\/distribution.audio-technica.eu\/es-es\/productos\/acs40ts\/#breadcrumb\",\"itemListElement\":[{\"@type\":\"ListItem\",\"position\":1,\"name\":\"Products\",\"item\":\"https:\/\/distribution.audio-technica.eu\/es-es\/\"},{\"@type\":\"ListItem\",\"position\":2,\"name\":\"Productos\",\"item\":\"https:\/\/distribution.audio-technica.eu\/es-es\/productos\/\"},{\"@type\":\"ListItem\",\"position\":3,\"name\":\"ACS-40TS\"}]},{\"@type\":\"WebSite\",\"@id\":\"https:\/\/distribution.audio-technica.eu\/es-es\/#website\",\"url\":\"https:\/\/distribution.audio-technica.eu\/es-es\/\",\"name\":\"Audio-Technica Iberia\",\"description\":\"Distribuci\u00f3n\",\"potentialAction\":[{\"@type\":\"SearchAction\",\"target\":{\"@type\":\"EntryPoint\",\"urlTemplate\":\"https:\/\/distribution.audio-technica.eu\/es-es\/?s={search_term_string}\"},\"query-input\":{\"@type\":\"PropertyValueSpecification\",\"valueRequired\":true,\"valueName\":\"search_term_string\"}}],\"inLanguage\":\"es\"}]}<\/script>\n<!-- \/ Yoast SEO plugin. -->","yoast_head_json":{"title":"ACS-40TS - Audio-Technica Iberia","robots":{"index":"index","follow":"follow","max-snippet":"max-snippet:-1","max-image-preview":"max-image-preview:large","max-video-preview":"max-video-preview:-1"},"canonical":"https:\/\/distribution.audio-technica.eu\/es-es\/productos\/acs40ts\/","og_locale":"es_ES","og_type":"article","og_title":"ACS-40TS - Audio-Technica Iberia","og_description":"Altavoz compacto de techo de dos v\u00edas, 4\u201d   Altavoz de techo de 2 v\u00edas, de alta calidad  Potencia: 40W AES, 160W pico  Transductores: LF 4\u201d (100mm) y HF tweeter de c\u00fapula de 0.75\u201d (19mm)  Amplio patr\u00f3n de cobertura c\u00f3nico de 180\u00b0, que reduce el n\u00famero de altavoces necesarios  Transformador de l\u00ednea de 70V\/100V con m\u00faltiples tomas y funcionamiento a 16 ohm  &nbsp;","og_url":"https:\/\/distribution.audio-technica.eu\/es-es\/productos\/acs40ts\/","og_site_name":"Audio-Technica Iberia","article_modified_time":"2026-02-19T13:29:55+00:00","og_image":[{"width":1000,"height":1000,"url":"https:\/\/distribution.audio-technica.eu\/app\/uploads\/sites\/2\/ADORN-ACS-40TS-W-three-quarter-profile-wo-grille.jpg","type":"image\/jpeg"}],"twitter_card":"summary_large_image","twitter_misc":{"Tiempo de lectura":"3 minutos"},"schema":{"@context":"https:\/\/schema.org","@graph":[{"@type":"WebPage","@id":"https:\/\/distribution.audio-technica.eu\/es-es\/productos\/acs40ts\/","url":"https:\/\/distribution.audio-technica.eu\/es-es\/productos\/acs40ts\/","name":"ACS-40TS - Audio-Technica Iberia","isPartOf":{"@id":"https:\/\/distribution.audio-technica.eu\/es-es\/#website"},"primaryImageOfPage":{"@id":"https:\/\/distribution.audio-technica.eu\/es-es\/productos\/acs40ts\/#primaryimage"},"image":{"@id":"https:\/\/distribution.audio-technica.eu\/es-es\/productos\/acs40ts\/#primaryimage"},"thumbnailUrl":"\/app\/uploads\/sites\/2\/ADORN-ACS-40TS-W-three-quarter-profile-wo-grille.jpg","datePublished":"2020-02-07T18:07:09+00:00","dateModified":"2026-02-19T13:29:55+00:00","breadcrumb":{"@id":"https:\/\/distribution.audio-technica.eu\/es-es\/productos\/acs40ts\/#breadcrumb"},"inLanguage":"es","potentialAction":[{"@type":"ReadAction","target":["https:\/\/distribution.audio-technica.eu\/es-es\/productos\/acs40ts\/"]}]},{"@type":"ImageObject","inLanguage":"es","@id":"https:\/\/distribution.audio-technica.eu\/es-es\/productos\/acs40ts\/#primaryimage","url":"\/app\/uploads\/sites\/2\/ADORN-ACS-40TS-W-three-quarter-profile-wo-grille.jpg","contentUrl":"\/app\/uploads\/sites\/2\/ADORN-ACS-40TS-W-three-quarter-profile-wo-grille.jpg","width":1000,"height":1000},{"@type":"BreadcrumbList","@id":"https:\/\/distribution.audio-technica.eu\/es-es\/productos\/acs40ts\/#breadcrumb","itemListElement":[{"@type":"ListItem","position":1,"name":"Products","item":"https:\/\/distribution.audio-technica.eu\/es-es\/"},{"@type":"ListItem","position":2,"name":"Productos","item":"https:\/\/distribution.audio-technica.eu\/es-es\/productos\/"},{"@type":"ListItem","position":3,"name":"ACS-40TS"}]},{"@type":"WebSite","@id":"https:\/\/distribution.audio-technica.eu\/es-es\/#website","url":"https:\/\/distribution.audio-technica.eu\/es-es\/","name":"Audio-Technica Iberia","description":"Distribuci\u00f3n","potentialAction":[{"@type":"SearchAction","target":{"@type":"EntryPoint","urlTemplate":"https:\/\/distribution.audio-technica.eu\/es-es\/?s={search_term_string}"},"query-input":{"@type":"PropertyValueSpecification","valueRequired":true,"valueName":"search_term_string"}}],"inLanguage":"es"}]}},"_links":{"self":[{"href":"https:\/\/distribution.audio-technica.eu\/es-es\/wp-json\/wp\/v2\/product\/19864","targetHints":{"allow":["GET"]}}],"collection":[{"href":"https:\/\/distribution.audio-technica.eu\/es-es\/wp-json\/wp\/v2\/product"}],"about":[{"href":"https:\/\/distribution.audio-technica.eu\/es-es\/wp-json\/wp\/v2\/types\/product"}],"wp:featuredmedia":[{"embeddable":true,"href":"https:\/\/distribution.audio-technica.eu\/es-es\/wp-json\/wp\/v2\/media\/19867"}],"wp:attachment":[{"href":"https:\/\/distribution.audio-technica.eu\/es-es\/wp-json\/wp\/v2\/media?parent=19864"}],"wp:term":[{"taxonomy":"product_brand","embeddable":true,"href":"https:\/\/distribution.audio-technica.eu\/es-es\/wp-json\/wp\/v2\/product_brand?post=19864"},{"taxonomy":"product_cat","embeddable":true,"href":"https:\/\/distribution.audio-technica.eu\/es-es\/wp-json\/wp\/v2\/product_cat?post=19864"},{"taxonomy":"product_tag","embeddable":true,"href":"https:\/\/distribution.audio-technica.eu\/es-es\/wp-json\/wp\/v2\/product_tag?post=19864"}],"curies":[{"name":"wp","href":"https:\/\/api.w.org\/{rel}","templated":true}]}}