{"id":19887,"date":"2020-02-07T19:48:22","date_gmt":"2020-02-07T18:48:22","guid":{"rendered":"https:\/\/atdb-production.studiograft.dev\/es\/?post_type=product&#038;p=19887"},"modified":"2026-02-19T14:29:42","modified_gmt":"2026-02-19T13:29:42","slug":"acp-55t","status":"publish","type":"product","link":"https:\/\/distribution.audio-technica.eu\/es-es\/productos\/acp-55t\/","title":{"rendered":"ACP-55T"},"content":{"rendered":"<h2>ACP-55T<\/h2>\n<h3>Altavoz colgante compacto de 2 v\u00edas, 5,25\u201d<\/h3>\n<p>Integrado en la serie de altavoces comerciales de la serie ADORN, el ACP-55T es un altavoz ultra compacto colgante de dos v\u00edas, destinado a ser utilizado en aplicaciones que dispongan de altos techos y que precisan de alta calidad con un coste muy competitivo.<\/p>\n<p>El ACS-55TS proporciona respuesta en frecuencia completa, y una excelente cobertura e inteligibilidad para una amplia gama de aplicaciones, desde hoteles y salones a tiendas, bares y restaurantes.<\/p>\n<p>El ACP-55T ofrece respuesta en toda la banda de frecuencias, una excelente cobertura e inteligibilidad en todo tipo de entornos arquitecturales, desde atrios de hoteles y espacios de exposici\u00f3n a tiendas, bares y restaurantes.<\/p>\n<p>Incorporando un transductor LF de 5.25\u201d (100mm) y un tweeter de 0.75\u201d (19mm) con c\u00fapula de seda, el ACP-55T es capaz de generar una salida de 109 dB de pico a un metro, proporcionando un sonido de alta calidad tanto para reproducci\u00f3n musical como para locuciones. Su estilizado recinto colgante est\u00e1 equipado con un sistema de montaje de punto \u00fanico, contando adem\u00e1s con un punto para fijar un cable de seguridad.<\/p>\n<p>La consistente y amplia cobertura c\u00f3nica de 150\u00b0 del ACP-55T reduce el n\u00famero de altavoces necesario para conseguir una cobertura uniforme, lo que propicia una importante reducci\u00f3n en los costes generales de la instalaci\u00f3n.<\/p>\n<p>Incorpora un transformador de l\u00ednea de 70V \/ 100 V, de alta calidad, con tomas que se seleccionan a trav\u00e9s de un conmutador rotativo situado en la parte superior del altavoz colgante. Este conmutador tambi\u00e9n proporciona funcionamiento a baja impedancia -16 ohms- permitiendo que varios altavoces puedan conectarse en paralelo a un mismo canal de amplificaci\u00f3n. Ofrece protecci\u00f3n en toda la gama de frecuencias, ya que las secciones de graves y agudos han sido protegidas de forma individual frente a sobrecargas por medio de fusibles t\u00e9rmicos auto reseteables.<\/p>\n<p>La rejilla carece de bisel para proporcional un acabado m\u00e1s pulcro, y su fijaci\u00f3n por sistema de bayoneta permite retirarla de forma muy f\u00e1cil sin necesidad de utilizar herramientas. Se presenta acabado en blanco o negro para combinar con los altavoces de pared de la serie ADORN, aunque tambi\u00e9n es posible pintarlo para que combine con cualquier tipo de decoraci\u00f3n.<\/p>\n<p>&nbsp;<\/p>\n<p><strong>Caracter\u00edsticas Principales<\/strong><\/p>\n<ul>\n<li>Altavoz colgante de 2 v\u00edas, de alta calidad<\/li>\n<li>Transductor LF de 5.25\u201d (100mm) y tweeter de 0.75\u201d (19mm) de c\u00fapula<\/li>\n<li>Amplio patr\u00f3n de cobertura c\u00f3nica de 150\u00b0 que reduce el n\u00famero de altavoces necesarios para conseguir una cobertura uniforme<\/li>\n<li>Transformador de l\u00ednea 70V \/ 100V con m\u00faltiples tomas y funcionamiento a baja impedancia, 16 ohms<\/li>\n<li>Protecci\u00f3n contra sobrecargas independiente para graves y agudos<\/li>\n<li>Rejilla sin biseles, de r\u00e1pido desmontaje<\/li>\n<li>Bafle y recinto con calificaci\u00f3n UL94V-0<\/li>\n<li>5 a\u00f1os de garant\u00eda<\/li>\n<li>Disponible en color blanco o negro<\/li>\n<\/ul>\n<p>&nbsp;<\/p>\n<p><strong>Aplicaciones<\/strong><\/p>\n<ul>\n<li>Tiendas<\/li>\n<li>Caf\u00e9s, bares y restaurants<\/li>\n<li>Museos y templos<\/li>\n<li>Hoteles, casinos y salones<\/li>\n<li>Espacios de exposici\u00f3n y centros de convenciones<\/li>\n<li>Estaciones de transporte<\/li>\n<\/ul>\n<p>&nbsp;<\/p>\n","protected":false},"excerpt":{"rendered":"<h3>Altavoz colgante compacto de 2 v\u00edas, 5,25\u201d<\/h3>\n<ul>\n<li>Altavoz colgante de 2 v\u00edas, de alta calidad<\/li>\n<li>Transductor LF de 5.25\u201d (100mm) y tweeter de 0.75\u201d (19mm) de c\u00fapula<\/li>\n<li>Amplio patr\u00f3n de cobertura c\u00f3nica de 150\u00b0 que reduce el n\u00famero de altavoces necesarios para conseguir una cobertura uniforme<\/li>\n<li>Transformador de l\u00ednea 70V \/ 100V con m\u00faltiples tomas y funcionamiento a baja impedancia, 16 ohms<\/li>\n<li>Potencia: 50W AES, 200W pico<\/li>\n<li>Disponible en color blanco o negro<\/li>\n<\/ul>\n<p>&nbsp;<\/p>\n<p>&nbsp;<\/p>\n","protected":false},"featured_media":19881,"template":"","meta":{"_acf_changed":false},"product_brand":[],"product_cat":[2084,2099,2085,2103],"product_tag":[],"class_list":{"0":"post-19887","1":"product","2":"type-product","3":"status-publish","4":"has-post-thumbnail","6":"product_cat-sistemas-instalacion","7":"product_cat-altavoces-techo","8":"product_cat-por-series-martin-audio","9":"product_cat-serie-adorn","10":"product_series-serie-adorn","12":"first","13":"instock","14":"featured","15":"shipping-taxable","16":"product-type-simple"},"acf":[],"yoast_head":"<!-- This site is optimized with the Yoast SEO plugin v27.1.1 - https:\/\/yoast.com\/product\/yoast-seo-wordpress\/ -->\n<title>ACP-55T - Audio-Technica Iberia<\/title>\n<meta name=\"robots\" content=\"index, follow, max-snippet:-1, max-image-preview:large, max-video-preview:-1\" \/>\n<link rel=\"canonical\" href=\"https:\/\/distribution.audio-technica.eu\/es-es\/productos\/acp-55t\/\" \/>\n<meta property=\"og:locale\" content=\"es_ES\" \/>\n<meta property=\"og:type\" content=\"article\" \/>\n<meta property=\"og:title\" content=\"ACP-55T - Audio-Technica Iberia\" \/>\n<meta property=\"og:description\" content=\"Altavoz colgante compacto de 2 v\u00edas, 5,25\u201d   Altavoz colgante de 2 v\u00edas, de alta calidad  Transductor LF de 5.25\u201d (100mm) y tweeter de 0.75\u201d (19mm) de c\u00fapula  Amplio patr\u00f3n de cobertura c\u00f3nica de 150\u00b0 que reduce el n\u00famero de altavoces necesarios para conseguir una cobertura uniforme  Transformador de l\u00ednea 70V \/ 100V con m\u00faltiples tomas y funcionamiento a baja impedancia, 16 ohms  Potencia: 50W AES, 200W pico  Disponible en color blanco o negro  &nbsp;  &nbsp;\" \/>\n<meta property=\"og:url\" content=\"https:\/\/distribution.audio-technica.eu\/es-es\/productos\/acp-55t\/\" \/>\n<meta property=\"og:site_name\" content=\"Audio-Technica Iberia\" \/>\n<meta property=\"article:modified_time\" content=\"2026-02-19T13:29:42+00:00\" \/>\n<meta property=\"og:image\" content=\"https:\/\/distribution.audio-technica.eu\/app\/uploads\/sites\/2\/ADORN-ACP-55T-5.jpg\" \/>\n\t<meta property=\"og:image:width\" content=\"1000\" \/>\n\t<meta property=\"og:image:height\" content=\"1000\" \/>\n\t<meta property=\"og:image:type\" content=\"image\/jpeg\" \/>\n<meta name=\"twitter:card\" content=\"summary_large_image\" \/>\n<meta name=\"twitter:label1\" content=\"Tiempo de lectura\" \/>\n\t<meta name=\"twitter:data1\" content=\"3 minutos\" \/>\n<script type=\"application\/ld+json\" class=\"yoast-schema-graph\">{\"@context\":\"https:\/\/schema.org\",\"@graph\":[{\"@type\":\"WebPage\",\"@id\":\"https:\/\/distribution.audio-technica.eu\/es-es\/productos\/acp-55t\/\",\"url\":\"https:\/\/distribution.audio-technica.eu\/es-es\/productos\/acp-55t\/\",\"name\":\"ACP-55T - Audio-Technica Iberia\",\"isPartOf\":{\"@id\":\"https:\/\/distribution.audio-technica.eu\/es-es\/#website\"},\"primaryImageOfPage\":{\"@id\":\"https:\/\/distribution.audio-technica.eu\/es-es\/productos\/acp-55t\/#primaryimage\"},\"image\":{\"@id\":\"https:\/\/distribution.audio-technica.eu\/es-es\/productos\/acp-55t\/#primaryimage\"},\"thumbnailUrl\":\"\/app\/uploads\/sites\/2\/ADORN-ACP-55T-5.jpg\",\"datePublished\":\"2020-02-07T18:48:22+00:00\",\"dateModified\":\"2026-02-19T13:29:42+00:00\",\"breadcrumb\":{\"@id\":\"https:\/\/distribution.audio-technica.eu\/es-es\/productos\/acp-55t\/#breadcrumb\"},\"inLanguage\":\"es\",\"potentialAction\":[{\"@type\":\"ReadAction\",\"target\":[\"https:\/\/distribution.audio-technica.eu\/es-es\/productos\/acp-55t\/\"]}]},{\"@type\":\"ImageObject\",\"inLanguage\":\"es\",\"@id\":\"https:\/\/distribution.audio-technica.eu\/es-es\/productos\/acp-55t\/#primaryimage\",\"url\":\"\/app\/uploads\/sites\/2\/ADORN-ACP-55T-5.jpg\",\"contentUrl\":\"\/app\/uploads\/sites\/2\/ADORN-ACP-55T-5.jpg\",\"width\":1000,\"height\":1000},{\"@type\":\"BreadcrumbList\",\"@id\":\"https:\/\/distribution.audio-technica.eu\/es-es\/productos\/acp-55t\/#breadcrumb\",\"itemListElement\":[{\"@type\":\"ListItem\",\"position\":1,\"name\":\"Products\",\"item\":\"https:\/\/distribution.audio-technica.eu\/es-es\/\"},{\"@type\":\"ListItem\",\"position\":2,\"name\":\"Productos\",\"item\":\"https:\/\/distribution.audio-technica.eu\/es-es\/productos\/\"},{\"@type\":\"ListItem\",\"position\":3,\"name\":\"ACP-55T\"}]},{\"@type\":\"WebSite\",\"@id\":\"https:\/\/distribution.audio-technica.eu\/es-es\/#website\",\"url\":\"https:\/\/distribution.audio-technica.eu\/es-es\/\",\"name\":\"Audio-Technica Iberia\",\"description\":\"Distribuci\u00f3n\",\"potentialAction\":[{\"@type\":\"SearchAction\",\"target\":{\"@type\":\"EntryPoint\",\"urlTemplate\":\"https:\/\/distribution.audio-technica.eu\/es-es\/?s={search_term_string}\"},\"query-input\":{\"@type\":\"PropertyValueSpecification\",\"valueRequired\":true,\"valueName\":\"search_term_string\"}}],\"inLanguage\":\"es\"}]}<\/script>\n<!-- \/ Yoast SEO plugin. -->","yoast_head_json":{"title":"ACP-55T - Audio-Technica Iberia","robots":{"index":"index","follow":"follow","max-snippet":"max-snippet:-1","max-image-preview":"max-image-preview:large","max-video-preview":"max-video-preview:-1"},"canonical":"https:\/\/distribution.audio-technica.eu\/es-es\/productos\/acp-55t\/","og_locale":"es_ES","og_type":"article","og_title":"ACP-55T - Audio-Technica Iberia","og_description":"Altavoz colgante compacto de 2 v\u00edas, 5,25\u201d   Altavoz colgante de 2 v\u00edas, de alta calidad  Transductor LF de 5.25\u201d (100mm) y tweeter de 0.75\u201d (19mm) de c\u00fapula  Amplio patr\u00f3n de cobertura c\u00f3nica de 150\u00b0 que reduce el n\u00famero de altavoces necesarios para conseguir una cobertura uniforme  Transformador de l\u00ednea 70V \/ 100V con m\u00faltiples tomas y funcionamiento a baja impedancia, 16 ohms  Potencia: 50W AES, 200W pico  Disponible en color blanco o negro  &nbsp;  &nbsp;","og_url":"https:\/\/distribution.audio-technica.eu\/es-es\/productos\/acp-55t\/","og_site_name":"Audio-Technica Iberia","article_modified_time":"2026-02-19T13:29:42+00:00","og_image":[{"width":1000,"height":1000,"url":"https:\/\/distribution.audio-technica.eu\/app\/uploads\/sites\/2\/ADORN-ACP-55T-5.jpg","type":"image\/jpeg"}],"twitter_card":"summary_large_image","twitter_misc":{"Tiempo de lectura":"3 minutos"},"schema":{"@context":"https:\/\/schema.org","@graph":[{"@type":"WebPage","@id":"https:\/\/distribution.audio-technica.eu\/es-es\/productos\/acp-55t\/","url":"https:\/\/distribution.audio-technica.eu\/es-es\/productos\/acp-55t\/","name":"ACP-55T - Audio-Technica Iberia","isPartOf":{"@id":"https:\/\/distribution.audio-technica.eu\/es-es\/#website"},"primaryImageOfPage":{"@id":"https:\/\/distribution.audio-technica.eu\/es-es\/productos\/acp-55t\/#primaryimage"},"image":{"@id":"https:\/\/distribution.audio-technica.eu\/es-es\/productos\/acp-55t\/#primaryimage"},"thumbnailUrl":"\/app\/uploads\/sites\/2\/ADORN-ACP-55T-5.jpg","datePublished":"2020-02-07T18:48:22+00:00","dateModified":"2026-02-19T13:29:42+00:00","breadcrumb":{"@id":"https:\/\/distribution.audio-technica.eu\/es-es\/productos\/acp-55t\/#breadcrumb"},"inLanguage":"es","potentialAction":[{"@type":"ReadAction","target":["https:\/\/distribution.audio-technica.eu\/es-es\/productos\/acp-55t\/"]}]},{"@type":"ImageObject","inLanguage":"es","@id":"https:\/\/distribution.audio-technica.eu\/es-es\/productos\/acp-55t\/#primaryimage","url":"\/app\/uploads\/sites\/2\/ADORN-ACP-55T-5.jpg","contentUrl":"\/app\/uploads\/sites\/2\/ADORN-ACP-55T-5.jpg","width":1000,"height":1000},{"@type":"BreadcrumbList","@id":"https:\/\/distribution.audio-technica.eu\/es-es\/productos\/acp-55t\/#breadcrumb","itemListElement":[{"@type":"ListItem","position":1,"name":"Products","item":"https:\/\/distribution.audio-technica.eu\/es-es\/"},{"@type":"ListItem","position":2,"name":"Productos","item":"https:\/\/distribution.audio-technica.eu\/es-es\/productos\/"},{"@type":"ListItem","position":3,"name":"ACP-55T"}]},{"@type":"WebSite","@id":"https:\/\/distribution.audio-technica.eu\/es-es\/#website","url":"https:\/\/distribution.audio-technica.eu\/es-es\/","name":"Audio-Technica Iberia","description":"Distribuci\u00f3n","potentialAction":[{"@type":"SearchAction","target":{"@type":"EntryPoint","urlTemplate":"https:\/\/distribution.audio-technica.eu\/es-es\/?s={search_term_string}"},"query-input":{"@type":"PropertyValueSpecification","valueRequired":true,"valueName":"search_term_string"}}],"inLanguage":"es"}]}},"_links":{"self":[{"href":"https:\/\/distribution.audio-technica.eu\/es-es\/wp-json\/wp\/v2\/product\/19887","targetHints":{"allow":["GET"]}}],"collection":[{"href":"https:\/\/distribution.audio-technica.eu\/es-es\/wp-json\/wp\/v2\/product"}],"about":[{"href":"https:\/\/distribution.audio-technica.eu\/es-es\/wp-json\/wp\/v2\/types\/product"}],"wp:featuredmedia":[{"embeddable":true,"href":"https:\/\/distribution.audio-technica.eu\/es-es\/wp-json\/wp\/v2\/media\/19881"}],"wp:attachment":[{"href":"https:\/\/distribution.audio-technica.eu\/es-es\/wp-json\/wp\/v2\/media?parent=19887"}],"wp:term":[{"taxonomy":"product_brand","embeddable":true,"href":"https:\/\/distribution.audio-technica.eu\/es-es\/wp-json\/wp\/v2\/product_brand?post=19887"},{"taxonomy":"product_cat","embeddable":true,"href":"https:\/\/distribution.audio-technica.eu\/es-es\/wp-json\/wp\/v2\/product_cat?post=19887"},{"taxonomy":"product_tag","embeddable":true,"href":"https:\/\/distribution.audio-technica.eu\/es-es\/wp-json\/wp\/v2\/product_tag?post=19887"}],"curies":[{"name":"wp","href":"https:\/\/api.w.org\/{rel}","templated":true}]}}