{"id":20030,"date":"2020-02-18T17:00:33","date_gmt":"2020-02-18T16:00:33","guid":{"rendered":"https:\/\/atdb-production.studiograft.dev\/es\/?post_type=product&#038;p=20030"},"modified":"2023-07-13T13:34:02","modified_gmt":"2023-07-13T11:34:02","slug":"4420a","status":"publish","type":"product","link":"https:\/\/distribution.audio-technica.eu\/es-es\/productos\/4420a\/","title":{"rendered":"4420A"},"content":{"rendered":"<h2>4420A<\/h2>\n<h3>Recinto 2 v\u00edas biamplificado Smart IP, 4\u201d, para instalaci\u00f3n AV<\/h3>\n<p>Genelec ha creado la soluci\u00f3n Smart IP, que ahorrar\u00e1 un valioso tiempo a los dise\u00f1adores, integradores e instaladores de sistemas de audio profesionales, sin sacrificar la m\u00edtica calidad de audio ofrecida por Genelec, y les ayudar\u00e1 a afrontar mayores proyectos de instalaci\u00f3n. El nuevo 4420A combina la potencia y flexibilidad de la tecnolog\u00eda Smart IP en un recinto ultra compacto, proporcionando claridad, inteligibilidad y una cobertura uniforme a cualquier espacio.<\/p>\n<p>Combinando una calidad sonora l\u00edder en su clase con la comodidad que significa utilizar un \u00fanico cable, el 4420A utiliza PoE para ofrecer un SPL y un comportamiento ac\u00fastico sin compromisos. Tambi\u00e9n es totalmente compatible con Dante y los est\u00e1ndares abiertos de streaming, tales como el AES67 y el ST2110-30. Fabricado en Finlandia utilizando m\u00e9todos sostenibles certificados, el 4420A proporcionar\u00e1 d\u00e9cadas de servicio fiable.<\/p>\n<p>Como miembro de la familia Smart IP, el 4420A se integra totalmente con el software <a href=\"https:\/\/www.genelec.com\/smart-ip-manager\" target=\"_blank\" rel=\"noopener\">Smart IP Manager<\/a>, que permite que el instalador pueda configurar un n\u00famero pr\u00e1cticamente ilimitado de habitaciones, zonas, altavoces y canales de audio, e incluye descubrimiento de dispositivos, vers\u00e1tiles herramientas de ecualizaci\u00f3n, organizaci\u00f3n de sistema y monitorizaci\u00f3n de estado. La nueva aplicaci\u00f3n <a href=\"https:\/\/www.genelec.com\/smart-ip-controller\" target=\"_blank\" rel=\"noopener\">Smart IP Controller<\/a> puede descargarse en un smartphone o un tablet para que el usuario final pueda controlar diariamente el silenciamiento, el volumen, el encendido y el apagado y el control de zonas.<\/p>\n<p>Un conjunto de comandos de API p\u00fablica facilita la integraci\u00f3n con sistemas de automatizaci\u00f3n.<\/p>\n<p>El 4420A ofrece alimentaci\u00f3n, audio y gesti\u00f3n de altavoces a trav\u00e9s de un \u00fanico cable CAT, proporcionando una flexibilidad, rentabilidad y simplicidad de instalaci\u00f3n sin precedentes.<\/p>\n<ul>\n<li>Excepcional calidad de sonido en un formato extremadamente compacto, gracias al uso de eficientes amplificadores clase D y transductores exclusivos de Genelec.<\/li>\n<li>Compatible tanto con Dante como con est\u00e1ndares abiertos de streaming<\/li>\n<li>Un \u00fanico cable CAT suministra la alimentaci\u00f3n, gestiona los altavoces y el AoIP<\/li>\n<li>La directividad controlada permite su instalaci\u00f3n en recintos de ac\u00fastica complicada.<\/li>\n<li>Alta fiabilidad, tanto mec\u00e1nica como s\u00f3nicamente<\/li>\n<li>Circuiter\u00eda Intelligent Signal Sensing (ISS)<\/li>\n<li>Construido con aluminio reciclado<\/li>\n<li>Disponible en color blanco, negro, 120 colores RAL y aluminio RAW<\/li>\n<li>Transductores: 1&#215;4&#8243;, 1x\u00be\u00bb<\/li>\n<li>Potencia amp.: Graves 50W Agudos 50W<\/li>\n<li>Conexiones: Conector 3 pins tipo Phoenix y RJ45 para AES67<\/li>\n<\/ul>\n","protected":false},"excerpt":{"rendered":"<h3>Recinto 2 v\u00edas biamplificado Smart IP, 4\u201d, para instalaci\u00f3n AV<\/h3>\n<ul class=\"summary\">\n<li>Recinto para instalaci\u00f3n<\/li>\n<li>Compatible tanto con Dante como con est\u00e1ndares abiertos de streaming<\/li>\n<li>Un \u00fanico cable CAT suministra la alimentaci\u00f3n, gestiona los altavoces y el AoIP<\/li>\n<li>SPL: 100 dB<\/li>\n<li>Respuesta en frecuencia: 55 Hz \u2013 39 kHz (-6 dB)<\/li>\n<li>Disponible en color blanco, negro, 120 colores RAL y aluminio RAW<\/li>\n<\/ul>\n<p>&nbsp;<\/p>\n","protected":false},"featured_media":3109,"template":"","meta":{"_acf_changed":false},"product_brand":[],"product_cat":[1397,1395,2185],"product_tag":[],"class_list":{"0":"post-20030","1":"product","2":"type-product","3":"status-publish","4":"has-post-thumbnail","6":"product_cat-recintos-autoamplificados-para-instalacion","7":"product_cat-por-series-genelec","8":"product_cat-serie-smartip","9":"product_series-serie-smart-ip","11":"first","12":"instock","13":"shipping-taxable","14":"product-type-simple"},"acf":[],"yoast_head":"<!-- This site is optimized with the Yoast SEO plugin v27.1.1 - https:\/\/yoast.com\/product\/yoast-seo-wordpress\/ -->\n<title>4420A - Audio-Technica Iberia<\/title>\n<meta name=\"robots\" content=\"index, follow, max-snippet:-1, max-image-preview:large, max-video-preview:-1\" \/>\n<link rel=\"canonical\" href=\"https:\/\/distribution.audio-technica.eu\/es-es\/productos\/4420a\/\" \/>\n<meta property=\"og:locale\" content=\"es_ES\" \/>\n<meta property=\"og:type\" content=\"article\" \/>\n<meta property=\"og:title\" content=\"4420A - Audio-Technica Iberia\" \/>\n<meta property=\"og:description\" content=\"Recinto 2 v\u00edas biamplificado Smart IP, 4\u201d, para instalaci\u00f3n AV  Recinto para instalaci\u00f3n  Compatible tanto con Dante como con est\u00e1ndares abiertos de streaming  Un \u00fanico cable CAT suministra la alimentaci\u00f3n, gestiona los altavoces y el AoIP  SPL: 100 dB  Respuesta en frecuencia: 55 Hz \u2013 39 kHz (-6 dB)  Disponible en color blanco, negro, 120 colores RAL y aluminio RAW &nbsp;\" \/>\n<meta property=\"og:url\" content=\"https:\/\/distribution.audio-technica.eu\/es-es\/productos\/4420a\/\" \/>\n<meta property=\"og:site_name\" content=\"Audio-Technica Iberia\" \/>\n<meta property=\"article:modified_time\" content=\"2023-07-13T11:34:02+00:00\" \/>\n<meta property=\"og:image\" content=\"https:\/\/distribution.audio-technica.eu\/app\/uploads\/sites\/2\/Genelec-4020-Black.jpg\" \/>\n\t<meta property=\"og:image:width\" content=\"1000\" \/>\n\t<meta property=\"og:image:height\" content=\"1000\" \/>\n\t<meta property=\"og:image:type\" content=\"image\/jpeg\" \/>\n<meta name=\"twitter:card\" content=\"summary_large_image\" \/>\n<meta name=\"twitter:label1\" content=\"Tiempo de lectura\" \/>\n\t<meta name=\"twitter:data1\" content=\"2 minutos\" \/>\n<script type=\"application\/ld+json\" class=\"yoast-schema-graph\">{\"@context\":\"https:\/\/schema.org\",\"@graph\":[{\"@type\":\"WebPage\",\"@id\":\"https:\/\/distribution.audio-technica.eu\/es-es\/productos\/4420a\/\",\"url\":\"https:\/\/distribution.audio-technica.eu\/es-es\/productos\/4420a\/\",\"name\":\"4420A - Audio-Technica Iberia\",\"isPartOf\":{\"@id\":\"https:\/\/distribution.audio-technica.eu\/es-es\/#website\"},\"primaryImageOfPage\":{\"@id\":\"https:\/\/distribution.audio-technica.eu\/es-es\/productos\/4420a\/#primaryimage\"},\"image\":{\"@id\":\"https:\/\/distribution.audio-technica.eu\/es-es\/productos\/4420a\/#primaryimage\"},\"thumbnailUrl\":\"\/app\/uploads\/sites\/2\/Genelec-4020-Black.jpg\",\"datePublished\":\"2020-02-18T16:00:33+00:00\",\"dateModified\":\"2023-07-13T11:34:02+00:00\",\"breadcrumb\":{\"@id\":\"https:\/\/distribution.audio-technica.eu\/es-es\/productos\/4420a\/#breadcrumb\"},\"inLanguage\":\"es\",\"potentialAction\":[{\"@type\":\"ReadAction\",\"target\":[\"https:\/\/distribution.audio-technica.eu\/es-es\/productos\/4420a\/\"]}]},{\"@type\":\"ImageObject\",\"inLanguage\":\"es\",\"@id\":\"https:\/\/distribution.audio-technica.eu\/es-es\/productos\/4420a\/#primaryimage\",\"url\":\"\/app\/uploads\/sites\/2\/Genelec-4020-Black.jpg\",\"contentUrl\":\"\/app\/uploads\/sites\/2\/Genelec-4020-Black.jpg\",\"width\":1000,\"height\":1000},{\"@type\":\"BreadcrumbList\",\"@id\":\"https:\/\/distribution.audio-technica.eu\/es-es\/productos\/4420a\/#breadcrumb\",\"itemListElement\":[{\"@type\":\"ListItem\",\"position\":1,\"name\":\"Products\",\"item\":\"https:\/\/distribution.audio-technica.eu\/es-es\/\"},{\"@type\":\"ListItem\",\"position\":2,\"name\":\"Productos\",\"item\":\"https:\/\/distribution.audio-technica.eu\/es-es\/productos\/\"},{\"@type\":\"ListItem\",\"position\":3,\"name\":\"4420A\"}]},{\"@type\":\"WebSite\",\"@id\":\"https:\/\/distribution.audio-technica.eu\/es-es\/#website\",\"url\":\"https:\/\/distribution.audio-technica.eu\/es-es\/\",\"name\":\"Audio-Technica Iberia\",\"description\":\"Distribuci\u00f3n\",\"potentialAction\":[{\"@type\":\"SearchAction\",\"target\":{\"@type\":\"EntryPoint\",\"urlTemplate\":\"https:\/\/distribution.audio-technica.eu\/es-es\/?s={search_term_string}\"},\"query-input\":{\"@type\":\"PropertyValueSpecification\",\"valueRequired\":true,\"valueName\":\"search_term_string\"}}],\"inLanguage\":\"es\"}]}<\/script>\n<!-- \/ Yoast SEO plugin. -->","yoast_head_json":{"title":"4420A - Audio-Technica Iberia","robots":{"index":"index","follow":"follow","max-snippet":"max-snippet:-1","max-image-preview":"max-image-preview:large","max-video-preview":"max-video-preview:-1"},"canonical":"https:\/\/distribution.audio-technica.eu\/es-es\/productos\/4420a\/","og_locale":"es_ES","og_type":"article","og_title":"4420A - Audio-Technica Iberia","og_description":"Recinto 2 v\u00edas biamplificado Smart IP, 4\u201d, para instalaci\u00f3n AV  Recinto para instalaci\u00f3n  Compatible tanto con Dante como con est\u00e1ndares abiertos de streaming  Un \u00fanico cable CAT suministra la alimentaci\u00f3n, gestiona los altavoces y el AoIP  SPL: 100 dB  Respuesta en frecuencia: 55 Hz \u2013 39 kHz (-6 dB)  Disponible en color blanco, negro, 120 colores RAL y aluminio RAW &nbsp;","og_url":"https:\/\/distribution.audio-technica.eu\/es-es\/productos\/4420a\/","og_site_name":"Audio-Technica Iberia","article_modified_time":"2023-07-13T11:34:02+00:00","og_image":[{"width":1000,"height":1000,"url":"https:\/\/distribution.audio-technica.eu\/app\/uploads\/sites\/2\/Genelec-4020-Black.jpg","type":"image\/jpeg"}],"twitter_card":"summary_large_image","twitter_misc":{"Tiempo de lectura":"2 minutos"},"schema":{"@context":"https:\/\/schema.org","@graph":[{"@type":"WebPage","@id":"https:\/\/distribution.audio-technica.eu\/es-es\/productos\/4420a\/","url":"https:\/\/distribution.audio-technica.eu\/es-es\/productos\/4420a\/","name":"4420A - Audio-Technica Iberia","isPartOf":{"@id":"https:\/\/distribution.audio-technica.eu\/es-es\/#website"},"primaryImageOfPage":{"@id":"https:\/\/distribution.audio-technica.eu\/es-es\/productos\/4420a\/#primaryimage"},"image":{"@id":"https:\/\/distribution.audio-technica.eu\/es-es\/productos\/4420a\/#primaryimage"},"thumbnailUrl":"\/app\/uploads\/sites\/2\/Genelec-4020-Black.jpg","datePublished":"2020-02-18T16:00:33+00:00","dateModified":"2023-07-13T11:34:02+00:00","breadcrumb":{"@id":"https:\/\/distribution.audio-technica.eu\/es-es\/productos\/4420a\/#breadcrumb"},"inLanguage":"es","potentialAction":[{"@type":"ReadAction","target":["https:\/\/distribution.audio-technica.eu\/es-es\/productos\/4420a\/"]}]},{"@type":"ImageObject","inLanguage":"es","@id":"https:\/\/distribution.audio-technica.eu\/es-es\/productos\/4420a\/#primaryimage","url":"\/app\/uploads\/sites\/2\/Genelec-4020-Black.jpg","contentUrl":"\/app\/uploads\/sites\/2\/Genelec-4020-Black.jpg","width":1000,"height":1000},{"@type":"BreadcrumbList","@id":"https:\/\/distribution.audio-technica.eu\/es-es\/productos\/4420a\/#breadcrumb","itemListElement":[{"@type":"ListItem","position":1,"name":"Products","item":"https:\/\/distribution.audio-technica.eu\/es-es\/"},{"@type":"ListItem","position":2,"name":"Productos","item":"https:\/\/distribution.audio-technica.eu\/es-es\/productos\/"},{"@type":"ListItem","position":3,"name":"4420A"}]},{"@type":"WebSite","@id":"https:\/\/distribution.audio-technica.eu\/es-es\/#website","url":"https:\/\/distribution.audio-technica.eu\/es-es\/","name":"Audio-Technica Iberia","description":"Distribuci\u00f3n","potentialAction":[{"@type":"SearchAction","target":{"@type":"EntryPoint","urlTemplate":"https:\/\/distribution.audio-technica.eu\/es-es\/?s={search_term_string}"},"query-input":{"@type":"PropertyValueSpecification","valueRequired":true,"valueName":"search_term_string"}}],"inLanguage":"es"}]}},"_links":{"self":[{"href":"https:\/\/distribution.audio-technica.eu\/es-es\/wp-json\/wp\/v2\/product\/20030","targetHints":{"allow":["GET"]}}],"collection":[{"href":"https:\/\/distribution.audio-technica.eu\/es-es\/wp-json\/wp\/v2\/product"}],"about":[{"href":"https:\/\/distribution.audio-technica.eu\/es-es\/wp-json\/wp\/v2\/types\/product"}],"wp:featuredmedia":[{"embeddable":true,"href":"https:\/\/distribution.audio-technica.eu\/es-es\/wp-json\/wp\/v2\/media\/3109"}],"wp:attachment":[{"href":"https:\/\/distribution.audio-technica.eu\/es-es\/wp-json\/wp\/v2\/media?parent=20030"}],"wp:term":[{"taxonomy":"product_brand","embeddable":true,"href":"https:\/\/distribution.audio-technica.eu\/es-es\/wp-json\/wp\/v2\/product_brand?post=20030"},{"taxonomy":"product_cat","embeddable":true,"href":"https:\/\/distribution.audio-technica.eu\/es-es\/wp-json\/wp\/v2\/product_cat?post=20030"},{"taxonomy":"product_tag","embeddable":true,"href":"https:\/\/distribution.audio-technica.eu\/es-es\/wp-json\/wp\/v2\/product_tag?post=20030"}],"curies":[{"name":"wp","href":"https:\/\/api.w.org\/{rel}","templated":true}]}}