{"id":20374,"date":"2020-03-19T16:11:25","date_gmt":"2020-03-19T15:11:25","guid":{"rendered":"https:\/\/atdb-production.studiograft.dev\/es\/?post_type=product&#038;p=20374"},"modified":"2026-02-19T14:57:13","modified_gmt":"2026-02-19T13:57:13","slug":"sxcf118","status":"publish","type":"product","link":"https:\/\/distribution.audio-technica.eu\/es-es\/productos\/sxcf118\/","title":{"rendered":"SXCF118"},"content":{"rendered":"<h2>SXCF118<\/h2>\n<h3>Subgrave cardioide compacto para volado 18\u201d<\/h3>\n<p>El SXCF118 es un subgrave cardioide compacto y de alto rendimiento. La versi\u00f3n volada del SXC118, es el socio ideal para los line arrays WPS volados, combinando la salida m\u00e1xima de baja frecuencia con el control de patrones. Incorpora un transductor de 18\u201d (460mm) orientado hacia adelante, y un transductor de 14\u201d (356mm) orientado hacia detr\u00e1s, cada uno de ellos alimentado de forma independiente por su propio canal de amplificaci\u00f3n y DSP.<\/p>\n<p>Cada transductor cuenta con su propia c\u00e1mara con puertos r\u00e9flex optimizados. Esta configuraci\u00f3n produce una patr\u00f3n de dispersi\u00f3n cardioide que maximiza la radiaci\u00f3n frontal y reduce la radiaci\u00f3n indeseable detr\u00e1s del subgrave.<\/p>\n<p>Se recomienda utilizar el amplificador iK42, que optimiza los par\u00e1metros DSP para la transductores frontal y posterior para maximizar el rechazo posterior, entre 21dB a 43Hz y 28dB a 75Hz. Esto mantiene los graves alejados de los escenarios, giradiscos y paredes, adem\u00e1s de reducir la energ\u00eda reverberante en la sala, mejorando considerablemente la respuesta en graves, respuesta e impacto de la totalidad del sistema.<\/p>\n<p>En la parte frontal del recinto, la salida de ambos transductores es aditiva, proporcionando 2 dB extras de salida, cuando se compara con un subgrave de 1 x 18\u201d convencional.<\/p>\n<p>El recinto est\u00e1 construido con laminado de madera y est\u00e1 acabado con una s\u00f3lida pintura texturizada. Est\u00e1 equipado con asas y las rejillas de acero con recubrimiento posterior de espuma se encargan de proteger el transductor frontal y el posterior.<\/p>\n<p>Los herrajes integrados para volado, junto con el WPSGRIDT, permite que el SXCF118 se incorpore en la parte superior de un array WPS, o se vuele como una matriz separada al lado. Los patines entrelazados evitan el movimiento cuando se apilan y una placa roscada en la superficie superior facilita el montaje en poste de gabinetes de hasta 4 WPM o un gabinete de fuente de punto \u00fanico.<\/p>\n<p>Si se a\u00f1ade la cubierta para las entradas, el subgrave se vuelve resistente a las inclemencias del tiempo y puede ser destinado a un uso continuado en el exterior.<\/p>\n<p>&nbsp;<\/p>\n<p><strong>Caracter\u00edsticas Principales<\/strong><\/p>\n<ul>\n<li>Subgrave cardioide compacto para volado<\/li>\n<li>Transductor frontal de 18\u201d (460mm) \/ bobina de 4\u201d (100mm)<\/li>\n<li>Transductor posterior de 14\u201d (356mm) \/ bobina de 3.5\u201d (88mm)<\/li>\n<li>Patr\u00f3n de dispersi\u00f3n cardioide<\/li>\n<li>28dB de rechazo posterior a 75Hz<\/li>\n<li>Alta potencia de salida<\/li>\n<li>Recinto construido con laminado de madera, apto para giras, con punto para volado<\/li>\n<\/ul>\n<p>&nbsp;<\/p>\n<p><strong>Aplicaciones<\/strong><\/p>\n<ul>\n<li>Sonorizaci\u00f3n en directo<\/li>\n<li>Instalaciones fijas, incluidas salas de conciertos en vivo y clubs nocturnos<\/li>\n<li>Sonido en teatros<\/li>\n<li>Eventos AV corporativos<\/li>\n<\/ul>\n","protected":false},"excerpt":{"rendered":"<h3>Subgrave cardioide compacto para volado 18\u201d<\/h3>\n<ul>\n<li>Subgrave cardioide compacto para volado<\/li>\n<li>Transductor frontal de 18\u201d (460mm) \/ bobina de 4\u201d (100mm)<\/li>\n<li>Transductor posterior de 14\u201d (356mm) \/ bobina de 3.5\u201d (88mm)<\/li>\n<li>Patr\u00f3n de dispersi\u00f3n cardioide<\/li>\n<li>Potencia: 18\u201d: 1000W AES, 4000W pico; 14\u201d: 800W AES, 3200W pico<\/li>\n<\/ul>\n","protected":false},"featured_media":20377,"template":"","meta":{"_acf_changed":false},"product_brand":[],"product_cat":[2083,2091,2084,2100,2085,2111],"product_tag":[],"class_list":{"0":"post-20374","1":"product","2":"type-product","3":"status-publish","4":"has-post-thumbnail","6":"product_cat-sistemas-sonido-directo","7":"product_cat-subgraves-sistemas-sonido-directo","8":"product_cat-sistemas-instalacion","9":"product_cat-subgraves-sistemas-instalacion","10":"product_cat-por-series-martin-audio","11":"product_cat-serie-sx-por-series-martin-audio","12":"product_series-serie-sx","14":"first","15":"instock","16":"shipping-taxable","17":"product-type-simple"},"acf":[],"yoast_head":"<!-- This site is optimized with the Yoast SEO plugin v27.1.1 - https:\/\/yoast.com\/product\/yoast-seo-wordpress\/ -->\n<title>SXCF118 - Audio-Technica Iberia<\/title>\n<meta name=\"robots\" content=\"index, follow, max-snippet:-1, max-image-preview:large, max-video-preview:-1\" \/>\n<link rel=\"canonical\" href=\"https:\/\/distribution.audio-technica.eu\/es-es\/productos\/sxcf118\/\" \/>\n<meta property=\"og:locale\" content=\"es_ES\" \/>\n<meta property=\"og:type\" content=\"article\" \/>\n<meta property=\"og:title\" content=\"SXCF118 - Audio-Technica Iberia\" \/>\n<meta property=\"og:description\" content=\"Subgrave cardioide compacto para volado 18\u201d   Subgrave cardioide compacto para volado  Transductor frontal de 18\u201d (460mm) \/ bobina de 4\u201d (100mm)  Transductor posterior de 14\u201d (356mm) \/ bobina de 3.5\u201d (88mm)  Patr\u00f3n de dispersi\u00f3n cardioide  Potencia: 18\u201d: 1000W AES, 4000W pico; 14\u201d: 800W AES, 3200W pico\" \/>\n<meta property=\"og:url\" content=\"https:\/\/distribution.audio-technica.eu\/es-es\/productos\/sxcf118\/\" \/>\n<meta property=\"og:site_name\" content=\"Audio-Technica Iberia\" \/>\n<meta property=\"article:modified_time\" content=\"2026-02-19T13:57:13+00:00\" \/>\n<meta property=\"og:image\" content=\"https:\/\/distribution.audio-technica.eu\/app\/uploads\/sites\/2\/SXCF118.jpg\" \/>\n\t<meta property=\"og:image:width\" content=\"1000\" \/>\n\t<meta property=\"og:image:height\" content=\"1000\" \/>\n\t<meta property=\"og:image:type\" content=\"image\/jpeg\" \/>\n<meta name=\"twitter:card\" content=\"summary_large_image\" \/>\n<meta name=\"twitter:label1\" content=\"Tiempo de lectura\" \/>\n\t<meta name=\"twitter:data1\" content=\"3 minutos\" \/>\n<script type=\"application\/ld+json\" class=\"yoast-schema-graph\">{\"@context\":\"https:\/\/schema.org\",\"@graph\":[{\"@type\":\"WebPage\",\"@id\":\"https:\/\/distribution.audio-technica.eu\/es-es\/productos\/sxcf118\/\",\"url\":\"https:\/\/distribution.audio-technica.eu\/es-es\/productos\/sxcf118\/\",\"name\":\"SXCF118 - Audio-Technica Iberia\",\"isPartOf\":{\"@id\":\"https:\/\/distribution.audio-technica.eu\/es-es\/#website\"},\"primaryImageOfPage\":{\"@id\":\"https:\/\/distribution.audio-technica.eu\/es-es\/productos\/sxcf118\/#primaryimage\"},\"image\":{\"@id\":\"https:\/\/distribution.audio-technica.eu\/es-es\/productos\/sxcf118\/#primaryimage\"},\"thumbnailUrl\":\"\/app\/uploads\/sites\/2\/SXCF118.jpg\",\"datePublished\":\"2020-03-19T15:11:25+00:00\",\"dateModified\":\"2026-02-19T13:57:13+00:00\",\"breadcrumb\":{\"@id\":\"https:\/\/distribution.audio-technica.eu\/es-es\/productos\/sxcf118\/#breadcrumb\"},\"inLanguage\":\"es\",\"potentialAction\":[{\"@type\":\"ReadAction\",\"target\":[\"https:\/\/distribution.audio-technica.eu\/es-es\/productos\/sxcf118\/\"]}]},{\"@type\":\"ImageObject\",\"inLanguage\":\"es\",\"@id\":\"https:\/\/distribution.audio-technica.eu\/es-es\/productos\/sxcf118\/#primaryimage\",\"url\":\"\/app\/uploads\/sites\/2\/SXCF118.jpg\",\"contentUrl\":\"\/app\/uploads\/sites\/2\/SXCF118.jpg\",\"width\":1000,\"height\":1000},{\"@type\":\"BreadcrumbList\",\"@id\":\"https:\/\/distribution.audio-technica.eu\/es-es\/productos\/sxcf118\/#breadcrumb\",\"itemListElement\":[{\"@type\":\"ListItem\",\"position\":1,\"name\":\"Products\",\"item\":\"https:\/\/distribution.audio-technica.eu\/es-es\/\"},{\"@type\":\"ListItem\",\"position\":2,\"name\":\"Productos\",\"item\":\"https:\/\/distribution.audio-technica.eu\/es-es\/productos\/\"},{\"@type\":\"ListItem\",\"position\":3,\"name\":\"SXCF118\"}]},{\"@type\":\"WebSite\",\"@id\":\"https:\/\/distribution.audio-technica.eu\/es-es\/#website\",\"url\":\"https:\/\/distribution.audio-technica.eu\/es-es\/\",\"name\":\"Audio-Technica Iberia\",\"description\":\"Distribuci\u00f3n\",\"potentialAction\":[{\"@type\":\"SearchAction\",\"target\":{\"@type\":\"EntryPoint\",\"urlTemplate\":\"https:\/\/distribution.audio-technica.eu\/es-es\/?s={search_term_string}\"},\"query-input\":{\"@type\":\"PropertyValueSpecification\",\"valueRequired\":true,\"valueName\":\"search_term_string\"}}],\"inLanguage\":\"es\"}]}<\/script>\n<!-- \/ Yoast SEO plugin. -->","yoast_head_json":{"title":"SXCF118 - Audio-Technica Iberia","robots":{"index":"index","follow":"follow","max-snippet":"max-snippet:-1","max-image-preview":"max-image-preview:large","max-video-preview":"max-video-preview:-1"},"canonical":"https:\/\/distribution.audio-technica.eu\/es-es\/productos\/sxcf118\/","og_locale":"es_ES","og_type":"article","og_title":"SXCF118 - Audio-Technica Iberia","og_description":"Subgrave cardioide compacto para volado 18\u201d   Subgrave cardioide compacto para volado  Transductor frontal de 18\u201d (460mm) \/ bobina de 4\u201d (100mm)  Transductor posterior de 14\u201d (356mm) \/ bobina de 3.5\u201d (88mm)  Patr\u00f3n de dispersi\u00f3n cardioide  Potencia: 18\u201d: 1000W AES, 4000W pico; 14\u201d: 800W AES, 3200W pico","og_url":"https:\/\/distribution.audio-technica.eu\/es-es\/productos\/sxcf118\/","og_site_name":"Audio-Technica Iberia","article_modified_time":"2026-02-19T13:57:13+00:00","og_image":[{"width":1000,"height":1000,"url":"https:\/\/distribution.audio-technica.eu\/app\/uploads\/sites\/2\/SXCF118.jpg","type":"image\/jpeg"}],"twitter_card":"summary_large_image","twitter_misc":{"Tiempo de lectura":"3 minutos"},"schema":{"@context":"https:\/\/schema.org","@graph":[{"@type":"WebPage","@id":"https:\/\/distribution.audio-technica.eu\/es-es\/productos\/sxcf118\/","url":"https:\/\/distribution.audio-technica.eu\/es-es\/productos\/sxcf118\/","name":"SXCF118 - Audio-Technica Iberia","isPartOf":{"@id":"https:\/\/distribution.audio-technica.eu\/es-es\/#website"},"primaryImageOfPage":{"@id":"https:\/\/distribution.audio-technica.eu\/es-es\/productos\/sxcf118\/#primaryimage"},"image":{"@id":"https:\/\/distribution.audio-technica.eu\/es-es\/productos\/sxcf118\/#primaryimage"},"thumbnailUrl":"\/app\/uploads\/sites\/2\/SXCF118.jpg","datePublished":"2020-03-19T15:11:25+00:00","dateModified":"2026-02-19T13:57:13+00:00","breadcrumb":{"@id":"https:\/\/distribution.audio-technica.eu\/es-es\/productos\/sxcf118\/#breadcrumb"},"inLanguage":"es","potentialAction":[{"@type":"ReadAction","target":["https:\/\/distribution.audio-technica.eu\/es-es\/productos\/sxcf118\/"]}]},{"@type":"ImageObject","inLanguage":"es","@id":"https:\/\/distribution.audio-technica.eu\/es-es\/productos\/sxcf118\/#primaryimage","url":"\/app\/uploads\/sites\/2\/SXCF118.jpg","contentUrl":"\/app\/uploads\/sites\/2\/SXCF118.jpg","width":1000,"height":1000},{"@type":"BreadcrumbList","@id":"https:\/\/distribution.audio-technica.eu\/es-es\/productos\/sxcf118\/#breadcrumb","itemListElement":[{"@type":"ListItem","position":1,"name":"Products","item":"https:\/\/distribution.audio-technica.eu\/es-es\/"},{"@type":"ListItem","position":2,"name":"Productos","item":"https:\/\/distribution.audio-technica.eu\/es-es\/productos\/"},{"@type":"ListItem","position":3,"name":"SXCF118"}]},{"@type":"WebSite","@id":"https:\/\/distribution.audio-technica.eu\/es-es\/#website","url":"https:\/\/distribution.audio-technica.eu\/es-es\/","name":"Audio-Technica Iberia","description":"Distribuci\u00f3n","potentialAction":[{"@type":"SearchAction","target":{"@type":"EntryPoint","urlTemplate":"https:\/\/distribution.audio-technica.eu\/es-es\/?s={search_term_string}"},"query-input":{"@type":"PropertyValueSpecification","valueRequired":true,"valueName":"search_term_string"}}],"inLanguage":"es"}]}},"_links":{"self":[{"href":"https:\/\/distribution.audio-technica.eu\/es-es\/wp-json\/wp\/v2\/product\/20374","targetHints":{"allow":["GET"]}}],"collection":[{"href":"https:\/\/distribution.audio-technica.eu\/es-es\/wp-json\/wp\/v2\/product"}],"about":[{"href":"https:\/\/distribution.audio-technica.eu\/es-es\/wp-json\/wp\/v2\/types\/product"}],"wp:featuredmedia":[{"embeddable":true,"href":"https:\/\/distribution.audio-technica.eu\/es-es\/wp-json\/wp\/v2\/media\/20377"}],"wp:attachment":[{"href":"https:\/\/distribution.audio-technica.eu\/es-es\/wp-json\/wp\/v2\/media?parent=20374"}],"wp:term":[{"taxonomy":"product_brand","embeddable":true,"href":"https:\/\/distribution.audio-technica.eu\/es-es\/wp-json\/wp\/v2\/product_brand?post=20374"},{"taxonomy":"product_cat","embeddable":true,"href":"https:\/\/distribution.audio-technica.eu\/es-es\/wp-json\/wp\/v2\/product_cat?post=20374"},{"taxonomy":"product_tag","embeddable":true,"href":"https:\/\/distribution.audio-technica.eu\/es-es\/wp-json\/wp\/v2\/product_tag?post=20374"}],"curies":[{"name":"wp","href":"https:\/\/api.w.org\/{rel}","templated":true}]}}