{"id":20468,"date":"2020-04-03T12:14:13","date_gmt":"2020-04-03T10:14:13","guid":{"rendered":"https:\/\/atdb-production.studiograft.dev\/es\/?post_type=product&#038;p=20468"},"modified":"2023-07-13T13:33:44","modified_gmt":"2023-07-13T11:33:44","slug":"1235a-sam","status":"publish","type":"product","link":"https:\/\/distribution.audio-technica.eu\/es-es\/productos\/1235a-sam\/","title":{"rendered":"1235A"},"content":{"rendered":"<h2>1235A<\/h2>\n<h3>Sistema de monitorizaci\u00f3n principal SAM para estudio, 15&#8243;<\/h3>\n<p>El nuevo sistema de monitorizaci\u00f3n 1235A\u00a0 incorpora el sonido y la herencia del ic\u00f3nico 1035 a la era de la grabaci\u00f3n moderna. La alta capacidad SPL y su precisa imagen sonora se unen en un monitor principal que se adapta al estudio de grabaci\u00f3n.<\/p>\n<p>El 1035 original se convirti\u00f3 en el sello distintivo en los prestigiosos estudios de todo el mundo que exig\u00edan un monitor de rango completo empotrable en pared que pudiera ofrecer un verdadero rendimiento de referencia a alto SPL y a largas distancias de escucha. Ahora, con el procesamiento de 96 kHz y toda la potencia de la tecnolog\u00eda SAM (Smart Active Monitoring Technology), el 1235A est\u00e1 disponible completo o como un kit de actualizaci\u00f3n retrofit para los propietarios de los modelos 1035A o B.<\/p>\n<p>Con una respuesta sobresaliente dentro y fuera del eje y una excelente directividad, el 1235A ofrece un punto \u00f3ptimo muy amplio y estable en el que pueden confiar m\u00faltiples oyentes dentro de una sala. Y a trav\u00e9s de su integraci\u00f3n con el software GLM, el 1235A se puede configurar, controlar y calibrar para cualquier tipo de entorno ac\u00fastico, proporcionando una experiencia de escucha verdaderamente optimizada, y realizar mezclas que se trasladan perfectamente a otras salas y sistemas.<\/p>\n<p>El 1235A cuenta con el m\u00f3dulo de amplificaci\u00f3n remota RAM-XL, en formato rack de 3U, que ofrece la m\u00e1xima precisi\u00f3n para un sistema de monitorizaci\u00f3n de gran formato. Su nuevo dise\u00f1o est\u00e1 basado en el dise\u00f1o especial de doble transductor de graves de 15\u201d del anterior modelo 1035.<\/p>\n<p>La respuesta en frecuencia del sistema 1235A ha sido ampliada, cubriendo una gama de 29 Hz a 26 kHz, con capacidad para entregar un nivel de presi\u00f3n sonora de hasta 130 dB a 1 metro de distancia. Esto se consigue por medio de la combinaci\u00f3n de un sofisticado procesado de se\u00f1al y eficientes amplificadores de clase D, proporcionando 2 x 1000W, 2&#215;400 W y 250 W de potencia a los canales de woofer, medios y tweeters, respectivamente. El recinto ac\u00fastico incluye dos woofers de alta linealidad de 15\u201d, dos transductores de alta eficiencia de 5\u201d, de dise\u00f1o especial, para los medios, y dos transductores de compresi\u00f3n de 2\u201d con salida de 1\u201d, y montado en un gran DCW.<\/p>\n<p>La tecnolog\u00eda Smart Active Monitoring (SAM\u2122) es una parte vital inherente al dise\u00f1o RAM XL. Todos los crossovers, circuitos de protecci\u00f3n de los transductores y calibraciones de frecuencia son implementados en el dominio digital con la m\u00e1xima precisi\u00f3n. Adem\u00e1s, el software Genelec Loudspeaker Manager (GLM\u2122) asegura que la interacci\u00f3n entre el recinto y la sala permanece tan cercana a la perfecci\u00f3n como sea posible.<\/p>\n<p>El sistema 1235A incorpora la tecnolog\u00eda m\u00e1s moderna e inteligente en un sistema de monitorizaci\u00f3n principal de altas prestaciones. Todos los componentes del sistema han sido dise\u00f1ados, ensamblados, comprobados y calibrados individualmente en la factor\u00eda de Genelec situada en Finlandia.<\/p>\n<p>La tecnolog\u00eda Directivity Control Waveguide (DCW\u2122) proporciona un \u00e1rea de audici\u00f3n amplia y controlada, minimizando las primeras reflexiones para conseguir una precisa reproducci\u00f3n sonora tanto dentro como fuera del eje ac\u00fastico.<\/p>\n<p>&nbsp;<\/p>\n<ul>\n<li>Alto SPL y baja distorsi\u00f3n gracias a los transductores de alta eficiencia y a los amplificadores de clase D.<\/li>\n<li>Dise\u00f1o electr\u00f3nico de alta calidad y algoritmos DSP de alta precisi\u00f3n para asegurar una gran gama din\u00e1mica y un ruido intr\u00ednseco extremadamente bajo.<\/li>\n<li>Refrigeraci\u00f3n controlada por ventilaci\u00f3n forzada que hace que el RAM XL sea extremadamente silencioso. Puede ser instalado incluso en el \u00e1rea de audici\u00f3n.<\/li>\n<li>El dise\u00f1o de woofer doble refuerza el control de directividad, junto a la corta dimensi\u00f3n del frontal del bafle.<\/li>\n<li>Genelec AutoCal\u2122 mide la respuesta en el \u00e1rea de audici\u00f3n y aplica una precisa compensaci\u00f3n en las frecuencias graves y medias-graves para minimizar las anomal\u00edas ac\u00fasticas perjudiciales de la habitaci\u00f3n, as\u00ed como las diferencias entra varias posiciones de audici\u00f3n.<\/li>\n<li>Sostenibilidad y valores medioambientales. Eficiente uso de materiales, bajo consumo energ\u00e9tico y larga vida \u00fatil. El sistema Intelligent Signal Sensing (ISS\u2122) de Genelec conmuta el Sistema a modo \u2018en espera\u2019 cuando no se detecta se\u00f1al de audio en la entada, proporcionando un significativo ahorro de energ\u00eda.<\/li>\n<li>El RAM XL ofrece amplifcadores clase D de alta eficiencia, que proporcionan un alto SPL, una gran gama din\u00e1mica, baja distorsi\u00f3n y una alta fiabilidad.<\/li>\n<\/ul>\n","protected":false},"excerpt":{"rendered":"<h3>Sistema de monitorizaci\u00f3n principal SAM para estudio, 15&#8243;<\/h3>\n<ul class=\"summary\">\n<li>Transductores: 2&#215;15&#8243;, 2&#215;5&#8243;, 2&#215;2&#8243; con salida 1&#8243; DCW<\/li>\n<li>Potencia amp.: Graves 2 x 1000W; Medios 2 x 400W; Agudos 400W<\/li>\n<li>Amplificador externo RAM-XL de 3RU con amplificadores de clase D<\/li>\n<li>Compatible GLM y AutoCal<\/li>\n<li>Disponible tambi\u00e9n como un kit de actualizaci\u00f3n retrofit para los antiguos modelos 1035A o B.<\/li>\n<\/ul>\n","protected":false},"featured_media":20473,"template":"","meta":{"_acf_changed":false},"product_brand":[],"product_cat":[1394,1395,1396],"product_tag":[],"class_list":{"0":"post-20468","1":"product","2":"type-product","3":"status-publish","4":"has-post-thumbnail","6":"product_cat-monitores-de-estudio","7":"product_cat-por-series-genelec","8":"product_cat-serie-sam","9":"product_series-serie-sam","11":"first","12":"instock","13":"shipping-taxable","14":"product-type-simple"},"acf":[],"yoast_head":"<!-- This site is optimized with the Yoast SEO plugin v27.1.1 - https:\/\/yoast.com\/product\/yoast-seo-wordpress\/ -->\n<title>1235A - Audio-Technica Iberia<\/title>\n<meta name=\"robots\" content=\"index, follow, max-snippet:-1, max-image-preview:large, max-video-preview:-1\" \/>\n<link rel=\"canonical\" href=\"https:\/\/distribution.audio-technica.eu\/es-es\/productos\/1235a-sam\/\" \/>\n<meta property=\"og:locale\" content=\"es_ES\" \/>\n<meta property=\"og:type\" content=\"article\" \/>\n<meta property=\"og:title\" content=\"1235A - Audio-Technica Iberia\" \/>\n<meta property=\"og:description\" content=\"Sistema de monitorizaci\u00f3n principal SAM para estudio, 15&quot;  Transductores: 2x15&quot;, 2x5&quot;, 2x2&quot; con salida 1&quot; DCW  Potencia amp.: Graves 2 x 1000W; Medios 2 x 400W; Agudos 400W  Amplificador externo RAM-XL de 3RU con amplificadores de clase D  Compatible GLM y AutoCal  Disponible tambi\u00e9n como un kit de actualizaci\u00f3n retrofit para los antiguos modelos 1035A o B.\" \/>\n<meta property=\"og:url\" content=\"https:\/\/distribution.audio-technica.eu\/es-es\/productos\/1235a-sam\/\" \/>\n<meta property=\"og:site_name\" content=\"Audio-Technica Iberia\" \/>\n<meta property=\"article:modified_time\" content=\"2023-07-13T11:33:44+00:00\" \/>\n<meta property=\"og:image\" content=\"https:\/\/distribution.audio-technica.eu\/app\/uploads\/sites\/2\/Genelec-1235A-k01.jpg\" \/>\n\t<meta property=\"og:image:width\" content=\"1000\" \/>\n\t<meta property=\"og:image:height\" content=\"1000\" \/>\n\t<meta property=\"og:image:type\" content=\"image\/jpeg\" \/>\n<meta name=\"twitter:card\" content=\"summary_large_image\" \/>\n<meta name=\"twitter:label1\" content=\"Tiempo de lectura\" \/>\n\t<meta name=\"twitter:data1\" content=\"4 minutos\" \/>\n<script type=\"application\/ld+json\" class=\"yoast-schema-graph\">{\"@context\":\"https:\/\/schema.org\",\"@graph\":[{\"@type\":\"WebPage\",\"@id\":\"https:\/\/distribution.audio-technica.eu\/es-es\/productos\/1235a-sam\/\",\"url\":\"https:\/\/distribution.audio-technica.eu\/es-es\/productos\/1235a-sam\/\",\"name\":\"1235A - Audio-Technica Iberia\",\"isPartOf\":{\"@id\":\"https:\/\/distribution.audio-technica.eu\/es-es\/#website\"},\"primaryImageOfPage\":{\"@id\":\"https:\/\/distribution.audio-technica.eu\/es-es\/productos\/1235a-sam\/#primaryimage\"},\"image\":{\"@id\":\"https:\/\/distribution.audio-technica.eu\/es-es\/productos\/1235a-sam\/#primaryimage\"},\"thumbnailUrl\":\"\/app\/uploads\/sites\/2\/Genelec-1235A-k01.jpg\",\"datePublished\":\"2020-04-03T10:14:13+00:00\",\"dateModified\":\"2023-07-13T11:33:44+00:00\",\"breadcrumb\":{\"@id\":\"https:\/\/distribution.audio-technica.eu\/es-es\/productos\/1235a-sam\/#breadcrumb\"},\"inLanguage\":\"es\",\"potentialAction\":[{\"@type\":\"ReadAction\",\"target\":[\"https:\/\/distribution.audio-technica.eu\/es-es\/productos\/1235a-sam\/\"]}]},{\"@type\":\"ImageObject\",\"inLanguage\":\"es\",\"@id\":\"https:\/\/distribution.audio-technica.eu\/es-es\/productos\/1235a-sam\/#primaryimage\",\"url\":\"\/app\/uploads\/sites\/2\/Genelec-1235A-k01.jpg\",\"contentUrl\":\"\/app\/uploads\/sites\/2\/Genelec-1235A-k01.jpg\",\"width\":1000,\"height\":1000},{\"@type\":\"BreadcrumbList\",\"@id\":\"https:\/\/distribution.audio-technica.eu\/es-es\/productos\/1235a-sam\/#breadcrumb\",\"itemListElement\":[{\"@type\":\"ListItem\",\"position\":1,\"name\":\"Products\",\"item\":\"https:\/\/distribution.audio-technica.eu\/es-es\/\"},{\"@type\":\"ListItem\",\"position\":2,\"name\":\"Productos\",\"item\":\"https:\/\/distribution.audio-technica.eu\/es-es\/productos\/\"},{\"@type\":\"ListItem\",\"position\":3,\"name\":\"1235A\"}]},{\"@type\":\"WebSite\",\"@id\":\"https:\/\/distribution.audio-technica.eu\/es-es\/#website\",\"url\":\"https:\/\/distribution.audio-technica.eu\/es-es\/\",\"name\":\"Audio-Technica Iberia\",\"description\":\"Distribuci\u00f3n\",\"potentialAction\":[{\"@type\":\"SearchAction\",\"target\":{\"@type\":\"EntryPoint\",\"urlTemplate\":\"https:\/\/distribution.audio-technica.eu\/es-es\/?s={search_term_string}\"},\"query-input\":{\"@type\":\"PropertyValueSpecification\",\"valueRequired\":true,\"valueName\":\"search_term_string\"}}],\"inLanguage\":\"es\"}]}<\/script>\n<!-- \/ Yoast SEO plugin. -->","yoast_head_json":{"title":"1235A - Audio-Technica Iberia","robots":{"index":"index","follow":"follow","max-snippet":"max-snippet:-1","max-image-preview":"max-image-preview:large","max-video-preview":"max-video-preview:-1"},"canonical":"https:\/\/distribution.audio-technica.eu\/es-es\/productos\/1235a-sam\/","og_locale":"es_ES","og_type":"article","og_title":"1235A - Audio-Technica Iberia","og_description":"Sistema de monitorizaci\u00f3n principal SAM para estudio, 15\"  Transductores: 2x15\", 2x5\", 2x2\" con salida 1\" DCW  Potencia amp.: Graves 2 x 1000W; Medios 2 x 400W; Agudos 400W  Amplificador externo RAM-XL de 3RU con amplificadores de clase D  Compatible GLM y AutoCal  Disponible tambi\u00e9n como un kit de actualizaci\u00f3n retrofit para los antiguos modelos 1035A o B.","og_url":"https:\/\/distribution.audio-technica.eu\/es-es\/productos\/1235a-sam\/","og_site_name":"Audio-Technica Iberia","article_modified_time":"2023-07-13T11:33:44+00:00","og_image":[{"width":1000,"height":1000,"url":"https:\/\/distribution.audio-technica.eu\/app\/uploads\/sites\/2\/Genelec-1235A-k01.jpg","type":"image\/jpeg"}],"twitter_card":"summary_large_image","twitter_misc":{"Tiempo de lectura":"4 minutos"},"schema":{"@context":"https:\/\/schema.org","@graph":[{"@type":"WebPage","@id":"https:\/\/distribution.audio-technica.eu\/es-es\/productos\/1235a-sam\/","url":"https:\/\/distribution.audio-technica.eu\/es-es\/productos\/1235a-sam\/","name":"1235A - Audio-Technica Iberia","isPartOf":{"@id":"https:\/\/distribution.audio-technica.eu\/es-es\/#website"},"primaryImageOfPage":{"@id":"https:\/\/distribution.audio-technica.eu\/es-es\/productos\/1235a-sam\/#primaryimage"},"image":{"@id":"https:\/\/distribution.audio-technica.eu\/es-es\/productos\/1235a-sam\/#primaryimage"},"thumbnailUrl":"\/app\/uploads\/sites\/2\/Genelec-1235A-k01.jpg","datePublished":"2020-04-03T10:14:13+00:00","dateModified":"2023-07-13T11:33:44+00:00","breadcrumb":{"@id":"https:\/\/distribution.audio-technica.eu\/es-es\/productos\/1235a-sam\/#breadcrumb"},"inLanguage":"es","potentialAction":[{"@type":"ReadAction","target":["https:\/\/distribution.audio-technica.eu\/es-es\/productos\/1235a-sam\/"]}]},{"@type":"ImageObject","inLanguage":"es","@id":"https:\/\/distribution.audio-technica.eu\/es-es\/productos\/1235a-sam\/#primaryimage","url":"\/app\/uploads\/sites\/2\/Genelec-1235A-k01.jpg","contentUrl":"\/app\/uploads\/sites\/2\/Genelec-1235A-k01.jpg","width":1000,"height":1000},{"@type":"BreadcrumbList","@id":"https:\/\/distribution.audio-technica.eu\/es-es\/productos\/1235a-sam\/#breadcrumb","itemListElement":[{"@type":"ListItem","position":1,"name":"Products","item":"https:\/\/distribution.audio-technica.eu\/es-es\/"},{"@type":"ListItem","position":2,"name":"Productos","item":"https:\/\/distribution.audio-technica.eu\/es-es\/productos\/"},{"@type":"ListItem","position":3,"name":"1235A"}]},{"@type":"WebSite","@id":"https:\/\/distribution.audio-technica.eu\/es-es\/#website","url":"https:\/\/distribution.audio-technica.eu\/es-es\/","name":"Audio-Technica Iberia","description":"Distribuci\u00f3n","potentialAction":[{"@type":"SearchAction","target":{"@type":"EntryPoint","urlTemplate":"https:\/\/distribution.audio-technica.eu\/es-es\/?s={search_term_string}"},"query-input":{"@type":"PropertyValueSpecification","valueRequired":true,"valueName":"search_term_string"}}],"inLanguage":"es"}]}},"_links":{"self":[{"href":"https:\/\/distribution.audio-technica.eu\/es-es\/wp-json\/wp\/v2\/product\/20468","targetHints":{"allow":["GET"]}}],"collection":[{"href":"https:\/\/distribution.audio-technica.eu\/es-es\/wp-json\/wp\/v2\/product"}],"about":[{"href":"https:\/\/distribution.audio-technica.eu\/es-es\/wp-json\/wp\/v2\/types\/product"}],"wp:featuredmedia":[{"embeddable":true,"href":"https:\/\/distribution.audio-technica.eu\/es-es\/wp-json\/wp\/v2\/media\/20473"}],"wp:attachment":[{"href":"https:\/\/distribution.audio-technica.eu\/es-es\/wp-json\/wp\/v2\/media?parent=20468"}],"wp:term":[{"taxonomy":"product_brand","embeddable":true,"href":"https:\/\/distribution.audio-technica.eu\/es-es\/wp-json\/wp\/v2\/product_brand?post=20468"},{"taxonomy":"product_cat","embeddable":true,"href":"https:\/\/distribution.audio-technica.eu\/es-es\/wp-json\/wp\/v2\/product_cat?post=20468"},{"taxonomy":"product_tag","embeddable":true,"href":"https:\/\/distribution.audio-technica.eu\/es-es\/wp-json\/wp\/v2\/product_tag?post=20468"}],"curies":[{"name":"wp","href":"https:\/\/api.w.org\/{rel}","templated":true}]}}