{"id":22583,"date":"2020-12-01T11:00:50","date_gmt":"2020-12-01T10:00:50","guid":{"rendered":"https:\/\/atdb-production.studiograft.dev\/es\/?post_type=product&#038;p=22583"},"modified":"2024-07-09T16:47:10","modified_gmt":"2024-07-09T14:47:10","slug":"sq-madi","status":"publish","type":"product","link":"https:\/\/distribution.audio-technica.eu\/es-es\/productos\/sq-madi\/","title":{"rendered":"SQ MADI"},"content":{"rendered":"<h2>SQ MADI<\/h2>\n<h3>Tarjeta MADI\u00a0para mezcladores de la serie SQ y matrices AHM<\/h3>\n<p>SQ MADI proporciona a cualquier mezclador SQ o matriz AHM una interfaz MADI de 64&#215;64 que funciona a 48 kHz o 96 kHz. Dos entradas BNC se emparejan con dos salidas BNC para permitir configuraciones divididas o redundantes, mientras que una conexi\u00f3n BNC Sync de funci\u00f3n dual (entrada \/ salida) permite que la consola sea maestra o esclava en el sistema.<\/p>\n<p>SQ MADI permite la conexi\u00f3n y sincronizaci\u00f3n con sistemas de grabaci\u00f3n o broadcast en unidades m\u00f3viles y consolas de terceros para proporcionar un alto n\u00famero de canales a trav\u00e9s de cables coaxiales.<\/p>\n<ul>\n<li>Audio digital de 64&#215;64 canales<\/li>\n<li>Funcionamiento a 96 kHz o 48 kHz<\/li>\n<li>Modos Smux o HighSpeed a 96kHz<\/li>\n<li>Sincronizaci\u00f3n desde entradas o word clock independientes<\/li>\n<li>Manejo de errores controlado por consola<\/li>\n<li>4 conectores BNC (2 enlaces)<\/li>\n<li>1x BNC Sync para E\/S de Word Clock<\/li>\n<\/ul>\n","protected":false},"excerpt":{"rendered":"<h3>Tarjeta\u00a0MADI para mezcladores de la serie SQ y matrices AHM<\/h3>\n<ul class=\"summary\">\n<li>Audio digital de 64&#215;64 canales<\/li>\n<li>Funcionamiento a 96 kHz o 48 kHz<\/li>\n<li>Modos Smux o HighSpeed a 96kHz<\/li>\n<li>Sincronizaci\u00f3n desde entradas o word clock independientes<\/li>\n<\/ul>\n<p>&nbsp;<\/p>\n","protected":false},"featured_media":22587,"template":"","meta":{"_acf_changed":false},"product_brand":[],"product_cat":[1493,1494,2183,1490,2184,1514],"product_tag":[],"class_list":{"0":"post-22583","1":"product","2":"type-product","3":"status-publish","4":"has-post-thumbnail","6":"product_cat-mesas-de-mezclas-allen-heath","7":"product_cat-mesas-de-mezclas-para-directo-mesas-de-mezclas-allen-heath","8":"product_cat-matrices-instalacion","9":"product_cat-por-series-allen-heath","10":"product_cat-serie-ahm","11":"product_cat-serie-sq","12":"product_series-serie-sq","14":"first","15":"instock","16":"shipping-taxable","17":"product-type-simple"},"acf":[],"yoast_head":"<!-- This site is optimized with the Yoast SEO plugin v27.1.1 - https:\/\/yoast.com\/product\/yoast-seo-wordpress\/ -->\n<title>SQ MADI - Audio-Technica Iberia<\/title>\n<meta name=\"robots\" content=\"index, follow, max-snippet:-1, max-image-preview:large, max-video-preview:-1\" \/>\n<link rel=\"canonical\" href=\"https:\/\/distribution.audio-technica.eu\/es-es\/productos\/sq-madi\/\" \/>\n<meta property=\"og:locale\" content=\"es_ES\" \/>\n<meta property=\"og:type\" content=\"article\" \/>\n<meta property=\"og:title\" content=\"SQ MADI - Audio-Technica Iberia\" \/>\n<meta property=\"og:description\" content=\"Tarjeta\u00a0MADI para mezcladores de la serie SQ y matrices AHM   Audio digital de 64x64 canales  Funcionamiento a 96 kHz o 48 kHz  Modos Smux o HighSpeed a 96kHz  Sincronizaci\u00f3n desde entradas o word clock independientes  &nbsp;\" \/>\n<meta property=\"og:url\" content=\"https:\/\/distribution.audio-technica.eu\/es-es\/productos\/sq-madi\/\" \/>\n<meta property=\"og:site_name\" content=\"Audio-Technica Iberia\" \/>\n<meta property=\"article:modified_time\" content=\"2024-07-09T14:47:10+00:00\" \/>\n<meta property=\"og:image\" content=\"https:\/\/distribution.audio-technica.eu\/app\/uploads\/sites\/2\/AH-SQ-MADI-Front.jpg\" \/>\n\t<meta property=\"og:image:width\" content=\"1000\" \/>\n\t<meta property=\"og:image:height\" content=\"1000\" \/>\n\t<meta property=\"og:image:type\" content=\"image\/jpeg\" \/>\n<meta name=\"twitter:card\" content=\"summary_large_image\" \/>\n<meta name=\"twitter:label1\" content=\"Tiempo de lectura\" \/>\n\t<meta name=\"twitter:data1\" content=\"1 minuto\" \/>\n<script type=\"application\/ld+json\" class=\"yoast-schema-graph\">{\"@context\":\"https:\/\/schema.org\",\"@graph\":[{\"@type\":\"WebPage\",\"@id\":\"https:\/\/distribution.audio-technica.eu\/es-es\/productos\/sq-madi\/\",\"url\":\"https:\/\/distribution.audio-technica.eu\/es-es\/productos\/sq-madi\/\",\"name\":\"SQ MADI - Audio-Technica Iberia\",\"isPartOf\":{\"@id\":\"https:\/\/distribution.audio-technica.eu\/es-es\/#website\"},\"primaryImageOfPage\":{\"@id\":\"https:\/\/distribution.audio-technica.eu\/es-es\/productos\/sq-madi\/#primaryimage\"},\"image\":{\"@id\":\"https:\/\/distribution.audio-technica.eu\/es-es\/productos\/sq-madi\/#primaryimage\"},\"thumbnailUrl\":\"\/app\/uploads\/sites\/2\/AH-SQ-MADI-Front.jpg\",\"datePublished\":\"2020-12-01T10:00:50+00:00\",\"dateModified\":\"2024-07-09T14:47:10+00:00\",\"breadcrumb\":{\"@id\":\"https:\/\/distribution.audio-technica.eu\/es-es\/productos\/sq-madi\/#breadcrumb\"},\"inLanguage\":\"es\",\"potentialAction\":[{\"@type\":\"ReadAction\",\"target\":[\"https:\/\/distribution.audio-technica.eu\/es-es\/productos\/sq-madi\/\"]}]},{\"@type\":\"ImageObject\",\"inLanguage\":\"es\",\"@id\":\"https:\/\/distribution.audio-technica.eu\/es-es\/productos\/sq-madi\/#primaryimage\",\"url\":\"\/app\/uploads\/sites\/2\/AH-SQ-MADI-Front.jpg\",\"contentUrl\":\"\/app\/uploads\/sites\/2\/AH-SQ-MADI-Front.jpg\",\"width\":1000,\"height\":1000},{\"@type\":\"BreadcrumbList\",\"@id\":\"https:\/\/distribution.audio-technica.eu\/es-es\/productos\/sq-madi\/#breadcrumb\",\"itemListElement\":[{\"@type\":\"ListItem\",\"position\":1,\"name\":\"Products\",\"item\":\"https:\/\/distribution.audio-technica.eu\/es-es\/\"},{\"@type\":\"ListItem\",\"position\":2,\"name\":\"Productos\",\"item\":\"https:\/\/distribution.audio-technica.eu\/es-es\/productos\/\"},{\"@type\":\"ListItem\",\"position\":3,\"name\":\"SQ MADI\"}]},{\"@type\":\"WebSite\",\"@id\":\"https:\/\/distribution.audio-technica.eu\/es-es\/#website\",\"url\":\"https:\/\/distribution.audio-technica.eu\/es-es\/\",\"name\":\"Audio-Technica Iberia\",\"description\":\"Distribuci\u00f3n\",\"potentialAction\":[{\"@type\":\"SearchAction\",\"target\":{\"@type\":\"EntryPoint\",\"urlTemplate\":\"https:\/\/distribution.audio-technica.eu\/es-es\/?s={search_term_string}\"},\"query-input\":{\"@type\":\"PropertyValueSpecification\",\"valueRequired\":true,\"valueName\":\"search_term_string\"}}],\"inLanguage\":\"es\"}]}<\/script>\n<!-- \/ Yoast SEO plugin. -->","yoast_head_json":{"title":"SQ MADI - Audio-Technica Iberia","robots":{"index":"index","follow":"follow","max-snippet":"max-snippet:-1","max-image-preview":"max-image-preview:large","max-video-preview":"max-video-preview:-1"},"canonical":"https:\/\/distribution.audio-technica.eu\/es-es\/productos\/sq-madi\/","og_locale":"es_ES","og_type":"article","og_title":"SQ MADI - Audio-Technica Iberia","og_description":"Tarjeta\u00a0MADI para mezcladores de la serie SQ y matrices AHM   Audio digital de 64x64 canales  Funcionamiento a 96 kHz o 48 kHz  Modos Smux o HighSpeed a 96kHz  Sincronizaci\u00f3n desde entradas o word clock independientes  &nbsp;","og_url":"https:\/\/distribution.audio-technica.eu\/es-es\/productos\/sq-madi\/","og_site_name":"Audio-Technica Iberia","article_modified_time":"2024-07-09T14:47:10+00:00","og_image":[{"width":1000,"height":1000,"url":"https:\/\/distribution.audio-technica.eu\/app\/uploads\/sites\/2\/AH-SQ-MADI-Front.jpg","type":"image\/jpeg"}],"twitter_card":"summary_large_image","twitter_misc":{"Tiempo de lectura":"1 minuto"},"schema":{"@context":"https:\/\/schema.org","@graph":[{"@type":"WebPage","@id":"https:\/\/distribution.audio-technica.eu\/es-es\/productos\/sq-madi\/","url":"https:\/\/distribution.audio-technica.eu\/es-es\/productos\/sq-madi\/","name":"SQ MADI - Audio-Technica Iberia","isPartOf":{"@id":"https:\/\/distribution.audio-technica.eu\/es-es\/#website"},"primaryImageOfPage":{"@id":"https:\/\/distribution.audio-technica.eu\/es-es\/productos\/sq-madi\/#primaryimage"},"image":{"@id":"https:\/\/distribution.audio-technica.eu\/es-es\/productos\/sq-madi\/#primaryimage"},"thumbnailUrl":"\/app\/uploads\/sites\/2\/AH-SQ-MADI-Front.jpg","datePublished":"2020-12-01T10:00:50+00:00","dateModified":"2024-07-09T14:47:10+00:00","breadcrumb":{"@id":"https:\/\/distribution.audio-technica.eu\/es-es\/productos\/sq-madi\/#breadcrumb"},"inLanguage":"es","potentialAction":[{"@type":"ReadAction","target":["https:\/\/distribution.audio-technica.eu\/es-es\/productos\/sq-madi\/"]}]},{"@type":"ImageObject","inLanguage":"es","@id":"https:\/\/distribution.audio-technica.eu\/es-es\/productos\/sq-madi\/#primaryimage","url":"\/app\/uploads\/sites\/2\/AH-SQ-MADI-Front.jpg","contentUrl":"\/app\/uploads\/sites\/2\/AH-SQ-MADI-Front.jpg","width":1000,"height":1000},{"@type":"BreadcrumbList","@id":"https:\/\/distribution.audio-technica.eu\/es-es\/productos\/sq-madi\/#breadcrumb","itemListElement":[{"@type":"ListItem","position":1,"name":"Products","item":"https:\/\/distribution.audio-technica.eu\/es-es\/"},{"@type":"ListItem","position":2,"name":"Productos","item":"https:\/\/distribution.audio-technica.eu\/es-es\/productos\/"},{"@type":"ListItem","position":3,"name":"SQ MADI"}]},{"@type":"WebSite","@id":"https:\/\/distribution.audio-technica.eu\/es-es\/#website","url":"https:\/\/distribution.audio-technica.eu\/es-es\/","name":"Audio-Technica Iberia","description":"Distribuci\u00f3n","potentialAction":[{"@type":"SearchAction","target":{"@type":"EntryPoint","urlTemplate":"https:\/\/distribution.audio-technica.eu\/es-es\/?s={search_term_string}"},"query-input":{"@type":"PropertyValueSpecification","valueRequired":true,"valueName":"search_term_string"}}],"inLanguage":"es"}]}},"_links":{"self":[{"href":"https:\/\/distribution.audio-technica.eu\/es-es\/wp-json\/wp\/v2\/product\/22583","targetHints":{"allow":["GET"]}}],"collection":[{"href":"https:\/\/distribution.audio-technica.eu\/es-es\/wp-json\/wp\/v2\/product"}],"about":[{"href":"https:\/\/distribution.audio-technica.eu\/es-es\/wp-json\/wp\/v2\/types\/product"}],"wp:featuredmedia":[{"embeddable":true,"href":"https:\/\/distribution.audio-technica.eu\/es-es\/wp-json\/wp\/v2\/media\/22587"}],"wp:attachment":[{"href":"https:\/\/distribution.audio-technica.eu\/es-es\/wp-json\/wp\/v2\/media?parent=22583"}],"wp:term":[{"taxonomy":"product_brand","embeddable":true,"href":"https:\/\/distribution.audio-technica.eu\/es-es\/wp-json\/wp\/v2\/product_brand?post=22583"},{"taxonomy":"product_cat","embeddable":true,"href":"https:\/\/distribution.audio-technica.eu\/es-es\/wp-json\/wp\/v2\/product_cat?post=22583"},{"taxonomy":"product_tag","embeddable":true,"href":"https:\/\/distribution.audio-technica.eu\/es-es\/wp-json\/wp\/v2\/product_tag?post=22583"}],"curies":[{"name":"wp","href":"https:\/\/api.w.org\/{rel}","templated":true}]}}