{"id":22650,"date":"2020-12-01T12:30:59","date_gmt":"2020-12-01T11:30:59","guid":{"rendered":"https:\/\/atdb-production.studiograft.dev\/es\/?post_type=product&#038;p=22650"},"modified":"2023-07-13T13:30:51","modified_gmt":"2023-07-13T11:30:51","slug":"dlive-cti1500","status":"publish","type":"product","link":"https:\/\/distribution.audio-technica.eu\/es-es\/productos\/dlive-cti1500\/","title":{"rendered":"dLive CTi1500"},"content":{"rendered":"<h2>dLive CTi1500<\/h2>\n<h3>Superficie de control superligera de 12 faders para sistemas de mezcla digital dLive C Class<\/h3>\n<p>dLive CTi1500 establece un nuevo est\u00e1ndar en superficies de control compactas y ligeras para giras. Basada en la superficie C1500 m\u00e1s vendida, la CTi1500 ha sido redise\u00f1ada con materiales de \u00faltima generaci\u00f3n para eliminar la mayor cantidad de peso posible, al mismo tiempo que garantiza la integridad estructural para giras y una excelente experiencia para el usuario.<\/p>\n<p>Con un peso de solo 11,5 kg, la CTi1500 incorpora 12 faders (m\u00e1s de 6 capas), E\/S de audio incorporadas, un puerto de red de audio, pantalla t\u00e1ctil capacitiva de 12\u2033 y un completo conjunto de controles y teclas programables.<\/p>\n<p><a href=\"\/app\/uploads\/sites\/2\/AH-CTi-1500-5-1.jpg\"><img loading=\"lazy\" decoding=\"async\" class=\" wp-image-22657 alignleft\" src=\"\/app\/uploads\/sites\/2\/AH-CTi-1500-5-1.jpg\" alt=\"\" width=\"501\" height=\"501\" \/><\/a><\/p>\n<h4><strong>Redise\u00f1ada de forma compacta para giras.<\/strong><\/h4>\n<p>Desde su lanzamiento, la C1500 se ha convertido en la favorita para giras compactas, especialmente en las que el equipo se traslada en avi\u00f3n o en autocar, es decir, en cualquier aplicaci\u00f3n donde el tama\u00f1o y el peso deben equilibrarse cuidadosamente con los requisitos de audio.<\/p>\n<p>La CTi1500 toma este concepto compacto sin concesiones a\u00fan m\u00e1s lejos. Con el objetivo de crear una superficie de menos de 23 kg con flightcase incluido, los ingenieros de Allen &amp; Heath se embarcaron durante un a\u00f1o en este proyecto para crear la superficie de control superligera definitiva.<\/p>\n<p>Exteriormente, los embellecedores laterales han sido sustituidos por paneles de titanio, ligeros, super resistentes y con un novedoso dise\u00f1o en el sector de los mezcladores para giras. Los paneles de la parte trasera y la base tambi\u00e9n se han redise\u00f1ado de forma inteligente para reducir el peso y mantener la resistencia al mismo tiempo. Internamente, la p\u00e9rdida de peso contin\u00faa, con una nueva estructura met\u00e1lica ligera.<\/p>\n<p>Fundamentalmente, el panel frontal sigue siendo en gran medida el mismo que el de una C1500, lo que proporciona la sensaci\u00f3n familiar de dLive, pero redise\u00f1ado para reemplazar el reposabrazos con elegantes curvas de acero.\u00a0Cada cambio se ha considerado cuidadosamente y se ha probado rigurosamente para cumplir con los altos est\u00e1ndares requeridos en cualquier producto para giras de Allen &amp; Heath.<\/p>\n<p>&nbsp;<\/p>\n<h4><strong><img loading=\"lazy\" decoding=\"async\" class=\"alignright\" src=\"\/app\/uploads\/sites\/2\/CTi-close.gif\" width=\"500\" height=\"363\" \/>Toda una dLive.<\/strong><\/h4>\n<p>Puede que sea la superficie de control total m\u00e1s liviana de la gama dLive, pero la CTi1500 no renuncia a nada y mantiene cada control, bot\u00f3n y funci\u00f3n de su compa\u00f1era C1500.\u00a0Esto significa que, a pesar de su tama\u00f1o compacto, la CTi1500 dispone de 12 faders (con 6 capas), entradas y salidas de audio incorporadas, un puerto de red de audio, una pantalla t\u00e1ctil capacitiva de 12\u2033 y la innovadora interfaz de usuario Harmony para el flujo de trabajo m\u00e1s r\u00e1pido de la industria. Tampoco le faltan controles t\u00e1ctiles, con muchos controles giratorios y 19 teclas programables asignables.<\/p>\n<p>&nbsp;<\/p>\n<h4><\/h4>\n<h4><\/h4>\n<h4><\/h4>\n<h4><\/h4>\n<p>&nbsp;<\/p>\n<p>&nbsp;<\/p>\n<p>&nbsp;<\/p>\n<p>&nbsp;<\/p>\n<h4><strong><a href=\"\/app\/uploads\/sites\/2\/AH-CTi1500-Case-1.gif\"><img loading=\"lazy\" decoding=\"async\" class=\"wp-image-22651 alignleft\" src=\"\/app\/uploads\/sites\/2\/AH-CTi1500-Case-1.gif\" alt=\"\" width=\"500\" height=\"363\" \/><\/a>Lista para despegar.<\/strong><\/h4>\n<p>Cargada con una tarjeta de E\/S de su elecci\u00f3n y envuelta c\u00f3modamente en su cubierta antipolvo (s\u00ed, tambi\u00e9n la pesamos &#8230;), la CTi1500 puede volar por debajo de los 23 kg en un flightcase personalizado.<\/p>\n<p><em>* Nota: necesitar\u00e1 un flightcase que pese menos de 10 kg; si tiene dificultades para encontrar un proveedor, contacte con nosotros en <a href=\"mailto:info@audio-technica.es\">info@audio-technica.es<\/a> y le podremos ayudar para orientarlo en la direcci\u00f3n correcta.<\/em><\/p>\n<p>&nbsp;<\/p>\n<p>&nbsp;<\/p>\n<p>&nbsp;<\/p>\n<p>&nbsp;<\/p>\n<p>&nbsp;<\/p>\n<ul>\n<li>Paneles laterales de titanio y estructura de aleaci\u00f3n ligera<\/li>\n<li>Pesa solo 11,5 kg<\/li>\n<li>Puede salir de gira con un peso inferior a los 23 kg con un flightcase (que pese menos de 10 kg) incluyendo tarjeta de E\/S y cubierta antipolvo<\/li>\n<li>12 faders<\/li>\n<li>Configuraci\u00f3n totalmente asignable \u2013 72 strips de fader<\/li>\n<li>Interface de usuario Harmony, que integra controles en pantalla y controles f\u00edsicos<\/li>\n<li>Pantalla t\u00e1ctil capacitiva de 12\u201d<\/li>\n<li>Control gestual \u2013 Pellizcar, deslizar, arrastrar y soltar<\/li>\n<li>Visualizaci\u00f3n espec\u00edfica EQ multi-modo<\/li>\n<li>\u00c1reas para widgets configurables para escenas, medidores, FX y mucho m\u00e1s<\/li>\n<li>19 SoftKeys asignables<\/li>\n<li>Strips de fader para la cu\u00f1a y el IEM del ingeniero<\/li>\n<li>Medici\u00f3n multipunto integral<\/li>\n<li>Visibilidad bajo luz diurna<\/li>\n<li>Grabaci\u00f3n y reproducci\u00f3n USB est\u00e9reo<\/li>\n<li>6 entradas XLR micro\/l\u00ednea, 6 salidas XLR con nivel de l\u00ednea<\/li>\n<li>1 entrada est\u00e9reo digital AES3, 1 salida est\u00e9reo digital AES3<\/li>\n<li>Distribuidor de conexiones\n<ul>\n<li>Enlace GigaACE gigabit a MixRack<\/li>\n<li>Enlace DX para ampliaci\u00f3n de E\/S<\/li>\n<li>Puerto E\/S \u2013 128 canales 96 kHz<\/li>\n<li>2x Puertos de red<\/li>\n<li>E\/S Wordclock a trav\u00e9s de BNC<\/li>\n<li>Salida v\u00eddeo<\/li>\n<\/ul>\n<\/li>\n<\/ul>\n","protected":false},"excerpt":{"rendered":"<h3>Superficie de control superligera de 12 faders para sistemas de mezcla digital dLive C Class<\/h3>\n<ul class=\"summary\">\n<li>Paneles laterales de titanio y estructura de aleaci\u00f3n ligera<\/li>\n<li>Pesa solo 11,5 kg<\/li>\n<li>12 faders, 72 strips de fader<\/li>\n<li>Pantalla t\u00e1ctil 12\u201d con control gestual<\/li>\n<li>Grabaci\u00f3n y reproducci\u00f3n USB est\u00e9reo<\/li>\n<li>6 entradas XLR micro\/l\u00ednea, 6 salidas XLR con nivel de l\u00ednea<\/li>\n<li>1 entrada est\u00e9reo digital AES3, 1 salida est\u00e9reo digital AES3<\/li>\n<\/ul>\n<p>&nbsp;<\/p>\n","protected":false},"featured_media":22656,"template":"","meta":{"_acf_changed":false},"product_brand":[],"product_cat":[1493,1494,1490,1513],"product_tag":[],"class_list":{"0":"post-22650","1":"product","2":"type-product","3":"status-publish","4":"has-post-thumbnail","6":"product_cat-mesas-de-mezclas-allen-heath","7":"product_cat-mesas-de-mezclas-para-directo-mesas-de-mezclas-allen-heath","8":"product_cat-por-series-allen-heath","9":"product_cat-serie-dlive-c-class","10":"product_series-serie-dlive-c-class","12":"first","13":"instock","14":"shipping-taxable","15":"product-type-simple"},"acf":[],"yoast_head":"<!-- This site is optimized with the Yoast SEO plugin v27.1.1 - https:\/\/yoast.com\/product\/yoast-seo-wordpress\/ -->\n<title>dLive CTi1500 - Audio-Technica Iberia<\/title>\n<meta name=\"robots\" content=\"index, follow, max-snippet:-1, max-image-preview:large, max-video-preview:-1\" \/>\n<link rel=\"canonical\" href=\"https:\/\/distribution.audio-technica.eu\/es-es\/productos\/dlive-cti1500\/\" \/>\n<meta property=\"og:locale\" content=\"es_ES\" \/>\n<meta property=\"og:type\" content=\"article\" \/>\n<meta property=\"og:title\" content=\"dLive CTi1500 - Audio-Technica Iberia\" \/>\n<meta property=\"og:description\" content=\"Superficie de control superligera de 12 faders para sistemas de mezcla digital dLive C Class  Paneles laterales de titanio y estructura de aleaci\u00f3n ligera  Pesa solo 11,5 kg  12 faders, 72 strips de fader  Pantalla t\u00e1ctil 12\u201d con control gestual  Grabaci\u00f3n y reproducci\u00f3n USB est\u00e9reo  6 entradas XLR micro\/l\u00ednea, 6 salidas XLR con nivel de l\u00ednea  1 entrada est\u00e9reo digital AES3, 1 salida est\u00e9reo digital AES3 &nbsp;\" \/>\n<meta property=\"og:url\" content=\"https:\/\/distribution.audio-technica.eu\/es-es\/productos\/dlive-cti1500\/\" \/>\n<meta property=\"og:site_name\" content=\"Audio-Technica Iberia\" \/>\n<meta property=\"article:modified_time\" content=\"2023-07-13T11:30:51+00:00\" \/>\n<meta property=\"og:image\" content=\"https:\/\/distribution.audio-technica.eu\/app\/uploads\/sites\/2\/AH-CTi-1500-6.jpg\" \/>\n\t<meta property=\"og:image:width\" content=\"1000\" \/>\n\t<meta property=\"og:image:height\" content=\"1000\" \/>\n\t<meta property=\"og:image:type\" content=\"image\/jpeg\" \/>\n<meta name=\"twitter:card\" content=\"summary_large_image\" \/>\n<meta name=\"twitter:label1\" content=\"Tiempo de lectura\" \/>\n\t<meta name=\"twitter:data1\" content=\"4 minutos\" \/>\n<script type=\"application\/ld+json\" class=\"yoast-schema-graph\">{\"@context\":\"https:\/\/schema.org\",\"@graph\":[{\"@type\":\"WebPage\",\"@id\":\"https:\/\/distribution.audio-technica.eu\/es-es\/productos\/dlive-cti1500\/\",\"url\":\"https:\/\/distribution.audio-technica.eu\/es-es\/productos\/dlive-cti1500\/\",\"name\":\"dLive CTi1500 - Audio-Technica Iberia\",\"isPartOf\":{\"@id\":\"https:\/\/distribution.audio-technica.eu\/es-es\/#website\"},\"primaryImageOfPage\":{\"@id\":\"https:\/\/distribution.audio-technica.eu\/es-es\/productos\/dlive-cti1500\/#primaryimage\"},\"image\":{\"@id\":\"https:\/\/distribution.audio-technica.eu\/es-es\/productos\/dlive-cti1500\/#primaryimage\"},\"thumbnailUrl\":\"\/app\/uploads\/sites\/2\/AH-CTi-1500-6.jpg\",\"datePublished\":\"2020-12-01T11:30:59+00:00\",\"dateModified\":\"2023-07-13T11:30:51+00:00\",\"breadcrumb\":{\"@id\":\"https:\/\/distribution.audio-technica.eu\/es-es\/productos\/dlive-cti1500\/#breadcrumb\"},\"inLanguage\":\"es\",\"potentialAction\":[{\"@type\":\"ReadAction\",\"target\":[\"https:\/\/distribution.audio-technica.eu\/es-es\/productos\/dlive-cti1500\/\"]}]},{\"@type\":\"ImageObject\",\"inLanguage\":\"es\",\"@id\":\"https:\/\/distribution.audio-technica.eu\/es-es\/productos\/dlive-cti1500\/#primaryimage\",\"url\":\"\/app\/uploads\/sites\/2\/AH-CTi-1500-6.jpg\",\"contentUrl\":\"\/app\/uploads\/sites\/2\/AH-CTi-1500-6.jpg\",\"width\":1000,\"height\":1000},{\"@type\":\"BreadcrumbList\",\"@id\":\"https:\/\/distribution.audio-technica.eu\/es-es\/productos\/dlive-cti1500\/#breadcrumb\",\"itemListElement\":[{\"@type\":\"ListItem\",\"position\":1,\"name\":\"Products\",\"item\":\"https:\/\/distribution.audio-technica.eu\/es-es\/\"},{\"@type\":\"ListItem\",\"position\":2,\"name\":\"Productos\",\"item\":\"https:\/\/distribution.audio-technica.eu\/es-es\/productos\/\"},{\"@type\":\"ListItem\",\"position\":3,\"name\":\"dLive CTi1500\"}]},{\"@type\":\"WebSite\",\"@id\":\"https:\/\/distribution.audio-technica.eu\/es-es\/#website\",\"url\":\"https:\/\/distribution.audio-technica.eu\/es-es\/\",\"name\":\"Audio-Technica Iberia\",\"description\":\"Distribuci\u00f3n\",\"potentialAction\":[{\"@type\":\"SearchAction\",\"target\":{\"@type\":\"EntryPoint\",\"urlTemplate\":\"https:\/\/distribution.audio-technica.eu\/es-es\/?s={search_term_string}\"},\"query-input\":{\"@type\":\"PropertyValueSpecification\",\"valueRequired\":true,\"valueName\":\"search_term_string\"}}],\"inLanguage\":\"es\"}]}<\/script>\n<!-- \/ Yoast SEO plugin. -->","yoast_head_json":{"title":"dLive CTi1500 - Audio-Technica Iberia","robots":{"index":"index","follow":"follow","max-snippet":"max-snippet:-1","max-image-preview":"max-image-preview:large","max-video-preview":"max-video-preview:-1"},"canonical":"https:\/\/distribution.audio-technica.eu\/es-es\/productos\/dlive-cti1500\/","og_locale":"es_ES","og_type":"article","og_title":"dLive CTi1500 - Audio-Technica Iberia","og_description":"Superficie de control superligera de 12 faders para sistemas de mezcla digital dLive C Class  Paneles laterales de titanio y estructura de aleaci\u00f3n ligera  Pesa solo 11,5 kg  12 faders, 72 strips de fader  Pantalla t\u00e1ctil 12\u201d con control gestual  Grabaci\u00f3n y reproducci\u00f3n USB est\u00e9reo  6 entradas XLR micro\/l\u00ednea, 6 salidas XLR con nivel de l\u00ednea  1 entrada est\u00e9reo digital AES3, 1 salida est\u00e9reo digital AES3 &nbsp;","og_url":"https:\/\/distribution.audio-technica.eu\/es-es\/productos\/dlive-cti1500\/","og_site_name":"Audio-Technica Iberia","article_modified_time":"2023-07-13T11:30:51+00:00","og_image":[{"width":1000,"height":1000,"url":"https:\/\/distribution.audio-technica.eu\/app\/uploads\/sites\/2\/AH-CTi-1500-6.jpg","type":"image\/jpeg"}],"twitter_card":"summary_large_image","twitter_misc":{"Tiempo de lectura":"4 minutos"},"schema":{"@context":"https:\/\/schema.org","@graph":[{"@type":"WebPage","@id":"https:\/\/distribution.audio-technica.eu\/es-es\/productos\/dlive-cti1500\/","url":"https:\/\/distribution.audio-technica.eu\/es-es\/productos\/dlive-cti1500\/","name":"dLive CTi1500 - Audio-Technica Iberia","isPartOf":{"@id":"https:\/\/distribution.audio-technica.eu\/es-es\/#website"},"primaryImageOfPage":{"@id":"https:\/\/distribution.audio-technica.eu\/es-es\/productos\/dlive-cti1500\/#primaryimage"},"image":{"@id":"https:\/\/distribution.audio-technica.eu\/es-es\/productos\/dlive-cti1500\/#primaryimage"},"thumbnailUrl":"\/app\/uploads\/sites\/2\/AH-CTi-1500-6.jpg","datePublished":"2020-12-01T11:30:59+00:00","dateModified":"2023-07-13T11:30:51+00:00","breadcrumb":{"@id":"https:\/\/distribution.audio-technica.eu\/es-es\/productos\/dlive-cti1500\/#breadcrumb"},"inLanguage":"es","potentialAction":[{"@type":"ReadAction","target":["https:\/\/distribution.audio-technica.eu\/es-es\/productos\/dlive-cti1500\/"]}]},{"@type":"ImageObject","inLanguage":"es","@id":"https:\/\/distribution.audio-technica.eu\/es-es\/productos\/dlive-cti1500\/#primaryimage","url":"\/app\/uploads\/sites\/2\/AH-CTi-1500-6.jpg","contentUrl":"\/app\/uploads\/sites\/2\/AH-CTi-1500-6.jpg","width":1000,"height":1000},{"@type":"BreadcrumbList","@id":"https:\/\/distribution.audio-technica.eu\/es-es\/productos\/dlive-cti1500\/#breadcrumb","itemListElement":[{"@type":"ListItem","position":1,"name":"Products","item":"https:\/\/distribution.audio-technica.eu\/es-es\/"},{"@type":"ListItem","position":2,"name":"Productos","item":"https:\/\/distribution.audio-technica.eu\/es-es\/productos\/"},{"@type":"ListItem","position":3,"name":"dLive CTi1500"}]},{"@type":"WebSite","@id":"https:\/\/distribution.audio-technica.eu\/es-es\/#website","url":"https:\/\/distribution.audio-technica.eu\/es-es\/","name":"Audio-Technica Iberia","description":"Distribuci\u00f3n","potentialAction":[{"@type":"SearchAction","target":{"@type":"EntryPoint","urlTemplate":"https:\/\/distribution.audio-technica.eu\/es-es\/?s={search_term_string}"},"query-input":{"@type":"PropertyValueSpecification","valueRequired":true,"valueName":"search_term_string"}}],"inLanguage":"es"}]}},"_links":{"self":[{"href":"https:\/\/distribution.audio-technica.eu\/es-es\/wp-json\/wp\/v2\/product\/22650","targetHints":{"allow":["GET"]}}],"collection":[{"href":"https:\/\/distribution.audio-technica.eu\/es-es\/wp-json\/wp\/v2\/product"}],"about":[{"href":"https:\/\/distribution.audio-technica.eu\/es-es\/wp-json\/wp\/v2\/types\/product"}],"wp:featuredmedia":[{"embeddable":true,"href":"https:\/\/distribution.audio-technica.eu\/es-es\/wp-json\/wp\/v2\/media\/22656"}],"wp:attachment":[{"href":"https:\/\/distribution.audio-technica.eu\/es-es\/wp-json\/wp\/v2\/media?parent=22650"}],"wp:term":[{"taxonomy":"product_brand","embeddable":true,"href":"https:\/\/distribution.audio-technica.eu\/es-es\/wp-json\/wp\/v2\/product_brand?post=22650"},{"taxonomy":"product_cat","embeddable":true,"href":"https:\/\/distribution.audio-technica.eu\/es-es\/wp-json\/wp\/v2\/product_cat?post=22650"},{"taxonomy":"product_tag","embeddable":true,"href":"https:\/\/distribution.audio-technica.eu\/es-es\/wp-json\/wp\/v2\/product_tag?post=22650"}],"curies":[{"name":"wp","href":"https:\/\/api.w.org\/{rel}","templated":true}]}}