{"id":22826,"date":"2021-01-07T17:46:53","date_gmt":"2021-01-07T16:46:53","guid":{"rendered":"https:\/\/atdb-production.studiograft.dev\/es\/?post_type=product&#038;p=22826"},"modified":"2026-02-19T14:46:51","modified_gmt":"2026-02-19T13:46:51","slug":"id4","status":"publish","type":"product","link":"https:\/\/distribution.audio-technica.eu\/es-es\/productos\/id4\/","title":{"rendered":"iD4"},"content":{"rendered":"<h2>iD4<\/h2>\n<h3>Interface de audio 2 entradas | 2 salidas<\/h3>\n<p>&nbsp;<\/p>\n<h5>Tus grabaciones, mejoradas<\/h5>\n<p>Te presentamos iD4, nuestro interface de audio ultracompacto pero incre\u00edblemente potente, dise\u00f1ado para que puedas hacer m\u00fasica como un profesional. Aunque su tama\u00f1o es reducido, iD4 est\u00e1 repleto de funciones: incluye un previo de micr\u00f3fono totalmente anal\u00f3gico de consola Audient, avanzados conversores AD\/DA de 32 bits, una entrada JFET para instrumento y dos salidas de auriculares, todo en un formato de s\u00f3lo 13 x 12 cm. Adem\u00e1s, iD4 se alimenta completamente a trav\u00e9s del bus USB, lo que te permite capturar grabaciones con calidad de estudio tanto en casa como en cualquier lugar.<\/p>\n<p>&nbsp;<\/p>\n<h5>Previos microf\u00f3nicos de consola Audient<\/h5>\n<p>Suena mejor que nunca con el previo de micr\u00f3fono de consola Audient. Ofrece 58\u202fdB de ganancia, un nivel de ruido ultrabajo y una distorsi\u00f3n m\u00ednima, con un toque del c\u00e1lido car\u00e1cter anal\u00f3gico cl\u00e1sico. El previo de micr\u00f3fono de consola Audient del iD4 garantiza una captura limpia, precisa y fiel a la fuente de\u00a0 audio.<\/p>\n<p><strong>\u00bfC\u00f3mo suena?<\/strong><br \/>\nEl previo de micr\u00f3fono Audient es un dise\u00f1o de amplificador operacional discreto, de alta calidad, que ofrece una reproducci\u00f3n limpia, precisa y detallada de la fuente sonora.<\/p>\n<p><strong>Eso s\u00ed que es silencioso<br \/>\n<\/strong>Con un nivel de ruido 30.000 veces inferior al nivel de la se\u00f1al, tus grabaciones se capturar\u00e1n con una claridad asombrosa.<\/p>\n<p><strong>\u00a0<\/strong><\/p>\n<h5>Previos de micr\u00f3fono anal\u00f3gicos reales<\/h5>\n<p>Es exactamente el mismo dise\u00f1o de circuito de previo de micr\u00f3fono totalmente anal\u00f3gico y discreto que se encuentra en nuestra reconocida consola de grabaci\u00f3n ASP8024-HE. <strong>Sin emulaciones, sin imitaciones, solo aut\u00e9nticos previos de consola anal\u00f3gica en tu estudio.<\/strong><\/p>\n<p><strong>\u00a0<\/strong><\/p>\n<h5><strong>\u00a0<\/strong>Avanzada tecnolog\u00eda de conversores de 32-bit<\/h5>\n<p>Utilizando tecnolog\u00eda de conversi\u00f3n AD\/DA de 32 bits para minimizar la p\u00e9rdida de calidad y maximizar el rendimiento durante la conversi\u00f3n, iD4 garantiza que tu audio suene m\u00e1s limpio, claro y preciso que nunca. Y con una impresionante gama din\u00e1mica de 126\u202fdB, podr\u00e1s escuchar mejor los matices m\u00e1s sutiles e identificar problemas con mayor rapidez, lo que te permitir\u00e1 mezclar con total confianza y lograr resultados listos para publicar.<\/p>\n<ul>\n<li>Gama din\u00e1mica de 126dB (DAC)<\/li>\n<li>Gama din\u00e1mica de 120dB (ADC)<\/li>\n<\/ul>\n<p>&nbsp;<\/p>\n<h5>Entradas JFET para instrumentos<\/h5>\n<p>D\u00e1le a tus simulaciones de amplificador la calidez anal\u00f3gica y el car\u00e1cter que les faltaban. Dise\u00f1ada para replicar la etapa de entrada de un amplificador a v\u00e1lvulas cl\u00e1sico, la entrada para instrumento JFET del iD4 proporciona a tu guitarra o bajo una base sonora perfecta desde la primera nota.<strong><br \/>\n<\/strong><\/p>\n<p><strong>\u00a0<\/strong><\/p>\n<h5>F\u00e1cil de usar<\/h5>\n<p>Simplifica tus grabaciones con el sistema de control intuitivo y f\u00e1cil de entender que ofrece iD4. Con el respaldo de una amplia biblioteca de v\u00eddeos tutoriales y gu\u00edas de configuraci\u00f3n, te garantizamos que estar\u00e1s listo para grabar en muy poco tiempo.Tecnolog\u00eda que no se interpone en tu camino.<\/p>\n<p>&nbsp;<\/p>\n<h5>Dise\u00f1o ultraport\u00e1til<\/h5>\n<p><strong>Alimentado a trav\u00e9s del Bus USB<br \/>\n<\/strong>iD4 se alimenta completamente por bus USB*, lo que significa que no necesita una fuente de alimentaci\u00f3n externa. Esto te permite grabar pr\u00e1cticamente en cualquier lugar, sin comprometer la calidad de sonido ni el rendimiento.<\/p>\n<p>*Precisa conexi\u00f3n USB3.0<\/p>\n<p><strong>Aut\u00e9ntica alimentaci\u00f3n Phantom<br \/>\n<\/strong>La alimentaci\u00f3n phantom real que ofrece iD4 garantiza que tus micr\u00f3fonos reciban la alimentaci\u00f3n que necesitan para rendir al m\u00e1ximo, suministrando 48V completos por canal, incluso cuando se alimenta por bus USB. Es hora de ponerse a trabajar.<\/p>\n<p><strong>Compatible iOS<br \/>\n<\/strong>iD4 es compatible con iOS y permite grabar audio en alta resoluci\u00f3n directamente en tu tel\u00e9fono m\u00f3vil.<\/p>\n<p>&nbsp;<\/p>\n<h5>Control avanzado de monitorizaci\u00f3n<\/h5>\n<p>iD4 no solo destaca como un potente interface de audio USB-C, sino que tambi\u00e9n ofrece conectividad y control de monitorizaci\u00f3n con calidad de estudio, asegurando que puedas controlar y escuchar tu audio con precisi\u00f3n, en todo momento.<\/p>\n<p><strong>Salidas para auricular<br \/>\n<\/strong>Mezcla con total confianza usando auriculares gracias al amplificador de auriculares de nivel profesional que incorpora iD4, capaz de manejar impedancias de hasta 600 ohmios. A esto se suma la posibilidad de conectar simult\u00e1neamente dos pares de auriculares, mediante conexiones jack y mini jack, facilitando as\u00ed el trabajo en equipo y la colaboraci\u00f3n.<\/p>\n<p><strong>\u00a0<\/strong><strong>Salidas para altavoz<br \/>\n<\/strong>Conecta y escucha tus mezclas a trav\u00e9s de un par de monitores de estudio, gracias a las salidas de l\u00ednea est\u00e9reo que incorpora iD4. Combinadas con los 126\u202fdB de gama din\u00e1mica del dispositivo, tu precisi\u00f3n en la monitorizaci\u00f3n est\u00e1 a punto de mejorar significativamente.<\/p>\n<p><strong>Mezcla de Monitor<br \/>\n<\/strong>No dejes que la latencia te frene. La innovadora funci\u00f3n Monitor Mix del iD4 te permite crear r\u00e1pidamente un equilibrio entre la entrada de tu micr\u00f3fono o instrumento y tu pista de acompa\u00f1amiento. Ahora puedes monitorizar tus entradas sin latencia, mezclar tu pista de acompa\u00f1amiento y grabar tus pistas con total fluidez.<\/p>\n<p>&nbsp;<\/p>\n<h5>Ideal para streamers<\/h5>\n<p>Captura tanto el audio de tu micr\u00f3fono como el de tu ordenador al mismo tiempo, y crea y monitoriza mezclas personalizadas de forma r\u00e1pida con el mezclador de retorno de audio dedicado del iD4. Perfecto para m\u00fasicos, creadores de contenido y gamers.<\/p>\n<ul>\n<li>Graba el audio de tu ordenador<\/li>\n<li>Graba videollamadas con invitados<\/li>\n<li>Graba audio de videojuegos<\/li>\n<li>Env\u00eda audio a transmisiones en directo<\/li>\n<\/ul>\n<p>&nbsp;<\/p>\n<h5>Construcci\u00f3n totalmente met\u00e1lica<\/h5>\n<p>iD4 se siente como en casa tanto en tu estudio como en tu mochila \u2014 y su dise\u00f1o totalmente met\u00e1lico, sorprendentemente ligero y compacto, garantiza que est\u00e9 siempre listo para acompa\u00f1arte a donde vayas.<\/p>\n<p>Dise\u00f1ado para durar, hecho para viajar.<\/p>\n<p>&nbsp;<\/p>\n<h5>Software y plug-ins gratuitos<\/h5>\n<p>Con un paquete gratuito de software creativo que incluye Cubase LE, junto con plugins e instrumentos virtuales l\u00edderes del sector, puedes empezar a grabar nada m\u00e1s abrir la caja.<\/p>\n<p>&nbsp;<\/p>\n<h5>3 a\u00f1os de garant\u00eda<\/h5>\n<p>Todos nuestros productos incluyen una garant\u00eda limitada de tres a\u00f1os que te garantiza adem\u00e1s de protecci\u00f3n, la tranquilidad al elegir Audient.<\/p>\n<p>&nbsp;<\/p>\n<ul>\n<li>1 preamplificador de micr\u00f3fono de consola Audient<\/li>\n<li>Avanzados conversores AD\/DA de 32 bit<\/li>\n<li>1 entrada JFET para instrumento<\/li>\n<li>1 salida altavoz est\u00e9reo<\/li>\n<li>1 salida doble para auriculares<\/li>\n<li>Activaci\u00f3n \/ desactivaci\u00f3n del Enmudecimiento del altavoz<\/li>\n<li>Medici\u00f3n de salida en hardware<\/li>\n<li>Mezcla monitor (Monitorizaci\u00f3n directa)<\/li>\n<li>Retorno de audio<\/li>\n<li>Aut\u00e9ntica alimentaci\u00f3n phantom sobre USB<\/li>\n<li>Alimentado por bus USB 3.0<\/li>\n<li>24bit\/96khz<\/li>\n<li>Compatible Mac, Windows e iOS<\/li>\n<li>Dise\u00f1o totalmente met\u00e1lico<\/li>\n<li>3 a\u00f1os de garant\u00eda<\/li>\n<li>Software + Plugins gratuitos<\/li>\n<\/ul>\n<p>&nbsp;<\/p>\n","protected":false},"excerpt":{"rendered":"<h3>Interface de audio 2 entradas | 2 salidas<\/h3>\n<ul class=\"summary\">\n<li>1 preamplificador microf\u00f3nico de consola Audient (24bit | 96kHz)<\/li>\n<li>1 salida doble para auriculares (Soporta hasta 600 Ohms)<\/li>\n<li>1 entrada JFET para instrumento<\/li>\n<li>1 salida est\u00e9reo<\/li>\n<li>Alimentado a trav\u00e9s de Bus USB3.0<\/li>\n<li>Gama din\u00e1mica de 126 dB<\/li>\n<li>Ganancia del preamplificador microf\u00f3nico de 58dB<\/li>\n<li>Compatible macOS, Windows + iOS<\/li>\n<\/ul>\n<p>&nbsp;<\/p>\n","protected":false},"featured_media":40835,"template":"","meta":{"_acf_changed":false},"product_brand":[],"product_cat":[1316,1313,1317],"product_tag":[],"class_list":{"0":"post-22826","1":"product","2":"type-product","3":"status-publish","4":"has-post-thumbnail","6":"product_cat-interfaces-de-audio","7":"product_cat-por-series-audient","8":"product_cat-serie-id","9":"product_series-serie-id","11":"first","12":"instock","13":"shipping-taxable","14":"product-type-simple"},"acf":[],"yoast_head":"<!-- This site is optimized with the Yoast SEO plugin v27.1.1 - https:\/\/yoast.com\/product\/yoast-seo-wordpress\/ -->\n<title>iD4 - Audio-Technica Iberia<\/title>\n<meta name=\"robots\" content=\"index, follow, max-snippet:-1, max-image-preview:large, max-video-preview:-1\" \/>\n<link rel=\"canonical\" href=\"https:\/\/distribution.audio-technica.eu\/es-es\/productos\/id4\/\" \/>\n<meta property=\"og:locale\" content=\"es_ES\" \/>\n<meta property=\"og:type\" content=\"article\" \/>\n<meta property=\"og:title\" content=\"iD4 - Audio-Technica Iberia\" \/>\n<meta property=\"og:description\" content=\"Interface de audio 2 entradas | 2 salidas   1 preamplificador microf\u00f3nico de consola Audient (24bit | 96kHz)  1 salida doble para auriculares (Soporta hasta 600 Ohms)  1 entrada JFET para instrumento  1 salida est\u00e9reo  Alimentado a trav\u00e9s de Bus USB3.0  Gama din\u00e1mica de 126 dB  Ganancia del preamplificador microf\u00f3nico de 58dB  Compatible macOS, Windows + iOS  &nbsp;\" \/>\n<meta property=\"og:url\" content=\"https:\/\/distribution.audio-technica.eu\/es-es\/productos\/id4\/\" \/>\n<meta property=\"og:site_name\" content=\"Audio-Technica Iberia\" \/>\n<meta property=\"article:modified_time\" content=\"2026-02-19T13:46:51+00:00\" \/>\n<meta property=\"og:image\" content=\"https:\/\/distribution.audio-technica.eu\/app\/uploads\/sites\/2\/Audient-iD4-MKII-Front-Above2.jpg\" \/>\n\t<meta property=\"og:image:width\" content=\"2000\" \/>\n\t<meta property=\"og:image:height\" content=\"2000\" \/>\n\t<meta property=\"og:image:type\" content=\"image\/jpeg\" \/>\n<meta name=\"twitter:card\" content=\"summary_large_image\" \/>\n<meta name=\"twitter:label1\" content=\"Tiempo de lectura\" \/>\n\t<meta name=\"twitter:data1\" content=\"5 minutos\" \/>\n<script type=\"application\/ld+json\" class=\"yoast-schema-graph\">{\"@context\":\"https:\/\/schema.org\",\"@graph\":[{\"@type\":\"WebPage\",\"@id\":\"https:\/\/distribution.audio-technica.eu\/es-es\/productos\/id4\/\",\"url\":\"https:\/\/distribution.audio-technica.eu\/es-es\/productos\/id4\/\",\"name\":\"iD4 - Audio-Technica Iberia\",\"isPartOf\":{\"@id\":\"https:\/\/distribution.audio-technica.eu\/es-es\/#website\"},\"primaryImageOfPage\":{\"@id\":\"https:\/\/distribution.audio-technica.eu\/es-es\/productos\/id4\/#primaryimage\"},\"image\":{\"@id\":\"https:\/\/distribution.audio-technica.eu\/es-es\/productos\/id4\/#primaryimage\"},\"thumbnailUrl\":\"\/app\/uploads\/sites\/2\/Audient-iD4-MKII-Front-Above2.jpg\",\"datePublished\":\"2021-01-07T16:46:53+00:00\",\"dateModified\":\"2026-02-19T13:46:51+00:00\",\"breadcrumb\":{\"@id\":\"https:\/\/distribution.audio-technica.eu\/es-es\/productos\/id4\/#breadcrumb\"},\"inLanguage\":\"es\",\"potentialAction\":[{\"@type\":\"ReadAction\",\"target\":[\"https:\/\/distribution.audio-technica.eu\/es-es\/productos\/id4\/\"]}]},{\"@type\":\"ImageObject\",\"inLanguage\":\"es\",\"@id\":\"https:\/\/distribution.audio-technica.eu\/es-es\/productos\/id4\/#primaryimage\",\"url\":\"\/app\/uploads\/sites\/2\/Audient-iD4-MKII-Front-Above2.jpg\",\"contentUrl\":\"\/app\/uploads\/sites\/2\/Audient-iD4-MKII-Front-Above2.jpg\",\"width\":2000,\"height\":2000},{\"@type\":\"BreadcrumbList\",\"@id\":\"https:\/\/distribution.audio-technica.eu\/es-es\/productos\/id4\/#breadcrumb\",\"itemListElement\":[{\"@type\":\"ListItem\",\"position\":1,\"name\":\"Products\",\"item\":\"https:\/\/distribution.audio-technica.eu\/es-es\/\"},{\"@type\":\"ListItem\",\"position\":2,\"name\":\"Productos\",\"item\":\"https:\/\/distribution.audio-technica.eu\/es-es\/productos\/\"},{\"@type\":\"ListItem\",\"position\":3,\"name\":\"iD4\"}]},{\"@type\":\"WebSite\",\"@id\":\"https:\/\/distribution.audio-technica.eu\/es-es\/#website\",\"url\":\"https:\/\/distribution.audio-technica.eu\/es-es\/\",\"name\":\"Audio-Technica Iberia\",\"description\":\"Distribuci\u00f3n\",\"potentialAction\":[{\"@type\":\"SearchAction\",\"target\":{\"@type\":\"EntryPoint\",\"urlTemplate\":\"https:\/\/distribution.audio-technica.eu\/es-es\/?s={search_term_string}\"},\"query-input\":{\"@type\":\"PropertyValueSpecification\",\"valueRequired\":true,\"valueName\":\"search_term_string\"}}],\"inLanguage\":\"es\"}]}<\/script>\n<!-- \/ Yoast SEO plugin. -->","yoast_head_json":{"title":"iD4 - Audio-Technica Iberia","robots":{"index":"index","follow":"follow","max-snippet":"max-snippet:-1","max-image-preview":"max-image-preview:large","max-video-preview":"max-video-preview:-1"},"canonical":"https:\/\/distribution.audio-technica.eu\/es-es\/productos\/id4\/","og_locale":"es_ES","og_type":"article","og_title":"iD4 - Audio-Technica Iberia","og_description":"Interface de audio 2 entradas | 2 salidas   1 preamplificador microf\u00f3nico de consola Audient (24bit | 96kHz)  1 salida doble para auriculares (Soporta hasta 600 Ohms)  1 entrada JFET para instrumento  1 salida est\u00e9reo  Alimentado a trav\u00e9s de Bus USB3.0  Gama din\u00e1mica de 126 dB  Ganancia del preamplificador microf\u00f3nico de 58dB  Compatible macOS, Windows + iOS  &nbsp;","og_url":"https:\/\/distribution.audio-technica.eu\/es-es\/productos\/id4\/","og_site_name":"Audio-Technica Iberia","article_modified_time":"2026-02-19T13:46:51+00:00","og_image":[{"width":2000,"height":2000,"url":"https:\/\/distribution.audio-technica.eu\/app\/uploads\/sites\/2\/Audient-iD4-MKII-Front-Above2.jpg","type":"image\/jpeg"}],"twitter_card":"summary_large_image","twitter_misc":{"Tiempo de lectura":"5 minutos"},"schema":{"@context":"https:\/\/schema.org","@graph":[{"@type":"WebPage","@id":"https:\/\/distribution.audio-technica.eu\/es-es\/productos\/id4\/","url":"https:\/\/distribution.audio-technica.eu\/es-es\/productos\/id4\/","name":"iD4 - Audio-Technica Iberia","isPartOf":{"@id":"https:\/\/distribution.audio-technica.eu\/es-es\/#website"},"primaryImageOfPage":{"@id":"https:\/\/distribution.audio-technica.eu\/es-es\/productos\/id4\/#primaryimage"},"image":{"@id":"https:\/\/distribution.audio-technica.eu\/es-es\/productos\/id4\/#primaryimage"},"thumbnailUrl":"\/app\/uploads\/sites\/2\/Audient-iD4-MKII-Front-Above2.jpg","datePublished":"2021-01-07T16:46:53+00:00","dateModified":"2026-02-19T13:46:51+00:00","breadcrumb":{"@id":"https:\/\/distribution.audio-technica.eu\/es-es\/productos\/id4\/#breadcrumb"},"inLanguage":"es","potentialAction":[{"@type":"ReadAction","target":["https:\/\/distribution.audio-technica.eu\/es-es\/productos\/id4\/"]}]},{"@type":"ImageObject","inLanguage":"es","@id":"https:\/\/distribution.audio-technica.eu\/es-es\/productos\/id4\/#primaryimage","url":"\/app\/uploads\/sites\/2\/Audient-iD4-MKII-Front-Above2.jpg","contentUrl":"\/app\/uploads\/sites\/2\/Audient-iD4-MKII-Front-Above2.jpg","width":2000,"height":2000},{"@type":"BreadcrumbList","@id":"https:\/\/distribution.audio-technica.eu\/es-es\/productos\/id4\/#breadcrumb","itemListElement":[{"@type":"ListItem","position":1,"name":"Products","item":"https:\/\/distribution.audio-technica.eu\/es-es\/"},{"@type":"ListItem","position":2,"name":"Productos","item":"https:\/\/distribution.audio-technica.eu\/es-es\/productos\/"},{"@type":"ListItem","position":3,"name":"iD4"}]},{"@type":"WebSite","@id":"https:\/\/distribution.audio-technica.eu\/es-es\/#website","url":"https:\/\/distribution.audio-technica.eu\/es-es\/","name":"Audio-Technica Iberia","description":"Distribuci\u00f3n","potentialAction":[{"@type":"SearchAction","target":{"@type":"EntryPoint","urlTemplate":"https:\/\/distribution.audio-technica.eu\/es-es\/?s={search_term_string}"},"query-input":{"@type":"PropertyValueSpecification","valueRequired":true,"valueName":"search_term_string"}}],"inLanguage":"es"}]}},"_links":{"self":[{"href":"https:\/\/distribution.audio-technica.eu\/es-es\/wp-json\/wp\/v2\/product\/22826","targetHints":{"allow":["GET"]}}],"collection":[{"href":"https:\/\/distribution.audio-technica.eu\/es-es\/wp-json\/wp\/v2\/product"}],"about":[{"href":"https:\/\/distribution.audio-technica.eu\/es-es\/wp-json\/wp\/v2\/types\/product"}],"wp:featuredmedia":[{"embeddable":true,"href":"https:\/\/distribution.audio-technica.eu\/es-es\/wp-json\/wp\/v2\/media\/40835"}],"wp:attachment":[{"href":"https:\/\/distribution.audio-technica.eu\/es-es\/wp-json\/wp\/v2\/media?parent=22826"}],"wp:term":[{"taxonomy":"product_brand","embeddable":true,"href":"https:\/\/distribution.audio-technica.eu\/es-es\/wp-json\/wp\/v2\/product_brand?post=22826"},{"taxonomy":"product_cat","embeddable":true,"href":"https:\/\/distribution.audio-technica.eu\/es-es\/wp-json\/wp\/v2\/product_cat?post=22826"},{"taxonomy":"product_tag","embeddable":true,"href":"https:\/\/distribution.audio-technica.eu\/es-es\/wp-json\/wp\/v2\/product_tag?post=22826"}],"curies":[{"name":"wp","href":"https:\/\/api.w.org\/{rel}","templated":true}]}}