{"id":22839,"date":"2021-01-07T17:53:24","date_gmt":"2021-01-07T16:53:24","guid":{"rendered":"https:\/\/atdb-production.studiograft.dev\/es\/?post_type=product&#038;p=22839"},"modified":"2026-02-19T14:46:23","modified_gmt":"2026-02-19T13:46:23","slug":"id14","status":"publish","type":"product","link":"https:\/\/distribution.audio-technica.eu\/es-es\/productos\/id14\/","title":{"rendered":"iD14"},"content":{"rendered":"<h2>iD14<\/h2>\n<h3>Interface de audio 10 entradas | 6 salidas<\/h3>\n<p>&nbsp;<\/p>\n<h5>Tus grabaciones, mejoradas<\/h5>\n<p>Te presentamos iD14, el galardonado interface de audio dise\u00f1ado para permitirte hacer m\u00fasica como un profesional. Equipado con dos previos de micr\u00f3fono totalmente anal\u00f3gicos de consola Audient, avanzados conversores AD\/DA de 32 bits y la posibilidad de expansi\u00f3n mediante ADAT, iD14 incluye todo lo que necesita para obtener grabaciones con calidad de estudio, en un formato compacto de escritorio, f\u00e1cil de usar.<\/p>\n<p>&nbsp;<\/p>\n<h5>Previos microf\u00f3nicos de consola Audient<\/h5>\n<p>Suena mejor que nunca con el previo de micr\u00f3fono de consola Audient. Ofrece 68\u202fdB de ganancia, un nivel de ruido ultrabajo y baja distorsi\u00f3n, con un toque del c\u00e1lido car\u00e1cter anal\u00f3gico cl\u00e1sico. El previo de micr\u00f3fono de consola del iD14 garantiza una captura limpia, precisa y fiel a la fuente sonora.<\/p>\n<p><strong>\u00bfC\u00f3mo suena?<\/strong><br \/>\nEl previo de micr\u00f3fono de Audient es un dise\u00f1o realizado con amplificadores operacionales de alta calidad totalmente discretos, que ofrece una reproducci\u00f3n limpia, precisa y detallada de la fuente sonora.<\/p>\n<p><strong>Eso s\u00ed que es silencioso<br \/>\n<\/strong>Con un nivel de ruido 30.000 veces inferior al nivel de la se\u00f1al, tus grabaciones se capturar\u00e1n con una claridad asombrosa.<\/p>\n<p>&nbsp;<\/p>\n<h5>Preamplificadores de micr\u00f3fono anal\u00f3gicos reales<\/h5>\n<p>Es exactamente el mismo dise\u00f1o de circuito de previo de micr\u00f3fono totalmente anal\u00f3gico y discreto que se encuentra en nuestra reconocida consola de grabaci\u00f3n ASP8024-HE. <strong>Sin emulaciones, sin imitaciones, solo aut\u00e9nticos previos de consola anal\u00f3gica en tu estudio.<\/strong><\/p>\n<p>&nbsp;<\/p>\n<h5>Avanzada tecnolog\u00eda de conversores de 32-bit<\/h5>\n<p>Utilizando tecnolog\u00eda de conversi\u00f3n AD\/DA de 32 bits para minimizar la p\u00e9rdida de calidad y maximizar el rendimiento durante la conversi\u00f3n, iD14 garantiza que tu audio suene m\u00e1s limpio, claro y preciso que nunca. Y con una impresionante gama din\u00e1mica de 126\u202fdB, podr\u00e1s escuchar mejor los matices m\u00e1s sutiles e identificar problemas con mayor rapidez, lo que te permitir\u00e1 mezclar con total confianza y lograr resultados listos para publicar.<\/p>\n<ul>\n<li>Gama din\u00e1mica de 126 dB (DAC)<\/li>\n<li>Gama din\u00e1mica de 120 dB (ADC)<\/li>\n<\/ul>\n<p>&nbsp;<\/p>\n<h5>Entradas JFET para instrumentos<\/h5>\n<p>D\u00e1le a tus simulaciones de amplificador la calidez anal\u00f3gica y el car\u00e1cter que les faltaban. Dise\u00f1ada para replicar la etapa de entrada de un amplificador a v\u00e1lvulas cl\u00e1sico, la entrada para instrumento JFET del iD4 proporciona a tu guitarra o bajo una base sonora perfecta desde la primera nota.<strong><br \/>\n<\/strong><\/p>\n<p>&nbsp;<\/p>\n<h5>Expansi\u00f3n digital<\/h5>\n<p>Ampl\u00eda tu n\u00famero de canales disponibles y prepara tu estudio para el futuro con la ayuda de la entrada digital del iD14. Compatible con ADAT y SPDIF, el iD14 est\u00e1 listo para a\u00f1adir hasta 8 entradas adicionales, facilitando tareas m\u00e1s exigentes, como la grabaci\u00f3n de bater\u00edas.<\/p>\n<p><strong>\u00a0<\/strong><\/p>\n<h5>F\u00e1cil de usar<\/h5>\n<p><strong>Experiencia de usuario intuitiva<br \/>\n<\/strong>iD14 est\u00e1 dise\u00f1ado para ser f\u00e1cilmente configurado y no interponerse en el camino del usuario. Con un sistema de control intuitivo y f\u00e1cil de entender, respaldado por una amplia biblioteca de v\u00eddeos tutoriales, te garantizamos que estar\u00e1s listo para hacer m\u00fasica en muy poco tiempo.<\/p>\n<p><strong>Alimentado a trav\u00e9s del Bus USB<br \/>\n<\/strong>iD14 se alimenta completamente a trav\u00e9s de USB*, lo que significa que no necesita una fuente de alimentaci\u00f3n externa. Esto te permite grabar pr\u00e1cticamente en cualquier lugar, sin comprometer la calidad de sonido ni el rendimiento.<\/p>\n<p><em>* Precisa conexi\u00f3n USB3.0<\/em><\/p>\n<p><strong>Entrega alimentaci\u00f3n phantom real<br \/>\n<\/strong>Aseg\u00farate de proporcionar a tus micr\u00f3fonos la potencia que necesitan para rendir al m\u00e1ximo, gracias a la entrega de alimentaci\u00f3n phantom real del iD14, que suministra 48\u202fV completos por canal, incluso cuando se alimenta por bus USB.<\/p>\n<p>&nbsp;<\/p>\n<h5>Control avanzado de monitorizaci\u00f3n<\/h5>\n<p>iD14 no solo destaca como un potente interface de audio USB-C, sino que tambi\u00e9n ofrece conectividad y control de monitorizaci\u00f3n con calidad de estudio, asegurando que puedas controlar y escuchar, en todo momento, tu audio con toda precisi\u00f3n.<\/p>\n<p><strong>Salidas para auricular<br \/>\n<\/strong>Mezcla con total confianza usando auriculares, gracias al amplificador de auriculares de calidad profesional que incorpora iD14, capaz de manejar impedancias de hasta 600 ohmios.<\/p>\n<p>A esto se suma la posibilidad de conectar dos pares de auriculares simult\u00e1neamente, mediante conexiones jack y mini jack.<\/p>\n<p><strong>Salidas para altavoz<br \/>\n<\/strong>Conecta y escucha sus mezclas a trav\u00e9s de dos pares de monitores, gracias a las cuatro salidas de l\u00ednea que incorpora iD14, ideales para comprobar c\u00f3mo se traducen sus mezclas.<\/p>\n<p>Tambi\u00e9n puedes utilizar las salidas de l\u00ednea adicionales para enviar audio a un amplificador de auriculares externo y distribuirlo a los artistas.<\/p>\n<p><strong>Control personalizable<br \/>\n<\/strong>Personaliza tu flujo de trabajo asignando cualquiera de las funciones avanzadas de monitorizaci\u00f3n del iD14 al bot\u00f3n configurable iD, incluyendo DIM, CUT, inversi\u00f3n de polaridad, suma en mono, talkback o monitorizaci\u00f3n de mezcla de env\u00edo (Cue Mix).<\/p>\n<p><strong>Talkback<br \/>\n<\/strong>Aprovecha la innovadora tecnolog\u00eda de talkback del iD14, que te permite utilizar un micr\u00f3fono USB o el micr\u00f3fono integrado de tu ordenador como micr\u00f3fono de uso espec\u00edfico para talkback, liberando as\u00ed valiosos previos de micr\u00f3fono para la grabaci\u00f3n.<\/p>\n<p>&nbsp;<\/p>\n<h5>Latencia ultrabaja<\/h5>\n<p>Dise\u00f1ado para no interponerse en tu camino y mantener tu flujo de trabajo libre de complicaciones, el software mezclador del iD14 te permite configurar monitorizaci\u00f3n directa con latencia ultrabaja, crear mezclas independientes para artistas, guardar preajustes de disposici\u00f3n y mucho m\u00e1s, todo desde una aplicaci\u00f3n f\u00e1cil de usar.<\/p>\n<p>&nbsp;<\/p>\n<h5>Ideal para streamers<\/h5>\n<p>Captura tanto el audio de tu micr\u00f3fono como el de tu ordenador al mismo tiempo, y crea y monitoriza mezclas personalizadas de forma r\u00e1pida con el mezclador de retorno de audio dedicado del iD4. Perfecto para m\u00fasicos, creadores de contenido y gamers.<\/p>\n<ul>\n<li>Graba el audio de tu ordenador<\/li>\n<li>Graba videollamadas con invitados<\/li>\n<li>Graba audio de videojuegos<\/li>\n<\/ul>\n<p>&nbsp;<\/p>\n<h5>Construcci\u00f3n totalmente met\u00e1lica<\/h5>\n<p>Con poco m\u00e1s de 17\u202fcm de ancho y un elegante acabado en gris humo, el iD14 no solo tiene un gran aspecto, sino que tambi\u00e9n ofrece una excelente sensaci\u00f3n al tacto. Su dise\u00f1o totalmente met\u00e1lico, sus mandos de aluminio mecanizados a mano y su tama\u00f1o compacto lo hacen perfecto para el uso diario, ya sea grabando en casa o en la carretera.<\/p>\n<p>&nbsp;<\/p>\n<h5>Software y plug-ins gratuitos<\/h5>\n<p>Con un paquete gratuito de software creativo que incluye Cubase LE, junto con plugins e instrumentos virtuales l\u00edderes del sector, puedes empezar a grabar nada m\u00e1s abrir la caja.<\/p>\n<p>&nbsp;<\/p>\n<h5>3 a\u00f1os de garant\u00eda<\/h5>\n<p>Todos nuestros productos incluyen una garant\u00eda limitada de tres a\u00f1os que te garantiza adem\u00e1s de protecci\u00f3n, la tranquilidad al elegir Audient.<\/p>\n<p>&nbsp;<\/p>\n<ul>\n<li>2 preamplificadores de micr\u00f3fono de consola Audient<\/li>\n<li>Avanzados conversores AD\/DA de 32 bit<\/li>\n<li>1 entrada JFET para instrumento<\/li>\n<li>1 entrada digital (ADAT + S\/PDIF)<\/li>\n<li>2 salidas altavoz est\u00e9reo<\/li>\n<li>1 salida doble para auriculares<\/li>\n<li>Control avanzado de monitorizaci\u00f3n\n<ul>\n<li>Conmutaci\u00f3n de altavoces, Enmudecimiento, Atenuaci\u00f3n, Mono, Inversi\u00f3n de polaridad<\/li>\n<\/ul>\n<\/li>\n<li>Medici\u00f3n de salida en hardware<\/li>\n<li>Software mezclador de latencia ultrabaja (Monitorizaci\u00f3n Directa)<\/li>\n<li>Retorno de audio<\/li>\n<li>Aut\u00e9ntica alimentaci\u00f3n phantom sobre USB<\/li>\n<li>Alimentado por bus USB 3.0<\/li>\n<li>24bit\/96khz<\/li>\n<li>Compatible Mac y Windows<\/li>\n<li>Dise\u00f1o totalmente met\u00e1lico<\/li>\n<li>3 a\u00f1os de garant\u00eda<\/li>\n<li>Software + Plugins gratuitos<\/li>\n<\/ul>\n<p>&nbsp;<\/p>\n","protected":false},"excerpt":{"rendered":"<h3>Interface de audio 10 entradas | 6 salidas<\/h3>\n<ul class=\"summary\">\n<li>2\u00a0 preamplificadores microf\u00f3nicos de consola Audient (24bit | 96kHz)<\/li>\n<li>1 salida doble para auriculares (Soporta hasta 600 Ohms)<\/li>\n<li>1 entrada JFET para instrumento<\/li>\n<li>4 salidas de l\u00ednea<\/li>\n<li>1 entrada ADAT<\/li>\n<li>Alimentado a trav\u00e9s de Bus USB 3.0<\/li>\n<li>Gama din\u00e1mica de 126 dB<\/li>\n<li>Ganancia del preamplificador microf\u00f3nico de 68 dB<\/li>\n<li>Compatible macOS + Windows<\/li>\n<\/ul>\n","protected":false},"featured_media":40836,"template":"","meta":{"_acf_changed":false},"product_brand":[],"product_cat":[1316,1313,1317],"product_tag":[],"class_list":{"0":"post-22839","1":"product","2":"type-product","3":"status-publish","4":"has-post-thumbnail","6":"product_cat-interfaces-de-audio","7":"product_cat-por-series-audient","8":"product_cat-serie-id","9":"product_series-serie-id","11":"first","12":"instock","13":"shipping-taxable","14":"product-type-simple"},"acf":[],"yoast_head":"<!-- This site is optimized with the Yoast SEO plugin v27.1.1 - https:\/\/yoast.com\/product\/yoast-seo-wordpress\/ -->\n<title>iD14 - Audio-Technica Iberia<\/title>\n<meta name=\"robots\" content=\"index, follow, max-snippet:-1, max-image-preview:large, max-video-preview:-1\" \/>\n<link rel=\"canonical\" href=\"https:\/\/distribution.audio-technica.eu\/es-es\/productos\/id14\/\" \/>\n<meta property=\"og:locale\" content=\"es_ES\" \/>\n<meta property=\"og:type\" content=\"article\" \/>\n<meta property=\"og:title\" content=\"iD14 - Audio-Technica Iberia\" \/>\n<meta property=\"og:description\" content=\"Interface de audio 10 entradas | 6 salidas   2\u00a0 preamplificadores microf\u00f3nicos de consola Audient (24bit | 96kHz)  1 salida doble para auriculares (Soporta hasta 600 Ohms)  1 entrada JFET para instrumento  4 salidas de l\u00ednea  1 entrada ADAT  Alimentado a trav\u00e9s de Bus USB 3.0  Gama din\u00e1mica de 126 dB  Ganancia del preamplificador microf\u00f3nico de 68 dB  Compatible macOS + Windows\" \/>\n<meta property=\"og:url\" content=\"https:\/\/distribution.audio-technica.eu\/es-es\/productos\/id14\/\" \/>\n<meta property=\"og:site_name\" content=\"Audio-Technica Iberia\" \/>\n<meta property=\"article:modified_time\" content=\"2026-02-19T13:46:23+00:00\" \/>\n<meta property=\"og:image\" content=\"https:\/\/distribution.audio-technica.eu\/app\/uploads\/sites\/2\/Audient-iD14-Front-Above.jpg\" \/>\n\t<meta property=\"og:image:width\" content=\"2000\" \/>\n\t<meta property=\"og:image:height\" content=\"2000\" \/>\n\t<meta property=\"og:image:type\" content=\"image\/jpeg\" \/>\n<meta name=\"twitter:card\" content=\"summary_large_image\" \/>\n<meta name=\"twitter:label1\" content=\"Tiempo de lectura\" \/>\n\t<meta name=\"twitter:data1\" content=\"6 minutos\" \/>\n<script type=\"application\/ld+json\" class=\"yoast-schema-graph\">{\"@context\":\"https:\/\/schema.org\",\"@graph\":[{\"@type\":\"WebPage\",\"@id\":\"https:\/\/distribution.audio-technica.eu\/es-es\/productos\/id14\/\",\"url\":\"https:\/\/distribution.audio-technica.eu\/es-es\/productos\/id14\/\",\"name\":\"iD14 - Audio-Technica Iberia\",\"isPartOf\":{\"@id\":\"https:\/\/distribution.audio-technica.eu\/es-es\/#website\"},\"primaryImageOfPage\":{\"@id\":\"https:\/\/distribution.audio-technica.eu\/es-es\/productos\/id14\/#primaryimage\"},\"image\":{\"@id\":\"https:\/\/distribution.audio-technica.eu\/es-es\/productos\/id14\/#primaryimage\"},\"thumbnailUrl\":\"\/app\/uploads\/sites\/2\/Audient-iD14-Front-Above.jpg\",\"datePublished\":\"2021-01-07T16:53:24+00:00\",\"dateModified\":\"2026-02-19T13:46:23+00:00\",\"breadcrumb\":{\"@id\":\"https:\/\/distribution.audio-technica.eu\/es-es\/productos\/id14\/#breadcrumb\"},\"inLanguage\":\"es\",\"potentialAction\":[{\"@type\":\"ReadAction\",\"target\":[\"https:\/\/distribution.audio-technica.eu\/es-es\/productos\/id14\/\"]}]},{\"@type\":\"ImageObject\",\"inLanguage\":\"es\",\"@id\":\"https:\/\/distribution.audio-technica.eu\/es-es\/productos\/id14\/#primaryimage\",\"url\":\"\/app\/uploads\/sites\/2\/Audient-iD14-Front-Above.jpg\",\"contentUrl\":\"\/app\/uploads\/sites\/2\/Audient-iD14-Front-Above.jpg\",\"width\":2000,\"height\":2000},{\"@type\":\"BreadcrumbList\",\"@id\":\"https:\/\/distribution.audio-technica.eu\/es-es\/productos\/id14\/#breadcrumb\",\"itemListElement\":[{\"@type\":\"ListItem\",\"position\":1,\"name\":\"Products\",\"item\":\"https:\/\/distribution.audio-technica.eu\/es-es\/\"},{\"@type\":\"ListItem\",\"position\":2,\"name\":\"Productos\",\"item\":\"https:\/\/distribution.audio-technica.eu\/es-es\/productos\/\"},{\"@type\":\"ListItem\",\"position\":3,\"name\":\"iD14\"}]},{\"@type\":\"WebSite\",\"@id\":\"https:\/\/distribution.audio-technica.eu\/es-es\/#website\",\"url\":\"https:\/\/distribution.audio-technica.eu\/es-es\/\",\"name\":\"Audio-Technica Iberia\",\"description\":\"Distribuci\u00f3n\",\"potentialAction\":[{\"@type\":\"SearchAction\",\"target\":{\"@type\":\"EntryPoint\",\"urlTemplate\":\"https:\/\/distribution.audio-technica.eu\/es-es\/?s={search_term_string}\"},\"query-input\":{\"@type\":\"PropertyValueSpecification\",\"valueRequired\":true,\"valueName\":\"search_term_string\"}}],\"inLanguage\":\"es\"}]}<\/script>\n<!-- \/ Yoast SEO plugin. -->","yoast_head_json":{"title":"iD14 - Audio-Technica Iberia","robots":{"index":"index","follow":"follow","max-snippet":"max-snippet:-1","max-image-preview":"max-image-preview:large","max-video-preview":"max-video-preview:-1"},"canonical":"https:\/\/distribution.audio-technica.eu\/es-es\/productos\/id14\/","og_locale":"es_ES","og_type":"article","og_title":"iD14 - Audio-Technica Iberia","og_description":"Interface de audio 10 entradas | 6 salidas   2\u00a0 preamplificadores microf\u00f3nicos de consola Audient (24bit | 96kHz)  1 salida doble para auriculares (Soporta hasta 600 Ohms)  1 entrada JFET para instrumento  4 salidas de l\u00ednea  1 entrada ADAT  Alimentado a trav\u00e9s de Bus USB 3.0  Gama din\u00e1mica de 126 dB  Ganancia del preamplificador microf\u00f3nico de 68 dB  Compatible macOS + Windows","og_url":"https:\/\/distribution.audio-technica.eu\/es-es\/productos\/id14\/","og_site_name":"Audio-Technica Iberia","article_modified_time":"2026-02-19T13:46:23+00:00","og_image":[{"width":2000,"height":2000,"url":"https:\/\/distribution.audio-technica.eu\/app\/uploads\/sites\/2\/Audient-iD14-Front-Above.jpg","type":"image\/jpeg"}],"twitter_card":"summary_large_image","twitter_misc":{"Tiempo de lectura":"6 minutos"},"schema":{"@context":"https:\/\/schema.org","@graph":[{"@type":"WebPage","@id":"https:\/\/distribution.audio-technica.eu\/es-es\/productos\/id14\/","url":"https:\/\/distribution.audio-technica.eu\/es-es\/productos\/id14\/","name":"iD14 - Audio-Technica Iberia","isPartOf":{"@id":"https:\/\/distribution.audio-technica.eu\/es-es\/#website"},"primaryImageOfPage":{"@id":"https:\/\/distribution.audio-technica.eu\/es-es\/productos\/id14\/#primaryimage"},"image":{"@id":"https:\/\/distribution.audio-technica.eu\/es-es\/productos\/id14\/#primaryimage"},"thumbnailUrl":"\/app\/uploads\/sites\/2\/Audient-iD14-Front-Above.jpg","datePublished":"2021-01-07T16:53:24+00:00","dateModified":"2026-02-19T13:46:23+00:00","breadcrumb":{"@id":"https:\/\/distribution.audio-technica.eu\/es-es\/productos\/id14\/#breadcrumb"},"inLanguage":"es","potentialAction":[{"@type":"ReadAction","target":["https:\/\/distribution.audio-technica.eu\/es-es\/productos\/id14\/"]}]},{"@type":"ImageObject","inLanguage":"es","@id":"https:\/\/distribution.audio-technica.eu\/es-es\/productos\/id14\/#primaryimage","url":"\/app\/uploads\/sites\/2\/Audient-iD14-Front-Above.jpg","contentUrl":"\/app\/uploads\/sites\/2\/Audient-iD14-Front-Above.jpg","width":2000,"height":2000},{"@type":"BreadcrumbList","@id":"https:\/\/distribution.audio-technica.eu\/es-es\/productos\/id14\/#breadcrumb","itemListElement":[{"@type":"ListItem","position":1,"name":"Products","item":"https:\/\/distribution.audio-technica.eu\/es-es\/"},{"@type":"ListItem","position":2,"name":"Productos","item":"https:\/\/distribution.audio-technica.eu\/es-es\/productos\/"},{"@type":"ListItem","position":3,"name":"iD14"}]},{"@type":"WebSite","@id":"https:\/\/distribution.audio-technica.eu\/es-es\/#website","url":"https:\/\/distribution.audio-technica.eu\/es-es\/","name":"Audio-Technica Iberia","description":"Distribuci\u00f3n","potentialAction":[{"@type":"SearchAction","target":{"@type":"EntryPoint","urlTemplate":"https:\/\/distribution.audio-technica.eu\/es-es\/?s={search_term_string}"},"query-input":{"@type":"PropertyValueSpecification","valueRequired":true,"valueName":"search_term_string"}}],"inLanguage":"es"}]}},"_links":{"self":[{"href":"https:\/\/distribution.audio-technica.eu\/es-es\/wp-json\/wp\/v2\/product\/22839","targetHints":{"allow":["GET"]}}],"collection":[{"href":"https:\/\/distribution.audio-technica.eu\/es-es\/wp-json\/wp\/v2\/product"}],"about":[{"href":"https:\/\/distribution.audio-technica.eu\/es-es\/wp-json\/wp\/v2\/types\/product"}],"wp:featuredmedia":[{"embeddable":true,"href":"https:\/\/distribution.audio-technica.eu\/es-es\/wp-json\/wp\/v2\/media\/40836"}],"wp:attachment":[{"href":"https:\/\/distribution.audio-technica.eu\/es-es\/wp-json\/wp\/v2\/media?parent=22839"}],"wp:term":[{"taxonomy":"product_brand","embeddable":true,"href":"https:\/\/distribution.audio-technica.eu\/es-es\/wp-json\/wp\/v2\/product_brand?post=22839"},{"taxonomy":"product_cat","embeddable":true,"href":"https:\/\/distribution.audio-technica.eu\/es-es\/wp-json\/wp\/v2\/product_cat?post=22839"},{"taxonomy":"product_tag","embeddable":true,"href":"https:\/\/distribution.audio-technica.eu\/es-es\/wp-json\/wp\/v2\/product_tag?post=22839"}],"curies":[{"name":"wp","href":"https:\/\/api.w.org\/{rel}","templated":true}]}}