{"id":22840,"date":"2021-01-07T18:47:32","date_gmt":"2021-01-07T17:47:32","guid":{"rendered":"https:\/\/atdb-production.studiograft.dev\/es\/?post_type=product&#038;p=22840"},"modified":"2026-02-19T14:44:25","modified_gmt":"2026-02-19T13:44:25","slug":"evo-srb","status":"publish","type":"product","link":"https:\/\/distribution.audio-technica.eu\/es-es\/productos\/evo-srb\/","title":{"rendered":"EVO Start Recording Bundle"},"content":{"rendered":"<h2>EVO Start Recording Bundle<\/h2>\n<h3>Kit de grabaci\u00f3n b\u00e1sico<\/h3>\n<p>Para iniciarse al mundo de la grabaci\u00f3n de audio el EVO Start Recording Bundle es una soluci\u00f3n profesional, potente y vers\u00e1til para la grabaci\u00f3n en casa. Incluye un interfaz de audio EVO 4, un micr\u00f3fono de condensador SR1 con soporte antivibraci\u00f3n, auriculares de monitoraje SR2000 y un cable XLR balanceado. El Start Recording Bundle permite experimentar una combinaci\u00f3n de prestaciones de audio excepcional y una tecnolog\u00eda innovadora para asegurar la obtenci\u00f3n de grabaciones con calidad de estudio desde el principio.<\/p>\n<p>&nbsp;<\/p>\n<h4>Interface de audio <a href=\"https:\/\/distribution.audio-technica.eu\/es\/product\/evo-4\/\" target=\"_blank\" rel=\"noopener noreferrer\">EVO 4<\/a><\/h4>\n<p>Capture sus micr\u00f3fonos e instrumentos grabando audio directamente en su ordenador con el conjunto de funciones intuitivas de EVO 4. Combinando unas altas especificaciones t\u00e9cnicas con un rendimiento y una calidad de sonido asombrosos, EVO 4 es la interfaz definitiva para principiantes y profesionales.<\/p>\n<p>Evo 4 incorpora previos de micr\u00f3fono basados en los m\u00e1s de 20 a\u00f1os de experiencia en dise\u00f1o de audio de Audient, para obtener una calidad de audio inigualable ofreciendo un sonido limpio, c\u00e1lido y preciso, con 58dB de rango de ganancia.<\/p>\n<p>El modo Smartgain permite capturarlo todo perfectamente. Empiece a tocar, cantar o hablar y Smartgain establecer\u00e1 autom\u00e1ticamente el nivel de sus micr\u00f3fonos. Perfecto para principiantes.<\/p>\n<p>Compatible con dispositivos iOS y sin necesidad de alimentaci\u00f3n externa, EVO 4 realmente permite grabar en cualquier lugar.<\/p>\n<p>Audio Loop-back permite grabar el audio del ordenador al mismo tiempo que el de los micr\u00f3fonos. Ideal para creadores de contenido, podcasters y streamers.<\/p>\n<ul>\n<li>Grabar el audio del ordenador<\/li>\n<li>Grabar videollamadas de invitados<\/li>\n<li>Grabar podcasts<\/li>\n<li>Grabar audio de videojuegos<\/li>\n<\/ul>\n<p>&nbsp;<\/p>\n<h4>Micr\u00f3fono de condensador SR1<\/h4>\n<p>El micr\u00f3fono de condensador SR1 captura todos los detalles y matices de la interpretaci\u00f3n durante la grabaci\u00f3n. Su dise\u00f1o de gran diafragma y su naturaleza vers\u00e1til permiten grabaciones con calidad de estudio sin importar la fuente.<\/p>\n<p>&nbsp;<\/p>\n<h4>Auriculares de monitorizaci\u00f3n SR2000<\/h4>\n<p>Los auriculares de monitorizaci\u00f3n SR2000 no solo ofrecen un rendimiento de audio superior, sino que han sido dise\u00f1ados para proporcionar una comodidad duradera. Los transductores de neodimio de 40 mm ofrecen precisi\u00f3n y claridad de manera constante donde m\u00e1s se necesita, lo que ayuda a tomar las decisiones sonoras correctas al grabar y mezclar.<\/p>\n<p>&nbsp;<\/p>\n<h4>Software y plugins totalmente gratis<\/h4>\n<p>Junto con un paquete gratuito de software creativo que incluye Cubase LE y Cubasis LE para iOS, se puede comenzar a grabar tan pronto como se abra la caja.<\/p>\n<p>&nbsp;<\/p>\n<ul>\n<li>1 Interface de audio EVO 4<\/li>\n<li>1 Micr\u00f3fono de condensador SR1<\/li>\n<li>1 Auriculares de monitorizaci\u00f3n SR2000<\/li>\n<li>1 Soporte antivibraci\u00f3n<\/li>\n<li>1 Cable XLR<\/li>\n<li>Software y plugins totalmente gratis<\/li>\n<li>Compatible iOS<\/li>\n<\/ul>\n","protected":false},"excerpt":{"rendered":"<h3>Kit de grabaci\u00f3n b\u00e1sico<\/h3>\n<ul>\n<li>1 Interface de audio EVO 4<\/li>\n<li>1 Micr\u00f3fono de condensador SR1<\/li>\n<li>1 Auriculares de monitorizaci\u00f3n SR2000<\/li>\n<li>1 Soporte antivibraci\u00f3n<\/li>\n<li>1 Cable XLR<\/li>\n<li>Software y plugins totalmente gratis<\/li>\n<li>Compatible iOS<\/li>\n<\/ul>\n<p>&nbsp;<\/p>\n<p>&nbsp;<\/p>\n","protected":false},"featured_media":22843,"template":"","meta":{"_acf_changed":false},"product_brand":[],"product_cat":[1316,1313,2169],"product_tag":[],"class_list":{"0":"post-22840","1":"product","2":"type-product","3":"status-publish","4":"has-post-thumbnail","6":"product_cat-interfaces-de-audio","7":"product_cat-por-series-audient","8":"product_cat-serie-evo","9":"product_series-serie-evo","11":"first","12":"instock","13":"shipping-taxable","14":"product-type-simple"},"acf":[],"yoast_head":"<!-- This site is optimized with the Yoast SEO plugin v27.1.1 - https:\/\/yoast.com\/product\/yoast-seo-wordpress\/ -->\n<title>EVO Start Recording Bundle - Audio-Technica Iberia<\/title>\n<meta name=\"robots\" content=\"index, follow, max-snippet:-1, max-image-preview:large, max-video-preview:-1\" \/>\n<link rel=\"canonical\" href=\"https:\/\/distribution.audio-technica.eu\/es-es\/productos\/evo-srb\/\" \/>\n<meta property=\"og:locale\" content=\"es_ES\" \/>\n<meta property=\"og:type\" content=\"article\" \/>\n<meta property=\"og:title\" content=\"EVO Start Recording Bundle - Audio-Technica Iberia\" \/>\n<meta property=\"og:description\" content=\"Kit de grabaci\u00f3n b\u00e1sico   1 Interface de audio EVO 4  1 Micr\u00f3fono de condensador SR1  1 Auriculares de monitorizaci\u00f3n SR2000  1 Soporte antivibraci\u00f3n  1 Cable XLR  Software y plugins totalmente gratis  Compatible iOS  &nbsp;  &nbsp;\" \/>\n<meta property=\"og:url\" content=\"https:\/\/distribution.audio-technica.eu\/es-es\/productos\/evo-srb\/\" \/>\n<meta property=\"og:site_name\" content=\"Audio-Technica Iberia\" \/>\n<meta property=\"article:modified_time\" content=\"2026-02-19T13:44:25+00:00\" \/>\n<meta property=\"og:image\" content=\"https:\/\/distribution.audio-technica.eu\/app\/uploads\/sites\/2\/EVO-SRB-Artistic-1.jpg\" \/>\n\t<meta property=\"og:image:width\" content=\"1000\" \/>\n\t<meta property=\"og:image:height\" content=\"1000\" \/>\n\t<meta property=\"og:image:type\" content=\"image\/jpeg\" \/>\n<meta name=\"twitter:card\" content=\"summary_large_image\" \/>\n<meta name=\"twitter:label1\" content=\"Tiempo de lectura\" \/>\n\t<meta name=\"twitter:data1\" content=\"3 minutos\" \/>\n<script type=\"application\/ld+json\" class=\"yoast-schema-graph\">{\"@context\":\"https:\/\/schema.org\",\"@graph\":[{\"@type\":\"WebPage\",\"@id\":\"https:\/\/distribution.audio-technica.eu\/es-es\/productos\/evo-srb\/\",\"url\":\"https:\/\/distribution.audio-technica.eu\/es-es\/productos\/evo-srb\/\",\"name\":\"EVO Start Recording Bundle - Audio-Technica Iberia\",\"isPartOf\":{\"@id\":\"https:\/\/distribution.audio-technica.eu\/es-es\/#website\"},\"primaryImageOfPage\":{\"@id\":\"https:\/\/distribution.audio-technica.eu\/es-es\/productos\/evo-srb\/#primaryimage\"},\"image\":{\"@id\":\"https:\/\/distribution.audio-technica.eu\/es-es\/productos\/evo-srb\/#primaryimage\"},\"thumbnailUrl\":\"\/app\/uploads\/sites\/2\/EVO-SRB-Artistic-1.jpg\",\"datePublished\":\"2021-01-07T17:47:32+00:00\",\"dateModified\":\"2026-02-19T13:44:25+00:00\",\"breadcrumb\":{\"@id\":\"https:\/\/distribution.audio-technica.eu\/es-es\/productos\/evo-srb\/#breadcrumb\"},\"inLanguage\":\"es\",\"potentialAction\":[{\"@type\":\"ReadAction\",\"target\":[\"https:\/\/distribution.audio-technica.eu\/es-es\/productos\/evo-srb\/\"]}]},{\"@type\":\"ImageObject\",\"inLanguage\":\"es\",\"@id\":\"https:\/\/distribution.audio-technica.eu\/es-es\/productos\/evo-srb\/#primaryimage\",\"url\":\"\/app\/uploads\/sites\/2\/EVO-SRB-Artistic-1.jpg\",\"contentUrl\":\"\/app\/uploads\/sites\/2\/EVO-SRB-Artistic-1.jpg\",\"width\":1000,\"height\":1000},{\"@type\":\"BreadcrumbList\",\"@id\":\"https:\/\/distribution.audio-technica.eu\/es-es\/productos\/evo-srb\/#breadcrumb\",\"itemListElement\":[{\"@type\":\"ListItem\",\"position\":1,\"name\":\"Products\",\"item\":\"https:\/\/distribution.audio-technica.eu\/es-es\/\"},{\"@type\":\"ListItem\",\"position\":2,\"name\":\"Productos\",\"item\":\"https:\/\/distribution.audio-technica.eu\/es-es\/productos\/\"},{\"@type\":\"ListItem\",\"position\":3,\"name\":\"EVO Start Recording Bundle\"}]},{\"@type\":\"WebSite\",\"@id\":\"https:\/\/distribution.audio-technica.eu\/es-es\/#website\",\"url\":\"https:\/\/distribution.audio-technica.eu\/es-es\/\",\"name\":\"Audio-Technica Iberia\",\"description\":\"Distribuci\u00f3n\",\"potentialAction\":[{\"@type\":\"SearchAction\",\"target\":{\"@type\":\"EntryPoint\",\"urlTemplate\":\"https:\/\/distribution.audio-technica.eu\/es-es\/?s={search_term_string}\"},\"query-input\":{\"@type\":\"PropertyValueSpecification\",\"valueRequired\":true,\"valueName\":\"search_term_string\"}}],\"inLanguage\":\"es\"}]}<\/script>\n<!-- \/ Yoast SEO plugin. -->","yoast_head_json":{"title":"EVO Start Recording Bundle - Audio-Technica Iberia","robots":{"index":"index","follow":"follow","max-snippet":"max-snippet:-1","max-image-preview":"max-image-preview:large","max-video-preview":"max-video-preview:-1"},"canonical":"https:\/\/distribution.audio-technica.eu\/es-es\/productos\/evo-srb\/","og_locale":"es_ES","og_type":"article","og_title":"EVO Start Recording Bundle - Audio-Technica Iberia","og_description":"Kit de grabaci\u00f3n b\u00e1sico   1 Interface de audio EVO 4  1 Micr\u00f3fono de condensador SR1  1 Auriculares de monitorizaci\u00f3n SR2000  1 Soporte antivibraci\u00f3n  1 Cable XLR  Software y plugins totalmente gratis  Compatible iOS  &nbsp;  &nbsp;","og_url":"https:\/\/distribution.audio-technica.eu\/es-es\/productos\/evo-srb\/","og_site_name":"Audio-Technica Iberia","article_modified_time":"2026-02-19T13:44:25+00:00","og_image":[{"width":1000,"height":1000,"url":"https:\/\/distribution.audio-technica.eu\/app\/uploads\/sites\/2\/EVO-SRB-Artistic-1.jpg","type":"image\/jpeg"}],"twitter_card":"summary_large_image","twitter_misc":{"Tiempo de lectura":"3 minutos"},"schema":{"@context":"https:\/\/schema.org","@graph":[{"@type":"WebPage","@id":"https:\/\/distribution.audio-technica.eu\/es-es\/productos\/evo-srb\/","url":"https:\/\/distribution.audio-technica.eu\/es-es\/productos\/evo-srb\/","name":"EVO Start Recording Bundle - Audio-Technica Iberia","isPartOf":{"@id":"https:\/\/distribution.audio-technica.eu\/es-es\/#website"},"primaryImageOfPage":{"@id":"https:\/\/distribution.audio-technica.eu\/es-es\/productos\/evo-srb\/#primaryimage"},"image":{"@id":"https:\/\/distribution.audio-technica.eu\/es-es\/productos\/evo-srb\/#primaryimage"},"thumbnailUrl":"\/app\/uploads\/sites\/2\/EVO-SRB-Artistic-1.jpg","datePublished":"2021-01-07T17:47:32+00:00","dateModified":"2026-02-19T13:44:25+00:00","breadcrumb":{"@id":"https:\/\/distribution.audio-technica.eu\/es-es\/productos\/evo-srb\/#breadcrumb"},"inLanguage":"es","potentialAction":[{"@type":"ReadAction","target":["https:\/\/distribution.audio-technica.eu\/es-es\/productos\/evo-srb\/"]}]},{"@type":"ImageObject","inLanguage":"es","@id":"https:\/\/distribution.audio-technica.eu\/es-es\/productos\/evo-srb\/#primaryimage","url":"\/app\/uploads\/sites\/2\/EVO-SRB-Artistic-1.jpg","contentUrl":"\/app\/uploads\/sites\/2\/EVO-SRB-Artistic-1.jpg","width":1000,"height":1000},{"@type":"BreadcrumbList","@id":"https:\/\/distribution.audio-technica.eu\/es-es\/productos\/evo-srb\/#breadcrumb","itemListElement":[{"@type":"ListItem","position":1,"name":"Products","item":"https:\/\/distribution.audio-technica.eu\/es-es\/"},{"@type":"ListItem","position":2,"name":"Productos","item":"https:\/\/distribution.audio-technica.eu\/es-es\/productos\/"},{"@type":"ListItem","position":3,"name":"EVO Start Recording Bundle"}]},{"@type":"WebSite","@id":"https:\/\/distribution.audio-technica.eu\/es-es\/#website","url":"https:\/\/distribution.audio-technica.eu\/es-es\/","name":"Audio-Technica Iberia","description":"Distribuci\u00f3n","potentialAction":[{"@type":"SearchAction","target":{"@type":"EntryPoint","urlTemplate":"https:\/\/distribution.audio-technica.eu\/es-es\/?s={search_term_string}"},"query-input":{"@type":"PropertyValueSpecification","valueRequired":true,"valueName":"search_term_string"}}],"inLanguage":"es"}]}},"_links":{"self":[{"href":"https:\/\/distribution.audio-technica.eu\/es-es\/wp-json\/wp\/v2\/product\/22840","targetHints":{"allow":["GET"]}}],"collection":[{"href":"https:\/\/distribution.audio-technica.eu\/es-es\/wp-json\/wp\/v2\/product"}],"about":[{"href":"https:\/\/distribution.audio-technica.eu\/es-es\/wp-json\/wp\/v2\/types\/product"}],"wp:featuredmedia":[{"embeddable":true,"href":"https:\/\/distribution.audio-technica.eu\/es-es\/wp-json\/wp\/v2\/media\/22843"}],"wp:attachment":[{"href":"https:\/\/distribution.audio-technica.eu\/es-es\/wp-json\/wp\/v2\/media?parent=22840"}],"wp:term":[{"taxonomy":"product_brand","embeddable":true,"href":"https:\/\/distribution.audio-technica.eu\/es-es\/wp-json\/wp\/v2\/product_brand?post=22840"},{"taxonomy":"product_cat","embeddable":true,"href":"https:\/\/distribution.audio-technica.eu\/es-es\/wp-json\/wp\/v2\/product_cat?post=22840"},{"taxonomy":"product_tag","embeddable":true,"href":"https:\/\/distribution.audio-technica.eu\/es-es\/wp-json\/wp\/v2\/product_tag?post=22840"}],"curies":[{"name":"wp","href":"https:\/\/api.w.org\/{rel}","templated":true}]}}