{"id":23253,"date":"2021-02-16T09:30:22","date_gmt":"2021-02-16T08:30:22","guid":{"rendered":"https:\/\/atdb-production.studiograft.dev\/es\/?post_type=product&#038;p=23253"},"modified":"2026-02-19T14:59:06","modified_gmt":"2026-02-19T13:59:06","slug":"torus-t1230","status":"publish","type":"product","link":"https:\/\/distribution.audio-technica.eu\/es-es\/productos\/torus-t1230\/","title":{"rendered":"TORUS T1230"},"content":{"rendered":"<h2>TORUS T1230<\/h2>\n<h3><strong>Recinto array pasivo de 12&#8243; de curvatura constante, con \u00e1ngulo fijo de 30\u00b0<\/strong><\/h3>\n<p>En aplicaciones en las que se requiere una proyecci\u00f3n de 15-30 metros, el uso de un line array convencional no siempre es una soluci\u00f3n pr\u00e1ctica, \u00f3ptima o asequible. Por otro lado, una soluci\u00f3n de fuente puntual puede no ofrecer suficiente cobertura y SPL.<\/p>\n<p>TORUS es un array de curvatura constante, dise\u00f1ado para llenar ese vac\u00edo, combinando cobertura optimizada, perfil SPL y rentabilidad.<\/p>\n<p>Cada recinto TORUS ha sido dise\u00f1ado para ofrecer un flexible patr\u00f3n de dispersi\u00f3n horizontal, y puede ser ajustado de forma manual entre 90\u00b0, 60\u00b0 o 75\u00b0 (asim\u00e9trico) por medio de su exclusiva Dynamic Horn Flare\u2122. Esto no solo permite mover y bloquear la gu\u00eda de ondas, sino que tambi\u00e9n ajusta la boca de la bocina, incluida la terminaci\u00f3n de baja difracci\u00f3n en el deflector, asegurando una geometr\u00eda correcta y un rendimiento \u00f3ptimo en cada una las configuraciones.<\/p>\n<p>La Dynamic Horn Flare\u2122 se mueve por medio de un mecanismo rotativo, accesible desde la rejilla frontal, de forma f\u00e1cil e intuitiva, dejando intacto el dise\u00f1o de la rejilla y la protecci\u00f3n de los transductores.<\/p>\n<p>T1230 ofrece un patr\u00f3n vertical de 30\u00b0, con un patr\u00f3n horizontal flexible que puede ser ajustado manualmente entre 90\u00b0, 60\u00b0 o 75\u00b0 (asim\u00e9trico) por medio del Dynamic Horn Flare\u2122.<\/p>\n<p>Dispone de un corrector de fase montado en el frontal del transductor de neodimio de 12\u201d, que aumenta la sensibilidad en frecuencias medias; \u00e9ste, junto con tres transductores HF de compresi\u00f3n de 1,4\u201d y c\u00fapula de pol\u00edmero, hace posible que el rendimiento sonoro no se vea comprometido, incluso cuando se trabaja con elevados niveles SPL. Incorpora dos conectores NL4 con configuraci\u00f3n pasiva usando los pins 1+ 1- o 2+ 2-, seleccionado a trav\u00e9s de un conmutador montado en el panel posterior. Los recintos est\u00e1n construidos con madera laminada y est\u00e1n acabados con una resistente pintura Warnex. Tambi\u00e9n disponen de asas estrat\u00e9gicamente colocadas para facilitar su manipulaci\u00f3n e instalaci\u00f3n. Su sistema integrado de elevaci\u00f3n es adecuado tanto para instalaci\u00f3n fija como para giras, y soporta configuraciones de array de hasta 180\u00ba, con un marco de elevaci\u00f3n capaz de soportar hasta seis recintos en orientaci\u00f3n vertical. Tambi\u00e9n cuenta con fijaci\u00f3n para un accesorio de montaje de m\u00e1stil, aumentando considerablemente su flexibilidad en cuanto a instalaci\u00f3n.<\/p>\n<p>El T1230 puede ser complementado con los subgraves SX e integrarse totalmente con el subgrave cardioide SXCF118 para aplicaciones voladas o apiladas.<\/p>\n<p>Cuando se utiliza en combinaci\u00f3n con los amplificadores iKON de Martin Audio, que soportan VUNET y Dante\u00ae, el T1215 puede ser modelado en 3D y optimizado usando DISPLAY 3, permitiendo disponer de diferentes resoluciones y optimizando autom\u00e1ticamente el filtrado para conseguir una cobertura definida y constante.<\/p>\n<p>Disponible en negro (T1230B) o blanco (T1230W).<\/p>\n<p>&nbsp;<\/p>\n<p><strong>Caracter\u00edsticas Principales<\/strong><\/p>\n<ul>\n<li>1 x 12\u201d (300mm), y 3 x 1.4\u201d (35mm) transductores HF<\/li>\n<li>Recinto array pasivo de \u00e1ngulo fijo con patr\u00f3n de dispersi\u00f3n vertical de 30\u00b0<\/li>\n<li>Dynamic Horn Flare\u2122 ajustable manualmente (entre 60\u00b0, 90\u00b0 o 75\u00b0 asim\u00e9trico) para obtener un patr\u00f3n horizontal flexible<\/li>\n<li>Correcci\u00f3n de fase para aumentar la sensibilidad en medios<\/li>\n<li>Cobertura optimizada a trav\u00e9s de DISPLAY 3 y amplificado con amplificadores iKON<\/li>\n<li>Sistema Plug-and-play, r\u00e1pida configuraci\u00f3n y f\u00e1cil volado<\/li>\n<\/ul>\n<p>&nbsp;<\/p>\n<p><strong>Aplicaciones<\/strong><\/p>\n<ul>\n<li>Optimizado para aplicaciones de proyecci\u00f3n corta-media en sonorizaci\u00f3n en directo e instalaciones<\/li>\n<li>Fills, sistemas distribuidos y clusters centrales<\/li>\n<\/ul>\n<p>&nbsp;<\/p>\n","protected":false},"excerpt":{"rendered":"<h3><strong>Recinto array pasivo de 12&#8243; de curvatura constante, con \u00e1ngulo fijo de 30\u00b0<\/strong><\/h3>\n<ul>\n<li>Patr\u00f3n vertical de 30\u00ba<\/li>\n<li>Patr\u00f3n horizontal flexible, ajustable 90\u00b0, 60\u00b0 o 75\u00b0 a trav\u00e9s de Dynamic Horn Flare\u2122<\/li>\n<li>1 transductor LF de 12\u201d, 3 transductores HF de 1,4\u201d<\/li>\n<li>Correcci\u00f3n de fase para medios<\/li>\n<\/ul>\n<p>&nbsp;<\/p>\n","protected":false},"featured_media":23245,"template":"","meta":{"_acf_changed":false},"product_brand":[],"product_cat":[2083,2087,2084,2095,2085,2266],"product_tag":[],"class_list":{"0":"post-23253","1":"product","2":"type-product","3":"status-publish","4":"has-post-thumbnail","6":"product_cat-sistemas-sonido-directo","7":"product_cat-line-arrays-pasivos","8":"product_cat-sistemas-instalacion","9":"product_cat-line-arrays-pasivos-sistemas-instalacion","10":"product_cat-por-series-martin-audio","11":"product_cat-serie-torus","12":"product_series-serie-torus","14":"first","15":"instock","16":"shipping-taxable","17":"product-type-simple"},"acf":[],"yoast_head":"<!-- This site is optimized with the Yoast SEO plugin v27.1.1 - https:\/\/yoast.com\/product\/yoast-seo-wordpress\/ -->\n<title>TORUS T1230 - Audio-Technica Iberia<\/title>\n<meta name=\"robots\" content=\"index, follow, max-snippet:-1, max-image-preview:large, max-video-preview:-1\" \/>\n<link rel=\"canonical\" href=\"https:\/\/distribution.audio-technica.eu\/es-es\/productos\/torus-t1230\/\" \/>\n<meta property=\"og:locale\" content=\"es_ES\" \/>\n<meta property=\"og:type\" content=\"article\" \/>\n<meta property=\"og:title\" content=\"TORUS T1230 - Audio-Technica Iberia\" \/>\n<meta property=\"og:description\" content=\"Recinto array pasivo de 12&quot; de curvatura constante, con \u00e1ngulo fijo de 30\u00b0   Patr\u00f3n vertical de 30\u00ba  Patr\u00f3n horizontal flexible, ajustable 90\u00b0, 60\u00b0 o 75\u00b0 a trav\u00e9s de Dynamic Horn Flare\u2122  1 transductor LF de 12\u201d, 3 transductores HF de 1,4\u201d  Correcci\u00f3n de fase para medios  &nbsp;\" \/>\n<meta property=\"og:url\" content=\"https:\/\/distribution.audio-technica.eu\/es-es\/productos\/torus-t1230\/\" \/>\n<meta property=\"og:site_name\" content=\"Audio-Technica Iberia\" \/>\n<meta property=\"article:modified_time\" content=\"2026-02-19T13:59:06+00:00\" \/>\n<meta property=\"og:image\" content=\"https:\/\/distribution.audio-technica.eu\/app\/uploads\/sites\/2\/TORUS-T1230-no-grille-70.jpg\" \/>\n\t<meta property=\"og:image:width\" content=\"1000\" \/>\n\t<meta property=\"og:image:height\" content=\"1000\" \/>\n\t<meta property=\"og:image:type\" content=\"image\/jpeg\" \/>\n<meta name=\"twitter:card\" content=\"summary_large_image\" \/>\n<meta name=\"twitter:label1\" content=\"Tiempo de lectura\" \/>\n\t<meta name=\"twitter:data1\" content=\"3 minutos\" \/>\n<script type=\"application\/ld+json\" class=\"yoast-schema-graph\">{\"@context\":\"https:\/\/schema.org\",\"@graph\":[{\"@type\":\"WebPage\",\"@id\":\"https:\/\/distribution.audio-technica.eu\/es-es\/productos\/torus-t1230\/\",\"url\":\"https:\/\/distribution.audio-technica.eu\/es-es\/productos\/torus-t1230\/\",\"name\":\"TORUS T1230 - Audio-Technica Iberia\",\"isPartOf\":{\"@id\":\"https:\/\/distribution.audio-technica.eu\/es-es\/#website\"},\"primaryImageOfPage\":{\"@id\":\"https:\/\/distribution.audio-technica.eu\/es-es\/productos\/torus-t1230\/#primaryimage\"},\"image\":{\"@id\":\"https:\/\/distribution.audio-technica.eu\/es-es\/productos\/torus-t1230\/#primaryimage\"},\"thumbnailUrl\":\"\/app\/uploads\/sites\/2\/TORUS-T1230-no-grille-70.jpg\",\"datePublished\":\"2021-02-16T08:30:22+00:00\",\"dateModified\":\"2026-02-19T13:59:06+00:00\",\"breadcrumb\":{\"@id\":\"https:\/\/distribution.audio-technica.eu\/es-es\/productos\/torus-t1230\/#breadcrumb\"},\"inLanguage\":\"es\",\"potentialAction\":[{\"@type\":\"ReadAction\",\"target\":[\"https:\/\/distribution.audio-technica.eu\/es-es\/productos\/torus-t1230\/\"]}]},{\"@type\":\"ImageObject\",\"inLanguage\":\"es\",\"@id\":\"https:\/\/distribution.audio-technica.eu\/es-es\/productos\/torus-t1230\/#primaryimage\",\"url\":\"\/app\/uploads\/sites\/2\/TORUS-T1230-no-grille-70.jpg\",\"contentUrl\":\"\/app\/uploads\/sites\/2\/TORUS-T1230-no-grille-70.jpg\",\"width\":1000,\"height\":1000},{\"@type\":\"BreadcrumbList\",\"@id\":\"https:\/\/distribution.audio-technica.eu\/es-es\/productos\/torus-t1230\/#breadcrumb\",\"itemListElement\":[{\"@type\":\"ListItem\",\"position\":1,\"name\":\"Products\",\"item\":\"https:\/\/distribution.audio-technica.eu\/es-es\/\"},{\"@type\":\"ListItem\",\"position\":2,\"name\":\"Productos\",\"item\":\"https:\/\/distribution.audio-technica.eu\/es-es\/productos\/\"},{\"@type\":\"ListItem\",\"position\":3,\"name\":\"TORUS T1230\"}]},{\"@type\":\"WebSite\",\"@id\":\"https:\/\/distribution.audio-technica.eu\/es-es\/#website\",\"url\":\"https:\/\/distribution.audio-technica.eu\/es-es\/\",\"name\":\"Audio-Technica Iberia\",\"description\":\"Distribuci\u00f3n\",\"potentialAction\":[{\"@type\":\"SearchAction\",\"target\":{\"@type\":\"EntryPoint\",\"urlTemplate\":\"https:\/\/distribution.audio-technica.eu\/es-es\/?s={search_term_string}\"},\"query-input\":{\"@type\":\"PropertyValueSpecification\",\"valueRequired\":true,\"valueName\":\"search_term_string\"}}],\"inLanguage\":\"es\"}]}<\/script>\n<!-- \/ Yoast SEO plugin. -->","yoast_head_json":{"title":"TORUS T1230 - Audio-Technica Iberia","robots":{"index":"index","follow":"follow","max-snippet":"max-snippet:-1","max-image-preview":"max-image-preview:large","max-video-preview":"max-video-preview:-1"},"canonical":"https:\/\/distribution.audio-technica.eu\/es-es\/productos\/torus-t1230\/","og_locale":"es_ES","og_type":"article","og_title":"TORUS T1230 - Audio-Technica Iberia","og_description":"Recinto array pasivo de 12\" de curvatura constante, con \u00e1ngulo fijo de 30\u00b0   Patr\u00f3n vertical de 30\u00ba  Patr\u00f3n horizontal flexible, ajustable 90\u00b0, 60\u00b0 o 75\u00b0 a trav\u00e9s de Dynamic Horn Flare\u2122  1 transductor LF de 12\u201d, 3 transductores HF de 1,4\u201d  Correcci\u00f3n de fase para medios  &nbsp;","og_url":"https:\/\/distribution.audio-technica.eu\/es-es\/productos\/torus-t1230\/","og_site_name":"Audio-Technica Iberia","article_modified_time":"2026-02-19T13:59:06+00:00","og_image":[{"width":1000,"height":1000,"url":"https:\/\/distribution.audio-technica.eu\/app\/uploads\/sites\/2\/TORUS-T1230-no-grille-70.jpg","type":"image\/jpeg"}],"twitter_card":"summary_large_image","twitter_misc":{"Tiempo de lectura":"3 minutos"},"schema":{"@context":"https:\/\/schema.org","@graph":[{"@type":"WebPage","@id":"https:\/\/distribution.audio-technica.eu\/es-es\/productos\/torus-t1230\/","url":"https:\/\/distribution.audio-technica.eu\/es-es\/productos\/torus-t1230\/","name":"TORUS T1230 - Audio-Technica Iberia","isPartOf":{"@id":"https:\/\/distribution.audio-technica.eu\/es-es\/#website"},"primaryImageOfPage":{"@id":"https:\/\/distribution.audio-technica.eu\/es-es\/productos\/torus-t1230\/#primaryimage"},"image":{"@id":"https:\/\/distribution.audio-technica.eu\/es-es\/productos\/torus-t1230\/#primaryimage"},"thumbnailUrl":"\/app\/uploads\/sites\/2\/TORUS-T1230-no-grille-70.jpg","datePublished":"2021-02-16T08:30:22+00:00","dateModified":"2026-02-19T13:59:06+00:00","breadcrumb":{"@id":"https:\/\/distribution.audio-technica.eu\/es-es\/productos\/torus-t1230\/#breadcrumb"},"inLanguage":"es","potentialAction":[{"@type":"ReadAction","target":["https:\/\/distribution.audio-technica.eu\/es-es\/productos\/torus-t1230\/"]}]},{"@type":"ImageObject","inLanguage":"es","@id":"https:\/\/distribution.audio-technica.eu\/es-es\/productos\/torus-t1230\/#primaryimage","url":"\/app\/uploads\/sites\/2\/TORUS-T1230-no-grille-70.jpg","contentUrl":"\/app\/uploads\/sites\/2\/TORUS-T1230-no-grille-70.jpg","width":1000,"height":1000},{"@type":"BreadcrumbList","@id":"https:\/\/distribution.audio-technica.eu\/es-es\/productos\/torus-t1230\/#breadcrumb","itemListElement":[{"@type":"ListItem","position":1,"name":"Products","item":"https:\/\/distribution.audio-technica.eu\/es-es\/"},{"@type":"ListItem","position":2,"name":"Productos","item":"https:\/\/distribution.audio-technica.eu\/es-es\/productos\/"},{"@type":"ListItem","position":3,"name":"TORUS T1230"}]},{"@type":"WebSite","@id":"https:\/\/distribution.audio-technica.eu\/es-es\/#website","url":"https:\/\/distribution.audio-technica.eu\/es-es\/","name":"Audio-Technica Iberia","description":"Distribuci\u00f3n","potentialAction":[{"@type":"SearchAction","target":{"@type":"EntryPoint","urlTemplate":"https:\/\/distribution.audio-technica.eu\/es-es\/?s={search_term_string}"},"query-input":{"@type":"PropertyValueSpecification","valueRequired":true,"valueName":"search_term_string"}}],"inLanguage":"es"}]}},"_links":{"self":[{"href":"https:\/\/distribution.audio-technica.eu\/es-es\/wp-json\/wp\/v2\/product\/23253","targetHints":{"allow":["GET"]}}],"collection":[{"href":"https:\/\/distribution.audio-technica.eu\/es-es\/wp-json\/wp\/v2\/product"}],"about":[{"href":"https:\/\/distribution.audio-technica.eu\/es-es\/wp-json\/wp\/v2\/types\/product"}],"wp:featuredmedia":[{"embeddable":true,"href":"https:\/\/distribution.audio-technica.eu\/es-es\/wp-json\/wp\/v2\/media\/23245"}],"wp:attachment":[{"href":"https:\/\/distribution.audio-technica.eu\/es-es\/wp-json\/wp\/v2\/media?parent=23253"}],"wp:term":[{"taxonomy":"product_brand","embeddable":true,"href":"https:\/\/distribution.audio-technica.eu\/es-es\/wp-json\/wp\/v2\/product_brand?post=23253"},{"taxonomy":"product_cat","embeddable":true,"href":"https:\/\/distribution.audio-technica.eu\/es-es\/wp-json\/wp\/v2\/product_cat?post=23253"},{"taxonomy":"product_tag","embeddable":true,"href":"https:\/\/distribution.audio-technica.eu\/es-es\/wp-json\/wp\/v2\/product_tag?post=23253"}],"curies":[{"name":"wp","href":"https:\/\/api.w.org\/{rel}","templated":true}]}}