{"id":23517,"date":"2021-04-20T07:00:19","date_gmt":"2021-04-20T05:00:19","guid":{"rendered":"https:\/\/atdb-production.studiograft.dev\/es\/?post_type=product&#038;p=23517"},"modified":"2026-02-19T15:02:27","modified_gmt":"2026-02-19T14:02:27","slug":"zone-8","status":"publish","type":"product","link":"https:\/\/distribution.audio-technica.eu\/es-es\/productos\/zone-8\/","title":{"rendered":"Zone 8"},"content":{"rendered":"<h2>Zone 8<\/h2>\n<h3>Controlador de audio de 8 zonas, con DSP y WebApp<\/h3>\n<p>La flexibilidad y la facilidad de uso son valores fundamentales de Optimal Audio y la serie Zone ha sido creada para facilitar el acceso a los controles diarios.<\/p>\n<p>Zone 8 permite al usuario asignar independientemente diferentes fuentes en ocho zonas configurables, que pueden ser cualquiera, desde el bar, la parte trasera de la casa o el vest\u00edbulo hasta el restaurante, la cocina o la zona de trabajo.<\/p>\n<p>Zone 8 es el coraz\u00f3n de cualquier sistema de sonido, gestionando la se\u00f1al de audio para ocho zonas. Utilizando la intuitiva WebApp, cada zona puede ser configurada para hacer exactamente lo que se necesita. Dispone de 4 entradas de l\u00ednea y 2 entradas de micr\u00f3fono, adem\u00e1s de 2 entradas HDMI para sonido de v\u00eddeo y TV.<\/p>\n<p>Zone 8 ha sido dise\u00f1ado para trabajar sin problemas con otros productos de la gama ofrecida por Optimal Audio y, cuando se asocia con nuestros ZonePads y la serie SmartAmp, proporciona un sistema de audio simple, intuitivo y rentable, con una calidad de sonido excepcional.<\/p>\n<p>Zone es una serie de controladores de audio por zonas, equipados con DSP y que permiten una configuraci\u00f3n avanzada a trav\u00e9s de WebApp.<\/p>\n<p>Los controladores de la Serie Zone son f\u00e1ciles de instalar, de manejo intuitivo, y se presentan en versiones de 4 u 8 zonas, en versi\u00f3n amplificada y no amplificada. Pueden utilizarse en modo sobremesa o integrados en rack, y disponen de controles frontales adecuados para la selecci\u00f3n de fuentes y niveles, as\u00ed como de configuraci\u00f3n total a trav\u00e9s de WebApp. Tambi\u00e9n incluyen prioridad de alarma de emergencia.<\/p>\n<p>&nbsp;<\/p>\n<p><strong>Caracter\u00edsticas Principales<\/strong><\/p>\n<ul>\n<li>Conjunto completo de controles de audio para hasta 8 zonas<\/li>\n<li>Direccionamiento de se\u00f1al totalmente flexible<\/li>\n<li>Interface WebApp para una f\u00e1cil configuraci\u00f3n del sistema y el control diario<\/li>\n<li>Entradas para 2 micr\u00f3fonos, 4 l\u00edneas est\u00e9reo, y 2 fuentes HDMI<\/li>\n<li>F\u00e1cil ampliaci\u00f3n: crece con su negocio<\/li>\n<li>Presets y eventos temporizados totalmente programables<\/li>\n<li>Precio competitivo<\/li>\n<\/ul>\n<p>&nbsp;<\/p>\n<p><strong>Aplicaciones<\/strong><\/p>\n<p>Caf\u00e9s, bares\/restaurantes, comercios, salas para banquetes, hoteles, educaci\u00f3n, templos, oficinas corporativas, museos, gimnasios, residencial<\/p>\n","protected":false},"excerpt":{"rendered":"<h3>Controlador de audio de 8 zonas, con DSP y WebApp<\/h3>\n<ul>\n<li>Conjunto completo de controles de audio para hasta 8 zonas<\/li>\n<li>Direccionamiento de se\u00f1al totalmente flexible<\/li>\n<li>Interface WebApp para una f\u00e1cil configuraci\u00f3n del sistema y el control diario<\/li>\n<li>Entradas para 2 micr\u00f3fonos, 4 l\u00edneas est\u00e9reo, y 2 fuentes HDMI<\/li>\n<li>F\u00e1cil ampliaci\u00f3n: crece con su negocio<\/li>\n<li>Presets y eventos temporizados totalmente programables<\/li>\n<\/ul>\n<p>&nbsp;<\/p>\n","protected":false},"featured_media":23676,"template":"","meta":{"_acf_changed":false},"product_brand":[],"product_cat":[2278,2281,2282],"product_tag":[],"class_list":{"0":"post-23517","1":"product","2":"type-product","3":"status-publish","4":"has-post-thumbnail","6":"product_cat-controladores-optimal-audio","7":"product_cat-por-series-optimal-audio","8":"product_cat-serie-zone","9":"product_series-serie-zone","11":"first","12":"instock","13":"shipping-taxable","14":"product-type-simple"},"acf":[],"yoast_head":"<!-- This site is optimized with the Yoast SEO plugin v27.1.1 - https:\/\/yoast.com\/product\/yoast-seo-wordpress\/ -->\n<title>Zone 8 - Audio-Technica Iberia<\/title>\n<meta name=\"robots\" content=\"index, follow, max-snippet:-1, max-image-preview:large, max-video-preview:-1\" \/>\n<link rel=\"canonical\" href=\"https:\/\/distribution.audio-technica.eu\/es-es\/productos\/zone-8\/\" \/>\n<meta property=\"og:locale\" content=\"es_ES\" \/>\n<meta property=\"og:type\" content=\"article\" \/>\n<meta property=\"og:title\" content=\"Zone 8 - Audio-Technica Iberia\" \/>\n<meta property=\"og:description\" content=\"Controlador de audio de 8 zonas, con DSP y WebApp   Conjunto completo de controles de audio para hasta 8 zonas  Direccionamiento de se\u00f1al totalmente flexible  Interface WebApp para una f\u00e1cil configuraci\u00f3n del sistema y el control diario  Entradas para 2 micr\u00f3fonos, 4 l\u00edneas est\u00e9reo, y 2 fuentes HDMI  F\u00e1cil ampliaci\u00f3n: crece con su negocio  Presets y eventos temporizados totalmente programables  &nbsp;\" \/>\n<meta property=\"og:url\" content=\"https:\/\/distribution.audio-technica.eu\/es-es\/productos\/zone-8\/\" \/>\n<meta property=\"og:site_name\" content=\"Audio-Technica Iberia\" \/>\n<meta property=\"article:modified_time\" content=\"2026-02-19T14:02:27+00:00\" \/>\n<meta property=\"og:image\" content=\"https:\/\/distribution.audio-technica.eu\/app\/uploads\/sites\/2\/OA-Zone-8-Front-Angle-No-Ears-Cutout.jpg\" \/>\n\t<meta property=\"og:image:width\" content=\"2000\" \/>\n\t<meta property=\"og:image:height\" content=\"2000\" \/>\n\t<meta property=\"og:image:type\" content=\"image\/jpeg\" \/>\n<meta name=\"twitter:card\" content=\"summary_large_image\" \/>\n<meta name=\"twitter:label1\" content=\"Tiempo de lectura\" \/>\n\t<meta name=\"twitter:data1\" content=\"2 minutos\" \/>\n<script type=\"application\/ld+json\" class=\"yoast-schema-graph\">{\"@context\":\"https:\/\/schema.org\",\"@graph\":[{\"@type\":\"WebPage\",\"@id\":\"https:\/\/distribution.audio-technica.eu\/es-es\/productos\/zone-8\/\",\"url\":\"https:\/\/distribution.audio-technica.eu\/es-es\/productos\/zone-8\/\",\"name\":\"Zone 8 - Audio-Technica Iberia\",\"isPartOf\":{\"@id\":\"https:\/\/distribution.audio-technica.eu\/es-es\/#website\"},\"primaryImageOfPage\":{\"@id\":\"https:\/\/distribution.audio-technica.eu\/es-es\/productos\/zone-8\/#primaryimage\"},\"image\":{\"@id\":\"https:\/\/distribution.audio-technica.eu\/es-es\/productos\/zone-8\/#primaryimage\"},\"thumbnailUrl\":\"\/app\/uploads\/sites\/2\/OA-Zone-8-Front-Angle-No-Ears-Cutout.jpg\",\"datePublished\":\"2021-04-20T05:00:19+00:00\",\"dateModified\":\"2026-02-19T14:02:27+00:00\",\"breadcrumb\":{\"@id\":\"https:\/\/distribution.audio-technica.eu\/es-es\/productos\/zone-8\/#breadcrumb\"},\"inLanguage\":\"es\",\"potentialAction\":[{\"@type\":\"ReadAction\",\"target\":[\"https:\/\/distribution.audio-technica.eu\/es-es\/productos\/zone-8\/\"]}]},{\"@type\":\"ImageObject\",\"inLanguage\":\"es\",\"@id\":\"https:\/\/distribution.audio-technica.eu\/es-es\/productos\/zone-8\/#primaryimage\",\"url\":\"\/app\/uploads\/sites\/2\/OA-Zone-8-Front-Angle-No-Ears-Cutout.jpg\",\"contentUrl\":\"\/app\/uploads\/sites\/2\/OA-Zone-8-Front-Angle-No-Ears-Cutout.jpg\",\"width\":2000,\"height\":2000},{\"@type\":\"BreadcrumbList\",\"@id\":\"https:\/\/distribution.audio-technica.eu\/es-es\/productos\/zone-8\/#breadcrumb\",\"itemListElement\":[{\"@type\":\"ListItem\",\"position\":1,\"name\":\"Products\",\"item\":\"https:\/\/distribution.audio-technica.eu\/es-es\/\"},{\"@type\":\"ListItem\",\"position\":2,\"name\":\"Productos\",\"item\":\"https:\/\/distribution.audio-technica.eu\/es-es\/productos\/\"},{\"@type\":\"ListItem\",\"position\":3,\"name\":\"Zone 8\"}]},{\"@type\":\"WebSite\",\"@id\":\"https:\/\/distribution.audio-technica.eu\/es-es\/#website\",\"url\":\"https:\/\/distribution.audio-technica.eu\/es-es\/\",\"name\":\"Audio-Technica Iberia\",\"description\":\"Distribuci\u00f3n\",\"potentialAction\":[{\"@type\":\"SearchAction\",\"target\":{\"@type\":\"EntryPoint\",\"urlTemplate\":\"https:\/\/distribution.audio-technica.eu\/es-es\/?s={search_term_string}\"},\"query-input\":{\"@type\":\"PropertyValueSpecification\",\"valueRequired\":true,\"valueName\":\"search_term_string\"}}],\"inLanguage\":\"es\"}]}<\/script>\n<!-- \/ Yoast SEO plugin. -->","yoast_head_json":{"title":"Zone 8 - Audio-Technica Iberia","robots":{"index":"index","follow":"follow","max-snippet":"max-snippet:-1","max-image-preview":"max-image-preview:large","max-video-preview":"max-video-preview:-1"},"canonical":"https:\/\/distribution.audio-technica.eu\/es-es\/productos\/zone-8\/","og_locale":"es_ES","og_type":"article","og_title":"Zone 8 - Audio-Technica Iberia","og_description":"Controlador de audio de 8 zonas, con DSP y WebApp   Conjunto completo de controles de audio para hasta 8 zonas  Direccionamiento de se\u00f1al totalmente flexible  Interface WebApp para una f\u00e1cil configuraci\u00f3n del sistema y el control diario  Entradas para 2 micr\u00f3fonos, 4 l\u00edneas est\u00e9reo, y 2 fuentes HDMI  F\u00e1cil ampliaci\u00f3n: crece con su negocio  Presets y eventos temporizados totalmente programables  &nbsp;","og_url":"https:\/\/distribution.audio-technica.eu\/es-es\/productos\/zone-8\/","og_site_name":"Audio-Technica Iberia","article_modified_time":"2026-02-19T14:02:27+00:00","og_image":[{"width":2000,"height":2000,"url":"https:\/\/distribution.audio-technica.eu\/app\/uploads\/sites\/2\/OA-Zone-8-Front-Angle-No-Ears-Cutout.jpg","type":"image\/jpeg"}],"twitter_card":"summary_large_image","twitter_misc":{"Tiempo de lectura":"2 minutos"},"schema":{"@context":"https:\/\/schema.org","@graph":[{"@type":"WebPage","@id":"https:\/\/distribution.audio-technica.eu\/es-es\/productos\/zone-8\/","url":"https:\/\/distribution.audio-technica.eu\/es-es\/productos\/zone-8\/","name":"Zone 8 - Audio-Technica Iberia","isPartOf":{"@id":"https:\/\/distribution.audio-technica.eu\/es-es\/#website"},"primaryImageOfPage":{"@id":"https:\/\/distribution.audio-technica.eu\/es-es\/productos\/zone-8\/#primaryimage"},"image":{"@id":"https:\/\/distribution.audio-technica.eu\/es-es\/productos\/zone-8\/#primaryimage"},"thumbnailUrl":"\/app\/uploads\/sites\/2\/OA-Zone-8-Front-Angle-No-Ears-Cutout.jpg","datePublished":"2021-04-20T05:00:19+00:00","dateModified":"2026-02-19T14:02:27+00:00","breadcrumb":{"@id":"https:\/\/distribution.audio-technica.eu\/es-es\/productos\/zone-8\/#breadcrumb"},"inLanguage":"es","potentialAction":[{"@type":"ReadAction","target":["https:\/\/distribution.audio-technica.eu\/es-es\/productos\/zone-8\/"]}]},{"@type":"ImageObject","inLanguage":"es","@id":"https:\/\/distribution.audio-technica.eu\/es-es\/productos\/zone-8\/#primaryimage","url":"\/app\/uploads\/sites\/2\/OA-Zone-8-Front-Angle-No-Ears-Cutout.jpg","contentUrl":"\/app\/uploads\/sites\/2\/OA-Zone-8-Front-Angle-No-Ears-Cutout.jpg","width":2000,"height":2000},{"@type":"BreadcrumbList","@id":"https:\/\/distribution.audio-technica.eu\/es-es\/productos\/zone-8\/#breadcrumb","itemListElement":[{"@type":"ListItem","position":1,"name":"Products","item":"https:\/\/distribution.audio-technica.eu\/es-es\/"},{"@type":"ListItem","position":2,"name":"Productos","item":"https:\/\/distribution.audio-technica.eu\/es-es\/productos\/"},{"@type":"ListItem","position":3,"name":"Zone 8"}]},{"@type":"WebSite","@id":"https:\/\/distribution.audio-technica.eu\/es-es\/#website","url":"https:\/\/distribution.audio-technica.eu\/es-es\/","name":"Audio-Technica Iberia","description":"Distribuci\u00f3n","potentialAction":[{"@type":"SearchAction","target":{"@type":"EntryPoint","urlTemplate":"https:\/\/distribution.audio-technica.eu\/es-es\/?s={search_term_string}"},"query-input":{"@type":"PropertyValueSpecification","valueRequired":true,"valueName":"search_term_string"}}],"inLanguage":"es"}]}},"_links":{"self":[{"href":"https:\/\/distribution.audio-technica.eu\/es-es\/wp-json\/wp\/v2\/product\/23517","targetHints":{"allow":["GET"]}}],"collection":[{"href":"https:\/\/distribution.audio-technica.eu\/es-es\/wp-json\/wp\/v2\/product"}],"about":[{"href":"https:\/\/distribution.audio-technica.eu\/es-es\/wp-json\/wp\/v2\/types\/product"}],"wp:featuredmedia":[{"embeddable":true,"href":"https:\/\/distribution.audio-technica.eu\/es-es\/wp-json\/wp\/v2\/media\/23676"}],"wp:attachment":[{"href":"https:\/\/distribution.audio-technica.eu\/es-es\/wp-json\/wp\/v2\/media?parent=23517"}],"wp:term":[{"taxonomy":"product_brand","embeddable":true,"href":"https:\/\/distribution.audio-technica.eu\/es-es\/wp-json\/wp\/v2\/product_brand?post=23517"},{"taxonomy":"product_cat","embeddable":true,"href":"https:\/\/distribution.audio-technica.eu\/es-es\/wp-json\/wp\/v2\/product_cat?post=23517"},{"taxonomy":"product_tag","embeddable":true,"href":"https:\/\/distribution.audio-technica.eu\/es-es\/wp-json\/wp\/v2\/product_tag?post=23517"}],"curies":[{"name":"wp","href":"https:\/\/api.w.org\/{rel}","templated":true}]}}