{"id":23520,"date":"2021-04-20T07:00:09","date_gmt":"2021-04-20T05:00:09","guid":{"rendered":"https:\/\/atdb-production.studiograft.dev\/es\/?post_type=product&#038;p=23520"},"modified":"2026-02-19T15:02:55","modified_gmt":"2026-02-19T14:02:55","slug":"zonepad-4","status":"publish","type":"product","link":"https:\/\/distribution.audio-technica.eu\/es-es\/productos\/zonepad-4\/","title":{"rendered":"ZonePad 4"},"content":{"rendered":"<h2>ZonePad 4<\/h2>\n<h3>Controlador de 4 zonas, de montaje en pared<\/h3>\n<p>ZonePad 4 es un controlador de montaje en pared, que proporciona al usuario un acceso claro y simple a los controles esenciales de cuatro zonas en un sistema Optimal Audio.<\/p>\n<p>Permite la selecci\u00f3n y control de volumen de la fuente de reproducci\u00f3n y micr\u00f3fonos, que pueden ser f\u00e1cilmente controlados en las cuatro zonas de audio, desde un \u00fanico lugar.<\/p>\n<p>ZonePad 4 incorpora un claro, elegante e intuitivo interface t\u00e1ctil.<\/p>\n<p>ZonePad es una serie de controladores de montaje en pared, que son muy f\u00e1ciles de instalar y de manejo muy intuitivo.<\/p>\n<p>Incluyendo tanto zona \u00fanica como opci\u00f3n para 4 zonas, ZonePad es un controlador destinado a ser instalado en una pared, proporcionando al usuario un acceso claro y simple a los controles esenciales de un sistema Optimal Audio.<\/p>\n<p>ZonePad permite la selecci\u00f3n y control de volumen de la fuente en reproducci\u00f3n, as\u00ed como de un micr\u00f3fono y de una entrada de l\u00ednea mono.<\/p>\n<p>&nbsp;<\/p>\n<p><strong>Caracter\u00edsticas Principales<\/strong><\/p>\n<ul>\n<li>Control remoto de montaje en pared, para controlar hasta cuatro zonas<\/li>\n<li>Dise\u00f1o contempor\u00e1neo que combina con cualquier decoraci\u00f3n<\/li>\n<li>Panel intuitivo, con controles t\u00e1ctiles sensitivos<\/li>\n<li>F\u00e1cilmente configurable para adaptarse a su espacio<\/li>\n<li>Incluye un micr\u00f3fono local y una entrada mono para m\u00fasica<\/li>\n<li>F\u00e1cil acceso a las funciones cotidianas<\/li>\n<li>Bloqueable<\/li>\n<li>Precio competitivo<\/li>\n<\/ul>\n<p>&nbsp;<\/p>\n<p><strong>Aplicaciones<\/strong><\/p>\n<p>Caf\u00e9s, bares\/restaurantes, comercios, salas para banquetes, hoteles, educaci\u00f3n, templos, oficinas corporativas, museos, gimnasios, residencial<\/p>\n","protected":false},"excerpt":{"rendered":"<h3>Controlador de 4 zonas, de montaje en pared<\/h3>\n<ul>\n<li>Control remoto de montaje en pared, para controlar hasta cuatro zonas<\/li>\n<li>Dise\u00f1o contempor\u00e1neo que combina con cualquier decoraci\u00f3n<\/li>\n<li>Panel intuitivo, con controles t\u00e1ctiles sensitivos<\/li>\n<li>F\u00e1cilmente configurable para adaptarse a su espacio<\/li>\n<li>Incluye un micr\u00f3fono local y una entrada mono para m\u00fasica<\/li>\n<li>F\u00e1cil acceso a las funciones cotidianas<\/li>\n<\/ul>\n<p>&nbsp;<\/p>\n","protected":false},"featured_media":23667,"template":"","meta":{"_acf_changed":false},"product_brand":[],"product_cat":[2278,2281,2283],"product_tag":[],"class_list":{"0":"post-23520","1":"product","2":"type-product","3":"status-publish","4":"has-post-thumbnail","6":"product_cat-controladores-optimal-audio","7":"product_cat-por-series-optimal-audio","8":"product_cat-serie-zonepad","9":"product_series-serie-zonepad","11":"first","12":"instock","13":"shipping-taxable","14":"product-type-simple"},"acf":[],"yoast_head":"<!-- This site is optimized with the Yoast SEO plugin v27.1.1 - https:\/\/yoast.com\/product\/yoast-seo-wordpress\/ -->\n<title>ZonePad 4 - Audio-Technica Iberia<\/title>\n<meta name=\"robots\" content=\"index, follow, max-snippet:-1, max-image-preview:large, max-video-preview:-1\" \/>\n<link rel=\"canonical\" href=\"https:\/\/distribution.audio-technica.eu\/es-es\/productos\/zonepad-4\/\" \/>\n<meta property=\"og:locale\" content=\"es_ES\" \/>\n<meta property=\"og:type\" content=\"article\" \/>\n<meta property=\"og:title\" content=\"ZonePad 4 - Audio-Technica Iberia\" \/>\n<meta property=\"og:description\" content=\"Controlador de 4 zonas, de montaje en pared   Control remoto de montaje en pared, para controlar hasta cuatro zonas  Dise\u00f1o contempor\u00e1neo que combina con cualquier decoraci\u00f3n  Panel intuitivo, con controles t\u00e1ctiles sensitivos  F\u00e1cilmente configurable para adaptarse a su espacio  Incluye un micr\u00f3fono local y una entrada mono para m\u00fasica  F\u00e1cil acceso a las funciones cotidianas  &nbsp;\" \/>\n<meta property=\"og:url\" content=\"https:\/\/distribution.audio-technica.eu\/es-es\/productos\/zonepad-4\/\" \/>\n<meta property=\"og:site_name\" content=\"Audio-Technica Iberia\" \/>\n<meta property=\"article:modified_time\" content=\"2026-02-19T14:02:55+00:00\" \/>\n<meta property=\"og:image\" content=\"https:\/\/distribution.audio-technica.eu\/app\/uploads\/sites\/2\/OA-ZonePad-4-Cutout.jpg\" \/>\n\t<meta property=\"og:image:width\" content=\"2000\" \/>\n\t<meta property=\"og:image:height\" content=\"2000\" \/>\n\t<meta property=\"og:image:type\" content=\"image\/jpeg\" \/>\n<meta name=\"twitter:card\" content=\"summary_large_image\" \/>\n<meta name=\"twitter:label1\" content=\"Tiempo de lectura\" \/>\n\t<meta name=\"twitter:data1\" content=\"2 minutos\" \/>\n<script type=\"application\/ld+json\" class=\"yoast-schema-graph\">{\"@context\":\"https:\/\/schema.org\",\"@graph\":[{\"@type\":\"WebPage\",\"@id\":\"https:\/\/distribution.audio-technica.eu\/es-es\/productos\/zonepad-4\/\",\"url\":\"https:\/\/distribution.audio-technica.eu\/es-es\/productos\/zonepad-4\/\",\"name\":\"ZonePad 4 - Audio-Technica Iberia\",\"isPartOf\":{\"@id\":\"https:\/\/distribution.audio-technica.eu\/es-es\/#website\"},\"primaryImageOfPage\":{\"@id\":\"https:\/\/distribution.audio-technica.eu\/es-es\/productos\/zonepad-4\/#primaryimage\"},\"image\":{\"@id\":\"https:\/\/distribution.audio-technica.eu\/es-es\/productos\/zonepad-4\/#primaryimage\"},\"thumbnailUrl\":\"\/app\/uploads\/sites\/2\/OA-ZonePad-4-Cutout.jpg\",\"datePublished\":\"2021-04-20T05:00:09+00:00\",\"dateModified\":\"2026-02-19T14:02:55+00:00\",\"breadcrumb\":{\"@id\":\"https:\/\/distribution.audio-technica.eu\/es-es\/productos\/zonepad-4\/#breadcrumb\"},\"inLanguage\":\"es\",\"potentialAction\":[{\"@type\":\"ReadAction\",\"target\":[\"https:\/\/distribution.audio-technica.eu\/es-es\/productos\/zonepad-4\/\"]}]},{\"@type\":\"ImageObject\",\"inLanguage\":\"es\",\"@id\":\"https:\/\/distribution.audio-technica.eu\/es-es\/productos\/zonepad-4\/#primaryimage\",\"url\":\"\/app\/uploads\/sites\/2\/OA-ZonePad-4-Cutout.jpg\",\"contentUrl\":\"\/app\/uploads\/sites\/2\/OA-ZonePad-4-Cutout.jpg\",\"width\":2000,\"height\":2000},{\"@type\":\"BreadcrumbList\",\"@id\":\"https:\/\/distribution.audio-technica.eu\/es-es\/productos\/zonepad-4\/#breadcrumb\",\"itemListElement\":[{\"@type\":\"ListItem\",\"position\":1,\"name\":\"Products\",\"item\":\"https:\/\/distribution.audio-technica.eu\/es-es\/\"},{\"@type\":\"ListItem\",\"position\":2,\"name\":\"Productos\",\"item\":\"https:\/\/distribution.audio-technica.eu\/es-es\/productos\/\"},{\"@type\":\"ListItem\",\"position\":3,\"name\":\"ZonePad 4\"}]},{\"@type\":\"WebSite\",\"@id\":\"https:\/\/distribution.audio-technica.eu\/es-es\/#website\",\"url\":\"https:\/\/distribution.audio-technica.eu\/es-es\/\",\"name\":\"Audio-Technica Iberia\",\"description\":\"Distribuci\u00f3n\",\"potentialAction\":[{\"@type\":\"SearchAction\",\"target\":{\"@type\":\"EntryPoint\",\"urlTemplate\":\"https:\/\/distribution.audio-technica.eu\/es-es\/?s={search_term_string}\"},\"query-input\":{\"@type\":\"PropertyValueSpecification\",\"valueRequired\":true,\"valueName\":\"search_term_string\"}}],\"inLanguage\":\"es\"}]}<\/script>\n<!-- \/ Yoast SEO plugin. -->","yoast_head_json":{"title":"ZonePad 4 - Audio-Technica Iberia","robots":{"index":"index","follow":"follow","max-snippet":"max-snippet:-1","max-image-preview":"max-image-preview:large","max-video-preview":"max-video-preview:-1"},"canonical":"https:\/\/distribution.audio-technica.eu\/es-es\/productos\/zonepad-4\/","og_locale":"es_ES","og_type":"article","og_title":"ZonePad 4 - Audio-Technica Iberia","og_description":"Controlador de 4 zonas, de montaje en pared   Control remoto de montaje en pared, para controlar hasta cuatro zonas  Dise\u00f1o contempor\u00e1neo que combina con cualquier decoraci\u00f3n  Panel intuitivo, con controles t\u00e1ctiles sensitivos  F\u00e1cilmente configurable para adaptarse a su espacio  Incluye un micr\u00f3fono local y una entrada mono para m\u00fasica  F\u00e1cil acceso a las funciones cotidianas  &nbsp;","og_url":"https:\/\/distribution.audio-technica.eu\/es-es\/productos\/zonepad-4\/","og_site_name":"Audio-Technica Iberia","article_modified_time":"2026-02-19T14:02:55+00:00","og_image":[{"width":2000,"height":2000,"url":"https:\/\/distribution.audio-technica.eu\/app\/uploads\/sites\/2\/OA-ZonePad-4-Cutout.jpg","type":"image\/jpeg"}],"twitter_card":"summary_large_image","twitter_misc":{"Tiempo de lectura":"2 minutos"},"schema":{"@context":"https:\/\/schema.org","@graph":[{"@type":"WebPage","@id":"https:\/\/distribution.audio-technica.eu\/es-es\/productos\/zonepad-4\/","url":"https:\/\/distribution.audio-technica.eu\/es-es\/productos\/zonepad-4\/","name":"ZonePad 4 - Audio-Technica Iberia","isPartOf":{"@id":"https:\/\/distribution.audio-technica.eu\/es-es\/#website"},"primaryImageOfPage":{"@id":"https:\/\/distribution.audio-technica.eu\/es-es\/productos\/zonepad-4\/#primaryimage"},"image":{"@id":"https:\/\/distribution.audio-technica.eu\/es-es\/productos\/zonepad-4\/#primaryimage"},"thumbnailUrl":"\/app\/uploads\/sites\/2\/OA-ZonePad-4-Cutout.jpg","datePublished":"2021-04-20T05:00:09+00:00","dateModified":"2026-02-19T14:02:55+00:00","breadcrumb":{"@id":"https:\/\/distribution.audio-technica.eu\/es-es\/productos\/zonepad-4\/#breadcrumb"},"inLanguage":"es","potentialAction":[{"@type":"ReadAction","target":["https:\/\/distribution.audio-technica.eu\/es-es\/productos\/zonepad-4\/"]}]},{"@type":"ImageObject","inLanguage":"es","@id":"https:\/\/distribution.audio-technica.eu\/es-es\/productos\/zonepad-4\/#primaryimage","url":"\/app\/uploads\/sites\/2\/OA-ZonePad-4-Cutout.jpg","contentUrl":"\/app\/uploads\/sites\/2\/OA-ZonePad-4-Cutout.jpg","width":2000,"height":2000},{"@type":"BreadcrumbList","@id":"https:\/\/distribution.audio-technica.eu\/es-es\/productos\/zonepad-4\/#breadcrumb","itemListElement":[{"@type":"ListItem","position":1,"name":"Products","item":"https:\/\/distribution.audio-technica.eu\/es-es\/"},{"@type":"ListItem","position":2,"name":"Productos","item":"https:\/\/distribution.audio-technica.eu\/es-es\/productos\/"},{"@type":"ListItem","position":3,"name":"ZonePad 4"}]},{"@type":"WebSite","@id":"https:\/\/distribution.audio-technica.eu\/es-es\/#website","url":"https:\/\/distribution.audio-technica.eu\/es-es\/","name":"Audio-Technica Iberia","description":"Distribuci\u00f3n","potentialAction":[{"@type":"SearchAction","target":{"@type":"EntryPoint","urlTemplate":"https:\/\/distribution.audio-technica.eu\/es-es\/?s={search_term_string}"},"query-input":{"@type":"PropertyValueSpecification","valueRequired":true,"valueName":"search_term_string"}}],"inLanguage":"es"}]}},"_links":{"self":[{"href":"https:\/\/distribution.audio-technica.eu\/es-es\/wp-json\/wp\/v2\/product\/23520","targetHints":{"allow":["GET"]}}],"collection":[{"href":"https:\/\/distribution.audio-technica.eu\/es-es\/wp-json\/wp\/v2\/product"}],"about":[{"href":"https:\/\/distribution.audio-technica.eu\/es-es\/wp-json\/wp\/v2\/types\/product"}],"wp:featuredmedia":[{"embeddable":true,"href":"https:\/\/distribution.audio-technica.eu\/es-es\/wp-json\/wp\/v2\/media\/23667"}],"wp:attachment":[{"href":"https:\/\/distribution.audio-technica.eu\/es-es\/wp-json\/wp\/v2\/media?parent=23520"}],"wp:term":[{"taxonomy":"product_brand","embeddable":true,"href":"https:\/\/distribution.audio-technica.eu\/es-es\/wp-json\/wp\/v2\/product_brand?post=23520"},{"taxonomy":"product_cat","embeddable":true,"href":"https:\/\/distribution.audio-technica.eu\/es-es\/wp-json\/wp\/v2\/product_cat?post=23520"},{"taxonomy":"product_tag","embeddable":true,"href":"https:\/\/distribution.audio-technica.eu\/es-es\/wp-json\/wp\/v2\/product_tag?post=23520"}],"curies":[{"name":"wp","href":"https:\/\/api.w.org\/{rel}","templated":true}]}}