{"id":23521,"date":"2021-04-20T07:00:54","date_gmt":"2021-04-20T05:00:54","guid":{"rendered":"https:\/\/atdb-production.studiograft.dev\/es\/?post_type=product&#038;p=23521"},"modified":"2026-02-19T15:01:10","modified_gmt":"2026-02-19T14:01:10","slug":"webapp","status":"publish","type":"product","link":"https:\/\/distribution.audio-technica.eu\/es-es\/productos\/webapp\/","title":{"rendered":"WebApp"},"content":{"rendered":"<h2>WebApp<\/h2>\n<h3>Aplicaci\u00f3n de control multiplataforma para la serie Zone<\/h3>\n<p>Tradicionalmente, el control y manejo de los sistemas de sonido comerciales ha sido un complejo inconveniente para muchos usuarios, que solo desean que el sistema funciones correctamente. La combinaci\u00f3n de WebApp y ZonePad con la serie Zone pone en sus manos un control f\u00e1cil e intuitivo.<\/p>\n<p>WebApp ha sido dise\u00f1ado cuidadosamente para llevar a su smartphone, tableta o port\u00e1til las funciones esenciales y el funcionamiento cotidiano de su sistema de sonido. Con elegantes controles optimizados para pantalla t\u00e1ctil, WebApp est\u00e1 dise\u00f1ada para facilitar su uso en cualquier dispositivo.<\/p>\n<p>El sensible e intuitivo interface presenta los controles fundamentales en formato claro y accesible, dejando en capas inferiores y bloqueables la disponibilidad de funciones de configuraci\u00f3n del sistema para integradores y administradores.<\/p>\n<p>Dispone de presets globales y espec\u00edficos para zonas, de activaci\u00f3n manual y programada, son f\u00e1cilmente configurables, y la configuraci\u00f3n completa del sistema se puede lograr a trav\u00e9s de WebApp con ducking integrado, ecualizadores, limitadores, enrutamiento avanzado de se\u00f1ales y mucho m\u00e1s.<\/p>\n<p>WebApp tambi\u00e9n permite guardar los archivos de configuraci\u00f3n de sistema de los productos de la serie Zone, de forma que puedan ser replicados f\u00e1cilmente en otras instalaciones.<\/p>\n<p>Alojada en la memoria de la serie Zone, no se requiere instalaci\u00f3n; simplemente abra un navegador en un smartphone, tableta u ordenador port\u00e1til, introduzca la direcci\u00f3n IP y podr\u00e1 acceder.<\/p>\n<p>&nbsp;<\/p>\n<ul>\n<li>Interface de usuario simple e intuitivo.<\/li>\n<li>Accesible a trav\u00e9s de navegador sobre cualquier dispositivo y plataforma.<\/li>\n<li>Control para todas las fuentes conectadas en todas las zonas.<\/li>\n<li>Presets y horarios para todas las rutinas diarias.<\/li>\n<li>Acceso a todas las funciones para la completa configuraci\u00f3n del sistema, incluyendo EQ, direccionamiento, ducking, limitaci\u00f3n y mucho m\u00e1s.<\/li>\n<li>Control de dispositivos de terceros mediante OSC a trav\u00e9s de Ethernet<\/li>\n<li>Integraci\u00f3n de streaming de m\u00fasica con dispositivos profesionales Bluesound<\/li>\n<li>Configuraci\u00f3n de cliente personalizable<\/li>\n<li>Generador de diagramas del sistema en la aplicaci\u00f3n<\/li>\n<li>Personalizaci\u00f3n de nombres para zonas y entradas.<\/li>\n<li>La WebApp de Optimal Audio da acceso al usuario final a la tecnolog\u00eda en la que se basa la Serie Zone.<\/li>\n<\/ul>\n","protected":false},"excerpt":{"rendered":"<h3>Aplicaci\u00f3n de control multiplataforma para la serie Zone<\/h3>\n<ul>\n<li>Interface de usuario simple e intuitivo.<\/li>\n<li>Accesible a trav\u00e9s de navegador sobre cualquier dispositivo y plataforma.<\/li>\n<li>Control para todas las fuentes conectadas en todas las zonas.<\/li>\n<li>Presets y horarios para todas las rutinas diarias.<\/li>\n<li>La WebApp de Optimal Audio da acceso al usuario final a la tecnolog\u00eda en la que se basa la Serie Zone.<\/li>\n<\/ul>\n","protected":false},"featured_media":23649,"template":"","meta":{"_acf_changed":false},"product_brand":[],"product_cat":[2278,2281,2282],"product_tag":[],"class_list":{"0":"post-23521","1":"product","2":"type-product","3":"status-publish","4":"has-post-thumbnail","6":"product_cat-controladores-optimal-audio","7":"product_cat-por-series-optimal-audio","8":"product_cat-serie-zone","9":"product_series-serie-zone","11":"first","12":"instock","13":"shipping-taxable","14":"product-type-simple"},"acf":[],"yoast_head":"<!-- This site is optimized with the Yoast SEO plugin v27.1.1 - https:\/\/yoast.com\/product\/yoast-seo-wordpress\/ -->\n<title>WebApp - Audio-Technica Iberia<\/title>\n<meta name=\"robots\" content=\"index, follow, max-snippet:-1, max-image-preview:large, max-video-preview:-1\" \/>\n<link rel=\"canonical\" href=\"https:\/\/distribution.audio-technica.eu\/es-es\/productos\/webapp\/\" \/>\n<meta property=\"og:locale\" content=\"es_ES\" \/>\n<meta property=\"og:type\" content=\"article\" \/>\n<meta property=\"og:title\" content=\"WebApp - Audio-Technica Iberia\" \/>\n<meta property=\"og:description\" content=\"Aplicaci\u00f3n de control multiplataforma para la serie Zone   Interface de usuario simple e intuitivo.  Accesible a trav\u00e9s de navegador sobre cualquier dispositivo y plataforma.  Control para todas las fuentes conectadas en todas las zonas.  Presets y horarios para todas las rutinas diarias.  La WebApp de Optimal Audio da acceso al usuario final a la tecnolog\u00eda en la que se basa la Serie Zone.\" \/>\n<meta property=\"og:url\" content=\"https:\/\/distribution.audio-technica.eu\/es-es\/productos\/webapp\/\" \/>\n<meta property=\"og:site_name\" content=\"Audio-Technica Iberia\" \/>\n<meta property=\"article:modified_time\" content=\"2026-02-19T14:01:10+00:00\" \/>\n<meta property=\"og:image\" content=\"https:\/\/distribution.audio-technica.eu\/app\/uploads\/sites\/2\/OA-WebApp-Mockup.jpg\" \/>\n\t<meta property=\"og:image:width\" content=\"2000\" \/>\n\t<meta property=\"og:image:height\" content=\"2000\" \/>\n\t<meta property=\"og:image:type\" content=\"image\/jpeg\" \/>\n<meta name=\"twitter:card\" content=\"summary_large_image\" \/>\n<meta name=\"twitter:label1\" content=\"Tiempo de lectura\" \/>\n\t<meta name=\"twitter:data1\" content=\"2 minutos\" \/>\n<script type=\"application\/ld+json\" class=\"yoast-schema-graph\">{\"@context\":\"https:\/\/schema.org\",\"@graph\":[{\"@type\":\"WebPage\",\"@id\":\"https:\/\/distribution.audio-technica.eu\/es-es\/productos\/webapp\/\",\"url\":\"https:\/\/distribution.audio-technica.eu\/es-es\/productos\/webapp\/\",\"name\":\"WebApp - Audio-Technica Iberia\",\"isPartOf\":{\"@id\":\"https:\/\/distribution.audio-technica.eu\/es-es\/#website\"},\"primaryImageOfPage\":{\"@id\":\"https:\/\/distribution.audio-technica.eu\/es-es\/productos\/webapp\/#primaryimage\"},\"image\":{\"@id\":\"https:\/\/distribution.audio-technica.eu\/es-es\/productos\/webapp\/#primaryimage\"},\"thumbnailUrl\":\"\/app\/uploads\/sites\/2\/OA-WebApp-Mockup.jpg\",\"datePublished\":\"2021-04-20T05:00:54+00:00\",\"dateModified\":\"2026-02-19T14:01:10+00:00\",\"breadcrumb\":{\"@id\":\"https:\/\/distribution.audio-technica.eu\/es-es\/productos\/webapp\/#breadcrumb\"},\"inLanguage\":\"es\",\"potentialAction\":[{\"@type\":\"ReadAction\",\"target\":[\"https:\/\/distribution.audio-technica.eu\/es-es\/productos\/webapp\/\"]}]},{\"@type\":\"ImageObject\",\"inLanguage\":\"es\",\"@id\":\"https:\/\/distribution.audio-technica.eu\/es-es\/productos\/webapp\/#primaryimage\",\"url\":\"\/app\/uploads\/sites\/2\/OA-WebApp-Mockup.jpg\",\"contentUrl\":\"\/app\/uploads\/sites\/2\/OA-WebApp-Mockup.jpg\",\"width\":2000,\"height\":2000},{\"@type\":\"BreadcrumbList\",\"@id\":\"https:\/\/distribution.audio-technica.eu\/es-es\/productos\/webapp\/#breadcrumb\",\"itemListElement\":[{\"@type\":\"ListItem\",\"position\":1,\"name\":\"Products\",\"item\":\"https:\/\/distribution.audio-technica.eu\/es-es\/\"},{\"@type\":\"ListItem\",\"position\":2,\"name\":\"Productos\",\"item\":\"https:\/\/distribution.audio-technica.eu\/es-es\/productos\/\"},{\"@type\":\"ListItem\",\"position\":3,\"name\":\"WebApp\"}]},{\"@type\":\"WebSite\",\"@id\":\"https:\/\/distribution.audio-technica.eu\/es-es\/#website\",\"url\":\"https:\/\/distribution.audio-technica.eu\/es-es\/\",\"name\":\"Audio-Technica Iberia\",\"description\":\"Distribuci\u00f3n\",\"potentialAction\":[{\"@type\":\"SearchAction\",\"target\":{\"@type\":\"EntryPoint\",\"urlTemplate\":\"https:\/\/distribution.audio-technica.eu\/es-es\/?s={search_term_string}\"},\"query-input\":{\"@type\":\"PropertyValueSpecification\",\"valueRequired\":true,\"valueName\":\"search_term_string\"}}],\"inLanguage\":\"es\"}]}<\/script>\n<!-- \/ Yoast SEO plugin. -->","yoast_head_json":{"title":"WebApp - Audio-Technica Iberia","robots":{"index":"index","follow":"follow","max-snippet":"max-snippet:-1","max-image-preview":"max-image-preview:large","max-video-preview":"max-video-preview:-1"},"canonical":"https:\/\/distribution.audio-technica.eu\/es-es\/productos\/webapp\/","og_locale":"es_ES","og_type":"article","og_title":"WebApp - Audio-Technica Iberia","og_description":"Aplicaci\u00f3n de control multiplataforma para la serie Zone   Interface de usuario simple e intuitivo.  Accesible a trav\u00e9s de navegador sobre cualquier dispositivo y plataforma.  Control para todas las fuentes conectadas en todas las zonas.  Presets y horarios para todas las rutinas diarias.  La WebApp de Optimal Audio da acceso al usuario final a la tecnolog\u00eda en la que se basa la Serie Zone.","og_url":"https:\/\/distribution.audio-technica.eu\/es-es\/productos\/webapp\/","og_site_name":"Audio-Technica Iberia","article_modified_time":"2026-02-19T14:01:10+00:00","og_image":[{"width":2000,"height":2000,"url":"https:\/\/distribution.audio-technica.eu\/app\/uploads\/sites\/2\/OA-WebApp-Mockup.jpg","type":"image\/jpeg"}],"twitter_card":"summary_large_image","twitter_misc":{"Tiempo de lectura":"2 minutos"},"schema":{"@context":"https:\/\/schema.org","@graph":[{"@type":"WebPage","@id":"https:\/\/distribution.audio-technica.eu\/es-es\/productos\/webapp\/","url":"https:\/\/distribution.audio-technica.eu\/es-es\/productos\/webapp\/","name":"WebApp - Audio-Technica Iberia","isPartOf":{"@id":"https:\/\/distribution.audio-technica.eu\/es-es\/#website"},"primaryImageOfPage":{"@id":"https:\/\/distribution.audio-technica.eu\/es-es\/productos\/webapp\/#primaryimage"},"image":{"@id":"https:\/\/distribution.audio-technica.eu\/es-es\/productos\/webapp\/#primaryimage"},"thumbnailUrl":"\/app\/uploads\/sites\/2\/OA-WebApp-Mockup.jpg","datePublished":"2021-04-20T05:00:54+00:00","dateModified":"2026-02-19T14:01:10+00:00","breadcrumb":{"@id":"https:\/\/distribution.audio-technica.eu\/es-es\/productos\/webapp\/#breadcrumb"},"inLanguage":"es","potentialAction":[{"@type":"ReadAction","target":["https:\/\/distribution.audio-technica.eu\/es-es\/productos\/webapp\/"]}]},{"@type":"ImageObject","inLanguage":"es","@id":"https:\/\/distribution.audio-technica.eu\/es-es\/productos\/webapp\/#primaryimage","url":"\/app\/uploads\/sites\/2\/OA-WebApp-Mockup.jpg","contentUrl":"\/app\/uploads\/sites\/2\/OA-WebApp-Mockup.jpg","width":2000,"height":2000},{"@type":"BreadcrumbList","@id":"https:\/\/distribution.audio-technica.eu\/es-es\/productos\/webapp\/#breadcrumb","itemListElement":[{"@type":"ListItem","position":1,"name":"Products","item":"https:\/\/distribution.audio-technica.eu\/es-es\/"},{"@type":"ListItem","position":2,"name":"Productos","item":"https:\/\/distribution.audio-technica.eu\/es-es\/productos\/"},{"@type":"ListItem","position":3,"name":"WebApp"}]},{"@type":"WebSite","@id":"https:\/\/distribution.audio-technica.eu\/es-es\/#website","url":"https:\/\/distribution.audio-technica.eu\/es-es\/","name":"Audio-Technica Iberia","description":"Distribuci\u00f3n","potentialAction":[{"@type":"SearchAction","target":{"@type":"EntryPoint","urlTemplate":"https:\/\/distribution.audio-technica.eu\/es-es\/?s={search_term_string}"},"query-input":{"@type":"PropertyValueSpecification","valueRequired":true,"valueName":"search_term_string"}}],"inLanguage":"es"}]}},"_links":{"self":[{"href":"https:\/\/distribution.audio-technica.eu\/es-es\/wp-json\/wp\/v2\/product\/23521","targetHints":{"allow":["GET"]}}],"collection":[{"href":"https:\/\/distribution.audio-technica.eu\/es-es\/wp-json\/wp\/v2\/product"}],"about":[{"href":"https:\/\/distribution.audio-technica.eu\/es-es\/wp-json\/wp\/v2\/types\/product"}],"wp:featuredmedia":[{"embeddable":true,"href":"https:\/\/distribution.audio-technica.eu\/es-es\/wp-json\/wp\/v2\/media\/23649"}],"wp:attachment":[{"href":"https:\/\/distribution.audio-technica.eu\/es-es\/wp-json\/wp\/v2\/media?parent=23521"}],"wp:term":[{"taxonomy":"product_brand","embeddable":true,"href":"https:\/\/distribution.audio-technica.eu\/es-es\/wp-json\/wp\/v2\/product_brand?post=23521"},{"taxonomy":"product_cat","embeddable":true,"href":"https:\/\/distribution.audio-technica.eu\/es-es\/wp-json\/wp\/v2\/product_cat?post=23521"},{"taxonomy":"product_tag","embeddable":true,"href":"https:\/\/distribution.audio-technica.eu\/es-es\/wp-json\/wp\/v2\/product_tag?post=23521"}],"curies":[{"name":"wp","href":"https:\/\/api.w.org\/{rel}","templated":true}]}}