{"id":23523,"date":"2021-04-20T07:00:15","date_gmt":"2021-04-20T05:00:15","guid":{"rendered":"https:\/\/atdb-production.studiograft.dev\/es\/?post_type=product&#038;p=23523"},"modified":"2026-02-19T14:53:19","modified_gmt":"2026-02-19T13:53:19","slug":"smartamp-20","status":"publish","type":"product","link":"https:\/\/distribution.audio-technica.eu\/es-es\/productos\/smartamp-20\/","title":{"rendered":"SmartAmp 20"},"content":{"rendered":"<h2>SmartAmp 20<\/h2>\n<h3>Amplificador 4 x 125W con DSP<\/h3>\n<p>SmartAmp 20 es un amplificador equipado con un Procesador Digital de Se\u00f1al (DSP) interno, creado especialmente para optimizar el rendimiento de la gama de altavoces de Optimal Audio.<\/p>\n<p>Este amplificador de potencia de cuatro canales puede manejar tanto altavoces convencionales de baja impedancia, como altavoces de l\u00ednea de 70 V &#8211; 100 V. Los presets DSP internos para los altavoces Optimal Audio se seleccionan mediante conmutadores situados en la parte posterior del amplificador, y permiten aplicar la configuraci\u00f3n adecuada de ecualizaci\u00f3n y protecci\u00f3n contra sobrecargas.<\/p>\n<p>El eficiente formato de medio rack de 19&#8243;, 1U, permite montar dos unidades juntas, con otro amplificador SmartAmp 10 o SmartAmp 20, permitiendo disponer de hasta 8 canales en un espacio de 1U.<\/p>\n<p>SmartAmp 20 es capaz de entregar un m\u00e1ximo de 250W de salida compartidos entre cada par de canales. Esto permite que SmartAmp 20 entregue de manera flexible la energ\u00eda requerida para cada par de canales, dependiendo de los requisitos del sistema. Por ejemplo, si un canal solo usa 20W de potencia para los altavoces Up, el otro canal del par podr\u00eda entregar los 230W restantes de potencia para una aplicaci\u00f3n m\u00e1s exigente.<\/p>\n<p>SmartAmp es una serie de amplificadores equipados con DSP, de precio muy competitivo para el mercado comercial, y que complementan nuestra oferta de altavoces y unidades de control.<\/p>\n<p>Una oferta principal formada por tres amplificadores multicanal de voltaje constante, que disponen de 16 configuraciones DSP para obtener el m\u00e1ximo rendimiento de los altavoces Optimal Audio. La gran flexibilidad en su configuraci\u00f3n convierte a los SmartAmp en la elecci\u00f3n natural para proyectos de instalaci\u00f3n.<\/p>\n<p>&nbsp;<\/p>\n<p><strong>Caracter\u00edsticas Principales<\/strong><\/p>\n<ul>\n<li>Puede ser configurado para manejar cargas de altavoces de 4\u2126-16\u2126 y l\u00ednea de 70V-100V<\/li>\n<li>125 W por canal sobre cargas de altavoces de 4\u2126-16\u2126 y l\u00ednea de 70V-100V<\/li>\n<li>La tecnolog\u00eda de potencia compartida permite obtener hasta 250 W desde dos pares de canales<\/li>\n<li>Formato de medio rack, que ahorra espacio; puede ser montado en rack o utilizado en modo sobremesa<\/li>\n<li>Procesado de se\u00f1al integral para hasta 31 modelos de altavoces de Optimal Audio<\/li>\n<\/ul>\n<p>&nbsp;<\/p>\n<p><strong>Aplicaciones<\/strong><\/p>\n<p>Caf\u00e9s, bares\/restaurantes, comercios, salas para banquetes, hoteles, educaci\u00f3n, templos, oficinas corporativas, museos, gimnasios, residencial<\/p>\n","protected":false},"excerpt":{"rendered":"<h3>Amplificador 4 x 125W con DSP<\/h3>\n<ul>\n<li>Puede ser configurado para manejar cargas de altavoces de 4\u2126-16\u2126 y l\u00ednea de 70V-100V<\/li>\n<li>125 W por canal sobre cargas de altavoces de 4\u2126-16\u2126 y l\u00ednea de 70V-100V<\/li>\n<li>La tecnolog\u00eda de potencia compartida permite obtener hasta 250 W desde dos pares de canales<\/li>\n<li>Formato de medio rack, que ahorra espacio; puede ser montado en rack o utilizado en modo sobremesa<\/li>\n<li>Procesado de se\u00f1al integral para hasta 31 modelos de altavoces de Optimal Audio<\/li>\n<\/ul>\n<p>&nbsp;<\/p>\n","protected":false},"featured_media":23665,"template":"","meta":{"_acf_changed":false},"product_brand":[],"product_cat":[2279,2281,2285],"product_tag":[],"class_list":{"0":"post-23523","1":"product","2":"type-product","3":"status-publish","4":"has-post-thumbnail","6":"product_cat-amplificadores-optimal-audio","7":"product_cat-por-series-optimal-audio","8":"product_cat-serie-smartamp","9":"product_series-serie-smartamp","11":"first","12":"instock","13":"shipping-taxable","14":"product-type-simple"},"acf":[],"yoast_head":"<!-- This site is optimized with the Yoast SEO plugin v27.1.1 - https:\/\/yoast.com\/product\/yoast-seo-wordpress\/ -->\n<title>SmartAmp 20 - Audio-Technica Iberia<\/title>\n<meta name=\"robots\" content=\"index, follow, max-snippet:-1, max-image-preview:large, max-video-preview:-1\" \/>\n<link rel=\"canonical\" href=\"https:\/\/distribution.audio-technica.eu\/es-es\/productos\/smartamp-20\/\" \/>\n<meta property=\"og:locale\" content=\"es_ES\" \/>\n<meta property=\"og:type\" content=\"article\" \/>\n<meta property=\"og:title\" content=\"SmartAmp 20 - Audio-Technica Iberia\" \/>\n<meta property=\"og:description\" content=\"Amplificador 4 x 125W con DSP   Puede ser configurado para manejar cargas de altavoces de 4\u2126-16\u2126 y l\u00ednea de 70V-100V  125 W por canal sobre cargas de altavoces de 4\u2126-16\u2126 y l\u00ednea de 70V-100V  La tecnolog\u00eda de potencia compartida permite obtener hasta 250 W desde dos pares de canales  Formato de medio rack, que ahorra espacio; puede ser montado en rack o utilizado en modo sobremesa  Procesado de se\u00f1al integral para hasta 31 modelos de altavoces de Optimal Audio  &nbsp;\" \/>\n<meta property=\"og:url\" content=\"https:\/\/distribution.audio-technica.eu\/es-es\/productos\/smartamp-20\/\" \/>\n<meta property=\"og:site_name\" content=\"Audio-Technica Iberia\" \/>\n<meta property=\"article:modified_time\" content=\"2026-02-19T13:53:19+00:00\" \/>\n<meta property=\"og:image\" content=\"https:\/\/distribution.audio-technica.eu\/app\/uploads\/sites\/2\/OA-SmartAmp-20-Front-Angle-Cutout.jpg\" \/>\n\t<meta property=\"og:image:width\" content=\"2000\" \/>\n\t<meta property=\"og:image:height\" content=\"2000\" \/>\n\t<meta property=\"og:image:type\" content=\"image\/jpeg\" \/>\n<meta name=\"twitter:card\" content=\"summary_large_image\" \/>\n<meta name=\"twitter:label1\" content=\"Tiempo de lectura\" \/>\n\t<meta name=\"twitter:data1\" content=\"2 minutos\" \/>\n<script type=\"application\/ld+json\" class=\"yoast-schema-graph\">{\"@context\":\"https:\/\/schema.org\",\"@graph\":[{\"@type\":\"WebPage\",\"@id\":\"https:\/\/distribution.audio-technica.eu\/es-es\/productos\/smartamp-20\/\",\"url\":\"https:\/\/distribution.audio-technica.eu\/es-es\/productos\/smartamp-20\/\",\"name\":\"SmartAmp 20 - Audio-Technica Iberia\",\"isPartOf\":{\"@id\":\"https:\/\/distribution.audio-technica.eu\/es-es\/#website\"},\"primaryImageOfPage\":{\"@id\":\"https:\/\/distribution.audio-technica.eu\/es-es\/productos\/smartamp-20\/#primaryimage\"},\"image\":{\"@id\":\"https:\/\/distribution.audio-technica.eu\/es-es\/productos\/smartamp-20\/#primaryimage\"},\"thumbnailUrl\":\"\/app\/uploads\/sites\/2\/OA-SmartAmp-20-Front-Angle-Cutout.jpg\",\"datePublished\":\"2021-04-20T05:00:15+00:00\",\"dateModified\":\"2026-02-19T13:53:19+00:00\",\"breadcrumb\":{\"@id\":\"https:\/\/distribution.audio-technica.eu\/es-es\/productos\/smartamp-20\/#breadcrumb\"},\"inLanguage\":\"es\",\"potentialAction\":[{\"@type\":\"ReadAction\",\"target\":[\"https:\/\/distribution.audio-technica.eu\/es-es\/productos\/smartamp-20\/\"]}]},{\"@type\":\"ImageObject\",\"inLanguage\":\"es\",\"@id\":\"https:\/\/distribution.audio-technica.eu\/es-es\/productos\/smartamp-20\/#primaryimage\",\"url\":\"\/app\/uploads\/sites\/2\/OA-SmartAmp-20-Front-Angle-Cutout.jpg\",\"contentUrl\":\"\/app\/uploads\/sites\/2\/OA-SmartAmp-20-Front-Angle-Cutout.jpg\",\"width\":2000,\"height\":2000},{\"@type\":\"BreadcrumbList\",\"@id\":\"https:\/\/distribution.audio-technica.eu\/es-es\/productos\/smartamp-20\/#breadcrumb\",\"itemListElement\":[{\"@type\":\"ListItem\",\"position\":1,\"name\":\"Products\",\"item\":\"https:\/\/distribution.audio-technica.eu\/es-es\/\"},{\"@type\":\"ListItem\",\"position\":2,\"name\":\"Productos\",\"item\":\"https:\/\/distribution.audio-technica.eu\/es-es\/productos\/\"},{\"@type\":\"ListItem\",\"position\":3,\"name\":\"SmartAmp 20\"}]},{\"@type\":\"WebSite\",\"@id\":\"https:\/\/distribution.audio-technica.eu\/es-es\/#website\",\"url\":\"https:\/\/distribution.audio-technica.eu\/es-es\/\",\"name\":\"Audio-Technica Iberia\",\"description\":\"Distribuci\u00f3n\",\"potentialAction\":[{\"@type\":\"SearchAction\",\"target\":{\"@type\":\"EntryPoint\",\"urlTemplate\":\"https:\/\/distribution.audio-technica.eu\/es-es\/?s={search_term_string}\"},\"query-input\":{\"@type\":\"PropertyValueSpecification\",\"valueRequired\":true,\"valueName\":\"search_term_string\"}}],\"inLanguage\":\"es\"}]}<\/script>\n<!-- \/ Yoast SEO plugin. -->","yoast_head_json":{"title":"SmartAmp 20 - Audio-Technica Iberia","robots":{"index":"index","follow":"follow","max-snippet":"max-snippet:-1","max-image-preview":"max-image-preview:large","max-video-preview":"max-video-preview:-1"},"canonical":"https:\/\/distribution.audio-technica.eu\/es-es\/productos\/smartamp-20\/","og_locale":"es_ES","og_type":"article","og_title":"SmartAmp 20 - Audio-Technica Iberia","og_description":"Amplificador 4 x 125W con DSP   Puede ser configurado para manejar cargas de altavoces de 4\u2126-16\u2126 y l\u00ednea de 70V-100V  125 W por canal sobre cargas de altavoces de 4\u2126-16\u2126 y l\u00ednea de 70V-100V  La tecnolog\u00eda de potencia compartida permite obtener hasta 250 W desde dos pares de canales  Formato de medio rack, que ahorra espacio; puede ser montado en rack o utilizado en modo sobremesa  Procesado de se\u00f1al integral para hasta 31 modelos de altavoces de Optimal Audio  &nbsp;","og_url":"https:\/\/distribution.audio-technica.eu\/es-es\/productos\/smartamp-20\/","og_site_name":"Audio-Technica Iberia","article_modified_time":"2026-02-19T13:53:19+00:00","og_image":[{"width":2000,"height":2000,"url":"https:\/\/distribution.audio-technica.eu\/app\/uploads\/sites\/2\/OA-SmartAmp-20-Front-Angle-Cutout.jpg","type":"image\/jpeg"}],"twitter_card":"summary_large_image","twitter_misc":{"Tiempo de lectura":"2 minutos"},"schema":{"@context":"https:\/\/schema.org","@graph":[{"@type":"WebPage","@id":"https:\/\/distribution.audio-technica.eu\/es-es\/productos\/smartamp-20\/","url":"https:\/\/distribution.audio-technica.eu\/es-es\/productos\/smartamp-20\/","name":"SmartAmp 20 - Audio-Technica Iberia","isPartOf":{"@id":"https:\/\/distribution.audio-technica.eu\/es-es\/#website"},"primaryImageOfPage":{"@id":"https:\/\/distribution.audio-technica.eu\/es-es\/productos\/smartamp-20\/#primaryimage"},"image":{"@id":"https:\/\/distribution.audio-technica.eu\/es-es\/productos\/smartamp-20\/#primaryimage"},"thumbnailUrl":"\/app\/uploads\/sites\/2\/OA-SmartAmp-20-Front-Angle-Cutout.jpg","datePublished":"2021-04-20T05:00:15+00:00","dateModified":"2026-02-19T13:53:19+00:00","breadcrumb":{"@id":"https:\/\/distribution.audio-technica.eu\/es-es\/productos\/smartamp-20\/#breadcrumb"},"inLanguage":"es","potentialAction":[{"@type":"ReadAction","target":["https:\/\/distribution.audio-technica.eu\/es-es\/productos\/smartamp-20\/"]}]},{"@type":"ImageObject","inLanguage":"es","@id":"https:\/\/distribution.audio-technica.eu\/es-es\/productos\/smartamp-20\/#primaryimage","url":"\/app\/uploads\/sites\/2\/OA-SmartAmp-20-Front-Angle-Cutout.jpg","contentUrl":"\/app\/uploads\/sites\/2\/OA-SmartAmp-20-Front-Angle-Cutout.jpg","width":2000,"height":2000},{"@type":"BreadcrumbList","@id":"https:\/\/distribution.audio-technica.eu\/es-es\/productos\/smartamp-20\/#breadcrumb","itemListElement":[{"@type":"ListItem","position":1,"name":"Products","item":"https:\/\/distribution.audio-technica.eu\/es-es\/"},{"@type":"ListItem","position":2,"name":"Productos","item":"https:\/\/distribution.audio-technica.eu\/es-es\/productos\/"},{"@type":"ListItem","position":3,"name":"SmartAmp 20"}]},{"@type":"WebSite","@id":"https:\/\/distribution.audio-technica.eu\/es-es\/#website","url":"https:\/\/distribution.audio-technica.eu\/es-es\/","name":"Audio-Technica Iberia","description":"Distribuci\u00f3n","potentialAction":[{"@type":"SearchAction","target":{"@type":"EntryPoint","urlTemplate":"https:\/\/distribution.audio-technica.eu\/es-es\/?s={search_term_string}"},"query-input":{"@type":"PropertyValueSpecification","valueRequired":true,"valueName":"search_term_string"}}],"inLanguage":"es"}]}},"_links":{"self":[{"href":"https:\/\/distribution.audio-technica.eu\/es-es\/wp-json\/wp\/v2\/product\/23523","targetHints":{"allow":["GET"]}}],"collection":[{"href":"https:\/\/distribution.audio-technica.eu\/es-es\/wp-json\/wp\/v2\/product"}],"about":[{"href":"https:\/\/distribution.audio-technica.eu\/es-es\/wp-json\/wp\/v2\/types\/product"}],"wp:featuredmedia":[{"embeddable":true,"href":"https:\/\/distribution.audio-technica.eu\/es-es\/wp-json\/wp\/v2\/media\/23665"}],"wp:attachment":[{"href":"https:\/\/distribution.audio-technica.eu\/es-es\/wp-json\/wp\/v2\/media?parent=23523"}],"wp:term":[{"taxonomy":"product_brand","embeddable":true,"href":"https:\/\/distribution.audio-technica.eu\/es-es\/wp-json\/wp\/v2\/product_brand?post=23523"},{"taxonomy":"product_cat","embeddable":true,"href":"https:\/\/distribution.audio-technica.eu\/es-es\/wp-json\/wp\/v2\/product_cat?post=23523"},{"taxonomy":"product_tag","embeddable":true,"href":"https:\/\/distribution.audio-technica.eu\/es-es\/wp-json\/wp\/v2\/product_tag?post=23523"}],"curies":[{"name":"wp","href":"https:\/\/api.w.org\/{rel}","templated":true}]}}