{"id":23527,"date":"2021-04-20T07:00:17","date_gmt":"2021-04-20T05:00:17","guid":{"rendered":"https:\/\/atdb-production.studiograft.dev\/es\/?post_type=product&#038;p=23527"},"modified":"2026-02-19T14:41:25","modified_gmt":"2026-02-19T13:41:25","slug":"cuboid-12","status":"publish","type":"product","link":"https:\/\/distribution.audio-technica.eu\/es-es\/productos\/cuboid-12\/","title":{"rendered":"Cuboid 12"},"content":{"rendered":"<h2>Cuboid 12<\/h2>\n<h3>Recinto ac\u00fastico pasivo dos v\u00edas, 12&#8243;, gama completa<\/h3>\n<p>Cuboid 12 es un recinto ac\u00fastico pasivo de dos v\u00edas, 12&#8243;, dise\u00f1ado para ofrecer el m\u00e1ximo rendimiento. En aplicaciones en las que se requiere una potencia y rendimiento extra, proporcionar\u00e1 sin esfuerzo un sonido rico y detallado, con pegada y precisi\u00f3n.<\/p>\n<p>Gracias a su rejilla de acero y hardware opcional de montaje, el recinto profesional Cuboid 12 puede ser instalado tanto con orientaci\u00f3n vertical como horizontal, ofreciendo una instalaci\u00f3n flexible y simple.<\/p>\n<p>Cuboid 12 incorpora un transductor de graves (LF) de 12&#8243; (300mm), para proporcionar m\u00e1s graves y medios, y un transductor de agudos (HF) de compresi\u00f3n de 1&#8243; (25mm), que aporta claridad a las voces y proyecci\u00f3n a las frecuencias altas. La secci\u00f3n HF proporciona una cobertura coherente en cualquier plano, gracias a la presencia de una bocina rotable. Con un SPL pico de 129 dB, Cuboid 12 puede ser hasta dos veces m\u00e1s sonoro que Cuboid 10, proporcionando un rendimiento y un valor impresionantes.<\/p>\n<p>Para reforzar el rendimiento en graves, puede ser combinado con la unidad Sub 15. Cuando se combina con la serie Zone, una unidad ZonePad y la WebApp, har\u00e1n posible que los ajustes y el control por parte del usuario final sean simples e intuitivos.<\/p>\n<p>Cuboid es una serie de recintos ac\u00fasticos pasivos de gama completa, dos v\u00edas, dise\u00f1ados para proyecci\u00f3n del sonido a distancias cortas y medias, que proporcionan un sonido rico y detallado, con pegada y precisi\u00f3n, a un precio muy competitivo.<\/p>\n<p>Con versiones de 8&#8243;, 10&#8243;, 12&#8243; y 15&#8243;, un recinto de madera y una rejilla de acero, proporcionan un aspecto muy profesional; pueden ser montados en orientaci\u00f3n vertical u horizontal, con la ayuda de flexibles accesorios de montaje, proporcionando una instalaci\u00f3n limpia y sencilla.<\/p>\n<p>Todos los recintos ac\u00fasticos proporcionan unos graves y medios impresionantes, con claridad en las voces y proyecci\u00f3n en los agudos. Presentan una cobertura uniforme en cualquier plano gracias a su bocina rotable por el usuario.<\/p>\n<p>Para obtener un mejor rendimiento en graves, pueden combinarse con las series Sub, mientras que la serie SmartAmp proporcionar\u00e1 ajustes \u00f3ptimos en el sonido, as\u00ed como limitadores para proteger los transductores cuando el sonido es reproducido a niveles muy elevados. Adem\u00e1s, una unidad ZonePad y la WebApp permitir\u00e1n que los ajustes y el control por parte del usuario final sean simples e intuitivos.<\/p>\n<p>&nbsp;<\/p>\n<p><strong>Caracter\u00edsticas Principales<\/strong><\/p>\n<ul>\n<li>Opci\u00f3n de montaje con orientaci\u00f3n vertical u horizontal<\/li>\n<li>Bocina de agudos rotable<\/li>\n<li>Respuesta en frecuencia: 62Hz &#8211; 20kHz<\/li>\n<li>SPL m\u00e1ximo: 126 dB (continuos), 129 dB (pico)<\/li>\n<li>Cobertura: 80\u00b0 horizontal x 50\u00b0 vertical<\/li>\n<\/ul>\n<p>&nbsp;<\/p>\n<p><strong>Aplicaciones<\/strong><\/p>\n<p>Bares\/restaurantes, salas para banquetes, hoteles, centros educativos, templos, gimnasios<\/p>\n","protected":false},"excerpt":{"rendered":"<h3>Recinto ac\u00fastico pasivo dos v\u00edas, 12&#8243;, gama completa<\/h3>\n<ul>\n<li>Opci\u00f3n de montaje con orientaci\u00f3n vertical u horizontal<\/li>\n<li>Bocina de agudos rotable<\/li>\n<li>Respuesta en frecuencia: 62Hz &#8211; 20kHz<\/li>\n<li>SPL m\u00e1ximo: 126 dB (continuos), 129 dB (pico)<\/li>\n<li>Cobertura: 80\u00b0 horizontal x 50\u00b0 vertical<\/li>\n<\/ul>\n<p>&nbsp;<\/p>\n","protected":false},"featured_media":23643,"template":"","meta":{"_acf_changed":false},"product_brand":[],"product_cat":[2280,2281,2286],"product_tag":[],"class_list":{"0":"post-23527","1":"product","2":"type-product","3":"status-publish","4":"has-post-thumbnail","6":"product_cat-recintos-acusticos-optimal-audio","7":"product_cat-por-series-optimal-audio","8":"product_cat-serie-cuboid","9":"product_series-serie-cuboid","11":"first","12":"instock","13":"shipping-taxable","14":"product-type-simple"},"acf":[],"yoast_head":"<!-- This site is optimized with the Yoast SEO plugin v27.1.1 - https:\/\/yoast.com\/product\/yoast-seo-wordpress\/ -->\n<title>Cuboid 12 - Audio-Technica Iberia<\/title>\n<meta name=\"robots\" content=\"index, follow, max-snippet:-1, max-image-preview:large, max-video-preview:-1\" \/>\n<link rel=\"canonical\" href=\"https:\/\/distribution.audio-technica.eu\/es-es\/productos\/cuboid-12\/\" \/>\n<meta property=\"og:locale\" content=\"es_ES\" \/>\n<meta property=\"og:type\" content=\"article\" \/>\n<meta property=\"og:title\" content=\"Cuboid 12 - Audio-Technica Iberia\" \/>\n<meta property=\"og:description\" content=\"Recinto ac\u00fastico pasivo dos v\u00edas, 12&quot;, gama completa   Opci\u00f3n de montaje con orientaci\u00f3n vertical u horizontal  Bocina de agudos rotable  Respuesta en frecuencia: 62Hz - 20kHz  SPL m\u00e1ximo: 126 dB (continuos), 129 dB (pico)  Cobertura: 80\u00b0 horizontal x 50\u00b0 vertical  &nbsp;\" \/>\n<meta property=\"og:url\" content=\"https:\/\/distribution.audio-technica.eu\/es-es\/productos\/cuboid-12\/\" \/>\n<meta property=\"og:site_name\" content=\"Audio-Technica Iberia\" \/>\n<meta property=\"article:modified_time\" content=\"2026-02-19T13:41:25+00:00\" \/>\n<meta property=\"og:image\" content=\"https:\/\/distribution.audio-technica.eu\/app\/uploads\/sites\/2\/OA-Cuboid-12-Front-Cutout.jpg\" \/>\n\t<meta property=\"og:image:width\" content=\"2000\" \/>\n\t<meta property=\"og:image:height\" content=\"2000\" \/>\n\t<meta property=\"og:image:type\" content=\"image\/jpeg\" \/>\n<meta name=\"twitter:card\" content=\"summary_large_image\" \/>\n<meta name=\"twitter:label1\" content=\"Tiempo de lectura\" \/>\n\t<meta name=\"twitter:data1\" content=\"3 minutos\" \/>\n<script type=\"application\/ld+json\" class=\"yoast-schema-graph\">{\"@context\":\"https:\/\/schema.org\",\"@graph\":[{\"@type\":\"WebPage\",\"@id\":\"https:\/\/distribution.audio-technica.eu\/es-es\/productos\/cuboid-12\/\",\"url\":\"https:\/\/distribution.audio-technica.eu\/es-es\/productos\/cuboid-12\/\",\"name\":\"Cuboid 12 - Audio-Technica Iberia\",\"isPartOf\":{\"@id\":\"https:\/\/distribution.audio-technica.eu\/es-es\/#website\"},\"primaryImageOfPage\":{\"@id\":\"https:\/\/distribution.audio-technica.eu\/es-es\/productos\/cuboid-12\/#primaryimage\"},\"image\":{\"@id\":\"https:\/\/distribution.audio-technica.eu\/es-es\/productos\/cuboid-12\/#primaryimage\"},\"thumbnailUrl\":\"\/app\/uploads\/sites\/2\/OA-Cuboid-12-Front-Cutout.jpg\",\"datePublished\":\"2021-04-20T05:00:17+00:00\",\"dateModified\":\"2026-02-19T13:41:25+00:00\",\"breadcrumb\":{\"@id\":\"https:\/\/distribution.audio-technica.eu\/es-es\/productos\/cuboid-12\/#breadcrumb\"},\"inLanguage\":\"es\",\"potentialAction\":[{\"@type\":\"ReadAction\",\"target\":[\"https:\/\/distribution.audio-technica.eu\/es-es\/productos\/cuboid-12\/\"]}]},{\"@type\":\"ImageObject\",\"inLanguage\":\"es\",\"@id\":\"https:\/\/distribution.audio-technica.eu\/es-es\/productos\/cuboid-12\/#primaryimage\",\"url\":\"\/app\/uploads\/sites\/2\/OA-Cuboid-12-Front-Cutout.jpg\",\"contentUrl\":\"\/app\/uploads\/sites\/2\/OA-Cuboid-12-Front-Cutout.jpg\",\"width\":2000,\"height\":2000},{\"@type\":\"BreadcrumbList\",\"@id\":\"https:\/\/distribution.audio-technica.eu\/es-es\/productos\/cuboid-12\/#breadcrumb\",\"itemListElement\":[{\"@type\":\"ListItem\",\"position\":1,\"name\":\"Products\",\"item\":\"https:\/\/distribution.audio-technica.eu\/es-es\/\"},{\"@type\":\"ListItem\",\"position\":2,\"name\":\"Productos\",\"item\":\"https:\/\/distribution.audio-technica.eu\/es-es\/productos\/\"},{\"@type\":\"ListItem\",\"position\":3,\"name\":\"Cuboid 12\"}]},{\"@type\":\"WebSite\",\"@id\":\"https:\/\/distribution.audio-technica.eu\/es-es\/#website\",\"url\":\"https:\/\/distribution.audio-technica.eu\/es-es\/\",\"name\":\"Audio-Technica Iberia\",\"description\":\"Distribuci\u00f3n\",\"potentialAction\":[{\"@type\":\"SearchAction\",\"target\":{\"@type\":\"EntryPoint\",\"urlTemplate\":\"https:\/\/distribution.audio-technica.eu\/es-es\/?s={search_term_string}\"},\"query-input\":{\"@type\":\"PropertyValueSpecification\",\"valueRequired\":true,\"valueName\":\"search_term_string\"}}],\"inLanguage\":\"es\"}]}<\/script>\n<!-- \/ Yoast SEO plugin. -->","yoast_head_json":{"title":"Cuboid 12 - Audio-Technica Iberia","robots":{"index":"index","follow":"follow","max-snippet":"max-snippet:-1","max-image-preview":"max-image-preview:large","max-video-preview":"max-video-preview:-1"},"canonical":"https:\/\/distribution.audio-technica.eu\/es-es\/productos\/cuboid-12\/","og_locale":"es_ES","og_type":"article","og_title":"Cuboid 12 - Audio-Technica Iberia","og_description":"Recinto ac\u00fastico pasivo dos v\u00edas, 12\", gama completa   Opci\u00f3n de montaje con orientaci\u00f3n vertical u horizontal  Bocina de agudos rotable  Respuesta en frecuencia: 62Hz - 20kHz  SPL m\u00e1ximo: 126 dB (continuos), 129 dB (pico)  Cobertura: 80\u00b0 horizontal x 50\u00b0 vertical  &nbsp;","og_url":"https:\/\/distribution.audio-technica.eu\/es-es\/productos\/cuboid-12\/","og_site_name":"Audio-Technica Iberia","article_modified_time":"2026-02-19T13:41:25+00:00","og_image":[{"width":2000,"height":2000,"url":"https:\/\/distribution.audio-technica.eu\/app\/uploads\/sites\/2\/OA-Cuboid-12-Front-Cutout.jpg","type":"image\/jpeg"}],"twitter_card":"summary_large_image","twitter_misc":{"Tiempo de lectura":"3 minutos"},"schema":{"@context":"https:\/\/schema.org","@graph":[{"@type":"WebPage","@id":"https:\/\/distribution.audio-technica.eu\/es-es\/productos\/cuboid-12\/","url":"https:\/\/distribution.audio-technica.eu\/es-es\/productos\/cuboid-12\/","name":"Cuboid 12 - Audio-Technica Iberia","isPartOf":{"@id":"https:\/\/distribution.audio-technica.eu\/es-es\/#website"},"primaryImageOfPage":{"@id":"https:\/\/distribution.audio-technica.eu\/es-es\/productos\/cuboid-12\/#primaryimage"},"image":{"@id":"https:\/\/distribution.audio-technica.eu\/es-es\/productos\/cuboid-12\/#primaryimage"},"thumbnailUrl":"\/app\/uploads\/sites\/2\/OA-Cuboid-12-Front-Cutout.jpg","datePublished":"2021-04-20T05:00:17+00:00","dateModified":"2026-02-19T13:41:25+00:00","breadcrumb":{"@id":"https:\/\/distribution.audio-technica.eu\/es-es\/productos\/cuboid-12\/#breadcrumb"},"inLanguage":"es","potentialAction":[{"@type":"ReadAction","target":["https:\/\/distribution.audio-technica.eu\/es-es\/productos\/cuboid-12\/"]}]},{"@type":"ImageObject","inLanguage":"es","@id":"https:\/\/distribution.audio-technica.eu\/es-es\/productos\/cuboid-12\/#primaryimage","url":"\/app\/uploads\/sites\/2\/OA-Cuboid-12-Front-Cutout.jpg","contentUrl":"\/app\/uploads\/sites\/2\/OA-Cuboid-12-Front-Cutout.jpg","width":2000,"height":2000},{"@type":"BreadcrumbList","@id":"https:\/\/distribution.audio-technica.eu\/es-es\/productos\/cuboid-12\/#breadcrumb","itemListElement":[{"@type":"ListItem","position":1,"name":"Products","item":"https:\/\/distribution.audio-technica.eu\/es-es\/"},{"@type":"ListItem","position":2,"name":"Productos","item":"https:\/\/distribution.audio-technica.eu\/es-es\/productos\/"},{"@type":"ListItem","position":3,"name":"Cuboid 12"}]},{"@type":"WebSite","@id":"https:\/\/distribution.audio-technica.eu\/es-es\/#website","url":"https:\/\/distribution.audio-technica.eu\/es-es\/","name":"Audio-Technica Iberia","description":"Distribuci\u00f3n","potentialAction":[{"@type":"SearchAction","target":{"@type":"EntryPoint","urlTemplate":"https:\/\/distribution.audio-technica.eu\/es-es\/?s={search_term_string}"},"query-input":{"@type":"PropertyValueSpecification","valueRequired":true,"valueName":"search_term_string"}}],"inLanguage":"es"}]}},"_links":{"self":[{"href":"https:\/\/distribution.audio-technica.eu\/es-es\/wp-json\/wp\/v2\/product\/23527","targetHints":{"allow":["GET"]}}],"collection":[{"href":"https:\/\/distribution.audio-technica.eu\/es-es\/wp-json\/wp\/v2\/product"}],"about":[{"href":"https:\/\/distribution.audio-technica.eu\/es-es\/wp-json\/wp\/v2\/types\/product"}],"wp:featuredmedia":[{"embeddable":true,"href":"https:\/\/distribution.audio-technica.eu\/es-es\/wp-json\/wp\/v2\/media\/23643"}],"wp:attachment":[{"href":"https:\/\/distribution.audio-technica.eu\/es-es\/wp-json\/wp\/v2\/media?parent=23527"}],"wp:term":[{"taxonomy":"product_brand","embeddable":true,"href":"https:\/\/distribution.audio-technica.eu\/es-es\/wp-json\/wp\/v2\/product_brand?post=23527"},{"taxonomy":"product_cat","embeddable":true,"href":"https:\/\/distribution.audio-technica.eu\/es-es\/wp-json\/wp\/v2\/product_cat?post=23527"},{"taxonomy":"product_tag","embeddable":true,"href":"https:\/\/distribution.audio-technica.eu\/es-es\/wp-json\/wp\/v2\/product_tag?post=23527"}],"curies":[{"name":"wp","href":"https:\/\/api.w.org\/{rel}","templated":true}]}}